{"id":46968,"date":"2024-07-17T09:45:15","date_gmt":"2024-07-17T07:45:15","guid":{"rendered":"https:\/\/www.comosoft.eu\/faq\/"},"modified":"2024-07-17T09:54:22","modified_gmt":"2024-07-17T07:54:22","slug":"faq","status":"publish","type":"page","link":"https:\/\/www.comosoft.eu\/fr\/faq\/","title":{"rendered":"FAQ"},"content":{"rendered":"<div class=\"wpb-content-wrapper\"><p>[vc_row][vc_column width=&#8221;1\/1&#8243;][vc_custom_heading]Trouvez la bonne r\u00e9ponse dans notre FAQ[\/vc_custom_heading][vc_accordion][vc_accordion_tab title=&#8221;Comment LAGO rend-il mes processus plus efficaces ?&#8221; tab_id=&#8221;f58754ce-c80b-8&#8243;][vc_column_text]LAGO combine tous les r\u00f4les du marketing produit, de l&#8217;achat \u00e0 la production de m\u00e9dias en passant par la gestion des produits, en un seul syst\u00e8me. Toutes les images, les informations sur les produits et les actifs marketing sont centralis\u00e9s. Les modifications des donn\u00e9es, des images ou des actifs sont effectu\u00e9es \u00e0 un endroit central et peuvent \u00eatre reprises de l\u00e0 dans tous les m\u00e9dias. Les fiches de donn\u00e9es, les bases de donn\u00e9es multiples et les t\u00e2ches redondantes sont supprim\u00e9es. Ainsi, l&#8217;ensemble du processus est plus s\u00fbr et plus rapide.[\/vc_column_text][\/vc_accordion_tab][vc_accordion_tab title=&#8221;LAGO fonctionnera-t-il avec mes syst\u00e8mes existants tels que PIM, DAM ou autres ?&#8221; tab_id=&#8221;16c4097a-4043-4&#8243;][vc_column_text]Tr\u00e8s probablement. LAGO supporte de nombreuses m\u00e9thodes d&#8217;importation et d&#8217;exportation, y compris les fichiers plats, les services web et XML.[\/vc_column_text][\/vc_accordion_tab][vc_accordion_tab title=&#8221;LAGO peut-il \u00eatre achet\u00e9 en tant que logiciel autonome ?&#8221; tab_id=&#8221;23b1eb55-de04-6&#8243;][vc_column_text]LAGO est configurable de mani\u00e8re extr\u00eamement flexible et demande un plan d&#8217;impl\u00e9mentation individuel, c&#8217;est pourquoi nous ne vendons pas LAGO comme une solution out-of-the-box.[\/vc_column_text][\/vc_accordion_tab][vc_accordion_tab title=&#8221;Quelle est la technologie de base de donn\u00e9es utilis\u00e9e par LAGO ?&#8221; tab_id=&#8221;80e5c189-450e-2&#8243;][vc_column_text]LAGO utilise une base de donn\u00e9es Oracle.[\/vc_column_text][\/vc_accordion_tab][vc_accordion_tab title=&#8221;LAGO est-il d\u00e9velopp\u00e9 en interne (par Comosoft) ou par un tiers ?&#8221; tab_id=&#8221;3cc77fc4-8fd0-1&#8243;][vc_column_text]LAGO est enti\u00e8rement con\u00e7u et d\u00e9velopp\u00e9 par Comosoft \u00e0 Hambourg.[\/vc_column_text][\/vc_accordion_tab][vc_accordion_tab title=&#8221;LAGO propose-t-il une API&#8221; tab_id=&#8221;1551175012370-14-6&#8243;][vc_column_text]Oui, LAGO dispose d&#8217;une API REST.[\/vc_column_text][\/vc_accordion_tab][vc_accordion_tab title=&#8221;Y a-t-il une r\u00e9partition automatique des t\u00e2ches dans LAGO ?&#8221; tab_id=&#8221;12a3b74e-c671-0&#8243;][vc_column_text]Oui, la gestion des flux de travail est une des fonctionnalit\u00e9s cl\u00e9s de LAGO et vous permet de distribuer automatiquement des t\u00e2ches, des notifications et des \u00e9preuves.[\/vc_column_text][\/vc_accordion_tab][vc_accordion_tab title=&#8221;LAGO peut-il \u00eatre exploit\u00e9 dans le cloud ?&#8221; tab_id=&#8221;e53aff91-9ba8-1&#8243;][vc_column_text]Oui.[\/vc_column_text][\/vc_accordion_tab][vc_accordion_tab title=&#8221;Comosoft offre-t-il une solution h\u00e9berg\u00e9e ?&#8221; tab_id=&#8221;ab44ad46-5e1c-7&#8243;][vc_column_text]Nous ne proposons certes pas d&#8217;h\u00e9bergement, mais nous avons plusieurs options \u00e0 vous proposer : la premi\u00e8re est une solution &#8220;bo\u00eete noire&#8221;, dans laquelle nous installons un serveur c\u00f4t\u00e9 client, mais assurons l&#8217;administration et la maintenance depuis Hambourg. La deuxi\u00e8me option est un h\u00e9bergement via l&#8217;un de nos partenaires de notre portefeuille, compos\u00e9 de diff\u00e9rentes agences de services marketing.[\/vc_column_text][\/vc_accordion_tab][vc_accordion_tab title=&#8221;LAGO offre-t-il une interface avec SAP ?&#8221; tab_id=&#8221;0c65cb1d-5c2a-5&#8243;][vc_column_text]Oui.[\/vc_column_text][\/vc_accordion_tab][vc_accordion_tab title=&#8221;Puis-je acheter le plug-in LAGO InDesign\u00ae s\u00e9par\u00e9ment ?&#8221; tab_id=&#8221;0c170f7d-086c-9&#8243;][vc_column_text]Non. LAGO CS a besoin d&#8217;une base de donn\u00e9es LAGO pour fonctionner. La connexion avec l&#8217;application Adobe InDesign\u00ae est \u2013\u00a0est transparente, de sorte que les mises \u00e0 jour arrivent directement sur vos pages.[\/vc_column_text][\/vc_accordion_tab][vc_accordion_tab title=&#8221;Comosoft propose-t-il des d\u00e9veloppements sp\u00e9cifiques aux clients (Customizing) ?&#8221; tab_id=&#8221;2d2d5182-26c5-0&#8243;][vc_column_text]Oui, de tels d\u00e9veloppements sont possibles de mani\u00e8re flexible. Par exemple, nous pouvons r\u00e9aliser des fonctionnalit\u00e9s qui ne sont pas encore incluses dans le syst\u00e8me aujourd&#8217;hui.[\/vc_column_text][\/vc_accordion_tab][vc_accordion_tab title=&#8221;Est-ce que Comosoft offre des services dans le domaine de l&#8217;administration des bases de donn\u00e9es ?&#8221; tab_id=&#8221;ba0375ea-9043-0&#8243;][vc_column_text]Oui, nous avons plusieurs &#8220;Oracle certified DBA&#8217;s&#8221; dans nos rangs et pouvons vous offrir des prestations dans ce domaine si vous le souhaitez. N&#8217;h\u00e9sitez pas \u00e0 nous contacter.[\/vc_column_text][\/vc_accordion_tab][vc_accordion_tab title=&#8221;Quelles sont les plateformes support\u00e9es par LAGO ?&#8221; tab_id=&#8221;2addf381-356e-2&#8243;][vc_column_text]Les applications LAGO sont disponibles pour les deux plateformes, aussi bien pour les environnements Mac que Windows PC.[\/vc_column_text][\/vc_accordion_tab][vc_accordion_tab title=&#8221;Est-ce que Comosoft offre des services dans le domaine du conseil ?&#8221; tab_id=&#8221;75ecf167-0271-10&#8243;][vc_column_text]Oui, nous sommes toujours disponibles pour vous conseiller, optimiser ou \u00e9tendre les processus. N&#8217;h\u00e9sitez pas \u00e0 nous contacter.[\/vc_column_text][\/vc_accordion_tab][\/vc_accordion][\/vc_column][\/vc_row]<\/p>\n<\/div>","protected":false},"excerpt":{"rendered":"<p>Trouvez la r\u00e9ponse appropri\u00e9e dans notre FAQ. <\/p>\n","protected":false},"author":103,"featured_media":7538,"parent":0,"menu_order":0,"comment_status":"closed","ping_status":"closed","template":"","meta":{"footnotes":""},"class_list":["post-46968","page","type-page","status-publish","has-post-thumbnail","hentry"],"yoast_head":"<!-- This site is optimized with the Yoast SEO plugin v27.3 - https:\/\/yoast.com\/product\/yoast-seo-wordpress\/ -->\n<title>LAGO de Comosoft - Foire aux questions sur LAGO \/ Comosoft<\/title>\n<meta name=\"description\" content=\"Achats \u2713 Gestion des produits \u2713 Production de m\u00e9dias \u2713 dans un seul syst\u00e8me avec LAGO \u00bb Trouvez la r\u00e9ponse appropri\u00e9e dans notre FAQ.\" \/>\n<meta name=\"robots\" content=\"index, follow, max-snippet:-1, max-image-preview:large, max-video-preview:-1\" \/>\n<link rel=\"canonical\" href=\"https:\/\/www.comosoft.eu\/fr\/faq\/\" \/>\n<meta property=\"og:locale\" content=\"fr_FR\" \/>\n<meta property=\"og:type\" content=\"article\" \/>\n<meta property=\"og:title\" content=\"LAGO de Comosoft - Foire aux questions sur LAGO \/ Comosoft\" \/>\n<meta property=\"og:description\" content=\"Achats \u2713 Gestion des produits \u2713 Production de m\u00e9dias \u2713 dans un seul syst\u00e8me avec LAGO \u00bb Trouvez la r\u00e9ponse appropri\u00e9e dans notre FAQ.\" \/>\n<meta property=\"og:url\" content=\"https:\/\/www.comosoft.eu\/fr\/faq\/\" \/>\n<meta property=\"og:site_name\" content=\"Comosoft\" \/>\n<meta property=\"article:modified_time\" content=\"2024-07-17T07:54:22+00:00\" \/>\n<meta property=\"og:image\" content=\"https:\/\/www.comosoft.eu\/wp-content\/uploads\/2016\/08\/userphone.jpg\" \/>\n\t<meta property=\"og:image:width\" content=\"1500\" \/>\n\t<meta property=\"og:image:height\" content=\"1000\" \/>\n\t<meta property=\"og:image:type\" content=\"image\/jpeg\" \/>\n<meta name=\"twitter:card\" content=\"summary_large_image\" \/>\n<!-- \/ Yoast SEO plugin. -->","yoast_head_json":{"title":"LAGO de Comosoft - Foire aux questions sur LAGO \/ Comosoft","description":"Achats \u2713 Gestion des produits \u2713 Production de m\u00e9dias \u2713 dans un seul syst\u00e8me avec LAGO \u00bb Trouvez la r\u00e9ponse appropri\u00e9e dans notre FAQ.","robots":{"index":"index","follow":"follow","max-snippet":"max-snippet:-1","max-image-preview":"max-image-preview:large","max-video-preview":"max-video-preview:-1"},"canonical":"https:\/\/www.comosoft.eu\/fr\/faq\/","og_locale":"fr_FR","og_type":"article","og_title":"LAGO de Comosoft - Foire aux questions sur LAGO \/ Comosoft","og_description":"Achats \u2713 Gestion des produits \u2713 Production de m\u00e9dias \u2713 dans un seul syst\u00e8me avec LAGO \u00bb Trouvez la r\u00e9ponse appropri\u00e9e dans notre FAQ.","og_url":"https:\/\/www.comosoft.eu\/fr\/faq\/","og_site_name":"Comosoft","article_modified_time":"2024-07-17T07:54:22+00:00","og_image":[{"width":1500,"height":1000,"url":"https:\/\/www.comosoft.eu\/wp-content\/uploads\/2016\/08\/userphone.jpg","type":"image\/jpeg"}],"twitter_card":"summary_large_image","schema":{"@context":"https:\/\/schema.org","@graph":[{"@type":"WebPage","@id":"https:\/\/www.comosoft.eu\/fr\/faq\/","url":"https:\/\/www.comosoft.eu\/fr\/faq\/","name":"LAGO de Comosoft - Foire aux questions sur LAGO \/ Comosoft","isPartOf":{"@id":"https:\/\/www.comosoft.eu\/fr\/#website"},"primaryImageOfPage":{"@id":"https:\/\/www.comosoft.eu\/fr\/faq\/#primaryimage"},"image":{"@id":"https:\/\/www.comosoft.eu\/fr\/faq\/#primaryimage"},"thumbnailUrl":"https:\/\/www.comosoft.eu\/wp-content\/uploads\/2016\/08\/userphone.jpg","datePublished":"2024-07-17T07:45:15+00:00","dateModified":"2024-07-17T07:54:22+00:00","description":"Achats \u2713 Gestion des produits \u2713 Production de m\u00e9dias \u2713 dans un seul syst\u00e8me avec LAGO \u00bb Trouvez la r\u00e9ponse appropri\u00e9e dans notre FAQ.","breadcrumb":{"@id":"https:\/\/www.comosoft.eu\/fr\/faq\/#breadcrumb"},"inLanguage":"fr-FR","potentialAction":[{"@type":"ReadAction","target":["https:\/\/www.comosoft.eu\/fr\/faq\/"]}]},{"@type":"ImageObject","inLanguage":"fr-FR","@id":"https:\/\/www.comosoft.eu\/fr\/faq\/#primaryimage","url":"https:\/\/www.comosoft.eu\/wp-content\/uploads\/2016\/08\/userphone.jpg","contentUrl":"https:\/\/www.comosoft.eu\/wp-content\/uploads\/2016\/08\/userphone.jpg","width":1500,"height":1000,"caption":"FAQs de Comosoft"},{"@type":"BreadcrumbList","@id":"https:\/\/www.comosoft.eu\/fr\/faq\/#breadcrumb","itemListElement":[{"@type":"ListItem","position":1,"name":"Home","item":"https:\/\/www.comosoft.eu\/fr\/"},{"@type":"ListItem","position":2,"name":"FAQ"}]},{"@type":"WebSite","@id":"https:\/\/www.comosoft.eu\/fr\/#website","url":"https:\/\/www.comosoft.eu\/fr\/","name":"Comosoft","description":"Multichannel Solutions","publisher":{"@id":"https:\/\/www.comosoft.eu\/fr\/#organization"},"potentialAction":[{"@type":"SearchAction","target":{"@type":"EntryPoint","urlTemplate":"https:\/\/www.comosoft.eu\/fr\/?s={search_term_string}"},"query-input":{"@type":"PropertyValueSpecification","valueRequired":true,"valueName":"search_term_string"}}],"inLanguage":"fr-FR"},{"@type":"Organization","@id":"https:\/\/www.comosoft.eu\/fr\/#organization","name":"Comosoft GmbH","alternateName":"Multichannel Solutions","url":"https:\/\/www.comosoft.eu\/fr\/","logo":{"@type":"ImageObject","inLanguage":"fr-FR","@id":"https:\/\/www.comosoft.eu\/fr\/#\/schema\/logo\/image\/","url":"https:\/\/www.comosoft.eu\/wp-content\/uploads\/2021\/01\/Comosoft-Logo463.png","contentUrl":"https:\/\/www.comosoft.eu\/wp-content\/uploads\/2021\/01\/Comosoft-Logo463.png","width":1654,"height":337,"caption":"Comosoft GmbH"},"image":{"@id":"https:\/\/www.comosoft.eu\/fr\/#\/schema\/logo\/image\/"},"sameAs":["https:\/\/de.linkedin.com\/company\/comosoft?original_referer=httpswww.google.com"]}]}},"_links":{"self":[{"href":"https:\/\/www.comosoft.eu\/fr\/wp-json\/wp\/v2\/pages\/46968","targetHints":{"allow":["GET"]}}],"collection":[{"href":"https:\/\/www.comosoft.eu\/fr\/wp-json\/wp\/v2\/pages"}],"about":[{"href":"https:\/\/www.comosoft.eu\/fr\/wp-json\/wp\/v2\/types\/page"}],"author":[{"embeddable":true,"href":"https:\/\/www.comosoft.eu\/fr\/wp-json\/wp\/v2\/users\/103"}],"replies":[{"embeddable":true,"href":"https:\/\/www.comosoft.eu\/fr\/wp-json\/wp\/v2\/comments?post=46968"}],"version-history":[{"count":3,"href":"https:\/\/www.comosoft.eu\/fr\/wp-json\/wp\/v2\/pages\/46968\/revisions"}],"predecessor-version":[{"id":46972,"href":"https:\/\/www.comosoft.eu\/fr\/wp-json\/wp\/v2\/pages\/46968\/revisions\/46972"}],"wp:featuredmedia":[{"embeddable":true,"href":"https:\/\/www.comosoft.eu\/fr\/wp-json\/wp\/v2\/media\/7538"}],"wp:attachment":[{"href":"https:\/\/www.comosoft.eu\/fr\/wp-json\/wp\/v2\/media?parent=46968"}],"curies":[{"name":"wp","href":"https:\/\/api.w.org\/{rel}","templated":true}]}}