{"id":2489,"date":"2017-03-02T17:39:24","date_gmt":"2017-03-02T16:39:24","guid":{"rendered":"https:\/\/www.comosoft.com\/?page_id=2489\/"},"modified":"2025-08-05T14:01:27","modified_gmt":"2025-08-05T12:01:27","slug":"mentions-legales","status":"publish","type":"page","link":"https:\/\/www.comosoft.eu\/fr\/mentions-legales\/","title":{"rendered":"MENTIONS LEGALES"},"content":{"rendered":"<div class=\"wpb-content-wrapper\"><p>[vc_row][vc_column width=&#8221;1\/1&#8243;][vc_column_text uncode_shortcode_id=&#8221;148296&#8243;]MENTIONS L\u00c9GALES<\/p>\n<p><strong>Responsable du site internet\u00a0:<\/strong><\/p>\n<p>Peter Jozefiak, Daniel Lee, James Tyler O&#8217;Hagan<\/p>\n<p><b>Donn\u00e9es relatives \u00e0 l&#8217;entreprise\u00a0:<\/b><\/p>\n<p>Comosoft GmbH<br \/>\nOtto-Wels-Str. 49<br \/>\n22297 Hamburg, Allemagne<\/p>\n<p>T +49 40853318-0<br \/>\nF +49 40853318-99<\/p>\n<p>&#x69;&#110;f&#x6f;&#x40;&#99;o&#x6d;&#x6f;&#115;o&#x66;&#x74;&#46;d&#x65;<\/p>\n<p>Registre du commerce: Hamburg, HRB 96536<\/p>\n<p>Num\u00e9ro d&#8217;identification (USt-ID-Nr):\u00a0 DE 164980497<\/p>\n<p><b>Exploitant\u00a0:<\/b><\/p>\n<p>Les sites www.comosoft.com, www.comosoft.fr et www.comosoft.de sont con\u00e7us et exploit\u00e9s par Comosoft GmbH. Cette derni\u00e8re est \u00e9galement responsable du contenu du site internet. Comosoft GmbH fait \u00e9galement office de fournisseur du site internet pour les soci\u00e9t\u00e9s Comosoft GmbH et Comosoft Inc.<\/p>\n<p><b>Clause de non-responsabilit\u00e9 :<\/b><\/p>\n<p>Les contenus publi\u00e9s sur les sites www.comosoft.de et www.comosoft.com ont \u00e9t\u00e9 g\u00e9n\u00e9r\u00e9s avec le plus grand soin. Comosoft GmbH ne saurait toutefois assumer quelque garantie que ce soit concernant leur exactitude. Notre objectif est de nous pr\u00e9senter au moyen d&#8217;un site internet innovant et informatif.<\/p>\n<p>Nous nous distan\u00e7ons express\u00e9ment des contenus de toutes les pages externes auxquelles renvoient les liens pr\u00e9sents sur notre site internet car nous n&#8217;avons aucune influence sur leur contenu. La pr\u00e9sente d\u00e9claration s&#8217;applique \u00e0 tous les liens externes int\u00e9gr\u00e9s sur notre site internet. Nous avons contr\u00f4l\u00e9 toutes les pages au moment d&#8217;int\u00e9grer les liens y renvoyant, sans constater aucune pr\u00e9sence de contenus illicites. Dans le cas o\u00f9 l&#8217;une d&#8217;entre elles contiendrait un contenu illicite, nous nous engageons \u00e0 supprimer le lien concern\u00e9 dans les plus brefs d\u00e9lais.<\/p>\n<p><b>Propri\u00e9t\u00e9 intellectuelle :<\/b><\/p>\n<p>Les contenus et autres \u0153uvres (tels qu&#8217;entre autres les textes, images, mod\u00e8les de format, graphiques, sons, animations et vid\u00e9os ainsi que leur agencement) pr\u00e9sents sur le pr\u00e9sent site internet sont prot\u00e9g\u00e9s par le droit d&#8217;auteur et d&#8217;autres lois de protection. Il est interdit de copier, de diffuser ou de modifier le contenu de ces sites internet \u00e0 des fins commerciales. Certaines pages comportent par ailleurs des images qui sont prot\u00e9g\u00e9es par le droit d&#8217;auteur de tiers. L&#8217;utilisation et la reproduction ne sont autoris\u00e9es qu&#8217;\u00e0 des fins priv\u00e9es. Aucune modification ne sera admise. Toute utilisation publique requerra l&#8217;accord de l&#8217;op\u00e9rateur.<\/p>\n<p>\u00a9 Copyright 1994 &#8211; 2025 Comosoft GmbH | Tous droits r\u00e9serv\u00e9s.[\/vc_column_text][\/vc_column][\/vc_row]<\/p>\n<\/div>","protected":false},"excerpt":{"rendered":"<p>[vc_row][vc_column width=&#8221;1\/1&#8243;][vc_column_text uncode_shortcode_id=&#8221;148296&#8243;]MENTIONS L\u00c9GALES Responsable du site internet\u00a0: Peter Jozefiak, Daniel Lee, James Tyler O&#8217;Hagan Donn\u00e9es relatives \u00e0 l&#8217;entreprise\u00a0: Comosoft [&hellip;]<\/p>\n","protected":false},"author":103,"featured_media":0,"parent":0,"menu_order":0,"comment_status":"closed","ping_status":"closed","template":"","meta":{"footnotes":""},"class_list":["post-2489","page","type-page","status-publish","hentry"],"yoast_head":"<!-- This site is optimized with the Yoast SEO plugin v27.3 - https:\/\/yoast.com\/product\/yoast-seo-wordpress\/ -->\n<title>MENTIONS LEGALES \/ Comosoft<\/title>\n<meta name=\"description\" content=\"MENTIONS LEGALES: MENTIONS L\u00c9GALES Responsable du site internet\u00a0: Peter Jozefiak, Daniel Lee, James Tyler O&#039;Hagan Donn\u00e9es relatives \u00e0 l&#039;entreprise\u00a0: Comosoft GmbH\" \/>\n<meta name=\"robots\" content=\"index, follow, max-snippet:-1, max-image-preview:large, max-video-preview:-1\" \/>\n<link rel=\"canonical\" href=\"https:\/\/www.comosoft.eu\/fr\/mentions-legales\/\" \/>\n<meta property=\"og:locale\" content=\"fr_FR\" \/>\n<meta property=\"og:type\" content=\"article\" \/>\n<meta property=\"og:title\" content=\"MENTIONS LEGALES \/ Comosoft\" \/>\n<meta property=\"og:description\" content=\"MENTIONS LEGALES: MENTIONS L\u00c9GALES Responsable du site internet\u00a0: Peter Jozefiak, Daniel Lee, James Tyler O&#039;Hagan Donn\u00e9es relatives \u00e0 l&#039;entreprise\u00a0: Comosoft GmbH\" \/>\n<meta property=\"og:url\" content=\"https:\/\/www.comosoft.eu\/fr\/mentions-legales\/\" \/>\n<meta property=\"og:site_name\" content=\"Comosoft\" \/>\n<meta property=\"article:modified_time\" content=\"2025-08-05T12:01:27+00:00\" \/>\n<meta property=\"og:image\" content=\"https:\/\/www.comosoft.eu\/wp-content\/uploads\/2021\/01\/Digital-publishing.jpg\" \/>\n\t<meta property=\"og:image:width\" content=\"2000\" \/>\n\t<meta property=\"og:image:height\" content=\"1334\" \/>\n\t<meta property=\"og:image:type\" content=\"image\/jpeg\" \/>\n<meta name=\"twitter:card\" content=\"summary_large_image\" \/>\n<!-- \/ Yoast SEO plugin. -->","yoast_head_json":{"title":"MENTIONS LEGALES \/ Comosoft","description":"MENTIONS LEGALES: MENTIONS L\u00c9GALES Responsable du site internet\u00a0: Peter Jozefiak, Daniel Lee, James Tyler O'Hagan Donn\u00e9es relatives \u00e0 l'entreprise\u00a0: Comosoft GmbH","robots":{"index":"index","follow":"follow","max-snippet":"max-snippet:-1","max-image-preview":"max-image-preview:large","max-video-preview":"max-video-preview:-1"},"canonical":"https:\/\/www.comosoft.eu\/fr\/mentions-legales\/","og_locale":"fr_FR","og_type":"article","og_title":"MENTIONS LEGALES \/ Comosoft","og_description":"MENTIONS LEGALES: MENTIONS L\u00c9GALES Responsable du site internet\u00a0: Peter Jozefiak, Daniel Lee, James Tyler O'Hagan Donn\u00e9es relatives \u00e0 l'entreprise\u00a0: Comosoft GmbH","og_url":"https:\/\/www.comosoft.eu\/fr\/mentions-legales\/","og_site_name":"Comosoft","article_modified_time":"2025-08-05T12:01:27+00:00","og_image":[{"width":2000,"height":1334,"url":"https:\/\/www.comosoft.eu\/wp-content\/uploads\/2021\/01\/Digital-publishing.jpg","type":"image\/jpeg"}],"twitter_card":"summary_large_image","schema":{"@context":"https:\/\/schema.org","@graph":[{"@type":"WebPage","@id":"https:\/\/www.comosoft.eu\/fr\/mentions-legales\/","url":"https:\/\/www.comosoft.eu\/fr\/mentions-legales\/","name":"MENTIONS LEGALES \/ Comosoft","isPartOf":{"@id":"https:\/\/www.comosoft.eu\/fr\/#website"},"datePublished":"2017-03-02T16:39:24+00:00","dateModified":"2025-08-05T12:01:27+00:00","description":"MENTIONS LEGALES: MENTIONS L\u00c9GALES Responsable du site internet\u00a0: Peter Jozefiak, Daniel Lee, James Tyler O'Hagan Donn\u00e9es relatives \u00e0 l'entreprise\u00a0: Comosoft GmbH","breadcrumb":{"@id":"https:\/\/www.comosoft.eu\/fr\/mentions-legales\/#breadcrumb"},"inLanguage":"fr-FR","potentialAction":[{"@type":"ReadAction","target":["https:\/\/www.comosoft.eu\/fr\/mentions-legales\/"]}]},{"@type":"BreadcrumbList","@id":"https:\/\/www.comosoft.eu\/fr\/mentions-legales\/#breadcrumb","itemListElement":[{"@type":"ListItem","position":1,"name":"Home","item":"https:\/\/www.comosoft.eu\/fr\/"},{"@type":"ListItem","position":2,"name":"MENTIONS LEGALES"}]},{"@type":"WebSite","@id":"https:\/\/www.comosoft.eu\/fr\/#website","url":"https:\/\/www.comosoft.eu\/fr\/","name":"Comosoft","description":"Multichannel Solutions","publisher":{"@id":"https:\/\/www.comosoft.eu\/fr\/#organization"},"potentialAction":[{"@type":"SearchAction","target":{"@type":"EntryPoint","urlTemplate":"https:\/\/www.comosoft.eu\/fr\/?s={search_term_string}"},"query-input":{"@type":"PropertyValueSpecification","valueRequired":true,"valueName":"search_term_string"}}],"inLanguage":"fr-FR"},{"@type":"Organization","@id":"https:\/\/www.comosoft.eu\/fr\/#organization","name":"Comosoft GmbH","alternateName":"Multichannel Solutions","url":"https:\/\/www.comosoft.eu\/fr\/","logo":{"@type":"ImageObject","inLanguage":"fr-FR","@id":"https:\/\/www.comosoft.eu\/fr\/#\/schema\/logo\/image\/","url":"https:\/\/www.comosoft.eu\/wp-content\/uploads\/2021\/01\/Comosoft-Logo463.png","contentUrl":"https:\/\/www.comosoft.eu\/wp-content\/uploads\/2021\/01\/Comosoft-Logo463.png","width":1654,"height":337,"caption":"Comosoft GmbH"},"image":{"@id":"https:\/\/www.comosoft.eu\/fr\/#\/schema\/logo\/image\/"},"sameAs":["https:\/\/de.linkedin.com\/company\/comosoft?original_referer=httpswww.google.com"]}]}},"_links":{"self":[{"href":"https:\/\/www.comosoft.eu\/fr\/wp-json\/wp\/v2\/pages\/2489","targetHints":{"allow":["GET"]}}],"collection":[{"href":"https:\/\/www.comosoft.eu\/fr\/wp-json\/wp\/v2\/pages"}],"about":[{"href":"https:\/\/www.comosoft.eu\/fr\/wp-json\/wp\/v2\/types\/page"}],"author":[{"embeddable":true,"href":"https:\/\/www.comosoft.eu\/fr\/wp-json\/wp\/v2\/users\/103"}],"replies":[{"embeddable":true,"href":"https:\/\/www.comosoft.eu\/fr\/wp-json\/wp\/v2\/comments?post=2489"}],"version-history":[{"count":9,"href":"https:\/\/www.comosoft.eu\/fr\/wp-json\/wp\/v2\/pages\/2489\/revisions"}],"predecessor-version":[{"id":49322,"href":"https:\/\/www.comosoft.eu\/fr\/wp-json\/wp\/v2\/pages\/2489\/revisions\/49322"}],"wp:attachment":[{"href":"https:\/\/www.comosoft.eu\/fr\/wp-json\/wp\/v2\/media?parent=2489"}],"curies":[{"name":"wp","href":"https:\/\/api.w.org\/{rel}","templated":true}]}}