{"id":16765,"date":"2020-12-01T13:14:38","date_gmt":"2020-12-01T12:14:38","guid":{"rendered":"https:\/\/www.comosoft.eu\/logiciels-et-solutions\/automatisation-du-marketing-2\/"},"modified":"2023-05-02T12:41:01","modified_gmt":"2023-05-02T10:41:01","slug":"automatisation-du-marketing-2","status":"publish","type":"page","link":"https:\/\/www.comosoft.eu\/fr\/logiciels-et-solutions\/automatisation-du-marketing-2\/","title":{"rendered":"Automatisation du marketing"},"content":{"rendered":"<div class=\"wpb-content-wrapper\"><p>[vc_row][vc_column width=&#8221;1\/1&#8243;][vc_column_text uncode_shortcode_id=&#8221;277842&#8243;]<\/p>\n<h2>LAGO apporte la performance \u00e0 votre \u00e9quipe de marketing gr\u00e2ce \u00e0 l&#8217;automatisation du marketing<\/h2>\n<p>En g\u00e9n\u00e9ral, on parle de l&#8217;automatisation du marketing dans l&#8217;automatisation des processus de marketing avec un support logiciel, un pilier important de la transformation num\u00e9rique dans les entreprises. Un marketing efficace et pertinent stimule la demande &#8211; sur ce point, tout le monde est d&#8217;accord.<\/p>\n<p>Cependant, l&#8217;effort et les co\u00fbts sont immenses. De nombreux canaux de vente diff\u00e9rents souhaitent recevoir des informations et, bien entendu, doivent \u00eatre tenus au courant. Mais ce n&#8217;est pas tout, la publicit\u00e9 doit \u00eatre pertinente pour le client. Afin de faire fonctionner l&#8217;automatisation du marketing comme une entreprise, qui doit en fin de compte aussi \u00e9conomiser des ressources, les donn\u00e9es sur les clients doivent \u00eatre collect\u00e9es et mises \u00e0 disposition. Ces donn\u00e9es permettent \u00e0 votre entreprise de s&#8217;adresser directement \u00e0 vos clients et de leur proposer des produits pertinents, qui se retrouvent tr\u00e8s probablement dans le panier d&#8217;achat. Ce processus de collecte de donn\u00e9es n\u00e9cessite une structure solide de flux de travail interne \u00e0 l&#8217;entreprise, soutenue par un logiciel tel que LAGO. Les syst\u00e8mes logiciels avec un <a href=\"https:\/\/www.comosoft.eu\/fr\/logiciels-et-solutions\/pim\/\">syst\u00e8me PIM<\/a>, un <a href=\"https:\/\/www.comosoft.eu\/fr\/logiciels-et-solutions\/dam\/\">syst\u00e8me DAM<\/a> et un <a href=\"https:\/\/www.comosoft.eu\/fr\/2020\/11\/13\/customer-relationship-management-crm\/\">syst\u00e8me CRM<\/a> doivent fonctionner ensemble sans probl\u00e8me.[\/vc_column_text][\/vc_column][\/vc_row][vc_row row_height_percent=&#8221;0&#8243; override_padding=&#8221;yes&#8221; h_padding=&#8221;2&#8243; top_padding=&#8221;2&#8243; bottom_padding=&#8221;2&#8243; back_color=&#8221;color-lxmt&#8221; overlay_alpha=&#8221;50&#8243; equal_height=&#8221;yes&#8221; gutter_size=&#8221;3&#8243; column_width_percent=&#8221;100&#8243; shift_y=&#8221;0&#8243; z_index=&#8221;0&#8243; uncode_shortcode_id=&#8221;820232&#8243; back_color_type=&#8221;uncode-palette&#8221;][vc_column width=&#8221;1\/1&#8243;][vc_column_text uncode_shortcode_id=&#8221;552392&#8243;]<\/p>\n<h2>La gestion des flux de travail permet l\u2019ex\u00e9cution efficace de vos processus et t\u00e2ches structur\u00e9s.<\/h2>\n<p>Pourquoi est-il int\u00e9ressant de mettre en place une <strong>gestion int\u00e9gr\u00e9e des flux de travail<\/strong>?<\/p>\n<p>Certains processus d\u2019une entreprise peuvent \u00eatre automatis\u00e9s pour gagner du temps et <strong>garantir une qualit\u00e9 constante<\/strong>. Souvent, ces processus qui doivent \u00eatre optimis\u00e9s et automatis\u00e9s ne deviennent apparents que lorsque le sujet de la gestion des flux de travail est abord\u00e9.<\/p>\n<p>De nombreuses entreprises doivent mettre leurs produits sur le march\u00e9 rapidement et une mise en \u0153uvre bien structur\u00e9e des processus leur permet de r\u00e9duire consid\u00e9rablement le d\u00e9lai de mise sur le march\u00e9. Mais pourquoi ne pas se reposer sur une bonne gestion du flux de travail, surtout dans le commerce de d\u00e9tail ?<\/p>\n<p>Les \u00e9quipes marketing ont souvent besoin de trop de temps pour compiler les informations sur les produits \u00e0 partir de diff\u00e9rentes sources de donn\u00e9es, organiser le mat\u00e9riel d\u2019image et pr\u00e9parer vos produits pour les canaux de vente respectifs. Sans un <strong>syst\u00e8me central qui relie votre personnel de marketing et la gestion des produits<\/strong>, vous \u00eates toujours en retard. Laissez vos \u00eelots d\u2019informations et cr\u00e9ez un processus efficace et s\u00e9curis\u00e9. <strong>Avec <a href=\"https:\/\/www.comosoft.eu\/fr\/lago-multichannel-software\/\">LAGO<\/a> Workflow, vous connectez tous vos d\u00e9partements<\/strong>, des achats \u00e0 la gestion des produits en passant par le marketing. Des fonctions telles que la planification de la page graphique et de la boutique, les outils de correction num\u00e9rique et les \u00e9valuations vous offrent une s\u00e9curit\u00e9 de planification et une vue d\u2019ensemble de l\u2019ensemble de la production m\u00e9diatique.[\/vc_column_text][\/vc_column][\/vc_row][vc_row row_height_percent=&#8221;0&#8243; overlay_alpha=&#8221;50&#8243; gutter_size=&#8221;3&#8243; column_width_percent=&#8221;100&#8243; shift_y=&#8221;0&#8243; z_index=&#8221;0&#8243; uncode_shortcode_id=&#8221;107116&#8243; shape_dividers=&#8221;&#8221; row_name=&#8221;workflow&#8221;][vc_column width=&#8221;1\/1&#8243;][vc_row_inner][vc_column_inner column_width_percent=&#8221;100&#8243; position_vertical=&#8221;middle&#8221; gutter_size=&#8221;3&#8243; overlay_alpha=&#8221;50&#8243; shift_x=&#8221;0&#8243; shift_y=&#8221;0&#8243; shift_y_down=&#8221;0&#8243; z_index=&#8221;0&#8243; medium_width=&#8221;0&#8243; mobile_width=&#8221;0&#8243; width=&#8221;1\/2&#8243; uncode_shortcode_id=&#8221;857913&#8243;][vc_column_text uncode_shortcode_id=&#8221;110556&#8243;]<strong>LAGO Workflow<\/strong> permet la cr\u00e9ation de plusieurs flux de travail individuels. La cr\u00e9ation proprement dite se fait via une interface utilisateur graphique facile \u00e0 comprendre dans LAGO Admin. Chaque flux de travail peut avoir un nombre illimit\u00e9 de statuts repr\u00e9sentant les \u00e9tapes et les jalons de votre flux de production. Pour s\u2019assurer que les t\u00e2ches d\u2019un flux de travail sont trait\u00e9es de mani\u00e8re optimale, un ou plusieurs r\u00f4les peuvent \u00eatre attribu\u00e9s \u00e0 chaque statut de flux de travail afin que les utilisateurs qui ont ce(s) r\u00f4le(s) puissent effectuer des actions. Avec LAGO Workflow, vous <strong>automatisez vos processus marketing<\/strong> pour atteindre les clients, qu\u2019ils soient <strong>B2B ou B2C<\/strong>, plus rapidement et de mani\u00e8re plus cibl\u00e9e.<br \/>\n<a href=\"https:\/\/www.comosoft.eu\/fr\/2022\/04\/29\/concept-de-roles-et-de-droits\/\"><span style=\"color: #99cc00;\">&gt; Pour en savoir plus sur les r\u00f4les et les autorisations, consultez notre glossaire ici.<\/span><\/a>[\/vc_column_text][vc_column_text uncode_shortcode_id=&#8221;185204&#8243;]<\/p>\n<p data-pm-slice=\"1 1 []\"><strong>Demandez ici notre whitepaper sur notre LAGO Workflow !<\/strong><\/p>\n<p>[\/vc_column_text][vc_button size=&#8221;btn-sm&#8221; border_width=&#8221;0&#8243; link=&#8221;url:https%3A%2F%2Fwww.comosoft.eu%2Ffr%2Flogiciels-et-solutions%2Fdownloads%2F|title:Downloads|target:_blank&#8221; uncode_shortcode_id=&#8221;880810&#8243;]WHITEPAPER[\/vc_button][\/vc_column_inner][vc_column_inner width=&#8221;1\/2&#8243;][vc_single_image media=&#8221;3240&#8243; media_width_percent=&#8221;100&#8243; uncode_shortcode_id=&#8221;121617&#8243;][\/vc_column_inner][\/vc_row_inner][\/vc_column][\/vc_row][vc_row row_height_percent=&#8221;0&#8243; override_padding=&#8221;yes&#8221; h_padding=&#8221;2&#8243; top_padding=&#8221;2&#8243; bottom_padding=&#8221;0&#8243; back_color=&#8221;color-lxmt&#8221; overlay_alpha=&#8221;50&#8243; gutter_size=&#8221;3&#8243; shift_y=&#8221;0&#8243;][vc_column column_width_percent=&#8221;100&#8243; position_vertical=&#8221;middle&#8221; gutter_size=&#8221;3&#8243; override_padding=&#8221;yes&#8221; column_padding=&#8221;0&#8243; overlay_alpha=&#8221;50&#8243; shift_x=&#8221;0&#8243; shift_y=&#8221;0&#8243; z_index=&#8221;0&#8243; medium_width=&#8221;0&#8243; width=&#8221;2\/3&#8243;][uncode_list icon=&#8221;fa fa-check2&#8243; icon_color=&#8221;accent&#8221; uncode_shortcode_id=&#8221;612800&#8243; icon_color_type=&#8221;uncode-palette&#8221;]<\/p>\n<h2>La gestion du LAGO Workflow :<\/h2>\n<ul>\n<li>Permet un contr\u00f4le pr\u00e9cis des autorisations et des acc\u00e8s aux donn\u00e9es par utilisateur.<\/li>\n<li>Met en r\u00e9seau vos \u00e9quipes gr\u00e2ce \u00e0 la distribution automatique des t\u00e2ches<\/li>\n<li>Offre des autorisations en fonction de l&#8217;\u00e9tat de vos donn\u00e9es produit, de vos documents ou des actifs de votre mat\u00e9riel publicitaire.<\/li>\n<li>Notification automatique des t\u00e2ches nouvelles ou en retard de production<\/li>\n<li>Permet l&#8217;\u00e9valuation et le suivi de vos processus et de la planification de la production.<\/li>\n<li>Simplifie la redistribution des t\u00e2ches pour un \u00e9quilibrage rapide de la charge de travail.<\/li>\n<li>Prend en charge les flux de travail parall\u00e8les pour le web et l&#8217;impression<\/li>\n<li>Vous avertit des \u00e9ventuels goulots d&#8217;\u00e9tranglement dans votre production<\/li>\n<\/ul>\n<p>[\/uncode_list][vc_column_text]<\/p>\n<h2>Nos consultants vous aident \u00e0 trouver la solution appropri\u00e9e \u00e0 vos besoins.<\/h2>\n<p><span lang=\"FR\">Qu\u2019il s\u2019agisse de processus automatis\u00e9s ou d\u2019une diffusion multicanal des supports publicitaires produits par vos soins, nos experts sont \u00e0 votre \u00e9coute et r\u00e9pondront volontiers \u00e0 toutes vos questions. Bien que LAGO soit une application logicielle standard, nous offrons \u00e0 nos clients la flexibilit\u00e9 n\u00e9cessaire pour l\u2019adapter de mani\u00e8re optimale et personnalis\u00e9e aux processus correspondants et \u00e0 l\u2019organisation en question<\/span>.[\/vc_column_text][vc_button border_width=&#8221;0&#8243; link=&#8221;url:https%3A%2F%2Fwww.comosoft.eu%2Ffr%2Fcontact%2F|title:Contactez-nous&#8221; uncode_shortcode_id=&#8221;110846&#8243;]CONTACTEZ-NOUS[\/vc_button][vc_empty_space empty_h=&#8221;2&#8243;][\/vc_column][vc_column column_width_percent=&#8221;100&#8243; position_vertical=&#8221;bottom&#8221; gutter_size=&#8221;3&#8243; override_padding=&#8221;yes&#8221; column_padding=&#8221;0&#8243; overlay_alpha=&#8221;50&#8243; shift_x=&#8221;0&#8243; shift_y=&#8221;0&#8243; z_index=&#8221;0&#8243; medium_width=&#8221;0&#8243; css_animation=&#8221;bottom-t-top&#8221; animation_delay=&#8221;400&#8243; width=&#8221;1\/3&#8243;][vc_single_image media=&#8221;3177&#8243; media_width_percent=&#8221;100&#8243;][\/vc_column][\/vc_row][vc_row][vc_column width=&#8221;1\/1&#8243;][vc_column_text]<br \/>\nQuestions fr\u00e9quemment pos\u00e9es sur l&#8217;automatisation du marketing<br \/>\n[\/vc_column_text][vc_accordion][vc_accordion_tab gutter_size=&#8221;2&#8243; column_padding=&#8221;2&#8243; title=&#8221;Qu&#8217;est-ce que la transformation num\u00e9rique (digital transformation) ?&#8221; tab_id=&#8221;537a8343-d111-615891901794231593074205331159670801523216051068526351605173591905&#8243;][vc_column_text]<\/p>\n<p data-pm-slice=\"1 1 []\">Lorsque nous parlons de transformation num\u00e9rique, nous parlons d&#8217;un processus de changement, ce qui signifie principalement l&#8217;utilisation accrue des technologies num\u00e9riques. Ce processus est souvent initi\u00e9 et conduit par les attentes croissantes des clients qui souhaitent utiliser les technologies num\u00e9riques pour leurs processus commerciaux. Ainsi, la transformation num\u00e9rique n&#8217;est possible que gr\u00e2ce aux technologies num\u00e9riques.<\/p>\n<p>[\/vc_column_text][\/vc_accordion_tab][vc_accordion_tab gutter_size=&#8221;2&#8243; column_padding=&#8221;2&#8243; title=&#8221;Que sont les technologies num\u00e9riques ?&#8221; tab_id=&#8221;1594634141213-2-1159670801523216051068526351605173591905&#8243;][vc_column_text]<\/p>\n<p data-pm-slice=\"1 1 []\">Les technologies num\u00e9riques sont g\u00e9n\u00e9ralement bas\u00e9es sur le mat\u00e9riel, les logiciels et les r\u00e9seaux. La caract\u00e9ristique la plus frappante des technologies num\u00e9riques est qu&#8217;elles ont r\u00e9volutionn\u00e9 les technologies existantes dans de nombreux domaines. Ce processus peut \u00eatre compar\u00e9 \u00e0 la r\u00e9volution industrielle qui a commenc\u00e9 au 18e si\u00e8cle.<\/p>\n<p>[\/vc_column_text][\/vc_accordion_tab][\/vc_accordion][\/vc_column][\/vc_row]<\/p>\n<\/div>","protected":false},"excerpt":{"rendered":"<p>[vc_row][vc_column width=&#8221;1\/1&#8243;][vc_column_text uncode_shortcode_id=&#8221;277842&#8243;] LAGO apporte la performance \u00e0 votre \u00e9quipe de marketing gr\u00e2ce \u00e0 l&#8217;automatisation du marketing En g\u00e9n\u00e9ral, on [&hellip;]<\/p>\n","protected":false},"author":103,"featured_media":17000,"parent":15097,"menu_order":0,"comment_status":"closed","ping_status":"closed","template":"","meta":{"footnotes":""},"class_list":["post-16765","page","type-page","status-publish","has-post-thumbnail","hentry"],"yoast_head":"<!-- This site is optimized with the Yoast SEO plugin v27.3 - https:\/\/yoast.com\/product\/yoast-seo-wordpress\/ -->\n<title>Automatisation du marketing - plus de performance et d&#039;efficacit\u00e9 avec LAGO \/ Comosoft<\/title>\n<meta name=\"description\" content=\"Avec LAGO, vous pouvez relier tous vos services, des achats \u00e0 la gestion des produits et au marketing, et r\u00e9duire votre d\u00e9lai de mise sur le march\u00e9 jusqu&#039;\u00e0 30 %\" \/>\n<meta name=\"robots\" content=\"index, follow, max-snippet:-1, max-image-preview:large, max-video-preview:-1\" \/>\n<link rel=\"canonical\" href=\"https:\/\/www.comosoft.eu\/fr\/logiciels-et-solutions\/automatisation-du-marketing-2\/\" \/>\n<meta property=\"og:locale\" content=\"fr_FR\" \/>\n<meta property=\"og:type\" content=\"article\" \/>\n<meta property=\"og:title\" content=\"Automatisation du marketing - plus de performance et d&#039;efficacit\u00e9 avec LAGO \/ Comosoft\" \/>\n<meta property=\"og:description\" content=\"Avec LAGO, vous pouvez relier tous vos services, des achats \u00e0 la gestion des produits et au marketing, et r\u00e9duire votre d\u00e9lai de mise sur le march\u00e9 jusqu&#039;\u00e0 30 %\" \/>\n<meta property=\"og:url\" content=\"https:\/\/www.comosoft.eu\/fr\/logiciels-et-solutions\/automatisation-du-marketing-2\/\" \/>\n<meta property=\"og:site_name\" content=\"Comosoft\" \/>\n<meta property=\"article:modified_time\" content=\"2023-05-02T10:41:01+00:00\" \/>\n<meta property=\"og:image\" content=\"https:\/\/www.comosoft.eu\/wp-content\/uploads\/2021\/01\/Workflow-Management.jpg\" \/>\n\t<meta property=\"og:image:width\" content=\"2000\" \/>\n\t<meta property=\"og:image:height\" content=\"1333\" \/>\n\t<meta property=\"og:image:type\" content=\"image\/jpeg\" \/>\n<meta name=\"twitter:card\" content=\"summary_large_image\" \/>\n<!-- \/ Yoast SEO plugin. -->","yoast_head_json":{"title":"Automatisation du marketing - plus de performance et d'efficacit\u00e9 avec LAGO \/ Comosoft","description":"Avec LAGO, vous pouvez relier tous vos services, des achats \u00e0 la gestion des produits et au marketing, et r\u00e9duire votre d\u00e9lai de mise sur le march\u00e9 jusqu'\u00e0 30 %","robots":{"index":"index","follow":"follow","max-snippet":"max-snippet:-1","max-image-preview":"max-image-preview:large","max-video-preview":"max-video-preview:-1"},"canonical":"https:\/\/www.comosoft.eu\/fr\/logiciels-et-solutions\/automatisation-du-marketing-2\/","og_locale":"fr_FR","og_type":"article","og_title":"Automatisation du marketing - plus de performance et d'efficacit\u00e9 avec LAGO \/ Comosoft","og_description":"Avec LAGO, vous pouvez relier tous vos services, des achats \u00e0 la gestion des produits et au marketing, et r\u00e9duire votre d\u00e9lai de mise sur le march\u00e9 jusqu'\u00e0 30 %","og_url":"https:\/\/www.comosoft.eu\/fr\/logiciels-et-solutions\/automatisation-du-marketing-2\/","og_site_name":"Comosoft","article_modified_time":"2023-05-02T10:41:01+00:00","og_image":[{"width":2000,"height":1333,"url":"https:\/\/www.comosoft.eu\/wp-content\/uploads\/2021\/01\/Workflow-Management.jpg","type":"image\/jpeg"}],"twitter_card":"summary_large_image","schema":{"@context":"https:\/\/schema.org","@graph":[{"@type":"WebPage","@id":"https:\/\/www.comosoft.eu\/fr\/logiciels-et-solutions\/automatisation-du-marketing-2\/","url":"https:\/\/www.comosoft.eu\/fr\/logiciels-et-solutions\/automatisation-du-marketing-2\/","name":"Automatisation du marketing - plus de performance et d'efficacit\u00e9 avec LAGO \/ Comosoft","isPartOf":{"@id":"https:\/\/www.comosoft.eu\/fr\/#website"},"primaryImageOfPage":{"@id":"https:\/\/www.comosoft.eu\/fr\/logiciels-et-solutions\/automatisation-du-marketing-2\/#primaryimage"},"image":{"@id":"https:\/\/www.comosoft.eu\/fr\/logiciels-et-solutions\/automatisation-du-marketing-2\/#primaryimage"},"thumbnailUrl":"https:\/\/www.comosoft.eu\/wp-content\/uploads\/2021\/01\/Workflow-Management.jpg","datePublished":"2020-12-01T12:14:38+00:00","dateModified":"2023-05-02T10:41:01+00:00","description":"Avec LAGO, vous pouvez relier tous vos services, des achats \u00e0 la gestion des produits et au marketing, et r\u00e9duire votre d\u00e9lai de mise sur le march\u00e9 jusqu'\u00e0 30 %","breadcrumb":{"@id":"https:\/\/www.comosoft.eu\/fr\/logiciels-et-solutions\/automatisation-du-marketing-2\/#breadcrumb"},"inLanguage":"fr-FR","potentialAction":[{"@type":"ReadAction","target":["https:\/\/www.comosoft.eu\/fr\/logiciels-et-solutions\/automatisation-du-marketing-2\/"]}]},{"@type":"ImageObject","inLanguage":"fr-FR","@id":"https:\/\/www.comosoft.eu\/fr\/logiciels-et-solutions\/automatisation-du-marketing-2\/#primaryimage","url":"https:\/\/www.comosoft.eu\/wp-content\/uploads\/2021\/01\/Workflow-Management.jpg","contentUrl":"https:\/\/www.comosoft.eu\/wp-content\/uploads\/2021\/01\/Workflow-Management.jpg","width":2000,"height":1333,"caption":"Personen in einem Rudelboot"},{"@type":"BreadcrumbList","@id":"https:\/\/www.comosoft.eu\/fr\/logiciels-et-solutions\/automatisation-du-marketing-2\/#breadcrumb","itemListElement":[{"@type":"ListItem","position":1,"name":"Home","item":"https:\/\/www.comosoft.eu\/fr\/"},{"@type":"ListItem","position":2,"name":"Logiciels et solutions","item":"https:\/\/www.comosoft.eu\/fr\/logiciels-et-solutions\/"},{"@type":"ListItem","position":3,"name":"Automatisation du marketing"}]},{"@type":"WebSite","@id":"https:\/\/www.comosoft.eu\/fr\/#website","url":"https:\/\/www.comosoft.eu\/fr\/","name":"Comosoft","description":"Multichannel Solutions","publisher":{"@id":"https:\/\/www.comosoft.eu\/fr\/#organization"},"potentialAction":[{"@type":"SearchAction","target":{"@type":"EntryPoint","urlTemplate":"https:\/\/www.comosoft.eu\/fr\/?s={search_term_string}"},"query-input":{"@type":"PropertyValueSpecification","valueRequired":true,"valueName":"search_term_string"}}],"inLanguage":"fr-FR"},{"@type":"Organization","@id":"https:\/\/www.comosoft.eu\/fr\/#organization","name":"Comosoft GmbH","alternateName":"Multichannel Solutions","url":"https:\/\/www.comosoft.eu\/fr\/","logo":{"@type":"ImageObject","inLanguage":"fr-FR","@id":"https:\/\/www.comosoft.eu\/fr\/#\/schema\/logo\/image\/","url":"https:\/\/www.comosoft.eu\/wp-content\/uploads\/2021\/01\/Comosoft-Logo463.png","contentUrl":"https:\/\/www.comosoft.eu\/wp-content\/uploads\/2021\/01\/Comosoft-Logo463.png","width":1654,"height":337,"caption":"Comosoft GmbH"},"image":{"@id":"https:\/\/www.comosoft.eu\/fr\/#\/schema\/logo\/image\/"},"sameAs":["https:\/\/de.linkedin.com\/company\/comosoft?original_referer=httpswww.google.com"]}]}},"_links":{"self":[{"href":"https:\/\/www.comosoft.eu\/fr\/wp-json\/wp\/v2\/pages\/16765","targetHints":{"allow":["GET"]}}],"collection":[{"href":"https:\/\/www.comosoft.eu\/fr\/wp-json\/wp\/v2\/pages"}],"about":[{"href":"https:\/\/www.comosoft.eu\/fr\/wp-json\/wp\/v2\/types\/page"}],"author":[{"embeddable":true,"href":"https:\/\/www.comosoft.eu\/fr\/wp-json\/wp\/v2\/users\/103"}],"replies":[{"embeddable":true,"href":"https:\/\/www.comosoft.eu\/fr\/wp-json\/wp\/v2\/comments?post=16765"}],"version-history":[{"count":11,"href":"https:\/\/www.comosoft.eu\/fr\/wp-json\/wp\/v2\/pages\/16765\/revisions"}],"predecessor-version":[{"id":20659,"href":"https:\/\/www.comosoft.eu\/fr\/wp-json\/wp\/v2\/pages\/16765\/revisions\/20659"}],"up":[{"embeddable":true,"href":"https:\/\/www.comosoft.eu\/fr\/wp-json\/wp\/v2\/pages\/15097"}],"wp:featuredmedia":[{"embeddable":true,"href":"https:\/\/www.comosoft.eu\/fr\/wp-json\/wp\/v2\/media\/17000"}],"wp:attachment":[{"href":"https:\/\/www.comosoft.eu\/fr\/wp-json\/wp\/v2\/media?parent=16765"}],"curies":[{"name":"wp","href":"https:\/\/api.w.org\/{rel}","templated":true}]}}