{"id":15800,"date":"2020-07-21T20:28:16","date_gmt":"2020-07-21T18:28:16","guid":{"rendered":"https:\/\/www.comosoft.eu\/communique-de-presse-alsa-hundewelt\/"},"modified":"2020-07-21T20:28:20","modified_gmt":"2020-07-21T18:28:20","slug":"communique-de-presse-alsa-hundewelt","status":"publish","type":"page","link":"https:\/\/www.comosoft.eu\/fr\/communique-de-presse-alsa-hundewelt\/","title":{"rendered":"Communiqu\u00e9 de presse :  alsa Hundewelt"},"content":{"rendered":"<div class=\"wpb-content-wrapper\"><p>[vc_row][vc_column width=&#8221;1\/1&#8243;][vc_column_text]<\/p>\n<h1>Comosoft, fournisseur de premier plan de logiciels de production de m\u00e9dias multicanaux et de PIM, gagne un partenaire solide dans le domaine des &#8220;aliments pour animaux&#8221; avec alsa Hundewelt<\/h1>\n<p><strong>alsa Hundewelt utilise d\u00e9sormais LAGO Professional pour toutes les activit\u00e9s multicanaux, telles que le commerce \u00e9lectronique, la production de catalogues et les bulletins d&#8217;information.<\/strong><\/p>\n<p><strong>Hambourg, 22 novembre 2016<\/strong> &#8211; Fond\u00e9e en 1997 au c\u0153ur de la Frise orientale, &#8220;alsa Hundewelt&#8221; a commenc\u00e9 son histoire \u00e0 succ\u00e8s avec la vision de nourrir le meilleur ami de l&#8217;homme d&#8217;une mani\u00e8re saine et adapt\u00e9e \u00e0 l&#8217;esp\u00e8ce. La soci\u00e9t\u00e9 \u00e9largit constamment sa production d&#8217;aliments pour animaux et sa gamme de produits et est devenue un sp\u00e9cialiste reconnu et une importante soci\u00e9t\u00e9 de vente par correspondance dans le secteur de l&#8217;alimentation animale.<br \/>\nalsa Hundewelt se caract\u00e9rise par une qualit\u00e9 de produit \u00e9lev\u00e9e et constante ainsi qu&#8217;une gamme de produits en constante augmentation, qui est maintenant encore plus mise en avant gr\u00e2ce \u00e0 la solution logicielle LAGO Professional de Comosoft. En tant que pierre angulaire centrale de l&#8217;entreprise, LAGO Professional a pour but de rendre la structure des donn\u00e9es et les processus internes \u00e0 l&#8217;\u00e9preuve du temps.<br \/>\nVoici quelques-uns des \u00e9l\u00e9ments qui ont \u00e9t\u00e9 d\u00e9cisifs pour la d\u00e9cision d&#8217;alsa hundewelt Un logiciel standard test\u00e9 avec succ\u00e8s et b\u00e9n\u00e9ficiant de plus de 20 ans d&#8217;exp\u00e9rience Une gestion uniforme des flux de travail Une interface utilisateur intuitive et moderne Une cartographie de toutes les exigences internes centralis\u00e9e dans un seul syst\u00e8me Un large \u00e9ventail de fonctions<br \/>\nAlignement multicanal gr\u00e2ce \u00e0 un contr\u00f4le central des communications<br \/>\n&#8220;Nous sommes tr\u00e8s heureux d&#8217;avoir trouv\u00e9 dans &#8220;LAGO Professional&#8221; un logiciel standard qui r\u00e9pond \u00e0 nos exigences et nous aide \u00e0 atteindre nos objectifs. De plus, nous avons rapidement r\u00e9alis\u00e9 que nous avions trouv\u00e9 en Comosoft un partenaire comp\u00e9tent et pr\u00e9voyant &#8211; une coop\u00e9ration \u00e9troite bas\u00e9e sur le partenariat est au c\u0153ur du succ\u00e8s de l&#8217;introduction d&#8217;un PIM&#8221;, d\u00e9clare Tomke Peters, chef de projet chez alsa Hundewelt.<br \/>\n&#8220;Nous sommes convaincus et tr\u00e8s heureux de pouvoir inspirer une entreprise forte et innovante avec alsa Hundewelt &#8211; d\u00e9j\u00e0 pendant la phase de vente, nous avons remarqu\u00e9 que l&#8217;interaction des deux entreprises correspond parfaitement&#8221;, d\u00e9clare Benjamin Ferreau, directeur g\u00e9n\u00e9ral de Comosoft GmbH.<br \/>\nLe projet devait se d\u00e9rouler jusqu&#8217;au troisi\u00e8me trimestre de cette ann\u00e9e. Apr\u00e8s l&#8217;int\u00e9gration r\u00e9ussie du syst\u00e8me, les deux entreprises passeront \u00e0 un d\u00e9veloppement ult\u00e9rieur commun.<br \/>\n[\/vc_column_text][\/vc_column][\/vc_row]<\/p>\n<\/div>","protected":false},"excerpt":{"rendered":"<p>[vc_row][vc_column width=&#8221;1\/1&#8243;][vc_column_text] Comosoft, fournisseur de premier plan de logiciels de production de m\u00e9dias multicanaux et de PIM, gagne un partenaire [&hellip;]<\/p>\n","protected":false},"author":103,"featured_media":0,"parent":0,"menu_order":0,"comment_status":"closed","ping_status":"closed","template":"","meta":{"footnotes":""},"class_list":["post-15800","page","type-page","status-publish","hentry"],"yoast_head":"<!-- This site is optimized with the Yoast SEO plugin v27.3 - https:\/\/yoast.com\/product\/yoast-seo-wordpress\/ -->\n<title>Communiqu\u00e9 de presse : alsa Hundewelt \/ Comosoft<\/title>\n<meta name=\"description\" content=\"Communiqu\u00e9 de presse : alsa Hundewelt: Comosoft, fournisseur de premier plan de logiciels de production de m\u00e9dias multicanaux et de PIM, gagne un partenaire solide dans le domaine des &quot;aliments\" \/>\n<meta name=\"robots\" content=\"index, follow, max-snippet:-1, max-image-preview:large, max-video-preview:-1\" \/>\n<link rel=\"canonical\" href=\"https:\/\/www.comosoft.eu\/fr\/communique-de-presse-alsa-hundewelt\/\" \/>\n<meta property=\"og:locale\" content=\"fr_FR\" \/>\n<meta property=\"og:type\" content=\"article\" \/>\n<meta property=\"og:title\" content=\"Communiqu\u00e9 de presse : alsa Hundewelt \/ Comosoft\" \/>\n<meta property=\"og:description\" content=\"Communiqu\u00e9 de presse : alsa Hundewelt: Comosoft, fournisseur de premier plan de logiciels de production de m\u00e9dias multicanaux et de PIM, gagne un partenaire solide dans le domaine des &quot;aliments\" \/>\n<meta property=\"og:url\" content=\"https:\/\/www.comosoft.eu\/fr\/communique-de-presse-alsa-hundewelt\/\" \/>\n<meta property=\"og:site_name\" content=\"Comosoft\" \/>\n<meta property=\"article:modified_time\" content=\"2020-07-21T18:28:20+00:00\" \/>\n<meta property=\"og:image\" content=\"https:\/\/www.comosoft.eu\/wp-content\/uploads\/2021\/01\/Digital-publishing.jpg\" \/>\n\t<meta property=\"og:image:width\" content=\"2000\" \/>\n\t<meta property=\"og:image:height\" content=\"1334\" \/>\n\t<meta property=\"og:image:type\" content=\"image\/jpeg\" \/>\n<meta name=\"twitter:card\" content=\"summary_large_image\" \/>\n<!-- \/ Yoast SEO plugin. -->","yoast_head_json":{"title":"Communiqu\u00e9 de presse : alsa Hundewelt \/ Comosoft","description":"Communiqu\u00e9 de presse : alsa Hundewelt: Comosoft, fournisseur de premier plan de logiciels de production de m\u00e9dias multicanaux et de PIM, gagne un partenaire solide dans le domaine des \"aliments","robots":{"index":"index","follow":"follow","max-snippet":"max-snippet:-1","max-image-preview":"max-image-preview:large","max-video-preview":"max-video-preview:-1"},"canonical":"https:\/\/www.comosoft.eu\/fr\/communique-de-presse-alsa-hundewelt\/","og_locale":"fr_FR","og_type":"article","og_title":"Communiqu\u00e9 de presse : alsa Hundewelt \/ Comosoft","og_description":"Communiqu\u00e9 de presse : alsa Hundewelt: Comosoft, fournisseur de premier plan de logiciels de production de m\u00e9dias multicanaux et de PIM, gagne un partenaire solide dans le domaine des \"aliments","og_url":"https:\/\/www.comosoft.eu\/fr\/communique-de-presse-alsa-hundewelt\/","og_site_name":"Comosoft","article_modified_time":"2020-07-21T18:28:20+00:00","og_image":[{"width":2000,"height":1334,"url":"https:\/\/www.comosoft.eu\/wp-content\/uploads\/2021\/01\/Digital-publishing.jpg","type":"image\/jpeg"}],"twitter_card":"summary_large_image","schema":{"@context":"https:\/\/schema.org","@graph":[{"@type":"WebPage","@id":"https:\/\/www.comosoft.eu\/fr\/communique-de-presse-alsa-hundewelt\/","url":"https:\/\/www.comosoft.eu\/fr\/communique-de-presse-alsa-hundewelt\/","name":"Communiqu\u00e9 de presse : alsa Hundewelt \/ Comosoft","isPartOf":{"@id":"https:\/\/www.comosoft.eu\/fr\/#website"},"datePublished":"2020-07-21T18:28:16+00:00","dateModified":"2020-07-21T18:28:20+00:00","description":"Communiqu\u00e9 de presse : alsa Hundewelt: Comosoft, fournisseur de premier plan de logiciels de production de m\u00e9dias multicanaux et de PIM, gagne un partenaire solide dans le domaine des \"aliments","breadcrumb":{"@id":"https:\/\/www.comosoft.eu\/fr\/communique-de-presse-alsa-hundewelt\/#breadcrumb"},"inLanguage":"fr-FR","potentialAction":[{"@type":"ReadAction","target":["https:\/\/www.comosoft.eu\/fr\/communique-de-presse-alsa-hundewelt\/"]}]},{"@type":"BreadcrumbList","@id":"https:\/\/www.comosoft.eu\/fr\/communique-de-presse-alsa-hundewelt\/#breadcrumb","itemListElement":[{"@type":"ListItem","position":1,"name":"Home","item":"https:\/\/www.comosoft.eu\/fr\/"},{"@type":"ListItem","position":2,"name":"Communiqu\u00e9 de presse : alsa Hundewelt"}]},{"@type":"WebSite","@id":"https:\/\/www.comosoft.eu\/fr\/#website","url":"https:\/\/www.comosoft.eu\/fr\/","name":"Comosoft","description":"Multichannel Solutions","publisher":{"@id":"https:\/\/www.comosoft.eu\/fr\/#organization"},"potentialAction":[{"@type":"SearchAction","target":{"@type":"EntryPoint","urlTemplate":"https:\/\/www.comosoft.eu\/fr\/?s={search_term_string}"},"query-input":{"@type":"PropertyValueSpecification","valueRequired":true,"valueName":"search_term_string"}}],"inLanguage":"fr-FR"},{"@type":"Organization","@id":"https:\/\/www.comosoft.eu\/fr\/#organization","name":"Comosoft GmbH","alternateName":"Multichannel Solutions","url":"https:\/\/www.comosoft.eu\/fr\/","logo":{"@type":"ImageObject","inLanguage":"fr-FR","@id":"https:\/\/www.comosoft.eu\/fr\/#\/schema\/logo\/image\/","url":"https:\/\/www.comosoft.eu\/wp-content\/uploads\/2021\/01\/Comosoft-Logo463.png","contentUrl":"https:\/\/www.comosoft.eu\/wp-content\/uploads\/2021\/01\/Comosoft-Logo463.png","width":1654,"height":337,"caption":"Comosoft GmbH"},"image":{"@id":"https:\/\/www.comosoft.eu\/fr\/#\/schema\/logo\/image\/"},"sameAs":["https:\/\/de.linkedin.com\/company\/comosoft?original_referer=httpswww.google.com"]}]}},"_links":{"self":[{"href":"https:\/\/www.comosoft.eu\/fr\/wp-json\/wp\/v2\/pages\/15800","targetHints":{"allow":["GET"]}}],"collection":[{"href":"https:\/\/www.comosoft.eu\/fr\/wp-json\/wp\/v2\/pages"}],"about":[{"href":"https:\/\/www.comosoft.eu\/fr\/wp-json\/wp\/v2\/types\/page"}],"author":[{"embeddable":true,"href":"https:\/\/www.comosoft.eu\/fr\/wp-json\/wp\/v2\/users\/103"}],"replies":[{"embeddable":true,"href":"https:\/\/www.comosoft.eu\/fr\/wp-json\/wp\/v2\/comments?post=15800"}],"version-history":[{"count":1,"href":"https:\/\/www.comosoft.eu\/fr\/wp-json\/wp\/v2\/pages\/15800\/revisions"}],"predecessor-version":[{"id":15801,"href":"https:\/\/www.comosoft.eu\/fr\/wp-json\/wp\/v2\/pages\/15800\/revisions\/15801"}],"wp:attachment":[{"href":"https:\/\/www.comosoft.eu\/fr\/wp-json\/wp\/v2\/media?parent=15800"}],"curies":[{"name":"wp","href":"https:\/\/api.w.org\/{rel}","templated":true}]}}