{"id":15706,"date":"2020-06-27T06:48:08","date_gmt":"2020-06-27T04:48:08","guid":{"rendered":"https:\/\/www.comosoft.eu\/communique-de-presse-posch-leibnitz\/"},"modified":"2020-06-27T06:48:11","modified_gmt":"2020-06-27T04:48:11","slug":"communique-de-presse-posch-leibnitz","status":"publish","type":"page","link":"https:\/\/www.comosoft.eu\/fr\/communique-de-presse-posch-leibnitz\/","title":{"rendered":"Communiqu\u00e9 de presse: POSCH Leibnitz"},"content":{"rendered":"<div class=\"wpb-content-wrapper\"><p>[vc_row][vc_column width=&#8221;1\/1&#8243;][vc_column_text]<\/p>\n<h1>POSCH Leibnitz s&#8217;appuie sur le portlight de Comosoft dans la discipline PIM L&#8217;impl\u00e9mentation sert de base \u00e0 la croissance de la communication client<\/h1>\n<p><b>POSCH Leibnitz utilisera \u00e0 l&#8217;avenir la lumi\u00e8re du port de Comosoft comme PIM, qui est la source centrale de donn\u00e9es sur les produits et peut \u00eatre aliment\u00e9e par les canaux de communication les plus divers. POSCH peut ainsi rendre justice \u00e0 l&#8217;approche complexe du client et optimiser la communication interne..<\/b><\/p>\n<p class=\"p3\"><strong>Hambourg\/Leibnitz, septembre 2015<\/strong> &#8211; L&#8217;entreprise familiale Posch, sp\u00e9cialiste et fabricant de machines pour le traitement du bois de chauffage, est devenue un pionnier de son secteur \u00e0 l&#8217;occasion de son 66e anniversaire. La pierre angulaire de ce succ\u00e8s repose, outre les employ\u00e9s, sur les principes &#8220;avantage technique&#8221; et &#8220;haute qualit\u00e9&#8221;. Ces principes devaient maintenant \u00eatre \u00e9galement \u00e9tablis dans la communication interne avec les clients. Pour cela, Posch cherchait un syst\u00e8me PIM qui augmenterait la qualit\u00e9 des donn\u00e9es et rendrait justice \u00e0 la complexit\u00e9 de l&#8217;adressage des clients. Avec le portlight PIM, Comosoft a d\u00e9velopp\u00e9 une plate-forme centrale pour l&#8217;ensemble des activit\u00e9s multicanaux, qui permet aux entreprises de garder toutes les donn\u00e9es sous contr\u00f4le et de les contr\u00f4ler via diff\u00e9rents canaux. Cela permet aux clients d&#8217;organiser sans effort leurs produits pour les utiliser dans les canaux de commercialisation et pour les diff\u00e9rentes langues et versions r\u00e9gionales.<br \/>\n&#8220;C&#8217;est finalement Comosoft et son portlight syst\u00e8me qui nous ont convaincus avec le bon m\u00e9lange de pr\u00e9voyance technologique, de simplicit\u00e9 d&#8217;utilisation et de prix tr\u00e8s juste&#8221;, explique Petra Tinnacher, directeur g\u00e9n\u00e9ral de POSCH. &#8220;Nous sommes tr\u00e8s heureux d&#8217;avoir trouv\u00e9 un partenaire pour optimiser nos processus internes et accro\u00eetre encore notre comp\u00e9titivit\u00e9&#8221;.<br \/>\nAvec la mise en place du portlight comme source centrale de donn\u00e9es sur les produits et son transfert vers diff\u00e9rents canaux de communication, plusieurs objectifs essentiels sont li\u00e9s pour Posch : Souverainet\u00e9 des donn\u00e9es centrales, d\u00e9veloppement et traitement du multilinguisme, remplissage des sites web et surtout travail contr\u00f4l\u00e9 en interne et avec des partenaires externes. D&#8217;ici la fin de 2015, le projet devrait d\u00e9j\u00e0 \u00eatre achev\u00e9 et l&#8217;exploitation en direct devrait avoir commenc\u00e9.<\/p>\n<p>[\/vc_column_text][\/vc_column][\/vc_row]<\/p>\n<\/div>","protected":false},"excerpt":{"rendered":"<p>[vc_row][vc_column width=&#8221;1\/1&#8243;][vc_column_text] POSCH Leibnitz s&#8217;appuie sur le portlight de Comosoft dans la discipline PIM L&#8217;impl\u00e9mentation sert de base \u00e0 la [&hellip;]<\/p>\n","protected":false},"author":103,"featured_media":0,"parent":0,"menu_order":0,"comment_status":"closed","ping_status":"closed","template":"","meta":{"footnotes":""},"class_list":["post-15706","page","type-page","status-publish","hentry"],"yoast_head":"<!-- This site is optimized with the Yoast SEO plugin v27.3 - https:\/\/yoast.com\/product\/yoast-seo-wordpress\/ -->\n<title>Communiqu\u00e9 de presse: POSCH Leibnitz \/ Comosoft<\/title>\n<meta name=\"description\" content=\"Communiqu\u00e9 de presse: POSCH Leibnitz: POSCH Leibnitz s&#039;appuie sur le portlight de Comosoft dans la discipline PIM L&#039;impl\u00e9mentation sert de base \u00e0 la croissance de la communication client POSCH\" \/>\n<meta name=\"robots\" content=\"index, follow, max-snippet:-1, max-image-preview:large, max-video-preview:-1\" \/>\n<link rel=\"canonical\" href=\"https:\/\/www.comosoft.eu\/fr\/communique-de-presse-posch-leibnitz\/\" \/>\n<meta property=\"og:locale\" content=\"fr_FR\" \/>\n<meta property=\"og:type\" content=\"article\" \/>\n<meta property=\"og:title\" content=\"Communiqu\u00e9 de presse: POSCH Leibnitz \/ Comosoft\" \/>\n<meta property=\"og:description\" content=\"Communiqu\u00e9 de presse: POSCH Leibnitz: POSCH Leibnitz s&#039;appuie sur le portlight de Comosoft dans la discipline PIM L&#039;impl\u00e9mentation sert de base \u00e0 la croissance de la communication client POSCH\" \/>\n<meta property=\"og:url\" content=\"https:\/\/www.comosoft.eu\/fr\/communique-de-presse-posch-leibnitz\/\" \/>\n<meta property=\"og:site_name\" content=\"Comosoft\" \/>\n<meta property=\"article:modified_time\" content=\"2020-06-27T04:48:11+00:00\" \/>\n<meta property=\"og:image\" content=\"https:\/\/www.comosoft.eu\/wp-content\/uploads\/2021\/01\/Digital-publishing.jpg\" \/>\n\t<meta property=\"og:image:width\" content=\"2000\" \/>\n\t<meta property=\"og:image:height\" content=\"1334\" \/>\n\t<meta property=\"og:image:type\" content=\"image\/jpeg\" \/>\n<meta name=\"twitter:card\" content=\"summary_large_image\" \/>\n<!-- \/ Yoast SEO plugin. -->","yoast_head_json":{"title":"Communiqu\u00e9 de presse: POSCH Leibnitz \/ Comosoft","description":"Communiqu\u00e9 de presse: POSCH Leibnitz: POSCH Leibnitz s'appuie sur le portlight de Comosoft dans la discipline PIM L'impl\u00e9mentation sert de base \u00e0 la croissance de la communication client POSCH","robots":{"index":"index","follow":"follow","max-snippet":"max-snippet:-1","max-image-preview":"max-image-preview:large","max-video-preview":"max-video-preview:-1"},"canonical":"https:\/\/www.comosoft.eu\/fr\/communique-de-presse-posch-leibnitz\/","og_locale":"fr_FR","og_type":"article","og_title":"Communiqu\u00e9 de presse: POSCH Leibnitz \/ Comosoft","og_description":"Communiqu\u00e9 de presse: POSCH Leibnitz: POSCH Leibnitz s'appuie sur le portlight de Comosoft dans la discipline PIM L'impl\u00e9mentation sert de base \u00e0 la croissance de la communication client POSCH","og_url":"https:\/\/www.comosoft.eu\/fr\/communique-de-presse-posch-leibnitz\/","og_site_name":"Comosoft","article_modified_time":"2020-06-27T04:48:11+00:00","og_image":[{"width":2000,"height":1334,"url":"https:\/\/www.comosoft.eu\/wp-content\/uploads\/2021\/01\/Digital-publishing.jpg","type":"image\/jpeg"}],"twitter_card":"summary_large_image","schema":{"@context":"https:\/\/schema.org","@graph":[{"@type":"WebPage","@id":"https:\/\/www.comosoft.eu\/fr\/communique-de-presse-posch-leibnitz\/","url":"https:\/\/www.comosoft.eu\/fr\/communique-de-presse-posch-leibnitz\/","name":"Communiqu\u00e9 de presse: POSCH Leibnitz \/ Comosoft","isPartOf":{"@id":"https:\/\/www.comosoft.eu\/fr\/#website"},"datePublished":"2020-06-27T04:48:08+00:00","dateModified":"2020-06-27T04:48:11+00:00","description":"Communiqu\u00e9 de presse: POSCH Leibnitz: POSCH Leibnitz s'appuie sur le portlight de Comosoft dans la discipline PIM L'impl\u00e9mentation sert de base \u00e0 la croissance de la communication client POSCH","breadcrumb":{"@id":"https:\/\/www.comosoft.eu\/fr\/communique-de-presse-posch-leibnitz\/#breadcrumb"},"inLanguage":"fr-FR","potentialAction":[{"@type":"ReadAction","target":["https:\/\/www.comosoft.eu\/fr\/communique-de-presse-posch-leibnitz\/"]}]},{"@type":"BreadcrumbList","@id":"https:\/\/www.comosoft.eu\/fr\/communique-de-presse-posch-leibnitz\/#breadcrumb","itemListElement":[{"@type":"ListItem","position":1,"name":"Home","item":"https:\/\/www.comosoft.eu\/fr\/"},{"@type":"ListItem","position":2,"name":"Communiqu\u00e9 de presse: POSCH Leibnitz"}]},{"@type":"WebSite","@id":"https:\/\/www.comosoft.eu\/fr\/#website","url":"https:\/\/www.comosoft.eu\/fr\/","name":"Comosoft","description":"Multichannel Solutions","publisher":{"@id":"https:\/\/www.comosoft.eu\/fr\/#organization"},"potentialAction":[{"@type":"SearchAction","target":{"@type":"EntryPoint","urlTemplate":"https:\/\/www.comosoft.eu\/fr\/?s={search_term_string}"},"query-input":{"@type":"PropertyValueSpecification","valueRequired":true,"valueName":"search_term_string"}}],"inLanguage":"fr-FR"},{"@type":"Organization","@id":"https:\/\/www.comosoft.eu\/fr\/#organization","name":"Comosoft GmbH","alternateName":"Multichannel Solutions","url":"https:\/\/www.comosoft.eu\/fr\/","logo":{"@type":"ImageObject","inLanguage":"fr-FR","@id":"https:\/\/www.comosoft.eu\/fr\/#\/schema\/logo\/image\/","url":"https:\/\/www.comosoft.eu\/wp-content\/uploads\/2021\/01\/Comosoft-Logo463.png","contentUrl":"https:\/\/www.comosoft.eu\/wp-content\/uploads\/2021\/01\/Comosoft-Logo463.png","width":1654,"height":337,"caption":"Comosoft GmbH"},"image":{"@id":"https:\/\/www.comosoft.eu\/fr\/#\/schema\/logo\/image\/"},"sameAs":["https:\/\/de.linkedin.com\/company\/comosoft?original_referer=httpswww.google.com"]}]}},"_links":{"self":[{"href":"https:\/\/www.comosoft.eu\/fr\/wp-json\/wp\/v2\/pages\/15706","targetHints":{"allow":["GET"]}}],"collection":[{"href":"https:\/\/www.comosoft.eu\/fr\/wp-json\/wp\/v2\/pages"}],"about":[{"href":"https:\/\/www.comosoft.eu\/fr\/wp-json\/wp\/v2\/types\/page"}],"author":[{"embeddable":true,"href":"https:\/\/www.comosoft.eu\/fr\/wp-json\/wp\/v2\/users\/103"}],"replies":[{"embeddable":true,"href":"https:\/\/www.comosoft.eu\/fr\/wp-json\/wp\/v2\/comments?post=15706"}],"version-history":[{"count":1,"href":"https:\/\/www.comosoft.eu\/fr\/wp-json\/wp\/v2\/pages\/15706\/revisions"}],"predecessor-version":[{"id":15707,"href":"https:\/\/www.comosoft.eu\/fr\/wp-json\/wp\/v2\/pages\/15706\/revisions\/15707"}],"wp:attachment":[{"href":"https:\/\/www.comosoft.eu\/fr\/wp-json\/wp\/v2\/media?parent=15706"}],"curies":[{"name":"wp","href":"https:\/\/api.w.org\/{rel}","templated":true}]}}