{"id":15699,"date":"2020-06-27T06:30:54","date_gmt":"2020-06-27T04:30:54","guid":{"rendered":"https:\/\/www.comosoft.eu\/communique-de-presse-raja\/"},"modified":"2022-07-15T12:28:00","modified_gmt":"2022-07-15T10:28:00","slug":"communique-de-presse-raja","status":"publish","type":"page","link":"https:\/\/www.comosoft.eu\/fr\/communique-de-presse-raja\/","title":{"rendered":"Communiqu\u00e9 de presse : RAJA"},"content":{"rendered":"<div class=\"wpb-content-wrapper\"><p>[vc_row][vc_column width=&#8221;1\/1&#8243;][vc_column_text]<\/p>\n<h1><span lang=\"FR\">Comosoft, fournisseur leader de solutions PIM &amp; de production de m\u00e9dias multicanal, gagne la confiance du num\u00e9ro 1 europ\u00e9en de l\u2019emballage, le groupe RAJA <\/span><\/h1>\n<p><b><span lang=\"FR\">\u00c0 travers le projet strat\u00e9gique \u00ab\u00a0RAJAMEDIA Vision\u00a0\u00bb, RAJA jette les bases de l\u2019approfondissement de son approche client multicanal. Comosoft fournit \u00e0 cet effet la solution (PIM) conjointement avec IBM (MDM)<\/span>.<\/b><\/p>\n<p class=\"p2\"><span lang=\"FR\"><strong>Hambourg\/Paris, octobre 2016<\/strong> \u2013 Le groupe fran\u00e7ais RAJA, expert en emballages de tout genre, est devenu un acteur multicanal au cours des derni\u00e8res ann\u00e9es. Les principaux canaux utilis\u00e9s jusqu\u2019ici pour commercialiser \u00ab\u00a0un vaste panels de produits de haute qualit\u00e9\u00a0\u00bb sont le catalogue, les boutiques en ligne, le t\u00e9l\u00e9phone et 19 filiales. Afin de poursuivre son expansion, l\u2019entreprise a d\u00e9marr\u00e9 en 2015 son projet \u00ab\u00a0RAJAMEDIA Vision\u00a0\u00bb et s\u2019est employ\u00e9e \u00e0 rechercher des solutions syst\u00e8me ad\u00e9quates. Le processus de s\u00e9lection en quatre \u00e9tapes a abouti \u00e0 : LAGO4 de Comosoft.<\/span><\/p>\n<p class=\"p2\"><span lang=\"FR\">Voici quelques fonctionnalit\u00e9s qui ont pes\u00e9 dans la d\u00e9cision du groupe RAJA :<\/span><\/p>\n<ul>\n<li class=\"p2\"><span lang=\"FR\">La combinaison d\u2019un syst\u00e8me PIM et MAM dans le \u00ab\u00a0core\u00a0\u00bb, y compris la distribution enti\u00e8rement int\u00e9gr\u00e9e dans le logiciel de publication assist\u00e9e par ordinateur InDesign.<\/span><\/li>\n<li class=\"p2\"><span lang=\"FR\">Le puissant \u00ab\u00a0whiteboard\u00a0\u00bb permettant de planifier les produits de mani\u00e8re rapide et efficace sur les pages de catalogue par copier&amp;coller.<\/span><\/li>\n<li class=\"p2\"><span lang=\"FR\">Gr\u00e2ce \u00e0 la planification de m\u00e9dias, le d\u00e9partement E-commerce est en mesure de structurer et d\u2019organiser ses boutiques en ligne compl\u00e8tes et de les finaliser sous forme de flux produits en cat\u00e9gories de leur choix<\/span><\/li>\n<li class=\"p2\"><span lang=\"FR\">De plus, LAGO5 \u00e9tait le seul syst\u00e8me \u00e0 proposer un client lourd et un client web \u00e9quivalent dans la short liste. Chaque d\u00e9partement peut ainsi travailler sous la forme souhait\u00e9e et l\u2019acc\u00e8s \u00e0 distance est possible sans la moindre restriction<\/span><\/li>\n<\/ul>\n<p class=\"p2\"><span lang=\"FR\">\u00ab\u00a0Nous avons eu un processus de s\u00e9lection tr\u00e8s long et intense, et sommes \u00e0 100 % s\u00fbrs d\u2019avoir trouv\u00e9 en Comosoft un partenaire \u00e0 long terme extr\u00eamement innovant. Avec lui, nous allons pouvoir optimiser les processus internes et renforcer notre comp\u00e9titivit\u00e9\u00a0\u00bb, constate H\u00e9l\u00e8ne Gariba, responsable RAJA MEDIA.<\/span><\/p>\n<p class=\"p2\"><span lang=\"FR\">\u00ab\u00a0Cette combinaison de vision technologique, de disponibilit\u00e9 fonctionnelle et d\u2019une bonne base de communication mutuelle a \u00e9t\u00e9 d\u00e9terminante dans notre choix\u00a0\u00bb, ajoute Lionel Moraux, directeur IT.<\/span><\/p>\n<p><span lang=\"FR\">D\u2019autres projets sont envisag\u00e9s pour l\u2019avenir, tels que la personnalisation automatis\u00e9e (approche one-to-one) et l\u2019Online Marketing Suite (cr\u00e9ation simple de contenus en ligne, valid\u00e9s et diffus\u00e9s).<\/span><\/p>\n<p><span lang=\"FR\">\u00ab\u00a0Nous nous f\u00e9licitons d\u2019avoir convaincu le groupe RAJA suite \u00e0 ce long et intense processus de s\u00e9lection. L\u2019entreprise r\u00e9pond tout \u00e0 fait \u00e0 nos attentes, et les \u00e9quipes travaillent parfaitement ensemble, c\u2019est, comme chacun sait, l\u2019un des facteurs de r\u00e9ussite des impl\u00e9mentations logicielles. \u00c0 cela s\u2019ajoute le fait que nous avons cr\u00e9\u00e9 une excellente base avec RAJA afin de progresser sur le march\u00e9 fran\u00e7ais ; nous pr\u00e9voyons d\u2019y ouvrir une filiale en 2016\u00a0\u00bb, ajoute Benjamin Ferreau, directeur-g\u00e9rant de Comosoft GmbH.<\/span><br \/>\n[\/vc_column_text][\/vc_column][\/vc_row]<\/p>\n<\/div>","protected":false},"excerpt":{"rendered":"<p>[vc_row][vc_column width=&#8221;1\/1&#8243;][vc_column_text] Comosoft, fournisseur leader de solutions PIM &amp; de production de m\u00e9dias multicanal, gagne la confiance du num\u00e9ro 1 [&hellip;]<\/p>\n","protected":false},"author":103,"featured_media":0,"parent":0,"menu_order":0,"comment_status":"closed","ping_status":"closed","template":"","meta":{"footnotes":""},"class_list":["post-15699","page","type-page","status-publish","hentry"],"yoast_head":"<!-- This site is optimized with the Yoast SEO plugin v27.5 - https:\/\/yoast.com\/product\/yoast-seo-wordpress\/ -->\n<title>Communiqu\u00e9 de presse : RAJA \/ Comosoft<\/title>\n<meta name=\"description\" content=\"Communiqu\u00e9 de presse : RAJA: Comosoft, fournisseur leader de solutions PIM &amp; de production de m\u00e9dias multicanal, gagne la confiance du num\u00e9ro 1 europ\u00e9en de l\u2019emballage, le groupe\" \/>\n<meta name=\"robots\" content=\"index, follow, max-snippet:-1, max-image-preview:large, max-video-preview:-1\" \/>\n<link rel=\"canonical\" href=\"https:\/\/www.comosoft.eu\/fr\/communique-de-presse-raja\/\" \/>\n<meta property=\"og:locale\" content=\"fr_FR\" \/>\n<meta property=\"og:type\" content=\"article\" \/>\n<meta property=\"og:title\" content=\"Communiqu\u00e9 de presse : RAJA \/ Comosoft\" \/>\n<meta property=\"og:description\" content=\"Communiqu\u00e9 de presse : RAJA: Comosoft, fournisseur leader de solutions PIM &amp; de production de m\u00e9dias multicanal, gagne la confiance du num\u00e9ro 1 europ\u00e9en de l\u2019emballage, le groupe\" \/>\n<meta property=\"og:url\" content=\"https:\/\/www.comosoft.eu\/fr\/communique-de-presse-raja\/\" \/>\n<meta property=\"og:site_name\" content=\"Comosoft\" \/>\n<meta property=\"article:modified_time\" content=\"2022-07-15T10:28:00+00:00\" \/>\n<meta property=\"og:image\" content=\"https:\/\/www.comosoft.eu\/wp-content\/uploads\/2021\/01\/Digital-publishing.jpg\" \/>\n\t<meta property=\"og:image:width\" content=\"2000\" \/>\n\t<meta property=\"og:image:height\" content=\"1334\" \/>\n\t<meta property=\"og:image:type\" content=\"image\/jpeg\" \/>\n<meta name=\"twitter:card\" content=\"summary_large_image\" \/>\n<!-- \/ Yoast SEO plugin. -->","yoast_head_json":{"title":"Communiqu\u00e9 de presse : RAJA \/ Comosoft","description":"Communiqu\u00e9 de presse : RAJA: Comosoft, fournisseur leader de solutions PIM &amp; de production de m\u00e9dias multicanal, gagne la confiance du num\u00e9ro 1 europ\u00e9en de l\u2019emballage, le groupe","robots":{"index":"index","follow":"follow","max-snippet":"max-snippet:-1","max-image-preview":"max-image-preview:large","max-video-preview":"max-video-preview:-1"},"canonical":"https:\/\/www.comosoft.eu\/fr\/communique-de-presse-raja\/","og_locale":"fr_FR","og_type":"article","og_title":"Communiqu\u00e9 de presse : RAJA \/ Comosoft","og_description":"Communiqu\u00e9 de presse : RAJA: Comosoft, fournisseur leader de solutions PIM &amp; de production de m\u00e9dias multicanal, gagne la confiance du num\u00e9ro 1 europ\u00e9en de l\u2019emballage, le groupe","og_url":"https:\/\/www.comosoft.eu\/fr\/communique-de-presse-raja\/","og_site_name":"Comosoft","article_modified_time":"2022-07-15T10:28:00+00:00","og_image":[{"width":2000,"height":1334,"url":"https:\/\/www.comosoft.eu\/wp-content\/uploads\/2021\/01\/Digital-publishing.jpg","type":"image\/jpeg"}],"twitter_card":"summary_large_image","schema":{"@context":"https:\/\/schema.org","@graph":[{"@type":"WebPage","@id":"https:\/\/www.comosoft.eu\/fr\/communique-de-presse-raja\/","url":"https:\/\/www.comosoft.eu\/fr\/communique-de-presse-raja\/","name":"Communiqu\u00e9 de presse : RAJA \/ Comosoft","isPartOf":{"@id":"https:\/\/www.comosoft.eu\/fr\/#website"},"datePublished":"2020-06-27T04:30:54+00:00","dateModified":"2022-07-15T10:28:00+00:00","description":"Communiqu\u00e9 de presse : RAJA: Comosoft, fournisseur leader de solutions PIM &amp; de production de m\u00e9dias multicanal, gagne la confiance du num\u00e9ro 1 europ\u00e9en de l\u2019emballage, le groupe","breadcrumb":{"@id":"https:\/\/www.comosoft.eu\/fr\/communique-de-presse-raja\/#breadcrumb"},"inLanguage":"fr-FR","potentialAction":[{"@type":"ReadAction","target":["https:\/\/www.comosoft.eu\/fr\/communique-de-presse-raja\/"]}]},{"@type":"BreadcrumbList","@id":"https:\/\/www.comosoft.eu\/fr\/communique-de-presse-raja\/#breadcrumb","itemListElement":[{"@type":"ListItem","position":1,"name":"Home","item":"https:\/\/www.comosoft.eu\/fr\/"},{"@type":"ListItem","position":2,"name":"Communiqu\u00e9 de presse : RAJA"}]},{"@type":"WebSite","@id":"https:\/\/www.comosoft.eu\/fr\/#website","url":"https:\/\/www.comosoft.eu\/fr\/","name":"Comosoft","description":"Multichannel Solutions","publisher":{"@id":"https:\/\/www.comosoft.eu\/fr\/#organization"},"potentialAction":[{"@type":"SearchAction","target":{"@type":"EntryPoint","urlTemplate":"https:\/\/www.comosoft.eu\/fr\/?s={search_term_string}"},"query-input":{"@type":"PropertyValueSpecification","valueRequired":true,"valueName":"search_term_string"}}],"inLanguage":"fr-FR"},{"@type":"Organization","@id":"https:\/\/www.comosoft.eu\/fr\/#organization","name":"Comosoft GmbH","alternateName":"Multichannel Solutions","url":"https:\/\/www.comosoft.eu\/fr\/","logo":{"@type":"ImageObject","inLanguage":"fr-FR","@id":"https:\/\/www.comosoft.eu\/fr\/#\/schema\/logo\/image\/","url":"https:\/\/www.comosoft.eu\/wp-content\/uploads\/2021\/01\/Comosoft-Logo463.png","contentUrl":"https:\/\/www.comosoft.eu\/wp-content\/uploads\/2021\/01\/Comosoft-Logo463.png","width":1654,"height":337,"caption":"Comosoft GmbH"},"image":{"@id":"https:\/\/www.comosoft.eu\/fr\/#\/schema\/logo\/image\/"},"sameAs":["https:\/\/de.linkedin.com\/company\/comosoft?original_referer=httpswww.google.com"]}]}},"_links":{"self":[{"href":"https:\/\/www.comosoft.eu\/fr\/wp-json\/wp\/v2\/pages\/15699","targetHints":{"allow":["GET"]}}],"collection":[{"href":"https:\/\/www.comosoft.eu\/fr\/wp-json\/wp\/v2\/pages"}],"about":[{"href":"https:\/\/www.comosoft.eu\/fr\/wp-json\/wp\/v2\/types\/page"}],"author":[{"embeddable":true,"href":"https:\/\/www.comosoft.eu\/fr\/wp-json\/wp\/v2\/users\/103"}],"replies":[{"embeddable":true,"href":"https:\/\/www.comosoft.eu\/fr\/wp-json\/wp\/v2\/comments?post=15699"}],"version-history":[{"count":1,"href":"https:\/\/www.comosoft.eu\/fr\/wp-json\/wp\/v2\/pages\/15699\/revisions"}],"predecessor-version":[{"id":15700,"href":"https:\/\/www.comosoft.eu\/fr\/wp-json\/wp\/v2\/pages\/15699\/revisions\/15700"}],"wp:attachment":[{"href":"https:\/\/www.comosoft.eu\/fr\/wp-json\/wp\/v2\/media?parent=15699"}],"curies":[{"name":"wp","href":"https:\/\/api.w.org\/{rel}","templated":true}]}}