{"id":15695,"date":"2020-06-27T06:22:58","date_gmt":"2020-06-27T04:22:58","guid":{"rendered":"https:\/\/www.comosoft.eu\/communique-de-presse-brandlabel\/"},"modified":"2020-07-21T20:21:45","modified_gmt":"2020-07-21T18:21:45","slug":"communique-de-presse-brandlabel","status":"publish","type":"page","link":"https:\/\/www.comosoft.eu\/fr\/communique-de-presse-brandlabel\/","title":{"rendered":"Communiqu\u00e9 de presse Brand&#038;Label"},"content":{"rendered":"<div class=\"wpb-content-wrapper\"><p>[vc_row][vc_column width=&#8221;1\/1&#8243;][vc_column_text]<\/p>\n<h1>Comosoft s&#8217;\u00e9tend en Am\u00e9rique du Sud<\/h1>\n<p><b><span lang=\"FR\">Comosoft poursuit avec succ\u00e8s son internationalisation et trouve chez Brand&amp;Label le partenaire ad\u00e9quat pour se d\u00e9velopper sur le march\u00e9 sud-am\u00e9ricain.<\/span><br \/>\n<\/b><\/p>\n<p class=\"p3\"><span lang=\"FR\"><strong>Hambourg\/Chili, f\u00e9vrier 2017<\/strong> : Comosoft, l\u2019un des fournisseurs leaders en solutions multicanal destin\u00e9s aux segments \u00ab\u00a0Consumer Goods &amp; Retail\u00a0\u00bb, \u00ab\u00a0Commerce par correspondance &amp; E-Commerce\u00a0\u00bb et \u00ab\u00a0Industrie\u00a0\u00bb poursuit l\u2019internationalisation qu\u2019il a d\u00e9marr\u00e9e il y a plus de seize ans, et trouve en Brand&amp;Label le partenaire optimal. L\u2019objectif vis\u00e9 est d\u2019apporter un soutien actif aux entreprises implant\u00e9es sur le march\u00e9 sud-am\u00e9ricain aussi bien sur le plan de la transformation digitale que dans le commerce omnicanal.<\/span><\/p>\n<p><span lang=\"FR\">L\u2019entr\u00e9e sur le march\u00e9 nord-am\u00e9ricain il y a a plus de seize ans constitue une excellente base : les agences leaders am\u00e9ricaines et les plus grands distributeurs du monde (comme par exemple Sears, Lowe\u2019s, Walgreens, BassPro) des segments les plus divers font confiance \u00e0 la comp\u00e9tence technologique de Comosoft GmbH. Dans le cadre de l\u2019entr\u00e9e sur le march\u00e9 nord-am\u00e9ricain, une importante et florissante entreprise commerciale en produits cosm\u00e9tiques a pu \u00eatre d\u00e9march\u00e9e en Am\u00e9rique latine (P\u00e9rou).<\/span><\/p>\n<p><span lang=\"FR\">La coop\u00e9ration avec Brand&amp;Label est une \u00e9tape logique et capitale pour continuer \u00e0 d\u00e9velopper ce march\u00e9 d\u2019avenir. \u00c0 cet effet, Brand&amp;Label joue un r\u00f4le essentiel : c\u2019est seulement \u00e0 travers cette coop\u00e9ration qu\u2019il est possible de r\u00e9pondre le mieux possible aux demandes et besoins locaux de la client\u00e8le.<\/span><\/p>\n<p><strong><span lang=\"FR\">Plus que les langues \u2013 le savoir-faire par excellence.<\/span><\/strong><\/p>\n<p><span lang=\"FR\">Contourner les barri\u00e8res linguistiques est un important facteur pour r\u00e9ussir \u00e0 s\u2019imposer sur le march\u00e9 sud-am\u00e9ricain en tant que fournisseur allemand \u2013 il est impossible d\u2019utiliser avec succ\u00e8s un logiciel si celui-ci ne fait pas l\u2019objet d\u2019une impl\u00e9mentation professionnelle avec le savoir-faire de l\u2019industrie. En Brand&amp;Label, Comosoft GmbH a trouv\u00e9 une \u00e9quipe jeune et dynamique qui ma\u00eetrise bien plus que les langues locales : elle est experte en strat\u00e9gies de transformation num\u00e9rique. Ils savent exactement comment venir en aide aux entreprises, r\u00e9aliser des \u00e9conomies de temps et de co\u00fbts dans les processus marketing, et ont d\u00e9sormais de bons outils logiciels dans leur gamme de produits.<\/span><\/p>\n<p><strong><span lang=\"FR\">Think global, act local<\/span><\/strong><\/p>\n<p><span lang=\"FR\">Comosoft souhaite d\u00e9sormais apporter ses longues ann\u00e9es de savoir-faire acquis dans le cadre de projets internationaux sur le march\u00e9 sud-am\u00e9ricain et continuer \u00e0 exploiter le potentiel local conjointement avec le partenaire Brand&amp;Label SPA. Les deux entreprises partagent la passion de la transformation digitale \/ du commerce omnicanal, l\u2019\u00e9tat d\u2019esprit \u00ab\u00a0global\u00a0\u00bb et l\u2019enracinement local pour r\u00e9ussir l\u2019impl\u00e9mentation.<\/span><\/p>\n<p><span lang=\"FR\">Benjamin Ferreau, directeur-g\u00e9rant de Comosoft GmbH et responsable des Ventes et du Marketing au niveau international : \u00ab\u00a0Nous sommes extr\u00eamement ravis d\u2019avoir trouv\u00e9 en Brand&amp;Level un partenaire afin de soutenir conjointement les entreprises dans la transformation digitale. \u00c0 cet effet, nous r\u00e9unissons le\u00a0\u00ab\u00a0meilleur des deux mondes\u00a0\u00bb, nous sommes parfaitement en phase sur le plan th\u00e9matique et humain !\u00a0\u00bb<\/span><\/p>\n<p><span lang=\"FR\">Sebastian Hercovich, fondateur et CEO de Brand&amp;Label : \u00ab\u00a0Nous sommes une jeune \u00e9quipe dynamique qui souhaite proposer des solutions aux entreprises afin de r\u00e9pondre aux enjeux croissants. C\u2019est \u00e0 cette fin que nous recherchons des solutions d\u2019experts. Avec Comosoft et le logiciel LAGO, nous avons trouv\u00e9 pour nous le partenaire id\u00e9al en termes de solutions multicanal et de gestion de l\u2019information produit. Nous nous r\u00e9jouissons de travailler avec eux !\u00a0\u00bb<\/span>[\/vc_column_text][\/vc_column][\/vc_row]<\/p>\n<\/div>","protected":false},"excerpt":{"rendered":"<p>[vc_row][vc_column width=&#8221;1\/1&#8243;][vc_column_text] Comosoft s&#8217;\u00e9tend en Am\u00e9rique du Sud Comosoft poursuit avec succ\u00e8s son internationalisation et trouve chez Brand&amp;Label le partenaire [&hellip;]<\/p>\n","protected":false},"author":103,"featured_media":0,"parent":0,"menu_order":0,"comment_status":"closed","ping_status":"closed","template":"","meta":{"footnotes":""},"class_list":["post-15695","page","type-page","status-publish","hentry"],"yoast_head":"<!-- This site is optimized with the Yoast SEO plugin v27.3 - https:\/\/yoast.com\/product\/yoast-seo-wordpress\/ -->\n<title>Communiqu\u00e9 de presse Brand&amp;Label \/ Comosoft<\/title>\n<meta name=\"description\" content=\"Communiqu\u00e9 de presse Brand&amp;Label: Comosoft s&#039;\u00e9tend en Am\u00e9rique du Sud Comosoft poursuit avec succ\u00e8s son internationalisation et trouve chez Brand&amp;Label le partenaire ad\u00e9quat pour se\" \/>\n<meta name=\"robots\" content=\"index, follow, max-snippet:-1, max-image-preview:large, max-video-preview:-1\" \/>\n<link rel=\"canonical\" href=\"https:\/\/www.comosoft.eu\/fr\/communique-de-presse-brandlabel\/\" \/>\n<meta property=\"og:locale\" content=\"fr_FR\" \/>\n<meta property=\"og:type\" content=\"article\" \/>\n<meta property=\"og:title\" content=\"Communiqu\u00e9 de presse Brand&amp;Label \/ Comosoft\" \/>\n<meta property=\"og:description\" content=\"Communiqu\u00e9 de presse Brand&amp;Label: Comosoft s&#039;\u00e9tend en Am\u00e9rique du Sud Comosoft poursuit avec succ\u00e8s son internationalisation et trouve chez Brand&amp;Label le partenaire ad\u00e9quat pour se\" \/>\n<meta property=\"og:url\" content=\"https:\/\/www.comosoft.eu\/fr\/communique-de-presse-brandlabel\/\" \/>\n<meta property=\"og:site_name\" content=\"Comosoft\" \/>\n<meta property=\"article:modified_time\" content=\"2020-07-21T18:21:45+00:00\" \/>\n<meta property=\"og:image\" content=\"https:\/\/www.comosoft.eu\/wp-content\/uploads\/2021\/01\/Digital-publishing.jpg\" \/>\n\t<meta property=\"og:image:width\" content=\"2000\" \/>\n\t<meta property=\"og:image:height\" content=\"1334\" \/>\n\t<meta property=\"og:image:type\" content=\"image\/jpeg\" \/>\n<meta name=\"twitter:card\" content=\"summary_large_image\" \/>\n<!-- \/ Yoast SEO plugin. -->","yoast_head_json":{"title":"Communiqu\u00e9 de presse Brand&Label \/ Comosoft","description":"Communiqu\u00e9 de presse Brand&Label: Comosoft s'\u00e9tend en Am\u00e9rique du Sud Comosoft poursuit avec succ\u00e8s son internationalisation et trouve chez Brand&amp;Label le partenaire ad\u00e9quat pour se","robots":{"index":"index","follow":"follow","max-snippet":"max-snippet:-1","max-image-preview":"max-image-preview:large","max-video-preview":"max-video-preview:-1"},"canonical":"https:\/\/www.comosoft.eu\/fr\/communique-de-presse-brandlabel\/","og_locale":"fr_FR","og_type":"article","og_title":"Communiqu\u00e9 de presse Brand&Label \/ Comosoft","og_description":"Communiqu\u00e9 de presse Brand&Label: Comosoft s'\u00e9tend en Am\u00e9rique du Sud Comosoft poursuit avec succ\u00e8s son internationalisation et trouve chez Brand&amp;Label le partenaire ad\u00e9quat pour se","og_url":"https:\/\/www.comosoft.eu\/fr\/communique-de-presse-brandlabel\/","og_site_name":"Comosoft","article_modified_time":"2020-07-21T18:21:45+00:00","og_image":[{"width":2000,"height":1334,"url":"https:\/\/www.comosoft.eu\/wp-content\/uploads\/2021\/01\/Digital-publishing.jpg","type":"image\/jpeg"}],"twitter_card":"summary_large_image","schema":{"@context":"https:\/\/schema.org","@graph":[{"@type":"WebPage","@id":"https:\/\/www.comosoft.eu\/fr\/communique-de-presse-brandlabel\/","url":"https:\/\/www.comosoft.eu\/fr\/communique-de-presse-brandlabel\/","name":"Communiqu\u00e9 de presse Brand&Label \/ Comosoft","isPartOf":{"@id":"https:\/\/www.comosoft.eu\/fr\/#website"},"datePublished":"2020-06-27T04:22:58+00:00","dateModified":"2020-07-21T18:21:45+00:00","description":"Communiqu\u00e9 de presse Brand&Label: Comosoft s'\u00e9tend en Am\u00e9rique du Sud Comosoft poursuit avec succ\u00e8s son internationalisation et trouve chez Brand&amp;Label le partenaire ad\u00e9quat pour se","breadcrumb":{"@id":"https:\/\/www.comosoft.eu\/fr\/communique-de-presse-brandlabel\/#breadcrumb"},"inLanguage":"fr-FR","potentialAction":[{"@type":"ReadAction","target":["https:\/\/www.comosoft.eu\/fr\/communique-de-presse-brandlabel\/"]}]},{"@type":"BreadcrumbList","@id":"https:\/\/www.comosoft.eu\/fr\/communique-de-presse-brandlabel\/#breadcrumb","itemListElement":[{"@type":"ListItem","position":1,"name":"Home","item":"https:\/\/www.comosoft.eu\/fr\/"},{"@type":"ListItem","position":2,"name":"Communiqu\u00e9 de presse Brand&#038;Label"}]},{"@type":"WebSite","@id":"https:\/\/www.comosoft.eu\/fr\/#website","url":"https:\/\/www.comosoft.eu\/fr\/","name":"Comosoft","description":"Multichannel Solutions","publisher":{"@id":"https:\/\/www.comosoft.eu\/fr\/#organization"},"potentialAction":[{"@type":"SearchAction","target":{"@type":"EntryPoint","urlTemplate":"https:\/\/www.comosoft.eu\/fr\/?s={search_term_string}"},"query-input":{"@type":"PropertyValueSpecification","valueRequired":true,"valueName":"search_term_string"}}],"inLanguage":"fr-FR"},{"@type":"Organization","@id":"https:\/\/www.comosoft.eu\/fr\/#organization","name":"Comosoft GmbH","alternateName":"Multichannel Solutions","url":"https:\/\/www.comosoft.eu\/fr\/","logo":{"@type":"ImageObject","inLanguage":"fr-FR","@id":"https:\/\/www.comosoft.eu\/fr\/#\/schema\/logo\/image\/","url":"https:\/\/www.comosoft.eu\/wp-content\/uploads\/2021\/01\/Comosoft-Logo463.png","contentUrl":"https:\/\/www.comosoft.eu\/wp-content\/uploads\/2021\/01\/Comosoft-Logo463.png","width":1654,"height":337,"caption":"Comosoft GmbH"},"image":{"@id":"https:\/\/www.comosoft.eu\/fr\/#\/schema\/logo\/image\/"},"sameAs":["https:\/\/de.linkedin.com\/company\/comosoft?original_referer=httpswww.google.com"]}]}},"_links":{"self":[{"href":"https:\/\/www.comosoft.eu\/fr\/wp-json\/wp\/v2\/pages\/15695","targetHints":{"allow":["GET"]}}],"collection":[{"href":"https:\/\/www.comosoft.eu\/fr\/wp-json\/wp\/v2\/pages"}],"about":[{"href":"https:\/\/www.comosoft.eu\/fr\/wp-json\/wp\/v2\/types\/page"}],"author":[{"embeddable":true,"href":"https:\/\/www.comosoft.eu\/fr\/wp-json\/wp\/v2\/users\/103"}],"replies":[{"embeddable":true,"href":"https:\/\/www.comosoft.eu\/fr\/wp-json\/wp\/v2\/comments?post=15695"}],"version-history":[{"count":2,"href":"https:\/\/www.comosoft.eu\/fr\/wp-json\/wp\/v2\/pages\/15695\/revisions"}],"predecessor-version":[{"id":15799,"href":"https:\/\/www.comosoft.eu\/fr\/wp-json\/wp\/v2\/pages\/15695\/revisions\/15799"}],"wp:attachment":[{"href":"https:\/\/www.comosoft.eu\/fr\/wp-json\/wp\/v2\/media?parent=15695"}],"curies":[{"name":"wp","href":"https:\/\/api.w.org\/{rel}","templated":true}]}}