{"id":15692,"date":"2020-06-27T06:17:25","date_gmt":"2020-06-27T04:17:25","guid":{"rendered":"https:\/\/www.comosoft.eu\/communique-de-presse-hoerl-im\/"},"modified":"2022-09-05T11:45:21","modified_gmt":"2022-09-05T09:45:21","slug":"communique-de-presse-hoerl-im","status":"publish","type":"page","link":"https:\/\/www.comosoft.eu\/fr\/communique-de-presse-hoerl-im\/","title":{"rendered":"Communiqu\u00e9 de presse: hoerl IM"},"content":{"rendered":"<div class=\"wpb-content-wrapper\"><p>[vc_row][vc_column width=&#8221;1\/1&#8243;][vc_column_text]<\/p>\n<h1 class=\"p1\"><span lang=\"FR\">Rachat d\u2019asim GmbH par hoerl Information Management GmbH :<\/span> <span lang=\"FR\">Comosoft et hoerl IM renforcent leur partenariat<\/span><\/h1>\n<p class=\"p2\"><span lang=\"FR\"><strong>Hambourg \/ Stuttgart, juillet 2017<\/strong> : Prolongation des contrats de maintenance asim ; s\u00e9curit\u00e9 \u00e9tendue et comp\u00e9tences dans l\u2019asim Base Migration ; coop\u00e9ration d\u2019offres entre hoerl IM, Comosoft et le groupe Eversfrank ; concentration des comp\u00e9tences conseil et syst\u00e8me pour les fabricants et l\u2019industrie.<\/span><\/p>\n<p class=\"p2\"><span lang=\"FR\">Les entreprises hoerl Information Management GmbH et Comosoft GmbH ont relanc\u00e9 le 1er juillet 2017 la coop\u00e9ration constructive, qu\u2019ils entretenaient jusqu\u2019ici, sur une nouvelle base. Hoerl IM rach\u00e8te les parts de l\u2019\u00e9diteur de solutions logicielles PIM destin\u00e9es \u00e0 l\u2019industrie, asim, implant\u00e9 \u00e0 Waiblingen pr\u00e8s de Stuttgart, que Comosoft d\u00e9tenait jusqu\u2019ici. Hoerl IM devient partenaire d\u2019impl\u00e9mentation de Comosoft et apporte \u00e0 cette fin ses connaissances en mati\u00e8re de solutions PIM d\u00e9di\u00e9es \u00e0 l\u2019industrie.<\/span><\/p>\n<p class=\"p2\"><span lang=\"FR\">Comosoft a rachet\u00e9 asim GmbH de l\u2019imprimerie Druckhaus Waiblingen il y a deux ans et s\u2019est engag\u00e9e \u00e0 garantir l\u2019assistance des syst\u00e8mes en exploitation chez les clients d\u2019asim pour la dur\u00e9e minimale de deux ans et \u00e0 offrir une migration gratuite vers une solution Comosoft. Tandis que certains clients asim ont accept\u00e9 cette proposition et produisent d\u00e9sormais au moyen d\u2019une solution Comosoft, d\u2019autres ont pr\u00e9f\u00e9r\u00e9 b\u00e9n\u00e9ficier d\u2019une assistance pour leur solution asim existante jusqu\u2019\u00e0 ce qu\u2019ils aient pr\u00e9par\u00e9 le terrain n\u00e9cessaire \u00e0 cette migration.<\/span><\/p>\n<p class=\"p2\"><span lang=\"FR\">Par l\u2019acquisition d\u2019asim GmH par hoerl IM GmbH, il devient possible de continuer d\u2019assister les clients asim existants gr\u00e2ce \u00e0 des comp\u00e9tences syst\u00e8mes \u00e9largies et d\u2019accompagner int\u00e9gralement la migration. \u00c0 cet effet, hoerl IM peut d\u2019une part recourir aux connaissances du personnel asim, et d\u2019autre part compl\u00e9ter celles-ci par les comp\u00e9tences dont elle dispose au sein de l\u2019entreprise en ce qui concerne asim et notamment le segment \u00ab\u00a0Fabricants et Industrie\u00a0\u00bb. De plus, les clients asim peuvent b\u00e9n\u00e9ficier int\u00e9gralement de prestations de service qui compl\u00e8tent parfaitement leur travail, et d\u2019un accompagnement assur\u00e9 par hoerl IM en qualit\u00e9 d\u2019int\u00e9grateur et consultant ind\u00e9pendant, en cas de migration syst\u00e8me. Pour Comosoft, le partenariat strat\u00e9gique avec hoerl IM ne constitue pas seulement une autre \u00e9tape essentielle afin de pouvoir servir le segment des fabricants et entreprises industrielles avec une gamme de services compl\u00e8te. Avoir hoerl IM \u00e0 ses c\u00f4t\u00e9s en qualit\u00e9 de partenaire d\u2019impl\u00e9mentation pour les produits de Comosoft refl\u00e8te la tendance de la branche et permet des \u00e9conomies d\u2019\u00e9chelle majeures. Pour assoir le partenariat sur une base optimale, Peter Josefiak, directeur-g\u00e9rant d\u2019asim GmbH, accompagne et assiste activement le processus de transformation de hoerl IM.<\/span><\/p>\n<p class=\"p2\"><span lang=\"FR\"><em>\u00ab\u00a0Je suis absolument ravi que nous ayons trouv\u00e9 en hoerl IM un partenaire qui nous apporte ses comp\u00e9tences et son assistance tout au long de la migration d\u2019asim et qui offre aux collaborateurs d\u2019asim des perspectives de d\u00e9veloppement int\u00e9ressantes\u00a0\u00bb<\/em>, dit Peter Josefiak, directeur-g\u00e9rant de Comosoft GmbH et d\u2019asim GmbH. Thomas H\u00f6rl se f\u00e9licite d\u2019avoir \u00e9tendu avec Comosoft le portfolio d\u2019un autre \u00e9diteur performant, sp\u00e9cialis\u00e9 dans les logiciels de production de m\u00e9dias. <em>\u00ab\u00a0Dans la production d\u2019imprim\u00e9s, avec toutes ses facettes, Comosoft jouit d\u00e9j\u00e0 d\u2019une position privil\u00e9gi\u00e9e. Le lien \u00e9troit avec ses modules PIM, MAM et multicanal ainsi que l\u2019int\u00e9gration de Comosoft dans le groupement d\u2019Eversfrank Media fait de l\u2019entreprise un partenaire extr\u00eamement int\u00e9ressant et fiable.\u00a0\u00bb<\/em> De plus, la coop\u00e9ration offre des possibilit\u00e9s \u00e9tendues. Le groupe Eversfrank continue de concentrer ses efforts sur les synergies du secteur de l\u2019impression et de la transformation digitale. <em>\u00ab\u00a0Nous sommes convaincus que nous sommes d\u00e9j\u00e0 en mesure de proposer \u00e0 nos clients une offre de services attractive et continuerons d\u2019investir dans cette interface\u00a0\u00bb<\/em>, explique Dr. Jens Silligm\u00fcller, directeur-g\u00e9rant du groupe Eversfrank. \u00ab\u00a0Une coop\u00e9ration renforc\u00e9e avec hoerl IM permet \u00e0 toutes les parties concern\u00e9es d\u2019offrir \u00e0 leurs clients des prestations de service encore plus diverses dans ce domaine\u00a0\u00bb, confirme Benjamin Ferreau, directeur Ventes et marketing chez Comosoft GmbH. Jens Finkbeiner, directeur-g\u00e9rant de hoerl IM, enfonce le clou :<br \/>\n<em>\u00ab\u00a0Ce qui figure au premier plan pour hoerl, c\u2019est une offre de services stable, efficace, fiable et pr\u00e9cieuse ; nous pourrons \u00e0 l\u2019avenir la garantir et la fournir aussi bien \u00e0 nos propres clients qu\u2019aux clients d\u2019asim GmbH.\u00a0\u00bb<\/em><\/span><\/p>\n<p>[\/vc_column_text][\/vc_column][\/vc_row]<\/p>\n<\/div>","protected":false},"excerpt":{"rendered":"<p>[vc_row][vc_column width=&#8221;1\/1&#8243;][vc_column_text] Rachat d\u2019asim GmbH par hoerl Information Management GmbH : Comosoft et hoerl IM renforcent leur partenariat Hambourg \/ [&hellip;]<\/p>\n","protected":false},"author":103,"featured_media":0,"parent":0,"menu_order":0,"comment_status":"closed","ping_status":"closed","template":"","meta":{"footnotes":""},"class_list":["post-15692","page","type-page","status-publish","hentry"],"yoast_head":"<!-- This site is optimized with the Yoast SEO plugin v27.3 - https:\/\/yoast.com\/product\/yoast-seo-wordpress\/ -->\n<title>Communiqu\u00e9 de presse: hoerl IM \/ Comosoft<\/title>\n<meta name=\"description\" content=\"Communiqu\u00e9 de presse: hoerl IM: Rachat d\u2019asim GmbH par hoerl Information Management GmbH : Comosoft et hoerl IM renforcent leur partenariat Hambourg \/ Stuttgart, juillet 2017 :\" \/>\n<meta name=\"robots\" content=\"index, follow, max-snippet:-1, max-image-preview:large, max-video-preview:-1\" \/>\n<link rel=\"canonical\" href=\"https:\/\/www.comosoft.eu\/fr\/communique-de-presse-hoerl-im\/\" \/>\n<meta property=\"og:locale\" content=\"fr_FR\" \/>\n<meta property=\"og:type\" content=\"article\" \/>\n<meta property=\"og:title\" content=\"Communiqu\u00e9 de presse: hoerl IM \/ Comosoft\" \/>\n<meta property=\"og:description\" content=\"Communiqu\u00e9 de presse: hoerl IM: Rachat d\u2019asim GmbH par hoerl Information Management GmbH : Comosoft et hoerl IM renforcent leur partenariat Hambourg \/ Stuttgart, juillet 2017 :\" \/>\n<meta property=\"og:url\" content=\"https:\/\/www.comosoft.eu\/fr\/communique-de-presse-hoerl-im\/\" \/>\n<meta property=\"og:site_name\" content=\"Comosoft\" \/>\n<meta property=\"article:modified_time\" content=\"2022-09-05T09:45:21+00:00\" \/>\n<meta property=\"og:image\" content=\"https:\/\/www.comosoft.eu\/wp-content\/uploads\/2021\/01\/Digital-publishing.jpg\" \/>\n\t<meta property=\"og:image:width\" content=\"2000\" \/>\n\t<meta property=\"og:image:height\" content=\"1334\" \/>\n\t<meta property=\"og:image:type\" content=\"image\/jpeg\" \/>\n<meta name=\"twitter:card\" content=\"summary_large_image\" \/>\n<!-- \/ Yoast SEO plugin. -->","yoast_head_json":{"title":"Communiqu\u00e9 de presse: hoerl IM \/ Comosoft","description":"Communiqu\u00e9 de presse: hoerl IM: Rachat d\u2019asim GmbH par hoerl Information Management GmbH : Comosoft et hoerl IM renforcent leur partenariat Hambourg \/ Stuttgart, juillet 2017 :","robots":{"index":"index","follow":"follow","max-snippet":"max-snippet:-1","max-image-preview":"max-image-preview:large","max-video-preview":"max-video-preview:-1"},"canonical":"https:\/\/www.comosoft.eu\/fr\/communique-de-presse-hoerl-im\/","og_locale":"fr_FR","og_type":"article","og_title":"Communiqu\u00e9 de presse: hoerl IM \/ Comosoft","og_description":"Communiqu\u00e9 de presse: hoerl IM: Rachat d\u2019asim GmbH par hoerl Information Management GmbH : Comosoft et hoerl IM renforcent leur partenariat Hambourg \/ Stuttgart, juillet 2017 :","og_url":"https:\/\/www.comosoft.eu\/fr\/communique-de-presse-hoerl-im\/","og_site_name":"Comosoft","article_modified_time":"2022-09-05T09:45:21+00:00","og_image":[{"width":2000,"height":1334,"url":"https:\/\/www.comosoft.eu\/wp-content\/uploads\/2021\/01\/Digital-publishing.jpg","type":"image\/jpeg"}],"twitter_card":"summary_large_image","schema":{"@context":"https:\/\/schema.org","@graph":[{"@type":"WebPage","@id":"https:\/\/www.comosoft.eu\/fr\/communique-de-presse-hoerl-im\/","url":"https:\/\/www.comosoft.eu\/fr\/communique-de-presse-hoerl-im\/","name":"Communiqu\u00e9 de presse: hoerl IM \/ Comosoft","isPartOf":{"@id":"https:\/\/www.comosoft.eu\/fr\/#website"},"datePublished":"2020-06-27T04:17:25+00:00","dateModified":"2022-09-05T09:45:21+00:00","description":"Communiqu\u00e9 de presse: hoerl IM: Rachat d\u2019asim GmbH par hoerl Information Management GmbH : Comosoft et hoerl IM renforcent leur partenariat Hambourg \/ Stuttgart, juillet 2017 :","breadcrumb":{"@id":"https:\/\/www.comosoft.eu\/fr\/communique-de-presse-hoerl-im\/#breadcrumb"},"inLanguage":"fr-FR","potentialAction":[{"@type":"ReadAction","target":["https:\/\/www.comosoft.eu\/fr\/communique-de-presse-hoerl-im\/"]}]},{"@type":"BreadcrumbList","@id":"https:\/\/www.comosoft.eu\/fr\/communique-de-presse-hoerl-im\/#breadcrumb","itemListElement":[{"@type":"ListItem","position":1,"name":"Home","item":"https:\/\/www.comosoft.eu\/fr\/"},{"@type":"ListItem","position":2,"name":"Communiqu\u00e9 de presse: hoerl IM"}]},{"@type":"WebSite","@id":"https:\/\/www.comosoft.eu\/fr\/#website","url":"https:\/\/www.comosoft.eu\/fr\/","name":"Comosoft","description":"Multichannel Solutions","publisher":{"@id":"https:\/\/www.comosoft.eu\/fr\/#organization"},"potentialAction":[{"@type":"SearchAction","target":{"@type":"EntryPoint","urlTemplate":"https:\/\/www.comosoft.eu\/fr\/?s={search_term_string}"},"query-input":{"@type":"PropertyValueSpecification","valueRequired":true,"valueName":"search_term_string"}}],"inLanguage":"fr-FR"},{"@type":"Organization","@id":"https:\/\/www.comosoft.eu\/fr\/#organization","name":"Comosoft GmbH","alternateName":"Multichannel Solutions","url":"https:\/\/www.comosoft.eu\/fr\/","logo":{"@type":"ImageObject","inLanguage":"fr-FR","@id":"https:\/\/www.comosoft.eu\/fr\/#\/schema\/logo\/image\/","url":"https:\/\/www.comosoft.eu\/wp-content\/uploads\/2021\/01\/Comosoft-Logo463.png","contentUrl":"https:\/\/www.comosoft.eu\/wp-content\/uploads\/2021\/01\/Comosoft-Logo463.png","width":1654,"height":337,"caption":"Comosoft GmbH"},"image":{"@id":"https:\/\/www.comosoft.eu\/fr\/#\/schema\/logo\/image\/"},"sameAs":["https:\/\/de.linkedin.com\/company\/comosoft?original_referer=httpswww.google.com"]}]}},"_links":{"self":[{"href":"https:\/\/www.comosoft.eu\/fr\/wp-json\/wp\/v2\/pages\/15692","targetHints":{"allow":["GET"]}}],"collection":[{"href":"https:\/\/www.comosoft.eu\/fr\/wp-json\/wp\/v2\/pages"}],"about":[{"href":"https:\/\/www.comosoft.eu\/fr\/wp-json\/wp\/v2\/types\/page"}],"author":[{"embeddable":true,"href":"https:\/\/www.comosoft.eu\/fr\/wp-json\/wp\/v2\/users\/103"}],"replies":[{"embeddable":true,"href":"https:\/\/www.comosoft.eu\/fr\/wp-json\/wp\/v2\/comments?post=15692"}],"version-history":[{"count":1,"href":"https:\/\/www.comosoft.eu\/fr\/wp-json\/wp\/v2\/pages\/15692\/revisions"}],"predecessor-version":[{"id":15693,"href":"https:\/\/www.comosoft.eu\/fr\/wp-json\/wp\/v2\/pages\/15692\/revisions\/15693"}],"wp:attachment":[{"href":"https:\/\/www.comosoft.eu\/fr\/wp-json\/wp\/v2\/media?parent=15692"}],"curies":[{"name":"wp","href":"https:\/\/api.w.org\/{rel}","templated":true}]}}