{"id":15687,"date":"2020-06-27T06:08:20","date_gmt":"2020-06-27T04:08:20","guid":{"rendered":"https:\/\/www.comosoft.eu\/communique-de-presse-nouveau-client-rite-aid\/"},"modified":"2020-06-27T06:08:55","modified_gmt":"2020-06-27T04:08:55","slug":"communique-de-presse-nouveau-client-rite-aid","status":"publish","type":"page","link":"https:\/\/www.comosoft.eu\/fr\/communique-de-presse-nouveau-client-rite-aid\/","title":{"rendered":"Communiqu\u00e9 de presse : Nouveau client Rite Aid"},"content":{"rendered":"<div class=\"wpb-content-wrapper\"><p>[vc_row][vc_column width=&#8221;1\/1&#8243;][vc_column_text]<\/p>\n<h1><span lang=\"FR\">Vie heureuse et saine avec Comosoft et Rite Aid<\/span><\/h1>\n<p class=\"p1\"><strong>Hambourg, septembre 2017<\/strong> \u2013 <span lang=\"FR\">Comosoft, Inc. dont le si\u00e8ge est \u00e0 Frisco au Texas, compte Rite Aid Corporation parmi ses nouveaux clients.<\/span><\/p>\n<p class=\"p1\"><span lang=\"FR\">Nous sommes ravis de compter Rite Aid parmi nos clients et impatients de vivre une coop\u00e9ration prometteuse. Avec pr\u00e8s de 4700 filiales dans 31 \u00e9tats, Ride Aid n\u2019est pas seulement la grande cha\u00eene de drugstores sur la c\u00f4te est, mais la troisi\u00e8me aux \u00c9tats-Unis.<\/span><\/p>\n<p class=\"p1\"><span lang=\"FR\">De la pharmacie en ligne en passant par le programme de bien-\u00eatre aux recettes de cuisine et \u00e0 celles d\u00e9di\u00e9es \u00e0 la sant\u00e9 \u2013 avec les services et produits quotidiens, Ride Aid propose tout ce dont on a besoin au quotidien. Le secteur des soins de sant\u00e9 connait une forte expansion non pas seulement aux \u00c9tats-Unis et exige dans le domaine de la production de supports publicitaires un syst\u00e8me qui r\u00e9pond aux attentes du march\u00e9 et \u00e0 la conception de Rite Aid. En d\u00e9ployant LAGO, Rite Aid rel\u00e8ve le d\u00e9fi quotidien de la production de d\u00e9pliants et de flyers et mise sur un syst\u00e8me prometteur, laissant une marge de man\u0153uvre pour une extension ult\u00e9rieure \u00e0 d\u2019autres march\u00e9s.<\/span><\/p>\n<p class=\"p1\"><span lang=\"FR\">Rite Aide se concentrera d\u2019abord sur la production classique d\u2019imprim\u00e9s, avant de se tourner vers les canaux num\u00e9riques au cours de la prochaine \u00e9tape. Il s\u2019agira notamment de newsletters personnalis\u00e9es et des boutiques en ligne classiques.<\/span><\/p>\n<p class=\"p1\"><span lang=\"FR\">Peter Jozefiak, directeur-g\u00e9rant de Comosoft GmbH: <em>\u00ab\u00a0En plus de Rite Aid, la seconde cha\u00eene de drugstores Walgreens mise aussi sur LAGO pour son business omnicanal. D\u00e8s la premi\u00e8re d\u00e9monstration du syst\u00e8me, Rite Aid a reconnu l\u2019excellence des fonctionnalit\u00e9s de LAGO si bien que la d\u00e9cision en faveur de notre syst\u00e8me a \u00e9t\u00e9 prise en l\u2019espace de quelques jours. Nous sommes ravis d\u2019accueillir un nouveau client de renom tel que Ride Aid et esp\u00e9rons que LAGO lui donnera enti\u00e8re satisfaction.\u00bb<\/em><\/span><\/p>\n<p>[\/vc_column_text][\/vc_column][\/vc_row]<\/p>\n<\/div>","protected":false},"excerpt":{"rendered":"<p>[vc_row][vc_column width=&#8221;1\/1&#8243;][vc_column_text] Vie heureuse et saine avec Comosoft et Rite Aid Hambourg, septembre 2017 \u2013 Comosoft, Inc. dont le si\u00e8ge [&hellip;]<\/p>\n","protected":false},"author":103,"featured_media":0,"parent":0,"menu_order":0,"comment_status":"closed","ping_status":"closed","template":"","meta":{"footnotes":""},"class_list":["post-15687","page","type-page","status-publish","hentry"],"yoast_head":"<!-- This site is optimized with the Yoast SEO plugin v27.3 - https:\/\/yoast.com\/product\/yoast-seo-wordpress\/ -->\n<title>Communiqu\u00e9 de presse : Nouveau client Rite Aid \/ Comosoft<\/title>\n<meta name=\"description\" content=\"Communiqu\u00e9 de presse : Nouveau client Rite Aid: Vie heureuse et saine avec Comosoft et Rite Aid Hambourg, septembre 2017 \u2013 Comosoft, Inc. dont le si\u00e8ge est \u00e0 Frisco au Texas, compte Rite Aid Corporation\" \/>\n<meta name=\"robots\" content=\"index, follow, max-snippet:-1, max-image-preview:large, max-video-preview:-1\" \/>\n<link rel=\"canonical\" href=\"https:\/\/www.comosoft.eu\/fr\/communique-de-presse-nouveau-client-rite-aid\/\" \/>\n<meta property=\"og:locale\" content=\"fr_FR\" \/>\n<meta property=\"og:type\" content=\"article\" \/>\n<meta property=\"og:title\" content=\"Communiqu\u00e9 de presse : Nouveau client Rite Aid \/ Comosoft\" \/>\n<meta property=\"og:description\" content=\"Communiqu\u00e9 de presse : Nouveau client Rite Aid: Vie heureuse et saine avec Comosoft et Rite Aid Hambourg, septembre 2017 \u2013 Comosoft, Inc. dont le si\u00e8ge est \u00e0 Frisco au Texas, compte Rite Aid Corporation\" \/>\n<meta property=\"og:url\" content=\"https:\/\/www.comosoft.eu\/fr\/communique-de-presse-nouveau-client-rite-aid\/\" \/>\n<meta property=\"og:site_name\" content=\"Comosoft\" \/>\n<meta property=\"article:modified_time\" content=\"2020-06-27T04:08:55+00:00\" \/>\n<meta property=\"og:image\" content=\"https:\/\/www.comosoft.eu\/wp-content\/uploads\/2021\/01\/Digital-publishing.jpg\" \/>\n\t<meta property=\"og:image:width\" content=\"2000\" \/>\n\t<meta property=\"og:image:height\" content=\"1334\" \/>\n\t<meta property=\"og:image:type\" content=\"image\/jpeg\" \/>\n<meta name=\"twitter:card\" content=\"summary_large_image\" \/>\n<!-- \/ Yoast SEO plugin. -->","yoast_head_json":{"title":"Communiqu\u00e9 de presse : Nouveau client Rite Aid \/ Comosoft","description":"Communiqu\u00e9 de presse : Nouveau client Rite Aid: Vie heureuse et saine avec Comosoft et Rite Aid Hambourg, septembre 2017 \u2013 Comosoft, Inc. dont le si\u00e8ge est \u00e0 Frisco au Texas, compte Rite Aid Corporation","robots":{"index":"index","follow":"follow","max-snippet":"max-snippet:-1","max-image-preview":"max-image-preview:large","max-video-preview":"max-video-preview:-1"},"canonical":"https:\/\/www.comosoft.eu\/fr\/communique-de-presse-nouveau-client-rite-aid\/","og_locale":"fr_FR","og_type":"article","og_title":"Communiqu\u00e9 de presse : Nouveau client Rite Aid \/ Comosoft","og_description":"Communiqu\u00e9 de presse : Nouveau client Rite Aid: Vie heureuse et saine avec Comosoft et Rite Aid Hambourg, septembre 2017 \u2013 Comosoft, Inc. dont le si\u00e8ge est \u00e0 Frisco au Texas, compte Rite Aid Corporation","og_url":"https:\/\/www.comosoft.eu\/fr\/communique-de-presse-nouveau-client-rite-aid\/","og_site_name":"Comosoft","article_modified_time":"2020-06-27T04:08:55+00:00","og_image":[{"width":2000,"height":1334,"url":"https:\/\/www.comosoft.eu\/wp-content\/uploads\/2021\/01\/Digital-publishing.jpg","type":"image\/jpeg"}],"twitter_card":"summary_large_image","schema":{"@context":"https:\/\/schema.org","@graph":[{"@type":"WebPage","@id":"https:\/\/www.comosoft.eu\/fr\/communique-de-presse-nouveau-client-rite-aid\/","url":"https:\/\/www.comosoft.eu\/fr\/communique-de-presse-nouveau-client-rite-aid\/","name":"Communiqu\u00e9 de presse : Nouveau client Rite Aid \/ Comosoft","isPartOf":{"@id":"https:\/\/www.comosoft.eu\/fr\/#website"},"datePublished":"2020-06-27T04:08:20+00:00","dateModified":"2020-06-27T04:08:55+00:00","description":"Communiqu\u00e9 de presse : Nouveau client Rite Aid: Vie heureuse et saine avec Comosoft et Rite Aid Hambourg, septembre 2017 \u2013 Comosoft, Inc. dont le si\u00e8ge est \u00e0 Frisco au Texas, compte Rite Aid Corporation","breadcrumb":{"@id":"https:\/\/www.comosoft.eu\/fr\/communique-de-presse-nouveau-client-rite-aid\/#breadcrumb"},"inLanguage":"fr-FR","potentialAction":[{"@type":"ReadAction","target":["https:\/\/www.comosoft.eu\/fr\/communique-de-presse-nouveau-client-rite-aid\/"]}]},{"@type":"BreadcrumbList","@id":"https:\/\/www.comosoft.eu\/fr\/communique-de-presse-nouveau-client-rite-aid\/#breadcrumb","itemListElement":[{"@type":"ListItem","position":1,"name":"Home","item":"https:\/\/www.comosoft.eu\/fr\/"},{"@type":"ListItem","position":2,"name":"Communiqu\u00e9 de presse : Nouveau client Rite Aid"}]},{"@type":"WebSite","@id":"https:\/\/www.comosoft.eu\/fr\/#website","url":"https:\/\/www.comosoft.eu\/fr\/","name":"Comosoft","description":"Multichannel Solutions","publisher":{"@id":"https:\/\/www.comosoft.eu\/fr\/#organization"},"potentialAction":[{"@type":"SearchAction","target":{"@type":"EntryPoint","urlTemplate":"https:\/\/www.comosoft.eu\/fr\/?s={search_term_string}"},"query-input":{"@type":"PropertyValueSpecification","valueRequired":true,"valueName":"search_term_string"}}],"inLanguage":"fr-FR"},{"@type":"Organization","@id":"https:\/\/www.comosoft.eu\/fr\/#organization","name":"Comosoft GmbH","alternateName":"Multichannel Solutions","url":"https:\/\/www.comosoft.eu\/fr\/","logo":{"@type":"ImageObject","inLanguage":"fr-FR","@id":"https:\/\/www.comosoft.eu\/fr\/#\/schema\/logo\/image\/","url":"https:\/\/www.comosoft.eu\/wp-content\/uploads\/2021\/01\/Comosoft-Logo463.png","contentUrl":"https:\/\/www.comosoft.eu\/wp-content\/uploads\/2021\/01\/Comosoft-Logo463.png","width":1654,"height":337,"caption":"Comosoft GmbH"},"image":{"@id":"https:\/\/www.comosoft.eu\/fr\/#\/schema\/logo\/image\/"},"sameAs":["https:\/\/de.linkedin.com\/company\/comosoft?original_referer=httpswww.google.com"]}]}},"_links":{"self":[{"href":"https:\/\/www.comosoft.eu\/fr\/wp-json\/wp\/v2\/pages\/15687","targetHints":{"allow":["GET"]}}],"collection":[{"href":"https:\/\/www.comosoft.eu\/fr\/wp-json\/wp\/v2\/pages"}],"about":[{"href":"https:\/\/www.comosoft.eu\/fr\/wp-json\/wp\/v2\/types\/page"}],"author":[{"embeddable":true,"href":"https:\/\/www.comosoft.eu\/fr\/wp-json\/wp\/v2\/users\/103"}],"replies":[{"embeddable":true,"href":"https:\/\/www.comosoft.eu\/fr\/wp-json\/wp\/v2\/comments?post=15687"}],"version-history":[{"count":3,"href":"https:\/\/www.comosoft.eu\/fr\/wp-json\/wp\/v2\/pages\/15687\/revisions"}],"predecessor-version":[{"id":15690,"href":"https:\/\/www.comosoft.eu\/fr\/wp-json\/wp\/v2\/pages\/15687\/revisions\/15690"}],"wp:attachment":[{"href":"https:\/\/www.comosoft.eu\/fr\/wp-json\/wp\/v2\/media?parent=15687"}],"curies":[{"name":"wp","href":"https:\/\/api.w.org\/{rel}","templated":true}]}}