{"id":15544,"date":"2020-06-15T13:11:28","date_gmt":"2020-06-15T11:11:28","guid":{"rendered":"https:\/\/www.comosoft.eu\/example-de-cas-purered\/"},"modified":"2020-06-15T13:11:30","modified_gmt":"2020-06-15T11:11:30","slug":"example-de-cas-purered","status":"publish","type":"page","link":"https:\/\/www.comosoft.eu\/fr\/example-de-cas-purered\/","title":{"rendered":"Example de cas PureRED"},"content":{"rendered":"<div class=\"wpb-content-wrapper\"><p>[vc_row][vc_column width=&#8221;1\/1&#8243;][vc_column_text]<\/p>\n<h1><span lang=\"FR\">Le versionnage a de grandes r\u00e9percussions sur PureRED aux \u00c9tats-Unis<\/span><\/h1>\n<p class=\"p3\"><span lang=\"FR\">L\u2019arri\u00e8re-plan : PureRED (anciennement GA Communications) propose des services de pr\u00e9-presse depuis 1967. Toujours \u00e0 la pointe de la technologie, PureRED est pass\u00e9 de la simple soci\u00e9t\u00e9 de service de pr\u00e9-presse au fournisseur de services complets sp\u00e9cialis\u00e9s dans les projets sur tous les canaux marketing, \u2013 incluant la cr\u00e9ation, la production et m\u00eame la r\u00e9alisation d\u2019activit\u00e9s marketing. Aujourd\u2019hui, PureRED assiste une large client\u00e8le, y compris l\u2019un des plus grands d\u00e9taillants et fournisseurs B2B aux \u00c9tats-Unis<\/span>.<\/p>\n<p class=\"p4\"><b><span lang=\"FR\">L\u2019enjeu<\/span><\/b><\/p>\n<p class=\"p3\"><span lang=\"FR\">Au regard de la rapidit\u00e9 des flux de travail et le souci des d\u00e9lais dans le commerce de d\u00e9tail, PureRED se voit constamment confront\u00e9 \u00e0 la t\u00e2che d\u2019assister ses clients en faisant preuve de la plus grande efficacit\u00e9 sans faire de compromis sur la cr\u00e9ativit\u00e9, la qualit\u00e9 et le contr\u00f4le. L\u2019agence marketing fortement int\u00e9gr\u00e9e dans les processus clients affronte cette t\u00e2che gigantesque, ax\u00e9e sur les exigences de ses clients <\/span>:<\/p>\n<p class=\"p3\"><i><span lang=\"FR\">\u00ab\u00a0Il s\u2019agissait de trouver une solution avantageuse et rapide permettant d\u2019automatiser et d\u2019impl\u00e9menter les services multicanal.\u00a0\u00bb<\/span><\/i><\/p>\n<p class=\"p4\"><strong><span lang=\"FR\">La recherche<\/span><\/strong><\/p>\n<p class=\"p3\"><span lang=\"FR\">Au cours d\u2019un processus de s\u00e9lection qui a dur\u00e9 pr\u00e8s de six mois, la \u00ab\u00a0solution team\u00a0\u00bb cross-fonctionnelle de PureRED a sollicit\u00e9 des devis \u00e0 17 fournisseurs de syst\u00e8mes de Digital Asset Management (DAM), syst\u00e8mes de marketing et syst\u00e8mes de flux de travail assist\u00e9s par base de donn\u00e9es. Ensuite, l\u2019\u00e9quipe a d\u00e9fini un ensemble de crit\u00e8res de s\u00e9lection qui posait des exigences en mati\u00e8re de structure, de technologie et de fonctionnalit\u00e9s, et r\u00e9duisait pour finir la s\u00e9lection en une short liste. Puis, quatre finalistes ont \u00e9t\u00e9 invit\u00e9s \u00e0 une d\u00e9monstration en ligne devant un vaste panel de personnes comprenant techniciens et utilisateurs de PureRED Atlanta, GA<\/span>.<\/p>\n<p class=\"p6\"><em><span lang=\"FR\">\u00ab\u00a0LAGO de Comosoft nous est apparu comme \u00e9tant la solution la plus innovante et la plus utile que nous pouvions trouver pour r\u00e9pondre \u00e0 nos attentes croissantes.\u00a0\u00bb<\/span><\/em><\/p>\n<p class=\"p4\"><strong><span lang=\"FR\">La solution<\/span><\/strong><\/p>\n<p class=\"p3\"><span lang=\"FR\">Le vaisseau amiral LAGO de Comosoft permet de r\u00e9aliser des \u00e9conomies de temps et d\u2019argent en associant un logiciel de production cr\u00e9atif \u00e0 des outils bas\u00e9s sur le web, destin\u00e9s \u00e0 la planification et au contr\u00f4le de projets marketing imprim\u00e9s et num\u00e9riques en un seul syst\u00e8me. PureRED \u00e9tait s\u00e9duit notamment par les fonctionnalit\u00e9s suivantes de LAGO4 : Versionnage \u2013 la gestion simple et centralis\u00e9e de templates intelligents permet \u00e0 LAGO de modifier automatiquement l\u2019apparence des promotions (y compris des graphiques de prix, logos, images etc.) afin de cr\u00e9er rapidement diff\u00e9rentes versions de pages publicitaires. L\u2019\u00a0\u00ab\u00a0int\u00e9gration en douceur du soft proofing et des worfklows de production\u00a0\u00bb a plac\u00e9 LAGO \u00ab\u00a0loin devant les autres fournisseurs\u00a0\u00bb. L\u2019\u00a0\u00ab\u00a0excellente interface utilisateur ainsi que la structure et l\u2019agencement du syst\u00e8me LAGO\u00a0\u00bb.<\/span><\/p>\n<p class=\"p1\"><strong><span lang=\"FR\">L\u2019effet<\/span><\/strong><\/p>\n<p class=\"p2\"><span lang=\"FR\">Diff\u00e9rentes version en un template. Gr\u00e2ce au processus LAGO assist\u00e9 par base de donn\u00e9es, les maux de ventre occasionn\u00e9s au regard des d\u00e9fis \u00e0 relever dans la production font partie du pass\u00e9. Le templating intelligent pr\u00e9sent dans LAGO permet de remplacer pratiquement tous les contenus en fonction de r\u00e8gles, de mani\u00e8re dynamique et automatique. De nombreuses versions diff\u00e9rentes peuvent \u00eatre cr\u00e9\u00e9es simplement et rapidement sans travaux ni d\u00e9penses suppl\u00e9mentaires. Cela commence par les images et les logos, et s\u2019\u00e9tend aux formats de prix et \u00e0 bien d\u2019autres choses. Lorsque, par exemple, un produit est offert au prix de $ 1.00, LAGO est en mesure de modifier automatiquement le format de prix en 99\u00a2, voire m\u00eame de cr\u00e9er des promotions comme 2 pour $1 ou \u00ab\u00a0Deux au prix d\u2019un\u00a0\u00bb de mani\u00e8re automatis\u00e9e en fonction des r\u00e8gles d\u00e9finies et de les mettre en page. PureRED peut ainsi cr\u00e9er un large panel de designs et de versions avec un nombre minimal de templates. Probl\u00e8me r\u00e9solu.<\/span><\/p>\n<p class=\"p1\"><strong><span lang=\"FR\">\u00c9liminer les redondances<\/span><\/strong><\/p>\n<p class=\"p2\"><span lang=\"FR\">Avec le syst\u00e8me LAGO, il suffit de sp\u00e9cifier les informations produits une seule fois dans le syst\u00e8me pour que celui-ci cr\u00e9e les pages publicitaires automatiquement. Chez PureRED, les acheteurs gagnent en libert\u00e9 et peuvent ainsi se consacrer \u00e0 d\u2019autres t\u00e2ches.<\/span><\/p>\n<p class=\"p1\"><strong><span lang=\"FR\">Davantage de flexibilit\u00e9 gr\u00e2ce \u00e0 l\u2019int\u00e9gration de flux flux de travail<\/span><\/strong><\/p>\n<p class=\"p2\"><span lang=\"FR\">Les outils de LAGO permettent \u00e0 l\u2019\u00e9quipe marketing de se concentrer sur leur corps de m\u00e9tier, la publicit\u00e9, pendant que l\u2019\u00e9quipe Achats organise les informations produits et les contenus, tout cela en un seul et m\u00eame point. Dites adieu aux diff\u00e9rentes fiches produits et aux solutions de contournement. La possibilit\u00e9 de mettre \u00e0 jour les prix m\u00eame juste avant l\u2019impression et de cr\u00e9er diff\u00e9rentes versions de produit, et \u00ab\u00a0tout cela \u00e0 la derni\u00e8re minute\u00a0\u00bb offre aux clients de PureRED \u00ab\u00a0un avantage comp\u00e9titif de taille\u00a0\u00bb.<\/span><\/p>\n<p class=\"p1\"><b>PureRED: <\/b><\/p>\n<p class=\"p3\"><em><span lang=\"FR\">\u00ab\u00a0Nous misons \u00e0 100 % sur LAGO de Comosoft aux fins d\u2019un processus de cr\u00e9ation de page extr\u00eamement efficace. Gr\u00e2ce \u00e0 l\u2019int\u00e9gration en douceur du soft proofing et du workflow de production, l\u2019interface utilisateur de LAGO a un avantage par rapport \u00e0 tous les autres fournisseurs. Nous appr\u00e9cions tout particuli\u00e8rement la configurabilit\u00e9 qui permet de r\u00e9pondre exactement \u00e0 nos besoins. Nos clients op\u00e9rant dans le commerce attendent une efficacit\u00e9 croissante. Avec LAGO, nous sommes en mesure de la fournir.\u00a0\u00bb<\/span><\/em><\/p>\n<p class=\"p5\">Director of Advertising Technologies | PureRED<\/p>\n<hr \/>\n<p class=\"p5\">Hambourg, 2002<\/p>\n<p>[\/vc_column_text][\/vc_column][\/vc_row]<\/p>\n<\/div>","protected":false},"excerpt":{"rendered":"<p>[vc_row][vc_column width=&#8221;1\/1&#8243;][vc_column_text] Le versionnage a de grandes r\u00e9percussions sur PureRED aux \u00c9tats-Unis L\u2019arri\u00e8re-plan : PureRED (anciennement GA Communications) propose des [&hellip;]<\/p>\n","protected":false},"author":103,"featured_media":0,"parent":0,"menu_order":0,"comment_status":"closed","ping_status":"closed","template":"","meta":{"footnotes":""},"class_list":["post-15544","page","type-page","status-publish","hentry"],"yoast_head":"<!-- This site is optimized with the Yoast SEO plugin v27.3 - https:\/\/yoast.com\/product\/yoast-seo-wordpress\/ -->\n<title>Example de cas PureRED \/ Comosoft<\/title>\n<meta name=\"description\" content=\"Example de cas PureRED: Le versionnage a de grandes r\u00e9percussions sur PureRED aux \u00c9tats-Unis L\u2019arri\u00e8re-plan : PureRED (anciennement GA Communications) propose des services de\" \/>\n<meta name=\"robots\" content=\"index, follow, max-snippet:-1, max-image-preview:large, max-video-preview:-1\" \/>\n<link rel=\"canonical\" href=\"https:\/\/www.comosoft.eu\/fr\/example-de-cas-purered\/\" \/>\n<meta property=\"og:locale\" content=\"fr_FR\" \/>\n<meta property=\"og:type\" content=\"article\" \/>\n<meta property=\"og:title\" content=\"Example de cas PureRED \/ Comosoft\" \/>\n<meta property=\"og:description\" content=\"Example de cas PureRED: Le versionnage a de grandes r\u00e9percussions sur PureRED aux \u00c9tats-Unis L\u2019arri\u00e8re-plan : PureRED (anciennement GA Communications) propose des services de\" \/>\n<meta property=\"og:url\" content=\"https:\/\/www.comosoft.eu\/fr\/example-de-cas-purered\/\" \/>\n<meta property=\"og:site_name\" content=\"Comosoft\" \/>\n<meta property=\"article:modified_time\" content=\"2020-06-15T11:11:30+00:00\" \/>\n<meta property=\"og:image\" content=\"https:\/\/www.comosoft.eu\/wp-content\/uploads\/2021\/01\/Digital-publishing.jpg\" \/>\n\t<meta property=\"og:image:width\" content=\"2000\" \/>\n\t<meta property=\"og:image:height\" content=\"1334\" \/>\n\t<meta property=\"og:image:type\" content=\"image\/jpeg\" \/>\n<meta name=\"twitter:card\" content=\"summary_large_image\" \/>\n<!-- \/ Yoast SEO plugin. -->","yoast_head_json":{"title":"Example de cas PureRED \/ Comosoft","description":"Example de cas PureRED: Le versionnage a de grandes r\u00e9percussions sur PureRED aux \u00c9tats-Unis L\u2019arri\u00e8re-plan : PureRED (anciennement GA Communications) propose des services de","robots":{"index":"index","follow":"follow","max-snippet":"max-snippet:-1","max-image-preview":"max-image-preview:large","max-video-preview":"max-video-preview:-1"},"canonical":"https:\/\/www.comosoft.eu\/fr\/example-de-cas-purered\/","og_locale":"fr_FR","og_type":"article","og_title":"Example de cas PureRED \/ Comosoft","og_description":"Example de cas PureRED: Le versionnage a de grandes r\u00e9percussions sur PureRED aux \u00c9tats-Unis L\u2019arri\u00e8re-plan : PureRED (anciennement GA Communications) propose des services de","og_url":"https:\/\/www.comosoft.eu\/fr\/example-de-cas-purered\/","og_site_name":"Comosoft","article_modified_time":"2020-06-15T11:11:30+00:00","og_image":[{"width":2000,"height":1334,"url":"https:\/\/www.comosoft.eu\/wp-content\/uploads\/2021\/01\/Digital-publishing.jpg","type":"image\/jpeg"}],"twitter_card":"summary_large_image","schema":{"@context":"https:\/\/schema.org","@graph":[{"@type":"WebPage","@id":"https:\/\/www.comosoft.eu\/fr\/example-de-cas-purered\/","url":"https:\/\/www.comosoft.eu\/fr\/example-de-cas-purered\/","name":"Example de cas PureRED \/ Comosoft","isPartOf":{"@id":"https:\/\/www.comosoft.eu\/fr\/#website"},"datePublished":"2020-06-15T11:11:28+00:00","dateModified":"2020-06-15T11:11:30+00:00","description":"Example de cas PureRED: Le versionnage a de grandes r\u00e9percussions sur PureRED aux \u00c9tats-Unis L\u2019arri\u00e8re-plan : PureRED (anciennement GA Communications) propose des services de","breadcrumb":{"@id":"https:\/\/www.comosoft.eu\/fr\/example-de-cas-purered\/#breadcrumb"},"inLanguage":"fr-FR","potentialAction":[{"@type":"ReadAction","target":["https:\/\/www.comosoft.eu\/fr\/example-de-cas-purered\/"]}]},{"@type":"BreadcrumbList","@id":"https:\/\/www.comosoft.eu\/fr\/example-de-cas-purered\/#breadcrumb","itemListElement":[{"@type":"ListItem","position":1,"name":"Home","item":"https:\/\/www.comosoft.eu\/fr\/"},{"@type":"ListItem","position":2,"name":"Example de cas PureRED"}]},{"@type":"WebSite","@id":"https:\/\/www.comosoft.eu\/fr\/#website","url":"https:\/\/www.comosoft.eu\/fr\/","name":"Comosoft","description":"Multichannel Solutions","publisher":{"@id":"https:\/\/www.comosoft.eu\/fr\/#organization"},"potentialAction":[{"@type":"SearchAction","target":{"@type":"EntryPoint","urlTemplate":"https:\/\/www.comosoft.eu\/fr\/?s={search_term_string}"},"query-input":{"@type":"PropertyValueSpecification","valueRequired":true,"valueName":"search_term_string"}}],"inLanguage":"fr-FR"},{"@type":"Organization","@id":"https:\/\/www.comosoft.eu\/fr\/#organization","name":"Comosoft GmbH","alternateName":"Multichannel Solutions","url":"https:\/\/www.comosoft.eu\/fr\/","logo":{"@type":"ImageObject","inLanguage":"fr-FR","@id":"https:\/\/www.comosoft.eu\/fr\/#\/schema\/logo\/image\/","url":"https:\/\/www.comosoft.eu\/wp-content\/uploads\/2021\/01\/Comosoft-Logo463.png","contentUrl":"https:\/\/www.comosoft.eu\/wp-content\/uploads\/2021\/01\/Comosoft-Logo463.png","width":1654,"height":337,"caption":"Comosoft GmbH"},"image":{"@id":"https:\/\/www.comosoft.eu\/fr\/#\/schema\/logo\/image\/"},"sameAs":["https:\/\/de.linkedin.com\/company\/comosoft?original_referer=httpswww.google.com"]}]}},"_links":{"self":[{"href":"https:\/\/www.comosoft.eu\/fr\/wp-json\/wp\/v2\/pages\/15544","targetHints":{"allow":["GET"]}}],"collection":[{"href":"https:\/\/www.comosoft.eu\/fr\/wp-json\/wp\/v2\/pages"}],"about":[{"href":"https:\/\/www.comosoft.eu\/fr\/wp-json\/wp\/v2\/types\/page"}],"author":[{"embeddable":true,"href":"https:\/\/www.comosoft.eu\/fr\/wp-json\/wp\/v2\/users\/103"}],"replies":[{"embeddable":true,"href":"https:\/\/www.comosoft.eu\/fr\/wp-json\/wp\/v2\/comments?post=15544"}],"version-history":[{"count":1,"href":"https:\/\/www.comosoft.eu\/fr\/wp-json\/wp\/v2\/pages\/15544\/revisions"}],"predecessor-version":[{"id":15545,"href":"https:\/\/www.comosoft.eu\/fr\/wp-json\/wp\/v2\/pages\/15544\/revisions\/15545"}],"wp:attachment":[{"href":"https:\/\/www.comosoft.eu\/fr\/wp-json\/wp\/v2\/media?parent=15544"}],"curies":[{"name":"wp","href":"https:\/\/api.w.org\/{rel}","templated":true}]}}