{"id":15542,"date":"2020-06-15T12:45:09","date_gmt":"2020-06-15T10:45:09","guid":{"rendered":"https:\/\/www.comosoft.eu\/example-de-cas-pi-media\/"},"modified":"2020-06-15T12:45:11","modified_gmt":"2020-06-15T10:45:11","slug":"example-de-cas-pi-media","status":"publish","type":"page","link":"https:\/\/www.comosoft.eu\/fr\/example-de-cas-pi-media\/","title":{"rendered":"Example de cas Pi Media"},"content":{"rendered":"<div class=\"wpb-content-wrapper\"><p>[vc_row][vc_column width=&#8221;1\/1&#8243;][vc_column_text]<\/p>\n<h1><span lang=\"FR\">Pi Media produit des catalogues avec LAGO pour le plus grand retailer du Canada<\/span><\/h1>\n<p class=\"p3\"><span lang=\"FR\">Depuis que la soci\u00e9t\u00e9 hambourgeoise Comosoft est repr\u00e9sent\u00e9e sur le march\u00e9 nord-am\u00e9ricain par le biais de filiales, elle a gagn\u00e9 la confiance de clients de renom aux \u00c9tats-Unis, dont JCPenney, Lillian Vernon et Blair Corporation. \u00c0 la fin de l\u2019ann\u00e9e 2004, le succ\u00e8s se poursuit d\u00e9sormais au Canada<\/span>:<\/p>\n<p class=\"p3\"><span lang=\"FR\">Mandat\u00e9e par le g\u00e9ant de la distribution Sears Canada Inc., la soci\u00e9t\u00e9 canadienne Pi Media produira \u00e0 l\u2019avenir avec LAGO de Comosoft. Le syst\u00e8me de production et de gestion de contenus des sp\u00e9cialistes logiciels de Hambourg permettra \u00e0 l\u2019avenir de g\u00e9rer les catalogues papier et Internet, les annonces \u00e9lectroniques et encarts publicitaires pour Sears Canada<\/span>.<\/p>\n<p class=\"p3\"><span lang=\"FR\">Le choix de Pi Media, l\u2019un des plus grands prestataires de production et de m\u00e9dias sp\u00e9cialis\u00e9s dans le marketing strat\u00e9gique, la conception graphique, la photographie, le pr\u00e9m\u00e9dia et la gestion d\u2019impression au Canada, est tomb\u00e9 sur LAGO, car ce syst\u00e8me permet un traitement simultan\u00e9 des contenus d\u2019impression et internet ainsi qu\u2019un gain consid\u00e9rable en termes de temps et de co\u00fbts.<\/span><\/p>\n<p class=\"p3\"><span lang=\"FR\">Toutes les op\u00e9rations peuvent \u00eatre r\u00e9alis\u00e9es plus efficacement avec LAGO. Le syst\u00e8me permet ainsi d\u2019\u00e9changer avec rapidit\u00e9 et efficacit\u00e9 les informations num\u00e9riques de stocks et de produits entre les diff\u00e9rents services et syst\u00e8mes et de r\u00e9duire les temps de production des publications cr\u00e9\u00e9es pour Sears Canada<\/span>.<\/p>\n<p class=\"p3\"><span lang=\"FR\">Avec LAGO, il est aussi possible de rassembler \u00e0 la derni\u00e8re minute les donn\u00e9es produits issues de diverses sources et les contenus d\u2019image correspondants sur la page \u00e0 imprimer, sur Internet ou sur une annonce num\u00e9rique<\/span>.<\/p>\n<p class=\"p3\"><span lang=\"FR\">Selon l\u2019\u00e9ch\u00e9ancier du d\u00e9ploiement de Lago chez Pi Media, les premi\u00e8res publications \u00e0 l\u2019essai devaient \u00eatre produites au moyen de la nouvelle solution au printemps 2005. Au plus tard en \u00e9t\u00e9 2005, l\u2019ensemble de la production destin\u00e9e \u00e0 Sears, soit par an 10 000 pages de catalogue pour pr\u00e8s de 20 000 offres de produit et des flyers hebdomadaires avec un total de 3500 pages par an, sera r\u00e9alis\u00e9 avec le nouveau syst\u00e8me. En parall\u00e8le, Pi Media approvisionne les filiales de Sears en affiches promotionnelles, logos et pr\u00e9sentoirs avec un tirage de 26 millions par an<\/span>.<\/p>\n<hr \/>\n<p class=\"p3\">Hambourg, 2004<\/p>\n<p>[\/vc_column_text][\/vc_column][\/vc_row]<\/p>\n<\/div>","protected":false},"excerpt":{"rendered":"<p>[vc_row][vc_column width=&#8221;1\/1&#8243;][vc_column_text] Pi Media produit des catalogues avec LAGO pour le plus grand retailer du Canada Depuis que la soci\u00e9t\u00e9 [&hellip;]<\/p>\n","protected":false},"author":103,"featured_media":0,"parent":0,"menu_order":0,"comment_status":"closed","ping_status":"closed","template":"","meta":{"footnotes":""},"class_list":["post-15542","page","type-page","status-publish","hentry"],"yoast_head":"<!-- This site is optimized with the Yoast SEO plugin v27.3 - https:\/\/yoast.com\/product\/yoast-seo-wordpress\/ -->\n<title>Example de cas Pi Media \/ Comosoft<\/title>\n<meta name=\"description\" content=\"Example de cas Pi Media: Pi Media produit des catalogues avec LAGO pour le plus grand retailer du Canada Depuis que la soci\u00e9t\u00e9 hambourgeoise Comosoft est repr\u00e9sent\u00e9e sur le march\u00e9\" \/>\n<meta name=\"robots\" content=\"index, follow, max-snippet:-1, max-image-preview:large, max-video-preview:-1\" \/>\n<link rel=\"canonical\" href=\"https:\/\/www.comosoft.eu\/fr\/example-de-cas-pi-media\/\" \/>\n<meta property=\"og:locale\" content=\"fr_FR\" \/>\n<meta property=\"og:type\" content=\"article\" \/>\n<meta property=\"og:title\" content=\"Example de cas Pi Media \/ Comosoft\" \/>\n<meta property=\"og:description\" content=\"Example de cas Pi Media: Pi Media produit des catalogues avec LAGO pour le plus grand retailer du Canada Depuis que la soci\u00e9t\u00e9 hambourgeoise Comosoft est repr\u00e9sent\u00e9e sur le march\u00e9\" \/>\n<meta property=\"og:url\" content=\"https:\/\/www.comosoft.eu\/fr\/example-de-cas-pi-media\/\" \/>\n<meta property=\"og:site_name\" content=\"Comosoft\" \/>\n<meta property=\"article:modified_time\" content=\"2020-06-15T10:45:11+00:00\" \/>\n<meta property=\"og:image\" content=\"https:\/\/www.comosoft.eu\/wp-content\/uploads\/2021\/01\/Digital-publishing.jpg\" \/>\n\t<meta property=\"og:image:width\" content=\"2000\" \/>\n\t<meta property=\"og:image:height\" content=\"1334\" \/>\n\t<meta property=\"og:image:type\" content=\"image\/jpeg\" \/>\n<meta name=\"twitter:card\" content=\"summary_large_image\" \/>\n<!-- \/ Yoast SEO plugin. -->","yoast_head_json":{"title":"Example de cas Pi Media \/ Comosoft","description":"Example de cas Pi Media: Pi Media produit des catalogues avec LAGO pour le plus grand retailer du Canada Depuis que la soci\u00e9t\u00e9 hambourgeoise Comosoft est repr\u00e9sent\u00e9e sur le march\u00e9","robots":{"index":"index","follow":"follow","max-snippet":"max-snippet:-1","max-image-preview":"max-image-preview:large","max-video-preview":"max-video-preview:-1"},"canonical":"https:\/\/www.comosoft.eu\/fr\/example-de-cas-pi-media\/","og_locale":"fr_FR","og_type":"article","og_title":"Example de cas Pi Media \/ Comosoft","og_description":"Example de cas Pi Media: Pi Media produit des catalogues avec LAGO pour le plus grand retailer du Canada Depuis que la soci\u00e9t\u00e9 hambourgeoise Comosoft est repr\u00e9sent\u00e9e sur le march\u00e9","og_url":"https:\/\/www.comosoft.eu\/fr\/example-de-cas-pi-media\/","og_site_name":"Comosoft","article_modified_time":"2020-06-15T10:45:11+00:00","og_image":[{"width":2000,"height":1334,"url":"https:\/\/www.comosoft.eu\/wp-content\/uploads\/2021\/01\/Digital-publishing.jpg","type":"image\/jpeg"}],"twitter_card":"summary_large_image","schema":{"@context":"https:\/\/schema.org","@graph":[{"@type":"WebPage","@id":"https:\/\/www.comosoft.eu\/fr\/example-de-cas-pi-media\/","url":"https:\/\/www.comosoft.eu\/fr\/example-de-cas-pi-media\/","name":"Example de cas Pi Media \/ Comosoft","isPartOf":{"@id":"https:\/\/www.comosoft.eu\/fr\/#website"},"datePublished":"2020-06-15T10:45:09+00:00","dateModified":"2020-06-15T10:45:11+00:00","description":"Example de cas Pi Media: Pi Media produit des catalogues avec LAGO pour le plus grand retailer du Canada Depuis que la soci\u00e9t\u00e9 hambourgeoise Comosoft est repr\u00e9sent\u00e9e sur le march\u00e9","breadcrumb":{"@id":"https:\/\/www.comosoft.eu\/fr\/example-de-cas-pi-media\/#breadcrumb"},"inLanguage":"fr-FR","potentialAction":[{"@type":"ReadAction","target":["https:\/\/www.comosoft.eu\/fr\/example-de-cas-pi-media\/"]}]},{"@type":"BreadcrumbList","@id":"https:\/\/www.comosoft.eu\/fr\/example-de-cas-pi-media\/#breadcrumb","itemListElement":[{"@type":"ListItem","position":1,"name":"Home","item":"https:\/\/www.comosoft.eu\/fr\/"},{"@type":"ListItem","position":2,"name":"Example de cas Pi Media"}]},{"@type":"WebSite","@id":"https:\/\/www.comosoft.eu\/fr\/#website","url":"https:\/\/www.comosoft.eu\/fr\/","name":"Comosoft","description":"Multichannel Solutions","publisher":{"@id":"https:\/\/www.comosoft.eu\/fr\/#organization"},"potentialAction":[{"@type":"SearchAction","target":{"@type":"EntryPoint","urlTemplate":"https:\/\/www.comosoft.eu\/fr\/?s={search_term_string}"},"query-input":{"@type":"PropertyValueSpecification","valueRequired":true,"valueName":"search_term_string"}}],"inLanguage":"fr-FR"},{"@type":"Organization","@id":"https:\/\/www.comosoft.eu\/fr\/#organization","name":"Comosoft GmbH","alternateName":"Multichannel Solutions","url":"https:\/\/www.comosoft.eu\/fr\/","logo":{"@type":"ImageObject","inLanguage":"fr-FR","@id":"https:\/\/www.comosoft.eu\/fr\/#\/schema\/logo\/image\/","url":"https:\/\/www.comosoft.eu\/wp-content\/uploads\/2021\/01\/Comosoft-Logo463.png","contentUrl":"https:\/\/www.comosoft.eu\/wp-content\/uploads\/2021\/01\/Comosoft-Logo463.png","width":1654,"height":337,"caption":"Comosoft GmbH"},"image":{"@id":"https:\/\/www.comosoft.eu\/fr\/#\/schema\/logo\/image\/"},"sameAs":["https:\/\/de.linkedin.com\/company\/comosoft?original_referer=httpswww.google.com"]}]}},"_links":{"self":[{"href":"https:\/\/www.comosoft.eu\/fr\/wp-json\/wp\/v2\/pages\/15542","targetHints":{"allow":["GET"]}}],"collection":[{"href":"https:\/\/www.comosoft.eu\/fr\/wp-json\/wp\/v2\/pages"}],"about":[{"href":"https:\/\/www.comosoft.eu\/fr\/wp-json\/wp\/v2\/types\/page"}],"author":[{"embeddable":true,"href":"https:\/\/www.comosoft.eu\/fr\/wp-json\/wp\/v2\/users\/103"}],"replies":[{"embeddable":true,"href":"https:\/\/www.comosoft.eu\/fr\/wp-json\/wp\/v2\/comments?post=15542"}],"version-history":[{"count":1,"href":"https:\/\/www.comosoft.eu\/fr\/wp-json\/wp\/v2\/pages\/15542\/revisions"}],"predecessor-version":[{"id":15543,"href":"https:\/\/www.comosoft.eu\/fr\/wp-json\/wp\/v2\/pages\/15542\/revisions\/15543"}],"wp:attachment":[{"href":"https:\/\/www.comosoft.eu\/fr\/wp-json\/wp\/v2\/media?parent=15542"}],"curies":[{"name":"wp","href":"https:\/\/api.w.org\/{rel}","templated":true}]}}