{"id":15540,"date":"2020-06-15T12:39:42","date_gmt":"2020-06-15T10:39:42","guid":{"rendered":"https:\/\/www.comosoft.eu\/example-de-cas-nordmann-gruppe\/"},"modified":"2020-06-15T12:39:45","modified_gmt":"2020-06-15T10:39:45","slug":"example-de-cas-nordmann-gruppe","status":"publish","type":"page","link":"https:\/\/www.comosoft.eu\/fr\/example-de-cas-nordmann-gruppe\/","title":{"rendered":"Example de cas Nordmann Gruppe"},"content":{"rendered":"<div class=\"wpb-content-wrapper\"><p>[vc_row][vc_column width=&#8221;1\/1&#8243;][vc_column_text]<\/p>\n<h1><span lang=\"FR\">Quand tout s\u2019enchaine naturellement : le groupe Nordmann structure les processus de production de m\u00e9dias et pr\u00e9pare le terrain du marketing multicanal<\/span><\/h1>\n<p class=\"p3\"><b><span lang=\"FR\">Les experts du commerce de gros et de d\u00e9tail de boissons d\u00e9ploient LAGO4 et red\u00e9finissent le category management<\/span>. <\/b><\/p>\n<p class=\"p4\"><span lang=\"FR\">Employant pr\u00e8s de 1000 personnes r\u00e9parties sur dix sites, le groupe Nordmann (www.nordmann.de), cr\u00e9\u00e9 en 1908 sous le nom de Bierverlag Fritz Nordmann, fait partie des entreprises leaders dans le commerce de gros et de d\u00e9tail de boissons. Depuis 2013, Nordmann mise sur LAGO4 (syst\u00e8me PIM multicanal) de Comosoft. Fid\u00e8le au cr\u00e9do de Nordmann \u00ab\u00a0Tout s\u2019enchaine naturellement\u00a0\u00bb, le d\u00e9ploiement du syst\u00e8me de production de m\u00e9dias avait pour objectif d\u2019optimiser les processus, et de r\u00e9duire ainsi les co\u00fbts et de doper les ventes<\/span>.<\/p>\n<p class=\"p3\"><b><span lang=\"FR\">En associant tous les services, si n\u00e9cessaire<\/span>. <\/b><\/p>\n<p class=\"p4\"><span lang=\"FR\">Afin d\u2019optimiser les processus, tous les services impliqu\u00e9s dans la production de m\u00e9dias, aussi le category management via LAGO4, ont \u00e9t\u00e9 reli\u00e9s entre eux. La centralisation des donn\u00e9es produits et l\u2019acc\u00e8s \u00e0 partir de diff\u00e9rents d\u00e9partements ont apport\u00e9 une toute nouvelle souplesse, soit par exemple la possibilit\u00e9 de mettre \u00e0 jour les informations produits ou les prix juste avant l\u2019impression. Aujourd\u2019hui, les services IT, Marketing, Graphisme, Category Management et Ventes travaillent main dans la main au sein de flux de travail efficaces et performants dans LAGO4<\/span>.<\/p>\n<p class=\"p5\"><em><span lang=\"FR\">\u00ab\u00a0Il \u00e9tait pour nous tr\u00e8s important de prendre en compte les diff\u00e9rents groupes de marchandises dans la planification et de relier les services entre eux. La coop\u00e9ration entre le category management et le graphisme n\u2019a \u00e9t\u00e9 jamais \u00e9t\u00e9 simple qu\u2019aujourd\u2019hui, car le gain de qualit\u00e9 dans le processus (de production) est la condition pour pratiquer le vrai multicanal. \u00bb<\/span><\/em><\/p>\n<p class=\"p7\">Lars K\u00fchne | <span lang=\"FR\">Directeur marketing et relations publiques, groupe <\/span>Nordmann<\/p>\n<p class=\"p3\"><b><span lang=\"FR\">L\u2019efficacit\u00e9 des processus de production apporte de la flexibilit\u00e9 pour rester comp\u00e9titif<\/span>. <\/b><\/p>\n<p class=\"p4\"><span lang=\"FR\">Dans la production d\u2019imprim\u00e9s, cela commence d\u00e8s la planification des supports publicitaires. Les donn\u00e9es produits pr\u00e9sentes dans le PIM LAGO4 sont plac\u00e9es directement sur les pages des supports au moyen d\u2019une vue de planification num\u00e9rique (scribble num\u00e9rique). Ce faisant, les diff\u00e9rents groupes de marchandise sont d\u00e9j\u00e0 divis\u00e9s en familles de supports (cat\u00e9gories) de sorte que chaque category manager y trouve de la place pour sa gamme de produits.<\/span><\/p>\n<p class=\"p8\"><span lang=\"FR\">La planification de page aboutit ensuite \u00e0 des documents Adobe InDesign\u00ae pr\u00e9-mis en page contenant d\u00e9j\u00e0 toutes les informations produits sans que le document PAO n\u2019ai \u00e9t\u00e9 \u00e9dit\u00e9 au pr\u00e9alable. Le document PAO, la planification de supports publicitaires et le syst\u00e8me PIM sont reli\u00e9s entre eux de mani\u00e8re directionnelle. De ce fait, les informations produits sensibles, par exemple, peuvent faire l\u2019objet d\u2019une mise \u00e0 jour juste avant l\u2019impression sans compromettre la qualit\u00e9 des donn\u00e9es<\/span>.<\/p>\n<p class=\"p1\"><b>\u2026<span lang=\"FR\">et ensuite <\/span>? <\/b><\/p>\n<p class=\"p2\"><span lang=\"FR\">Une fois le syst\u00e8me d\u00e9ploy\u00e9 et le workflow d\u2019impression test\u00e9 dans la pratique, les prochains objectifs sont clairs. \u00ab\u00a0Le d\u00e9partement E-commerce doit aussi profiter de LAGO. Nous voulons transposer les avantages en provenance des autres services\u00a0\u00bb, exprime Lars K\u00fchne<\/span>.<\/p>\n<hr \/>\n<p class=\"p2\">Hambourg, 2012<\/p>\n<p>[\/vc_column_text][\/vc_column][\/vc_row]<\/p>\n<\/div>","protected":false},"excerpt":{"rendered":"<p>[vc_row][vc_column width=&#8221;1\/1&#8243;][vc_column_text] Quand tout s\u2019enchaine naturellement : le groupe Nordmann structure les processus de production de m\u00e9dias et pr\u00e9pare le [&hellip;]<\/p>\n","protected":false},"author":103,"featured_media":0,"parent":0,"menu_order":0,"comment_status":"closed","ping_status":"closed","template":"","meta":{"footnotes":""},"class_list":["post-15540","page","type-page","status-publish","hentry"],"yoast_head":"<!-- This site is optimized with the Yoast SEO plugin v27.3 - https:\/\/yoast.com\/product\/yoast-seo-wordpress\/ -->\n<title>Example de cas Nordmann Gruppe \/ Comosoft<\/title>\n<meta name=\"description\" content=\"Example de cas Nordmann Gruppe: Quand tout s\u2019enchaine naturellement : le groupe Nordmann structure les processus de production de m\u00e9dias et pr\u00e9pare le terrain du marketing multicanal Les\" \/>\n<meta name=\"robots\" content=\"index, follow, max-snippet:-1, max-image-preview:large, max-video-preview:-1\" \/>\n<link rel=\"canonical\" href=\"https:\/\/www.comosoft.eu\/fr\/example-de-cas-nordmann-gruppe\/\" \/>\n<meta property=\"og:locale\" content=\"fr_FR\" \/>\n<meta property=\"og:type\" content=\"article\" \/>\n<meta property=\"og:title\" content=\"Example de cas Nordmann Gruppe \/ Comosoft\" \/>\n<meta property=\"og:description\" content=\"Example de cas Nordmann Gruppe: Quand tout s\u2019enchaine naturellement : le groupe Nordmann structure les processus de production de m\u00e9dias et pr\u00e9pare le terrain du marketing multicanal Les\" \/>\n<meta property=\"og:url\" content=\"https:\/\/www.comosoft.eu\/fr\/example-de-cas-nordmann-gruppe\/\" \/>\n<meta property=\"og:site_name\" content=\"Comosoft\" \/>\n<meta property=\"article:modified_time\" content=\"2020-06-15T10:39:45+00:00\" \/>\n<meta property=\"og:image\" content=\"https:\/\/www.comosoft.eu\/wp-content\/uploads\/2021\/01\/Digital-publishing.jpg\" \/>\n\t<meta property=\"og:image:width\" content=\"2000\" \/>\n\t<meta property=\"og:image:height\" content=\"1334\" \/>\n\t<meta property=\"og:image:type\" content=\"image\/jpeg\" \/>\n<meta name=\"twitter:card\" content=\"summary_large_image\" \/>\n<!-- \/ Yoast SEO plugin. -->","yoast_head_json":{"title":"Example de cas Nordmann Gruppe \/ Comosoft","description":"Example de cas Nordmann Gruppe: Quand tout s\u2019enchaine naturellement : le groupe Nordmann structure les processus de production de m\u00e9dias et pr\u00e9pare le terrain du marketing multicanal Les","robots":{"index":"index","follow":"follow","max-snippet":"max-snippet:-1","max-image-preview":"max-image-preview:large","max-video-preview":"max-video-preview:-1"},"canonical":"https:\/\/www.comosoft.eu\/fr\/example-de-cas-nordmann-gruppe\/","og_locale":"fr_FR","og_type":"article","og_title":"Example de cas Nordmann Gruppe \/ Comosoft","og_description":"Example de cas Nordmann Gruppe: Quand tout s\u2019enchaine naturellement : le groupe Nordmann structure les processus de production de m\u00e9dias et pr\u00e9pare le terrain du marketing multicanal Les","og_url":"https:\/\/www.comosoft.eu\/fr\/example-de-cas-nordmann-gruppe\/","og_site_name":"Comosoft","article_modified_time":"2020-06-15T10:39:45+00:00","og_image":[{"width":2000,"height":1334,"url":"https:\/\/www.comosoft.eu\/wp-content\/uploads\/2021\/01\/Digital-publishing.jpg","type":"image\/jpeg"}],"twitter_card":"summary_large_image","schema":{"@context":"https:\/\/schema.org","@graph":[{"@type":"WebPage","@id":"https:\/\/www.comosoft.eu\/fr\/example-de-cas-nordmann-gruppe\/","url":"https:\/\/www.comosoft.eu\/fr\/example-de-cas-nordmann-gruppe\/","name":"Example de cas Nordmann Gruppe \/ Comosoft","isPartOf":{"@id":"https:\/\/www.comosoft.eu\/fr\/#website"},"datePublished":"2020-06-15T10:39:42+00:00","dateModified":"2020-06-15T10:39:45+00:00","description":"Example de cas Nordmann Gruppe: Quand tout s\u2019enchaine naturellement : le groupe Nordmann structure les processus de production de m\u00e9dias et pr\u00e9pare le terrain du marketing multicanal Les","breadcrumb":{"@id":"https:\/\/www.comosoft.eu\/fr\/example-de-cas-nordmann-gruppe\/#breadcrumb"},"inLanguage":"fr-FR","potentialAction":[{"@type":"ReadAction","target":["https:\/\/www.comosoft.eu\/fr\/example-de-cas-nordmann-gruppe\/"]}]},{"@type":"BreadcrumbList","@id":"https:\/\/www.comosoft.eu\/fr\/example-de-cas-nordmann-gruppe\/#breadcrumb","itemListElement":[{"@type":"ListItem","position":1,"name":"Home","item":"https:\/\/www.comosoft.eu\/fr\/"},{"@type":"ListItem","position":2,"name":"Example de cas Nordmann Gruppe"}]},{"@type":"WebSite","@id":"https:\/\/www.comosoft.eu\/fr\/#website","url":"https:\/\/www.comosoft.eu\/fr\/","name":"Comosoft","description":"Multichannel Solutions","publisher":{"@id":"https:\/\/www.comosoft.eu\/fr\/#organization"},"potentialAction":[{"@type":"SearchAction","target":{"@type":"EntryPoint","urlTemplate":"https:\/\/www.comosoft.eu\/fr\/?s={search_term_string}"},"query-input":{"@type":"PropertyValueSpecification","valueRequired":true,"valueName":"search_term_string"}}],"inLanguage":"fr-FR"},{"@type":"Organization","@id":"https:\/\/www.comosoft.eu\/fr\/#organization","name":"Comosoft GmbH","alternateName":"Multichannel Solutions","url":"https:\/\/www.comosoft.eu\/fr\/","logo":{"@type":"ImageObject","inLanguage":"fr-FR","@id":"https:\/\/www.comosoft.eu\/fr\/#\/schema\/logo\/image\/","url":"https:\/\/www.comosoft.eu\/wp-content\/uploads\/2021\/01\/Comosoft-Logo463.png","contentUrl":"https:\/\/www.comosoft.eu\/wp-content\/uploads\/2021\/01\/Comosoft-Logo463.png","width":1654,"height":337,"caption":"Comosoft GmbH"},"image":{"@id":"https:\/\/www.comosoft.eu\/fr\/#\/schema\/logo\/image\/"},"sameAs":["https:\/\/de.linkedin.com\/company\/comosoft?original_referer=httpswww.google.com"]}]}},"_links":{"self":[{"href":"https:\/\/www.comosoft.eu\/fr\/wp-json\/wp\/v2\/pages\/15540","targetHints":{"allow":["GET"]}}],"collection":[{"href":"https:\/\/www.comosoft.eu\/fr\/wp-json\/wp\/v2\/pages"}],"about":[{"href":"https:\/\/www.comosoft.eu\/fr\/wp-json\/wp\/v2\/types\/page"}],"author":[{"embeddable":true,"href":"https:\/\/www.comosoft.eu\/fr\/wp-json\/wp\/v2\/users\/103"}],"replies":[{"embeddable":true,"href":"https:\/\/www.comosoft.eu\/fr\/wp-json\/wp\/v2\/comments?post=15540"}],"version-history":[{"count":1,"href":"https:\/\/www.comosoft.eu\/fr\/wp-json\/wp\/v2\/pages\/15540\/revisions"}],"predecessor-version":[{"id":15541,"href":"https:\/\/www.comosoft.eu\/fr\/wp-json\/wp\/v2\/pages\/15540\/revisions\/15541"}],"wp:attachment":[{"href":"https:\/\/www.comosoft.eu\/fr\/wp-json\/wp\/v2\/media?parent=15540"}],"curies":[{"name":"wp","href":"https:\/\/api.w.org\/{rel}","templated":true}]}}