{"id":15537,"date":"2020-06-15T12:34:15","date_gmt":"2020-06-15T10:34:15","guid":{"rendered":"https:\/\/www.comosoft.eu\/example-de-cas-luxairtours\/"},"modified":"2020-06-15T12:34:17","modified_gmt":"2020-06-15T10:34:17","slug":"example-de-cas-luxairtours","status":"publish","type":"page","link":"https:\/\/www.comosoft.eu\/fr\/example-de-cas-luxairtours\/","title":{"rendered":"Example de cas LuxairTours"},"content":{"rendered":"<div class=\"wpb-content-wrapper\"><p>[vc_row][vc_column width=&#8221;1\/1&#8243;][vc_column_text]<\/p>\n<h1 class=\"p2\"><span lang=\"FR\">LuxairTours et LAGO \u2013 succ\u00e8s conjoint depuis plus\u00a0de dix an<\/span><\/h1>\n<p class=\"p3\"><span lang=\"FR\">On ne peut pas \u00eatre plus proche du terrain : c\u2019est \u00e0 proximit\u00e9 de l\u2019a\u00e9roport de Luxembourg, o\u00f9 d\u2019innombrables avions atterrissent et d\u00e9collent du tarmac que se trouve le si\u00e8ge de LuxairTours. C\u2019est ici que la flotte aux couleurs blanc et bleu turquoise s\u2019envole vers des destinations ensoleill\u00e9es conform\u00e9ment \u00e0 sa philosophie d\u2019entreprise \u00ab\u00a0Fly in goog company\u00a0\u00bb et c\u2019est aussi ici que voient le jour de nombreux supports publicitaires qui, sous le pavillon de LuxairTours (luxairtours.lu), approvisionnent un grand nombre de vacanciers en offres de vacances. Et cela depuis 1968 et avec plus de 40 destinations ensoleill\u00e9es<\/span>.<\/p>\n<p class=\"p3\"><span lang=\"FR\">C\u2019est ici, pr\u00e8s de l\u2019a\u00e9roport de Luxembourg, que travaille Jos\u00e9 Baltes qui dirige la production et la distribution des supports publicitaires chez LuxairTours. Avec les imprim\u00e9s Happy Summer, Metropolis, Excellence, Discoveries, LUXiClub et la brochure principale Vakanz, il y a toujours du pain sur la planche. En plus des imprim\u00e9s d\u00e9j\u00e0 cit\u00e9s, d\u2019autre brochures r\u00e9guli\u00e8res, catalogues des meilleures ventes, prospectus et bien plus y sont produits. Ce faisant, LuxairTours offre toutes les informations en deux langues pour un ensemble de quatre pays. C\u2019est un \u00e9norme volume de donn\u00e9es \u00e0 organiser.<\/span><\/p>\n<p class=\"p3\"><span lang=\"FR\">LuxairTours a d\u00e9ploy\u00e9 par cons\u00e9quent le syst\u00e8me de production de supports publicitaires LAGO d\u00e8s 2001, et mise sur la solution de la soci\u00e9t\u00e9 hambourgeoise Comosoft depuis plus de treize ans<\/span>.<\/p>\n<p class=\"p4\"><span lang=\"FR\">\u00ab\u00a0LAGO est exactement l\u2019outil qui r\u00e9pond \u00e0 nos besoins. Sinon, nous n\u2019aurions pas coop\u00e9r\u00e9 aussi longtemps avec Comosoft\u00a0\u00bb,<\/span><\/p>\n<p class=\"p5\"><span lang=\"FR\">ajoute Jos\u00e9 Baltes lors de notre entretien t\u00e9l\u00e9phonique. Chaque ann\u00e9e, les divers supports publicitaires sont produits gr\u00e2ce au soutien des nombreuses automatisations. Rien que la brochure principale Vakanz contient plus de 500 pages, sans compter le tarif.<\/span><\/p>\n<p class=\"p2\"><span lang=\"FR\">\u00ab\u00a0Nous attachons une grande importance \u00e0 la fraicheur et \u00e0 l\u2019attrait du design, en d\u00e9pit et surtout \u00e0 cause de la pr\u00e9sence consid\u00e9rable de tableaux. Nos clients identifient l\u2019offre et son prix directement sur la page\u00a0\u00bb, ajoute J. Baltes. Chez Luxair Tours, LAGO est \u00ab\u00a0L\u2019 \u00bb outil qui sert notamment d\u2019interface \u00e0 la planification, \u00e0 la mise en page assist\u00e9e par base de donn\u00e9es et \u00e0 la gestion de nombreux m\u00e9dias. Par cons\u00e9quent, les nombreux chefs produits \u00e9laborent leurs offres de voyage conjointement avec les voyagistes, et cr\u00e9ent ce que l\u2019on appelle des prepsheets repris ensuite dans le syst\u00e8me LAGO. C\u2019est ainsi que sont ensuite planifi\u00e9es les pages de destination pr\u00e9par\u00e9es qui font l\u2019objet d\u2019une conception de qualit\u00e9. Par ailleurs, les textes originaux allemands sont traduits en fran\u00e7ais et inversement, et pr\u00e9par\u00e9s<\/span>.<\/p>\n<p class=\"p3\"><span lang=\"FR\">Alors que l\u2019on produisait autrefois deux catalogues, ce sont au moins dix catalogues volumineux qui sont aujourd\u2019hui r\u00e9alis\u00e9s et imprim\u00e9s chaque ann\u00e9e. Ici, LAGO contribue \u00e0 l\u2019organisation rapide et souple des donn\u00e9es et \u00e0 leur utilisation directe pour la production de m\u00e9dias. La mise \u00e0 jour des donn\u00e9es en un clic permet \u00e0 LuxairTours de \u00ab\u00a0pouvoir publier dans les d\u00e9lais impartis\u00a0\u00bb tous les supports publicitaires<\/span>.<\/p>\n<hr \/>\n<p class=\"p1\"><strong><span lang=\"FR\">\u00c0 propos de <\/span> Luxair<\/strong><\/p>\n<p class=\"p2\"><span lang=\"FR\">LuxairTours repr\u00e9sente, avec Luxair Airline, le vaisseau amiral du groupe, et avec LuxairCARGO et LuxairServices, l\u2019un des quatre piliers du groupe Luxair. Employant plus de 2300 personnes, le groupe est l\u2019un des employeurs majeurs \u00e0 Luxembourg et dans les environs. Le voyagiste LuxairTours fait profiter chaque ann\u00e9e \u00e0 plus de 300 000 clients de ses offres de voyage th\u00e9matiques soleil &amp; mer, voyages culturels et circuits-d\u00e9couvertes organis\u00e9s, parfaitement adapt\u00e9s aux diverses destinations touristiques et aux diff\u00e9rents budgets. L\u2019entreprise est fi\u00e8re de sa progression constante. L\u2019entreprise LuxairTours a \u00e9t\u00e9 cr\u00e9\u00e9e en 1969, et offre plus de quarante destinations touristiques \u2013 sans parler des nombreux voyages intervilles. Pour en savoir plus sur l\u2019entreprise, rendez-vous sur www.luxairtours.lu<\/span><\/p>\n<hr \/>\n<p class=\"p2\">Hambourg, 2001<\/p>\n<p>[\/vc_column_text][\/vc_column][\/vc_row]<\/p>\n<\/div>","protected":false},"excerpt":{"rendered":"<p>[vc_row][vc_column width=&#8221;1\/1&#8243;][vc_column_text] LuxairTours et LAGO \u2013 succ\u00e8s conjoint depuis plus\u00a0de dix an On ne peut pas \u00eatre plus proche du [&hellip;]<\/p>\n","protected":false},"author":103,"featured_media":0,"parent":0,"menu_order":0,"comment_status":"closed","ping_status":"closed","template":"","meta":{"footnotes":""},"class_list":["post-15537","page","type-page","status-publish","hentry"],"yoast_head":"<!-- This site is optimized with the Yoast SEO plugin v27.3 - https:\/\/yoast.com\/product\/yoast-seo-wordpress\/ -->\n<title>Example de cas LuxairTours \/ Comosoft<\/title>\n<meta name=\"description\" content=\"Example de cas LuxairTours: LuxairTours et LAGO \u2013 succ\u00e8s conjoint depuis plus\u00a0de dix an On ne peut pas \u00eatre plus proche du terrain : c\u2019est \u00e0 proximit\u00e9 de l\u2019a\u00e9roport de Luxembourg, o\u00f9\" \/>\n<meta name=\"robots\" content=\"index, follow, max-snippet:-1, max-image-preview:large, max-video-preview:-1\" \/>\n<link rel=\"canonical\" href=\"https:\/\/www.comosoft.eu\/fr\/example-de-cas-luxairtours\/\" \/>\n<meta property=\"og:locale\" content=\"fr_FR\" \/>\n<meta property=\"og:type\" content=\"article\" \/>\n<meta property=\"og:title\" content=\"Example de cas LuxairTours \/ Comosoft\" \/>\n<meta property=\"og:description\" content=\"Example de cas LuxairTours: LuxairTours et LAGO \u2013 succ\u00e8s conjoint depuis plus\u00a0de dix an On ne peut pas \u00eatre plus proche du terrain : c\u2019est \u00e0 proximit\u00e9 de l\u2019a\u00e9roport de Luxembourg, o\u00f9\" \/>\n<meta property=\"og:url\" content=\"https:\/\/www.comosoft.eu\/fr\/example-de-cas-luxairtours\/\" \/>\n<meta property=\"og:site_name\" content=\"Comosoft\" \/>\n<meta property=\"article:modified_time\" content=\"2020-06-15T10:34:17+00:00\" \/>\n<meta property=\"og:image\" content=\"https:\/\/www.comosoft.eu\/wp-content\/uploads\/2021\/01\/Digital-publishing.jpg\" \/>\n\t<meta property=\"og:image:width\" content=\"2000\" \/>\n\t<meta property=\"og:image:height\" content=\"1334\" \/>\n\t<meta property=\"og:image:type\" content=\"image\/jpeg\" \/>\n<meta name=\"twitter:card\" content=\"summary_large_image\" \/>\n<!-- \/ Yoast SEO plugin. -->","yoast_head_json":{"title":"Example de cas LuxairTours \/ Comosoft","description":"Example de cas LuxairTours: LuxairTours et LAGO \u2013 succ\u00e8s conjoint depuis plus\u00a0de dix an On ne peut pas \u00eatre plus proche du terrain : c\u2019est \u00e0 proximit\u00e9 de l\u2019a\u00e9roport de Luxembourg, o\u00f9","robots":{"index":"index","follow":"follow","max-snippet":"max-snippet:-1","max-image-preview":"max-image-preview:large","max-video-preview":"max-video-preview:-1"},"canonical":"https:\/\/www.comosoft.eu\/fr\/example-de-cas-luxairtours\/","og_locale":"fr_FR","og_type":"article","og_title":"Example de cas LuxairTours \/ Comosoft","og_description":"Example de cas LuxairTours: LuxairTours et LAGO \u2013 succ\u00e8s conjoint depuis plus\u00a0de dix an On ne peut pas \u00eatre plus proche du terrain : c\u2019est \u00e0 proximit\u00e9 de l\u2019a\u00e9roport de Luxembourg, o\u00f9","og_url":"https:\/\/www.comosoft.eu\/fr\/example-de-cas-luxairtours\/","og_site_name":"Comosoft","article_modified_time":"2020-06-15T10:34:17+00:00","og_image":[{"width":2000,"height":1334,"url":"https:\/\/www.comosoft.eu\/wp-content\/uploads\/2021\/01\/Digital-publishing.jpg","type":"image\/jpeg"}],"twitter_card":"summary_large_image","schema":{"@context":"https:\/\/schema.org","@graph":[{"@type":"WebPage","@id":"https:\/\/www.comosoft.eu\/fr\/example-de-cas-luxairtours\/","url":"https:\/\/www.comosoft.eu\/fr\/example-de-cas-luxairtours\/","name":"Example de cas LuxairTours \/ Comosoft","isPartOf":{"@id":"https:\/\/www.comosoft.eu\/fr\/#website"},"datePublished":"2020-06-15T10:34:15+00:00","dateModified":"2020-06-15T10:34:17+00:00","description":"Example de cas LuxairTours: LuxairTours et LAGO \u2013 succ\u00e8s conjoint depuis plus\u00a0de dix an On ne peut pas \u00eatre plus proche du terrain : c\u2019est \u00e0 proximit\u00e9 de l\u2019a\u00e9roport de Luxembourg, o\u00f9","breadcrumb":{"@id":"https:\/\/www.comosoft.eu\/fr\/example-de-cas-luxairtours\/#breadcrumb"},"inLanguage":"fr-FR","potentialAction":[{"@type":"ReadAction","target":["https:\/\/www.comosoft.eu\/fr\/example-de-cas-luxairtours\/"]}]},{"@type":"BreadcrumbList","@id":"https:\/\/www.comosoft.eu\/fr\/example-de-cas-luxairtours\/#breadcrumb","itemListElement":[{"@type":"ListItem","position":1,"name":"Home","item":"https:\/\/www.comosoft.eu\/fr\/"},{"@type":"ListItem","position":2,"name":"Example de cas LuxairTours"}]},{"@type":"WebSite","@id":"https:\/\/www.comosoft.eu\/fr\/#website","url":"https:\/\/www.comosoft.eu\/fr\/","name":"Comosoft","description":"Multichannel Solutions","publisher":{"@id":"https:\/\/www.comosoft.eu\/fr\/#organization"},"potentialAction":[{"@type":"SearchAction","target":{"@type":"EntryPoint","urlTemplate":"https:\/\/www.comosoft.eu\/fr\/?s={search_term_string}"},"query-input":{"@type":"PropertyValueSpecification","valueRequired":true,"valueName":"search_term_string"}}],"inLanguage":"fr-FR"},{"@type":"Organization","@id":"https:\/\/www.comosoft.eu\/fr\/#organization","name":"Comosoft GmbH","alternateName":"Multichannel Solutions","url":"https:\/\/www.comosoft.eu\/fr\/","logo":{"@type":"ImageObject","inLanguage":"fr-FR","@id":"https:\/\/www.comosoft.eu\/fr\/#\/schema\/logo\/image\/","url":"https:\/\/www.comosoft.eu\/wp-content\/uploads\/2021\/01\/Comosoft-Logo463.png","contentUrl":"https:\/\/www.comosoft.eu\/wp-content\/uploads\/2021\/01\/Comosoft-Logo463.png","width":1654,"height":337,"caption":"Comosoft GmbH"},"image":{"@id":"https:\/\/www.comosoft.eu\/fr\/#\/schema\/logo\/image\/"},"sameAs":["https:\/\/de.linkedin.com\/company\/comosoft?original_referer=httpswww.google.com"]}]}},"_links":{"self":[{"href":"https:\/\/www.comosoft.eu\/fr\/wp-json\/wp\/v2\/pages\/15537","targetHints":{"allow":["GET"]}}],"collection":[{"href":"https:\/\/www.comosoft.eu\/fr\/wp-json\/wp\/v2\/pages"}],"about":[{"href":"https:\/\/www.comosoft.eu\/fr\/wp-json\/wp\/v2\/types\/page"}],"author":[{"embeddable":true,"href":"https:\/\/www.comosoft.eu\/fr\/wp-json\/wp\/v2\/users\/103"}],"replies":[{"embeddable":true,"href":"https:\/\/www.comosoft.eu\/fr\/wp-json\/wp\/v2\/comments?post=15537"}],"version-history":[{"count":1,"href":"https:\/\/www.comosoft.eu\/fr\/wp-json\/wp\/v2\/pages\/15537\/revisions"}],"predecessor-version":[{"id":15538,"href":"https:\/\/www.comosoft.eu\/fr\/wp-json\/wp\/v2\/pages\/15537\/revisions\/15538"}],"wp:attachment":[{"href":"https:\/\/www.comosoft.eu\/fr\/wp-json\/wp\/v2\/media?parent=15537"}],"curies":[{"name":"wp","href":"https:\/\/api.w.org\/{rel}","templated":true}]}}