{"id":15535,"date":"2020-06-15T12:29:29","date_gmt":"2020-06-15T10:29:29","guid":{"rendered":"https:\/\/www.comosoft.eu\/example-de-cas-klingel\/"},"modified":"2020-06-15T12:29:32","modified_gmt":"2020-06-15T10:29:32","slug":"example-de-cas-klingel","status":"publish","type":"page","link":"https:\/\/www.comosoft.eu\/fr\/example-de-cas-klingel\/","title":{"rendered":"Example de cas Klingel"},"content":{"rendered":"<div class=\"wpb-content-wrapper\"><p>[vc_row][vc_column width=&#8221;1\/1&#8243;][vc_column_text]<\/p>\n<h1 class=\"p2\"><span lang=\"FR\">Klingel mise sur LAGO \u2013 amortissement en trois ans \u00e0 pein<\/span><\/h1>\n<p class=\"p3\"><span lang=\"FR\">En migrant sa production de catalogues vers le syst\u00e8me LAGO de Comosoft, la soci\u00e9t\u00e9 de vente par correspondance Klingel s\u2019impose comme r\u00e9f\u00e9rence<\/span>:<\/p>\n<p class=\"p3\"><span lang=\"FR\">Au sein du groupe de vente par correspondance (y compris les exp\u00e9diteurs sp\u00e9cialis\u00e9s Wenz, Mona, Beyeler, Meyer, Diemer, Wellsana et Amara), plus qu\u2019une seule plateforme de production unique assure la production de tous les catalogues (volume env. 30 000 pages par an). Pour le d\u00e9ploiement d\u2019un nouveau logiciel, il \u00e9tait d\u00e9cisif que les produits d\u2019impression \u00e9taient jusqu\u2019ici r\u00e9alis\u00e9s de la mani\u00e8re la plus diverse et de fa\u00e7on principalement classique (non assist\u00e9e par base de donn\u00e9es).<\/span><\/p>\n<p class=\"p3\"><span lang=\"FR\">R\u00e9sultat : d\u2019immenses sources d\u2019erreur et d\u2019\u00e9normes travaux de r\u00e9vision. D\u2019autant plus que les capacit\u00e9s du personnel impliqu\u00e9 dans le processus de production ne pouvaient pas \u00eatre utilis\u00e9es de fa\u00e7on optimale.<\/span><\/p>\n<p class=\"p3\"><span lang=\"FR\">\u00ab\u00a0En raison de la structure claire et harmonis\u00e9e du logiciel LAGO, les graphistes peuvent intervenir dans tous les d\u00e9partements du groupe, exactement l\u00e0 et quand on a besoin d\u2019eux\u00a0\u00bb, affirme Nils Wilcken, account manager chez Comosoft, soulignant la flexibilit\u00e9 dont disponible maintenant le client. De plus, les processus de r\u00e9vision co\u00fbteux en temps et en argent sont consid\u00e9rablement r\u00e9duits.<\/span><\/p>\n<p class=\"p3\"><span lang=\"FR\">Chez Klingel, les variantes linguistiques pour les diff\u00e9rents march\u00e9s, couvertes par LAGO 3.0 en termes de programmation, \u00e9taient vraiment les bienvenues. Cinq march\u00e9s (Allemagne, Autriche, Suisse, Pays-Bas, et Belgique) sont n\u00e9anmoins desservis avec trois langues diff\u00e9rentes<\/span><\/p>\n<p class=\"p4\"><span lang=\"FR\">Les frais d\u2019installation seront d\u00e9j\u00e0 amortis en trois petites ann\u00e9es<\/span>.<\/p>\n<hr \/>\n<p class=\"p4\">Hambourg, 2002<\/p>\n<p>[\/vc_column_text][\/vc_column][\/vc_row]<\/p>\n<\/div>","protected":false},"excerpt":{"rendered":"<p>[vc_row][vc_column width=&#8221;1\/1&#8243;][vc_column_text] Klingel mise sur LAGO \u2013 amortissement en trois ans \u00e0 pein En migrant sa production de catalogues vers [&hellip;]<\/p>\n","protected":false},"author":103,"featured_media":0,"parent":0,"menu_order":0,"comment_status":"closed","ping_status":"closed","template":"","meta":{"footnotes":""},"class_list":["post-15535","page","type-page","status-publish","hentry"],"yoast_head":"<!-- This site is optimized with the Yoast SEO plugin v27.3 - https:\/\/yoast.com\/product\/yoast-seo-wordpress\/ -->\n<title>Example de cas Klingel \/ Comosoft<\/title>\n<meta name=\"description\" content=\"Example de cas Klingel: Klingel mise sur LAGO \u2013 amortissement en trois ans \u00e0 pein En migrant sa production de catalogues vers le syst\u00e8me LAGO de Comosoft, la soci\u00e9t\u00e9 de vente par\" \/>\n<meta name=\"robots\" content=\"index, follow, max-snippet:-1, max-image-preview:large, max-video-preview:-1\" \/>\n<link rel=\"canonical\" href=\"https:\/\/www.comosoft.eu\/fr\/example-de-cas-klingel\/\" \/>\n<meta property=\"og:locale\" content=\"fr_FR\" \/>\n<meta property=\"og:type\" content=\"article\" \/>\n<meta property=\"og:title\" content=\"Example de cas Klingel \/ Comosoft\" \/>\n<meta property=\"og:description\" content=\"Example de cas Klingel: Klingel mise sur LAGO \u2013 amortissement en trois ans \u00e0 pein En migrant sa production de catalogues vers le syst\u00e8me LAGO de Comosoft, la soci\u00e9t\u00e9 de vente par\" \/>\n<meta property=\"og:url\" content=\"https:\/\/www.comosoft.eu\/fr\/example-de-cas-klingel\/\" \/>\n<meta property=\"og:site_name\" content=\"Comosoft\" \/>\n<meta property=\"article:modified_time\" content=\"2020-06-15T10:29:32+00:00\" \/>\n<meta property=\"og:image\" content=\"https:\/\/www.comosoft.eu\/wp-content\/uploads\/2021\/01\/Digital-publishing.jpg\" \/>\n\t<meta property=\"og:image:width\" content=\"2000\" \/>\n\t<meta property=\"og:image:height\" content=\"1334\" \/>\n\t<meta property=\"og:image:type\" content=\"image\/jpeg\" \/>\n<meta name=\"twitter:card\" content=\"summary_large_image\" \/>\n<!-- \/ Yoast SEO plugin. -->","yoast_head_json":{"title":"Example de cas Klingel \/ Comosoft","description":"Example de cas Klingel: Klingel mise sur LAGO \u2013 amortissement en trois ans \u00e0 pein En migrant sa production de catalogues vers le syst\u00e8me LAGO de Comosoft, la soci\u00e9t\u00e9 de vente par","robots":{"index":"index","follow":"follow","max-snippet":"max-snippet:-1","max-image-preview":"max-image-preview:large","max-video-preview":"max-video-preview:-1"},"canonical":"https:\/\/www.comosoft.eu\/fr\/example-de-cas-klingel\/","og_locale":"fr_FR","og_type":"article","og_title":"Example de cas Klingel \/ Comosoft","og_description":"Example de cas Klingel: Klingel mise sur LAGO \u2013 amortissement en trois ans \u00e0 pein En migrant sa production de catalogues vers le syst\u00e8me LAGO de Comosoft, la soci\u00e9t\u00e9 de vente par","og_url":"https:\/\/www.comosoft.eu\/fr\/example-de-cas-klingel\/","og_site_name":"Comosoft","article_modified_time":"2020-06-15T10:29:32+00:00","og_image":[{"width":2000,"height":1334,"url":"https:\/\/www.comosoft.eu\/wp-content\/uploads\/2021\/01\/Digital-publishing.jpg","type":"image\/jpeg"}],"twitter_card":"summary_large_image","schema":{"@context":"https:\/\/schema.org","@graph":[{"@type":"WebPage","@id":"https:\/\/www.comosoft.eu\/fr\/example-de-cas-klingel\/","url":"https:\/\/www.comosoft.eu\/fr\/example-de-cas-klingel\/","name":"Example de cas Klingel \/ Comosoft","isPartOf":{"@id":"https:\/\/www.comosoft.eu\/fr\/#website"},"datePublished":"2020-06-15T10:29:29+00:00","dateModified":"2020-06-15T10:29:32+00:00","description":"Example de cas Klingel: Klingel mise sur LAGO \u2013 amortissement en trois ans \u00e0 pein En migrant sa production de catalogues vers le syst\u00e8me LAGO de Comosoft, la soci\u00e9t\u00e9 de vente par","breadcrumb":{"@id":"https:\/\/www.comosoft.eu\/fr\/example-de-cas-klingel\/#breadcrumb"},"inLanguage":"fr-FR","potentialAction":[{"@type":"ReadAction","target":["https:\/\/www.comosoft.eu\/fr\/example-de-cas-klingel\/"]}]},{"@type":"BreadcrumbList","@id":"https:\/\/www.comosoft.eu\/fr\/example-de-cas-klingel\/#breadcrumb","itemListElement":[{"@type":"ListItem","position":1,"name":"Home","item":"https:\/\/www.comosoft.eu\/fr\/"},{"@type":"ListItem","position":2,"name":"Example de cas Klingel"}]},{"@type":"WebSite","@id":"https:\/\/www.comosoft.eu\/fr\/#website","url":"https:\/\/www.comosoft.eu\/fr\/","name":"Comosoft","description":"Multichannel Solutions","publisher":{"@id":"https:\/\/www.comosoft.eu\/fr\/#organization"},"potentialAction":[{"@type":"SearchAction","target":{"@type":"EntryPoint","urlTemplate":"https:\/\/www.comosoft.eu\/fr\/?s={search_term_string}"},"query-input":{"@type":"PropertyValueSpecification","valueRequired":true,"valueName":"search_term_string"}}],"inLanguage":"fr-FR"},{"@type":"Organization","@id":"https:\/\/www.comosoft.eu\/fr\/#organization","name":"Comosoft GmbH","alternateName":"Multichannel Solutions","url":"https:\/\/www.comosoft.eu\/fr\/","logo":{"@type":"ImageObject","inLanguage":"fr-FR","@id":"https:\/\/www.comosoft.eu\/fr\/#\/schema\/logo\/image\/","url":"https:\/\/www.comosoft.eu\/wp-content\/uploads\/2021\/01\/Comosoft-Logo463.png","contentUrl":"https:\/\/www.comosoft.eu\/wp-content\/uploads\/2021\/01\/Comosoft-Logo463.png","width":1654,"height":337,"caption":"Comosoft GmbH"},"image":{"@id":"https:\/\/www.comosoft.eu\/fr\/#\/schema\/logo\/image\/"},"sameAs":["https:\/\/de.linkedin.com\/company\/comosoft?original_referer=httpswww.google.com"]}]}},"_links":{"self":[{"href":"https:\/\/www.comosoft.eu\/fr\/wp-json\/wp\/v2\/pages\/15535","targetHints":{"allow":["GET"]}}],"collection":[{"href":"https:\/\/www.comosoft.eu\/fr\/wp-json\/wp\/v2\/pages"}],"about":[{"href":"https:\/\/www.comosoft.eu\/fr\/wp-json\/wp\/v2\/types\/page"}],"author":[{"embeddable":true,"href":"https:\/\/www.comosoft.eu\/fr\/wp-json\/wp\/v2\/users\/103"}],"replies":[{"embeddable":true,"href":"https:\/\/www.comosoft.eu\/fr\/wp-json\/wp\/v2\/comments?post=15535"}],"version-history":[{"count":1,"href":"https:\/\/www.comosoft.eu\/fr\/wp-json\/wp\/v2\/pages\/15535\/revisions"}],"predecessor-version":[{"id":15536,"href":"https:\/\/www.comosoft.eu\/fr\/wp-json\/wp\/v2\/pages\/15535\/revisions\/15536"}],"wp:attachment":[{"href":"https:\/\/www.comosoft.eu\/fr\/wp-json\/wp\/v2\/media?parent=15535"}],"curies":[{"name":"wp","href":"https:\/\/api.w.org\/{rel}","templated":true}]}}