{"id":15531,"date":"2020-06-15T12:21:11","date_gmt":"2020-06-15T10:21:11","guid":{"rendered":"https:\/\/www.comosoft.eu\/example-de-cas-gebruder-gotz\/"},"modified":"2025-09-29T12:54:07","modified_gmt":"2025-09-29T10:54:07","slug":"example-de-cas-gebruder-gotz","status":"publish","type":"page","link":"https:\/\/www.comosoft.eu\/fr\/example-de-cas-gebruder-gotz\/","title":{"rendered":"Example de cas Gebr\u00fcder G\u00f6tz"},"content":{"rendered":"<div class=\"wpb-content-wrapper\"><p>[vc_row][vc_column width=&#8221;1\/1&#8243;][vc_column_text uncode_shortcode_id=&#8221;101037&#8243;]<\/p>\n<h1><span lang=\"FR\">Gebr\u00fcder G\u00f6tz \u2013 plus que \u00ab\u00a0seulement\u00a0\u00bb une application logicielle<\/span><\/h1>\n<p class=\"p2\"><b><span lang=\"FR\">L\u2019entreprise Gebr\u00fcder G\u00f6tz bas\u00e9e \u00e0 W\u00fcrzburg utilise le logiciel LAGO depuis 1999 pour produire ses supports publicitaires. Le magazine client de Comosoft, The Catalyst; s\u2019est entretenu avec Karl-Heinz Lassotta, chef de publicit\u00e9 R\u00e9alisation technique de catalogues, sur les exp\u00e9riences qu\u2019il a faites avec le syst\u00e8me<\/span>.<\/b><\/p>\n<p class=\"p2\"><b>The Catalyst: <span lang=\"FR\">Dans quel secteur d\u2019activit\u00e9s op\u00e8re Gebr\u00fcder G\u00f6tz ?<\/span><br \/>\n<\/b>Karl-Heinz Lassotta: <span lang=\"FR\">Gebr\u00fcder G\u00f6tz est une entreprise de vente par correspondance occupant environ 350 personnes. Nous sommes sp\u00e9cialis\u00e9s dans la vente par correspondance de chaussures, textiles, articles de sport et produits m\u00e9nagers.<\/span><\/p>\n<p class=\"p2\"><b><span lang=\"FR\">Combien de catalogues ou de pages de catalogue produisez-vous par an <\/span>?<br \/>\n<\/b><span lang=\"FR\">Nous publions un catalogue printemps\/\u00e9t\u00e9 et un catalogue automne\/hiver, plusieurs prospectus au cours de l\u2019ann\u00e9e. Ce sont environ 2000 pages par an, tendance \u00e0 la hausse.<\/span><\/p>\n<p class=\"p2\"><b><span lang=\"FR\">Quand avez-vous migr\u00e9 vers LAGO <\/span>?<br \/>\n<\/b><span lang=\"FR\">En mai 1999. Il faut dire que nous \u00e9tions bien avant \u00e0 la recherche d\u2019un syst\u00e8me de production de catalogues ad\u00e9quat. Mais nous ne trouvions pas de solution r\u00e9pondant \u00e0 nos besoins.<\/span><\/p>\n<p class=\"p2\"><b><span lang=\"FR\">Qu\u2019est-ce qui vous a amen\u00e9 \u00e0 choisir LAGO <\/span>?<br \/>\n<\/b><span lang=\"FR\">Avant de migrer vers LAGO, nous produisions nos supports publicitaires en grande partie de fa\u00e7on manuelle. Malgr\u00e9 l\u2019acc\u00e8s \u00e0 une base de donn\u00e9es d\u2019images Cumulus, la production s\u2019av\u00e9rait complexe et laborieuse. Par ailleurs, nous n\u2019avions pas la possibilit\u00e9 d\u2019importer des donn\u00e9es d\u2019article brutes \u00e0 partir d\u2019un syst\u00e8me de gestion de marchandises : ces informations de catalogue vitales devaient \u00eatre re-saisies au moyen de listes d\u2019article pour chaque support publicitaire, ce qui \u00e9tait tr\u00e8s chronophage et sujet aux erreurs. Nous voulions par cons\u00e9quent un syst\u00e8me permettant le traitement int\u00e9gr\u00e9 des images, textes et graphiques, englobant l\u2019importation des donn\u00e9es d\u2019article brutes et la mise \u00e0 jour \u00e0 partir du syst\u00e8me de gestion des marchandises<\/span>.<\/p>\n<p class=\"p2\"><b><span lang=\"FR\">Vous avez trouv\u00e9 toutes ces fonctions dans LAGO <\/span>?<br \/>\n<\/b><span lang=\"FR\">Absolument ! La production de nos supports publicitaires avec LAGO a gagn\u00e9 en rapidit\u00e9, en efficacit\u00e9 et en clart\u00e9. Mais je dois ajouter que : le syst\u00e8me LAGO ne garantit pas \u00e0 lui seul une am\u00e9lioration spontan\u00e9e. En ce qui concerne l\u2019utilisation de LAGO, la strat\u00e9gie de la\/du responsable de production c\u00f4t\u00e9 client joue un r\u00f4le d\u00e9cisif dans la r\u00e9ussite ou l\u2019\u00e9chec. Lorsqu\u2019une entreprise ne poss\u00e9dait pas de \u00ab\u00a0strat\u00e9gie de production manuelle\u00a0\u00bb avant d\u2019utiliser LAGO, les effets de synergie souhait\u00e9s n\u2019interviendront que de mani\u00e8re tr\u00e8s h\u00e9sitante. J\u2019aime prendre l\u2019exemple d\u2019une recette pour illustrer mes propos. Les donn\u00e9es telles que les images, textes, photos etc. sont les ingr\u00e9dients, et Lago repr\u00e9sente les appareils n\u00e9cessaires \u00e0 la pr\u00e9paration, \u00e0 savoir le mixeur ou le plat de cuisson. L\u2019administrateur \/ le responsable de production est le cuisinier qui fournit la bonne recette et veille au fonctionnement du workflow de production et \u00e0 son optimisation, donc \u00e0 la r\u00e9ussite de la recette.<\/span><\/p>\n<p class=\"p1\"><b><span lang=\"FR\">LAGO est-il rentable ? Dans quel domaine avez-vous r\u00e9alis\u00e9 des \u00e9conomies <\/span>?<br \/>\n<\/b><span lang=\"FR\">Le co\u00fbt du logiciel LAGO est vite amorti. Le fait de pouvoir r\u00e9aliser pratiquement tout en interne, jusqu\u2019au transfert au service de lithographie, constitue un s\u00e9rieux avantage. Sur les plus petits encarts comprenant d\u2019anciens articles, nous r\u00e9alisons jusqu\u2019\u00e0 60 % d\u2019\u00e9conomie. Avec cela, LAGO est loin d\u2019\u00eatre exploit\u00e9 au maximum. Le syst\u00e8me apporte un \u00e9norme potentiel pour des \u00e9conomies de temps et d\u2019argent suppl\u00e9mentaires<\/span>.<\/p>\n<p class=\"p1\"><b><span lang=\"FR\">La migration vers LAGO a-t-elle d\u2019autres r\u00e9percussions <\/span>?<br \/>\n<\/b><span lang=\"FR\">LAGO s\u2019est av\u00e9r\u00e9 \u00eatre plus que \u00ab\u00a0seulement\u00a0\u00bb une application logicielle. La communication interne entre les d\u00e9partements de l\u2019entreprise a \u00e9t\u00e9 partiellement red\u00e9finie avec davantage de pr\u00e9cision. Par exemple, LAGO a clairement \u00e9tabli les comp\u00e9tences du service Achats et du service Publicit\u00e9. Je dirais m\u00eame que LAGO a donn\u00e9 une nouvelle impulsion aux processus de r\u00e9flexion au sein de l\u2019entreprise.<\/span><\/p>\n<p class=\"p1\"><b><span lang=\"FR\">Dans quelle mesure l\u2019e-commerce joue-t-il un r\u00f4le pour Gebr\u00fcder G\u00f6tz <\/span>?<br \/>\n<\/b><span lang=\"FR\">Nous avons une boutique en ligne.Or, notre syst\u00e8me manque de dynamisme en termes de visualisation d\u2019images et de logos. D\u00e8s que nous aurons install\u00e9 la derni\u00e8re version de Lago, nous migrerons \u00e9galement notre boutique en ligne vers LAGO<\/span>.<\/p>\n<p class=\"p1\"><b><span lang=\"FR\">Quels sont les prestations de service que vous sollicitez de Comosoft <\/span>?<br \/>\n<\/b><span lang=\"FR\">Nous avons bien entendu un contrat d\u2019assistance technique. Mais la relation que nous avons avec Comosoft d\u00e9passe le conseil pur et simple. Nous communiquons fr\u00e9quemment et nous apprenons les uns des autres. Je suis ravi que les suggestions que nous avons fournies \u00e0 Comosoft en tant qu\u2019utilisateur se r\u00e9percutent en majeure partie sur les nouvelles versions<\/span>.<\/p>\n<hr \/>\n<p class=\"p1\">Hambourg, 1999<\/p>\n<p>[\/vc_column_text][\/vc_column][\/vc_row]<\/p>\n<\/div>","protected":false},"excerpt":{"rendered":"<p>[vc_row][vc_column width=&#8221;1\/1&#8243;][vc_column_text uncode_shortcode_id=&#8221;101037&#8243;] Gebr\u00fcder G\u00f6tz \u2013 plus que \u00ab\u00a0seulement\u00a0\u00bb une application logicielle L\u2019entreprise Gebr\u00fcder G\u00f6tz bas\u00e9e \u00e0 W\u00fcrzburg utilise le [&hellip;]<\/p>\n","protected":false},"author":103,"featured_media":0,"parent":0,"menu_order":0,"comment_status":"closed","ping_status":"closed","template":"","meta":{"footnotes":""},"class_list":["post-15531","page","type-page","status-publish","hentry"],"yoast_head":"<!-- This site is optimized with the Yoast SEO plugin v27.3 - https:\/\/yoast.com\/product\/yoast-seo-wordpress\/ -->\n<title>Example de cas Gebr\u00fcder G\u00f6tz \/ Comosoft<\/title>\n<meta name=\"description\" content=\"L\u2019entreprise Gebr\u00fcder G\u00f6tz bas\u00e9e \u00e0 W\u00fcrzburg utilise le logiciel LAGO depuis 1999 pour produire ses supports publicitaires.\" \/>\n<meta name=\"robots\" content=\"index, follow, max-snippet:-1, max-image-preview:large, max-video-preview:-1\" \/>\n<link rel=\"canonical\" href=\"https:\/\/www.comosoft.eu\/fr\/example-de-cas-gebruder-gotz\/\" \/>\n<meta property=\"og:locale\" content=\"fr_FR\" \/>\n<meta property=\"og:type\" content=\"article\" \/>\n<meta property=\"og:title\" content=\"Example de cas Gebr\u00fcder G\u00f6tz \/ Comosoft\" \/>\n<meta property=\"og:description\" content=\"L\u2019entreprise Gebr\u00fcder G\u00f6tz bas\u00e9e \u00e0 W\u00fcrzburg utilise le logiciel LAGO depuis 1999 pour produire ses supports publicitaires.\" \/>\n<meta property=\"og:url\" content=\"https:\/\/www.comosoft.eu\/fr\/example-de-cas-gebruder-gotz\/\" \/>\n<meta property=\"og:site_name\" content=\"Comosoft\" \/>\n<meta property=\"article:modified_time\" content=\"2025-09-29T10:54:07+00:00\" \/>\n<meta property=\"og:image\" content=\"https:\/\/www.comosoft.eu\/wp-content\/uploads\/2021\/01\/Digital-publishing.jpg\" \/>\n\t<meta property=\"og:image:width\" content=\"2000\" \/>\n\t<meta property=\"og:image:height\" content=\"1334\" \/>\n\t<meta property=\"og:image:type\" content=\"image\/jpeg\" \/>\n<meta name=\"twitter:card\" content=\"summary_large_image\" \/>\n<!-- \/ Yoast SEO plugin. -->","yoast_head_json":{"title":"Example de cas Gebr\u00fcder G\u00f6tz \/ Comosoft","description":"L\u2019entreprise Gebr\u00fcder G\u00f6tz bas\u00e9e \u00e0 W\u00fcrzburg utilise le logiciel LAGO depuis 1999 pour produire ses supports publicitaires.","robots":{"index":"index","follow":"follow","max-snippet":"max-snippet:-1","max-image-preview":"max-image-preview:large","max-video-preview":"max-video-preview:-1"},"canonical":"https:\/\/www.comosoft.eu\/fr\/example-de-cas-gebruder-gotz\/","og_locale":"fr_FR","og_type":"article","og_title":"Example de cas Gebr\u00fcder G\u00f6tz \/ Comosoft","og_description":"L\u2019entreprise Gebr\u00fcder G\u00f6tz bas\u00e9e \u00e0 W\u00fcrzburg utilise le logiciel LAGO depuis 1999 pour produire ses supports publicitaires.","og_url":"https:\/\/www.comosoft.eu\/fr\/example-de-cas-gebruder-gotz\/","og_site_name":"Comosoft","article_modified_time":"2025-09-29T10:54:07+00:00","og_image":[{"width":2000,"height":1334,"url":"https:\/\/www.comosoft.eu\/wp-content\/uploads\/2021\/01\/Digital-publishing.jpg","type":"image\/jpeg"}],"twitter_card":"summary_large_image","schema":{"@context":"https:\/\/schema.org","@graph":[{"@type":"WebPage","@id":"https:\/\/www.comosoft.eu\/fr\/example-de-cas-gebruder-gotz\/","url":"https:\/\/www.comosoft.eu\/fr\/example-de-cas-gebruder-gotz\/","name":"Example de cas Gebr\u00fcder G\u00f6tz \/ Comosoft","isPartOf":{"@id":"https:\/\/www.comosoft.eu\/fr\/#website"},"datePublished":"2020-06-15T10:21:11+00:00","dateModified":"2025-09-29T10:54:07+00:00","description":"L\u2019entreprise Gebr\u00fcder G\u00f6tz bas\u00e9e \u00e0 W\u00fcrzburg utilise le logiciel LAGO depuis 1999 pour produire ses supports publicitaires.","breadcrumb":{"@id":"https:\/\/www.comosoft.eu\/fr\/example-de-cas-gebruder-gotz\/#breadcrumb"},"inLanguage":"fr-FR","potentialAction":[{"@type":"ReadAction","target":["https:\/\/www.comosoft.eu\/fr\/example-de-cas-gebruder-gotz\/"]}]},{"@type":"BreadcrumbList","@id":"https:\/\/www.comosoft.eu\/fr\/example-de-cas-gebruder-gotz\/#breadcrumb","itemListElement":[{"@type":"ListItem","position":1,"name":"Home","item":"https:\/\/www.comosoft.eu\/fr\/"},{"@type":"ListItem","position":2,"name":"Example de cas Gebr\u00fcder G\u00f6tz"}]},{"@type":"WebSite","@id":"https:\/\/www.comosoft.eu\/fr\/#website","url":"https:\/\/www.comosoft.eu\/fr\/","name":"Comosoft","description":"Multichannel Solutions","publisher":{"@id":"https:\/\/www.comosoft.eu\/fr\/#organization"},"potentialAction":[{"@type":"SearchAction","target":{"@type":"EntryPoint","urlTemplate":"https:\/\/www.comosoft.eu\/fr\/?s={search_term_string}"},"query-input":{"@type":"PropertyValueSpecification","valueRequired":true,"valueName":"search_term_string"}}],"inLanguage":"fr-FR"},{"@type":"Organization","@id":"https:\/\/www.comosoft.eu\/fr\/#organization","name":"Comosoft GmbH","alternateName":"Multichannel Solutions","url":"https:\/\/www.comosoft.eu\/fr\/","logo":{"@type":"ImageObject","inLanguage":"fr-FR","@id":"https:\/\/www.comosoft.eu\/fr\/#\/schema\/logo\/image\/","url":"https:\/\/www.comosoft.eu\/wp-content\/uploads\/2021\/01\/Comosoft-Logo463.png","contentUrl":"https:\/\/www.comosoft.eu\/wp-content\/uploads\/2021\/01\/Comosoft-Logo463.png","width":1654,"height":337,"caption":"Comosoft GmbH"},"image":{"@id":"https:\/\/www.comosoft.eu\/fr\/#\/schema\/logo\/image\/"},"sameAs":["https:\/\/de.linkedin.com\/company\/comosoft?original_referer=httpswww.google.com"]}]}},"_links":{"self":[{"href":"https:\/\/www.comosoft.eu\/fr\/wp-json\/wp\/v2\/pages\/15531","targetHints":{"allow":["GET"]}}],"collection":[{"href":"https:\/\/www.comosoft.eu\/fr\/wp-json\/wp\/v2\/pages"}],"about":[{"href":"https:\/\/www.comosoft.eu\/fr\/wp-json\/wp\/v2\/types\/page"}],"author":[{"embeddable":true,"href":"https:\/\/www.comosoft.eu\/fr\/wp-json\/wp\/v2\/users\/103"}],"replies":[{"embeddable":true,"href":"https:\/\/www.comosoft.eu\/fr\/wp-json\/wp\/v2\/comments?post=15531"}],"version-history":[{"count":2,"href":"https:\/\/www.comosoft.eu\/fr\/wp-json\/wp\/v2\/pages\/15531\/revisions"}],"predecessor-version":[{"id":49768,"href":"https:\/\/www.comosoft.eu\/fr\/wp-json\/wp\/v2\/pages\/15531\/revisions\/49768"}],"wp:attachment":[{"href":"https:\/\/www.comosoft.eu\/fr\/wp-json\/wp\/v2\/media?parent=15531"}],"curies":[{"name":"wp","href":"https:\/\/api.w.org\/{rel}","templated":true}]}}