{"id":15528,"date":"2020-06-15T12:11:35","date_gmt":"2020-06-15T10:11:35","guid":{"rendered":"https:\/\/www.comosoft.eu\/example-de-cas-emporium-merkator\/"},"modified":"2020-06-15T12:15:50","modified_gmt":"2020-06-15T10:15:50","slug":"example-de-cas-emporium-merkator","status":"publish","type":"page","link":"https:\/\/www.comosoft.eu\/fr\/example-de-cas-emporium-merkator\/","title":{"rendered":"Example de cas Emporium Merkator"},"content":{"rendered":"<div class=\"wpb-content-wrapper\"><p>[vc_row][vc_column width=&#8221;1\/1&#8243;][vc_column_text]<\/p>\n<h1 class=\"p2\"><span lang=\"FR\">Gain de temps significatif : Emporium Merkator d\u00e9ploie LAGO4 avec succ\u00e8s<\/span><\/h1>\n<p class=\"p2\"><span lang=\"FR\">250 000 articles, 160 attributs par article, deux variantes, 80 000 000 attributs au total \u2013 pour les boutiques en ligne, plus de 300 mailings par an, de nombreux autres projets d\u2019impression et le service Clients. Voici Emporium Merkator. Depuis plus de quarante ans, l\u2019entreprise riche en tradition b\u00e9n\u00e9ficie de la confiance des collectionneurs et n\u00e9gociants en pi\u00e8ces de monnaie ainsi que celle des investisseurs dans le monde entier, et cela, \u00e9galement en raison de son vaste panel de produits. \u00ab\u00a0Nous avons tout, des derni\u00e8res nouveaut\u00e9s aux rares pi\u00e8ces originales. Notre gamme de produits se caract\u00e9rise par une grande mobilit\u00e9. Nous avons plusieurs sources, des stocks qui changent fr\u00e9quemment et il peut aussi arriver que le m\u00eame article doit \u00eatre g\u00e9r\u00e9 sous diff\u00e9rentes r\u00e9f\u00e9rences, par exemple en raison de son \u00e9tat\u00a0\u00bb, explique Dieter Harms, directeur IT chez Emporium, lors de l\u2019entretien dans la \u00ab\u00a0St\u00f6rtebeker Haus\u00a0\u00bb\u00a0\u00e0 Hambourg.<\/span><\/p>\n<p class=\"p2\"><span lang=\"FR\">\u00ab\u00a0La complexit\u00e9 de nos donn\u00e9es, leur volume et leur mobilit\u00e9 exigent tout simplement un syst\u00e8me qui consolide et centralise les donn\u00e9es et qui met en corr\u00e9lation nos syst\u00e8mes existants de mani\u00e8re intelligente\u00a0\u00bb, se rem\u00e9more D. Harms, \u00ab\u00a0nos chefs produits, surtout quand de nouveaux coll\u00e8gues rejoignaient l\u2019\u00e9quipe, passaient jusqu\u2019\u00e0 60 % de leur temps de travail \u00e0 chercher.\u00a0\u00bb<\/span><\/p>\n<p class=\"p3\"><span lang=\"FR\">\u00ab\u00a0M\u00eame si LAGO offre de vastes possibilit\u00e9s, les vis \u00e0 serrer sont toujours aux m\u00eames endroits, la gestion des flux de travail ainsi que la gestion centralis\u00e9e des droits et des structures sont parfaitement r\u00e9solues.\u00a0\u00bb<\/span><\/p>\n<p class=\"p4\">Dieter Harms | <span lang=\"EN-US\">directeur IT, <\/span> Emporium Merkator<\/p>\n<p class=\"p2\"><span lang=\"FR\">Il y a quelques ann\u00e9es d\u00e9j\u00e0, l\u2019entreprise s\u2019est mise \u00e0 la recherche d\u2019une solution ad\u00e9quate. Emporium avait besoin de plus d\u2019espace pour les informations. Les donn\u00e9es d\u2019article devaient \u00eatre consolid\u00e9es \u00e0 partir de plusieurs sources, utilisables avec davantage de souplesse et accessibles pour les diff\u00e9rents canaux de vente. C\u2019est dans ce domaine que LAGO4 a fait le poids. Le syst\u00e8me qui relie aujourd\u2019hui des syst\u00e8mes en amont et avant tels que la gestion de marchandises ou les boutiques en ligne chez Emporium, s\u2019est distingu\u00e9 notamment par l\u2019int\u00e9gration et la retranscription de processus de A \u00e0 Z. \u00ab\u00a0M\u00eame si LAGO offre de vastes possibilit\u00e9s, les vis \u00e0 serrer sont toujours aux m\u00eames endroits, la gestion des flux de travail ainsi que la gestion centralis\u00e9e des droits et des structures sont parfaitement r\u00e9solues. La possibilit\u00e9 de g\u00e9rer nos donn\u00e9es et de cr\u00e9er tous les supports publicitaires dans un seul syst\u00e8me a \u00e9t\u00e9 d\u00e9terminante pour nous.\u00a0\u00bb<\/span><\/p>\n<p class=\"p5\"><em><span lang=\"FR\">\u00ab\u00a0Avec LAGO, la boutique en ligne fonctionne parfaitement. Nous r\u00e9alisons aujourd\u2019hui en deux jours ce que nous faisions p\u00e9niblement en deux semaines.\u00a0\u00bb<\/span><\/em><\/p>\n<p class=\"p6\">Dieter Harms | <span lang=\"EN-US\">directeur IT, <\/span> Emporium Merkator<\/p>\n<p class=\"p2\"><span lang=\"FR\">Suite au d\u00e9ploiement, \u00e0 la migration et la formation des utilisateurs, on a commenc\u00e9 par la gestion des donn\u00e9es. Aux environ 60 caract\u00e9ristiques pr\u00e9sentes dans la gestion de marchandises sont venus s\u2019ajouter plus de 100 nouveaux champs dans LAGO offrant un espace pour recevoir des informations suppl\u00e9mentaires. Le syst\u00e8me simplifie la planification, l\u2019ensemble des processus de gestion, et offre une parfaite vue d\u2019ensemble avec de nombreuses fonctions de recherche et la centralisation de tous les supports publicitaires. Gr\u00e2ce \u00e0 LAGO, on a r\u00e9alis\u00e9 le contr\u00f4le et la gestion des donn\u00e9es de la boutique en ligne (www.muenzkurier.de) et obtenu un gain de temps significatif de 80 %. \u00ab\u00a0Avec LAGO, la boutique en ligne fonctionne parfaitement. Nous r\u00e9alisons aujourd\u2019hui en deux jours ce que nous faisions p\u00e9niblement en deux semaines\u00a0\u00bb, d\u00e9clare Dieter Harms, \u00ab\u00a0je suis aussi satisfait du d\u00e9ploiement. Il est clair que tout ne fonctionne pas toujours pas \u00e0 100 %, mais les probl\u00e8mes ont \u00e9t\u00e9 r\u00e9solus de mani\u00e8re rapide et comp\u00e9tente d\u00e8s leur apparition.\u00a0\u00bb<\/span><\/p>\n<p class=\"p1\"><span lang=\"FR\">La gestion produits, l\u2019\u00e9quipe e-commerce et le service graphique interne d\u2019Emporium utilisent LAGO<\/span>.<\/p>\n<p class=\"p1\"><span lang=\"FR\">L\u2019int\u00e9gration directe dans Adobe\u00ae InDesign\u00ae et le workflow de r\u00e9vision num\u00e9rique ont \u00e9t\u00e9 bien accueillis par toutes les personnes impliqu\u00e9es. Pour tout support publicitaire, les sp\u00e9cialistes en pi\u00e8ces de monnaie \u00e9vitent ainsi les recherches et relectures fastidieuses avec des impressions, des fichiers PDF et d\u2019innombrables versions en circulation. Dans la \u00ab\u00a0St\u00f6rtebeker Haus\u00a0\u00bb \u00e0 Hambourg, on confirme que le d\u00e9ploiement de LAGO a \u00e9t\u00e9 une d\u00e9cision judicieuse. Suite \u00e0 l\u2019int\u00e9gration r\u00e9ussie de la boutique en ligne et apr\u00e8s les supports publicitaires imprim\u00e9s, le directeur IT a encore d\u2019autres projets : \u00ab\u00a0Nous allons bien s\u00fbr \u00e9largir LAGO \u00e0 d\u2019autres domaines. Nous int\u00e9grons actuellement le commerce de gros et d\u2019autres boutiques en ligne viendront s\u2019ajouter. Le service Clients participera \u00e9galement au syst\u00e8me. Nous avons encore du travail sur la planche. Pour cela, nous continuons de miser sur la coop\u00e9ration avec Comosoft.\u00a0\u00bb<\/span><\/p>\n<hr \/>\n<p class=\"p1\">Hambourg, 2011<\/p>\n<p>[\/vc_column_text][\/vc_column][\/vc_row]<\/p>\n<\/div>","protected":false},"excerpt":{"rendered":"<p>[vc_row][vc_column width=&#8221;1\/1&#8243;][vc_column_text] Gain de temps significatif : Emporium Merkator d\u00e9ploie LAGO4 avec succ\u00e8s 250 000 articles, 160 attributs par article, [&hellip;]<\/p>\n","protected":false},"author":103,"featured_media":0,"parent":0,"menu_order":0,"comment_status":"closed","ping_status":"closed","template":"","meta":{"footnotes":""},"class_list":["post-15528","page","type-page","status-publish","hentry"],"yoast_head":"<!-- This site is optimized with the Yoast SEO plugin v27.3 - https:\/\/yoast.com\/product\/yoast-seo-wordpress\/ -->\n<title>Example de cas Emporium Merkator \/ Comosoft<\/title>\n<meta name=\"description\" content=\"Example de cas Emporium Merkator: Gain de temps significatif : Emporium Merkator d\u00e9ploie LAGO4 avec succ\u00e8s 250 000 articles, 160 attributs par article, deux variantes, 80 000 000 attributs\" \/>\n<meta name=\"robots\" content=\"index, follow, max-snippet:-1, max-image-preview:large, max-video-preview:-1\" \/>\n<link rel=\"canonical\" href=\"https:\/\/www.comosoft.eu\/fr\/example-de-cas-emporium-merkator\/\" \/>\n<meta property=\"og:locale\" content=\"fr_FR\" \/>\n<meta property=\"og:type\" content=\"article\" \/>\n<meta property=\"og:title\" content=\"Example de cas Emporium Merkator \/ Comosoft\" \/>\n<meta property=\"og:description\" content=\"Example de cas Emporium Merkator: Gain de temps significatif : Emporium Merkator d\u00e9ploie LAGO4 avec succ\u00e8s 250 000 articles, 160 attributs par article, deux variantes, 80 000 000 attributs\" \/>\n<meta property=\"og:url\" content=\"https:\/\/www.comosoft.eu\/fr\/example-de-cas-emporium-merkator\/\" \/>\n<meta property=\"og:site_name\" content=\"Comosoft\" \/>\n<meta property=\"article:modified_time\" content=\"2020-06-15T10:15:50+00:00\" \/>\n<meta property=\"og:image\" content=\"https:\/\/www.comosoft.eu\/wp-content\/uploads\/2021\/01\/Digital-publishing.jpg\" \/>\n\t<meta property=\"og:image:width\" content=\"2000\" \/>\n\t<meta property=\"og:image:height\" content=\"1334\" \/>\n\t<meta property=\"og:image:type\" content=\"image\/jpeg\" \/>\n<meta name=\"twitter:card\" content=\"summary_large_image\" \/>\n<!-- \/ Yoast SEO plugin. -->","yoast_head_json":{"title":"Example de cas Emporium Merkator \/ Comosoft","description":"Example de cas Emporium Merkator: Gain de temps significatif : Emporium Merkator d\u00e9ploie LAGO4 avec succ\u00e8s 250 000 articles, 160 attributs par article, deux variantes, 80 000 000 attributs","robots":{"index":"index","follow":"follow","max-snippet":"max-snippet:-1","max-image-preview":"max-image-preview:large","max-video-preview":"max-video-preview:-1"},"canonical":"https:\/\/www.comosoft.eu\/fr\/example-de-cas-emporium-merkator\/","og_locale":"fr_FR","og_type":"article","og_title":"Example de cas Emporium Merkator \/ Comosoft","og_description":"Example de cas Emporium Merkator: Gain de temps significatif : Emporium Merkator d\u00e9ploie LAGO4 avec succ\u00e8s 250 000 articles, 160 attributs par article, deux variantes, 80 000 000 attributs","og_url":"https:\/\/www.comosoft.eu\/fr\/example-de-cas-emporium-merkator\/","og_site_name":"Comosoft","article_modified_time":"2020-06-15T10:15:50+00:00","og_image":[{"width":2000,"height":1334,"url":"https:\/\/www.comosoft.eu\/wp-content\/uploads\/2021\/01\/Digital-publishing.jpg","type":"image\/jpeg"}],"twitter_card":"summary_large_image","schema":{"@context":"https:\/\/schema.org","@graph":[{"@type":"WebPage","@id":"https:\/\/www.comosoft.eu\/fr\/example-de-cas-emporium-merkator\/","url":"https:\/\/www.comosoft.eu\/fr\/example-de-cas-emporium-merkator\/","name":"Example de cas Emporium Merkator \/ Comosoft","isPartOf":{"@id":"https:\/\/www.comosoft.eu\/fr\/#website"},"datePublished":"2020-06-15T10:11:35+00:00","dateModified":"2020-06-15T10:15:50+00:00","description":"Example de cas Emporium Merkator: Gain de temps significatif : Emporium Merkator d\u00e9ploie LAGO4 avec succ\u00e8s 250 000 articles, 160 attributs par article, deux variantes, 80 000 000 attributs","breadcrumb":{"@id":"https:\/\/www.comosoft.eu\/fr\/example-de-cas-emporium-merkator\/#breadcrumb"},"inLanguage":"fr-FR","potentialAction":[{"@type":"ReadAction","target":["https:\/\/www.comosoft.eu\/fr\/example-de-cas-emporium-merkator\/"]}]},{"@type":"BreadcrumbList","@id":"https:\/\/www.comosoft.eu\/fr\/example-de-cas-emporium-merkator\/#breadcrumb","itemListElement":[{"@type":"ListItem","position":1,"name":"Home","item":"https:\/\/www.comosoft.eu\/fr\/"},{"@type":"ListItem","position":2,"name":"Example de cas Emporium Merkator"}]},{"@type":"WebSite","@id":"https:\/\/www.comosoft.eu\/fr\/#website","url":"https:\/\/www.comosoft.eu\/fr\/","name":"Comosoft","description":"Multichannel Solutions","publisher":{"@id":"https:\/\/www.comosoft.eu\/fr\/#organization"},"potentialAction":[{"@type":"SearchAction","target":{"@type":"EntryPoint","urlTemplate":"https:\/\/www.comosoft.eu\/fr\/?s={search_term_string}"},"query-input":{"@type":"PropertyValueSpecification","valueRequired":true,"valueName":"search_term_string"}}],"inLanguage":"fr-FR"},{"@type":"Organization","@id":"https:\/\/www.comosoft.eu\/fr\/#organization","name":"Comosoft GmbH","alternateName":"Multichannel Solutions","url":"https:\/\/www.comosoft.eu\/fr\/","logo":{"@type":"ImageObject","inLanguage":"fr-FR","@id":"https:\/\/www.comosoft.eu\/fr\/#\/schema\/logo\/image\/","url":"https:\/\/www.comosoft.eu\/wp-content\/uploads\/2021\/01\/Comosoft-Logo463.png","contentUrl":"https:\/\/www.comosoft.eu\/wp-content\/uploads\/2021\/01\/Comosoft-Logo463.png","width":1654,"height":337,"caption":"Comosoft GmbH"},"image":{"@id":"https:\/\/www.comosoft.eu\/fr\/#\/schema\/logo\/image\/"},"sameAs":["https:\/\/de.linkedin.com\/company\/comosoft?original_referer=httpswww.google.com"]}]}},"_links":{"self":[{"href":"https:\/\/www.comosoft.eu\/fr\/wp-json\/wp\/v2\/pages\/15528","targetHints":{"allow":["GET"]}}],"collection":[{"href":"https:\/\/www.comosoft.eu\/fr\/wp-json\/wp\/v2\/pages"}],"about":[{"href":"https:\/\/www.comosoft.eu\/fr\/wp-json\/wp\/v2\/types\/page"}],"author":[{"embeddable":true,"href":"https:\/\/www.comosoft.eu\/fr\/wp-json\/wp\/v2\/users\/103"}],"replies":[{"embeddable":true,"href":"https:\/\/www.comosoft.eu\/fr\/wp-json\/wp\/v2\/comments?post=15528"}],"version-history":[{"count":1,"href":"https:\/\/www.comosoft.eu\/fr\/wp-json\/wp\/v2\/pages\/15528\/revisions"}],"predecessor-version":[{"id":15529,"href":"https:\/\/www.comosoft.eu\/fr\/wp-json\/wp\/v2\/pages\/15528\/revisions\/15529"}],"wp:attachment":[{"href":"https:\/\/www.comosoft.eu\/fr\/wp-json\/wp\/v2\/media?parent=15528"}],"curies":[{"name":"wp","href":"https:\/\/api.w.org\/{rel}","templated":true}]}}