{"id":15524,"date":"2020-06-15T11:31:43","date_gmt":"2020-06-15T09:31:43","guid":{"rendered":"https:\/\/www.comosoft.eu\/example-de-cas-atelier-goldener-schnitt\/"},"modified":"2022-08-22T10:43:53","modified_gmt":"2022-08-22T08:43:53","slug":"example-de-cas-atelier-goldener-schnitt","status":"publish","type":"page","link":"https:\/\/www.comosoft.eu\/fr\/example-de-cas-atelier-goldener-schnitt\/","title":{"rendered":"Example de cas Atelier Goldener Schnitt"},"content":{"rendered":"<div class=\"wpb-content-wrapper\"><p>[vc_row][vc_column width=&#8221;1\/1&#8243;][vc_column_text]<\/p>\n<h1 class=\"p2\"><span lang=\"FR\">Atelier Goldener Schnitt \u2013 Entreprise empreinte de tradition et de clairvoyance<\/span><\/h1>\n<p class=\"p3\"><span lang=\"FR\">Quand on arrive \u00e0 M\u00fcnchberg, \u00e0 proximit\u00e9 de l\u2019ancienne fronti\u00e8re avec la RDA pr\u00e8s de Hof, l\u2019ambiance est calme et tranquille. N\u00e9anmoins, d\u00e8s que l\u2019on p\u00e9n\u00e8tre dans les locaux de l\u2019Atelier Goldner Schnitt, on laisse derri\u00e8re soi l\u2019idylle et d\u00e9couvre le cadre de travail d\u2019un exp\u00e9diteur sp\u00e9cialis\u00e9, hautement professionnel. Le multicanal en pr\u00e9sence d\u2019un groupe cible clairement d\u00e9fini de 50+ \u2013 cela a-t-il du sens, peut-on se demander. \u00ab\u00a0Et comment !\u00a0\u00bb r\u00e9pond sans \u00e9quivoque Doris Pauli (fond\u00e9e de pouvoir et membre de la direction Ventes). \u00ab\u00a0Nous sommes actuellement occup\u00e9s \u00e0 refondre notre site Internet et poursuivons une strat\u00e9gie claire de r\u00e9seaux sociaux avec laquelle nous souhaitons nous adresser clairement \u00e0 notre groupe cible et le fid\u00e9liser encore plus fortement\u00a0!\u00a0\u00bb.<\/span><\/p>\n<p class=\"p4\"><i><span lang=\"FR\">\u00abNous avons ainsi renforc\u00e9 l\u2019adh\u00e9sion \u00e0 tous les \u00e9chelons de l\u2019entreprise et impliqu\u00e9 les personnes concern\u00e9es.\u00bb\u00a0<\/span><\/i><\/p>\n<p class=\"p6\">Doris Pauli | <span lang=\"FR\">responsable de projet, <\/span>AGS<\/p>\n<p class=\"p3\"><span lang=\"FR\">Dans ce courant de modernisation, la mise \u00e0 jour de l\u2019environnement de production a aussi sa place dans la publicit\u00e9. En plus du remplacement d\u2019une grande partie du mat\u00e9riel utilisateur et du changement de plateforme DTP (de Quark 6.5 \u00e0 InDesign CS5), le passage \u00e0 la major release LAGO4 figurait aussi au programme. Le fait qu\u2019avec le syst\u00e8me LAGO, AGS relie non pas seulement le personnel du si\u00e8ge social, mais aussi toutes les filiales \u00e0 l\u2019\u00e9tranger, le prestataire de services Meyle+M\u00fcller et d\u2019autres agences externes, accroit la complexit\u00e9. \u00ab\u00a0Un projet de cette envergure demande une planification \u00e0 long terme, des responsabilit\u00e9s clairement d\u00e9finies et une discipline de fer\u00a0\u00bb, dit Kristin Neidhardt, directrice du projet global. Ici aussi, le succ\u00e8s est tout \u00e0 fait planifiable. Doris Pauli a de ce fait pratiqu\u00e9 au pr\u00e9alable un \u00ab\u00a0marketing de projet\u00a0\u00bb intensif pour ce projet, par exemple, lors de colloques de cadres ou de conf\u00e9rences internationales. \u00ab Nous avons ainsi renforc\u00e9 l\u2019adh\u00e9sion \u00e0 tous les \u00e9chelons de l\u2019entreprise et impliqu\u00e9 les personnes concern\u00e9es\u00a0\u00bb, dit la fond\u00e9e de pouvoir avec le recul.<\/span><\/p>\n<p class=\"p7\"><span lang=\"FR\">Et les efforts ont \u00e9t\u00e9 manifestement r\u00e9compens\u00e9s. Un an apr\u00e8s le lancement du projet, toutes les personnes impliqu\u00e9es attestent du succ\u00e8s de la transition. La mise \u00e0 niveau a parfaitement fonctionn\u00e9 et les supports publicitaires sont produits progressivement avec LAGO4. \u00ab\u00a0L\u2019excellente interaction de nos prestataires avec l\u2019\u00e9quipe de projet AGS a conduit \u00e0 ce que nous en soyons l\u00e0 aujourd\u2019hui\u00a0\u00bb, ajoute Kristin Neidhardt. \u00ab\u00a0Les coll\u00e8gues de Meyle+M\u00fcller, et les collaboratrices et collaborateurs de Comosoft ont parfaitement coop\u00e9r\u00e9 avec nous, ont mis toutes les questions critiques sur la table et les ont r\u00e9solues collectivement dans le cadre de r\u00e9unions ou visioconf\u00e9rences r\u00e9guli\u00e8res.\u00a0\u00bb\u00a0<\/span><\/p>\n<hr \/>\n<p class=\"p2\"><strong>Portrait <span lang=\"FR\">d\u2019<\/span>AGS<\/strong><\/p>\n<p class=\"p2\">Atelier Goldner Schnitt GmbH &amp; Co. <span lang=\"FR\">KG, abr\u00e9g\u00e9 AGS, est une entreprise de vente par correspondance sp\u00e9cialis\u00e9e en mode f\u00e9minine dans le segment moyenne gamme au haut de gamme dont le si\u00e8ge est \u00e0 M\u00fcnchberg en Haute-Franconie en Allemagne. Fond\u00e9e en 1926, l\u2019entreprise occupe aujourd\u2019hui environ 700 personnes \u00e0 l\u2019international. Elle est repr\u00e9sent\u00e9e en Allemagne, Suisse, Autriche, France, aux Pays-Bas, en Belgique, Finlande, Su\u00e8de et Norv\u00e8ge. L\u2019entreprise appartient \u00e0 la holding Tristyle dont Primondo d\u00e9tient la moiti\u00e9 des parts. Quatre autres exp\u00e9diteurs sp\u00e9cialis\u00e9s font partie du groupe. Emilia Lay,\u00a0<\/span><span lang=\"FR\">Madeleine, Peter Hahn et Louis Sayn. Heinrich Wirth a cr\u00e9\u00e9 l\u2019entreprise en 1926. Sein fr\u00e8re Klaus Wirth l\u2019a reprise en 1976, l\u2019a revendue majoritairement \u00e0 Quelle en 1999 en gardant les 49 pour-cent restants. Aujourd\u2019hui, Wirth est aujourd\u2019hui avec Primondo l\u2019un des deux associ\u00e9s de Tristyle. Les produits s\u2019adressent principalement aux femmes de la tranche d\u2019\u00e2ge de 50 ans et plus. Pour faciliter le choix et l\u2019achat des clientes ou mieux juger de la qualit\u00e9 des produits, des \u00e9chantillons de tissu des mod\u00e8les sont ins\u00e9r\u00e9s dans les catalogues.<\/span><\/p>\n<hr \/>\n<p>Hambourg, 2002[\/vc_column_text][\/vc_column][\/vc_row]<\/p>\n<\/div>","protected":false},"excerpt":{"rendered":"<p>[vc_row][vc_column width=&#8221;1\/1&#8243;][vc_column_text] Atelier Goldener Schnitt \u2013 Entreprise empreinte de tradition et de clairvoyance Quand on arrive \u00e0 M\u00fcnchberg, \u00e0 proximit\u00e9 [&hellip;]<\/p>\n","protected":false},"author":103,"featured_media":0,"parent":0,"menu_order":0,"comment_status":"closed","ping_status":"closed","template":"","meta":{"footnotes":""},"class_list":["post-15524","page","type-page","status-publish","hentry"],"yoast_head":"<!-- This site is optimized with the Yoast SEO plugin v27.3 - https:\/\/yoast.com\/product\/yoast-seo-wordpress\/ -->\n<title>Example de cas Atelier Goldener Schnitt \/ Comosoft<\/title>\n<meta name=\"description\" content=\"Example de cas Atelier Goldener Schnitt: Atelier Goldener Schnitt \u2013 Entreprise empreinte de tradition et de clairvoyance Quand on arrive \u00e0 M\u00fcnchberg, \u00e0 proximit\u00e9 de l\u2019ancienne fronti\u00e8re avec la\" \/>\n<meta name=\"robots\" content=\"index, follow, max-snippet:-1, max-image-preview:large, max-video-preview:-1\" \/>\n<link rel=\"canonical\" href=\"https:\/\/www.comosoft.eu\/fr\/example-de-cas-atelier-goldener-schnitt\/\" \/>\n<meta property=\"og:locale\" content=\"fr_FR\" \/>\n<meta property=\"og:type\" content=\"article\" \/>\n<meta property=\"og:title\" content=\"Example de cas Atelier Goldener Schnitt \/ Comosoft\" \/>\n<meta property=\"og:description\" content=\"Example de cas Atelier Goldener Schnitt: Atelier Goldener Schnitt \u2013 Entreprise empreinte de tradition et de clairvoyance Quand on arrive \u00e0 M\u00fcnchberg, \u00e0 proximit\u00e9 de l\u2019ancienne fronti\u00e8re avec la\" \/>\n<meta property=\"og:url\" content=\"https:\/\/www.comosoft.eu\/fr\/example-de-cas-atelier-goldener-schnitt\/\" \/>\n<meta property=\"og:site_name\" content=\"Comosoft\" \/>\n<meta property=\"article:modified_time\" content=\"2022-08-22T08:43:53+00:00\" \/>\n<meta property=\"og:image\" content=\"https:\/\/www.comosoft.eu\/wp-content\/uploads\/2021\/01\/Digital-publishing.jpg\" \/>\n\t<meta property=\"og:image:width\" content=\"2000\" \/>\n\t<meta property=\"og:image:height\" content=\"1334\" \/>\n\t<meta property=\"og:image:type\" content=\"image\/jpeg\" \/>\n<meta name=\"twitter:card\" content=\"summary_large_image\" \/>\n<!-- \/ Yoast SEO plugin. -->","yoast_head_json":{"title":"Example de cas Atelier Goldener Schnitt \/ Comosoft","description":"Example de cas Atelier Goldener Schnitt: Atelier Goldener Schnitt \u2013 Entreprise empreinte de tradition et de clairvoyance Quand on arrive \u00e0 M\u00fcnchberg, \u00e0 proximit\u00e9 de l\u2019ancienne fronti\u00e8re avec la","robots":{"index":"index","follow":"follow","max-snippet":"max-snippet:-1","max-image-preview":"max-image-preview:large","max-video-preview":"max-video-preview:-1"},"canonical":"https:\/\/www.comosoft.eu\/fr\/example-de-cas-atelier-goldener-schnitt\/","og_locale":"fr_FR","og_type":"article","og_title":"Example de cas Atelier Goldener Schnitt \/ Comosoft","og_description":"Example de cas Atelier Goldener Schnitt: Atelier Goldener Schnitt \u2013 Entreprise empreinte de tradition et de clairvoyance Quand on arrive \u00e0 M\u00fcnchberg, \u00e0 proximit\u00e9 de l\u2019ancienne fronti\u00e8re avec la","og_url":"https:\/\/www.comosoft.eu\/fr\/example-de-cas-atelier-goldener-schnitt\/","og_site_name":"Comosoft","article_modified_time":"2022-08-22T08:43:53+00:00","og_image":[{"width":2000,"height":1334,"url":"https:\/\/www.comosoft.eu\/wp-content\/uploads\/2021\/01\/Digital-publishing.jpg","type":"image\/jpeg"}],"twitter_card":"summary_large_image","schema":{"@context":"https:\/\/schema.org","@graph":[{"@type":"WebPage","@id":"https:\/\/www.comosoft.eu\/fr\/example-de-cas-atelier-goldener-schnitt\/","url":"https:\/\/www.comosoft.eu\/fr\/example-de-cas-atelier-goldener-schnitt\/","name":"Example de cas Atelier Goldener Schnitt \/ Comosoft","isPartOf":{"@id":"https:\/\/www.comosoft.eu\/fr\/#website"},"datePublished":"2020-06-15T09:31:43+00:00","dateModified":"2022-08-22T08:43:53+00:00","description":"Example de cas Atelier Goldener Schnitt: Atelier Goldener Schnitt \u2013 Entreprise empreinte de tradition et de clairvoyance Quand on arrive \u00e0 M\u00fcnchberg, \u00e0 proximit\u00e9 de l\u2019ancienne fronti\u00e8re avec la","breadcrumb":{"@id":"https:\/\/www.comosoft.eu\/fr\/example-de-cas-atelier-goldener-schnitt\/#breadcrumb"},"inLanguage":"fr-FR","potentialAction":[{"@type":"ReadAction","target":["https:\/\/www.comosoft.eu\/fr\/example-de-cas-atelier-goldener-schnitt\/"]}]},{"@type":"BreadcrumbList","@id":"https:\/\/www.comosoft.eu\/fr\/example-de-cas-atelier-goldener-schnitt\/#breadcrumb","itemListElement":[{"@type":"ListItem","position":1,"name":"Home","item":"https:\/\/www.comosoft.eu\/fr\/"},{"@type":"ListItem","position":2,"name":"Example de cas Atelier Goldener Schnitt"}]},{"@type":"WebSite","@id":"https:\/\/www.comosoft.eu\/fr\/#website","url":"https:\/\/www.comosoft.eu\/fr\/","name":"Comosoft","description":"Multichannel Solutions","publisher":{"@id":"https:\/\/www.comosoft.eu\/fr\/#organization"},"potentialAction":[{"@type":"SearchAction","target":{"@type":"EntryPoint","urlTemplate":"https:\/\/www.comosoft.eu\/fr\/?s={search_term_string}"},"query-input":{"@type":"PropertyValueSpecification","valueRequired":true,"valueName":"search_term_string"}}],"inLanguage":"fr-FR"},{"@type":"Organization","@id":"https:\/\/www.comosoft.eu\/fr\/#organization","name":"Comosoft GmbH","alternateName":"Multichannel Solutions","url":"https:\/\/www.comosoft.eu\/fr\/","logo":{"@type":"ImageObject","inLanguage":"fr-FR","@id":"https:\/\/www.comosoft.eu\/fr\/#\/schema\/logo\/image\/","url":"https:\/\/www.comosoft.eu\/wp-content\/uploads\/2021\/01\/Comosoft-Logo463.png","contentUrl":"https:\/\/www.comosoft.eu\/wp-content\/uploads\/2021\/01\/Comosoft-Logo463.png","width":1654,"height":337,"caption":"Comosoft GmbH"},"image":{"@id":"https:\/\/www.comosoft.eu\/fr\/#\/schema\/logo\/image\/"},"sameAs":["https:\/\/de.linkedin.com\/company\/comosoft?original_referer=httpswww.google.com"]}]}},"_links":{"self":[{"href":"https:\/\/www.comosoft.eu\/fr\/wp-json\/wp\/v2\/pages\/15524","targetHints":{"allow":["GET"]}}],"collection":[{"href":"https:\/\/www.comosoft.eu\/fr\/wp-json\/wp\/v2\/pages"}],"about":[{"href":"https:\/\/www.comosoft.eu\/fr\/wp-json\/wp\/v2\/types\/page"}],"author":[{"embeddable":true,"href":"https:\/\/www.comosoft.eu\/fr\/wp-json\/wp\/v2\/users\/103"}],"replies":[{"embeddable":true,"href":"https:\/\/www.comosoft.eu\/fr\/wp-json\/wp\/v2\/comments?post=15524"}],"version-history":[{"count":1,"href":"https:\/\/www.comosoft.eu\/fr\/wp-json\/wp\/v2\/pages\/15524\/revisions"}],"predecessor-version":[{"id":15525,"href":"https:\/\/www.comosoft.eu\/fr\/wp-json\/wp\/v2\/pages\/15524\/revisions\/15525"}],"wp:attachment":[{"href":"https:\/\/www.comosoft.eu\/fr\/wp-json\/wp\/v2\/media?parent=15524"}],"curies":[{"name":"wp","href":"https:\/\/api.w.org\/{rel}","templated":true}]}}