{"id":15508,"date":"2020-06-15T10:30:57","date_gmt":"2020-06-15T08:30:57","guid":{"rendered":"https:\/\/www.comosoft.eu\/communique-de-presse-hawesko\/"},"modified":"2020-06-15T10:36:13","modified_gmt":"2020-06-15T08:36:13","slug":"communique-de-presse-hawesko","status":"publish","type":"page","link":"https:\/\/www.comosoft.eu\/fr\/communique-de-presse-hawesko\/","title":{"rendered":"Communiqu\u00e9 de presse HAWESKO"},"content":{"rendered":"<div class=\"wpb-content-wrapper\"><p>[vc_row][vc_column width=&#8221;1\/1&#8243;][vc_column_text]<\/p>\n<h1>Comosoft \u201asediut\u2019 HAWESKO pro la production de m\u00e9dias &#8211; HAWESKO opte en faveur de LAGO4<\/h1>\n<p><b><span lang=\"FR\">Le fournisseur leader allemand de champagnes et de vins haut de gamme fera confiance \u00e0 l\u2019avenir \u00e0 Comosoft GmbH en mati\u00e8re de syst\u00e8mes de production de m\u00e9dias multicanal et PIM. Structur\u00e9, rapide, flexible et multicanal \u2013 dans les disciplines PIM (Product Information Management), MAM (Media Asset Management) et sortie multicanal, Hawesko fait confiance au logiciel LAGO4 de Comosoft pour garantir un flux d\u2019informations continu sur tous les canaux de vente<\/span>.<\/b><\/p>\n<p class=\"p3\"><span lang=\"FR\"><strong>Hambourg\/Tornesch, mars 2016<\/strong> \u2013 En choisissant la solution logicielle LAGO4 de Comosoft, Hawesko GmbH opte pour l\u2019un des syst\u00e8mes de production de m\u00e9dias multicanal et PIM les plus pointus au monde. Hawesko mise sur le multicanal \u2013 Print, Online, Mobile, Social Media. Pour d\u00e9velopper cette approche et les activit\u00e9s cross-canal associ\u00e9es, Hawesko s\u2019est mise \u00e0 la recherche d\u2019un fournisseur ad\u00e9quat dans le domaine du PIM\/MAM et multicanal.<\/span><\/p>\n<p class=\"p3\"><span lang=\"FR\">La priorit\u00e9 \u00e9tait donn\u00e9e \u00e0 un logiciel qui r\u00e9pond \u00e0 trois objectifs strat\u00e9giques essentiels :<\/span><\/p>\n<ul>\n<li class=\"p4\">Time 2 Market<\/li>\n<li class=\"p4\"><span lang=\"FR\">Personnalisation de l\u2019ensemble de la production de m\u00e9dias<\/span><\/li>\n<li class=\"p4\"><span lang=\"FR\">P\u00e9n\u00e9tration de nouveaux canaux<\/span><\/li>\n<\/ul>\n<p class=\"p3\"><span lang=\"FR\">LAGO4 offre \u00e0 cet effet la combinaison d\u2019un syst\u00e8me PIM et MAM complet dans le \u00ab\u00a0core\u00a0\u00bb et une distribution enti\u00e8rement int\u00e9gr\u00e9e dans le logiciel de publication assist\u00e9e par ordinateur InDesign, et r\u00e9pond enti\u00e8rement aux attentes de Hawesko. Gr\u00e2ce au puissant \u00ab\u00a0whiteboard\u00a0\u00bb, Comosoft propose aux responsables produits un outil qui leur permet de planifier des produits sur les pages de catalogue de mani\u00e8re rapide et efficace par simple copier&amp;coller et de contr\u00f4ler les activit\u00e9s multicanal compl\u00e8tes. Le d\u00e9partement E-commerce structurera et organisera ses boutiques en ligne compl\u00e8tes via la planification de m\u00e9dias et les finalisera au final sous forme de flux de produits dans les cat\u00e9gories voulues. LAGO4 offre de plus un client lourd et un client web \u00e9quivalent \u00e0 100 %. Chaque d\u00e9partement peut ainsi travailler sous la forme souhait\u00e9e et l\u2019acc\u00e8s \u00e0 distance est possible sans la moindre restriction<\/span>.<\/p>\n<p class=\"p3\"><span lang=\"FR\">\u00ab \u00c0 l\u2019issue de recherches intenses, nous avons opt\u00e9 en faveur de Comosoft et nous nous f\u00e9licitons de la coop\u00e9ration avec un partenaire innovant qui est en mesure de nous faire progresser en termes d\u2019optimisation de processus et de comp\u00e9titivit\u00e9\u00a0\u00bb, d\u00e9clare Ina Dittmann, chef de projet Hawesko.<\/span><\/p>\n<p><span lang=\"FR\">Nous \u00e9tions toujours persuad\u00e9s d\u2019offrir \u00e0 Hawesko les bons ingr\u00e9dients sous la forme de modules logiciels \u2013 ce projet, nous l\u2019avons nomm\u00e9 d\u00e8s le d\u00e9but \u00ab\u00a0La potion magique de la production de m\u00e9dias\u00a0\u00bb. Nous nous f\u00e9licitons d\u2019autant plus d\u2019avoir conquis Hawesko suite \u00e0 ce processus de s\u00e9lection intense\u00a0\u00bb, explique Benjamin Ferreau, directeur-g\u00e9rant de Comosoft GmbH.<\/span><\/p>\n<p class=\"p3\"><span lang=\"FR\">Hawesko et Comosoft envisagent \u00e9galement d\u2019autres projets communs qui se concentreront \u00e0 la personnalisation automatis\u00e9e (approche One2One) et au d\u00e9ploiement d\u2019autres concepts.<\/span><\/p>\n<p>[\/vc_column_text][\/vc_column][\/vc_row]<\/p>\n<\/div>","protected":false},"excerpt":{"rendered":"<p>[vc_row][vc_column width=&#8221;1\/1&#8243;][vc_column_text] Comosoft \u201asediut\u2019 HAWESKO pro la production de m\u00e9dias &#8211; HAWESKO opte en faveur de LAGO4 Le fournisseur leader [&hellip;]<\/p>\n","protected":false},"author":103,"featured_media":0,"parent":0,"menu_order":0,"comment_status":"closed","ping_status":"closed","template":"","meta":{"footnotes":""},"class_list":["post-15508","page","type-page","status-publish","hentry"],"yoast_head":"<!-- This site is optimized with the Yoast SEO plugin v27.3 - https:\/\/yoast.com\/product\/yoast-seo-wordpress\/ -->\n<title>Communiqu\u00e9 de presse HAWESKO \/ Comosoft<\/title>\n<meta name=\"description\" content=\"Communiqu\u00e9 de presse HAWESKO: Comosoft \u201asediut\u2019 HAWESKO pro la production de m\u00e9dias - HAWESKO opte en faveur de LAGO4 Le fournisseur leader allemand de champagnes et de vins haut de\" \/>\n<meta name=\"robots\" content=\"index, follow, max-snippet:-1, max-image-preview:large, max-video-preview:-1\" \/>\n<link rel=\"canonical\" href=\"https:\/\/www.comosoft.eu\/fr\/communique-de-presse-hawesko\/\" \/>\n<meta property=\"og:locale\" content=\"fr_FR\" \/>\n<meta property=\"og:type\" content=\"article\" \/>\n<meta property=\"og:title\" content=\"Communiqu\u00e9 de presse HAWESKO \/ Comosoft\" \/>\n<meta property=\"og:description\" content=\"Communiqu\u00e9 de presse HAWESKO: Comosoft \u201asediut\u2019 HAWESKO pro la production de m\u00e9dias - HAWESKO opte en faveur de LAGO4 Le fournisseur leader allemand de champagnes et de vins haut de\" \/>\n<meta property=\"og:url\" content=\"https:\/\/www.comosoft.eu\/fr\/communique-de-presse-hawesko\/\" \/>\n<meta property=\"og:site_name\" content=\"Comosoft\" \/>\n<meta property=\"article:modified_time\" content=\"2020-06-15T08:36:13+00:00\" \/>\n<meta property=\"og:image\" content=\"https:\/\/www.comosoft.eu\/wp-content\/uploads\/2021\/01\/Digital-publishing.jpg\" \/>\n\t<meta property=\"og:image:width\" content=\"2000\" \/>\n\t<meta property=\"og:image:height\" content=\"1334\" \/>\n\t<meta property=\"og:image:type\" content=\"image\/jpeg\" \/>\n<meta name=\"twitter:card\" content=\"summary_large_image\" \/>\n<!-- \/ Yoast SEO plugin. -->","yoast_head_json":{"title":"Communiqu\u00e9 de presse HAWESKO \/ Comosoft","description":"Communiqu\u00e9 de presse HAWESKO: Comosoft \u201asediut\u2019 HAWESKO pro la production de m\u00e9dias - HAWESKO opte en faveur de LAGO4 Le fournisseur leader allemand de champagnes et de vins haut de","robots":{"index":"index","follow":"follow","max-snippet":"max-snippet:-1","max-image-preview":"max-image-preview:large","max-video-preview":"max-video-preview:-1"},"canonical":"https:\/\/www.comosoft.eu\/fr\/communique-de-presse-hawesko\/","og_locale":"fr_FR","og_type":"article","og_title":"Communiqu\u00e9 de presse HAWESKO \/ Comosoft","og_description":"Communiqu\u00e9 de presse HAWESKO: Comosoft \u201asediut\u2019 HAWESKO pro la production de m\u00e9dias - HAWESKO opte en faveur de LAGO4 Le fournisseur leader allemand de champagnes et de vins haut de","og_url":"https:\/\/www.comosoft.eu\/fr\/communique-de-presse-hawesko\/","og_site_name":"Comosoft","article_modified_time":"2020-06-15T08:36:13+00:00","og_image":[{"width":2000,"height":1334,"url":"https:\/\/www.comosoft.eu\/wp-content\/uploads\/2021\/01\/Digital-publishing.jpg","type":"image\/jpeg"}],"twitter_card":"summary_large_image","schema":{"@context":"https:\/\/schema.org","@graph":[{"@type":"WebPage","@id":"https:\/\/www.comosoft.eu\/fr\/communique-de-presse-hawesko\/","url":"https:\/\/www.comosoft.eu\/fr\/communique-de-presse-hawesko\/","name":"Communiqu\u00e9 de presse HAWESKO \/ Comosoft","isPartOf":{"@id":"https:\/\/www.comosoft.eu\/fr\/#website"},"datePublished":"2020-06-15T08:30:57+00:00","dateModified":"2020-06-15T08:36:13+00:00","description":"Communiqu\u00e9 de presse HAWESKO: Comosoft \u201asediut\u2019 HAWESKO pro la production de m\u00e9dias - HAWESKO opte en faveur de LAGO4 Le fournisseur leader allemand de champagnes et de vins haut de","breadcrumb":{"@id":"https:\/\/www.comosoft.eu\/fr\/communique-de-presse-hawesko\/#breadcrumb"},"inLanguage":"fr-FR","potentialAction":[{"@type":"ReadAction","target":["https:\/\/www.comosoft.eu\/fr\/communique-de-presse-hawesko\/"]}]},{"@type":"BreadcrumbList","@id":"https:\/\/www.comosoft.eu\/fr\/communique-de-presse-hawesko\/#breadcrumb","itemListElement":[{"@type":"ListItem","position":1,"name":"Home","item":"https:\/\/www.comosoft.eu\/fr\/"},{"@type":"ListItem","position":2,"name":"Communiqu\u00e9 de presse HAWESKO"}]},{"@type":"WebSite","@id":"https:\/\/www.comosoft.eu\/fr\/#website","url":"https:\/\/www.comosoft.eu\/fr\/","name":"Comosoft","description":"Multichannel Solutions","publisher":{"@id":"https:\/\/www.comosoft.eu\/fr\/#organization"},"potentialAction":[{"@type":"SearchAction","target":{"@type":"EntryPoint","urlTemplate":"https:\/\/www.comosoft.eu\/fr\/?s={search_term_string}"},"query-input":{"@type":"PropertyValueSpecification","valueRequired":true,"valueName":"search_term_string"}}],"inLanguage":"fr-FR"},{"@type":"Organization","@id":"https:\/\/www.comosoft.eu\/fr\/#organization","name":"Comosoft GmbH","alternateName":"Multichannel Solutions","url":"https:\/\/www.comosoft.eu\/fr\/","logo":{"@type":"ImageObject","inLanguage":"fr-FR","@id":"https:\/\/www.comosoft.eu\/fr\/#\/schema\/logo\/image\/","url":"https:\/\/www.comosoft.eu\/wp-content\/uploads\/2021\/01\/Comosoft-Logo463.png","contentUrl":"https:\/\/www.comosoft.eu\/wp-content\/uploads\/2021\/01\/Comosoft-Logo463.png","width":1654,"height":337,"caption":"Comosoft GmbH"},"image":{"@id":"https:\/\/www.comosoft.eu\/fr\/#\/schema\/logo\/image\/"},"sameAs":["https:\/\/de.linkedin.com\/company\/comosoft?original_referer=httpswww.google.com"]}]}},"_links":{"self":[{"href":"https:\/\/www.comosoft.eu\/fr\/wp-json\/wp\/v2\/pages\/15508","targetHints":{"allow":["GET"]}}],"collection":[{"href":"https:\/\/www.comosoft.eu\/fr\/wp-json\/wp\/v2\/pages"}],"about":[{"href":"https:\/\/www.comosoft.eu\/fr\/wp-json\/wp\/v2\/types\/page"}],"author":[{"embeddable":true,"href":"https:\/\/www.comosoft.eu\/fr\/wp-json\/wp\/v2\/users\/103"}],"replies":[{"embeddable":true,"href":"https:\/\/www.comosoft.eu\/fr\/wp-json\/wp\/v2\/comments?post=15508"}],"version-history":[{"count":4,"href":"https:\/\/www.comosoft.eu\/fr\/wp-json\/wp\/v2\/pages\/15508\/revisions"}],"predecessor-version":[{"id":15512,"href":"https:\/\/www.comosoft.eu\/fr\/wp-json\/wp\/v2\/pages\/15508\/revisions\/15512"}],"wp:attachment":[{"href":"https:\/\/www.comosoft.eu\/fr\/wp-json\/wp\/v2\/media?parent=15508"}],"curies":[{"name":"wp","href":"https:\/\/api.w.org\/{rel}","templated":true}]}}