{"id":15470,"date":"2020-06-12T16:12:40","date_gmt":"2020-06-12T14:12:40","guid":{"rendered":"https:\/\/www.comosoft.eu\/secteur\/mode\/"},"modified":"2025-11-12T12:52:26","modified_gmt":"2025-11-12T11:52:26","slug":"ventes-par-correspondance","status":"publish","type":"page","link":"https:\/\/www.comosoft.eu\/fr\/secteur\/ventes-par-correspondance\/","title":{"rendered":"Ventes par correspondance"},"content":{"rendered":"<div class=\"wpb-content-wrapper\"><p>[vc_row][vc_column width=&#8221;1\/1&#8243;][vc_column_text text_lead=&#8221;yes&#8221; uncode_shortcode_id=&#8221;148327&#8243;]<\/p>\n<h2>Les entreprises de ventes par correspondance utilisent LAGO pour relier toutes les donn\u00e9es relatives aux produits<\/h2>\n<p>L&#8217;adressage cibl\u00e9 des clients sur tous les canaux de distribution est l&#8217;avenir de la vente par correspondance et la garantie d&#8217;une fid\u00e9lisation durable de la client\u00e8le. Seuls ceux qui sont capables de lier les clients \u00e0 eux-m\u00eames de fa\u00e7on permanente auront du succ\u00e8s et augmenteront leurs ventes. Aujourd&#8217;hui, il ne suffit plus de proposer une &#8220;bonne&#8221; exp\u00e9rience d&#8217;achat.<\/p>\n<p>Depuis plus de 30 ans, nous d\u00e9veloppons LAGO dans la belle ville de Hambourg en collaboration avec nos clients de la vente par correspondance actifs dans le monde entier. Gr\u00e2ce \u00e0 un d\u00e9veloppement innovant, nous avons cr\u00e9\u00e9 avec LAGO la norme industrielle pour la production de mat\u00e9riel publicitaire d&#8217;entreprise.<\/p>\n<h2>Devenez un champion du multicanal avec LAGO<\/h2>\n<p>En tant que d\u00e9taillant, vous disposez probablement maintenant d&#8217;un ERP, d&#8217;un syst\u00e8me de gestion des actifs num\u00e9riques (DAM), d&#8217;un MAM, d&#8217;un outil de tarification, d&#8217;un syst\u00e8me PIM et d&#8217;un TMS, et la liste est probablement longue. Toutes les informations sur les produits dont vous avez besoin sont disponibles pour cibler les clients et les concurrents avec vos campagnes. Toutefois, ces informations tr\u00e8s pr\u00e9cieuses sont \u00e9galement r\u00e9parties dans diff\u00e9rents silos de donn\u00e9es de l&#8217;entreprise. Ce qui vous rend vraiment d\u00e9sesp\u00e9r\u00e9, c&#8217;est le fait que les informations ne correspondent pas encore. Gr\u00e2ce \u00e0 LAGO, ce potentiel inutilis\u00e9 peut enfin \u00eatre utilis\u00e9 pour augmenter les ventes.<\/p>\n<h2>Le contr\u00f4le intelligent du flux de travail dans LAGO en tant qu&#8217;USP unique<\/h2>\n<p>[\/vc_column_text][vc_row_inner][vc_column_inner width=&#8221;1\/2&#8243;][vc_single_image media=&#8221;14628&#8243; media_width_percent=&#8221;100&#8243;][\/vc_column_inner][vc_column_inner width=&#8221;1\/2&#8243;][vc_empty_space empty_h=&#8221;1&#8243;][vc_column_text text_lead=&#8221;yes&#8221;]<\/p>\n<ul>\n<li>Ayez \u00e0 tout moment un aper\u00e7u de l&#8217;\u00e9tat de production de tous les envois en cours. Peu importe que la production se fasse dans le monde en ligne ou hors ligne.<\/li>\n<li>Avec l&#8217;aide de LAGO, vos processus et vos t\u00e2ches sont synchronis\u00e9s tout au long du processus de production de votre mat\u00e9riel publicitaire.<\/li>\n<li>LAGO vous offre une \u00e9valuation flexible, bas\u00e9e sur les nuages &#8211; simplement en appuyant sur un bouton.<\/li>\n<li>Le flux de travail de correction rigoureux, ex\u00e9cut\u00e9 num\u00e9riquement dans LAGO, minimise consid\u00e9rablement le nombre de boucles de correction.<\/li>\n<\/ul>\n<p>[\/vc_column_text][\/vc_column_inner][\/vc_row_inner][\/vc_column][\/vc_row][vc_row][vc_column column_width_percent=&#8221;100&#8243; gutter_size=&#8221;3&#8243; override_padding=&#8221;yes&#8221; column_padding=&#8221;3&#8243; back_color=&#8221;color-lxmt&#8221; overlay_alpha=&#8221;50&#8243; shift_x=&#8221;0&#8243; shift_y=&#8221;0&#8243; z_index=&#8221;0&#8243; medium_width=&#8221;0&#8243; width=&#8221;1\/1&#8243;][vc_row_inner row_inner_height_percent=&#8221;0&#8243; overlay_alpha=&#8221;50&#8243; equal_height=&#8221;yes&#8221; gutter_size=&#8221;3&#8243; shift_y=&#8221;0&#8243;][vc_column_inner column_width_percent=&#8221;100&#8243; position_vertical=&#8221;middle&#8221; gutter_size=&#8221;3&#8243; overlay_alpha=&#8221;50&#8243; shift_x=&#8221;0&#8243; shift_y=&#8221;0&#8243; z_index=&#8221;0&#8243; medium_width=&#8221;0&#8243; width=&#8221;2\/3&#8243;][vc_column_text]<\/p>\n<h2>La soci\u00e9t\u00e9 de vente par correspondance Klingel a \u00e9tabli des normes en convertissant sa production de catalogues au syst\u00e8me LAGO de Comosoft :<\/h2>\n<p class=\"p1\">(&#8230;) Le facteur d\u00e9cisif pour l&#8217;introduction de nouveaux logiciels \u00e9tait que les produits imprim\u00e9s \u00e9taient auparavant produits de mani\u00e8re tr\u00e8s vari\u00e9e et essentiellement conventionnelle (sans base de donn\u00e9es).<\/p>\n<p>[\/vc_column_text][vc_button outline=&#8221;yes&#8221; text_skin=&#8221;yes&#8221; border_width=&#8221;0&#8243; link=&#8221;url:https%3A%2F%2Fwww.comosoft.eu%2Ffr%2Fexample-de-cas-klingel%2F|title:Example%20de%20cas%20Klingel|target:_blank&#8221; uncode_shortcode_id=&#8221;759890&#8243;]Exemple de cas : Klingel[\/vc_button][\/vc_column_inner][vc_column_inner column_width_percent=&#8221;100&#8243; position_vertical=&#8221;middle&#8221; gutter_size=&#8221;3&#8243; overlay_alpha=&#8221;50&#8243; shift_x=&#8221;0&#8243; shift_y=&#8221;0&#8243; z_index=&#8221;0&#8243; medium_width=&#8221;0&#8243; width=&#8221;1\/3&#8243;][vc_single_image media=&#8221;7729&#8243; media_width_percent=&#8221;100&#8243;][\/vc_column_inner][\/vc_row_inner][\/vc_column][\/vc_row][vc_row row_height_percent=&#8221;0&#8243; overlay_alpha=&#8221;50&#8243; equal_height=&#8221;yes&#8221; gutter_size=&#8221;3&#8243; shift_y=&#8221;0&#8243;][vc_column column_width_percent=&#8221;100&#8243; align_horizontal=&#8221;align_center&#8221; gutter_size=&#8221;3&#8243; overlay_alpha=&#8221;50&#8243; shift_x=&#8221;0&#8243; shift_y=&#8221;0&#8243; z_index=&#8221;0&#8243; medium_width=&#8221;0&#8243; width=&#8221;1\/3&#8243; el_class=&#8221;.text-lead.text-top-reduced { margin: -50px 0px 0px 0px; margin-top: -50px; margin-right: 0px; margin-bottom: 0px; margin-left: 0px; }&#8221;][vc_icon display=&#8221;inline&#8221; icon=&#8221;fa fa-map5&#8243; icon_color=&#8221;accent&#8221; size=&#8221;fa-3x&#8221; heading_semantic=&#8221;h2&#8243; text_size=&#8221;fontsize-199810&#8243; text_height=&#8221;fontheight-129552&#8243; text_lead=&#8221;yes&#8221; text_reduced=&#8221;yes&#8221;]<\/p>\n<h2>IMPRIMER<\/h2>\n<h2><span style=\"font-size: 85%;\">Plugin InDesign<\/span><\/h2>\n<p><span class=\"font-762333\">Gr\u00e2ce au plug-in d&#8217;impression directe d&#8217;Adobe InDesign, la production de mat\u00e9riel publicitaire imprim\u00e9 prise en charge par votre base de donn\u00e9es est optimale .<\/span>[\/vc_icon][\/vc_column][vc_column column_width_percent=&#8221;100&#8243; align_horizontal=&#8221;align_center&#8221; gutter_size=&#8221;3&#8243; overlay_alpha=&#8221;50&#8243; shift_x=&#8221;0&#8243; shift_y=&#8221;0&#8243; z_index=&#8221;0&#8243; medium_width=&#8221;0&#8243; width=&#8221;1\/3&#8243;][vc_icon display=&#8221;inline&#8221; icon=&#8221;fa fa-arrow-shuffle&#8221; icon_color=&#8221;accent&#8221; size=&#8221;fa-3x&#8221; heading_semantic=&#8221;h2&#8243; text_size=&#8221;fontsize-199810&#8243; text_height=&#8221;fontheight-129552&#8243; text_lead=&#8221;yes&#8221; text_reduced=&#8221;yes&#8221;]<\/p>\n<h2>E-COMMERCE<\/h2>\n<h2><span style=\"font-size: 85%;\"> Interface <\/span><\/h2>\n<p><span class=\"font-762333\">Extraction de vos donn\u00e9es dans la boutique en ligne en affectant simplement les produits aux cat\u00e9gories respectives .<\/span>[\/vc_icon][\/vc_column][\/vc_row][vc_row row_height_percent=&#8221;0&#8243; overlay_alpha=&#8221;50&#8243; equal_height=&#8221;yes&#8221; gutter_size=&#8221;3&#8243; shift_y=&#8221;0&#8243;][vc_column column_width_percent=&#8221;100&#8243; align_horizontal=&#8221;align_center&#8221; gutter_size=&#8221;3&#8243; overlay_alpha=&#8221;50&#8243; shift_x=&#8221;0&#8243; shift_y=&#8221;0&#8243; z_index=&#8221;0&#8243; medium_width=&#8221;0&#8243; width=&#8221;1\/3&#8243;][vc_icon icon=&#8221;fa fa-paper&#8221; icon_color=&#8221;accent&#8221; size=&#8221;fa-3x&#8221; heading_semantic=&#8221;h2&#8243; text_size=&#8221;fontsize-199810&#8243; text_height=&#8221;fontheight-681807&#8243; text_lead=&#8221;yes&#8221; text_reduced=&#8221;yes&#8221;]<\/p>\n<h2>E-PAPIER<br \/>\n<span style=\"font-size: 85%;\">Segement de march\u00e9<\/span><\/h2>\n<p><span class=\"font-762333\">Vous pouvez \u00e9galement utiliser la version en ligne de votre catalogue et permettre \u00e0 vos clients de naviguer num\u00e9riquement dans le catalogue en ligne sur votre site web ou dans votre boutique en ligne .<\/span>[\/vc_icon][\/vc_column][vc_column column_width_percent=&#8221;100&#8243; align_horizontal=&#8221;align_center&#8221; gutter_size=&#8221;3&#8243; overlay_alpha=&#8221;50&#8243; shift_x=&#8221;0&#8243; shift_y=&#8221;0&#8243; z_index=&#8221;0&#8243; medium_width=&#8221;0&#8243; width=&#8221;1\/3&#8243;][vc_icon icon=&#8221;fa fa-connectdevelop&#8221; icon_color=&#8221;accent&#8221; size=&#8221;fa-3x&#8221; heading_semantic=&#8221;h2&#8243; text_size=&#8221;fontsize-199810&#8243; text_height=&#8221;fontheight-129552&#8243; text_lead=&#8221;yes&#8221; text_reduced=&#8221;yes&#8221;]<\/p>\n<h2>LAGO DIM<br \/>\n<span style=\"font-size: 85%;\">One-to-One connecteur<\/span><\/h2>\n<p><span class=\"font-762333\">Notre LAGO DIM (Direct Individual Marketing) permet une approche web-to-print ainsi qu&#8217;une communication personnalis\u00e9e dans les canaux imprim\u00e9s et en ligne .<\/span>[\/vc_icon][\/vc_column][vc_column column_width_percent=&#8221;100&#8243; align_horizontal=&#8221;align_center&#8221; gutter_size=&#8221;3&#8243; overlay_alpha=&#8221;50&#8243; shift_x=&#8221;0&#8243; shift_y=&#8221;0&#8243; z_index=&#8221;0&#8243; medium_width=&#8221;0&#8243; width=&#8221;1\/3&#8243;][vc_icon icon=&#8221;fa fa-document&#8221; icon_color=&#8221;accent&#8221; size=&#8221;fa-3x&#8221; heading_semantic=&#8221;h2&#8243; text_size=&#8221;fontsize-199810&#8243; text_height=&#8221;fontheight-129552&#8243; text_lead=&#8221;yes&#8221; text_reduced=&#8221;yes&#8221; uncode_shortcode_id=&#8221;102413&#8243; icon_color_type=&#8221;uncode-palette&#8221;]<\/p>\n<h2>E-CATALOG<br \/>\n<span style=\"font-size: 85%;\">Mobile<\/span><\/h2>\n<p><span class=\"font-762333\">Le module E-Catalog permet de fournir des donn\u00e9es produit dans diff\u00e9rents formats et classifications standard.<\/span>[\/vc_icon][\/vc_column][\/vc_row][vc_row row_height_percent=&#8221;0&#8243; overlay_alpha=&#8221;50&#8243; gutter_size=&#8221;3&#8243; shift_y=&#8221;0&#8243;][vc_column width=&#8221;1\/1&#8243;][uncode_block id=&#8221;16644&#8243;][\/vc_column][\/vc_row][vc_row row_height_percent=&#8221;0&#8243; override_padding=&#8221;yes&#8221; h_padding=&#8221;3&#8243; top_padding=&#8221;3&#8243; bottom_padding=&#8221;3&#8243; back_image=&#8221;163&#8243; parallax=&#8221;yes&#8221; overlay_color=&#8221;accent&#8221; overlay_alpha=&#8221;85&#8243; gutter_size=&#8221;0&#8243; shift_y=&#8221;0&#8243;][vc_column column_width_percent=&#8221;100&#8243; position_vertical=&#8221;middle&#8221; gutter_size=&#8221;3&#8243; style=&#8221;dark&#8221; overlay_alpha=&#8221;50&#8243; shift_x=&#8221;0&#8243; shift_y=&#8221;0&#8243; z_index=&#8221;0&#8243; medium_width=&#8221;0&#8243; width=&#8221;1\/1&#8243;][vc_column_text]<\/p>\n<h2 id=\"live-demo\"><span class=\"font-762333\"><span class=\"font-762333, fontsize-148062\">Convenez d\u2019une d\u00e9monstration en live<\/span><\/span><\/h2>\n<p><strong>Nous avons \u00e9veill\u00e9 votre curiosit\u00e9 ? Demandez d\u00e8s maintenant une d\u00e9monstration en live.<\/strong>[\/vc_column_text][\/vc_column][\/vc_row][vc_row row_height_percent=&#8221;0&#8243; back_image=&#8221;2751&#8243; parallax=&#8221;yes&#8221; overlay_color=&#8221;color-lxmt&#8221; overlay_alpha=&#8221;76&#8243; gutter_size=&#8221;3&#8243; shift_y=&#8221;0&#8243;][vc_column column_width_percent=&#8221;100&#8243; gutter_size=&#8221;3&#8243; style=&#8221;light&#8221; overlay_alpha=&#8221;50&#8243; shift_x=&#8221;0&#8243; shift_y=&#8221;0&#8243; z_index=&#8221;0&#8243; medium_width=&#8221;0&#8243; width=&#8221;1\/1&#8243;][vc_row_inner row_inner_height_percent=&#8221;0&#8243; overlay_alpha=&#8221;50&#8243; equal_height=&#8221;yes&#8221; gutter_size=&#8221;3&#8243; shift_y=&#8221;0&#8243;][vc_column_inner column_width_percent=&#8221;100&#8243; gutter_size=&#8221;3&#8243; style=&#8221;light&#8221; overlay_alpha=&#8221;50&#8243; shift_x=&#8221;0&#8243; shift_y=&#8221;0&#8243; z_index=&#8221;0&#8243; medium_width=&#8221;0&#8243; width=&#8221;1\/1&#8243;]\n<div class=\"wpcf7 no-js\" id=\"wpcf7-f12091-o1\" lang=\"en-US\" dir=\"ltr\" data-wpcf7-id=\"12091\">\n<div class=\"screen-reader-response\"><p role=\"status\" aria-live=\"polite\" aria-atomic=\"true\"><\/p> <ul><\/ul><\/div>\n<form action=\"\/fr\/wp-json\/wp\/v2\/pages\/15470#wpcf7-f12091-o1\" method=\"post\" class=\"wpcf7-form init\" aria-label=\"Contact form\" novalidate=\"novalidate\" data-status=\"init\">\n<fieldset class=\"hidden-fields-container\"><input type=\"hidden\" name=\"_wpcf7\" value=\"12091\" \/><input type=\"hidden\" name=\"_wpcf7_version\" value=\"6.1.5\" \/><input type=\"hidden\" name=\"_wpcf7_locale\" value=\"en_US\" \/><input type=\"hidden\" name=\"_wpcf7_unit_tag\" value=\"wpcf7-f12091-o1\" \/><input type=\"hidden\" name=\"_wpcf7_container_post\" value=\"0\" \/><input type=\"hidden\" name=\"_wpcf7_posted_data_hash\" value=\"\" \/>\n<\/fieldset>\n<style>\n.style-light input[type=\"text\"],\n.style-light input[type=\"email\"],\n.style-light textarea {\n border-color: #b2b2b2;\n}\nlabel {\n font-weight: bold;\n}\n<\/style>\n<div class=\"row\">\n\t<div class=\"row-inner\">\n\t\t<div class=\"col-lg-6\">\n\t\t\t<p><label> *Pr\u00e9nom<br \/>\n<span class=\"wpcf7-form-control-wrap\" data-name=\"your-firstname\"><input size=\"40\" maxlength=\"400\" class=\"wpcf7-form-control wpcf7-text wpcf7-validates-as-required\" aria-required=\"true\" aria-invalid=\"false\" value=\"\" type=\"text\" name=\"your-firstname\" \/><\/span> <\/label>\n\t\t\t<\/p>\n\t\t<\/div>\n\t\t<div class=\"col-lg-6\" style=\"padding-top: 0;\">\n\t\t\t<p><label> *Nom<br \/>\n<span class=\"wpcf7-form-control-wrap\" data-name=\"your-name\"><input size=\"40\" maxlength=\"400\" class=\"wpcf7-form-control wpcf7-text wpcf7-validates-as-required\" aria-required=\"true\" aria-invalid=\"false\" value=\"\" type=\"text\" name=\"your-name\" \/><\/span> <\/label>\n\t\t\t<\/p>\n\t\t<\/div>\n\t<\/div>\n<\/div>\n<div class=\"row\">\n\t<div class=\"row-inner\">\n\t\t<div class=\"col-lg-6\">\n\t\t\t<p><label> *Soci\u00e9t\u00e9<br \/>\n<span class=\"wpcf7-form-control-wrap\" data-name=\"your-company\"><input size=\"40\" maxlength=\"400\" class=\"wpcf7-form-control wpcf7-text wpcf7-validates-as-required\" aria-required=\"true\" aria-invalid=\"false\" value=\"\" type=\"text\" name=\"your-company\" \/><\/span> <\/label>\n\t\t\t<\/p>\n\t\t<\/div>\n\t\t<div class=\"col-lg-6\" style=\"padding-top: 0;\">\n\t\t\t<p><label> *Email<br \/>\n<span class=\"wpcf7-form-control-wrap\" data-name=\"your-email\"><input size=\"40\" maxlength=\"400\" class=\"wpcf7-form-control wpcf7-email wpcf7-validates-as-required wpcf7-text wpcf7-validates-as-email\" aria-required=\"true\" aria-invalid=\"false\" value=\"\" type=\"email\" name=\"your-email\" \/><\/span> <\/label>\n\t\t\t<\/p>\n\t\t<\/div>\n\t<\/div>\n<\/div>\n<div class=\"row\">\n\t<div class=\"row-inner\">\n\t\t<div class=\"col-lg-12\">\n\t\t\t<p><label> Votre message<br \/>\n<span class=\"wpcf7-form-control-wrap\" data-name=\"your-message\"><textarea cols=\"40\" rows=\"10\" maxlength=\"2000\" class=\"wpcf7-form-control wpcf7-textarea\" aria-invalid=\"false\" name=\"your-message\"><\/textarea><\/span> <\/label><br \/>\n<span id=\"wpcf7-69de7082e009c-wrapper\" class=\"wpcf7-form-control-wrap website-162-wrap\" ><label for=\"wpcf7-69de7082e009c-field\" class=\"hp-message\">Please leave this field empty.<\/label><input id=\"wpcf7-69de7082e009c-field\"  class=\"wpcf7-form-control wpcf7-text\" type=\"text\" name=\"website-162\" value=\"\" size=\"40\" tabindex=\"-1\" autocomplete=\"new-password\" \/><\/span><br \/>\n<span id=\"wpcf7-69de7082e0160-wrapper\" class=\"wpcf7-form-control-wrap email-162-wrap\" ><label for=\"wpcf7-69de7082e0160-field\" class=\"hp-message\">Please leave this field empty.<\/label><input id=\"wpcf7-69de7082e0160-field\"  class=\"wpcf7-form-control wpcf7-text\" type=\"text\" name=\"email-162\" value=\"\" size=\"40\" tabindex=\"-1\" autocomplete=\"new-password\" \/><\/span>\n\t\t\t<\/p>\n\t\t\t<div>\n\t\t\t\t<p>*Champs obligatoires\n\t\t\t\t<\/p>\n\t\t\t<\/div>\n\t\t\t<div>\n\t\t\t\t<p>Vos donn\u00e9es du formulaire de contact seront collect\u00e9es et trait\u00e9es pour r\u00e9pondre \u00e0 votre demande. Vous trouverez des informations d\u00e9taill\u00e9es sur le traitement des donn\u00e9es d'utilisateur dans la rubrique\u00a0<a href=\"https:\/\/www.comosoft.eu\/fr\/mentions-legales\/\">Mentions l\u00e9gales<\/a>.\n\t\t\t\t<\/p>\n\t\t\t<\/div>\n\t\t<\/div>\n\t<\/div>\n<\/div>\n<div class=\"row\">\n\t<div class=\"row-inner\">\n\t\t<div class=\"col-lg-12\">\n\t\t\t<p><input class=\"wpcf7-form-control wpcf7-submit has-spinner btn btn-accent\" type=\"submit\" value=\"Envoyer\" \/>\n\t\t\t<\/p>\n\t\t<\/div>\n\t<\/div>\n<\/div>\n<p><script>\ndocument.addEventListener( 'wpcf7mailsent', function(e) {\n\tif ( '12091' == event.detail.contactFormId ) {\n gtag('event', 'submit', {\n 'event_category': 'Kontakt',\n 'event_label': 'Kontakt FR'\n })};\n}, false );\n<\/script>\n<\/p><div class=\"wpcf7-response-output\" aria-hidden=\"true\"><\/div>\n<\/form>\n<\/div>\n[\/vc_column_inner][\/vc_row_inner][\/vc_column][\/vc_row]<\/p>\n<\/div>","protected":false},"excerpt":{"rendered":"<p>[vc_row][vc_column width=&#8221;1\/1&#8243;][vc_column_text text_lead=&#8221;yes&#8221; uncode_shortcode_id=&#8221;148327&#8243;] Les entreprises de ventes par correspondance utilisent LAGO pour relier toutes les donn\u00e9es relatives aux produits [&hellip;]<\/p>\n","protected":false},"author":122,"featured_media":14361,"parent":15091,"menu_order":0,"comment_status":"closed","ping_status":"closed","template":"","meta":{"footnotes":""},"class_list":["post-15470","page","type-page","status-publish","has-post-thumbnail","hentry"],"yoast_head":"<!-- This site is optimized with the Yoast SEO plugin v27.3 - https:\/\/yoast.com\/product\/yoast-seo-wordpress\/ -->\n<title>Les entreprises utilisent LAGO pour un marketing multicanal r\u00e9ussi<\/title>\n<meta name=\"description\" content=\"Le succ\u00e8s de la vente par correspondance gr\u00e2ce \u00e0 un marketing multicanal automatis\u00e9 - LAGO permet une communication personnalis\u00e9e.\" \/>\n<meta name=\"robots\" content=\"index, follow, max-snippet:-1, max-image-preview:large, max-video-preview:-1\" \/>\n<link rel=\"canonical\" href=\"https:\/\/www.comosoft.eu\/fr\/secteur\/ventes-par-correspondance\/\" \/>\n<meta property=\"og:locale\" content=\"fr_FR\" \/>\n<meta property=\"og:type\" content=\"article\" \/>\n<meta property=\"og:title\" content=\"Les entreprises utilisent LAGO pour un marketing multicanal r\u00e9ussi\" \/>\n<meta property=\"og:description\" content=\"Le succ\u00e8s de la vente par correspondance gr\u00e2ce \u00e0 un marketing multicanal automatis\u00e9 - LAGO permet une communication personnalis\u00e9e.\" \/>\n<meta property=\"og:url\" content=\"https:\/\/www.comosoft.eu\/fr\/secteur\/ventes-par-correspondance\/\" \/>\n<meta property=\"og:site_name\" content=\"Comosoft\" \/>\n<meta property=\"article:modified_time\" content=\"2025-11-12T11:52:26+00:00\" \/>\n<meta property=\"og:image\" content=\"https:\/\/www.comosoft.eu\/wp-content\/uploads\/2020\/01\/Fashion_Comosoft_header.jpg\" \/>\n\t<meta property=\"og:image:width\" content=\"1920\" \/>\n\t<meta property=\"og:image:height\" content=\"500\" \/>\n\t<meta property=\"og:image:type\" content=\"image\/jpeg\" \/>\n<meta name=\"twitter:card\" content=\"summary_large_image\" \/>\n<!-- \/ Yoast SEO plugin. -->","yoast_head_json":{"title":"Les entreprises utilisent LAGO pour un marketing multicanal r\u00e9ussi","description":"Le succ\u00e8s de la vente par correspondance gr\u00e2ce \u00e0 un marketing multicanal automatis\u00e9 - LAGO permet une communication personnalis\u00e9e.","robots":{"index":"index","follow":"follow","max-snippet":"max-snippet:-1","max-image-preview":"max-image-preview:large","max-video-preview":"max-video-preview:-1"},"canonical":"https:\/\/www.comosoft.eu\/fr\/secteur\/ventes-par-correspondance\/","og_locale":"fr_FR","og_type":"article","og_title":"Les entreprises utilisent LAGO pour un marketing multicanal r\u00e9ussi","og_description":"Le succ\u00e8s de la vente par correspondance gr\u00e2ce \u00e0 un marketing multicanal automatis\u00e9 - LAGO permet une communication personnalis\u00e9e.","og_url":"https:\/\/www.comosoft.eu\/fr\/secteur\/ventes-par-correspondance\/","og_site_name":"Comosoft","article_modified_time":"2025-11-12T11:52:26+00:00","og_image":[{"width":1920,"height":500,"url":"https:\/\/www.comosoft.eu\/wp-content\/uploads\/2020\/01\/Fashion_Comosoft_header.jpg","type":"image\/jpeg"}],"twitter_card":"summary_large_image","schema":{"@context":"https:\/\/schema.org","@graph":[{"@type":"WebPage","@id":"https:\/\/www.comosoft.eu\/fr\/secteur\/ventes-par-correspondance\/","url":"https:\/\/www.comosoft.eu\/fr\/secteur\/ventes-par-correspondance\/","name":"Les entreprises utilisent LAGO pour un marketing multicanal r\u00e9ussi","isPartOf":{"@id":"https:\/\/www.comosoft.eu\/fr\/#website"},"primaryImageOfPage":{"@id":"https:\/\/www.comosoft.eu\/fr\/secteur\/ventes-par-correspondance\/#primaryimage"},"image":{"@id":"https:\/\/www.comosoft.eu\/fr\/secteur\/ventes-par-correspondance\/#primaryimage"},"thumbnailUrl":"https:\/\/www.comosoft.eu\/wp-content\/uploads\/2020\/01\/Fashion_Comosoft_header.jpg","datePublished":"2020-06-12T14:12:40+00:00","dateModified":"2025-11-12T11:52:26+00:00","description":"Le succ\u00e8s de la vente par correspondance gr\u00e2ce \u00e0 un marketing multicanal automatis\u00e9 - LAGO permet une communication personnalis\u00e9e.","breadcrumb":{"@id":"https:\/\/www.comosoft.eu\/fr\/secteur\/ventes-par-correspondance\/#breadcrumb"},"inLanguage":"fr-FR","potentialAction":[{"@type":"ReadAction","target":["https:\/\/www.comosoft.eu\/fr\/secteur\/ventes-par-correspondance\/"]}]},{"@type":"ImageObject","inLanguage":"fr-FR","@id":"https:\/\/www.comosoft.eu\/fr\/secteur\/ventes-par-correspondance\/#primaryimage","url":"https:\/\/www.comosoft.eu\/wp-content\/uploads\/2020\/01\/Fashion_Comosoft_header.jpg","contentUrl":"https:\/\/www.comosoft.eu\/wp-content\/uploads\/2020\/01\/Fashion_Comosoft_header.jpg","width":1920,"height":500,"caption":"Magazinstapel in einem Gesch\u00e4ft"},{"@type":"BreadcrumbList","@id":"https:\/\/www.comosoft.eu\/fr\/secteur\/ventes-par-correspondance\/#breadcrumb","itemListElement":[{"@type":"ListItem","position":1,"name":"Home","item":"https:\/\/www.comosoft.eu\/fr\/"},{"@type":"ListItem","position":2,"name":"Secteurs","item":"https:\/\/www.comosoft.eu\/fr\/secteur\/"},{"@type":"ListItem","position":3,"name":"Ventes par correspondance"}]},{"@type":"WebSite","@id":"https:\/\/www.comosoft.eu\/fr\/#website","url":"https:\/\/www.comosoft.eu\/fr\/","name":"Comosoft","description":"Multichannel Solutions","publisher":{"@id":"https:\/\/www.comosoft.eu\/fr\/#organization"},"potentialAction":[{"@type":"SearchAction","target":{"@type":"EntryPoint","urlTemplate":"https:\/\/www.comosoft.eu\/fr\/?s={search_term_string}"},"query-input":{"@type":"PropertyValueSpecification","valueRequired":true,"valueName":"search_term_string"}}],"inLanguage":"fr-FR"},{"@type":"Organization","@id":"https:\/\/www.comosoft.eu\/fr\/#organization","name":"Comosoft GmbH","alternateName":"Multichannel Solutions","url":"https:\/\/www.comosoft.eu\/fr\/","logo":{"@type":"ImageObject","inLanguage":"fr-FR","@id":"https:\/\/www.comosoft.eu\/fr\/#\/schema\/logo\/image\/","url":"https:\/\/www.comosoft.eu\/wp-content\/uploads\/2021\/01\/Comosoft-Logo463.png","contentUrl":"https:\/\/www.comosoft.eu\/wp-content\/uploads\/2021\/01\/Comosoft-Logo463.png","width":1654,"height":337,"caption":"Comosoft GmbH"},"image":{"@id":"https:\/\/www.comosoft.eu\/fr\/#\/schema\/logo\/image\/"},"sameAs":["https:\/\/de.linkedin.com\/company\/comosoft?original_referer=httpswww.google.com"]}]}},"_links":{"self":[{"href":"https:\/\/www.comosoft.eu\/fr\/wp-json\/wp\/v2\/pages\/15470","targetHints":{"allow":["GET"]}}],"collection":[{"href":"https:\/\/www.comosoft.eu\/fr\/wp-json\/wp\/v2\/pages"}],"about":[{"href":"https:\/\/www.comosoft.eu\/fr\/wp-json\/wp\/v2\/types\/page"}],"author":[{"embeddable":true,"href":"https:\/\/www.comosoft.eu\/fr\/wp-json\/wp\/v2\/users\/122"}],"replies":[{"embeddable":true,"href":"https:\/\/www.comosoft.eu\/fr\/wp-json\/wp\/v2\/comments?post=15470"}],"version-history":[{"count":13,"href":"https:\/\/www.comosoft.eu\/fr\/wp-json\/wp\/v2\/pages\/15470\/revisions"}],"predecessor-version":[{"id":50057,"href":"https:\/\/www.comosoft.eu\/fr\/wp-json\/wp\/v2\/pages\/15470\/revisions\/50057"}],"up":[{"embeddable":true,"href":"https:\/\/www.comosoft.eu\/fr\/wp-json\/wp\/v2\/pages\/15091"}],"wp:featuredmedia":[{"embeddable":true,"href":"https:\/\/www.comosoft.eu\/fr\/wp-json\/wp\/v2\/media\/14361"}],"wp:attachment":[{"href":"https:\/\/www.comosoft.eu\/fr\/wp-json\/wp\/v2\/media?parent=15470"}],"curies":[{"name":"wp","href":"https:\/\/api.w.org\/{rel}","templated":true}]}}