{"id":15411,"date":"2020-06-12T14:27:46","date_gmt":"2020-06-12T12:27:46","guid":{"rendered":"https:\/\/www.comosoft.eu\/contact-2\/support\/"},"modified":"2024-08-05T13:02:35","modified_gmt":"2024-08-05T11:02:35","slug":"service-clientele","status":"publish","type":"page","link":"https:\/\/www.comosoft.eu\/fr\/contact\/service-clientele\/","title":{"rendered":"Support"},"content":{"rendered":"<div class=\"wpb-content-wrapper\"><p>[vc_row row_height_percent=&#8221;0&#8243; override_padding=&#8221;yes&#8221; h_padding=&#8221;2&#8243; top_padding=&#8221;2&#8243; bottom_padding=&#8221;0&#8243; overlay_alpha=&#8221;50&#8243; gutter_size=&#8221;3&#8243; shift_y=&#8221;0&#8243;][vc_column column_width_percent=&#8221;100&#8243; position_vertical=&#8221;middle&#8221; gutter_size=&#8221;3&#8243; override_padding=&#8221;yes&#8221; column_padding=&#8221;0&#8243; overlay_alpha=&#8221;50&#8243; shift_x=&#8221;0&#8243; shift_y=&#8221;0&#8243; z_index=&#8221;0&#8243; medium_width=&#8221;0&#8243; width=&#8221;2\/3&#8243;][vc_column_text text_lead=&#8221;yes&#8221; uncode_shortcode_id=&#8221;425169&#8243;]<\/p>\n<h1>Espace client<\/h1>\n<h2>Bienvenue dans notre centre de service \u00e0 la client\u00e8le<\/h2>\n<p>Chez Comosoft, nous sommes fiers d&#8217;<strong>offrir un service \u00e0 la client\u00e8le exceptionnel<\/strong>. Notre objectif est de faire en sorte que chaque interaction soit positive et que vous trouviez les solutions dont vous avez besoin rapidement et efficacement.<\/p>\n<h2>En quoi pouvons-nous vous aider ?<\/h2>\n<p>[\/vc_column_text][vc_row_inner][vc_column_inner width=&#8221;1\/2&#8243;][vc_column_text uncode_shortcode_id=&#8221;100903&#8243;]<\/p>\n<h3>Assistance technique<\/h3>\n<p>Vous avez des probl\u00e8mes techniques ou des questions sur le fonctionnement de LAGO ? Notre \u00e9quipe d&#8217;assistance technique est \u00e0 votre disposition pour r\u00e9pondre \u00e0 vos questions. Que vous ayez besoin d&#8217;aide pour l&#8217;installation, la configuration ou le d\u00e9pannage, nous sommes l\u00e0 pour vous aider.[\/vc_column_text][\/vc_column_inner][vc_column_inner width=&#8221;1\/2&#8243;][vc_column_text uncode_shortcode_id=&#8221;179827&#8243;]<\/p>\n<h3>Suggestions et commentaires<\/h3>\n<p>Nous appr\u00e9cions vos commentaires et vos suggestions. Si vous avez des id\u00e9es sur la mani\u00e8re dont nous pouvons am\u00e9liorer nos produits ou nos services, n&#8217;h\u00e9sitez pas \u00e0 les partager avec nous. Vos commentaires sont essentiels \u00e0 notre croissance et \u00e0 notre am\u00e9lioration continue.[\/vc_column_text][\/vc_column_inner][\/vc_row_inner][\/vc_column][vc_column column_width_percent=&#8221;100&#8243; position_vertical=&#8221;bottom&#8221; gutter_size=&#8221;3&#8243; override_padding=&#8221;yes&#8221; column_padding=&#8221;0&#8243; overlay_alpha=&#8221;50&#8243; shift_x=&#8221;0&#8243; shift_y=&#8221;0&#8243; z_index=&#8221;0&#8243; medium_width=&#8221;0&#8243; css_animation=&#8221;bottom-t-top&#8221; animation_delay=&#8221;400&#8243; width=&#8221;1\/3&#8243;][vc_single_image media=&#8221;8252&#8243; media_width_percent=&#8221;100&#8243;][\/vc_column][\/vc_row][vc_row unlock_row_content=&#8221;yes&#8221; row_height_percent=&#8221;0&#8243; override_padding=&#8221;yes&#8221; h_padding=&#8221;7&#8243; top_padding=&#8221;2&#8243; bottom_padding=&#8221;2&#8243; back_color=&#8221;color-prif&#8221; overlay_alpha=&#8221;50&#8243; gutter_size=&#8221;3&#8243; column_width_percent=&#8221;100&#8243; shift_y=&#8221;0&#8243; z_index=&#8221;0&#8243; uncode_shortcode_id=&#8221;530678&#8243; back_color_type=&#8221;uncode-palette&#8221;][vc_column column_width_percent=&#8221;100&#8243; gutter_size=&#8221;3&#8243; style=&#8221;dark&#8221; overlay_alpha=&#8221;50&#8243; shift_x=&#8221;0&#8243; shift_y=&#8221;0&#8243; shift_y_down=&#8221;0&#8243; z_index=&#8221;0&#8243; medium_width=&#8221;0&#8243; mobile_width=&#8221;0&#8243; width=&#8221;1\/1&#8243; uncode_shortcode_id=&#8221;940239&#8243;][vc_column_text text_lead=&#8221;yes&#8221; uncode_shortcode_id=&#8221;184416&#8243;]<\/p>\n<h3>Contactez-nous<\/h3>\n<p>Envoyez-nous un email \u00e0 <strong>&#x69;&#x6e;&#x66;&#x6f;&#x40;&#x63;&#x6f;&#x6d;&#111;&#115;&#111;&#102;&#116;&#46;&#100;e<\/strong> ou appelez notre service d&#8217;assistance du lundi au vendredi de 9h00 \u00e0 18h00 au num\u00e9ro de t\u00e9l\u00e9phone suivant :<\/p>\n<h2>SUPPORT HOTLINE +49 (40) 85 33 180<\/h2>\n<p>Consultez notre section <a href=\"https:\/\/www.comosoft.eu\/de\/faq\/\">FAQ<\/a> pour obtenir des r\u00e9ponses rapides aux questions les plus courantes. Cette section est mise \u00e0 jour r\u00e9guli\u00e8rement pour vous fournir les informations les plus pr\u00e9cises et les plus pertinentes.<\/p>\n<p>Chez Comosoft, votre satisfaction est notre priorit\u00e9. Nous vous remercions de nous avoir choisis et de nous avoir fait confiance. Nous sommes l\u00e0 pour vous aider \u00e0 chaque \u00e9tape. En tant qu&#8217;utilisateur, n&#8217;h\u00e9sitez pas \u00e0 utiliser notre syst\u00e8me de ticketing. Notre \u00e9quipe r\u00e9pondra rapidement \u00e0 vos questions et sera \u00e0 votre disposition \u00e0 tout moment. Vous trouverez des informations actualis\u00e9es sur les patches, les newsletters, etc. dans notre lettre d&#8217;information et dans <strong>l&#8217;espace client<\/strong> :<\/p>\n<p>[\/vc_column_text][vc_button outline=&#8221;yes&#8221; text_skin=&#8221;yes&#8221; border_width=&#8221;0&#8243; link=&#8221;url:https%3A%2F%2Fsupport.comosoft.eu|title:Area%20clientes%20LAGO|target:_blank&#8221; uncode_shortcode_id=&#8221;145395&#8243;]\u00c1rea de clientes[\/vc_button][\/vc_column][\/vc_row]<\/p>\n<\/div>","protected":false},"excerpt":{"rendered":"<p>[vc_row row_height_percent=&#8221;0&#8243; override_padding=&#8221;yes&#8221; h_padding=&#8221;2&#8243; top_padding=&#8221;2&#8243; bottom_padding=&#8221;0&#8243; overlay_alpha=&#8221;50&#8243; gutter_size=&#8221;3&#8243; shift_y=&#8221;0&#8243;][vc_column column_width_percent=&#8221;100&#8243; position_vertical=&#8221;middle&#8221; gutter_size=&#8221;3&#8243; override_padding=&#8221;yes&#8221; column_padding=&#8221;0&#8243; overlay_alpha=&#8221;50&#8243; shift_x=&#8221;0&#8243; shift_y=&#8221;0&#8243; z_index=&#8221;0&#8243; medium_width=&#8221;0&#8243; width=&#8221;2\/3&#8243;][vc_column_text [&hellip;]<\/p>\n","protected":false},"author":103,"featured_media":8618,"parent":15402,"menu_order":0,"comment_status":"closed","ping_status":"closed","template":"","meta":{"footnotes":""},"class_list":["post-15411","page","type-page","status-publish","has-post-thumbnail","hentry"],"yoast_head":"<!-- This site is optimized with the Yoast SEO plugin v27.3 - https:\/\/yoast.com\/product\/yoast-seo-wordpress\/ -->\n<title>Support de Comosoft - nous sommes l\u00e0 pour vous<\/title>\n<meta name=\"description\" content=\"Le service \u00e0 la client\u00e8le: Vous pouvez nous joindre du lundi au vendredi, de 9h00 \u00e0 18h00, \u00e0 +49 408533180\" \/>\n<meta name=\"robots\" content=\"index, follow, max-snippet:-1, max-image-preview:large, max-video-preview:-1\" \/>\n<link rel=\"canonical\" href=\"https:\/\/www.comosoft.eu\/fr\/contact\/service-clientele\/\" \/>\n<meta property=\"og:locale\" content=\"fr_FR\" \/>\n<meta property=\"og:type\" content=\"article\" \/>\n<meta property=\"og:title\" content=\"Support de Comosoft - nous sommes l\u00e0 pour vous\" \/>\n<meta property=\"og:description\" content=\"Le service \u00e0 la client\u00e8le: Vous pouvez nous joindre du lundi au vendredi, de 9h00 \u00e0 18h00, \u00e0 +49 408533180\" \/>\n<meta property=\"og:url\" content=\"https:\/\/www.comosoft.eu\/fr\/contact\/service-clientele\/\" \/>\n<meta property=\"og:site_name\" content=\"Comosoft\" \/>\n<meta property=\"article:modified_time\" content=\"2024-08-05T11:02:35+00:00\" \/>\n<meta property=\"og:image\" content=\"https:\/\/www.comosoft.eu\/wp-content\/uploads\/2017\/09\/support-como.jpg\" \/>\n\t<meta property=\"og:image:width\" content=\"2000\" \/>\n\t<meta property=\"og:image:height\" content=\"1131\" \/>\n\t<meta property=\"og:image:type\" content=\"image\/jpeg\" \/>\n<meta name=\"twitter:card\" content=\"summary_large_image\" \/>\n<!-- \/ Yoast SEO plugin. -->","yoast_head_json":{"title":"Support de Comosoft - nous sommes l\u00e0 pour vous","description":"Le service \u00e0 la client\u00e8le: Vous pouvez nous joindre du lundi au vendredi, de 9h00 \u00e0 18h00, \u00e0 +49 408533180","robots":{"index":"index","follow":"follow","max-snippet":"max-snippet:-1","max-image-preview":"max-image-preview:large","max-video-preview":"max-video-preview:-1"},"canonical":"https:\/\/www.comosoft.eu\/fr\/contact\/service-clientele\/","og_locale":"fr_FR","og_type":"article","og_title":"Support de Comosoft - nous sommes l\u00e0 pour vous","og_description":"Le service \u00e0 la client\u00e8le: Vous pouvez nous joindre du lundi au vendredi, de 9h00 \u00e0 18h00, \u00e0 +49 408533180","og_url":"https:\/\/www.comosoft.eu\/fr\/contact\/service-clientele\/","og_site_name":"Comosoft","article_modified_time":"2024-08-05T11:02:35+00:00","og_image":[{"width":2000,"height":1131,"url":"https:\/\/www.comosoft.eu\/wp-content\/uploads\/2017\/09\/support-como.jpg","type":"image\/jpeg"}],"twitter_card":"summary_large_image","schema":{"@context":"https:\/\/schema.org","@graph":[{"@type":"WebPage","@id":"https:\/\/www.comosoft.eu\/fr\/contact\/service-clientele\/","url":"https:\/\/www.comosoft.eu\/fr\/contact\/service-clientele\/","name":"Support de Comosoft - nous sommes l\u00e0 pour vous","isPartOf":{"@id":"https:\/\/www.comosoft.eu\/fr\/#website"},"primaryImageOfPage":{"@id":"https:\/\/www.comosoft.eu\/fr\/contact\/service-clientele\/#primaryimage"},"image":{"@id":"https:\/\/www.comosoft.eu\/fr\/contact\/service-clientele\/#primaryimage"},"thumbnailUrl":"https:\/\/www.comosoft.eu\/wp-content\/uploads\/2017\/09\/support-como.jpg","datePublished":"2020-06-12T12:27:46+00:00","dateModified":"2024-08-05T11:02:35+00:00","description":"Le service \u00e0 la client\u00e8le: Vous pouvez nous joindre du lundi au vendredi, de 9h00 \u00e0 18h00, \u00e0 +49 408533180","breadcrumb":{"@id":"https:\/\/www.comosoft.eu\/fr\/contact\/service-clientele\/#breadcrumb"},"inLanguage":"fr-FR","potentialAction":[{"@type":"ReadAction","target":["https:\/\/www.comosoft.eu\/fr\/contact\/service-clientele\/"]}]},{"@type":"ImageObject","inLanguage":"fr-FR","@id":"https:\/\/www.comosoft.eu\/fr\/contact\/service-clientele\/#primaryimage","url":"https:\/\/www.comosoft.eu\/wp-content\/uploads\/2017\/09\/support-como.jpg","contentUrl":"https:\/\/www.comosoft.eu\/wp-content\/uploads\/2017\/09\/support-como.jpg","width":2000,"height":1131,"caption":"Unser Support-Team hilft Ihnen bei Fragen"},{"@type":"BreadcrumbList","@id":"https:\/\/www.comosoft.eu\/fr\/contact\/service-clientele\/#breadcrumb","itemListElement":[{"@type":"ListItem","position":1,"name":"Home","item":"https:\/\/www.comosoft.eu\/fr\/"},{"@type":"ListItem","position":2,"name":"Contact","item":"https:\/\/www.comosoft.eu\/fr\/contact\/"},{"@type":"ListItem","position":3,"name":"Support"}]},{"@type":"WebSite","@id":"https:\/\/www.comosoft.eu\/fr\/#website","url":"https:\/\/www.comosoft.eu\/fr\/","name":"Comosoft","description":"Multichannel Solutions","publisher":{"@id":"https:\/\/www.comosoft.eu\/fr\/#organization"},"potentialAction":[{"@type":"SearchAction","target":{"@type":"EntryPoint","urlTemplate":"https:\/\/www.comosoft.eu\/fr\/?s={search_term_string}"},"query-input":{"@type":"PropertyValueSpecification","valueRequired":true,"valueName":"search_term_string"}}],"inLanguage":"fr-FR"},{"@type":"Organization","@id":"https:\/\/www.comosoft.eu\/fr\/#organization","name":"Comosoft GmbH","alternateName":"Multichannel Solutions","url":"https:\/\/www.comosoft.eu\/fr\/","logo":{"@type":"ImageObject","inLanguage":"fr-FR","@id":"https:\/\/www.comosoft.eu\/fr\/#\/schema\/logo\/image\/","url":"https:\/\/www.comosoft.eu\/wp-content\/uploads\/2021\/01\/Comosoft-Logo463.png","contentUrl":"https:\/\/www.comosoft.eu\/wp-content\/uploads\/2021\/01\/Comosoft-Logo463.png","width":1654,"height":337,"caption":"Comosoft GmbH"},"image":{"@id":"https:\/\/www.comosoft.eu\/fr\/#\/schema\/logo\/image\/"},"sameAs":["https:\/\/de.linkedin.com\/company\/comosoft?original_referer=httpswww.google.com"]}]}},"_links":{"self":[{"href":"https:\/\/www.comosoft.eu\/fr\/wp-json\/wp\/v2\/pages\/15411","targetHints":{"allow":["GET"]}}],"collection":[{"href":"https:\/\/www.comosoft.eu\/fr\/wp-json\/wp\/v2\/pages"}],"about":[{"href":"https:\/\/www.comosoft.eu\/fr\/wp-json\/wp\/v2\/types\/page"}],"author":[{"embeddable":true,"href":"https:\/\/www.comosoft.eu\/fr\/wp-json\/wp\/v2\/users\/103"}],"replies":[{"embeddable":true,"href":"https:\/\/www.comosoft.eu\/fr\/wp-json\/wp\/v2\/comments?post=15411"}],"version-history":[{"count":12,"href":"https:\/\/www.comosoft.eu\/fr\/wp-json\/wp\/v2\/pages\/15411\/revisions"}],"predecessor-version":[{"id":47133,"href":"https:\/\/www.comosoft.eu\/fr\/wp-json\/wp\/v2\/pages\/15411\/revisions\/47133"}],"up":[{"embeddable":true,"href":"https:\/\/www.comosoft.eu\/fr\/wp-json\/wp\/v2\/pages\/15402"}],"wp:featuredmedia":[{"embeddable":true,"href":"https:\/\/www.comosoft.eu\/fr\/wp-json\/wp\/v2\/media\/8618"}],"wp:attachment":[{"href":"https:\/\/www.comosoft.eu\/fr\/wp-json\/wp\/v2\/media?parent=15411"}],"curies":[{"name":"wp","href":"https:\/\/api.w.org\/{rel}","templated":true}]}}