{"id":15402,"date":"2020-06-11T13:21:27","date_gmt":"2020-06-11T11:21:27","guid":{"rendered":"https:\/\/www.comosoft.eu\/contact-2\/"},"modified":"2024-08-05T12:04:07","modified_gmt":"2024-08-05T10:04:07","slug":"contact","status":"publish","type":"page","link":"https:\/\/www.comosoft.eu\/fr\/contact\/","title":{"rendered":"Contact"},"content":{"rendered":"<div class=\"wpb-content-wrapper\"><p>[vc_row][vc_column width=&#8221;1\/1&#8243;][vc_column_text text_lead=&#8221;yes&#8221; uncode_shortcode_id=&#8221;162668&#8243;]<\/p>\n<h2><span lang=\"FR\">Vos messages sont les bienvenus <\/span>!<b>\u00a0<\/b><\/h2>\n<p><span lang=\"FR\">Vous avez de <strong>questions concernant l\u2019entreprise et nos produits<\/strong> ? Vous diffusez un haut volume de donn\u00e9es produits sur diff\u00e9rents canaux et \u00eates \u00e0 la recherche d\u2019une <strong>solution multicanal<\/strong> qui r\u00e9pond aux besoins sp\u00e9cifiques de votre entreprise ? Dans ce cas, n\u2019h\u00e9sitez pas \u00e0 prendre contact avec nous.<\/span><\/p>\n<p>Votre message sera trait\u00e9 le plus rapidement possible, dans les 24 heures (jours ouvrables uniquement). Si vous \u00eates d\u00e9j\u00e0 client ou utilisateur de LAGO et que vous souhaitez contacter l&#8217;un de nos collaborateurs, notre <a href=\"https:\/\/jira.comosoft.com\/\">helpdesk<\/a> (syst\u00e8me de tickets) est \u00e0 votre disposition. Vous pouvez y adresser votre demande au service comp\u00e9tent \u00e0 tout moment. Vous pouvez \u00e9galement utiliser l&#8217;<a href=\"https:\/\/support.comosoft.eu\/\">espace client<\/a> pour obtenir toutes les informations sur la derni\u00e8re version de LAGO, les correctifs et les mises \u00e0 jour.<\/p>\n<p>[\/vc_column_text][\/vc_column][\/vc_row][vc_row][vc_column width=&#8221;1\/1&#8243;]\n<div class=\"wpcf7 no-js\" id=\"wpcf7-f12096-o1\" lang=\"en-US\" dir=\"ltr\" data-wpcf7-id=\"12096\">\n<div class=\"screen-reader-response\"><p role=\"status\" aria-live=\"polite\" aria-atomic=\"true\"><\/p> <ul><\/ul><\/div>\n<form action=\"\/fr\/wp-json\/wp\/v2\/pages\/15402#wpcf7-f12096-o1\" method=\"post\" class=\"wpcf7-form init\" aria-label=\"Contact form\" novalidate=\"novalidate\" data-status=\"init\">\n<fieldset class=\"hidden-fields-container\"><input type=\"hidden\" name=\"_wpcf7\" value=\"12096\" \/><input type=\"hidden\" name=\"_wpcf7_version\" value=\"6.1.5\" \/><input type=\"hidden\" name=\"_wpcf7_locale\" value=\"en_US\" \/><input type=\"hidden\" name=\"_wpcf7_unit_tag\" value=\"wpcf7-f12096-o1\" \/><input type=\"hidden\" name=\"_wpcf7_container_post\" value=\"0\" \/><input type=\"hidden\" name=\"_wpcf7_posted_data_hash\" value=\"\" \/>\n<\/fieldset>\n<div class=\"wpcf7-inline-wrapper\">\n\t<p class=\"wpcf7-inline-field\"><span class=\"wpcf7-form-control-wrap\" data-name=\"your-fullname\"><input size=\"40\" maxlength=\"400\" class=\"wpcf7-form-control wpcf7-text wpcf7-validates-as-required\" aria-required=\"true\" aria-invalid=\"false\" placeholder=\"*Votre nom\" value=\"\" type=\"text\" name=\"your-fullname\" \/><\/span>\n\t<\/p>\n\t<p class=\"wpcf7-inline-field\"><span class=\"wpcf7-form-control-wrap\" data-name=\"your-company\"><input size=\"40\" maxlength=\"400\" class=\"wpcf7-form-control wpcf7-text wpcf7-validates-as-required form-fluid\" aria-required=\"true\" aria-invalid=\"false\" placeholder=\"*Soci\u00e9t\u00e9\" value=\"\" type=\"text\" name=\"your-company\" \/><\/span>\n\t<\/p>\n<\/div>\n<div class=\"wpcf7-inline-wrapper\">\n\t<p class=\"wpcf7-inline-field\"><span class=\"wpcf7-form-control-wrap\" data-name=\"your-email\"><input size=\"40\" maxlength=\"400\" class=\"wpcf7-form-control wpcf7-email wpcf7-validates-as-required wpcf7-text wpcf7-validates-as-email\" aria-required=\"true\" aria-invalid=\"false\" placeholder=\"*Email\" value=\"\" type=\"email\" name=\"your-email\" \/><\/span>\n\t<\/p>\n\t<p class=\"wpcf7-inline-field\"><span class=\"wpcf7-form-control-wrap\" data-name=\"your-telephone\"><input size=\"40\" maxlength=\"400\" class=\"wpcf7-form-control wpcf7-text form-fluid\" aria-invalid=\"false\" placeholder=\"T\u00e9l\u00e9phone\" value=\"\" type=\"text\" name=\"your-telephone\" \/><\/span>\n\t<\/p>\n<\/div>\n<p><span class=\"wpcf7-form-control-wrap\" data-name=\"your-message\"><textarea cols=\"40\" rows=\"8\" maxlength=\"2000\" class=\"wpcf7-form-control wpcf7-textarea wpcf7-validates-as-required\" aria-required=\"true\" aria-invalid=\"false\" placeholder=\"Votre message\" name=\"your-message\"><\/textarea><\/span>\n<\/p>\n<div>\n\t<p>*Champs obligatoires\n\t<\/p>\n<\/div>\n<div>\n\t<p>Vos donn\u00e9es du formulaire de contact seront collect\u00e9es et trait\u00e9es pour r\u00e9pondre \u00e0 votre demande. Vous trouverez des informations d\u00e9taill\u00e9es sur le traitement des donn\u00e9es d'utilisateur dans la rubrique\u00a0<a href=\"https:\/\/www.comosoft.eu\/fr\/mentions-legales\/\">Mentions l\u00e9gales<\/a>.\n\t<\/p>\n<\/div>\n<p><span id=\"wpcf7-69de24ce35a88-wrapper\" class=\"wpcf7-form-control-wrap website-162-wrap\" ><label for=\"wpcf7-69de24ce35a88-field\" class=\"hp-message\">Please leave this field empty.<\/label><input id=\"wpcf7-69de24ce35a88-field\"  class=\"wpcf7-form-control wpcf7-text\" type=\"text\" name=\"website-162\" value=\"\" size=\"40\" tabindex=\"-1\" autocomplete=\"new-password\" \/><\/span><br \/>\n<span id=\"wpcf7-69de24ce35b0a-wrapper\" class=\"wpcf7-form-control-wrap email-162-wrap\" ><label for=\"wpcf7-69de24ce35b0a-field\" class=\"hp-message\">Please leave this field empty.<\/label><input id=\"wpcf7-69de24ce35b0a-field\"  class=\"wpcf7-form-control wpcf7-text\" type=\"text\" name=\"email-162\" value=\"\" size=\"40\" tabindex=\"-1\" autocomplete=\"new-password\" \/><\/span>\n<\/p>\n<p><input class=\"wpcf7-form-control wpcf7-submit has-spinner btn btn-accent\" type=\"submit\" value=\"Envoyer\" \/>\n<\/p>\n<p><script>\ndocument.addEventListener( 'wpcf7mailsent', function(e) {\n\tif ( '12096' == event.detail.contactFormId ) {\n gtag('event', 'submit', {\n 'event_category': 'Kontakt',\n 'event_label': 'Hauptkontakt FR'\n })};\n}, false );\n<\/script>\n<\/p><div class=\"wpcf7-response-output\" aria-hidden=\"true\"><\/div>\n<\/form>\n<\/div>\n[\/vc_column][\/vc_row][vc_row][vc_column width=&#8221;1\/1&#8243;][vc_column_text text_lead=&#8221;yes&#8221; uncode_shortcode_id=&#8221;193172&#8243;]<span lang=\"FR\">Sur nos sites <strong>Hambourg, Valencia et Dallas<\/strong>, vos pr\u00e9occupations figurent toujours au centre de notre attention. Si vous optimisez d\u00e9j\u00e0 vos processus avec LAGO, profitez aussi des longues ann\u00e9es d\u2019exp\u00e9rience de notre <strong>\u00e9quipe du <a href=\"https:\/\/www.comosoft.eu\/fr\/contact\/service-clientele\/\">support technique<\/a><\/strong> qui r\u00e9pond volontiers \u00e0 toutes vos questions concernant le produit.<\/span>[\/vc_column_text][\/vc_column][\/vc_row][vc_row row_height_percent=&#8221;40&#8243; override_padding=&#8221;yes&#8221; h_padding=&#8221;2&#8243; top_padding=&#8221;2&#8243; bottom_padding=&#8221;2&#8243; back_image=&#8221;20143&#8243; parallax=&#8221;yes&#8221; overlay_color=&#8221;color-jevc&#8221; overlay_alpha=&#8221;60&#8243; gutter_size=&#8221;3&#8243; column_width_percent=&#8221;100&#8243; shift_y=&#8221;0&#8243; z_index=&#8221;0&#8243; uncode_shortcode_id=&#8221;111991&#8243; overlay_color_type=&#8221;uncode-palette&#8221;][vc_column width=&#8221;1\/1&#8243;][vc_empty_space empty_h=&#8221;3&#8243;][vc_row_inner][vc_column_inner column_width_percent=&#8221;100&#8243; position_vertical=&#8221;middle&#8221; gutter_size=&#8221;3&#8243; style=&#8221;dark&#8221; overlay_alpha=&#8221;50&#8243; shift_x=&#8221;0&#8243; shift_y=&#8221;0&#8243; z_index=&#8221;0&#8243; medium_width=&#8221;0&#8243; width=&#8221;1\/2&#8243;][vc_icon icon=&#8221;fa fa-comments&#8221; background_style=&#8221;fa-rounded&#8221; size=&#8221;fa-3x&#8221; outline=&#8221;yes&#8221; heading_semantic=&#8221;h2&#8243; text_font=&#8221;font-590903&#8243; text_size=&#8221;h1&#8243; text_weight=&#8221;500&#8243; title=&#8221;SUPPORT&#8221; uncode_shortcode_id=&#8221;116422&#8243;]<span lang=\"FR\">Notre support technique est disponible du lundi au vendredi, de 9 h 00 \u00e0 18 h 00, au num\u00e9ro de t\u00e9l\u00e9phone suivant <\/span>:<\/p>\n<p><strong><span class=\"font-203019 font-112218\"><span lang=\"FR\">ASSISTANCE T\u00c9L\u00c9PHONIQUE <\/span>\u00a0+49 (0) 40853318-0<\/span><\/strong>[\/vc_icon][\/vc_column_inner][vc_column_inner column_width_percent=&#8221;100&#8243; position_vertical=&#8221;middle&#8221; gutter_size=&#8221;3&#8243; style=&#8221;dark&#8221; overlay_alpha=&#8221;50&#8243; shift_x=&#8221;0&#8243; shift_y=&#8221;0&#8243; z_index=&#8221;0&#8243; medium_width=&#8221;0&#8243; width=&#8221;1\/2&#8243;][vc_icon icon=&#8221;fa fa-user&#8221; background_style=&#8221;fa-rounded&#8221; size=&#8221;fa-3x&#8221; outline=&#8221;yes&#8221; heading_semantic=&#8221;h2&#8243; text_font=&#8221;font-590903&#8243; text_size=&#8221;h1&#8243; text_weight=&#8221;500&#8243; link_text=&#8221;CUSTOM AREA&#8221; uncode_shortcode_id=&#8221;833906&#8243; title=&#8221;ASSISTANCE&#8221;]<span lang=\"FR\">L\u2019\u00e9quipe du support technique de Comosoft vous aide \u00e9tape par \u00e9tape tout au long du processus d\u2019impl\u00e9mentation de LAGO<\/span>.<\/p>\n<p><strong><span class=\"font-203019 font-112218\"><span lang=\"FR\">ASSISTANCE EMAIL <\/span>\u00a0i&#x6e;&#x66;&#111;&#64;&#x63;&#x6f;&#109;o&#x73;&#x6f;&#102;t&#x2e;&#x65;&#117;<\/span><\/strong>[\/vc_icon][\/vc_column_inner][\/vc_row_inner][vc_empty_space empty_h=&#8221;3&#8243;][\/vc_column][\/vc_row]<\/p>\n<\/div>","protected":false},"excerpt":{"rendered":"<p>[vc_row][vc_column width=&#8221;1\/1&#8243;][vc_column_text text_lead=&#8221;yes&#8221; uncode_shortcode_id=&#8221;162668&#8243;] Vos messages sont les bienvenus !\u00a0 Vous avez de questions concernant l\u2019entreprise et nos produits ? [&hellip;]<\/p>\n","protected":false},"author":103,"featured_media":7553,"parent":0,"menu_order":0,"comment_status":"closed","ping_status":"closed","template":"","meta":{"footnotes":""},"class_list":["post-15402","page","type-page","status-publish","has-post-thumbnail","hentry"],"yoast_head":"<!-- This site is optimized with the Yoast SEO plugin v27.3 - https:\/\/yoast.com\/product\/yoast-seo-wordpress\/ -->\n<title>Contact Comosoft - nous attendons votre message !<\/title>\n<meta name=\"description\" content=\"Vous avez des questions sur l&#039;entreprise et sur nos produits et solutions logicielles multicanaux ? Contact Comosoft ici !\" \/>\n<meta name=\"robots\" content=\"index, follow, max-snippet:-1, max-image-preview:large, max-video-preview:-1\" \/>\n<link rel=\"canonical\" href=\"https:\/\/www.comosoft.eu\/fr\/contact\/\" \/>\n<meta property=\"og:locale\" content=\"fr_FR\" \/>\n<meta property=\"og:type\" content=\"article\" \/>\n<meta property=\"og:title\" content=\"Contact Comosoft - nous attendons votre message !\" \/>\n<meta property=\"og:description\" content=\"Vous avez des questions sur l&#039;entreprise et sur nos produits et solutions logicielles multicanaux ? Contact Comosoft ici !\" \/>\n<meta property=\"og:url\" content=\"https:\/\/www.comosoft.eu\/fr\/contact\/\" \/>\n<meta property=\"og:site_name\" content=\"Comosoft\" \/>\n<meta property=\"article:modified_time\" content=\"2024-08-05T10:04:07+00:00\" \/>\n<meta property=\"og:image\" content=\"https:\/\/www.comosoft.eu\/wp-content\/uploads\/2016\/08\/contact.jpg\" \/>\n\t<meta property=\"og:image:width\" content=\"1920\" \/>\n\t<meta property=\"og:image:height\" content=\"1272\" \/>\n\t<meta property=\"og:image:type\" content=\"image\/jpeg\" \/>\n<meta name=\"twitter:card\" content=\"summary_large_image\" \/>\n<!-- \/ Yoast SEO plugin. -->","yoast_head_json":{"title":"Contact Comosoft - nous attendons votre message !","description":"Vous avez des questions sur l'entreprise et sur nos produits et solutions logicielles multicanaux ? Contact Comosoft ici !","robots":{"index":"index","follow":"follow","max-snippet":"max-snippet:-1","max-image-preview":"max-image-preview:large","max-video-preview":"max-video-preview:-1"},"canonical":"https:\/\/www.comosoft.eu\/fr\/contact\/","og_locale":"fr_FR","og_type":"article","og_title":"Contact Comosoft - nous attendons votre message !","og_description":"Vous avez des questions sur l'entreprise et sur nos produits et solutions logicielles multicanaux ? Contact Comosoft ici !","og_url":"https:\/\/www.comosoft.eu\/fr\/contact\/","og_site_name":"Comosoft","article_modified_time":"2024-08-05T10:04:07+00:00","og_image":[{"width":1920,"height":1272,"url":"https:\/\/www.comosoft.eu\/wp-content\/uploads\/2016\/08\/contact.jpg","type":"image\/jpeg"}],"twitter_card":"summary_large_image","schema":{"@context":"https:\/\/schema.org","@graph":[{"@type":"WebPage","@id":"https:\/\/www.comosoft.eu\/fr\/contact\/","url":"https:\/\/www.comosoft.eu\/fr\/contact\/","name":"Contact Comosoft - nous attendons votre message !","isPartOf":{"@id":"https:\/\/www.comosoft.eu\/fr\/#website"},"primaryImageOfPage":{"@id":"https:\/\/www.comosoft.eu\/fr\/contact\/#primaryimage"},"image":{"@id":"https:\/\/www.comosoft.eu\/fr\/contact\/#primaryimage"},"thumbnailUrl":"https:\/\/www.comosoft.eu\/wp-content\/uploads\/2016\/08\/contact.jpg","datePublished":"2020-06-11T11:21:27+00:00","dateModified":"2024-08-05T10:04:07+00:00","description":"Vous avez des questions sur l'entreprise et sur nos produits et solutions logicielles multicanaux ? Contact Comosoft ici !","breadcrumb":{"@id":"https:\/\/www.comosoft.eu\/fr\/contact\/#breadcrumb"},"inLanguage":"fr-FR","potentialAction":[{"@type":"ReadAction","target":["https:\/\/www.comosoft.eu\/fr\/contact\/"]}]},{"@type":"ImageObject","inLanguage":"fr-FR","@id":"https:\/\/www.comosoft.eu\/fr\/contact\/#primaryimage","url":"https:\/\/www.comosoft.eu\/wp-content\/uploads\/2016\/08\/contact.jpg","contentUrl":"https:\/\/www.comosoft.eu\/wp-content\/uploads\/2016\/08\/contact.jpg","width":1920,"height":1272,"caption":"Contact Comosoft"},{"@type":"BreadcrumbList","@id":"https:\/\/www.comosoft.eu\/fr\/contact\/#breadcrumb","itemListElement":[{"@type":"ListItem","position":1,"name":"Home","item":"https:\/\/www.comosoft.eu\/fr\/"},{"@type":"ListItem","position":2,"name":"Contact"}]},{"@type":"WebSite","@id":"https:\/\/www.comosoft.eu\/fr\/#website","url":"https:\/\/www.comosoft.eu\/fr\/","name":"Comosoft","description":"Multichannel Solutions","publisher":{"@id":"https:\/\/www.comosoft.eu\/fr\/#organization"},"potentialAction":[{"@type":"SearchAction","target":{"@type":"EntryPoint","urlTemplate":"https:\/\/www.comosoft.eu\/fr\/?s={search_term_string}"},"query-input":{"@type":"PropertyValueSpecification","valueRequired":true,"valueName":"search_term_string"}}],"inLanguage":"fr-FR"},{"@type":"Organization","@id":"https:\/\/www.comosoft.eu\/fr\/#organization","name":"Comosoft GmbH","alternateName":"Multichannel Solutions","url":"https:\/\/www.comosoft.eu\/fr\/","logo":{"@type":"ImageObject","inLanguage":"fr-FR","@id":"https:\/\/www.comosoft.eu\/fr\/#\/schema\/logo\/image\/","url":"https:\/\/www.comosoft.eu\/wp-content\/uploads\/2021\/01\/Comosoft-Logo463.png","contentUrl":"https:\/\/www.comosoft.eu\/wp-content\/uploads\/2021\/01\/Comosoft-Logo463.png","width":1654,"height":337,"caption":"Comosoft GmbH"},"image":{"@id":"https:\/\/www.comosoft.eu\/fr\/#\/schema\/logo\/image\/"},"sameAs":["https:\/\/de.linkedin.com\/company\/comosoft?original_referer=httpswww.google.com"]}]}},"_links":{"self":[{"href":"https:\/\/www.comosoft.eu\/fr\/wp-json\/wp\/v2\/pages\/15402","targetHints":{"allow":["GET"]}}],"collection":[{"href":"https:\/\/www.comosoft.eu\/fr\/wp-json\/wp\/v2\/pages"}],"about":[{"href":"https:\/\/www.comosoft.eu\/fr\/wp-json\/wp\/v2\/types\/page"}],"author":[{"embeddable":true,"href":"https:\/\/www.comosoft.eu\/fr\/wp-json\/wp\/v2\/users\/103"}],"replies":[{"embeddable":true,"href":"https:\/\/www.comosoft.eu\/fr\/wp-json\/wp\/v2\/comments?post=15402"}],"version-history":[{"count":10,"href":"https:\/\/www.comosoft.eu\/fr\/wp-json\/wp\/v2\/pages\/15402\/revisions"}],"predecessor-version":[{"id":47132,"href":"https:\/\/www.comosoft.eu\/fr\/wp-json\/wp\/v2\/pages\/15402\/revisions\/47132"}],"wp:featuredmedia":[{"embeddable":true,"href":"https:\/\/www.comosoft.eu\/fr\/wp-json\/wp\/v2\/media\/7553"}],"wp:attachment":[{"href":"https:\/\/www.comosoft.eu\/fr\/wp-json\/wp\/v2\/media?parent=15402"}],"curies":[{"name":"wp","href":"https:\/\/api.w.org\/{rel}","templated":true}]}}