{"id":15387,"date":"2020-06-11T11:08:43","date_gmt":"2020-06-11T09:08:43","guid":{"rendered":"https:\/\/www.comosoft.eu\/travailler-avec-nous\/"},"modified":"2023-10-12T14:00:32","modified_gmt":"2023-10-12T12:00:32","slug":"travailler-avec-nous","status":"publish","type":"page","link":"https:\/\/www.comosoft.eu\/fr\/travailler-avec-nous\/","title":{"rendered":"Travailler avec nous"},"content":{"rendered":"<div class=\"wpb-content-wrapper\"><p>[vc_row][vc_column width=&#8221;1\/2&#8243;][vc_custom_heading heading_semantic=&#8221;h3&#8243; text_size=&#8221;h3&#8243; uncode_shortcode_id=&#8221;180047&#8243;]<\/p>\n<h2>Travailler avec nous<\/h2>\n<p>OFFRES D\u00b4EMPLOI[\/vc_custom_heading][vc_column_text text_lead=&#8221;yes&#8221;]Comosoft GmbH, dont le si\u00e8ge est \u00e0 Hambourg, est l&#8217;un des principaux fournisseurs mondiaux de syst\u00e8mes de gestion de l&#8217;information sur les personnes, de gestion de contenu et de publication de bases de donn\u00e9es. Avec son propre d\u00e9veloppement de logiciels \u00e0 Hambourg et des partenaires innovants, Comosoft \u00e9tablit en permanence de nouvelles normes pour la production de mat\u00e9riel publicitaire assist\u00e9e par base de donn\u00e9es pour le commerce \u00e9lectronique, les catalogues imprim\u00e9s ou les suppl\u00e9ments publicitaires, le commerce mobile et bien plus encore.[\/vc_column_text][\/vc_column][vc_column width=&#8221;1\/2&#8243;][vc_empty_space empty_h=&#8221;2&#8243;][uncode_index el_id=&#8221;index-283338&#8243; isotope_mode=&#8221;vertical&#8221; loop=&#8221;size:10|order_by:date|post_type:post|categories:167&#8243; screen_lg=&#8221;1000&#8243; screen_md=&#8221;600&#8243; screen_sm=&#8221;480&#8243; gutter_size=&#8221;3&#8243; post_items=&#8221;title,link|default|small_size|Postulez maintenant,sep-one|full&#8221; single_width=&#8221;3&#8243; single_overlay_color=&#8221;color-nhtu&#8221; single_overlay_opacity=&#8221;50&#8243; single_padding=&#8221;1&#8243; single_text_reduced=&#8221;yes&#8221; single_title_transform=&#8221;uppercase&#8221; single_icon=&#8221;fa fa-paper-plane&#8221;][vc_column_text uncode_shortcode_id=&#8221;405852&#8243;]<em><strong>Nous n&#8217;avons pas de postes vacants pour le moment. N&#8217;h\u00e9sitez pas \u00e0 revenir sur le site. D\u00e8s que nous publierons des postes vacants chez Comosoft, vous les trouverez ici.<\/strong><\/em>[\/vc_column_text][\/vc_column][\/vc_row][vc_row unlock_row_content=&#8221;yes&#8221; row_height_percent=&#8221;50&#8243; override_padding=&#8221;yes&#8221; h_padding=&#8221;0&#8243; top_padding=&#8221;0&#8243; bottom_padding=&#8221;0&#8243; overlay_alpha=&#8221;50&#8243; equal_height=&#8221;yes&#8221; gutter_size=&#8221;0&#8243; shift_y=&#8221;0&#8243;][vc_column column_width_percent=&#8221;75&#8243; position_vertical=&#8221;middle&#8221; align_horizontal=&#8221;align_center&#8221; gutter_size=&#8221;3&#8243; style=&#8221;dark&#8221; font_family=&#8221;font-762333&#8243; back_image=&#8221;6270&#8243; parallax=&#8221;yes&#8221; overlay_color=&#8221;color-jevc&#8221; overlay_alpha=&#8221;50&#8243; shift_x=&#8221;0&#8243; shift_y=&#8221;0&#8243; z_index=&#8221;0&#8243; medium_width=&#8221;0&#8243; width=&#8221;2\/3&#8243;][vc_custom_heading heading_semantic=&#8221;h1&#8243; text_size=&#8221;fontsize-835433&#8243;]ALWAYS LOOKING FOR[\/vc_custom_heading][vc_custom_heading heading_semantic=&#8221;h1&#8243; text_size=&#8221;fontsize-835433&#8243;]<\/p>\n<h3 style=\"text-align: center;\"><span class=\"font-762333\">Nous sommes toujours \u00e0 la recherche de nouveaux visages pour soutenir notre \u00e9quipe internationale.<\/span><\/h3>\n<p>[\/vc_custom_heading][\/vc_column][vc_column column_width_percent=&#8221;100&#8243; position_vertical=&#8221;middle&#8221; align_horizontal=&#8221;align_center&#8221; gutter_size=&#8221;3&#8243; override_padding=&#8221;yes&#8221; column_padding=&#8221;3&#8243; style=&#8221;dark&#8221; font_family=&#8221;font-762333&#8243; back_color=&#8221;color-nhtu&#8221; overlay_alpha=&#8221;50&#8243; shift_x=&#8221;0&#8243; shift_y=&#8221;0&#8243; z_index=&#8221;0&#8243; align_medium=&#8221;align_center_tablet&#8221; medium_width=&#8221;0&#8243; width=&#8221;1\/3&#8243;][vc_icon icon=&#8221;fa fa-paper-plane&#8221; size=&#8221;fa-3x&#8221; title=&#8221;Postulez simplement&#8221;]Nous pr\u00e9f\u00e9rons recevoir les candidatures en format PDF par courrier \u00e9lectronique \u00e0:<\/p>\n<p style=\"text-align: center;\"><a href=\"&#x6d;&#x61;&#x69;&#x6c;&#x74;&#x6f;&#x3a;&#x63;&#x61;&#x72;&#x65;&#x65;&#x72;&#x40;&#99;&#111;&#109;&#111;&#115;&#111;&#102;&#116;&#46;&#100;&#101;\"><span style=\"color: #b6d741;\">&#x63;&#97;r&#x65;&#x65;&#114;&#64;&#x63;&#x6f;&#109;o&#x73;&#x6f;&#102;t&#x2e;&#x64;&#101;<\/span><\/a><\/p>\n<p>[\/vc_icon][\/vc_column][\/vc_row]<\/p>\n<\/div>","protected":false},"excerpt":{"rendered":"<p>[vc_row][vc_column width=&#8221;1\/2&#8243;][vc_custom_heading heading_semantic=&#8221;h3&#8243; text_size=&#8221;h3&#8243; uncode_shortcode_id=&#8221;180047&#8243;] Travailler avec nous OFFRES D\u00b4EMPLOI[\/vc_custom_heading][vc_column_text text_lead=&#8221;yes&#8221;]Comosoft GmbH, dont le si\u00e8ge est \u00e0 Hambourg, est l&#8217;un [&hellip;]<\/p>\n","protected":false},"author":103,"featured_media":0,"parent":0,"menu_order":0,"comment_status":"closed","ping_status":"closed","template":"","meta":{"footnotes":""},"class_list":["post-15387","page","type-page","status-publish","hentry"],"yoast_head":"<!-- This site is optimized with the Yoast SEO plugin v27.3 - https:\/\/yoast.com\/product\/yoast-seo-wordpress\/ -->\n<title>Comosoft - Travailler avec nous \/ Comosoft<\/title>\n<meta name=\"description\" content=\"Nous sommes toujours \u00e0 la recherche de nouveaux visages pour soutenir notre \u00e9quipe internationale.\" \/>\n<meta name=\"robots\" content=\"index, follow, max-snippet:-1, max-image-preview:large, max-video-preview:-1\" \/>\n<link rel=\"canonical\" href=\"https:\/\/www.comosoft.eu\/fr\/travailler-avec-nous\/\" \/>\n<meta property=\"og:locale\" content=\"fr_FR\" \/>\n<meta property=\"og:type\" content=\"article\" \/>\n<meta property=\"og:title\" content=\"Comosoft - Travailler avec nous \/ Comosoft\" \/>\n<meta property=\"og:description\" content=\"Nous sommes toujours \u00e0 la recherche de nouveaux visages pour soutenir notre \u00e9quipe internationale.\" \/>\n<meta property=\"og:url\" content=\"https:\/\/www.comosoft.eu\/fr\/travailler-avec-nous\/\" \/>\n<meta property=\"og:site_name\" content=\"Comosoft\" \/>\n<meta property=\"article:modified_time\" content=\"2023-10-12T12:00:32+00:00\" \/>\n<meta property=\"og:image\" content=\"https:\/\/www.comosoft.eu\/wp-content\/uploads\/2021\/01\/Digital-publishing.jpg\" \/>\n\t<meta property=\"og:image:width\" content=\"2000\" \/>\n\t<meta property=\"og:image:height\" content=\"1334\" \/>\n\t<meta property=\"og:image:type\" content=\"image\/jpeg\" \/>\n<meta name=\"twitter:card\" content=\"summary_large_image\" \/>\n<!-- \/ Yoast SEO plugin. -->","yoast_head_json":{"title":"Comosoft - Travailler avec nous \/ Comosoft","description":"Nous sommes toujours \u00e0 la recherche de nouveaux visages pour soutenir notre \u00e9quipe internationale.","robots":{"index":"index","follow":"follow","max-snippet":"max-snippet:-1","max-image-preview":"max-image-preview:large","max-video-preview":"max-video-preview:-1"},"canonical":"https:\/\/www.comosoft.eu\/fr\/travailler-avec-nous\/","og_locale":"fr_FR","og_type":"article","og_title":"Comosoft - Travailler avec nous \/ Comosoft","og_description":"Nous sommes toujours \u00e0 la recherche de nouveaux visages pour soutenir notre \u00e9quipe internationale.","og_url":"https:\/\/www.comosoft.eu\/fr\/travailler-avec-nous\/","og_site_name":"Comosoft","article_modified_time":"2023-10-12T12:00:32+00:00","og_image":[{"width":2000,"height":1334,"url":"https:\/\/www.comosoft.eu\/wp-content\/uploads\/2021\/01\/Digital-publishing.jpg","type":"image\/jpeg"}],"twitter_card":"summary_large_image","schema":{"@context":"https:\/\/schema.org","@graph":[{"@type":"WebPage","@id":"https:\/\/www.comosoft.eu\/fr\/travailler-avec-nous\/","url":"https:\/\/www.comosoft.eu\/fr\/travailler-avec-nous\/","name":"Comosoft - Travailler avec nous \/ Comosoft","isPartOf":{"@id":"https:\/\/www.comosoft.eu\/fr\/#website"},"datePublished":"2020-06-11T09:08:43+00:00","dateModified":"2023-10-12T12:00:32+00:00","description":"Nous sommes toujours \u00e0 la recherche de nouveaux visages pour soutenir notre \u00e9quipe internationale.","breadcrumb":{"@id":"https:\/\/www.comosoft.eu\/fr\/travailler-avec-nous\/#breadcrumb"},"inLanguage":"fr-FR","potentialAction":[{"@type":"ReadAction","target":["https:\/\/www.comosoft.eu\/fr\/travailler-avec-nous\/"]}]},{"@type":"BreadcrumbList","@id":"https:\/\/www.comosoft.eu\/fr\/travailler-avec-nous\/#breadcrumb","itemListElement":[{"@type":"ListItem","position":1,"name":"Home","item":"https:\/\/www.comosoft.eu\/fr\/"},{"@type":"ListItem","position":2,"name":"Travailler avec nous"}]},{"@type":"WebSite","@id":"https:\/\/www.comosoft.eu\/fr\/#website","url":"https:\/\/www.comosoft.eu\/fr\/","name":"Comosoft","description":"Multichannel Solutions","publisher":{"@id":"https:\/\/www.comosoft.eu\/fr\/#organization"},"potentialAction":[{"@type":"SearchAction","target":{"@type":"EntryPoint","urlTemplate":"https:\/\/www.comosoft.eu\/fr\/?s={search_term_string}"},"query-input":{"@type":"PropertyValueSpecification","valueRequired":true,"valueName":"search_term_string"}}],"inLanguage":"fr-FR"},{"@type":"Organization","@id":"https:\/\/www.comosoft.eu\/fr\/#organization","name":"Comosoft GmbH","alternateName":"Multichannel Solutions","url":"https:\/\/www.comosoft.eu\/fr\/","logo":{"@type":"ImageObject","inLanguage":"fr-FR","@id":"https:\/\/www.comosoft.eu\/fr\/#\/schema\/logo\/image\/","url":"https:\/\/www.comosoft.eu\/wp-content\/uploads\/2021\/01\/Comosoft-Logo463.png","contentUrl":"https:\/\/www.comosoft.eu\/wp-content\/uploads\/2021\/01\/Comosoft-Logo463.png","width":1654,"height":337,"caption":"Comosoft GmbH"},"image":{"@id":"https:\/\/www.comosoft.eu\/fr\/#\/schema\/logo\/image\/"},"sameAs":["https:\/\/de.linkedin.com\/company\/comosoft?original_referer=httpswww.google.com"]}]}},"_links":{"self":[{"href":"https:\/\/www.comosoft.eu\/fr\/wp-json\/wp\/v2\/pages\/15387","targetHints":{"allow":["GET"]}}],"collection":[{"href":"https:\/\/www.comosoft.eu\/fr\/wp-json\/wp\/v2\/pages"}],"about":[{"href":"https:\/\/www.comosoft.eu\/fr\/wp-json\/wp\/v2\/types\/page"}],"author":[{"embeddable":true,"href":"https:\/\/www.comosoft.eu\/fr\/wp-json\/wp\/v2\/users\/103"}],"replies":[{"embeddable":true,"href":"https:\/\/www.comosoft.eu\/fr\/wp-json\/wp\/v2\/comments?post=15387"}],"version-history":[{"count":3,"href":"https:\/\/www.comosoft.eu\/fr\/wp-json\/wp\/v2\/pages\/15387\/revisions"}],"predecessor-version":[{"id":45500,"href":"https:\/\/www.comosoft.eu\/fr\/wp-json\/wp\/v2\/pages\/15387\/revisions\/45500"}],"wp:attachment":[{"href":"https:\/\/www.comosoft.eu\/fr\/wp-json\/wp\/v2\/media?parent=15387"}],"curies":[{"name":"wp","href":"https:\/\/api.w.org\/{rel}","templated":true}]}}