{"id":15220,"date":"2020-04-23T10:59:55","date_gmt":"2020-04-23T08:59:55","guid":{"rendered":"https:\/\/www.comosoft.eu\/logiciels-et-solutions\/developpement-sur-mesure\/"},"modified":"2023-05-02T12:41:29","modified_gmt":"2023-05-02T10:41:29","slug":"developpement-sur-mesure","status":"publish","type":"page","link":"https:\/\/www.comosoft.eu\/fr\/logiciels-et-solutions\/developpement-sur-mesure\/","title":{"rendered":"D\u00e9veloppement sur mesure"},"content":{"rendered":"<div class=\"wpb-content-wrapper\"><p>[vc_row][vc_column width=&#8221;1\/1&#8243;][vc_column_text text_lead=&#8221;yes&#8221; uncode_shortcode_id=&#8221;104740&#8243;]<\/p>\n<h2>Poursuivre le d\u00e9veloppement de solutions logicielles standardis\u00e9es avec vous<\/h2>\n<p>Comosoft vous propose la r\u00e9alisation de <strong>solutions sp\u00e9cifiques aux clients<\/strong> \u00e0 diff\u00e9rents niveaux. Apr\u00e8s une analyse d\u00e9taill\u00e9e des besoins avec nos consultants, nous choisirons la voie optimale.<br \/>\nAfin d&#8217;optimiser la communication des outils que vous utilisez, un outil isol\u00e9 de pr\u00e9paration des donn\u00e9es pour nos interfaces standard peut \u00eatre la solution. L&#8217;utilisation de <strong>notre CRUD-API ouvert<\/strong> peut \u00eatre le meilleur moyen pour vous, que vous ayez, en tant que client, vos propres <strong>capacit\u00e9s de d\u00e9veloppement<\/strong> ou que vous soyez un fournisseur de services. Pour une int\u00e9gration profonde dans le noyau LAGO existant, nous proposons des extensions par notre \u00e9quipe de d\u00e9veloppement sp\u00e9cialis\u00e9e.<br \/>\nComme le d\u00e9veloppement chez Comosoft se fait toujours \u00e0 partir d&#8217;un fil de d\u00e9veloppement, c&#8217;est-\u00e0-dire qu&#8217;il n&#8217;y a pas de versions ou de paquets sp\u00e9cifiques au client, la disponibilit\u00e9 de votre d\u00e9veloppement dans de <strong>nouvelles versions<\/strong> est toujours garantie. Le point commun \u00e0 toutes les solutions est que, chez Comosoft, nous <strong>travaillons avec le mod\u00e8le de d\u00e9veloppement agile &#8220;Scrum&#8221;<\/strong> et, par cons\u00e9quent, nous pensons, concevons et d\u00e9veloppons en cycles courts.[\/vc_column_text][vc_row_inner][vc_column_inner width=&#8221;1\/2&#8243;][vc_column_text]<\/p>\n<h2><span lang=\"FR\">LAGO r\u00e9sout les probl\u00e8mes dans le PIM<\/span><\/h2>\n<p><b><span lang=\"FR\">Proc\u00e9dez comme le font nos clients et <\/span>:<\/b><\/p>\n<ul>\n<li><span lang=\"FR\">dites adieu aux informations produits incoh\u00e9rentes via vos diff\u00e9rents canaux de vente<\/span><\/li>\n<li><span lang=\"FR\">r\u00e9duisez consid\u00e9rablement les d\u00e9penses occasionn\u00e9es dans l\u2019\u00e9dition des donn\u00e9es produits<\/span><\/li>\n<li><span lang=\"FR\">gagnez davantage de flexibilit\u00e9 dans vos informations produits gr\u00e2ce \u00e0 une mise \u00e0 jour en un simple clic \u2013 m\u00eame juste avant l\u2019impression<\/span><\/li>\n<li><span lang=\"FR\">\u00e9liminez les sources d\u2019erreur caract\u00e9ristiques dans vos donn\u00e9es<\/span><\/li>\n<li><span lang=\"FR\">\u00e9vitez \u00e0 l\u2019avenir les \u00e9tapes de travail redondantes en raison des \u00eelots d\u2019informations<\/span><\/li>\n<li><span lang=\"FR\">tirez profit des responsabilit\u00e9s clairement d\u00e9finies en mati\u00e8re de produits<\/span><\/li>\n<li><span lang=\"FR\">prot\u00e9gez votre entreprise contre l\u2019augmentation des co\u00fbts dans la production de supports publicitaires en raison de flux de travail incontr\u00f4lables<\/span><\/li>\n<\/ul>\n<p>[\/vc_column_text][\/vc_column_inner][vc_column_inner width=&#8221;1\/2&#8243;][vc_single_image media=&#8221;44647&#8243; media_width_percent=&#8221;100&#8243; uncode_shortcode_id=&#8221;151517&#8243;][\/vc_column_inner][\/vc_row_inner][\/vc_column][\/vc_row][vc_row row_height_percent=&#8221;0&#8243; override_padding=&#8221;yes&#8221; h_padding=&#8221;2&#8243; top_padding=&#8221;2&#8243; bottom_padding=&#8221;0&#8243; back_color=&#8221;color-lxmt&#8221; overlay_alpha=&#8221;50&#8243; gutter_size=&#8221;3&#8243; shift_y=&#8221;0&#8243;][vc_column column_width_percent=&#8221;100&#8243; position_vertical=&#8221;middle&#8221; gutter_size=&#8221;3&#8243; override_padding=&#8221;yes&#8221; column_padding=&#8221;0&#8243; overlay_alpha=&#8221;50&#8243; shift_x=&#8221;0&#8243; shift_y=&#8221;0&#8243; z_index=&#8221;0&#8243; medium_width=&#8221;0&#8243; width=&#8221;2\/3&#8243;][vc_column_text text_lead=&#8221;yes&#8221;]<\/p>\n<h2><span lang=\"FR\">Nos consultants vous aident \u00e0 trouver la solution appropri\u00e9e \u00e0 vos besoins<\/span><\/h2>\n<p><span lang=\"FR\">Qu\u2019il s\u2019agisse de processus automatis\u00e9s ou d\u2019une diffusion multicanal des supports publicitaires produits par vos soins, nos experts sont \u00e0 votre \u00e9coute et r\u00e9pondront volontiers \u00e0 toutes vos questions. Bien que LAGO soit une application logicielle standard, nous offrons \u00e0 nos clients la flexibilit\u00e9 n\u00e9cessaire pour l\u2019adapter de mani\u00e8re optimale et personnalis\u00e9e aux processus correspondants et \u00e0 l\u2019organisation en question.<\/span>[\/vc_column_text][vc_button button_color=&#8221;accent&#8221; border_width=&#8221;0&#8243; display=&#8221;inline&#8221; top_margin=&#8221;yes&#8221; link=&#8221;url:https%3A%2F%2Fwww.comosoft.eu%2Ffr%2Flogiciels-et-solutions%2Fservices%2F&#8221; button_color_type=&#8221;uncode-palette&#8221; uncode_shortcode_id=&#8221;665645&#8243;]En savoir plus sur nos services[\/vc_button][\/vc_column][vc_column column_width_percent=&#8221;100&#8243; position_vertical=&#8221;bottom&#8221; gutter_size=&#8221;3&#8243; override_padding=&#8221;yes&#8221; column_padding=&#8221;0&#8243; overlay_alpha=&#8221;50&#8243; shift_x=&#8221;0&#8243; shift_y=&#8221;0&#8243; z_index=&#8221;0&#8243; medium_width=&#8221;0&#8243; css_animation=&#8221;bottom-t-top&#8221; animation_delay=&#8221;400&#8243; width=&#8221;1\/3&#8243;][vc_single_image media=&#8221;3177&#8243; media_width_percent=&#8221;100&#8243;][\/vc_column][\/vc_row][vc_row row_height_percent=&#8221;0&#8243; override_padding=&#8221;yes&#8221; h_padding=&#8221;3&#8243; top_padding=&#8221;3&#8243; bottom_padding=&#8221;3&#8243; back_image=&#8221;163&#8243; parallax=&#8221;yes&#8221; overlay_color=&#8221;accent&#8221; overlay_alpha=&#8221;85&#8243; gutter_size=&#8221;0&#8243; shift_y=&#8221;0&#8243;][vc_column column_width_percent=&#8221;100&#8243; position_vertical=&#8221;middle&#8221; gutter_size=&#8221;3&#8243; style=&#8221;dark&#8221; overlay_alpha=&#8221;50&#8243; shift_x=&#8221;0&#8243; shift_y=&#8221;0&#8243; z_index=&#8221;0&#8243; medium_width=&#8221;0&#8243; width=&#8221;1\/1&#8243;][vc_column_text]<\/p>\n<h2><span class=\"font-762333\"><span class=\"font-762333, fontsize-148062\">Convenez d\u2019une d\u00e9monstration en live<\/span><\/span><\/h2>\n<p><strong>Nous avons \u00e9veill\u00e9 votre curiosit\u00e9\u00a0? Demandez d\u00e8s maintenant une d\u00e9monstration en live.<\/strong>[\/vc_column_text][\/vc_column][\/vc_row][vc_row row_height_percent=&#8221;0&#8243; back_image=&#8221;1078&#8243; overlay_color=&#8221;color-xsdn&#8221; overlay_alpha=&#8221;50&#8243; gutter_size=&#8221;3&#8243; column_width_percent=&#8221;100&#8243; shift_y=&#8221;0&#8243; z_index=&#8221;0&#8243;][vc_column width=&#8221;1\/1&#8243;][vc_row_inner row_inner_height_percent=&#8221;0&#8243; force_width_grid=&#8221;yes&#8221; overlay_alpha=&#8221;50&#8243; gutter_size=&#8221;3&#8243; shift_y=&#8221;0&#8243; z_index=&#8221;0&#8243;][vc_column_inner width=&#8221;1\/1&#8243;]\n<div class=\"wpcf7 no-js\" id=\"wpcf7-f12091-o1\" lang=\"en-US\" dir=\"ltr\" data-wpcf7-id=\"12091\">\n<div class=\"screen-reader-response\"><p role=\"status\" aria-live=\"polite\" aria-atomic=\"true\"><\/p> <ul><\/ul><\/div>\n<form action=\"\/fr\/wp-json\/wp\/v2\/pages\/15220#wpcf7-f12091-o1\" method=\"post\" class=\"wpcf7-form init\" aria-label=\"Contact form\" novalidate=\"novalidate\" data-status=\"init\">\n<fieldset class=\"hidden-fields-container\"><input type=\"hidden\" name=\"_wpcf7\" value=\"12091\" \/><input type=\"hidden\" name=\"_wpcf7_version\" value=\"6.1.5\" \/><input type=\"hidden\" name=\"_wpcf7_locale\" value=\"en_US\" \/><input type=\"hidden\" name=\"_wpcf7_unit_tag\" value=\"wpcf7-f12091-o1\" \/><input type=\"hidden\" name=\"_wpcf7_container_post\" value=\"0\" \/><input type=\"hidden\" name=\"_wpcf7_posted_data_hash\" value=\"\" \/>\n<\/fieldset>\n<style>\n.style-light input[type=\"text\"],\n.style-light input[type=\"email\"],\n.style-light textarea {\n border-color: #b2b2b2;\n}\nlabel {\n font-weight: bold;\n}\n<\/style>\n<div class=\"row\">\n\t<div class=\"row-inner\">\n\t\t<div class=\"col-lg-6\">\n\t\t\t<p><label> *Pr\u00e9nom<br \/>\n<span class=\"wpcf7-form-control-wrap\" data-name=\"your-firstname\"><input size=\"40\" maxlength=\"400\" class=\"wpcf7-form-control wpcf7-text wpcf7-validates-as-required\" aria-required=\"true\" aria-invalid=\"false\" value=\"\" type=\"text\" name=\"your-firstname\" \/><\/span> <\/label>\n\t\t\t<\/p>\n\t\t<\/div>\n\t\t<div class=\"col-lg-6\" style=\"padding-top: 0;\">\n\t\t\t<p><label> *Nom<br \/>\n<span class=\"wpcf7-form-control-wrap\" data-name=\"your-name\"><input size=\"40\" maxlength=\"400\" class=\"wpcf7-form-control wpcf7-text wpcf7-validates-as-required\" aria-required=\"true\" aria-invalid=\"false\" value=\"\" type=\"text\" name=\"your-name\" \/><\/span> <\/label>\n\t\t\t<\/p>\n\t\t<\/div>\n\t<\/div>\n<\/div>\n<div class=\"row\">\n\t<div class=\"row-inner\">\n\t\t<div class=\"col-lg-6\">\n\t\t\t<p><label> *Soci\u00e9t\u00e9<br \/>\n<span class=\"wpcf7-form-control-wrap\" data-name=\"your-company\"><input size=\"40\" maxlength=\"400\" class=\"wpcf7-form-control wpcf7-text wpcf7-validates-as-required\" aria-required=\"true\" aria-invalid=\"false\" value=\"\" type=\"text\" name=\"your-company\" \/><\/span> <\/label>\n\t\t\t<\/p>\n\t\t<\/div>\n\t\t<div class=\"col-lg-6\" style=\"padding-top: 0;\">\n\t\t\t<p><label> *Email<br \/>\n<span class=\"wpcf7-form-control-wrap\" data-name=\"your-email\"><input size=\"40\" maxlength=\"400\" class=\"wpcf7-form-control wpcf7-email wpcf7-validates-as-required wpcf7-text wpcf7-validates-as-email\" aria-required=\"true\" aria-invalid=\"false\" value=\"\" type=\"email\" name=\"your-email\" \/><\/span> <\/label>\n\t\t\t<\/p>\n\t\t<\/div>\n\t<\/div>\n<\/div>\n<div class=\"row\">\n\t<div class=\"row-inner\">\n\t\t<div class=\"col-lg-12\">\n\t\t\t<p><label> Votre message<br \/>\n<span class=\"wpcf7-form-control-wrap\" data-name=\"your-message\"><textarea cols=\"40\" rows=\"10\" maxlength=\"2000\" class=\"wpcf7-form-control wpcf7-textarea\" aria-invalid=\"false\" name=\"your-message\"><\/textarea><\/span> <\/label><br \/>\n<span id=\"wpcf7-69deca5ea6a58-wrapper\" class=\"wpcf7-form-control-wrap website-162-wrap\" ><label for=\"wpcf7-69deca5ea6a58-field\" class=\"hp-message\">Please leave this field empty.<\/label><input id=\"wpcf7-69deca5ea6a58-field\"  class=\"wpcf7-form-control wpcf7-text\" type=\"text\" name=\"website-162\" value=\"\" size=\"40\" tabindex=\"-1\" autocomplete=\"new-password\" \/><\/span><br \/>\n<span id=\"wpcf7-69deca5ea6ad8-wrapper\" class=\"wpcf7-form-control-wrap email-162-wrap\" ><label for=\"wpcf7-69deca5ea6ad8-field\" class=\"hp-message\">Please leave this field empty.<\/label><input id=\"wpcf7-69deca5ea6ad8-field\"  class=\"wpcf7-form-control wpcf7-text\" type=\"text\" name=\"email-162\" value=\"\" size=\"40\" tabindex=\"-1\" autocomplete=\"new-password\" \/><\/span>\n\t\t\t<\/p>\n\t\t\t<div>\n\t\t\t\t<p>*Champs obligatoires\n\t\t\t\t<\/p>\n\t\t\t<\/div>\n\t\t\t<div>\n\t\t\t\t<p>Vos donn\u00e9es du formulaire de contact seront collect\u00e9es et trait\u00e9es pour r\u00e9pondre \u00e0 votre demande. Vous trouverez des informations d\u00e9taill\u00e9es sur le traitement des donn\u00e9es d'utilisateur dans la rubrique\u00a0<a href=\"https:\/\/www.comosoft.eu\/fr\/mentions-legales\/\">Mentions l\u00e9gales<\/a>.\n\t\t\t\t<\/p>\n\t\t\t<\/div>\n\t\t<\/div>\n\t<\/div>\n<\/div>\n<div class=\"row\">\n\t<div class=\"row-inner\">\n\t\t<div class=\"col-lg-12\">\n\t\t\t<p><input class=\"wpcf7-form-control wpcf7-submit has-spinner btn btn-accent\" type=\"submit\" value=\"Envoyer\" \/>\n\t\t\t<\/p>\n\t\t<\/div>\n\t<\/div>\n<\/div>\n<p><script>\ndocument.addEventListener( 'wpcf7mailsent', function(e) {\n\tif ( '12091' == event.detail.contactFormId ) {\n gtag('event', 'submit', {\n 'event_category': 'Kontakt',\n 'event_label': 'Kontakt FR'\n })};\n}, false );\n<\/script>\n<\/p><div class=\"wpcf7-response-output\" aria-hidden=\"true\"><\/div>\n<\/form>\n<\/div>\n[\/vc_column_inner][\/vc_row_inner][\/vc_column][\/vc_row][vc_row row_height_percent=&#8221;0&#8243; overlay_alpha=&#8221;50&#8243; gutter_size=&#8221;3&#8243; shift_y=&#8221;0&#8243;][vc_column width=&#8221;1\/1&#8243;][uncode_block id=&#8221;15081&#8243;][\/vc_column][\/vc_row][vc_row][vc_column width=&#8221;1\/1&#8243;][vc_row_inner row_inner_height_percent=&#8221;0&#8243; overlay_alpha=&#8221;50&#8243; equal_height=&#8221;yes&#8221; gutter_size=&#8221;3&#8243; shift_y=&#8221;0&#8243;][vc_column_inner column_width_percent=&#8221;100&#8243; position_vertical=&#8221;middle&#8221; gutter_size=&#8221;3&#8243; overlay_alpha=&#8221;50&#8243; shift_x=&#8221;0&#8243; shift_y=&#8221;0&#8243; z_index=&#8221;0&#8243; medium_width=&#8221;0&#8243; width=&#8221;1\/1&#8243;][vc_column_text]<\/p>\n<blockquote><p><span class=\"font-762333\"><span lang=\"FR\">Nous avons eu un processus de s\u00e9lection tr\u00e8s long et intense, et sommes \u00e0 100 % s\u00fbrs d\u2019avoir trouv\u00e9 en Comosoft un partenaire \u00e0 long terme extr\u00eamement innovant. Avec lui, nous allons pouvoir optimiser les processus internes et renforcer notre comp\u00e9titivit\u00e9\u00a0<\/span>.<\/span><\/p>\n<p><span class=\"font-762333\"><strong>H\u00e9l\u00e8ne Gariba, RAJA MEDIA<\/strong><\/span><\/p><\/blockquote>\n<p>[\/vc_column_text][\/vc_column_inner][\/vc_row_inner][\/vc_column][\/vc_row][vc_row][vc_column column_width_percent=&#8221;100&#8243; gutter_size=&#8221;3&#8243; override_padding=&#8221;yes&#8221; column_padding=&#8221;3&#8243; back_color=&#8221;color-lxmt&#8221; overlay_alpha=&#8221;50&#8243; shift_x=&#8221;0&#8243; shift_y=&#8221;0&#8243; z_index=&#8221;0&#8243; medium_width=&#8221;0&#8243; width=&#8221;1\/1&#8243;][vc_row_inner row_inner_height_percent=&#8221;0&#8243; overlay_alpha=&#8221;50&#8243; equal_height=&#8221;yes&#8221; gutter_size=&#8221;3&#8243; shift_y=&#8221;0&#8243;][vc_column_inner column_width_percent=&#8221;100&#8243; position_vertical=&#8221;middle&#8221; gutter_size=&#8221;3&#8243; overlay_alpha=&#8221;50&#8243; shift_x=&#8221;0&#8243; shift_y=&#8221;0&#8243; z_index=&#8221;0&#8243; medium_width=&#8221;0&#8243; width=&#8221;2\/3&#8243;][vc_column_text]<\/p>\n<h2><span lang=\"FR\">Comosoft, fournisseur leader de solutions PIM &amp; de production de m\u00e9dias multicanal, gagne la confiance du num\u00e9ro 1 europ\u00e9en de l\u2019emballage, le groupe RAJA <\/span><\/h2>\n<p class=\"p1\"><span lang=\"FR\">Hambourg\/Paris, octobre 2016 \u2013 Le groupe fran\u00e7ais RAJA, expert en emballages de tout genre, est devenu un acteur multicanal au cours des derni\u00e8res ann\u00e9es. Les principaux canaux utilis\u00e9s jusqu\u2019ici pour commercialiser \u00ab\u00a0un vaste panels de produits de haute qualit\u00e9\u00a0\u00bb sont le catalogue, les boutiques en ligne, le t\u00e9l\u00e9phone et 19 filiales. Afin de poursuivre son expansion, l\u2019entreprise a d\u00e9marr\u00e9 en 2015 son projet \u00ab\u00a0RAJAMEDIA Vision\u00a0\u00bb et s\u2019est employ\u00e9e \u00e0 rechercher des solutions syst\u00e8me ad\u00e9quates. Le processus de s\u00e9lection en quatre \u00e9tapes a abouti \u00e0 : LAGO4 de Comosoft.<\/span><\/p>\n<p>[\/vc_column_text][vc_button button_color=&#8221;color-wvjs&#8221; size=&#8221;btn-sm&#8221; outline=&#8221;yes&#8221; border_width=&#8221;0&#8243; link=&#8221;url:https%3A%2F%2Fwww.comosoft.eu%2Ffr%2Fcommunique-de-presse-raja%2F|title:Communiqu%C3%A9%20de%20presse%20%3A%20RAJA|target:_blank&#8221; button_color_type=&#8221;uncode-palette&#8221; uncode_shortcode_id=&#8221;909944&#8243;]<span lang=\"FR\">Communiqu\u00e9 de presse :\u00a0<\/span>Raja[\/vc_button][\/vc_column_inner][vc_column_inner column_width_percent=&#8221;100&#8243; position_vertical=&#8221;middle&#8221; gutter_size=&#8221;3&#8243; overlay_alpha=&#8221;50&#8243; shift_x=&#8221;0&#8243; shift_y=&#8221;0&#8243; z_index=&#8221;0&#8243; medium_width=&#8221;0&#8243; width=&#8221;1\/3&#8243;][vc_single_image media=&#8221;3278&#8243; media_width_percent=&#8221;100&#8243;][\/vc_column_inner][\/vc_row_inner][\/vc_column][\/vc_row]<\/p>\n<\/div>","protected":false},"excerpt":{"rendered":"<p>[vc_row][vc_column width=&#8221;1\/1&#8243;][vc_column_text text_lead=&#8221;yes&#8221; uncode_shortcode_id=&#8221;104740&#8243;] Poursuivre le d\u00e9veloppement de solutions logicielles standardis\u00e9es avec vous Comosoft vous propose la r\u00e9alisation de solutions [&hellip;]<\/p>\n","protected":false},"author":122,"featured_media":7828,"parent":15097,"menu_order":0,"comment_status":"closed","ping_status":"closed","template":"","meta":{"footnotes":""},"class_list":["post-15220","page","type-page","status-publish","has-post-thumbnail","hentry"],"yoast_head":"<!-- This site is optimized with the Yoast SEO plugin v27.3 - https:\/\/yoast.com\/product\/yoast-seo-wordpress\/ -->\n<title>D\u00e9veloppement sp\u00e9cifique de votre solution logicielle \/ Comosoft<\/title>\n<meta name=\"description\" content=\"Comosoft vous propose la r\u00e9alisation de solutions sp\u00e9cifiques aux clients \u00e0 diff\u00e9rents niveaux. Nous d\u00e9veloppons votre solution logicielle individuellement.\" \/>\n<meta name=\"robots\" content=\"index, follow, max-snippet:-1, max-image-preview:large, max-video-preview:-1\" \/>\n<link rel=\"canonical\" href=\"https:\/\/www.comosoft.eu\/fr\/logiciels-et-solutions\/developpement-sur-mesure\/\" \/>\n<meta property=\"og:locale\" content=\"fr_FR\" \/>\n<meta property=\"og:type\" content=\"article\" \/>\n<meta property=\"og:title\" content=\"D\u00e9veloppement sp\u00e9cifique de votre solution logicielle \/ Comosoft\" \/>\n<meta property=\"og:description\" content=\"Comosoft vous propose la r\u00e9alisation de solutions sp\u00e9cifiques aux clients \u00e0 diff\u00e9rents niveaux. Nous d\u00e9veloppons votre solution logicielle individuellement.\" \/>\n<meta property=\"og:url\" content=\"https:\/\/www.comosoft.eu\/fr\/logiciels-et-solutions\/developpement-sur-mesure\/\" \/>\n<meta property=\"og:site_name\" content=\"Comosoft\" \/>\n<meta property=\"article:modified_time\" content=\"2023-05-02T10:41:29+00:00\" \/>\n<meta property=\"og:image\" content=\"https:\/\/www.comosoft.eu\/wp-content\/uploads\/2016\/08\/develop.jpg\" \/>\n\t<meta property=\"og:image:width\" content=\"1418\" \/>\n\t<meta property=\"og:image:height\" content=\"590\" \/>\n\t<meta property=\"og:image:type\" content=\"image\/jpeg\" \/>\n<meta name=\"twitter:card\" content=\"summary_large_image\" \/>\n<!-- \/ Yoast SEO plugin. -->","yoast_head_json":{"title":"D\u00e9veloppement sp\u00e9cifique de votre solution logicielle \/ Comosoft","description":"Comosoft vous propose la r\u00e9alisation de solutions sp\u00e9cifiques aux clients \u00e0 diff\u00e9rents niveaux. Nous d\u00e9veloppons votre solution logicielle individuellement.","robots":{"index":"index","follow":"follow","max-snippet":"max-snippet:-1","max-image-preview":"max-image-preview:large","max-video-preview":"max-video-preview:-1"},"canonical":"https:\/\/www.comosoft.eu\/fr\/logiciels-et-solutions\/developpement-sur-mesure\/","og_locale":"fr_FR","og_type":"article","og_title":"D\u00e9veloppement sp\u00e9cifique de votre solution logicielle \/ Comosoft","og_description":"Comosoft vous propose la r\u00e9alisation de solutions sp\u00e9cifiques aux clients \u00e0 diff\u00e9rents niveaux. Nous d\u00e9veloppons votre solution logicielle individuellement.","og_url":"https:\/\/www.comosoft.eu\/fr\/logiciels-et-solutions\/developpement-sur-mesure\/","og_site_name":"Comosoft","article_modified_time":"2023-05-02T10:41:29+00:00","og_image":[{"width":1418,"height":590,"url":"https:\/\/www.comosoft.eu\/wp-content\/uploads\/2016\/08\/develop.jpg","type":"image\/jpeg"}],"twitter_card":"summary_large_image","schema":{"@context":"https:\/\/schema.org","@graph":[{"@type":"WebPage","@id":"https:\/\/www.comosoft.eu\/fr\/logiciels-et-solutions\/developpement-sur-mesure\/","url":"https:\/\/www.comosoft.eu\/fr\/logiciels-et-solutions\/developpement-sur-mesure\/","name":"D\u00e9veloppement sp\u00e9cifique de votre solution logicielle \/ Comosoft","isPartOf":{"@id":"https:\/\/www.comosoft.eu\/fr\/#website"},"primaryImageOfPage":{"@id":"https:\/\/www.comosoft.eu\/fr\/logiciels-et-solutions\/developpement-sur-mesure\/#primaryimage"},"image":{"@id":"https:\/\/www.comosoft.eu\/fr\/logiciels-et-solutions\/developpement-sur-mesure\/#primaryimage"},"thumbnailUrl":"https:\/\/www.comosoft.eu\/wp-content\/uploads\/2016\/08\/develop.jpg","datePublished":"2020-04-23T08:59:55+00:00","dateModified":"2023-05-02T10:41:29+00:00","description":"Comosoft vous propose la r\u00e9alisation de solutions sp\u00e9cifiques aux clients \u00e0 diff\u00e9rents niveaux. Nous d\u00e9veloppons votre solution logicielle individuellement.","breadcrumb":{"@id":"https:\/\/www.comosoft.eu\/fr\/logiciels-et-solutions\/developpement-sur-mesure\/#breadcrumb"},"inLanguage":"fr-FR","potentialAction":[{"@type":"ReadAction","target":["https:\/\/www.comosoft.eu\/fr\/logiciels-et-solutions\/developpement-sur-mesure\/"]}]},{"@type":"ImageObject","inLanguage":"fr-FR","@id":"https:\/\/www.comosoft.eu\/fr\/logiciels-et-solutions\/developpement-sur-mesure\/#primaryimage","url":"https:\/\/www.comosoft.eu\/wp-content\/uploads\/2016\/08\/develop.jpg","contentUrl":"https:\/\/www.comosoft.eu\/wp-content\/uploads\/2016\/08\/develop.jpg","width":1418,"height":590,"caption":"comosoft development"},{"@type":"BreadcrumbList","@id":"https:\/\/www.comosoft.eu\/fr\/logiciels-et-solutions\/developpement-sur-mesure\/#breadcrumb","itemListElement":[{"@type":"ListItem","position":1,"name":"Home","item":"https:\/\/www.comosoft.eu\/fr\/"},{"@type":"ListItem","position":2,"name":"Logiciels et solutions","item":"https:\/\/www.comosoft.eu\/fr\/logiciels-et-solutions\/"},{"@type":"ListItem","position":3,"name":"D\u00e9veloppement sur mesure"}]},{"@type":"WebSite","@id":"https:\/\/www.comosoft.eu\/fr\/#website","url":"https:\/\/www.comosoft.eu\/fr\/","name":"Comosoft","description":"Multichannel Solutions","publisher":{"@id":"https:\/\/www.comosoft.eu\/fr\/#organization"},"potentialAction":[{"@type":"SearchAction","target":{"@type":"EntryPoint","urlTemplate":"https:\/\/www.comosoft.eu\/fr\/?s={search_term_string}"},"query-input":{"@type":"PropertyValueSpecification","valueRequired":true,"valueName":"search_term_string"}}],"inLanguage":"fr-FR"},{"@type":"Organization","@id":"https:\/\/www.comosoft.eu\/fr\/#organization","name":"Comosoft GmbH","alternateName":"Multichannel Solutions","url":"https:\/\/www.comosoft.eu\/fr\/","logo":{"@type":"ImageObject","inLanguage":"fr-FR","@id":"https:\/\/www.comosoft.eu\/fr\/#\/schema\/logo\/image\/","url":"https:\/\/www.comosoft.eu\/wp-content\/uploads\/2021\/01\/Comosoft-Logo463.png","contentUrl":"https:\/\/www.comosoft.eu\/wp-content\/uploads\/2021\/01\/Comosoft-Logo463.png","width":1654,"height":337,"caption":"Comosoft GmbH"},"image":{"@id":"https:\/\/www.comosoft.eu\/fr\/#\/schema\/logo\/image\/"},"sameAs":["https:\/\/de.linkedin.com\/company\/comosoft?original_referer=httpswww.google.com"]}]}},"_links":{"self":[{"href":"https:\/\/www.comosoft.eu\/fr\/wp-json\/wp\/v2\/pages\/15220","targetHints":{"allow":["GET"]}}],"collection":[{"href":"https:\/\/www.comosoft.eu\/fr\/wp-json\/wp\/v2\/pages"}],"about":[{"href":"https:\/\/www.comosoft.eu\/fr\/wp-json\/wp\/v2\/types\/page"}],"author":[{"embeddable":true,"href":"https:\/\/www.comosoft.eu\/fr\/wp-json\/wp\/v2\/users\/122"}],"replies":[{"embeddable":true,"href":"https:\/\/www.comosoft.eu\/fr\/wp-json\/wp\/v2\/comments?post=15220"}],"version-history":[{"count":9,"href":"https:\/\/www.comosoft.eu\/fr\/wp-json\/wp\/v2\/pages\/15220\/revisions"}],"predecessor-version":[{"id":44650,"href":"https:\/\/www.comosoft.eu\/fr\/wp-json\/wp\/v2\/pages\/15220\/revisions\/44650"}],"up":[{"embeddable":true,"href":"https:\/\/www.comosoft.eu\/fr\/wp-json\/wp\/v2\/pages\/15097"}],"wp:featuredmedia":[{"embeddable":true,"href":"https:\/\/www.comosoft.eu\/fr\/wp-json\/wp\/v2\/media\/7828"}],"wp:attachment":[{"href":"https:\/\/www.comosoft.eu\/fr\/wp-json\/wp\/v2\/media?parent=15220"}],"curies":[{"name":"wp","href":"https:\/\/api.w.org\/{rel}","templated":true}]}}