{"id":15214,"date":"2020-04-23T10:26:19","date_gmt":"2020-04-23T08:26:19","guid":{"rendered":"https:\/\/www.comosoft.eu\/logiciels-et-solutions\/gestion-de-projet-et-conseil\/"},"modified":"2025-02-04T11:20:29","modified_gmt":"2025-02-04T10:20:29","slug":"gestion-de-projet-et-conseil","status":"publish","type":"page","link":"https:\/\/www.comosoft.eu\/fr\/logiciels-et-solutions\/gestion-de-projet-et-conseil\/","title":{"rendered":"Gestion de projet et conseil"},"content":{"rendered":"<div class=\"wpb-content-wrapper\"><p>[vc_row][vc_column width=&#8221;1\/1&#8243;][vc_column_text text_lead=&#8221;yes&#8221; uncode_shortcode_id=&#8221;180401&#8243;]<\/p>\n<h2>Analyser, optimiser, produire<\/h2>\n<p>Il est important pour nous d&#8217;int\u00e9grer notre logiciel dans votre <strong>flux de travail<\/strong>, votre <strong>mod\u00e8le de donn\u00e9es et vos processus<\/strong>. Pour ce faire, nous disposons d&#8217;une solide \u00e9quipe de gestionnaires de projets exp\u00e9riment\u00e9s, qui r\u00e9alisent les projets de mise en \u0153uvre avec vous. Nous utilisons \u00e0 la fois des m\u00e9thodes classiques standardis\u00e9es et de nouvelles m\u00e9thodes agiles, issues de nos vingt-cinq ann\u00e9es d&#8217;exp\u00e9rience dans les<strong> nouveaux projets de mise en \u0153uvre.<\/strong><\/p>\n<p>Nous commen\u00e7ons par la d\u00e9couverte &#8211; quel concept pouvez-vous utiliser pour rendre <strong>vos processus plus efficaces et plus l\u00e9gers<\/strong> avec LAGO ? Des <strong>\u00e9conomies de 20 \u00e0 50 %,<\/strong> notamment dans le domaine graphique, ne sont pas rares, car tout gaspillage est \u00e9limin\u00e9 des processus &#8211; notre flux de travail contr\u00f4le clairement tous les participants. Dans la phase de d\u00e9veloppement suivante, notre d\u00e9partement informatique installe le syst\u00e8me ; dans la phase de d\u00e9ploiement, nous pr\u00e9parons tous les utilisateurs \u00e0 la phase de livraison par le biais de formations. Ici aussi, nous ne vous laissons pas seuls &#8211; nous accompagnons vos premi\u00e8res productions avec des <strong>soutiens sur place<\/strong>.[\/vc_column_text][\/vc_column][\/vc_row][vc_row row_height_percent=&#8221;0&#8243; override_padding=&#8221;yes&#8221; h_padding=&#8221;2&#8243; top_padding=&#8221;4&#8243; bottom_padding=&#8221;4&#8243; back_color=&#8221;color-nhtu&#8221; overlay_alpha=&#8221;100&#8243; gutter_size=&#8221;4&#8243; shift_y=&#8221;0&#8243;][vc_column column_width_percent=&#8221;100&#8243; position_horizontal=&#8221;left&#8221; gutter_size=&#8221;3&#8243; expand_height=&#8221;yes&#8221; style=&#8221;dark&#8221; overlay_alpha=&#8221;100&#8243; shift_x=&#8221;0&#8243; shift_y=&#8221;0&#8243; z_index=&#8221;0&#8243; medium_width=&#8221;0&#8243; width=&#8221;1\/4&#8243;][uncode_counter value=&#8221;+ 114&#8243; counter_color=&#8221;&#8221; font=&#8221;font-908663&#8243; weight=&#8221;600&#8243; height=&#8221;fontheight-128528&#8243; text=&#8221;MARQUES INTERNATIONALES&#8221; uncode_shortcode_id=&#8221;165940&#8243;][vc_separator sep_color=&#8221;accent&#8221; el_width=&#8221;50%&#8221;][vc_column_text uncode_shortcode_id=&#8221;138865&#8243;]Utilisent LAGO et produisent avec succ\u00e8s leur mat\u00e9riel publicitaire.[\/vc_column_text][\/vc_column][vc_column column_width_percent=&#8221;100&#8243; position_horizontal=&#8221;left&#8221; gutter_size=&#8221;3&#8243; expand_height=&#8221;yes&#8221; style=&#8221;dark&#8221; overlay_alpha=&#8221;50&#8243; shift_x=&#8221;0&#8243; shift_y=&#8221;0&#8243; z_index=&#8221;0&#8243; medium_width=&#8221;0&#8243; width=&#8221;1\/4&#8243;][uncode_counter value=&#8221;+ 30&#8243; counter_color=&#8221;&#8221; font=&#8221;font-908663&#8243; weight=&#8221;600&#8243; height=&#8221;fontheight-128528&#8243; text=&#8221;ANN\u00c9ES D&#8217;EXP\u00c9RIENCE DANS LE COMMERCE MULTICANAL&#8221; uncode_shortcode_id=&#8221;115778&#8243;][vc_separator sep_color=&#8221;accent&#8221; el_width=&#8221;50%&#8221;][vc_column_text uncode_shortcode_id=&#8221;148207&#8243;]Depuis trois d\u00e9cennies, Comosoft est le num\u00e9ro 1 dans la planification et la production d&#8217;innombrables d\u00e9taillants.[\/vc_column_text][\/vc_column][vc_column column_width_percent=&#8221;100&#8243; align_horizontal=&#8221;align_center&#8221; gutter_size=&#8221;3&#8243; expand_height=&#8221;yes&#8221; style=&#8221;dark&#8221; overlay_alpha=&#8221;50&#8243; shift_x=&#8221;0&#8243; shift_y=&#8221;0&#8243; shift_y_down=&#8221;0&#8243; z_index=&#8221;0&#8243; medium_width=&#8221;0&#8243; mobile_width=&#8221;0&#8243; width=&#8221;1\/2&#8243; uncode_shortcode_id=&#8221;720329&#8243;][vc_single_image media=&#8221;47925&#8243; media_width_percent=&#8221;75&#8243; alignment=&#8221;center&#8221; uncode_shortcode_id=&#8221;701717&#8243;][\/vc_column][\/vc_row][vc_row row_height_percent=&#8221;0&#8243; back_color=&#8221;color-lxmt&#8221; overlay_alpha=&#8221;50&#8243; gutter_size=&#8221;3&#8243; shift_y=&#8221;0&#8243;][vc_column column_width_percent=&#8221;100&#8243; position_vertical=&#8221;middle&#8221; gutter_size=&#8221;3&#8243; override_padding=&#8221;yes&#8221; column_padding=&#8221;0&#8243; overlay_alpha=&#8221;50&#8243; shift_x=&#8221;0&#8243; shift_y=&#8221;0&#8243; z_index=&#8221;0&#8243; medium_width=&#8221;0&#8243; width=&#8221;2\/3&#8243;][vc_column_text text_lead=&#8221;yes&#8221;]<\/p>\n<h2><span lang=\"FR\">Notre logiciel LAGO vous permet de produire des supports publicitaires de mani\u00e8re automatis\u00e9e<\/span><\/h2>\n<p>LAGO est d\u00e9velopp\u00e9 pour r\u00e9pondre \u00e0 vos besoins sp\u00e9cifiques, qu\u2019il s\u2019agisse de processus automatis\u00e9s ou d\u2019une diffusion multicanal de votre production de supports publicitaires.[\/vc_column_text][\/vc_column][vc_column column_width_percent=&#8221;100&#8243; gutter_size=&#8221;3&#8243; overlay_alpha=&#8221;50&#8243; shift_x=&#8221;0&#8243; shift_y=&#8221;0&#8243; z_index=&#8221;0&#8243; medium_width=&#8221;0&#8243; css_animation=&#8221;zoom-in&#8221; animation_delay=&#8221;600&#8243; width=&#8221;1\/3&#8243;][vc_single_image media=&#8221;12315&#8243; media_width_percent=&#8221;100&#8243;][\/vc_column][\/vc_row][vc_row row_height_percent=&#8221;0&#8243; overlay_alpha=&#8221;50&#8243; gutter_size=&#8221;3&#8243; shift_y=&#8221;0&#8243;][vc_column width=&#8221;1\/1&#8243;][uncode_block id=&#8221;15081&#8243;][\/vc_column][\/vc_row][vc_row][vc_column column_width_percent=&#8221;100&#8243; gutter_size=&#8221;3&#8243; override_padding=&#8221;yes&#8221; column_padding=&#8221;3&#8243; back_color=&#8221;color-lxmt&#8221; overlay_alpha=&#8221;50&#8243; shift_x=&#8221;0&#8243; shift_y=&#8221;0&#8243; z_index=&#8221;0&#8243; medium_width=&#8221;0&#8243; width=&#8221;1\/1&#8243;][vc_row_inner row_inner_height_percent=&#8221;0&#8243; overlay_alpha=&#8221;50&#8243; equal_height=&#8221;yes&#8221; gutter_size=&#8221;3&#8243; shift_y=&#8221;0&#8243;][vc_column_inner column_width_percent=&#8221;100&#8243; position_vertical=&#8221;middle&#8221; gutter_size=&#8221;3&#8243; overlay_alpha=&#8221;50&#8243; shift_x=&#8221;0&#8243; shift_y=&#8221;0&#8243; z_index=&#8221;0&#8243; medium_width=&#8221;0&#8243; width=&#8221;2\/3&#8243;][vc_column_text]<\/p>\n<h2>Comosoft s\u00e9duit Hawesko pour la production de m\u00e9dias \u2013 Hawesko opte en faveur de LAGO4<\/h2>\n<p class=\"p1\"><span lang=\"FR\">Le fournisseur leader allemand de champagnes et de vins haut de gamme fera confiance \u00e0 l\u2019avenir \u00e0 Comosoft GmbH en mati\u00e8re de syst\u00e8mes de production de m\u00e9dias multicanal et PIM. Structur\u00e9, rapide, flexible et multicanal \u2013 dans les disciplines PIM (Product Information Management), MAM (Media Asset Management) et sortie multicanal, Hawesko fait confiance au logiciel LAGO4 de Comosoft pour garantir un flux d\u2019informations continu sur tous les canaux de vente.<\/span><\/p>\n<p>[\/vc_column_text][vc_button button_color=&#8221;color-wvjs&#8221; size=&#8221;btn-sm&#8221; outline=&#8221;yes&#8221; border_width=&#8221;0&#8243; link=&#8221;url:https%3A%2F%2Fwww.comosoft.eu%2Ffr%2Fcommunique-de-presse-hawesko%2F|title:Communiqu%C3%A9%20de%20presse%20HAWESKO|target:_blank&#8221; button_color_type=&#8221;uncode-palette&#8221; uncode_shortcode_id=&#8221;134565&#8243;]<span lang=\"FR\">Communiqu\u00e9 de presse <\/span> hawesko[\/vc_button][\/vc_column_inner][vc_column_inner column_width_percent=&#8221;100&#8243; position_vertical=&#8221;middle&#8221; gutter_size=&#8221;3&#8243; overlay_alpha=&#8221;50&#8243; shift_x=&#8221;0&#8243; shift_y=&#8221;0&#8243; z_index=&#8221;0&#8243; medium_width=&#8221;0&#8243; mobile_visibility=&#8221;yes&#8221; css_animation=&#8221;bottom-t-top&#8221; width=&#8221;1\/3&#8243;][vc_single_image media=&#8221;2732&#8243; media_width_percent=&#8221;100&#8243;][\/vc_column_inner][\/vc_row_inner][\/vc_column][\/vc_row][vc_row row_height_percent=&#8221;0&#8243; override_padding=&#8221;yes&#8221; h_padding=&#8221;3&#8243; top_padding=&#8221;3&#8243; bottom_padding=&#8221;3&#8243; back_image=&#8221;163&#8243; parallax=&#8221;yes&#8221; overlay_color=&#8221;accent&#8221; overlay_alpha=&#8221;85&#8243; gutter_size=&#8221;0&#8243; shift_y=&#8221;0&#8243;][vc_column column_width_percent=&#8221;100&#8243; position_vertical=&#8221;middle&#8221; gutter_size=&#8221;3&#8243; style=&#8221;dark&#8221; overlay_alpha=&#8221;50&#8243; shift_x=&#8221;0&#8243; shift_y=&#8221;0&#8243; z_index=&#8221;0&#8243; medium_width=&#8221;0&#8243; width=&#8221;1\/1&#8243;][vc_column_text]<\/p>\n<h2><span class=\"font-762333\"><span class=\"font-762333, fontsize-148062\">Convenez d\u2019une d\u00e9monstration en live<\/span><\/span><\/h2>\n<p><strong>Nous avons \u00e9veill\u00e9 votre curiosit\u00e9\u00a0? Demandez d\u00e8s maintenant une d\u00e9monstration en live.<\/strong>[\/vc_column_text][\/vc_column][\/vc_row][vc_row row_height_percent=&#8221;0&#8243; back_image=&#8221;2751&#8243; parallax=&#8221;yes&#8221; overlay_color=&#8221;color-lxmt&#8221; overlay_alpha=&#8221;76&#8243; gutter_size=&#8221;3&#8243; shift_y=&#8221;0&#8243;][vc_column column_width_percent=&#8221;100&#8243; gutter_size=&#8221;3&#8243; style=&#8221;light&#8221; overlay_alpha=&#8221;50&#8243; shift_x=&#8221;0&#8243; shift_y=&#8221;0&#8243; z_index=&#8221;0&#8243; medium_width=&#8221;0&#8243; width=&#8221;1\/1&#8243;][vc_row_inner row_inner_height_percent=&#8221;0&#8243; overlay_alpha=&#8221;50&#8243; equal_height=&#8221;yes&#8221; gutter_size=&#8221;3&#8243; shift_y=&#8221;0&#8243;][vc_column_inner column_width_percent=&#8221;100&#8243; gutter_size=&#8221;3&#8243; style=&#8221;light&#8221; overlay_alpha=&#8221;50&#8243; shift_x=&#8221;0&#8243; shift_y=&#8221;0&#8243; z_index=&#8221;0&#8243; medium_width=&#8221;0&#8243; width=&#8221;1\/1&#8243;]\n<div class=\"wpcf7 no-js\" id=\"wpcf7-f12091-o1\" lang=\"en-US\" dir=\"ltr\" data-wpcf7-id=\"12091\">\n<div class=\"screen-reader-response\"><p role=\"status\" aria-live=\"polite\" aria-atomic=\"true\"><\/p> <ul><\/ul><\/div>\n<form action=\"\/fr\/wp-json\/wp\/v2\/pages\/15214#wpcf7-f12091-o1\" method=\"post\" class=\"wpcf7-form init\" aria-label=\"Contact form\" novalidate=\"novalidate\" data-status=\"init\">\n<fieldset class=\"hidden-fields-container\"><input type=\"hidden\" name=\"_wpcf7\" value=\"12091\" \/><input type=\"hidden\" name=\"_wpcf7_version\" value=\"6.1.5\" \/><input type=\"hidden\" name=\"_wpcf7_locale\" value=\"en_US\" \/><input type=\"hidden\" name=\"_wpcf7_unit_tag\" value=\"wpcf7-f12091-o1\" \/><input type=\"hidden\" name=\"_wpcf7_container_post\" value=\"0\" \/><input type=\"hidden\" name=\"_wpcf7_posted_data_hash\" value=\"\" \/>\n<\/fieldset>\n<style>\n.style-light input[type=\"text\"],\n.style-light input[type=\"email\"],\n.style-light textarea {\n border-color: #b2b2b2;\n}\nlabel {\n font-weight: bold;\n}\n<\/style>\n<div class=\"row\">\n\t<div class=\"row-inner\">\n\t\t<div class=\"col-lg-6\">\n\t\t\t<p><label> *Pr\u00e9nom<br \/>\n<span class=\"wpcf7-form-control-wrap\" data-name=\"your-firstname\"><input size=\"40\" maxlength=\"400\" class=\"wpcf7-form-control wpcf7-text wpcf7-validates-as-required\" aria-required=\"true\" aria-invalid=\"false\" value=\"\" type=\"text\" name=\"your-firstname\" \/><\/span> <\/label>\n\t\t\t<\/p>\n\t\t<\/div>\n\t\t<div class=\"col-lg-6\" style=\"padding-top: 0;\">\n\t\t\t<p><label> *Nom<br \/>\n<span class=\"wpcf7-form-control-wrap\" data-name=\"your-name\"><input size=\"40\" maxlength=\"400\" class=\"wpcf7-form-control wpcf7-text wpcf7-validates-as-required\" aria-required=\"true\" aria-invalid=\"false\" value=\"\" type=\"text\" name=\"your-name\" \/><\/span> <\/label>\n\t\t\t<\/p>\n\t\t<\/div>\n\t<\/div>\n<\/div>\n<div class=\"row\">\n\t<div class=\"row-inner\">\n\t\t<div class=\"col-lg-6\">\n\t\t\t<p><label> *Soci\u00e9t\u00e9<br \/>\n<span class=\"wpcf7-form-control-wrap\" data-name=\"your-company\"><input size=\"40\" maxlength=\"400\" class=\"wpcf7-form-control wpcf7-text wpcf7-validates-as-required\" aria-required=\"true\" aria-invalid=\"false\" value=\"\" type=\"text\" name=\"your-company\" \/><\/span> <\/label>\n\t\t\t<\/p>\n\t\t<\/div>\n\t\t<div class=\"col-lg-6\" style=\"padding-top: 0;\">\n\t\t\t<p><label> *Email<br \/>\n<span class=\"wpcf7-form-control-wrap\" data-name=\"your-email\"><input size=\"40\" maxlength=\"400\" class=\"wpcf7-form-control wpcf7-email wpcf7-validates-as-required wpcf7-text wpcf7-validates-as-email\" aria-required=\"true\" aria-invalid=\"false\" value=\"\" type=\"email\" name=\"your-email\" \/><\/span> <\/label>\n\t\t\t<\/p>\n\t\t<\/div>\n\t<\/div>\n<\/div>\n<div class=\"row\">\n\t<div class=\"row-inner\">\n\t\t<div class=\"col-lg-12\">\n\t\t\t<p><label> Votre message<br \/>\n<span class=\"wpcf7-form-control-wrap\" data-name=\"your-message\"><textarea cols=\"40\" rows=\"10\" maxlength=\"2000\" class=\"wpcf7-form-control wpcf7-textarea\" aria-invalid=\"false\" name=\"your-message\"><\/textarea><\/span> <\/label><br \/>\n<span id=\"wpcf7-69de253cc6408-wrapper\" class=\"wpcf7-form-control-wrap website-162-wrap\" ><label for=\"wpcf7-69de253cc6408-field\" class=\"hp-message\">Please leave this field empty.<\/label><input id=\"wpcf7-69de253cc6408-field\"  class=\"wpcf7-form-control wpcf7-text\" type=\"text\" name=\"website-162\" value=\"\" size=\"40\" tabindex=\"-1\" autocomplete=\"new-password\" \/><\/span><br \/>\n<span id=\"wpcf7-69de253cc64c0-wrapper\" class=\"wpcf7-form-control-wrap email-162-wrap\" ><label for=\"wpcf7-69de253cc64c0-field\" class=\"hp-message\">Please leave this field empty.<\/label><input id=\"wpcf7-69de253cc64c0-field\"  class=\"wpcf7-form-control wpcf7-text\" type=\"text\" name=\"email-162\" value=\"\" size=\"40\" tabindex=\"-1\" autocomplete=\"new-password\" \/><\/span>\n\t\t\t<\/p>\n\t\t\t<div>\n\t\t\t\t<p>*Champs obligatoires\n\t\t\t\t<\/p>\n\t\t\t<\/div>\n\t\t\t<div>\n\t\t\t\t<p>Vos donn\u00e9es du formulaire de contact seront collect\u00e9es et trait\u00e9es pour r\u00e9pondre \u00e0 votre demande. Vous trouverez des informations d\u00e9taill\u00e9es sur le traitement des donn\u00e9es d'utilisateur dans la rubrique\u00a0<a href=\"https:\/\/www.comosoft.eu\/fr\/mentions-legales\/\">Mentions l\u00e9gales<\/a>.\n\t\t\t\t<\/p>\n\t\t\t<\/div>\n\t\t<\/div>\n\t<\/div>\n<\/div>\n<div class=\"row\">\n\t<div class=\"row-inner\">\n\t\t<div class=\"col-lg-12\">\n\t\t\t<p><input class=\"wpcf7-form-control wpcf7-submit has-spinner btn btn-accent\" type=\"submit\" value=\"Envoyer\" \/>\n\t\t\t<\/p>\n\t\t<\/div>\n\t<\/div>\n<\/div>\n<p><script>\ndocument.addEventListener( 'wpcf7mailsent', function(e) {\n\tif ( '12091' == event.detail.contactFormId ) {\n gtag('event', 'submit', {\n 'event_category': 'Kontakt',\n 'event_label': 'Kontakt FR'\n })};\n}, false );\n<\/script>\n<\/p><div class=\"wpcf7-response-output\" aria-hidden=\"true\"><\/div>\n<\/form>\n<\/div>\n[\/vc_column_inner][\/vc_row_inner][\/vc_column][\/vc_row]<\/p>\n<\/div>","protected":false},"excerpt":{"rendered":"<p>[vc_row][vc_column width=&#8221;1\/1&#8243;][vc_column_text text_lead=&#8221;yes&#8221; uncode_shortcode_id=&#8221;180401&#8243;] Analyser, optimiser, produire Il est important pour nous d&#8217;int\u00e9grer notre logiciel dans votre flux de travail, [&hellip;]<\/p>\n","protected":false},"author":122,"featured_media":10908,"parent":15097,"menu_order":0,"comment_status":"closed","ping_status":"closed","template":"","meta":{"footnotes":""},"class_list":["post-15214","page","type-page","status-publish","has-post-thumbnail","hentry"],"yoast_head":"<!-- This site is optimized with the Yoast SEO plugin v27.3 - https:\/\/yoast.com\/product\/yoast-seo-wordpress\/ -->\n<title>Gestion de projet et conseil pour la mise en \u0153uvre de LAGO \/ Comosoft<\/title>\n<meta name=\"description\" content=\"Notre solide \u00e9quipe de consultants, compos\u00e9e de gestionnaires de projets exp\u00e9riment\u00e9s, mettra en \u0153uvre LAGO avec vous.\" \/>\n<meta name=\"robots\" content=\"index, follow, max-snippet:-1, max-image-preview:large, max-video-preview:-1\" \/>\n<link rel=\"canonical\" href=\"https:\/\/www.comosoft.eu\/fr\/logiciels-et-solutions\/gestion-de-projet-et-conseil\/\" \/>\n<meta property=\"og:locale\" content=\"fr_FR\" \/>\n<meta property=\"og:type\" content=\"article\" \/>\n<meta property=\"og:title\" content=\"Gestion de projet et conseil pour la mise en \u0153uvre de LAGO \/ Comosoft\" \/>\n<meta property=\"og:description\" content=\"Notre solide \u00e9quipe de consultants, compos\u00e9e de gestionnaires de projets exp\u00e9riment\u00e9s, mettra en \u0153uvre LAGO avec vous.\" \/>\n<meta property=\"og:url\" content=\"https:\/\/www.comosoft.eu\/fr\/logiciels-et-solutions\/gestion-de-projet-et-conseil\/\" \/>\n<meta property=\"og:site_name\" content=\"Comosoft\" \/>\n<meta property=\"article:modified_time\" content=\"2025-02-04T10:20:29+00:00\" \/>\n<meta property=\"og:image\" content=\"https:\/\/www.comosoft.eu\/wp-content\/uploads\/2016\/08\/Downloads-1.jpg\" \/>\n\t<meta property=\"og:image:width\" content=\"2000\" \/>\n\t<meta property=\"og:image:height\" content=\"1333\" \/>\n\t<meta property=\"og:image:type\" content=\"image\/jpeg\" \/>\n<meta name=\"twitter:card\" content=\"summary_large_image\" \/>\n<!-- \/ Yoast SEO plugin. -->","yoast_head_json":{"title":"Gestion de projet et conseil pour la mise en \u0153uvre de LAGO \/ Comosoft","description":"Notre solide \u00e9quipe de consultants, compos\u00e9e de gestionnaires de projets exp\u00e9riment\u00e9s, mettra en \u0153uvre LAGO avec vous.","robots":{"index":"index","follow":"follow","max-snippet":"max-snippet:-1","max-image-preview":"max-image-preview:large","max-video-preview":"max-video-preview:-1"},"canonical":"https:\/\/www.comosoft.eu\/fr\/logiciels-et-solutions\/gestion-de-projet-et-conseil\/","og_locale":"fr_FR","og_type":"article","og_title":"Gestion de projet et conseil pour la mise en \u0153uvre de LAGO \/ Comosoft","og_description":"Notre solide \u00e9quipe de consultants, compos\u00e9e de gestionnaires de projets exp\u00e9riment\u00e9s, mettra en \u0153uvre LAGO avec vous.","og_url":"https:\/\/www.comosoft.eu\/fr\/logiciels-et-solutions\/gestion-de-projet-et-conseil\/","og_site_name":"Comosoft","article_modified_time":"2025-02-04T10:20:29+00:00","og_image":[{"width":2000,"height":1333,"url":"https:\/\/www.comosoft.eu\/wp-content\/uploads\/2016\/08\/Downloads-1.jpg","type":"image\/jpeg"}],"twitter_card":"summary_large_image","schema":{"@context":"https:\/\/schema.org","@graph":[{"@type":"WebPage","@id":"https:\/\/www.comosoft.eu\/fr\/logiciels-et-solutions\/gestion-de-projet-et-conseil\/","url":"https:\/\/www.comosoft.eu\/fr\/logiciels-et-solutions\/gestion-de-projet-et-conseil\/","name":"Gestion de projet et conseil pour la mise en \u0153uvre de LAGO \/ Comosoft","isPartOf":{"@id":"https:\/\/www.comosoft.eu\/fr\/#website"},"primaryImageOfPage":{"@id":"https:\/\/www.comosoft.eu\/fr\/logiciels-et-solutions\/gestion-de-projet-et-conseil\/#primaryimage"},"image":{"@id":"https:\/\/www.comosoft.eu\/fr\/logiciels-et-solutions\/gestion-de-projet-et-conseil\/#primaryimage"},"thumbnailUrl":"https:\/\/www.comosoft.eu\/wp-content\/uploads\/2016\/08\/Downloads-1.jpg","datePublished":"2020-04-23T08:26:19+00:00","dateModified":"2025-02-04T10:20:29+00:00","description":"Notre solide \u00e9quipe de consultants, compos\u00e9e de gestionnaires de projets exp\u00e9riment\u00e9s, mettra en \u0153uvre LAGO avec vous.","breadcrumb":{"@id":"https:\/\/www.comosoft.eu\/fr\/logiciels-et-solutions\/gestion-de-projet-et-conseil\/#breadcrumb"},"inLanguage":"fr-FR","potentialAction":[{"@type":"ReadAction","target":["https:\/\/www.comosoft.eu\/fr\/logiciels-et-solutions\/gestion-de-projet-et-conseil\/"]}]},{"@type":"ImageObject","inLanguage":"fr-FR","@id":"https:\/\/www.comosoft.eu\/fr\/logiciels-et-solutions\/gestion-de-projet-et-conseil\/#primaryimage","url":"https:\/\/www.comosoft.eu\/wp-content\/uploads\/2016\/08\/Downloads-1.jpg","contentUrl":"https:\/\/www.comosoft.eu\/wp-content\/uploads\/2016\/08\/Downloads-1.jpg","width":2000,"height":1333,"caption":"Comosoft LAGO"},{"@type":"BreadcrumbList","@id":"https:\/\/www.comosoft.eu\/fr\/logiciels-et-solutions\/gestion-de-projet-et-conseil\/#breadcrumb","itemListElement":[{"@type":"ListItem","position":1,"name":"Home","item":"https:\/\/www.comosoft.eu\/fr\/"},{"@type":"ListItem","position":2,"name":"Logiciels et solutions","item":"https:\/\/www.comosoft.eu\/fr\/logiciels-et-solutions\/"},{"@type":"ListItem","position":3,"name":"Gestion de projet et conseil"}]},{"@type":"WebSite","@id":"https:\/\/www.comosoft.eu\/fr\/#website","url":"https:\/\/www.comosoft.eu\/fr\/","name":"Comosoft","description":"Multichannel Solutions","publisher":{"@id":"https:\/\/www.comosoft.eu\/fr\/#organization"},"potentialAction":[{"@type":"SearchAction","target":{"@type":"EntryPoint","urlTemplate":"https:\/\/www.comosoft.eu\/fr\/?s={search_term_string}"},"query-input":{"@type":"PropertyValueSpecification","valueRequired":true,"valueName":"search_term_string"}}],"inLanguage":"fr-FR"},{"@type":"Organization","@id":"https:\/\/www.comosoft.eu\/fr\/#organization","name":"Comosoft GmbH","alternateName":"Multichannel Solutions","url":"https:\/\/www.comosoft.eu\/fr\/","logo":{"@type":"ImageObject","inLanguage":"fr-FR","@id":"https:\/\/www.comosoft.eu\/fr\/#\/schema\/logo\/image\/","url":"https:\/\/www.comosoft.eu\/wp-content\/uploads\/2021\/01\/Comosoft-Logo463.png","contentUrl":"https:\/\/www.comosoft.eu\/wp-content\/uploads\/2021\/01\/Comosoft-Logo463.png","width":1654,"height":337,"caption":"Comosoft GmbH"},"image":{"@id":"https:\/\/www.comosoft.eu\/fr\/#\/schema\/logo\/image\/"},"sameAs":["https:\/\/de.linkedin.com\/company\/comosoft?original_referer=httpswww.google.com"]}]}},"_links":{"self":[{"href":"https:\/\/www.comosoft.eu\/fr\/wp-json\/wp\/v2\/pages\/15214","targetHints":{"allow":["GET"]}}],"collection":[{"href":"https:\/\/www.comosoft.eu\/fr\/wp-json\/wp\/v2\/pages"}],"about":[{"href":"https:\/\/www.comosoft.eu\/fr\/wp-json\/wp\/v2\/types\/page"}],"author":[{"embeddable":true,"href":"https:\/\/www.comosoft.eu\/fr\/wp-json\/wp\/v2\/users\/122"}],"replies":[{"embeddable":true,"href":"https:\/\/www.comosoft.eu\/fr\/wp-json\/wp\/v2\/comments?post=15214"}],"version-history":[{"count":11,"href":"https:\/\/www.comosoft.eu\/fr\/wp-json\/wp\/v2\/pages\/15214\/revisions"}],"predecessor-version":[{"id":48082,"href":"https:\/\/www.comosoft.eu\/fr\/wp-json\/wp\/v2\/pages\/15214\/revisions\/48082"}],"up":[{"embeddable":true,"href":"https:\/\/www.comosoft.eu\/fr\/wp-json\/wp\/v2\/pages\/15097"}],"wp:featuredmedia":[{"embeddable":true,"href":"https:\/\/www.comosoft.eu\/fr\/wp-json\/wp\/v2\/media\/10908"}],"wp:attachment":[{"href":"https:\/\/www.comosoft.eu\/fr\/wp-json\/wp\/v2\/media?parent=15214"}],"curies":[{"name":"wp","href":"https:\/\/api.w.org\/{rel}","templated":true}]}}