{"id":15125,"date":"2020-04-20T15:53:35","date_gmt":"2020-04-20T13:53:35","guid":{"rendered":"https:\/\/www.comosoft.eu\/demonstration-live\/"},"modified":"2025-09-30T13:57:31","modified_gmt":"2025-09-30T11:57:31","slug":"demonstration-live","status":"publish","type":"page","link":"https:\/\/www.comosoft.eu\/fr\/demonstration-live\/","title":{"rendered":"D\u00e9monstration live"},"content":{"rendered":"<div class=\"wpb-content-wrapper\"><p>[vc_row unlock_row_content=&#8221;yes&#8221; row_height_percent=&#8221;0&#8243; override_padding=&#8221;yes&#8221; h_padding=&#8221;0&#8243; top_padding=&#8221;0&#8243; bottom_padding=&#8221;0&#8243; overlay_alpha=&#8221;50&#8243; equal_height=&#8221;yes&#8221; gutter_size=&#8221;0&#8243; column_width_percent=&#8221;100&#8243; shift_y=&#8221;0&#8243; z_index=&#8221;0&#8243; uncode_shortcode_id=&#8221;537456&#8243; row_name=&#8221;bookademo&#8221;][vc_column column_width_percent=&#8221;100&#8243; position_vertical=&#8221;middle&#8221; gutter_size=&#8221;3&#8243; override_padding=&#8221;yes&#8221; column_padding=&#8221;2&#8243; back_color=&#8221;accent&#8221; back_image=&#8221;8147&#8243; overlay_color=&#8221;color-xsdn&#8221; overlay_alpha=&#8221;70&#8243; shift_x=&#8221;0&#8243; shift_y=&#8221;0&#8243; shift_y_down=&#8221;0&#8243; z_index=&#8221;0&#8243; medium_width=&#8221;0&#8243; mobile_width=&#8221;0&#8243; width=&#8221;1\/2&#8243; uncode_shortcode_id=&#8221;319400&#8243; back_color_type=&#8221;uncode-palette&#8221; css=&#8221;.vc_custom_1656417002909{padding-right: 10% !important;padding-left: 10% !important;}&#8221; overlay_color_type=&#8221;uncode-palette&#8221;][vc_column_text text_lead=&#8221;yes&#8221; uncode_shortcode_id=&#8221;114494&#8243;]<\/p>\n<h1>D\u00e9monstration live de LAGO<\/h1>\n<p>[\/vc_column_text][uncode_list icon=&#8221;fa fa-check&#8221; icon_color=&#8221;color-jevc&#8221; css_animation=&#8221;left-t-right&#8221; uncode_shortcode_id=&#8221;122109&#8243; icon_color_type=&#8221;uncode-palette&#8221;]<\/p>\n<ul>\n<li><span style=\"color: #000000;\"><strong><span class=\"font-762333\">S\u00e9lectionnez la date qui vous convient le mieux<\/span><\/strong><\/span><\/li>\n<li><span style=\"color: #000000;\"><strong><span class=\"font-762333\">Coordonner avec nos experts sur les sujets les plus pertinents pour votre entreprise<\/span><\/strong><\/span><\/li>\n<li><span style=\"color: #000000;\"><strong><span class=\"font-762333\">Dur\u00e9e : 1\/2 &#8211; 1 heure de d\u00e9monstration &#8211; vous d\u00e9cidez ce que vous voulez voir de LAGO<\/span><\/strong><\/span><\/li>\n<li><span style=\"color: #000000;\"><strong><span class=\"font-762333\">D\u00e9monstration live &#8211; adapt\u00e9e \u00e0 vos besoins<\/span><\/strong><\/span><\/li>\n<\/ul>\n<p>[\/uncode_list][vc_separator sep_color=&#8221;color-jevc&#8221; uncode_shortcode_id=&#8221;271835&#8243; sep_color_type=&#8221;uncode-palette&#8221;][vc_column_text text_lead=&#8221;yes&#8221; text_color=&#8221;color-jevc&#8221; uncode_shortcode_id=&#8221;904347&#8243; text_color_type=&#8221;uncode-palette&#8221;]<\/p>\n<h2>Jugez par vous-m\u00eame<\/h2>\n<p>Nous serons heureux de vous montrer les avantages de <a href=\"https:\/\/www.comosoft.eu\/fr\/lago-multichannel-software\/\">LAGO<\/a> lors d&#8217;une d\u00e9monstration live : prenez rendez-vous d\u00e8s aujourd&#8217;hui.<br \/>\nApr\u00e8s une consultation t\u00e9l\u00e9phonique, <strong>nous vous pr\u00e9senterons les modules de votre choix<\/strong> lors d&#8217;une d\u00e9monstration live dans un d\u00e9lai d&#8217;une heure environ. Qu\u2019il s\u2019agisse de la cr\u00e9ation automatis\u00e9e de supports publicitaires \u00e0 l\u2019aide du plug-in InDesign, de la diffusion e-commerce ou de la gestion de donn\u00e9es de produit etc., nous nous adaptons \u00e0 vos exigences sp\u00e9cifiques et \u00e9valuons avec vous les <strong>meilleures solutions<\/strong> afin de faire face aux enjeux\u00a0du <strong>marketing omnicanal<\/strong>.[\/vc_column_text][\/vc_column][vc_column column_width_percent=&#8221;100&#8243; position_vertical=&#8221;middle&#8221; gutter_size=&#8221;3&#8243; override_padding=&#8221;yes&#8221; column_padding=&#8221;1&#8243; back_color=&#8221;accent&#8221; overlay_alpha=&#8221;90&#8243; shift_x=&#8221;0&#8243; shift_y=&#8221;0&#8243; shift_y_down=&#8221;0&#8243; z_index=&#8221;0&#8243; medium_width=&#8221;0&#8243; mobile_width=&#8221;0&#8243; width=&#8221;1\/2&#8243; uncode_shortcode_id=&#8221;152944&#8243; css=&#8221;.vc_custom_1656417016322{padding-top: 100px !important;padding-right: 10% !important;padding-bottom: 100px !important;padding-left: 10% !important;}&#8221; back_color_type=&#8221;uncode-palette&#8221;][vc_column_text uncode_shortcode_id=&#8221;156981&#8243;]<\/p>\n<h3><span style=\"color: #ffffff;\">Remplissez le formulaire et nous vous contacterons dans les plus brefs d\u00e9lais.<\/span><\/h3>\n<p>[\/vc_column_text]\n<div class=\"wpcf7 no-js\" id=\"wpcf7-f19523-o1\" lang=\"en-GB\" dir=\"ltr\" data-wpcf7-id=\"19523\">\n<div class=\"screen-reader-response\"><p role=\"status\" aria-live=\"polite\" aria-atomic=\"true\"><\/p> <ul><\/ul><\/div>\n<form action=\"\/fr\/wp-json\/wp\/v2\/pages\/15125#wpcf7-f19523-o1\" method=\"post\" class=\"wpcf7-form init\" aria-label=\"Contact form\" novalidate=\"novalidate\" data-status=\"init\">\n<fieldset class=\"hidden-fields-container\"><input type=\"hidden\" name=\"_wpcf7\" value=\"19523\" \/><input type=\"hidden\" name=\"_wpcf7_version\" value=\"6.1.5\" \/><input type=\"hidden\" name=\"_wpcf7_locale\" value=\"en_GB\" \/><input type=\"hidden\" name=\"_wpcf7_unit_tag\" value=\"wpcf7-f19523-o1\" \/><input type=\"hidden\" name=\"_wpcf7_container_post\" value=\"0\" \/><input type=\"hidden\" name=\"_wpcf7_posted_data_hash\" value=\"\" \/>\n<\/fieldset>\n<style>\n.wpcf7 div.wpcf7-response-output{\n border: 1px solid #b6d741;\n padding: 1rem;\n font-size: 1.2rem;\n}\n.l {\n display:inline-block;\n width:calc(100% - 16px);\n margin-right:16px;\n}\n@media (min-width: 500px){\n .l-50 {\n width:calc(50% - 16px);\n }\n}\n@media (min-width: 500px){\n .l-70 {\n width:calc(70% - 16px);\n }\n}\n@media (min-width: 500px){\n .l-30 {\n width:calc(30% - 16px);\n }\n}\n<\/style>\n<div>\n\t<p><label class=\"l l-50\"; style=\"color: #ffffff\"> *Pr\u00e9nom <a style=\"color: #8c8c8c\"><span class=\"wpcf7-form-control-wrap\" data-name=\"your-name\"><input size=\"40\" maxlength=\"400\" class=\"wpcf7-form-control wpcf7-text wpcf7-validates-as-required\" aria-required=\"true\" aria-invalid=\"false\" value=\"\" type=\"text\" name=\"your-name\" \/><\/span> <\/a><\/label><label class=\"l l-50\"; style=\"color: #ffffff\"> *Nom <a style=\"color: #8c8c8c\"><span class=\"wpcf7-form-control-wrap\" data-name=\"your-surname\"><input size=\"40\" maxlength=\"400\" class=\"wpcf7-form-control wpcf7-text wpcf7-validates-as-required\" aria-required=\"true\" aria-invalid=\"false\" value=\"\" type=\"text\" name=\"your-surname\" \/><\/span><\/a> <\/label>\n\t<\/p>\n<\/div>\n<div>\n\t<p><label class=\"l l-50\"; style=\"color: #ffffff\"> *Soci\u00e9t\u00e9 <a style=\"color: #8c8c8c\"><span class=\"wpcf7-form-control-wrap\" data-name=\"your-company\"><input size=\"40\" maxlength=\"400\" class=\"wpcf7-form-control wpcf7-text wpcf7-validates-as-required\" aria-required=\"true\" aria-invalid=\"false\" value=\"\" type=\"text\" name=\"your-company\" \/><\/span> <\/a><\/label><label class=\"l l-50\"; style=\"color: #ffffff\"> *Email <a style=\"color: #8c8c8c\"><span class=\"wpcf7-form-control-wrap\" data-name=\"your-email\"><input size=\"40\" maxlength=\"400\" class=\"wpcf7-form-control wpcf7-text wpcf7-validates-as-required\" aria-required=\"true\" aria-invalid=\"false\" value=\"\" type=\"text\" name=\"your-email\" \/><\/span> <\/a><\/label>\n\t<\/p>\n<\/div>\n<div>\n\t<p><label class=\"l l-50\"; style=\"color: #ffffff\"> Quand souhaitez-vous participer ? <span class=\"wpcf7-form-control-wrap\" data-name=\"date-508\"><input class=\"wpcf7-form-control wpcf7-date wpcf7-validates-as-date\" aria-invalid=\"false\" value=\"\" type=\"date\" name=\"date-508\" \/><\/span> <\/label><label class=\"l l-50\"; style=\"color: #ffffff\"> Ici, vous pouvez s\u00e9lectionner un horaire <span class=\"wpcf7-form-control-wrap\" data-name=\"menu-549\"><select class=\"wpcf7-form-control wpcf7-select\" aria-invalid=\"false\" name=\"menu-549\"><option value=\"Horaire\">Horaire<\/option><option value=\"9-12h\">9-12h<\/option><option value=\"13-15h\">13-15h<\/option><option value=\"16-18h\">16-18h<\/option><\/select><\/span> <\/label>\n\t<\/p>\n<\/div>\n<p><span id=\"wpcf7-69de24ce4940e-wrapper\" class=\"wpcf7-form-control-wrap website-162-wrap\" ><label for=\"wpcf7-69de24ce4940e-field\" class=\"hp-message\">Please leave this field empty.<\/label><input id=\"wpcf7-69de24ce4940e-field\"  class=\"wpcf7-form-control wpcf7-text\" type=\"text\" name=\"website-162\" value=\"\" size=\"40\" tabindex=\"-1\" autocomplete=\"new-password\" \/><\/span><br \/>\n<span id=\"wpcf7-69de24ce494e4-wrapper\" class=\"wpcf7-form-control-wrap email-162-wrap\" ><label for=\"wpcf7-69de24ce494e4-field\" class=\"hp-message\">Please leave this field empty.<\/label><input id=\"wpcf7-69de24ce494e4-field\"  class=\"wpcf7-form-control wpcf7-text\" type=\"text\" name=\"email-162\" value=\"\" size=\"40\" tabindex=\"-1\" autocomplete=\"new-password\" \/><\/span>\n<\/p>\n<div>\n\t<p style=\"color: #ffffff;\">Les donn\u00e9es du formulaire de contact sont collect\u00e9es et trait\u00e9es afin de r\u00e9pondre \u00e0 votre demande. Vous trouverez des informations d\u00e9taill\u00e9es sur le traitement des donn\u00e9es des utilisateurs dans notre politique de confidentialit\u00e9.<a href=\"https:\/\/www.comosoft.eu\/fr\/protection-des-donnees\/\"; style=\"color: #ffffff\"><u>politique de confidentialit\u00e9<\/u><\/a>.\n\t<\/p>\n<\/div>\n<div>\n\t<p style=\"color: #ffffff;\">\n\t<\/p>\n<\/div>\n<p><input class=\"wpcf7-form-control wpcf7-submit has-spinner btn btn-black\" type=\"submit\" value=\"Demandez une d\u00e9monstration\" \/>\n<\/p><div class=\"wpcf7-response-output\" aria-hidden=\"true\"><\/div>\n<\/form>\n<\/div>\n[\/vc_column][\/vc_row][vc_row row_height_percent=&#8221;0&#8243; override_padding=&#8221;yes&#8221; h_padding=&#8221;2&#8243; top_padding=&#8221;2&#8243; bottom_padding=&#8221;2&#8243; overlay_alpha=&#8221;50&#8243; gutter_size=&#8221;3&#8243; shift_y=&#8221;0&#8243;][vc_column width=&#8221;1\/1&#8243;][vc_accordion][vc_accordion_tab gutter_size=&#8221;2&#8243; column_padding=&#8221;2&#8243; title=&#8221;Quelle est la prochaine phase ?&#8221; tab_id=&#8221;1651043025-1-616515631712761651567428730&#8243;][vc_column_text uncode_shortcode_id=&#8221;135120&#8243;]Apr\u00e8s que notre expert LAGO ait d\u00e9montr\u00e9 les fonctions souhait\u00e9es et que notre logiciel vous ait convaincu, des rendez-vous seront fix\u00e9s pour d\u00e9finir les prochaines \u00e9tapes. Nos professionnels continueront \u00e0 vous conseiller et \u00e0 vous aider \u00e0 mettre en \u0153uvre la meilleure solution pour votre entreprise.[\/vc_column_text][\/vc_accordion_tab][vc_accordion_tab gutter_size=&#8221;2&#8243; column_padding=&#8221;2&#8243; title=&#8221;Plusieurs personnes peuvent-elles participer ?&#8221; tab_id=&#8221;1651045647917-2-116515631712761651567428730&#8243;][vc_column_text uncode_shortcode_id=&#8221;672240&#8243;]Bien entendu, plusieurs participants peuvent \u00eatre pr\u00e9sents lors de la d\u00e9monstration. Pr\u00e9cis\u00e9ment parce que LAGO implique tous les d\u00e9partements de votre production publicitaire, il est logique d&#8217;impliquer d&#8217;autres \u00e9quipes de votre entreprise.[\/vc_column_text][\/vc_accordion_tab][vc_accordion_tab gutter_size=&#8221;2&#8243; column_padding=&#8221;2&#8243; title=&#8221;Ai-je besoin d&#8217;un \u00e9quipement sp\u00e9cifique ?&#8221; tab_id=&#8221;1651043025-2-7316515631712761651567428730&#8243;][vc_column_text uncode_shortcode_id=&#8221;273909&#8243;]Vous n&#8217;avez pas besoin d&#8217;un dispositif sp\u00e9cifique. Pour mieux comprendre les fonctionnalit\u00e9s de LAGO et avoir la meilleure exp\u00e9rience visuelle, nous vous recommandons de suivre la d\u00e9mo web sur \u00e9cran plut\u00f4t que sur des tablettes ou des appareils plus petits.[\/vc_column_text][\/vc_accordion_tab][\/vc_accordion][\/vc_column][\/vc_row][vc_row][vc_column width=&#8221;1\/1&#8243;][vc_row_inner][vc_column_inner width=&#8221;1\/1&#8243;][uncode_block id=&#8221;17904&#8243;][\/vc_column_inner][\/vc_row_inner][\/vc_column][\/vc_row]<\/p>\n<\/div>","protected":false},"excerpt":{"rendered":"<p>[vc_row unlock_row_content=&#8221;yes&#8221; row_height_percent=&#8221;0&#8243; override_padding=&#8221;yes&#8221; h_padding=&#8221;0&#8243; top_padding=&#8221;0&#8243; bottom_padding=&#8221;0&#8243; overlay_alpha=&#8221;50&#8243; equal_height=&#8221;yes&#8221; gutter_size=&#8221;0&#8243; column_width_percent=&#8221;100&#8243; shift_y=&#8221;0&#8243; z_index=&#8221;0&#8243; uncode_shortcode_id=&#8221;537456&#8243; row_name=&#8221;bookademo&#8221;][vc_column column_width_percent=&#8221;100&#8243; position_vertical=&#8221;middle&#8221; gutter_size=&#8221;3&#8243; override_padding=&#8221;yes&#8221; column_padding=&#8221;2&#8243; [&hellip;]<\/p>\n","protected":false},"author":103,"featured_media":0,"parent":0,"menu_order":0,"comment_status":"closed","ping_status":"closed","template":"","meta":{"footnotes":""},"class_list":["post-15125","page","type-page","status-publish","hentry"],"yoast_head":"<!-- This site is optimized with the Yoast SEO plugin v27.3 - https:\/\/yoast.com\/product\/yoast-seo-wordpress\/ -->\n<title>D\u00e9monstration live de LAGO flexible sous forme de d\u00e9mo web<\/title>\n<meta name=\"description\" content=\"Nous pr\u00e9senterons les avantages du logiciel LAGO et vos modules pr\u00e9f\u00e9r\u00e9s sur le web de mani\u00e8re flexible lors d&#039;une d\u00e9monstration\" \/>\n<meta name=\"robots\" content=\"index, follow, max-snippet:-1, max-image-preview:large, max-video-preview:-1\" \/>\n<link rel=\"canonical\" href=\"https:\/\/www.comosoft.eu\/fr\/demonstration-live\/\" \/>\n<meta property=\"og:locale\" content=\"fr_FR\" \/>\n<meta property=\"og:type\" content=\"article\" \/>\n<meta property=\"og:title\" content=\"D\u00e9monstration live de LAGO flexible sous forme de d\u00e9mo web\" \/>\n<meta property=\"og:description\" content=\"Nous pr\u00e9senterons les avantages du logiciel LAGO et vos modules pr\u00e9f\u00e9r\u00e9s sur le web de mani\u00e8re flexible lors d&#039;une d\u00e9monstration\" \/>\n<meta property=\"og:url\" content=\"https:\/\/www.comosoft.eu\/fr\/demonstration-live\/\" \/>\n<meta property=\"og:site_name\" content=\"Comosoft\" \/>\n<meta property=\"article:modified_time\" content=\"2025-09-30T11:57:31+00:00\" \/>\n<meta property=\"og:image\" content=\"https:\/\/www.comosoft.eu\/wp-content\/uploads\/2021\/01\/Digital-publishing.jpg\" \/>\n\t<meta property=\"og:image:width\" content=\"2000\" \/>\n\t<meta property=\"og:image:height\" content=\"1334\" \/>\n\t<meta property=\"og:image:type\" content=\"image\/jpeg\" \/>\n<meta name=\"twitter:card\" content=\"summary_large_image\" \/>\n<!-- \/ Yoast SEO plugin. -->","yoast_head_json":{"title":"D\u00e9monstration live de LAGO flexible sous forme de d\u00e9mo web","description":"Nous pr\u00e9senterons les avantages du logiciel LAGO et vos modules pr\u00e9f\u00e9r\u00e9s sur le web de mani\u00e8re flexible lors d'une d\u00e9monstration","robots":{"index":"index","follow":"follow","max-snippet":"max-snippet:-1","max-image-preview":"max-image-preview:large","max-video-preview":"max-video-preview:-1"},"canonical":"https:\/\/www.comosoft.eu\/fr\/demonstration-live\/","og_locale":"fr_FR","og_type":"article","og_title":"D\u00e9monstration live de LAGO flexible sous forme de d\u00e9mo web","og_description":"Nous pr\u00e9senterons les avantages du logiciel LAGO et vos modules pr\u00e9f\u00e9r\u00e9s sur le web de mani\u00e8re flexible lors d'une d\u00e9monstration","og_url":"https:\/\/www.comosoft.eu\/fr\/demonstration-live\/","og_site_name":"Comosoft","article_modified_time":"2025-09-30T11:57:31+00:00","og_image":[{"width":2000,"height":1334,"url":"https:\/\/www.comosoft.eu\/wp-content\/uploads\/2021\/01\/Digital-publishing.jpg","type":"image\/jpeg"}],"twitter_card":"summary_large_image","schema":{"@context":"https:\/\/schema.org","@graph":[{"@type":"WebPage","@id":"https:\/\/www.comosoft.eu\/fr\/demonstration-live\/","url":"https:\/\/www.comosoft.eu\/fr\/demonstration-live\/","name":"D\u00e9monstration live de LAGO flexible sous forme de d\u00e9mo web","isPartOf":{"@id":"https:\/\/www.comosoft.eu\/fr\/#website"},"datePublished":"2020-04-20T13:53:35+00:00","dateModified":"2025-09-30T11:57:31+00:00","description":"Nous pr\u00e9senterons les avantages du logiciel LAGO et vos modules pr\u00e9f\u00e9r\u00e9s sur le web de mani\u00e8re flexible lors d'une d\u00e9monstration","breadcrumb":{"@id":"https:\/\/www.comosoft.eu\/fr\/demonstration-live\/#breadcrumb"},"inLanguage":"fr-FR","potentialAction":[{"@type":"ReadAction","target":["https:\/\/www.comosoft.eu\/fr\/demonstration-live\/"]}]},{"@type":"BreadcrumbList","@id":"https:\/\/www.comosoft.eu\/fr\/demonstration-live\/#breadcrumb","itemListElement":[{"@type":"ListItem","position":1,"name":"Home","item":"https:\/\/www.comosoft.eu\/fr\/"},{"@type":"ListItem","position":2,"name":"D\u00e9monstration live"}]},{"@type":"WebSite","@id":"https:\/\/www.comosoft.eu\/fr\/#website","url":"https:\/\/www.comosoft.eu\/fr\/","name":"Comosoft","description":"Multichannel Solutions","publisher":{"@id":"https:\/\/www.comosoft.eu\/fr\/#organization"},"potentialAction":[{"@type":"SearchAction","target":{"@type":"EntryPoint","urlTemplate":"https:\/\/www.comosoft.eu\/fr\/?s={search_term_string}"},"query-input":{"@type":"PropertyValueSpecification","valueRequired":true,"valueName":"search_term_string"}}],"inLanguage":"fr-FR"},{"@type":"Organization","@id":"https:\/\/www.comosoft.eu\/fr\/#organization","name":"Comosoft GmbH","alternateName":"Multichannel Solutions","url":"https:\/\/www.comosoft.eu\/fr\/","logo":{"@type":"ImageObject","inLanguage":"fr-FR","@id":"https:\/\/www.comosoft.eu\/fr\/#\/schema\/logo\/image\/","url":"https:\/\/www.comosoft.eu\/wp-content\/uploads\/2021\/01\/Comosoft-Logo463.png","contentUrl":"https:\/\/www.comosoft.eu\/wp-content\/uploads\/2021\/01\/Comosoft-Logo463.png","width":1654,"height":337,"caption":"Comosoft GmbH"},"image":{"@id":"https:\/\/www.comosoft.eu\/fr\/#\/schema\/logo\/image\/"},"sameAs":["https:\/\/de.linkedin.com\/company\/comosoft?original_referer=httpswww.google.com"]}]}},"_links":{"self":[{"href":"https:\/\/www.comosoft.eu\/fr\/wp-json\/wp\/v2\/pages\/15125","targetHints":{"allow":["GET"]}}],"collection":[{"href":"https:\/\/www.comosoft.eu\/fr\/wp-json\/wp\/v2\/pages"}],"about":[{"href":"https:\/\/www.comosoft.eu\/fr\/wp-json\/wp\/v2\/types\/page"}],"author":[{"embeddable":true,"href":"https:\/\/www.comosoft.eu\/fr\/wp-json\/wp\/v2\/users\/103"}],"replies":[{"embeddable":true,"href":"https:\/\/www.comosoft.eu\/fr\/wp-json\/wp\/v2\/comments?post=15125"}],"version-history":[{"count":9,"href":"https:\/\/www.comosoft.eu\/fr\/wp-json\/wp\/v2\/pages\/15125\/revisions"}],"predecessor-version":[{"id":45297,"href":"https:\/\/www.comosoft.eu\/fr\/wp-json\/wp\/v2\/pages\/15125\/revisions\/45297"}],"wp:attachment":[{"href":"https:\/\/www.comosoft.eu\/fr\/wp-json\/wp\/v2\/media?parent=15125"}],"curies":[{"name":"wp","href":"https:\/\/api.w.org\/{rel}","templated":true}]}}