{"id":15091,"date":"2020-04-18T16:13:35","date_gmt":"2020-04-18T14:13:35","guid":{"rendered":"https:\/\/www.comosoft.eu\/secteur\/"},"modified":"2023-08-04T11:13:11","modified_gmt":"2023-08-04T09:13:11","slug":"secteur","status":"publish","type":"page","link":"https:\/\/www.comosoft.eu\/fr\/secteur\/","title":{"rendered":"Secteurs"},"content":{"rendered":"<div class=\"wpb-content-wrapper\"><p>[vc_row][vc_column width=&#8221;1\/1&#8243;][vc_column_text text_lead=&#8221;yes&#8221; uncode_shortcode_id=&#8221;181177&#8243;]<\/p>\n<h2>La num\u00e9risation est plus qu&#8217;une simple technologie<\/h2>\n<p>La num\u00e9risation et le commerce omnicanal posent tous les jours de nouveaux d\u00e9fis aux entreprises dans un large \u00e9ventail de secteurs. La technologie joue un r\u00f4le essentiel &#8211; mais la technologie seule ne suffit pas. Il s&#8217;agit bien plus d&#8217;utiliser les technologies disponibles pour coordonner les processus internes et externes, les structures organisationnelles et les nouvelles exigences des march\u00e9s et des clients &#8211; ce qu&#8217;on appelle aussi la gestion du changement.<br \/>\nPour ce faire, les entreprises ont besoin du bon logiciel et des <strong>bons partenaires<\/strong> pour accompagner le processus de mise en \u0153uvre et de gestion du changement.<\/p>\n<p>Comosoft soutient activement les entreprises dans la <strong>num\u00e9risation des processus de marketing<\/strong> depuis plus de 25 ans. Gr\u00e2ce \u00e0 ces nombreuses ann\u00e9es d&#8217;exp\u00e9rience, nous avons pu d\u00e9velopper notre expertise dans les secteurs suivants\u00a0:[\/vc_column_text][\/vc_column][\/vc_row][vc_row row_height_percent=&#8221;0&#8243; overlay_alpha=&#8221;50&#8243; gutter_size=&#8221;3&#8243; shift_y=&#8221;0&#8243;][vc_column width=&#8221;1\/1&#8243;][uncode_block id=&#8221;15081&#8243;][\/vc_column][\/vc_row][vc_row row_height_percent=&#8221;0&#8243; overlay_alpha=&#8221;50&#8243; gutter_size=&#8221;3&#8243; shift_y=&#8221;0&#8243; css=&#8221;.vc_custom_1504186774632{padding-bottom: 0px !important;}&#8221;][vc_column width=&#8221;1\/1&#8243;][vc_column_text text_lead=&#8221;yes&#8221;]<\/p>\n<h3>D&#8217;autres industries utilisent nos logiciels innovants<\/h3>\n<p>LAGO est un logiciel standard de premier plan dans le domaine des solutions multicanaux, qui ne cesse de se d\u00e9velopper et de se perfectionner pour r\u00e9pondre aux exigences de nos clients &#8211; et ainsi suivre l&#8217;\u00e9volution technologique.<br \/>\nUne configuration individuelle et des interfaces flexibles compl\u00e8tent la solution logicielle. Combin\u00e9 \u00e0 25 ans d&#8217;exp\u00e9rience, le logiciel multicanal LAGO de Comosoft offre les meilleures conditions pour ma\u00eetriser avec succ\u00e8s la num\u00e9risation des processus marketing avec des entreprises de secteurs d&#8217;activit\u00e9 tr\u00e8s vari\u00e9s.[\/vc_column_text][\/vc_column][\/vc_row][vc_row row_height_percent=&#8221;0&#8243; override_padding=&#8221;yes&#8221; h_padding=&#8221;2&#8243; top_padding=&#8221;0&#8243; bottom_padding=&#8221;2&#8243; overlay_alpha=&#8221;50&#8243; gutter_size=&#8221;3&#8243; shift_y=&#8221;0&#8243;][vc_column width=&#8221;1\/1&#8243;][vc_column_text]<\/p>\n<h3>Omnichannel dans tous et pour tous les secteurs<\/h3>\n<p>[\/vc_column_text][vc_row_inner row_inner_height_percent=&#8221;0&#8243; overlay_alpha=&#8221;50&#8243; gutter_size=&#8221;3&#8243; shift_y=&#8221;0&#8243; css=&#8221;.vc_custom_1508149327565{margin-top: 20px !important;padding-bottom: 2em !important;}&#8221;][vc_column_inner width=&#8221;1\/3&#8243;][vc_column_text]<\/p>\n<ul>\n<li>Commerce de d\u00e9tail alimentaire<\/li>\n<li>Mode<\/li>\n<li>Mode et style de vie<\/li>\n<li>fournitures de bureau<\/li>\n<\/ul>\n<p>[\/vc_column_text][\/vc_column_inner][vc_column_inner width=&#8221;1\/3&#8243;][vc_column_text]<\/p>\n<ul>\n<li>Industrie des biens de consommation<\/li>\n<li>Le commerce universel<\/li>\n<li>\u00ab pure player \u00bb<\/li>\n<li>Industrie des boissons<\/li>\n<\/ul>\n<p>[\/vc_column_text][\/vc_column_inner][vc_column_inner width=&#8221;1\/3&#8243;][vc_column_text]<\/p>\n<ul>\n<li>Distributeurs<\/li>\n<li>Electronique<\/li>\n<li>Fabricant et industrie<\/li>\n<li>Tourisme<\/li>\n<\/ul>\n<p>[\/vc_column_text][\/vc_column_inner][\/vc_row_inner][vc_row_inner][vc_column_inner width=&#8221;1\/2&#8243;][vc_single_image media=&#8221;44647&#8243; media_width_percent=&#8221;100&#8243; uncode_shortcode_id=&#8221;792525&#8243;][\/vc_column_inner][vc_column_inner width=&#8221;1\/2&#8243;][vc_column_text text_lead=&#8221;yes&#8221;]Avec les interfaces appropri\u00e9es \u00e0 votre syst\u00e8me ERP ou PIM, le plugin InDesign utilise toutes les donn\u00e9es qui doivent \u00eatre publi\u00e9es, par exemple, dans votre catalogue.<\/p>\n<p>Vous aussi, vous pouvez automatiser la production de vos m\u00e9dias imprim\u00e9s et prendre rendez-vous pour une d\u00e9monstration d\u00e8s aujourd&#8217;hui ! Nos sp\u00e9cialistes multicanaux sont disponibles pour r\u00e9pondre \u00e0 vos questions \u00e0 tout moment.[\/vc_column_text][\/vc_column_inner][\/vc_row_inner][\/vc_column][\/vc_row][vc_row row_height_percent=&#8221;0&#8243; override_padding=&#8221;yes&#8221; h_padding=&#8221;2&#8243; top_padding=&#8221;4&#8243; bottom_padding=&#8221;4&#8243; back_color=&#8221;color-nhtu&#8221; overlay_alpha=&#8221;100&#8243; gutter_size=&#8221;4&#8243; shift_y=&#8221;0&#8243;][vc_column column_width_percent=&#8221;100&#8243; position_horizontal=&#8221;left&#8221; gutter_size=&#8221;3&#8243; expand_height=&#8221;yes&#8221; style=&#8221;dark&#8221; overlay_alpha=&#8221;100&#8243; shift_x=&#8221;0&#8243; shift_y=&#8221;0&#8243; z_index=&#8221;0&#8243; medium_width=&#8221;0&#8243; width=&#8221;1\/4&#8243;][uncode_counter value=&#8221;7.500&#8243; counter_color=&#8221;,Default&#8221; font=&#8221;font-908663&#8243; weight=&#8221;600&#8243; height=&#8221;fontheight-128528&#8243; text=&#8221;GIGABYTE&#8221;][vc_separator sep_color=&#8221;accent&#8221; el_width=&#8221;50%&#8221;][vc_column_text]<br \/>\nLe Media Asset Management vous permet de g\u00e9rer plus de 7500 gigaoctets.<br \/>\n[\/vc_column_text][\/vc_column][vc_column column_width_percent=&#8221;100&#8243; position_horizontal=&#8221;left&#8221; gutter_size=&#8221;3&#8243; expand_height=&#8221;yes&#8221; style=&#8221;dark&#8221; overlay_alpha=&#8221;50&#8243; shift_x=&#8221;0&#8243; shift_y=&#8221;0&#8243; z_index=&#8221;0&#8243; medium_width=&#8221;0&#8243; width=&#8221;1\/4&#8243;][uncode_counter value=&#8221;1.600&#8243; counter_color=&#8221;,Default&#8221; font=&#8221;font-908663&#8243; weight=&#8221;600&#8243; height=&#8221;fontheight-128528&#8243; text=&#8221;UTILISATEUR&#8221;][vc_separator sep_color=&#8221;accent&#8221; el_width=&#8221;50%&#8221;][vc_column_text]<br \/>\nNotre gestion des flux de travail est capable de guider environ 1 600 utilisateurs (postes de travail) \u00e0 travers le syst\u00e8me et de stocker plus de 35 boutiques en ligne simultan\u00e9ment.<br \/>\n[\/vc_column_text][\/vc_column][vc_column column_width_percent=&#8221;100&#8243; position_horizontal=&#8221;left&#8221; gutter_size=&#8221;3&#8243; expand_height=&#8221;yes&#8221; style=&#8221;dark&#8221; overlay_alpha=&#8221;50&#8243; shift_x=&#8221;0&#8243; shift_y=&#8221;0&#8243; z_index=&#8221;0&#8243; medium_width=&#8221;0&#8243; width=&#8221;1\/4&#8243;][uncode_counter value=&#8221;24&#8243; counter_color=&#8221;,Default&#8221; font=&#8221;font-908663&#8243; weight=&#8221;600&#8243; height=&#8221;fontheight-128528&#8243; text=&#8221;PAYS&#8221;][vc_separator sep_color=&#8221;accent&#8221; el_width=&#8221;50%&#8221;][vc_column_text]<br \/>\nVous pouvez utiliser nos produits dans plus de 24 pays (lieux).<br \/>\n[\/vc_column_text][\/vc_column][vc_column column_width_percent=&#8221;100&#8243; position_horizontal=&#8221;left&#8221; gutter_size=&#8221;3&#8243; expand_height=&#8221;yes&#8221; style=&#8221;dark&#8221; overlay_alpha=&#8221;50&#8243; shift_x=&#8221;0&#8243; shift_y=&#8221;0&#8243; z_index=&#8221;0&#8243; medium_width=&#8221;0&#8243; width=&#8221;1\/4&#8243;][uncode_counter value=&#8221;18&#8243; counter_color=&#8221;,Default&#8221; font=&#8221;font-908663&#8243; weight=&#8221;600&#8243; height=&#8221;fontheight-128528&#8243; text=&#8221;LANGUES&#8221;][vc_separator sep_color=&#8221;accent&#8221; el_width=&#8221;50%&#8221;][vc_column_text]<br \/>\nComosoft vous permet de produire plus de 400 supports publicitaires imprim\u00e9s diff\u00e9rents dans jusqu&#8217;\u00e0 18 langues par saison, ou de cr\u00e9er plus de 7 000 pages PDF dans plus de 500 variantes r\u00e9gionales par semaine de mani\u00e8re enti\u00e8rement automatique.<br \/>\n[\/vc_column_text][\/vc_column][\/vc_row][vc_row][vc_column column_width_percent=&#8221;100&#8243; gutter_size=&#8221;3&#8243; override_padding=&#8221;yes&#8221; column_padding=&#8221;3&#8243; overlay_alpha=&#8221;50&#8243; shift_x=&#8221;0&#8243; shift_y=&#8221;0&#8243; shift_y_down=&#8221;0&#8243; z_index=&#8221;0&#8243; medium_width=&#8221;0&#8243; mobile_width=&#8221;0&#8243; width=&#8221;1\/1&#8243; uncode_shortcode_id=&#8221;903147&#8243;][vc_row_inner row_inner_height_percent=&#8221;0&#8243; overlay_alpha=&#8221;50&#8243; equal_height=&#8221;yes&#8221; gutter_size=&#8221;3&#8243; shift_y=&#8221;0&#8243;][vc_column_inner column_width_percent=&#8221;100&#8243; position_vertical=&#8221;middle&#8221; gutter_size=&#8221;3&#8243; overlay_alpha=&#8221;50&#8243; shift_x=&#8221;0&#8243; shift_y=&#8221;0&#8243; z_index=&#8221;0&#8243; medium_width=&#8221;0&#8243; width=&#8221;2\/3&#8243;][vc_column_text uncode_shortcode_id=&#8221;100257&#8243;]<\/p>\n<blockquote><p>Comosoft LAGO est notre principal instrument de travail, qui nous aide \u00e0 g\u00e9rer des versions complexes et des changements en temps r\u00e9el, sur une base constante.<\/p>\n<p><strong>Joe Gies<\/strong>, Senior Marketing Manager, Bass Pro Shops<\/p><\/blockquote>\n<p>[\/vc_column_text][vc_button button_color=&#8221;color-wvjs&#8221; size=&#8221;btn-sm&#8221; outline=&#8221;yes&#8221; border_width=&#8221;0&#8243; link=&#8221;url:https%3A%2F%2Fwww.comosoft.eu%2Ffr%2Fexample-de-cas-bass-pro-shops%2F|target:_blank&#8221; button_color_type=&#8221;uncode-palette&#8221; uncode_shortcode_id=&#8221;212564&#8243;]EXAMPLE DE CAS: BASS PRO SHOPS[\/vc_button][\/vc_column_inner][vc_column_inner column_width_percent=&#8221;100&#8243; position_vertical=&#8221;middle&#8221; gutter_size=&#8221;3&#8243; overlay_alpha=&#8221;50&#8243; shift_x=&#8221;0&#8243; shift_y=&#8221;0&#8243; z_index=&#8221;0&#8243; medium_width=&#8221;0&#8243; width=&#8221;1\/3&#8243;][vc_single_image media=&#8221;17816&#8243; media_width_percent=&#8221;100&#8243; uncode_shortcode_id=&#8221;175499&#8243;][\/vc_column_inner][\/vc_row_inner][\/vc_column][\/vc_row][vc_row row_height_percent=&#8221;0&#8243; override_padding=&#8221;yes&#8221; h_padding=&#8221;3&#8243; top_padding=&#8221;3&#8243; bottom_padding=&#8221;3&#8243; back_image=&#8221;163&#8243; parallax=&#8221;yes&#8221; overlay_color=&#8221;accent&#8221; overlay_alpha=&#8221;85&#8243; gutter_size=&#8221;0&#8243; shift_y=&#8221;0&#8243;][vc_column column_width_percent=&#8221;100&#8243; position_vertical=&#8221;middle&#8221; gutter_size=&#8221;3&#8243; style=&#8221;dark&#8221; overlay_alpha=&#8221;50&#8243; shift_x=&#8221;0&#8243; shift_y=&#8221;0&#8243; z_index=&#8221;0&#8243; medium_width=&#8221;0&#8243; width=&#8221;1\/1&#8243;][vc_column_text]<\/p>\n<h2><span class=\"font-762333\"><span class=\"font-762333, fontsize-148062\">Organiser une d\u00e9mo en direct<\/span><\/span><\/h2>\n<p><strong>Vous \u00eates curieux ? Alors organisez une d\u00e9monstration en direct de LAGO maintenant .<\/strong>[\/vc_column_text][\/vc_column][\/vc_row][vc_row row_height_percent=&#8221;0&#8243; back_image=&#8221;2751&#8243; parallax=&#8221;yes&#8221; overlay_color=&#8221;color-lxmt&#8221; overlay_alpha=&#8221;76&#8243; gutter_size=&#8221;3&#8243; shift_y=&#8221;0&#8243;][vc_column column_width_percent=&#8221;100&#8243; gutter_size=&#8221;3&#8243; style=&#8221;light&#8221; overlay_alpha=&#8221;50&#8243; shift_x=&#8221;0&#8243; shift_y=&#8221;0&#8243; z_index=&#8221;0&#8243; medium_width=&#8221;0&#8243; width=&#8221;1\/1&#8243;][vc_row_inner row_inner_height_percent=&#8221;0&#8243; overlay_alpha=&#8221;50&#8243; equal_height=&#8221;yes&#8221; gutter_size=&#8221;3&#8243; shift_y=&#8221;0&#8243;][vc_column_inner column_width_percent=&#8221;100&#8243; gutter_size=&#8221;3&#8243; style=&#8221;light&#8221; overlay_alpha=&#8221;50&#8243; shift_x=&#8221;0&#8243; shift_y=&#8221;0&#8243; z_index=&#8221;0&#8243; medium_width=&#8221;0&#8243; width=&#8221;1\/1&#8243;]\n<div class=\"wpcf7 no-js\" id=\"wpcf7-f12091-o1\" lang=\"en-US\" dir=\"ltr\" data-wpcf7-id=\"12091\">\n<div class=\"screen-reader-response\"><p role=\"status\" aria-live=\"polite\" aria-atomic=\"true\"><\/p> <ul><\/ul><\/div>\n<form action=\"\/fr\/wp-json\/wp\/v2\/pages\/15091#wpcf7-f12091-o1\" method=\"post\" class=\"wpcf7-form init\" aria-label=\"Contact form\" novalidate=\"novalidate\" data-status=\"init\">\n<fieldset class=\"hidden-fields-container\"><input type=\"hidden\" name=\"_wpcf7\" value=\"12091\" \/><input type=\"hidden\" name=\"_wpcf7_version\" value=\"6.1.5\" \/><input type=\"hidden\" name=\"_wpcf7_locale\" value=\"en_US\" \/><input type=\"hidden\" name=\"_wpcf7_unit_tag\" value=\"wpcf7-f12091-o1\" \/><input type=\"hidden\" name=\"_wpcf7_container_post\" value=\"0\" \/><input type=\"hidden\" name=\"_wpcf7_posted_data_hash\" value=\"\" \/>\n<\/fieldset>\n<style>\n.style-light input[type=\"text\"],\n.style-light input[type=\"email\"],\n.style-light textarea {\n border-color: #b2b2b2;\n}\nlabel {\n font-weight: bold;\n}\n<\/style>\n<div class=\"row\">\n\t<div class=\"row-inner\">\n\t\t<div class=\"col-lg-6\">\n\t\t\t<p><label> *Pr\u00e9nom<br \/>\n<span class=\"wpcf7-form-control-wrap\" data-name=\"your-firstname\"><input size=\"40\" maxlength=\"400\" class=\"wpcf7-form-control wpcf7-text wpcf7-validates-as-required\" aria-required=\"true\" aria-invalid=\"false\" value=\"\" type=\"text\" name=\"your-firstname\" \/><\/span> <\/label>\n\t\t\t<\/p>\n\t\t<\/div>\n\t\t<div class=\"col-lg-6\" style=\"padding-top: 0;\">\n\t\t\t<p><label> *Nom<br \/>\n<span class=\"wpcf7-form-control-wrap\" data-name=\"your-name\"><input size=\"40\" maxlength=\"400\" class=\"wpcf7-form-control wpcf7-text wpcf7-validates-as-required\" aria-required=\"true\" aria-invalid=\"false\" value=\"\" type=\"text\" name=\"your-name\" \/><\/span> <\/label>\n\t\t\t<\/p>\n\t\t<\/div>\n\t<\/div>\n<\/div>\n<div class=\"row\">\n\t<div class=\"row-inner\">\n\t\t<div class=\"col-lg-6\">\n\t\t\t<p><label> *Soci\u00e9t\u00e9<br \/>\n<span class=\"wpcf7-form-control-wrap\" data-name=\"your-company\"><input size=\"40\" maxlength=\"400\" class=\"wpcf7-form-control wpcf7-text wpcf7-validates-as-required\" aria-required=\"true\" aria-invalid=\"false\" value=\"\" type=\"text\" name=\"your-company\" \/><\/span> <\/label>\n\t\t\t<\/p>\n\t\t<\/div>\n\t\t<div class=\"col-lg-6\" style=\"padding-top: 0;\">\n\t\t\t<p><label> *Email<br \/>\n<span class=\"wpcf7-form-control-wrap\" data-name=\"your-email\"><input size=\"40\" maxlength=\"400\" class=\"wpcf7-form-control wpcf7-email wpcf7-validates-as-required wpcf7-text wpcf7-validates-as-email\" aria-required=\"true\" aria-invalid=\"false\" value=\"\" type=\"email\" name=\"your-email\" \/><\/span> <\/label>\n\t\t\t<\/p>\n\t\t<\/div>\n\t<\/div>\n<\/div>\n<div class=\"row\">\n\t<div class=\"row-inner\">\n\t\t<div class=\"col-lg-12\">\n\t\t\t<p><label> Votre message<br \/>\n<span class=\"wpcf7-form-control-wrap\" data-name=\"your-message\"><textarea cols=\"40\" rows=\"10\" maxlength=\"2000\" class=\"wpcf7-form-control wpcf7-textarea\" aria-invalid=\"false\" name=\"your-message\"><\/textarea><\/span> <\/label><br \/>\n<span id=\"wpcf7-69de25ab08089-wrapper\" class=\"wpcf7-form-control-wrap website-162-wrap\" ><label for=\"wpcf7-69de25ab08089-field\" class=\"hp-message\">Please leave this field empty.<\/label><input id=\"wpcf7-69de25ab08089-field\"  class=\"wpcf7-form-control wpcf7-text\" type=\"text\" name=\"website-162\" value=\"\" size=\"40\" tabindex=\"-1\" autocomplete=\"new-password\" \/><\/span><br \/>\n<span id=\"wpcf7-69de25ab0813b-wrapper\" class=\"wpcf7-form-control-wrap email-162-wrap\" ><label for=\"wpcf7-69de25ab0813b-field\" class=\"hp-message\">Please leave this field empty.<\/label><input id=\"wpcf7-69de25ab0813b-field\"  class=\"wpcf7-form-control wpcf7-text\" type=\"text\" name=\"email-162\" value=\"\" size=\"40\" tabindex=\"-1\" autocomplete=\"new-password\" \/><\/span>\n\t\t\t<\/p>\n\t\t\t<div>\n\t\t\t\t<p>*Champs obligatoires\n\t\t\t\t<\/p>\n\t\t\t<\/div>\n\t\t\t<div>\n\t\t\t\t<p>Vos donn\u00e9es du formulaire de contact seront collect\u00e9es et trait\u00e9es pour r\u00e9pondre \u00e0 votre demande. Vous trouverez des informations d\u00e9taill\u00e9es sur le traitement des donn\u00e9es d'utilisateur dans la rubrique\u00a0<a href=\"https:\/\/www.comosoft.eu\/fr\/mentions-legales\/\">Mentions l\u00e9gales<\/a>.\n\t\t\t\t<\/p>\n\t\t\t<\/div>\n\t\t<\/div>\n\t<\/div>\n<\/div>\n<div class=\"row\">\n\t<div class=\"row-inner\">\n\t\t<div class=\"col-lg-12\">\n\t\t\t<p><input class=\"wpcf7-form-control wpcf7-submit has-spinner btn btn-accent\" type=\"submit\" value=\"Envoyer\" \/>\n\t\t\t<\/p>\n\t\t<\/div>\n\t<\/div>\n<\/div>\n<p><script>\ndocument.addEventListener( 'wpcf7mailsent', function(e) {\n\tif ( '12091' == event.detail.contactFormId ) {\n gtag('event', 'submit', {\n 'event_category': 'Kontakt',\n 'event_label': 'Kontakt FR'\n })};\n}, false );\n<\/script>\n<\/p><div class=\"wpcf7-response-output\" aria-hidden=\"true\"><\/div>\n<\/form>\n<\/div>\n[\/vc_column_inner][\/vc_row_inner][\/vc_column][\/vc_row]<\/p>\n<\/div>","protected":false},"excerpt":{"rendered":"<p>[vc_row][vc_column width=&#8221;1\/1&#8243;][vc_column_text text_lead=&#8221;yes&#8221; uncode_shortcode_id=&#8221;181177&#8243;] La num\u00e9risation est plus qu&#8217;une simple technologie La num\u00e9risation et le commerce omnicanal posent tous les [&hellip;]<\/p>\n","protected":false},"author":122,"featured_media":12201,"parent":0,"menu_order":0,"comment_status":"closed","ping_status":"closed","template":"","meta":{"footnotes":""},"class_list":["post-15091","page","type-page","status-publish","has-post-thumbnail","hentry"],"yoast_head":"<!-- This site is optimized with the Yoast SEO plugin v27.3 - https:\/\/yoast.com\/product\/yoast-seo-wordpress\/ -->\n<title>Expertise sectorielle - gestion multicanal personnalisable \/ Comosoft<\/title>\n<meta name=\"description\" content=\"Solutions pour votre secteur : la num\u00e9risation et le commerce omnicanal pr\u00e9sentent de nouveaux d\u00e9fis pour les entreprises dans un large \u00e9ventail de secteurs.\" \/>\n<meta name=\"robots\" content=\"index, follow, max-snippet:-1, max-image-preview:large, max-video-preview:-1\" \/>\n<link rel=\"canonical\" href=\"https:\/\/www.comosoft.eu\/fr\/secteur\/\" \/>\n<meta property=\"og:locale\" content=\"fr_FR\" \/>\n<meta property=\"og:type\" content=\"article\" \/>\n<meta property=\"og:title\" content=\"Expertise sectorielle - gestion multicanal personnalisable \/ Comosoft\" \/>\n<meta property=\"og:description\" content=\"Solutions pour votre secteur : la num\u00e9risation et le commerce omnicanal pr\u00e9sentent de nouveaux d\u00e9fis pour les entreprises dans un large \u00e9ventail de secteurs.\" \/>\n<meta property=\"og:url\" content=\"https:\/\/www.comosoft.eu\/fr\/secteur\/\" \/>\n<meta property=\"og:site_name\" content=\"Comosoft\" \/>\n<meta property=\"article:modified_time\" content=\"2023-08-04T09:13:11+00:00\" \/>\n<meta property=\"og:image\" content=\"https:\/\/www.comosoft.eu\/wp-content\/uploads\/2019\/03\/sectors_comosoft.jpg\" \/>\n\t<meta property=\"og:image:width\" content=\"1800\" \/>\n\t<meta property=\"og:image:height\" content=\"1196\" \/>\n\t<meta property=\"og:image:type\" content=\"image\/jpeg\" \/>\n<meta name=\"twitter:card\" content=\"summary_large_image\" \/>\n<!-- \/ Yoast SEO plugin. -->","yoast_head_json":{"title":"Expertise sectorielle - gestion multicanal personnalisable \/ Comosoft","description":"Solutions pour votre secteur : la num\u00e9risation et le commerce omnicanal pr\u00e9sentent de nouveaux d\u00e9fis pour les entreprises dans un large \u00e9ventail de secteurs.","robots":{"index":"index","follow":"follow","max-snippet":"max-snippet:-1","max-image-preview":"max-image-preview:large","max-video-preview":"max-video-preview:-1"},"canonical":"https:\/\/www.comosoft.eu\/fr\/secteur\/","og_locale":"fr_FR","og_type":"article","og_title":"Expertise sectorielle - gestion multicanal personnalisable \/ Comosoft","og_description":"Solutions pour votre secteur : la num\u00e9risation et le commerce omnicanal pr\u00e9sentent de nouveaux d\u00e9fis pour les entreprises dans un large \u00e9ventail de secteurs.","og_url":"https:\/\/www.comosoft.eu\/fr\/secteur\/","og_site_name":"Comosoft","article_modified_time":"2023-08-04T09:13:11+00:00","og_image":[{"width":1800,"height":1196,"url":"https:\/\/www.comosoft.eu\/wp-content\/uploads\/2019\/03\/sectors_comosoft.jpg","type":"image\/jpeg"}],"twitter_card":"summary_large_image","schema":{"@context":"https:\/\/schema.org","@graph":[{"@type":"WebPage","@id":"https:\/\/www.comosoft.eu\/fr\/secteur\/","url":"https:\/\/www.comosoft.eu\/fr\/secteur\/","name":"Expertise sectorielle - gestion multicanal personnalisable \/ Comosoft","isPartOf":{"@id":"https:\/\/www.comosoft.eu\/fr\/#website"},"primaryImageOfPage":{"@id":"https:\/\/www.comosoft.eu\/fr\/secteur\/#primaryimage"},"image":{"@id":"https:\/\/www.comosoft.eu\/fr\/secteur\/#primaryimage"},"thumbnailUrl":"https:\/\/www.comosoft.eu\/wp-content\/uploads\/2019\/03\/sectors_comosoft.jpg","datePublished":"2020-04-18T14:13:35+00:00","dateModified":"2023-08-04T09:13:11+00:00","description":"Solutions pour votre secteur : la num\u00e9risation et le commerce omnicanal pr\u00e9sentent de nouveaux d\u00e9fis pour les entreprises dans un large \u00e9ventail de secteurs.","breadcrumb":{"@id":"https:\/\/www.comosoft.eu\/fr\/secteur\/#breadcrumb"},"inLanguage":"fr-FR","potentialAction":[{"@type":"ReadAction","target":["https:\/\/www.comosoft.eu\/fr\/secteur\/"]}]},{"@type":"ImageObject","inLanguage":"fr-FR","@id":"https:\/\/www.comosoft.eu\/fr\/secteur\/#primaryimage","url":"https:\/\/www.comosoft.eu\/wp-content\/uploads\/2019\/03\/sectors_comosoft.jpg","contentUrl":"https:\/\/www.comosoft.eu\/wp-content\/uploads\/2019\/03\/sectors_comosoft.jpg","width":1800,"height":1196,"caption":"Branchen"},{"@type":"BreadcrumbList","@id":"https:\/\/www.comosoft.eu\/fr\/secteur\/#breadcrumb","itemListElement":[{"@type":"ListItem","position":1,"name":"Home","item":"https:\/\/www.comosoft.eu\/fr\/"},{"@type":"ListItem","position":2,"name":"Secteurs"}]},{"@type":"WebSite","@id":"https:\/\/www.comosoft.eu\/fr\/#website","url":"https:\/\/www.comosoft.eu\/fr\/","name":"Comosoft","description":"Multichannel Solutions","publisher":{"@id":"https:\/\/www.comosoft.eu\/fr\/#organization"},"potentialAction":[{"@type":"SearchAction","target":{"@type":"EntryPoint","urlTemplate":"https:\/\/www.comosoft.eu\/fr\/?s={search_term_string}"},"query-input":{"@type":"PropertyValueSpecification","valueRequired":true,"valueName":"search_term_string"}}],"inLanguage":"fr-FR"},{"@type":"Organization","@id":"https:\/\/www.comosoft.eu\/fr\/#organization","name":"Comosoft GmbH","alternateName":"Multichannel Solutions","url":"https:\/\/www.comosoft.eu\/fr\/","logo":{"@type":"ImageObject","inLanguage":"fr-FR","@id":"https:\/\/www.comosoft.eu\/fr\/#\/schema\/logo\/image\/","url":"https:\/\/www.comosoft.eu\/wp-content\/uploads\/2021\/01\/Comosoft-Logo463.png","contentUrl":"https:\/\/www.comosoft.eu\/wp-content\/uploads\/2021\/01\/Comosoft-Logo463.png","width":1654,"height":337,"caption":"Comosoft GmbH"},"image":{"@id":"https:\/\/www.comosoft.eu\/fr\/#\/schema\/logo\/image\/"},"sameAs":["https:\/\/de.linkedin.com\/company\/comosoft?original_referer=httpswww.google.com"]}]}},"_links":{"self":[{"href":"https:\/\/www.comosoft.eu\/fr\/wp-json\/wp\/v2\/pages\/15091","targetHints":{"allow":["GET"]}}],"collection":[{"href":"https:\/\/www.comosoft.eu\/fr\/wp-json\/wp\/v2\/pages"}],"about":[{"href":"https:\/\/www.comosoft.eu\/fr\/wp-json\/wp\/v2\/types\/page"}],"author":[{"embeddable":true,"href":"https:\/\/www.comosoft.eu\/fr\/wp-json\/wp\/v2\/users\/122"}],"replies":[{"embeddable":true,"href":"https:\/\/www.comosoft.eu\/fr\/wp-json\/wp\/v2\/comments?post=15091"}],"version-history":[{"count":11,"href":"https:\/\/www.comosoft.eu\/fr\/wp-json\/wp\/v2\/pages\/15091\/revisions"}],"predecessor-version":[{"id":45300,"href":"https:\/\/www.comosoft.eu\/fr\/wp-json\/wp\/v2\/pages\/15091\/revisions\/45300"}],"wp:featuredmedia":[{"embeddable":true,"href":"https:\/\/www.comosoft.eu\/fr\/wp-json\/wp\/v2\/media\/12201"}],"wp:attachment":[{"href":"https:\/\/www.comosoft.eu\/fr\/wp-json\/wp\/v2\/media?parent=15091"}],"curies":[{"name":"wp","href":"https:\/\/api.w.org\/{rel}","templated":true}]}}