{"id":6713,"date":"2019-03-14T09:50:58","date_gmt":"2019-03-14T08:50:58","guid":{"rendered":"https:\/\/www.comosoft.com\/?page_id=6713"},"modified":"2025-11-19T13:26:20","modified_gmt":"2025-11-19T12:26:20","slug":"solucion-multicanal-con-el-sofware-lago-de-comosoft","status":"publish","type":"page","link":"https:\/\/www.comosoft.eu\/es\/","title":{"rendered":"Producci\u00f3n automatizada de marketing integral\u00a0con LAGO"},"content":{"rendered":"<div class=\"wpb-content-wrapper\"><p>[vc_row][vc_column width=&#8221;1\/1&#8243;][vc_column_text text_lead=&#8221;yes&#8221; uncode_shortcode_id=&#8221;418787&#8243;]<\/p>\n<h1>Producci\u00f3n automatizada de marketing integral\u00a0con <a class=\"cursor-init\" href=\"https:\/\/www.comosoft.eu\/es\/multichannel-software-lago\/\">LAGO<\/a><\/h1>\n<p><strong>Comosoft es uno de los principales proveedores mundiales de tecnolog\u00eda para sistemas PIM y de producci\u00f3n de medios.<\/strong>[\/vc_column_text][\/vc_column][\/vc_row][vc_row][vc_column width=&#8221;1\/2&#8243;][vc_column_text text_lead=&#8221;yes&#8221; uncode_shortcode_id=&#8221;194418&#8243;]Con nuestro <strong>sistema central de gesti\u00f3n de datos<\/strong>, puedes organizar y conectar entre s\u00ed <strong>todos tus canales de venta<\/strong>, tales como la <a href=\"https:\/\/www.comosoft.eu\/es\/software-y-soluciones\/print-publishing\/\">impresi\u00f3n<\/a>, el comercio electr\u00f3nico o los puntos de venta. De esta forma, podemos ofrecer a los clientes una <strong>experiencia de compra en m\u00faltiples canales<\/strong> consistente con el producto.<\/p>\n<p>Al gestionar la informaci\u00f3n de los productos de modo neutro respecto a los medios, ofrecemos a nuestros clientes una <strong>manera eficiente de direccionamiento de los productos a los canales de venta<\/strong>. Se <strong>eliminan las fuentes de errores<\/strong> y se <strong>garantiza un r\u00e1pido tiempo de lanzamiento al mercado<\/strong>. El sistema <a href=\"https:\/\/www.comosoft.eu\/es\/software-y-soluciones\/pim\/\">PIM<\/a> y de producci\u00f3n de medios de Comosoft permite <strong>actuar de modo flexible<\/strong>, por lo que los cambios de datos de los precios y art\u00edculos son posibles en tiempo real en todos los canales \u00a1por ejemplo, tambi\u00e9n justo antes de haberse dado la autorizaci\u00f3n para imprimir![\/vc_column_text][\/vc_column][vc_column width=&#8221;1\/2&#8243;][vc_gallery el_id=&#8221;gallery-221734&#8243; type=&#8221;carousel&#8221; medias=&#8221;44547,44493,44548,44497,44494,44496,44495&#8243; carousel_lg=&#8221;1&#8243; carousel_md=&#8221;1&#8243; carousel_sm=&#8221;1&#8243; gutter_size=&#8221;3&#8243; carousel_interval=&#8221;3000&#8243; carousel_navspeed=&#8221;400&#8243; stage_padding=&#8221;0&#8243; single_overlay_opacity=&#8221;50&#8243; single_padding=&#8221;2&#8243; single_border=&#8221;yes&#8221; uncode_shortcode_id=&#8221;124287&#8243;][\/vc_column][\/vc_row][vc_row][vc_column width=&#8221;1\/1&#8243;][uncode_block id=&#8221;17796&#8243;][\/vc_column][\/vc_row][vc_row row_height_percent=&#8221;0&#8243; back_color=&#8221;color-xsdn&#8221; overlay_alpha=&#8221;50&#8243; gutter_size=&#8221;3&#8243; column_width_percent=&#8221;100&#8243; shift_y=&#8221;0&#8243; z_index=&#8221;0&#8243; uncode_shortcode_id=&#8221;116741&#8243; back_color_type=&#8221;uncode-palette&#8221;][vc_column column_width_percent=&#8221;100&#8243; gutter_size=&#8221;3&#8243; overlay_alpha=&#8221;50&#8243; shift_x=&#8221;0&#8243; shift_y=&#8221;0&#8243; shift_y_down=&#8221;0&#8243; z_index=&#8221;0&#8243; medium_width=&#8221;0&#8243; mobile_width=&#8221;0&#8243; width=&#8221;1\/1&#8243; uncode_shortcode_id=&#8221;202910&#8243;][vc_row_inner][vc_column_inner width=&#8221;1\/2&#8243;][vc_column_text uncode_shortcode_id=&#8221;139833&#8243;]<br \/>\n<strong>Independientemente del n\u00famero variantes de idiomas o regionales<\/strong> que precisan tus folletos o cat\u00e1logos, puedes <strong>optimizar autom\u00e1ticamente<\/strong> el n\u00famero m\u00ednimo de versiones necesarias y darles salida para la producci\u00f3n impresa. Para cada versi\u00f3n se reserva un documento de InDesign distinto y el plugin de dise\u00f1o LAGO Layout sincroniza el contenido entre las versiones.<\/p>\n<p>El <strong>versionado autom\u00e1tico de las versiones nacionales, regionales, de mercado o espec\u00edficas del cliente<\/strong>elimina la necesidad de intervenci\u00f3n manual por parte de los dise\u00f1adores. No obstante, pueden ser necesarios ajustes espec\u00edficos para cada versi\u00f3n. Por ejemplo, se especifica que el s\u00edmbolo \u00ab\u20ac\u00bb se utilice para el etiquetado de precios en la versi\u00f3n espa\u00f1ola de un cat\u00e1logo, mientras que el s\u00edmbolo \u00ab$\u00bb aparece en la versi\u00f3n americana.<br \/>\n<span style=\"color: #99cc00;\"><a style=\"color: #99cc00;\" href=\"https:\/\/www.comosoft.eu\/es\/software-y-soluciones\/automatizacion-del-marketing\/\">\u2192 Descubra c\u00f3mo puede automatizar sus procesos.<\/a><\/span>[\/vc_column_text][\/vc_column_inner][vc_column_inner width=&#8221;1\/2&#8243;][vc_column_text uncode_shortcode_id=&#8221;190395&#8243;]<\/p>\n<h2 data-pm-slice=\"1 1 []\">FULL AUTOMATION<\/h2>\n<p>&nbsp;<\/p>\n<h3 data-pm-slice=\"1 1 []\">Un n\u00famero infinito de variantes y todas ellas totalmente optimizadas desde la creaci\u00f3n hasta la impresi\u00f3n: el 75% de ahorro de tiempo es posible utilizando LAGO Publishing Exporter con su workflow basado en el env\u00edo de PDFs al proveedor de servicios de impresi\u00f3n y sus colocaciones en la tienda web.<\/h3>\n<p>[\/vc_column_text][vc_single_image media=&#8221;20470&#8243; media_width_percent=&#8221;70&#8243; uncode_shortcode_id=&#8221;181928&#8243;][\/vc_column_inner][\/vc_row_inner][vc_row_inner][vc_column_inner width=&#8221;1\/2&#8243;][vc_column_text uncode_shortcode_id=&#8221;202477&#8243;]<br \/>\nCon LAGO, puede <strong>controlar cada paso de su proceso de producci\u00f3n de marketing en un solo lugar<\/strong>: se acabaron los silos y aislamientos de informaci\u00f3n. Desde la b\u00fasqueda de informaci\u00f3n sobre productos y contenidos digitales para su publicidad hasta las correcciones y revisiones en el software de composici\u00f3n, <strong>LAGO re\u00fane todos estos pasos en un \u00fanico sistema<\/strong>.<\/p>\n<p>Adem\u00e1s, LAGO re\u00fane sus datos de m\u00faltiples fuentes para <strong>garantizar una gesti\u00f3n centralizada y neutral<\/strong>desde el punto de vista de los medios. Bas\u00e1ndose en los datos neutrales, puede organizar sus proyectos de marketing para<strong> impresi\u00f3n, comercio electr\u00f3nico, m\u00f3vil, comercio social y punto de venta<\/strong>, vincularlos entre s\u00ed y darles salida en los canales pertinentes.<br \/>\n<span style=\"color: #b6d741;\"><a style=\"color: #99cc00;\" href=\"https:\/\/www.comosoft.eu\/es\/multichannel-software-lago\/\">\u2192 C\u00f3mo puede tomar el control de su producci\u00f3n de marketing<\/a><\/span><\/p>\n<p>[\/vc_column_text][\/vc_column_inner][vc_column_inner width=&#8221;1\/2&#8243;][vc_column_text uncode_shortcode_id=&#8221;997150&#8243;]<\/p>\n<h2 data-pm-slice=\"1 1 []\">TAKE CONTROL<\/h2>\n<p>&nbsp;<\/p>\n<h3 data-pm-slice=\"1 1 []\">Cada paso de su proceso de producci\u00f3n a simple vista \u2013 50% de ahorro de tiempo en el proceso de aprobaci\u00f3n gracias a la posibilidad de que varios usuarios (por ejemplo, gestores de categor\u00edas) trabajen eficazmente de forma simult\u00e1nea.<\/h3>\n<p>[\/vc_column_text][vc_single_image media=&#8221;20471&#8243; media_width_percent=&#8221;70&#8243; uncode_shortcode_id=&#8221;780297&#8243;][\/vc_column_inner][\/vc_row_inner][vc_row_inner][vc_column_inner width=&#8221;1\/2&#8243;][vc_column_text uncode_shortcode_id=&#8221;148747&#8243;]<br \/>\nEl workflow management de <strong>LAGO permite que su proceso de producci\u00f3n de marketing se desarrolle de forma eficiente y sin problemas<\/strong>, incluso con grandes cantidades de datos y versiones complejas. Nuestro m\u00f3dulo <strong>Workflow ofrece una gesti\u00f3n automatizada<\/strong> de las tareas combinada con derechos de usuario y de grupo altamente configurables. La f\u00e1cil <strong>creaci\u00f3n y configuraci\u00f3n de workflows de trabajo<\/strong> paralelos para diferentes canales (impresos o digitales) permite la producci\u00f3n de materiales de marketing teniendo en cuenta los matices de cada canal.<\/p>\n<p>El mecanismo de workflow de <strong>LAGO asigna autom\u00e1ticamente los trabajos a los equipos<\/strong> (o usuarios) y supervisa su progreso hasta su finalizaci\u00f3n. Las herramientas de generaci\u00f3n de informes permiten controlar la producci\u00f3n y detectar inmediatamente posibles cuellos de botella. Gracias a su estructura modular, LAGO puede producir materiales de marketing multicanal <strong>desde la planificaci\u00f3n hasta la\u00a0<\/strong><b>realizaci\u00f3n<\/b>.<br \/>\n<a style=\"color: #99cc00;\" href=\"https:\/\/www.comosoft.eu\/es\/software-y-soluciones\/automatizacion-del-marketing\/#workflow\">\u2192 Te mostramos c\u00f3mo puedes organizar tus workflows de forma eficiente<\/a><\/p>\n<p>[\/vc_column_text][\/vc_column_inner][vc_column_inner width=&#8221;1\/2&#8243;][vc_column_text uncode_shortcode_id=&#8221;444260&#8243;]<\/p>\n<h2 data-pm-slice=\"1 1 []\">EFFICIENT WORKFLOWS<\/h2>\n<p>&nbsp;<\/p>\n<h3 data-pm-slice=\"1 1 []\">Aproveche su tiempo: con LAGO es posible ahorrar un 50% de tiempo en la correcci\u00f3n de folletos.<\/h3>\n<p>[\/vc_column_text][vc_single_image media=&#8221;47425&#8243; media_width_percent=&#8221;70&#8243; uncode_shortcode_id=&#8221;322169&#8243;][\/vc_column_inner][\/vc_row_inner][vc_row_inner][vc_column_inner width=&#8221;1\/2&#8243;][vc_column_text uncode_shortcode_id=&#8221;176206&#8243;]<br \/>\nCon nuestro <strong>exclusivo plug-in para InDesign<\/strong>, Comosoft LAGO te permite <strong>visualizar archivos (DAM) y datos (PIM)<\/strong>, as\u00ed como los m\u00f3dulos de pruebas y flujo de trabajo, todo ello sin salir de InDesign. <strong>LAGO tambi\u00e9n se integra con Photoshop<\/strong> (a trav\u00e9s de un plug-in) para proporcionar una soluci\u00f3n de gesti\u00f3n de activos sin fisuras.<\/p>\n<p>El dise\u00f1ador gr\u00e1fico puede iniciar sesi\u00f3n en la base de datos de LAGO a trav\u00e9s del <strong>plug-in de InDesign (LAGO Layout)<\/strong> y acceder a todo el contenido. La <strong>integraci\u00f3n es bidireccional<\/strong>, es decir, todas las personalizaciones introducidas por un dise\u00f1ador gr\u00e1fico son implementadas autom\u00e1ticamente por el plugin y, a continuaci\u00f3n, se introducen autom\u00e1ticamente en la base de datos. El enlace directo a la base de datos de LAGO tambi\u00e9n permite acceder a la <strong>informaci\u00f3n actual de los sistemas PIM y DAM<\/strong> de LAGO en cualquier momento. Por ejemplo, los precios de una p\u00e1gina pueden actualizarse autom\u00e1ticamente en cuesti\u00f3n de segundos.<br \/>\n<a style=\"color: #99cc00;\" href=\"https:\/\/www.comosoft.eu\/es\/adobe-indesign-lago-layout\/\">\u2192 Experimente la combinaci\u00f3n de creatividad y tecnolog\u00eda<\/a><\/p>\n<p>[\/vc_column_text][\/vc_column_inner][vc_column_inner width=&#8221;1\/2&#8243;][vc_column_text uncode_shortcode_id=&#8221;158393&#8243;]<\/p>\n<h2 data-pm-slice=\"1 1 []\">CREATIVITY MEETS TECHNOLOGY<\/h2>\n<p>&nbsp;<\/p>\n<h3 data-pm-slice=\"1 1 []\">D\u00e9 a tu equipo de dise\u00f1o la libertad de ser creativo sin tener que preocuparte por la tecnolog\u00eda: ahorra un 40% de tiempo en la creaci\u00f3n de folletos utilizando el plugin LAGO para InDesign.<\/h3>\n<p>[\/vc_column_text][vc_single_image media=&#8221;20468&#8243; media_width_percent=&#8221;70&#8243; uncode_shortcode_id=&#8221;628171&#8243;][\/vc_column_inner][\/vc_row_inner][\/vc_column][\/vc_row][vc_row][vc_column width=&#8221;1\/2&#8243;][vc_single_image media=&#8221;14629&#8243; media_width_percent=&#8221;100&#8243;][\/vc_column][vc_column width=&#8221;1\/2&#8243;][vc_column_text text_lead=&#8221;yes&#8221; uncode_shortcode_id=&#8221;200892&#8243;]<\/p>\n<h2>Analizamos, optimizamos y agilizamos<\/h2>\n<p>Nuestros gerentes de proyectos y asesores se comprometen a mejorar tu negocio. Asesoramos en la <strong>digitalizaci\u00f3n de sus procesos de marketing<\/strong> y desarrollamos junto contigo <strong>conceptos<\/strong> de \u00e9xito <strong>personalizados<\/strong>. Nuestro software <a href=\"https:\/\/www.comosoft.eu\/es\/?page_id=11534\">LAGO<\/a> es una soluci\u00f3n multicanal, cuya eficacia ha quedado demostrada durante m\u00e1s de 30 a\u00f1os, permitiendo a las empresas retail y la industria dise\u00f1ar de modo eficiente y eficaz sus procesos de marketing.[\/vc_column_text][vc_button border_width=&#8221;0&#8243; link=&#8221;url:https%3A%2F%2Fwww.comosoft.eu%2Fes%2Fcontacto%2F|title:Contacto|target:_blank|&#8221; uncode_shortcode_id=&#8221;138770&#8243;]SOLICITAR ASESORAMIENTO[\/vc_button][\/vc_column][\/vc_row][vc_row row_height_percent=&#8221;0&#8243; overlay_alpha=&#8221;50&#8243; gutter_size=&#8221;3&#8243; shift_y=&#8221;0&#8243;][vc_column width=&#8221;1\/1&#8243;][vc_column_text]<\/p>\n<h2>Optimice sus procesos publicitarios con LAGO<\/h2>\n<p>[\/vc_column_text][\/vc_column][\/vc_row][vc_row][vc_column width=&#8221;1\/1&#8243;][vc_tabs vertical=&#8221;yes&#8221;][vc_tab title=&#8221;planificaci\u00f3n de campa\u00f1as&#8221; tab_id=&#8221;1504172478-1-5017181828842501723636121555&#8243;][vc_row_inner][vc_column_inner width=&#8221;1\/1&#8243;][vc_column_text text_lead=&#8221;yes&#8221;]Desde la planificaci\u00f3n de la publicaci\u00f3n hasta la planificaci\u00f3n de las p\u00e1ginas, nuestros <strong>atractivos interfaces de usuario<\/strong> le permiten crear, editar y evaluar sus materiales publicitarios de forma sencilla e intuitiva. Los datos pueden incorporarse a LAGO <strong>desde diversas fuentes<\/strong>, lo que simplifica sus procesos y hace que su trabajo sea m\u00e1s eficaz y eficiente.[\/vc_column_text][vc_single_image media=&#8221;8640&#8243; media_width_percent=&#8221;80&#8243;][\/vc_column_inner][\/vc_row_inner][\/vc_tab][vc_tab title=&#8221;Planificaci\u00f3n&#8221; tab_id=&#8221;1504172478-2-9017181828842501723636121555&#8243;][vc_row_inner][vc_column_inner width=&#8221;1\/1&#8243;][vc_column_text text_lead=&#8221;yes&#8221;]Cree f\u00e1cilmente la <strong>planificaci\u00f3n gr\u00e1fica de art\u00edculos<\/strong> gracias al exclusivo m\u00f3dulo de <strong>whiteboard<\/strong>. Los procesos de integraci\u00f3n de la gesti\u00f3n de productos se dise\u00f1an de forma eficaz y eficiente. Gracias a la conexi\u00f3n con el <strong>an\u00e1lisis en tiempo real<\/strong>, tambi\u00e9n se puede reaccionar directamente en la pizarra blanca ante las ventas o el volumen de negocios.[\/vc_column_text][vc_single_image media=&#8221;44565&#8243; media_width_percent=&#8221;80&#8243; uncode_shortcode_id=&#8221;156230&#8243;][\/vc_column_inner][\/vc_row_inner][\/vc_tab][vc_tab title=&#8221;Proceso dise\u00f1o&#8221; tab_id=&#8221;1504172747907-2-317181828842501723636121555&#8243;][vc_row_inner][vc_column_inner width=&#8221;1\/1&#8243;][vc_column_text text_lead=&#8221;yes&#8221; uncode_shortcode_id=&#8221;814280&#8243;]<br \/>\nGracias a la <strong>perfecta integraci\u00f3n<\/strong> de nuestro complemento para <a href=\"https:\/\/www.comosoft.eu\/es\/adobe-indesign-lago-layout\/\"><strong>Adobe InDesign<\/strong><\/a>, desarrollado por nosotros mismos, sus dise\u00f1adores gr\u00e1ficos podr\u00e1n concentrarse y centrarse en el dise\u00f1o creativo. Los datos del producto se <strong>actualizan en tiempo real gracias a la tecnolog\u00eda de marcadores de posici\u00f3n<\/strong>, lo que reduce considerablemente la tasa de errores.<br \/>\n[\/vc_column_text][vc_single_image media=&#8221;8643&#8243; media_width_percent=&#8221;80&#8243;][\/vc_column_inner][\/vc_row_inner][\/vc_tab][vc_tab title=&#8221;proceso de correcci\u00f3n&#8221; tab_id=&#8221;1504172777889-3-517181828842501723636121555&#8243;][vc_row_inner][vc_column_inner width=&#8221;1\/1&#8243;][vc_column_text text_lead=&#8221;yes&#8221;]<br \/>\nEl m\u00f3dulo de <strong>workflow de correcci\u00f3n<\/strong> de LAGO se combina directamente con el m\u00f3dulo de whiteboard. Este proceso, <strong>probado desde hace mucho tiempo, permite una cooperaci\u00f3n precisa y bidireccional<\/strong> entre compras, planificaci\u00f3n de medios publicitarios y dise\u00f1o gr\u00e1fico. Los cambios visuales y de contenido se convierten en un juego de ni\u00f1os gracias a las marcas de correcci\u00f3n digitales.<br \/>\n[\/vc_column_text][vc_single_image media=&#8221;44574&#8243; media_width_percent=&#8221;80&#8243; uncode_shortcode_id=&#8221;487846&#8243;][\/vc_column_inner][\/vc_row_inner][\/vc_tab][vc_tab title=&#8221;proceso de aprobaci\u00f3n&#8221; tab_id=&#8221;1504172792638-4-617181828842501723636121555&#8243;][vc_row_inner][vc_column_inner width=&#8221;1\/1&#8243;][vc_column_text text_lead=&#8221;yes&#8221;]La finalizaci\u00f3n del dise\u00f1o de la p\u00e1gina y la autorizaci\u00f3n para la impresi\u00f3n pueden automatizarse por completo tras un breve ciclo de correcciones.[\/vc_column_text][vc_single_image media=&#8221;44573&#8243; media_width_percent=&#8221;80&#8243; uncode_shortcode_id=&#8221;627222&#8243;][\/vc_column_inner][\/vc_row_inner][\/vc_tab][vc_tab title=&#8221;DOCUMENTO IMPRESO&#8221; tab_id=&#8221;1504172808029-5-517181828842501723636121555&#8243;][vc_row_inner][vc_column_inner width=&#8221;1\/1&#8243;][vc_column_text text_lead=&#8221;yes&#8221;]Al final del proceso de creaci\u00f3n de material publicitario, LAGO genera <strong>documentos PDF<\/strong> de su material publicitario. Estos pueden enviarse directamente a la imprenta o a los proveedores de servicios para su <strong>producci\u00f3n<\/strong>.[\/vc_column_text][vc_single_image media=&#8221;8658&#8243; media_width_percent=&#8221;80&#8243;][\/vc_column_inner][\/vc_row_inner][\/vc_tab][\/vc_tabs][\/vc_column][\/vc_row][vc_row row_height_percent=&#8221;0&#8243; overlay_alpha=&#8221;50&#8243; gutter_size=&#8221;3&#8243; shift_y=&#8221;0&#8243;][vc_column width=&#8221;1\/1&#8243;][uncode_block id=&#8221;16629&#8243;][\/vc_column][\/vc_row][vc_row row_height_percent=&#8221;0&#8243; overlay_alpha=&#8221;50&#8243; gutter_size=&#8221;3&#8243; shift_y=&#8221;0&#8243;][vc_column width=&#8221;1\/1&#8243;][vc_column_text]<strong>La digitalizaci\u00f3n y el comercio omnicanal plantean cada d\u00eda nuevos retos a empresas de los m\u00e1s diversos <a href=\"https:\/\/www.comosoft.eu\/es\/sectores\/\">sectores<\/a>. Nuestros expertos, con muchos a\u00f1os de experiencia, satisfacen principalmente a clientes de los siguientes \u00e1mbitos:<\/strong>[\/vc_column_text][\/vc_column][\/vc_row][vc_row row_height_percent=&#8221;0&#8243; overlay_alpha=&#8221;50&#8243; gutter_size=&#8221;3&#8243; shift_y=&#8221;0&#8243;][vc_column width=&#8221;1\/1&#8243;][uncode_block id=&#8221;14960&#8243;][\/vc_column][\/vc_row][vc_row][vc_column width=&#8221;1\/1&#8243;][vc_column_text uncode_shortcode_id=&#8221;186992&#8243;]<strong>En nuestro blog descubrir\u00e1 las \u00faltimas tendencias, consejos \u00fatiles y apasionantes historias del mundo del eCommerce. Nuestros art\u00edculos est\u00e1n dise\u00f1ados para inspirar y motivar la innovaci\u00f3n, tanto si necesita conocimientos del sector como consejos pr\u00e1cticos. Todo sobre comercio electr\u00f3nico, comercio minorista y gesti\u00f3n de datos.<\/strong>[\/vc_column_text][\/vc_column][\/vc_row][vc_row][vc_column width=&#8221;1\/1&#8243;][uncode_index el_id=&#8221;index-139379&#8243; loop=&#8221;size:3|order_by:date|post_type:post|taxonomy_count:10&#8243; screen_lg=&#8221;1000&#8243; screen_md=&#8221;600&#8243; screen_sm=&#8221;480&#8243; gutter_size=&#8221;3&#8243; post_items=&#8221;media|featured|onpost|original,title,date,text|excerpt,link|default|default_size|Leer m\u00e1s&#8221; pagination=&#8221;yes&#8221; single_overlay_opacity=&#8221;50&#8243; single_padding=&#8221;2&#8243; uncode_shortcode_id=&#8221;120975&#8243;][\/vc_column][\/vc_row]<\/p>\n<\/div>","protected":false},"excerpt":{"rendered":"<p>LAGO es un software de producci\u00f3n con un sistema PIM y un sistema DAM. La plataforma se basa en la nube y  gestiona la informaci\u00f3n de tus productos y recursos digitales de forma centralizada. LAGO permite planificar de forma sencilla y eficiente cat\u00e1logos de productos, sitios web, material publicitario y mucho m\u00e1s.<\/p>\n","protected":false},"author":103,"featured_media":16938,"parent":0,"menu_order":0,"comment_status":"closed","ping_status":"closed","template":"","meta":{"footnotes":""},"class_list":["post-6713","page","type-page","status-publish","has-post-thumbnail","hentry"],"yoast_head":"<!-- This site is optimized with the Yoast SEO plugin v27.3 - https:\/\/yoast.com\/product\/yoast-seo-wordpress\/ -->\n<title>Producci\u00f3n automatizada de marketing integral con LAGO<\/title>\n<meta name=\"description\" content=\"Reduzca el tiempo invertido hasta en un 75 % con LAGO: su soluci\u00f3n multicanal con integraci\u00f3n PIM y DAM. \u2794 Reservar demostraci\u00f3n\" \/>\n<meta name=\"robots\" content=\"index, follow, max-snippet:-1, max-image-preview:large, max-video-preview:-1\" \/>\n<link rel=\"canonical\" href=\"https:\/\/www.comosoft.eu\/es\/\" \/>\n<meta property=\"og:locale\" content=\"es_ES\" \/>\n<meta property=\"og:type\" content=\"article\" \/>\n<meta property=\"og:title\" content=\"Producci\u00f3n automatizada de marketing integral con LAGO\" \/>\n<meta property=\"og:description\" content=\"Reduzca el tiempo invertido hasta en un 75 % con LAGO: su soluci\u00f3n multicanal con integraci\u00f3n PIM y DAM. \u2794 Reservar demostraci\u00f3n\" \/>\n<meta property=\"og:url\" content=\"https:\/\/www.comosoft.eu\/es\/\" \/>\n<meta property=\"og:site_name\" content=\"Comosoft\" \/>\n<meta property=\"article:modified_time\" content=\"2025-11-19T12:26:20+00:00\" \/>\n<meta property=\"og:image\" content=\"https:\/\/www.comosoft.eu\/wp-content\/uploads\/2021\/01\/Digital-publishing.jpg\" \/>\n\t<meta property=\"og:image:width\" content=\"2000\" \/>\n\t<meta property=\"og:image:height\" content=\"1334\" \/>\n\t<meta property=\"og:image:type\" content=\"image\/jpeg\" \/>\n<meta name=\"twitter:card\" content=\"summary_large_image\" \/>\n<!-- \/ Yoast SEO plugin. -->","yoast_head_json":{"title":"Producci\u00f3n automatizada de marketing integral con LAGO","description":"Reduzca el tiempo invertido hasta en un 75 % con LAGO: su soluci\u00f3n multicanal con integraci\u00f3n PIM y DAM. \u2794 Reservar demostraci\u00f3n","robots":{"index":"index","follow":"follow","max-snippet":"max-snippet:-1","max-image-preview":"max-image-preview:large","max-video-preview":"max-video-preview:-1"},"canonical":"https:\/\/www.comosoft.eu\/es\/","og_locale":"es_ES","og_type":"article","og_title":"Producci\u00f3n automatizada de marketing integral con LAGO","og_description":"Reduzca el tiempo invertido hasta en un 75 % con LAGO: su soluci\u00f3n multicanal con integraci\u00f3n PIM y DAM. \u2794 Reservar demostraci\u00f3n","og_url":"https:\/\/www.comosoft.eu\/es\/","og_site_name":"Comosoft","article_modified_time":"2025-11-19T12:26:20+00:00","og_image":[{"width":2000,"height":1334,"url":"https:\/\/www.comosoft.eu\/wp-content\/uploads\/2021\/01\/Digital-publishing.jpg","type":"image\/jpeg"}],"twitter_card":"summary_large_image","schema":{"@context":"https:\/\/schema.org","@graph":[{"@type":"WebPage","@id":"https:\/\/www.comosoft.eu\/es\/","url":"https:\/\/www.comosoft.eu\/es\/","name":"Producci\u00f3n automatizada de marketing integral con LAGO","isPartOf":{"@id":"https:\/\/www.comosoft.eu\/es\/#website"},"primaryImageOfPage":{"@id":"https:\/\/www.comosoft.eu\/es\/#primaryimage"},"image":{"@id":"https:\/\/www.comosoft.eu\/es\/#primaryimage"},"thumbnailUrl":"https:\/\/www.comosoft.eu\/wp-content\/uploads\/2021\/01\/Digital-publishing.jpg","datePublished":"2019-03-14T08:50:58+00:00","dateModified":"2025-11-19T12:26:20+00:00","description":"Reduzca el tiempo invertido hasta en un 75 % con LAGO: su soluci\u00f3n multicanal con integraci\u00f3n PIM y DAM. \u2794 Reservar demostraci\u00f3n","breadcrumb":{"@id":"https:\/\/www.comosoft.eu\/es\/#breadcrumb"},"inLanguage":"es","potentialAction":[{"@type":"ReadAction","target":["https:\/\/www.comosoft.eu\/es\/"]}]},{"@type":"ImageObject","inLanguage":"es","@id":"https:\/\/www.comosoft.eu\/es\/#primaryimage","url":"https:\/\/www.comosoft.eu\/wp-content\/uploads\/2021\/01\/Digital-publishing.jpg","contentUrl":"https:\/\/www.comosoft.eu\/wp-content\/uploads\/2021\/01\/Digital-publishing.jpg","width":2000,"height":1334,"caption":"Producci\u00f3n automatizada de marketing integral\u00a0con LAGO"},{"@type":"BreadcrumbList","@id":"https:\/\/www.comosoft.eu\/es\/#breadcrumb","itemListElement":[{"@type":"ListItem","position":1,"name":"Home","item":"https:\/\/www.comosoft.eu\/es\/"},{"@type":"ListItem","position":2,"name":"Producci\u00f3n automatizada de marketing integral\u00a0con LAGO"}]},{"@type":"WebSite","@id":"https:\/\/www.comosoft.eu\/es\/#website","url":"https:\/\/www.comosoft.eu\/es\/","name":"Comosoft","description":"Multichannel Solutions","publisher":{"@id":"https:\/\/www.comosoft.eu\/es\/#organization"},"potentialAction":[{"@type":"SearchAction","target":{"@type":"EntryPoint","urlTemplate":"https:\/\/www.comosoft.eu\/es\/?s={search_term_string}"},"query-input":{"@type":"PropertyValueSpecification","valueRequired":true,"valueName":"search_term_string"}}],"inLanguage":"es"},{"@type":"Organization","@id":"https:\/\/www.comosoft.eu\/es\/#organization","name":"Comosoft GmbH","alternateName":"Multichannel Solutions","url":"https:\/\/www.comosoft.eu\/es\/","logo":{"@type":"ImageObject","inLanguage":"es","@id":"https:\/\/www.comosoft.eu\/es\/#\/schema\/logo\/image\/","url":"https:\/\/www.comosoft.eu\/wp-content\/uploads\/2021\/01\/Comosoft-Logo463.png","contentUrl":"https:\/\/www.comosoft.eu\/wp-content\/uploads\/2021\/01\/Comosoft-Logo463.png","width":1654,"height":337,"caption":"Comosoft GmbH"},"image":{"@id":"https:\/\/www.comosoft.eu\/es\/#\/schema\/logo\/image\/"},"sameAs":["https:\/\/de.linkedin.com\/company\/comosoft?original_referer=httpswww.google.com"]}]}},"_links":{"self":[{"href":"https:\/\/www.comosoft.eu\/es\/wp-json\/wp\/v2\/pages\/6713","targetHints":{"allow":["GET"]}}],"collection":[{"href":"https:\/\/www.comosoft.eu\/es\/wp-json\/wp\/v2\/pages"}],"about":[{"href":"https:\/\/www.comosoft.eu\/es\/wp-json\/wp\/v2\/types\/page"}],"author":[{"embeddable":true,"href":"https:\/\/www.comosoft.eu\/es\/wp-json\/wp\/v2\/users\/103"}],"replies":[{"embeddable":true,"href":"https:\/\/www.comosoft.eu\/es\/wp-json\/wp\/v2\/comments?post=6713"}],"version-history":[{"count":33,"href":"https:\/\/www.comosoft.eu\/es\/wp-json\/wp\/v2\/pages\/6713\/revisions"}],"predecessor-version":[{"id":50080,"href":"https:\/\/www.comosoft.eu\/es\/wp-json\/wp\/v2\/pages\/6713\/revisions\/50080"}],"wp:featuredmedia":[{"embeddable":true,"href":"https:\/\/www.comosoft.eu\/es\/wp-json\/wp\/v2\/media\/16938"}],"wp:attachment":[{"href":"https:\/\/www.comosoft.eu\/es\/wp-json\/wp\/v2\/media?parent=6713"}],"curies":[{"name":"wp","href":"https:\/\/api.w.org\/{rel}","templated":true}]}}