{"id":6711,"date":"2019-03-14T13:22:43","date_gmt":"2019-03-14T12:22:43","guid":{"rendered":"https:\/\/www.comosoft.com\/?page_id=6711"},"modified":"2023-08-04T10:48:33","modified_gmt":"2023-08-04T08:48:33","slug":"live-demo","status":"publish","type":"page","link":"https:\/\/www.comosoft.eu\/es\/live-demo\/","title":{"rendered":"Live-Demo"},"content":{"rendered":"<div class=\"wpb-content-wrapper\"><p>[vc_row unlock_row_content=&#8221;yes&#8221; row_height_percent=&#8221;0&#8243; override_padding=&#8221;yes&#8221; h_padding=&#8221;0&#8243; top_padding=&#8221;0&#8243; bottom_padding=&#8221;0&#8243; overlay_alpha=&#8221;50&#8243; equal_height=&#8221;yes&#8221; gutter_size=&#8221;0&#8243; column_width_percent=&#8221;100&#8243; shift_y=&#8221;0&#8243; z_index=&#8221;0&#8243; uncode_shortcode_id=&#8221;119079&#8243; row_name=&#8221;bookademo&#8221;][vc_column column_width_percent=&#8221;100&#8243; position_vertical=&#8221;middle&#8221; gutter_size=&#8221;3&#8243; override_padding=&#8221;yes&#8221; column_padding=&#8221;2&#8243; back_color=&#8221;accent&#8221; back_image=&#8221;8147&#8243; overlay_color=&#8221;color-xsdn&#8221; overlay_alpha=&#8221;70&#8243; shift_x=&#8221;0&#8243; shift_y=&#8221;0&#8243; shift_y_down=&#8221;0&#8243; z_index=&#8221;0&#8243; medium_width=&#8221;0&#8243; mobile_width=&#8221;0&#8243; width=&#8221;1\/2&#8243; uncode_shortcode_id=&#8221;777722&#8243; back_color_type=&#8221;uncode-palette&#8221; css=&#8221;.vc_custom_1656417227704{padding-right: 10% !important;padding-left: 10% !important;}&#8221; overlay_color_type=&#8221;uncode-palette&#8221;][vc_column_text text_lead=&#8221;yes&#8221; uncode_shortcode_id=&#8221;135569&#8243;]<\/p>\n<h1>Demostraci\u00f3n en vivo de LAGO<\/h1>\n<p>[\/vc_column_text][uncode_list icon=&#8221;fa fa-check&#8221; icon_color=&#8221;color-jevc&#8221; css_animation=&#8221;left-t-right&#8221; uncode_shortcode_id=&#8221;176137&#8243; icon_color_type=&#8221;uncode-palette&#8221;]<\/p>\n<ul>\n<li><span style=\"color: #000000;\"><strong><span class=\"font-762333\">Seleccione su fecha m\u00e1s conveniente<\/span><\/strong><\/span><\/li>\n<li><span style=\"color: #000000;\"><strong><span class=\"font-762333\">Coordine con nuestros expertos los temas m\u00e1s relevantes para su empresa\u00a0<\/span><\/strong><\/span><\/li>\n<li><span style=\"color: #000000;\"><strong><span class=\"font-762333\">Duraci\u00f3n: 1\/2 &#8211; 1 hora de demostraci\u00f3n &#8211; usted decide lo que quiere ver de LAGO<\/span><\/strong><\/span><\/li>\n<li><span style=\"color: #000000;\"><strong><span class=\"font-762333\">Demostraci\u00f3n en vivo online: adaptada a sus necesidades<br \/>\n<\/span><\/strong><\/span><\/li>\n<\/ul>\n<p>[\/uncode_list][vc_separator sep_color=&#8221;color-jevc&#8221; uncode_shortcode_id=&#8221;271835&#8243; sep_color_type=&#8221;uncode-palette&#8221;][vc_column_text text_lead=&#8221;yes&#8221; text_color=&#8221;color-jevc&#8221; uncode_shortcode_id=&#8221;179054&#8243; text_color_type=&#8221;uncode-palette&#8221;]<\/p>\n<h2>V\u00e9alo usted mismo<\/h2>\n<p>Estaremos encantados de mostrarle las ventajas de <a href=\"https:\/\/www.comosoft.eu\/es\/multichannel-software-lago\/\">LAGO<\/a> en una <strong>demostraci\u00f3n personal en vivo<\/strong>: concierte una cita hoy mismo.<\/p>\n<p>Tras una consulta telef\u00f3nica, le presentaremos los m\u00f3dulos que prefiera en una <strong>demostraci\u00f3n web<\/strong> en el plazo de una hora aproximadamente. Ya se trate de la creaci\u00f3n automatizada de medios publicitarios con el complemento de InDesign, de la exportaci\u00f3n para comercio electr\u00f3nico o de la gesti\u00f3n de datos de los productos, nos adaptamos a sus necesidades espec\u00edficas y evaluamos junto con usted las <strong>mejores soluciones<\/strong> para afrontar los retos del\u00a0<strong>marketing omnicanal<\/strong>.[\/vc_column_text][\/vc_column][vc_column column_width_percent=&#8221;100&#8243; position_vertical=&#8221;middle&#8221; gutter_size=&#8221;3&#8243; override_padding=&#8221;yes&#8221; column_padding=&#8221;1&#8243; back_color=&#8221;accent&#8221; overlay_alpha=&#8221;90&#8243; shift_x=&#8221;0&#8243; shift_y=&#8221;0&#8243; shift_y_down=&#8221;0&#8243; z_index=&#8221;0&#8243; medium_width=&#8221;0&#8243; mobile_width=&#8221;0&#8243; width=&#8221;1\/2&#8243; uncode_shortcode_id=&#8221;198492&#8243; css=&#8221;.vc_custom_1656417241539{padding-top: 100px !important;padding-right: 10% !important;padding-bottom: 100px !important;padding-left: 10% !important;}&#8221; back_color_type=&#8221;uncode-palette&#8221;][vc_column_text uncode_shortcode_id=&#8221;123500&#8243;]<\/p>\n<h3><span style=\"color: #ffffff;\">Rellene el formulario y nos pondremos en contacto con usted lo antes posible.<\/span><\/h3>\n<p>[\/vc_column_text]\n<div class=\"wpcf7 no-js\" id=\"wpcf7-f19522-o1\" lang=\"en-GB\" dir=\"ltr\" data-wpcf7-id=\"19522\">\n<div class=\"screen-reader-response\"><p role=\"status\" aria-live=\"polite\" aria-atomic=\"true\"><\/p> <ul><\/ul><\/div>\n<form action=\"\/es\/wp-json\/wp\/v2\/pages\/6711#wpcf7-f19522-o1\" method=\"post\" class=\"wpcf7-form init\" aria-label=\"Contact form\" novalidate=\"novalidate\" data-status=\"init\">\n<fieldset class=\"hidden-fields-container\"><input type=\"hidden\" name=\"_wpcf7\" value=\"19522\" \/><input type=\"hidden\" name=\"_wpcf7_version\" value=\"6.1.5\" \/><input type=\"hidden\" name=\"_wpcf7_locale\" value=\"en_GB\" \/><input type=\"hidden\" name=\"_wpcf7_unit_tag\" value=\"wpcf7-f19522-o1\" \/><input type=\"hidden\" name=\"_wpcf7_container_post\" value=\"0\" \/><input type=\"hidden\" name=\"_wpcf7_posted_data_hash\" value=\"\" \/>\n<\/fieldset>\n<style>\n.wpcf7 div.wpcf7-response-output{\n border: 1px solid #b6d741;\n padding: 1rem;\n font-size: 1.2rem;\n}\n.l {\n display:inline-block;\n width:calc(100% - 16px);\n margin-right:16px;\n}\n@media (min-width: 500px){\n .l-50 {\n width:calc(50% - 16px);\n }\n}\n@media (min-width: 500px){\n .l-70 {\n width:calc(70% - 16px);\n }\n}\n@media (min-width: 500px){\n .l-30 {\n width:calc(30% - 16px);\n }\n}\n<\/style>\n<div>\n\t<p><label class=\"l l-50\"; style=\"color: #ffffff\"> *Nombre <a style=\"color: #8c8c8c\"><span class=\"wpcf7-form-control-wrap\" data-name=\"your-name\"><input size=\"40\" maxlength=\"400\" class=\"wpcf7-form-control wpcf7-text wpcf7-validates-as-required\" aria-required=\"true\" aria-invalid=\"false\" value=\"\" type=\"text\" name=\"your-name\" \/><\/span> <\/a><\/label><label class=\"l l-50\"; style=\"color: #ffffff\"> *Apellidos <a style=\"color: #8c8c8c\"><span class=\"wpcf7-form-control-wrap\" data-name=\"your-surname\"><input size=\"40\" maxlength=\"400\" class=\"wpcf7-form-control wpcf7-text wpcf7-validates-as-required\" aria-required=\"true\" aria-invalid=\"false\" value=\"\" type=\"text\" name=\"your-surname\" \/><\/span><\/a> <\/label>\n\t<\/p>\n<\/div>\n<div>\n\t<p><label class=\"l l-50\"; style=\"color: #ffffff\"> *Empresa <a style=\"color: #8c8c8c\"><span class=\"wpcf7-form-control-wrap\" data-name=\"your-company\"><input size=\"40\" maxlength=\"400\" class=\"wpcf7-form-control wpcf7-text wpcf7-validates-as-required\" aria-required=\"true\" aria-invalid=\"false\" value=\"\" type=\"text\" name=\"your-company\" \/><\/span> <\/a><\/label><label class=\"l l-50\"; style=\"color: #ffffff\"> *Email <a style=\"color: #8c8c8c\"><span class=\"wpcf7-form-control-wrap\" data-name=\"your-email\"><input size=\"40\" maxlength=\"400\" class=\"wpcf7-form-control wpcf7-text wpcf7-validates-as-required\" aria-required=\"true\" aria-invalid=\"false\" value=\"\" type=\"text\" name=\"your-email\" \/><\/span> <\/a><\/label>\n\t<\/p>\n<\/div>\n<div>\n\t<p><label class=\"l l-50\"; style=\"color: #ffffff\"> \u00bfCu\u00e1ndo desea participar? <span class=\"wpcf7-form-control-wrap\" data-name=\"date-508\"><input class=\"wpcf7-form-control wpcf7-date wpcf7-validates-as-date\" aria-invalid=\"false\" value=\"\" type=\"date\" name=\"date-508\" \/><\/span> <\/label><label class=\"l l-50\"; style=\"color: #ffffff\"> Aqu\u00ed puede seleccionar una franja horaria <span class=\"wpcf7-form-control-wrap\" data-name=\"menu-549\"><select class=\"wpcf7-form-control wpcf7-select\" aria-invalid=\"false\" name=\"menu-549\"><option value=\"Horarios\">Horarios<\/option><option value=\"9-12h\">9-12h<\/option><option value=\"13-15h\">13-15h<\/option><option value=\"16-18h\">16-18h<\/option><\/select><\/span> <\/label>\n\t<\/p>\n<\/div>\n<p><span id=\"wpcf7-69de1ce7d0bde-wrapper\" class=\"wpcf7-form-control-wrap website-162-wrap\" ><label for=\"wpcf7-69de1ce7d0bde-field\" class=\"hp-message\">Please leave this field empty.<\/label><input id=\"wpcf7-69de1ce7d0bde-field\"  class=\"wpcf7-form-control wpcf7-text\" type=\"text\" name=\"website-162\" value=\"\" size=\"40\" tabindex=\"-1\" autocomplete=\"new-password\" \/><\/span><br \/>\n<span id=\"wpcf7-69de1ce7d0c5b-wrapper\" class=\"wpcf7-form-control-wrap email-162-wrap\" ><label for=\"wpcf7-69de1ce7d0c5b-field\" class=\"hp-message\">Please leave this field empty.<\/label><input id=\"wpcf7-69de1ce7d0c5b-field\"  class=\"wpcf7-form-control wpcf7-text\" type=\"text\" name=\"email-162\" value=\"\" size=\"40\" tabindex=\"-1\" autocomplete=\"new-password\" \/><\/span>\n<\/p>\n<div>\n\t<p style=\"color: #ffffff;\">Los datos del formulario de contacto se recogen y procesan para responder a su consulta. Encontrar\u00e1 informaci\u00f3n detallada sobre el tratamiento de los datos de los usuarios en nuestra <a href=\"https:\/\/www.comosoft.eu\/es\/proteccion-de-datos\/\"; style=\"color: #ffffff\"><u>Pol\u00edtica de privacidad<\/u><\/a>.\n\t<\/p>\n<\/div>\n<div>\n\t<p style=\"color: #ffffff;\">\n\t<\/p>\n<\/div>\n<p><input class=\"wpcf7-form-control wpcf7-submit has-spinner btn btn-black\" type=\"submit\" value=\"Pedir cita\" \/>\n<\/p><div class=\"wpcf7-response-output\" aria-hidden=\"true\"><\/div>\n<\/form>\n<\/div>\n[\/vc_column][\/vc_row][vc_row row_height_percent=&#8221;0&#8243; override_padding=&#8221;yes&#8221; h_padding=&#8221;2&#8243; top_padding=&#8221;2&#8243; bottom_padding=&#8221;2&#8243; overlay_alpha=&#8221;50&#8243; gutter_size=&#8221;3&#8243; shift_y=&#8221;0&#8243;][vc_column width=&#8221;1\/1&#8243;][vc_accordion][vc_accordion_tab gutter_size=&#8221;2&#8243; column_padding=&#8221;2&#8243; title=&#8221;\u00bfCu\u00e1l es el siguiente paso?&#8221; tab_id=&#8221;1651043025-1-61651565202204&#8243;][vc_column_text uncode_shortcode_id=&#8221;781383&#8243;]Despu\u00e9s de que nuestro experto en LAGO le haya demostrado las funciones deseadas y nuestro software le haya convencido, se concertar\u00e1n citas para definir los siguientes pasos. Nuestros profesionales seguir\u00e1n asesor\u00e1ndole y ayud\u00e1ndole a implantar la mejor soluci\u00f3n para su empresa.[\/vc_column_text][\/vc_accordion_tab][vc_accordion_tab gutter_size=&#8221;2&#8243; column_padding=&#8221;2&#8243; title=&#8221;\u00bfPueden participar varias personas?&#8221; tab_id=&#8221;1651045647917-2-11651565202204&#8243;][vc_column_text uncode_shortcode_id=&#8221;469961&#8243;]Por supuesto que\u00a0varios participantes pueden estar presentes en la demostraci\u00f3n. Precisamente porque LAGO implica a todos los departamentos de su producci\u00f3n publicitaria, tiene sentido la participaci\u00f3n de otros equipos de su empresa.[\/vc_column_text][\/vc_accordion_tab][vc_accordion_tab gutter_size=&#8221;2&#8243; column_padding=&#8221;2&#8243; title=&#8221;\u00bfNecesito alg\u00fan dispositivo espec\u00edfico?&#8221; tab_id=&#8221;1651043025-2-731651565202204&#8243;][vc_column_text uncode_shortcode_id=&#8221;138317&#8243;]No necesita ning\u00fan dispositivo en concreto. Para entender mejor las caracter\u00edsticas de LAGO y tener la mejor experiencia visual, le recomendamos que siga la demostraci\u00f3n web en pantalla en lugar de en tabletas o dispositivos m\u00e1s peque\u00f1os.[\/vc_column_text][\/vc_accordion_tab][\/vc_accordion][\/vc_column][\/vc_row][vc_row][vc_column width=&#8221;1\/1&#8243;][vc_row_inner][vc_column_inner width=&#8221;1\/1&#8243;][uncode_block id=&#8221;17902&#8243;][\/vc_column_inner][\/vc_row_inner][\/vc_column][\/vc_row]<\/p>\n<\/div>","protected":false},"excerpt":{"rendered":"<p>[vc_row unlock_row_content=&#8221;yes&#8221; row_height_percent=&#8221;0&#8243; override_padding=&#8221;yes&#8221; h_padding=&#8221;0&#8243; top_padding=&#8221;0&#8243; bottom_padding=&#8221;0&#8243; overlay_alpha=&#8221;50&#8243; equal_height=&#8221;yes&#8221; gutter_size=&#8221;0&#8243; column_width_percent=&#8221;100&#8243; shift_y=&#8221;0&#8243; z_index=&#8221;0&#8243; uncode_shortcode_id=&#8221;119079&#8243; row_name=&#8221;bookademo&#8221;][vc_column column_width_percent=&#8221;100&#8243; position_vertical=&#8221;middle&#8221; gutter_size=&#8221;3&#8243; override_padding=&#8221;yes&#8221; column_padding=&#8221;2&#8243; [&hellip;]<\/p>\n","protected":false},"author":103,"featured_media":8154,"parent":0,"menu_order":0,"comment_status":"closed","ping_status":"closed","template":"","meta":{"footnotes":""},"class_list":["post-6711","page","type-page","status-publish","has-post-thumbnail","hentry"],"yoast_head":"<!-- This site is optimized with the Yoast SEO plugin v27.3 - https:\/\/yoast.com\/product\/yoast-seo-wordpress\/ -->\n<title>Live-Demo \/ Comosoft<\/title>\n<meta name=\"description\" content=\"Live-Demo: Demostraci\u00f3n en vivo de LAGO Seleccione su fecha m\u00e1s conveniente Coordine con nuestros expertos los temas m\u00e1s relevantes para su empresa\u00a0 Duraci\u00f3n: 1\/2 -\" \/>\n<meta name=\"robots\" content=\"index, follow, max-snippet:-1, max-image-preview:large, max-video-preview:-1\" \/>\n<link rel=\"canonical\" href=\"https:\/\/www.comosoft.eu\/es\/live-demo\/\" \/>\n<meta property=\"og:locale\" content=\"es_ES\" \/>\n<meta property=\"og:type\" content=\"article\" \/>\n<meta property=\"og:title\" content=\"Live-Demo \/ Comosoft\" \/>\n<meta property=\"og:description\" content=\"Live-Demo: Demostraci\u00f3n en vivo de LAGO Seleccione su fecha m\u00e1s conveniente Coordine con nuestros expertos los temas m\u00e1s relevantes para su empresa\u00a0 Duraci\u00f3n: 1\/2 -\" \/>\n<meta property=\"og:url\" content=\"https:\/\/www.comosoft.eu\/es\/live-demo\/\" \/>\n<meta property=\"og:site_name\" content=\"Comosoft\" \/>\n<meta property=\"article:modified_time\" content=\"2023-08-04T08:48:33+00:00\" \/>\n<meta property=\"og:image\" content=\"https:\/\/www.comosoft.eu\/wp-content\/uploads\/2017\/06\/Lago_Layout.png\" \/>\n\t<meta property=\"og:image:width\" content=\"1043\" \/>\n\t<meta property=\"og:image:height\" content=\"668\" \/>\n\t<meta property=\"og:image:type\" content=\"image\/png\" \/>\n<meta name=\"twitter:card\" content=\"summary_large_image\" \/>\n<!-- \/ Yoast SEO plugin. -->","yoast_head_json":{"title":"Live-Demo \/ Comosoft","description":"Live-Demo: Demostraci\u00f3n en vivo de LAGO Seleccione su fecha m\u00e1s conveniente Coordine con nuestros expertos los temas m\u00e1s relevantes para su empresa\u00a0 Duraci\u00f3n: 1\/2 -","robots":{"index":"index","follow":"follow","max-snippet":"max-snippet:-1","max-image-preview":"max-image-preview:large","max-video-preview":"max-video-preview:-1"},"canonical":"https:\/\/www.comosoft.eu\/es\/live-demo\/","og_locale":"es_ES","og_type":"article","og_title":"Live-Demo \/ Comosoft","og_description":"Live-Demo: Demostraci\u00f3n en vivo de LAGO Seleccione su fecha m\u00e1s conveniente Coordine con nuestros expertos los temas m\u00e1s relevantes para su empresa\u00a0 Duraci\u00f3n: 1\/2 -","og_url":"https:\/\/www.comosoft.eu\/es\/live-demo\/","og_site_name":"Comosoft","article_modified_time":"2023-08-04T08:48:33+00:00","og_image":[{"width":1043,"height":668,"url":"https:\/\/www.comosoft.eu\/wp-content\/uploads\/2017\/06\/Lago_Layout.png","type":"image\/png"}],"twitter_card":"summary_large_image","schema":{"@context":"https:\/\/schema.org","@graph":[{"@type":"WebPage","@id":"https:\/\/www.comosoft.eu\/es\/live-demo\/","url":"https:\/\/www.comosoft.eu\/es\/live-demo\/","name":"Live-Demo \/ Comosoft","isPartOf":{"@id":"https:\/\/www.comosoft.eu\/es\/#website"},"primaryImageOfPage":{"@id":"https:\/\/www.comosoft.eu\/es\/live-demo\/#primaryimage"},"image":{"@id":"https:\/\/www.comosoft.eu\/es\/live-demo\/#primaryimage"},"thumbnailUrl":"https:\/\/www.comosoft.eu\/wp-content\/uploads\/2017\/06\/Lago_Layout.png","datePublished":"2019-03-14T12:22:43+00:00","dateModified":"2023-08-04T08:48:33+00:00","description":"Live-Demo: Demostraci\u00f3n en vivo de LAGO Seleccione su fecha m\u00e1s conveniente Coordine con nuestros expertos los temas m\u00e1s relevantes para su empresa\u00a0 Duraci\u00f3n: 1\/2 -","breadcrumb":{"@id":"https:\/\/www.comosoft.eu\/es\/live-demo\/#breadcrumb"},"inLanguage":"es","potentialAction":[{"@type":"ReadAction","target":["https:\/\/www.comosoft.eu\/es\/live-demo\/"]}]},{"@type":"ImageObject","inLanguage":"es","@id":"https:\/\/www.comosoft.eu\/es\/live-demo\/#primaryimage","url":"https:\/\/www.comosoft.eu\/wp-content\/uploads\/2017\/06\/Lago_Layout.png","contentUrl":"https:\/\/www.comosoft.eu\/wp-content\/uploads\/2017\/06\/Lago_Layout.png","width":1043,"height":668,"caption":"LAGO l\u00f6st Probleme im PIM-System"},{"@type":"BreadcrumbList","@id":"https:\/\/www.comosoft.eu\/es\/live-demo\/#breadcrumb","itemListElement":[{"@type":"ListItem","position":1,"name":"Home","item":"https:\/\/www.comosoft.eu\/es\/"},{"@type":"ListItem","position":2,"name":"Live-Demo"}]},{"@type":"WebSite","@id":"https:\/\/www.comosoft.eu\/es\/#website","url":"https:\/\/www.comosoft.eu\/es\/","name":"Comosoft","description":"Multichannel Solutions","publisher":{"@id":"https:\/\/www.comosoft.eu\/es\/#organization"},"potentialAction":[{"@type":"SearchAction","target":{"@type":"EntryPoint","urlTemplate":"https:\/\/www.comosoft.eu\/es\/?s={search_term_string}"},"query-input":{"@type":"PropertyValueSpecification","valueRequired":true,"valueName":"search_term_string"}}],"inLanguage":"es"},{"@type":"Organization","@id":"https:\/\/www.comosoft.eu\/es\/#organization","name":"Comosoft GmbH","alternateName":"Multichannel Solutions","url":"https:\/\/www.comosoft.eu\/es\/","logo":{"@type":"ImageObject","inLanguage":"es","@id":"https:\/\/www.comosoft.eu\/es\/#\/schema\/logo\/image\/","url":"https:\/\/www.comosoft.eu\/wp-content\/uploads\/2021\/01\/Comosoft-Logo463.png","contentUrl":"https:\/\/www.comosoft.eu\/wp-content\/uploads\/2021\/01\/Comosoft-Logo463.png","width":1654,"height":337,"caption":"Comosoft GmbH"},"image":{"@id":"https:\/\/www.comosoft.eu\/es\/#\/schema\/logo\/image\/"},"sameAs":["https:\/\/de.linkedin.com\/company\/comosoft?original_referer=httpswww.google.com"]}]}},"_links":{"self":[{"href":"https:\/\/www.comosoft.eu\/es\/wp-json\/wp\/v2\/pages\/6711","targetHints":{"allow":["GET"]}}],"collection":[{"href":"https:\/\/www.comosoft.eu\/es\/wp-json\/wp\/v2\/pages"}],"about":[{"href":"https:\/\/www.comosoft.eu\/es\/wp-json\/wp\/v2\/types\/page"}],"author":[{"embeddable":true,"href":"https:\/\/www.comosoft.eu\/es\/wp-json\/wp\/v2\/users\/103"}],"replies":[{"embeddable":true,"href":"https:\/\/www.comosoft.eu\/es\/wp-json\/wp\/v2\/comments?post=6711"}],"version-history":[{"count":12,"href":"https:\/\/www.comosoft.eu\/es\/wp-json\/wp\/v2\/pages\/6711\/revisions"}],"predecessor-version":[{"id":45289,"href":"https:\/\/www.comosoft.eu\/es\/wp-json\/wp\/v2\/pages\/6711\/revisions\/45289"}],"wp:featuredmedia":[{"embeddable":true,"href":"https:\/\/www.comosoft.eu\/es\/wp-json\/wp\/v2\/media\/8154"}],"wp:attachment":[{"href":"https:\/\/www.comosoft.eu\/es\/wp-json\/wp\/v2\/media?parent=6711"}],"curies":[{"name":"wp","href":"https:\/\/api.w.org\/{rel}","templated":true}]}}