{"id":6686,"date":"2019-02-08T10:12:26","date_gmt":"2019-02-08T09:12:26","guid":{"rendered":"https:\/\/www.comosoft.com\/?page_id=6686"},"modified":"2025-09-19T13:54:22","modified_gmt":"2025-09-19T11:54:22","slug":"clientes","status":"publish","type":"page","link":"https:\/\/www.comosoft.eu\/es\/clientes\/","title":{"rendered":"Clientes"},"content":{"rendered":"<div class=\"wpb-content-wrapper\"><p>[vc_row][vc_column width=&#8221;1\/1&#8243;][vc_column_text text_lead=&#8221;yes&#8221; uncode_shortcode_id=&#8221;184272&#8243;]<\/p>\n<h2>Empresas nacionales e internacionales han depositado su confianza en Comosoft<\/h2>\n<p>Las empresas se enfrentan al reto de satisfacer la complejidad en el negocio omnichannel. Ofrecemos a nuestros clientes una <strong>plataforma para implementar todos los aspectos de la edici\u00f3n omnichanne<\/strong>l, centralizada, eficiente y orientada a objetivos. Como <strong>sistema de marketing multicanal<\/strong>, Comosoft tiene tras de s\u00ed un largo historial lleno de \u00e9xito. Desde 1994, trabajamos para y con empresas l\u00edderes en los sectores de &#8220;bienes de consumo y venta al por menor&#8221;, &#8220;venta por correo y comercio electr\u00f3nico&#8221;, as\u00ed como &#8220;fabricantes e industria&#8221;. Pero tambi\u00e9n los proveedores de servicios de marketing pueden aportar con la gama de servicios <strong>un gran valor a\u00f1adido a su modelo comercial<\/strong>. Aqu\u00ed hay una selecci\u00f3n de nuestros clientes de Comosoft, activos a nivel mundial, que conf\u00edan en nuestro sistema diariamente.[\/vc_column_text][vc_row_inner][vc_column_inner width=&#8221;1\/1&#8243;][vc_gallery el_id=&#8221;gallery-103784&#8243; type=&#8221;carousel&#8221; medias=&#8221;6753,6755,1480,1052,1002,984,982,980,979,978,945,935,1042,1048,1011,1007,6754&#8243; carousel_lg=&#8221;4&#8243; carousel_md=&#8221;4&#8243; carousel_sm=&#8221;1&#8243; gutter_size=&#8221;0&#8243; media_items=&#8221;media|nolink|original&#8221; carousel_v_align=&#8221;middle&#8221; carousel_interval=&#8221;3000&#8243; carousel_navspeed=&#8221;400&#8243; carousel_loop=&#8221;yes&#8221; stage_padding=&#8221;0&#8243; single_overlay_opacity=&#8221;50&#8243; single_padding=&#8221;2&#8243; single_border=&#8221;yes&#8221; items=&#8221;eyIzMzA3X2kiOnsic2luZ2xlX2ljb24iOiIifSwiMTQ4MV9pIjp7InNpbmdsZV9pY29uIjoiIiwic2luZ2xlX2xpbmsiOiJ1cmw6aHR0cHMlM0ElMkYlMkZ3d3cucG9zY2guY29tJTJGfHx0YXJnZXQ6JTIwX2JsYW5rfCIsInNpbmdsZV9iYWNrX2NvbG9yIjoiIn19&#8243; uncode_shortcode_id=&#8221;132015&#8243;][\/vc_column_inner][\/vc_row_inner][\/vc_column][\/vc_row][vc_row][vc_column width=&#8221;1\/1&#8243;][vc_column_text]Comosoft lleva ya m\u00e1s de 20 a\u00f1os acompa\u00f1ando activamente a las empresas en la digitalizaci\u00f3n de sus procesos de marketing. En dicho sentido, los expertos de Comosoft no solo le ayudan con la implementaci\u00f3n del software, sino que tambi\u00e9n le apoyan, con su conocimiento especializado sobre los procesos, en la estrategia de comunicaci\u00f3n con sus clientes. Sobre la base de esta experiencia de muchos a\u00f1os, hemos podido desarrollar nuestros conocimientos especializados en los siguientes sectores:<\/p>\n<div><\/div>\n<p>[\/vc_column_text][vc_row_inner][vc_column_inner width=&#8221;1\/1&#8243;][uncode_block id=&#8221;15826&#8243;][\/vc_column_inner][\/vc_row_inner][\/vc_column][\/vc_row][vc_row row_height_percent=&#8221;0&#8243; overlay_alpha=&#8221;50&#8243; gutter_size=&#8221;3&#8243; shift_y=&#8221;0&#8243;][vc_column width=&#8221;1\/1&#8243;][uncode_block id=&#8221;16642&#8243;][\/vc_column][\/vc_row][vc_row row_height_percent=&#8221;0&#8243; back_color=&#8221;color-xsdn&#8221; overlay_alpha=&#8221;50&#8243; gutter_size=&#8221;3&#8243; column_width_percent=&#8221;100&#8243; shift_y=&#8221;0&#8243; z_index=&#8221;0&#8243; uncode_shortcode_id=&#8221;111504&#8243; back_color_type=&#8221;uncode-palette&#8221;][vc_column column_width_percent=&#8221;100&#8243; gutter_size=&#8221;3&#8243; override_padding=&#8221;yes&#8221; column_padding=&#8221;3&#8243; back_color=&#8221;color-xsdn&#8221; overlay_alpha=&#8221;50&#8243; shift_x=&#8221;0&#8243; shift_y=&#8221;0&#8243; shift_y_down=&#8221;0&#8243; z_index=&#8221;0&#8243; medium_width=&#8221;0&#8243; mobile_width=&#8221;0&#8243; width=&#8221;1\/1&#8243; uncode_shortcode_id=&#8221;213554&#8243; back_color_type=&#8221;uncode-palette&#8221;][vc_row_inner row_inner_height_percent=&#8221;0&#8243; overlay_alpha=&#8221;50&#8243; equal_height=&#8221;yes&#8221; gutter_size=&#8221;3&#8243; shift_y=&#8221;0&#8243;][vc_column_inner column_width_percent=&#8221;100&#8243; position_vertical=&#8221;middle&#8221; gutter_size=&#8221;3&#8243; overlay_alpha=&#8221;50&#8243; shift_x=&#8221;0&#8243; shift_y=&#8221;0&#8243; z_index=&#8221;0&#8243; medium_width=&#8221;0&#8243; width=&#8221;2\/3&#8243;][vc_column_text uncode_shortcode_id=&#8221;102894&#8243;]<\/p>\n<blockquote><p>Comosoft LAGO ist im Grunde unsere Tragkraft, die uns dabei hilft, komplexe Versionierungen und \u00c4nderungen in Echtzeit zu verwalten, und das kontinuierlich.<\/p>\n<p><strong>Joe Gies<\/strong>, Senior Marketing Manager, Bass Pro Shops<\/p><\/blockquote>\n<p>[\/vc_column_text][vc_button button_color=&#8221;color-wvjs&#8221; size=&#8221;btn-sm&#8221; outline=&#8221;yes&#8221; border_width=&#8221;0&#8243; link=&#8221;url:https%3A%2F%2Fwww.comosoft.eu%2Fde%2Ffallbeispiel-bass-pro-shops%2F|target:_blank&#8221; button_color_type=&#8221;uncode-palette&#8221; uncode_shortcode_id=&#8221;804613&#8243;]ZUM FALLBEISPIEL VON BASS PRO SHOPS[\/vc_button][\/vc_column_inner][vc_column_inner column_width_percent=&#8221;100&#8243; position_vertical=&#8221;middle&#8221; gutter_size=&#8221;3&#8243; overlay_alpha=&#8221;50&#8243; shift_x=&#8221;0&#8243; shift_y=&#8221;0&#8243; z_index=&#8221;0&#8243; medium_width=&#8221;0&#8243; width=&#8221;1\/3&#8243;][vc_single_image media=&#8221;17816&#8243; media_width_percent=&#8221;100&#8243; uncode_shortcode_id=&#8221;175499&#8243;][\/vc_column_inner][\/vc_row_inner][\/vc_column][\/vc_row][vc_row row_height_percent=&#8221;0&#8243; override_padding=&#8221;yes&#8221; h_padding=&#8221;3&#8243; top_padding=&#8221;3&#8243; bottom_padding=&#8221;3&#8243; back_image=&#8221;163&#8243; parallax=&#8221;yes&#8221; overlay_color=&#8221;accent&#8221; overlay_alpha=&#8221;85&#8243; gutter_size=&#8221;0&#8243; shift_y=&#8221;0&#8243;][vc_column column_width_percent=&#8221;100&#8243; position_vertical=&#8221;middle&#8221; gutter_size=&#8221;3&#8243; style=&#8221;dark&#8221; overlay_alpha=&#8221;50&#8243; shift_x=&#8221;0&#8243; shift_y=&#8221;0&#8243; z_index=&#8221;0&#8243; medium_width=&#8221;0&#8243; width=&#8221;1\/1&#8243;][vc_column_text]<\/p>\n<h2 id=\"live-demo\"><span class=\"font-762333\"><span class=\"font-762333, fontsize-148062\">Concierte una demostraci\u00f3n en vivo<\/span><\/span><\/h2>\n<p><strong>\u00bfSiente curiosidad? De ser as\u00ed, concierte ahora una demostraci\u00f3n en vivo de LAGO.<\/strong>[\/vc_column_text][\/vc_column][\/vc_row][vc_row row_height_percent=&#8221;0&#8243; back_image=&#8221;2751&#8243; parallax=&#8221;yes&#8221; overlay_color=&#8221;color-lxmt&#8221; overlay_alpha=&#8221;76&#8243; gutter_size=&#8221;3&#8243; shift_y=&#8221;0&#8243;][vc_column column_width_percent=&#8221;100&#8243; gutter_size=&#8221;3&#8243; style=&#8221;light&#8221; overlay_alpha=&#8221;50&#8243; shift_x=&#8221;0&#8243; shift_y=&#8221;0&#8243; z_index=&#8221;0&#8243; medium_width=&#8221;0&#8243; width=&#8221;1\/1&#8243;][vc_row_inner row_inner_height_percent=&#8221;0&#8243; overlay_alpha=&#8221;50&#8243; equal_height=&#8221;yes&#8221; gutter_size=&#8221;3&#8243; shift_y=&#8221;0&#8243;][vc_column_inner column_width_percent=&#8221;100&#8243; gutter_size=&#8221;3&#8243; style=&#8221;light&#8221; overlay_alpha=&#8221;50&#8243; shift_x=&#8221;0&#8243; shift_y=&#8221;0&#8243; z_index=&#8221;0&#8243; medium_width=&#8221;0&#8243; width=&#8221;1\/1&#8243;]\n<div class=\"wpcf7 no-js\" id=\"wpcf7-f11827-o1\" lang=\"en-US\" dir=\"ltr\" data-wpcf7-id=\"11827\">\n<div class=\"screen-reader-response\"><p role=\"status\" aria-live=\"polite\" aria-atomic=\"true\"><\/p> <ul><\/ul><\/div>\n<form action=\"\/es\/wp-json\/wp\/v2\/pages\/6686#wpcf7-f11827-o1\" method=\"post\" class=\"wpcf7-form init\" aria-label=\"Contact form\" novalidate=\"novalidate\" data-status=\"init\">\n<fieldset class=\"hidden-fields-container\"><input type=\"hidden\" name=\"_wpcf7\" value=\"11827\" \/><input type=\"hidden\" name=\"_wpcf7_version\" value=\"6.1.5\" \/><input type=\"hidden\" name=\"_wpcf7_locale\" value=\"en_US\" \/><input type=\"hidden\" name=\"_wpcf7_unit_tag\" value=\"wpcf7-f11827-o1\" \/><input type=\"hidden\" name=\"_wpcf7_container_post\" value=\"0\" \/><input type=\"hidden\" name=\"_wpcf7_posted_data_hash\" value=\"\" \/>\n<\/fieldset>\n<style>\n.style-light input[type=\"text\"],\n.style-light input[type=\"email\"],\n.style-light textarea {\n border-color: #b2b2b2;\n}\nlabel {\n font-weight: bold;\n}\n<\/style>\n<div class=\"row\">\n\t<div class=\"row-inner\">\n\t\t<div class=\"col-lg-6\">\n\t\t\t<p><label> *Nombre<br \/>\n<span class=\"wpcf7-form-control-wrap\" data-name=\"your-firstname\"><input size=\"40\" maxlength=\"400\" class=\"wpcf7-form-control wpcf7-text wpcf7-validates-as-required\" aria-required=\"true\" aria-invalid=\"false\" value=\"\" type=\"text\" name=\"your-firstname\" \/><\/span> <\/label>\n\t\t\t<\/p>\n\t\t<\/div>\n\t\t<div class=\"col-lg-6\" style=\"padding-top: 0;\">\n\t\t\t<p><label> *Apellidos<br \/>\n<span class=\"wpcf7-form-control-wrap\" data-name=\"your-name\"><input size=\"40\" maxlength=\"400\" class=\"wpcf7-form-control wpcf7-text wpcf7-validates-as-required\" aria-required=\"true\" aria-invalid=\"false\" value=\"\" type=\"text\" name=\"your-name\" \/><\/span> <\/label>\n\t\t\t<\/p>\n\t\t<\/div>\n\t<\/div>\n<\/div>\n<div class=\"row\">\n\t<div class=\"row-inner\">\n\t\t<div class=\"col-lg-6\">\n\t\t\t<p><label> *Empresa<br \/>\n<span class=\"wpcf7-form-control-wrap\" data-name=\"your-company\"><input size=\"40\" maxlength=\"400\" class=\"wpcf7-form-control wpcf7-text wpcf7-validates-as-required\" aria-required=\"true\" aria-invalid=\"false\" value=\"\" type=\"text\" name=\"your-company\" \/><\/span> <\/label>\n\t\t\t<\/p>\n\t\t<\/div>\n\t\t<div class=\"col-lg-6\" style=\"padding-top: 0;\">\n\t\t\t<p><label> *Email<br \/>\n<span class=\"wpcf7-form-control-wrap\" data-name=\"your-email\"><input size=\"40\" maxlength=\"400\" class=\"wpcf7-form-control wpcf7-email wpcf7-validates-as-required wpcf7-text wpcf7-validates-as-email\" aria-required=\"true\" aria-invalid=\"false\" value=\"\" type=\"email\" name=\"your-email\" \/><\/span> <\/label>\n\t\t\t<\/p>\n\t\t<\/div>\n\t<\/div>\n<\/div>\n<div class=\"row\">\n\t<div class=\"row-inner\">\n\t\t<div class=\"col-lg-12\">\n\t\t\t<p><label> Mensaje<br \/>\n<span class=\"wpcf7-form-control-wrap\" data-name=\"your-message\"><textarea cols=\"40\" rows=\"10\" maxlength=\"2000\" class=\"wpcf7-form-control wpcf7-textarea\" aria-invalid=\"false\" name=\"your-message\"><\/textarea><\/span> <\/label><br \/>\n<span id=\"wpcf7-69de1d4a39a4c-wrapper\" class=\"wpcf7-form-control-wrap website-162-wrap\" ><label for=\"wpcf7-69de1d4a39a4c-field\" class=\"hp-message\">Please leave this field empty.<\/label><input id=\"wpcf7-69de1d4a39a4c-field\"  class=\"wpcf7-form-control wpcf7-text\" type=\"text\" name=\"website-162\" value=\"\" size=\"40\" tabindex=\"-1\" autocomplete=\"new-password\" \/><\/span><br \/>\n<span id=\"wpcf7-69de1d4a39b5c-wrapper\" class=\"wpcf7-form-control-wrap email-162-wrap\" ><label for=\"wpcf7-69de1d4a39b5c-field\" class=\"hp-message\">Please leave this field empty.<\/label><input id=\"wpcf7-69de1d4a39b5c-field\"  class=\"wpcf7-form-control wpcf7-text\" type=\"text\" name=\"email-162\" value=\"\" size=\"40\" tabindex=\"-1\" autocomplete=\"new-password\" \/><\/span>\n\t\t\t<\/p>\n\t\t\t<div>\n\t\t\t\t<p>* Obligatorio\n\t\t\t\t<\/p>\n\t\t\t<\/div>\n\t\t\t<div>\n\t\t\t\t<p>Sus datos del formulario de contacto ser\u00e1n recogidos y procesados para responder a su consulta. Encontrar\u00e1 informaci\u00f3n detallada sobre el tratamiento de los datos de los usuarios en nuestro\u00a0<a href=\"https:\/\/www.comosoft.eu\/es\/aviso-legal\/\">aviso legal<\/a>.\n\t\t\t\t<\/p>\n\t\t\t<\/div>\n\t\t<\/div>\n\t<\/div>\n<\/div>\n<div class=\"row\">\n\t<div class=\"row-inner\">\n\t\t<div class=\"col-lg-12\">\n\t\t\t<p><input class=\"wpcf7-form-control wpcf7-submit has-spinner btn btn-accent\" type=\"submit\" value=\"Enviar\" \/>\n\t\t\t<\/p>\n\t\t<\/div>\n\t<\/div>\n<\/div>\n<p><script>\ndocument.addEventListener( 'wpcf7mailsent', function(e) {\n\tif ( '11827' == event.detail.contactFormId ) {\n gtag('event', 'submit', {\n 'event_category': 'Kontakt',\n 'event_label': 'Kontakt ES'\n })};\n}, false );\n<\/script>\n<\/p><div class=\"wpcf7-response-output\" aria-hidden=\"true\"><\/div>\n<\/form>\n<\/div>\n[\/vc_column_inner][\/vc_row_inner][\/vc_column][\/vc_row]<\/p>\n<\/div>","protected":false},"excerpt":{"rendered":"<p>[vc_row][vc_column width=&#8221;1\/1&#8243;][vc_column_text text_lead=&#8221;yes&#8221; uncode_shortcode_id=&#8221;184272&#8243;] Empresas nacionales e internacionales han depositado su confianza en Comosoft Las empresas se enfrentan al reto [&hellip;]<\/p>\n","protected":false},"author":103,"featured_media":8579,"parent":0,"menu_order":0,"comment_status":"closed","ping_status":"closed","template":"","meta":{"footnotes":""},"class_list":["post-6686","page","type-page","status-publish","has-post-thumbnail","hentry"],"yoast_head":"<!-- This site is optimized with the Yoast SEO plugin v27.3 - https:\/\/yoast.com\/product\/yoast-seo-wordpress\/ -->\n<title>Clientes \/ Comosoft<\/title>\n<meta name=\"description\" content=\"Ofrecemos a nuestros clientes una plataforma para implementar todos los aspectos de la edici\u00f3n omnichannel, centralizada y eficiente.\" \/>\n<meta name=\"robots\" content=\"index, follow, max-snippet:-1, max-image-preview:large, max-video-preview:-1\" \/>\n<link rel=\"canonical\" href=\"https:\/\/www.comosoft.eu\/es\/clientes\/\" \/>\n<meta property=\"og:locale\" content=\"es_ES\" \/>\n<meta property=\"og:type\" content=\"article\" \/>\n<meta property=\"og:title\" content=\"Clientes \/ Comosoft\" \/>\n<meta property=\"og:description\" content=\"Ofrecemos a nuestros clientes una plataforma para implementar todos los aspectos de la edici\u00f3n omnichannel, centralizada y eficiente.\" \/>\n<meta property=\"og:url\" content=\"https:\/\/www.comosoft.eu\/es\/clientes\/\" \/>\n<meta property=\"og:site_name\" content=\"Comosoft\" \/>\n<meta property=\"article:modified_time\" content=\"2025-09-19T11:54:22+00:00\" \/>\n<meta property=\"og:image\" content=\"https:\/\/www.comosoft.eu\/wp-content\/uploads\/2017\/08\/kunden.jpg\" \/>\n\t<meta property=\"og:image:width\" content=\"3000\" \/>\n\t<meta property=\"og:image:height\" content=\"1443\" \/>\n\t<meta property=\"og:image:type\" content=\"image\/jpeg\" \/>\n<meta name=\"twitter:card\" content=\"summary_large_image\" \/>\n<!-- \/ Yoast SEO plugin. -->","yoast_head_json":{"title":"Clientes \/ Comosoft","description":"Ofrecemos a nuestros clientes una plataforma para implementar todos los aspectos de la edici\u00f3n omnichannel, centralizada y eficiente.","robots":{"index":"index","follow":"follow","max-snippet":"max-snippet:-1","max-image-preview":"max-image-preview:large","max-video-preview":"max-video-preview:-1"},"canonical":"https:\/\/www.comosoft.eu\/es\/clientes\/","og_locale":"es_ES","og_type":"article","og_title":"Clientes \/ Comosoft","og_description":"Ofrecemos a nuestros clientes una plataforma para implementar todos los aspectos de la edici\u00f3n omnichannel, centralizada y eficiente.","og_url":"https:\/\/www.comosoft.eu\/es\/clientes\/","og_site_name":"Comosoft","article_modified_time":"2025-09-19T11:54:22+00:00","og_image":[{"width":3000,"height":1443,"url":"https:\/\/www.comosoft.eu\/wp-content\/uploads\/2017\/08\/kunden.jpg","type":"image\/jpeg"}],"twitter_card":"summary_large_image","schema":{"@context":"https:\/\/schema.org","@graph":[{"@type":"WebPage","@id":"https:\/\/www.comosoft.eu\/es\/clientes\/","url":"https:\/\/www.comosoft.eu\/es\/clientes\/","name":"Clientes \/ Comosoft","isPartOf":{"@id":"https:\/\/www.comosoft.eu\/es\/#website"},"primaryImageOfPage":{"@id":"https:\/\/www.comosoft.eu\/es\/clientes\/#primaryimage"},"image":{"@id":"https:\/\/www.comosoft.eu\/es\/clientes\/#primaryimage"},"thumbnailUrl":"https:\/\/www.comosoft.eu\/wp-content\/uploads\/2017\/08\/kunden.jpg","datePublished":"2019-02-08T09:12:26+00:00","dateModified":"2025-09-19T11:54:22+00:00","description":"Ofrecemos a nuestros clientes una plataforma para implementar todos los aspectos de la edici\u00f3n omnichannel, centralizada y eficiente.","breadcrumb":{"@id":"https:\/\/www.comosoft.eu\/es\/clientes\/#breadcrumb"},"inLanguage":"es","potentialAction":[{"@type":"ReadAction","target":["https:\/\/www.comosoft.eu\/es\/clientes\/"]}]},{"@type":"ImageObject","inLanguage":"es","@id":"https:\/\/www.comosoft.eu\/es\/clientes\/#primaryimage","url":"https:\/\/www.comosoft.eu\/wp-content\/uploads\/2017\/08\/kunden.jpg","contentUrl":"https:\/\/www.comosoft.eu\/wp-content\/uploads\/2017\/08\/kunden.jpg","width":3000,"height":1443,"caption":"Sufer surft auf einer gro\u00dfen Welle"},{"@type":"BreadcrumbList","@id":"https:\/\/www.comosoft.eu\/es\/clientes\/#breadcrumb","itemListElement":[{"@type":"ListItem","position":1,"name":"Home","item":"https:\/\/www.comosoft.eu\/es\/"},{"@type":"ListItem","position":2,"name":"Clientes"}]},{"@type":"WebSite","@id":"https:\/\/www.comosoft.eu\/es\/#website","url":"https:\/\/www.comosoft.eu\/es\/","name":"Comosoft","description":"Multichannel Solutions","publisher":{"@id":"https:\/\/www.comosoft.eu\/es\/#organization"},"potentialAction":[{"@type":"SearchAction","target":{"@type":"EntryPoint","urlTemplate":"https:\/\/www.comosoft.eu\/es\/?s={search_term_string}"},"query-input":{"@type":"PropertyValueSpecification","valueRequired":true,"valueName":"search_term_string"}}],"inLanguage":"es"},{"@type":"Organization","@id":"https:\/\/www.comosoft.eu\/es\/#organization","name":"Comosoft GmbH","alternateName":"Multichannel Solutions","url":"https:\/\/www.comosoft.eu\/es\/","logo":{"@type":"ImageObject","inLanguage":"es","@id":"https:\/\/www.comosoft.eu\/es\/#\/schema\/logo\/image\/","url":"https:\/\/www.comosoft.eu\/wp-content\/uploads\/2021\/01\/Comosoft-Logo463.png","contentUrl":"https:\/\/www.comosoft.eu\/wp-content\/uploads\/2021\/01\/Comosoft-Logo463.png","width":1654,"height":337,"caption":"Comosoft GmbH"},"image":{"@id":"https:\/\/www.comosoft.eu\/es\/#\/schema\/logo\/image\/"},"sameAs":["https:\/\/de.linkedin.com\/company\/comosoft?original_referer=httpswww.google.com"]}]}},"_links":{"self":[{"href":"https:\/\/www.comosoft.eu\/es\/wp-json\/wp\/v2\/pages\/6686","targetHints":{"allow":["GET"]}}],"collection":[{"href":"https:\/\/www.comosoft.eu\/es\/wp-json\/wp\/v2\/pages"}],"about":[{"href":"https:\/\/www.comosoft.eu\/es\/wp-json\/wp\/v2\/types\/page"}],"author":[{"embeddable":true,"href":"https:\/\/www.comosoft.eu\/es\/wp-json\/wp\/v2\/users\/103"}],"replies":[{"embeddable":true,"href":"https:\/\/www.comosoft.eu\/es\/wp-json\/wp\/v2\/comments?post=6686"}],"version-history":[{"count":18,"href":"https:\/\/www.comosoft.eu\/es\/wp-json\/wp\/v2\/pages\/6686\/revisions"}],"predecessor-version":[{"id":45919,"href":"https:\/\/www.comosoft.eu\/es\/wp-json\/wp\/v2\/pages\/6686\/revisions\/45919"}],"wp:featuredmedia":[{"embeddable":true,"href":"https:\/\/www.comosoft.eu\/es\/wp-json\/wp\/v2\/media\/8579"}],"wp:attachment":[{"href":"https:\/\/www.comosoft.eu\/es\/wp-json\/wp\/v2\/media?parent=6686"}],"curies":[{"name":"wp","href":"https:\/\/api.w.org\/{rel}","templated":true}]}}