{"id":6684,"date":"2019-03-29T14:18:34","date_gmt":"2019-03-29T13:18:34","guid":{"rendered":"https:\/\/www.comosoft.com\/?page_id=6684"},"modified":"2025-07-24T11:39:38","modified_gmt":"2025-07-24T09:39:38","slug":"atencion-al-cliente","status":"publish","type":"page","link":"https:\/\/www.comosoft.eu\/es\/contacto\/atencion-al-cliente\/","title":{"rendered":"Atenci\u00f3n al cliente"},"content":{"rendered":"<div class=\"wpb-content-wrapper\"><p>[vc_row row_height_percent=&#8221;0&#8243; override_padding=&#8221;yes&#8221; h_padding=&#8221;2&#8243; top_padding=&#8221;2&#8243; bottom_padding=&#8221;0&#8243; overlay_alpha=&#8221;50&#8243; gutter_size=&#8221;3&#8243; shift_y=&#8221;0&#8243;][vc_column column_width_percent=&#8221;100&#8243; position_vertical=&#8221;middle&#8221; gutter_size=&#8221;3&#8243; override_padding=&#8221;yes&#8221; column_padding=&#8221;0&#8243; overlay_alpha=&#8221;50&#8243; shift_x=&#8221;0&#8243; shift_y=&#8221;0&#8243; z_index=&#8221;0&#8243; medium_width=&#8221;0&#8243; width=&#8221;2\/3&#8243;][vc_column_text text_lead=&#8221;yes&#8221; uncode_shortcode_id=&#8221;283870&#8243;]<\/p>\n<h1><b>Atenci\u00f3n al Cliente<\/b><\/h1>\n<h2><b>Bienvenido a nuestro Centro de Atenci\u00f3n al Cliente<\/b><\/h2>\n<p>En Comosoft, nos enorgullece ofrecer un <strong>servicio de atenci\u00f3n al cliente excepcional<\/strong>. Nuestro objetivo es asegurarnos de que cada interacci\u00f3n sea positiva y que encuentres las soluciones que necesitas de manera r\u00e1pida y eficiente.<\/p>\n<h2><b>\u00bfC\u00f3mo podemos ayudarte?<\/b><\/h2>\n<p>[\/vc_column_text][vc_row_inner][vc_column_inner width=&#8221;1\/2&#8243;][vc_column_text uncode_shortcode_id=&#8221;100903&#8243;]<\/p>\n<h3><b>Soporte T\u00e9cnico<\/b><\/h3>\n<p>\u00bfTienes problemas t\u00e9cnicos o preguntas sobre el funcionamiento de LAGO? Nuestro equipo de soporte t\u00e9cnico est\u00e1 disponible para asistirte con cualquier duda. Ya sea que necesites ayuda con la instalaci\u00f3n, configuraci\u00f3n o soluci\u00f3n de problemas, estamos aqu\u00ed para ayudarte.[\/vc_column_text][\/vc_column_inner][vc_column_inner width=&#8221;1\/2&#8243;][vc_column_text uncode_shortcode_id=&#8221;179827&#8243;]<\/p>\n<h3><b>Sugerencias y Feedback<\/b><\/h3>\n<p>Valoramos tus comentarios y sugerencias. Si tienes alguna idea sobre c\u00f3mo podemos mejorar nuestros productos o servicios, no dudes en compartirla con nosotros. Tu opini\u00f3n es fundamental para nuestro crecimiento y mejora continua.[\/vc_column_text][\/vc_column_inner][\/vc_row_inner][\/vc_column][vc_column column_width_percent=&#8221;100&#8243; position_vertical=&#8221;bottom&#8221; gutter_size=&#8221;3&#8243; override_padding=&#8221;yes&#8221; column_padding=&#8221;0&#8243; overlay_alpha=&#8221;50&#8243; shift_x=&#8221;0&#8243; shift_y=&#8221;0&#8243; z_index=&#8221;0&#8243; medium_width=&#8221;0&#8243; css_animation=&#8221;bottom-t-top&#8221; animation_delay=&#8221;400&#8243; width=&#8221;1\/3&#8243;][vc_single_image media=&#8221;8252&#8243; media_width_percent=&#8221;100&#8243;][\/vc_column][\/vc_row][vc_row unlock_row_content=&#8221;yes&#8221; row_height_percent=&#8221;0&#8243; override_padding=&#8221;yes&#8221; h_padding=&#8221;7&#8243; top_padding=&#8221;2&#8243; bottom_padding=&#8221;2&#8243; back_color=&#8221;color-prif&#8221; overlay_alpha=&#8221;50&#8243; gutter_size=&#8221;3&#8243; column_width_percent=&#8221;100&#8243; shift_y=&#8221;0&#8243; z_index=&#8221;0&#8243; uncode_shortcode_id=&#8221;530678&#8243; back_color_type=&#8221;uncode-palette&#8221;][vc_column column_width_percent=&#8221;100&#8243; gutter_size=&#8221;3&#8243; style=&#8221;dark&#8221; overlay_alpha=&#8221;50&#8243; shift_x=&#8221;0&#8243; shift_y=&#8221;0&#8243; shift_y_down=&#8221;0&#8243; z_index=&#8221;0&#8243; medium_width=&#8221;0&#8243; mobile_width=&#8221;0&#8243; width=&#8221;1\/1&#8243; uncode_shortcode_id=&#8221;940239&#8243;][vc_column_text text_lead=&#8221;yes&#8221; uncode_shortcode_id=&#8221;184416&#8243;]<\/p>\n<h3><b>Formas de Contacto<\/b><\/h3>\n<p>Env\u00edanos un correo electr\u00f3nico a <strong>&#105;&#x6e;f&#111;&#x40;c&#x6f;&#x6d;&#111;&#x73;o&#102;&#x74;&#46;&#100;&#x65;<\/strong> o llama a nuestro servicio de asistencia de lunes a viernes de 9:00 a 18:00 horas en el siguiente n\u00famero de tel\u00e9fono:<\/p>\n<h2>L\u00cdNEA DIRECTA DE ASISTENCIA +49 (40) 85 33 180<\/h2>\n<p>Consulta nuestra secci\u00f3n de <a href=\"https:\/\/www.comosoft.eu\/es\/faq\/\">FAQ<\/a> para obtener respuestas r\u00e1pidas a las preguntas m\u00e1s comunes. Esta secci\u00f3n se actualiza regularmente para proporcionarte la informaci\u00f3n m\u00e1s precisa y relevante.<\/p>\n<p>En Comosoft, tu satisfacci\u00f3n es nuestra prioridad. Gracias por elegirnos y confiar en nosotros. Estamos aqu\u00ed para ayudarte en cada paso del camino. Como usuario, utiliza c\u00f3modamente nuestro sistema de tickets. Nuestro equipo responder\u00e1 pronto a tus preguntas y estar\u00e1 a tu disposici\u00f3n en todo momento. Puedes obtener informaci\u00f3n actualizada sobre patches, lanzamientos, etc. en nuestro <a href=\"https:\/\/www.comosoft.eu\/es\/actualidad\/\">bolet\u00edn informativo<\/a> y en el <strong>\u00e1rea de clientes:<\/strong>[\/vc_column_text][vc_button outline=&#8221;yes&#8221; text_skin=&#8221;yes&#8221; border_width=&#8221;0&#8243; link=&#8221;url:https%3A%2F%2Fsupport.comosoft.eu|title:Area%20clientes%20LAGO|target:_blank&#8221; uncode_shortcode_id=&#8221;145395&#8243;]\u00c1rea de clientes[\/vc_button][\/vc_column][\/vc_row]<\/p>\n<\/div>","protected":false},"excerpt":{"rendered":"<p>Nuestro centro de atenci\u00f3n al cliente est\u00e1 a su disposici\u00f3n para cualquier consulta de su sistema LAGO.<\/p>\n","protected":false},"author":103,"featured_media":8618,"parent":6678,"menu_order":0,"comment_status":"closed","ping_status":"closed","template":"","meta":{"footnotes":""},"class_list":["post-6684","page","type-page","status-publish","has-post-thumbnail","hentry"],"yoast_head":"<!-- This site is optimized with the Yoast SEO plugin v27.3 - https:\/\/yoast.com\/product\/yoast-seo-wordpress\/ -->\n<title>Atenci\u00f3n al cliente en Comosoft<\/title>\n<meta name=\"description\" content=\"Nuestro centro de atenci\u00f3n al cliente est\u00e1 a tu disposici\u00f3n para cualquier consulta de tu sistema LAGO. Ll\u00e1manos al +49 40 85 33 180.\" \/>\n<meta name=\"robots\" content=\"index, follow, max-snippet:-1, max-image-preview:large, max-video-preview:-1\" \/>\n<link rel=\"canonical\" href=\"https:\/\/www.comosoft.eu\/es\/contacto\/atencion-al-cliente\/\" \/>\n<meta property=\"og:locale\" content=\"es_ES\" \/>\n<meta property=\"og:type\" content=\"article\" \/>\n<meta property=\"og:title\" content=\"Atenci\u00f3n al cliente en Comosoft\" \/>\n<meta property=\"og:description\" content=\"Nuestro centro de atenci\u00f3n al cliente est\u00e1 a tu disposici\u00f3n para cualquier consulta de tu sistema LAGO. Ll\u00e1manos al +49 40 85 33 180.\" \/>\n<meta property=\"og:url\" content=\"https:\/\/www.comosoft.eu\/es\/contacto\/atencion-al-cliente\/\" \/>\n<meta property=\"og:site_name\" content=\"Comosoft\" \/>\n<meta property=\"article:modified_time\" content=\"2025-07-24T09:39:38+00:00\" \/>\n<meta property=\"og:image\" content=\"https:\/\/www.comosoft.eu\/wp-content\/uploads\/2017\/09\/support-como.jpg\" \/>\n\t<meta property=\"og:image:width\" content=\"2000\" \/>\n\t<meta property=\"og:image:height\" content=\"1131\" \/>\n\t<meta property=\"og:image:type\" content=\"image\/jpeg\" \/>\n<meta name=\"twitter:card\" content=\"summary_large_image\" \/>\n<!-- \/ Yoast SEO plugin. -->","yoast_head_json":{"title":"Atenci\u00f3n al cliente en Comosoft","description":"Nuestro centro de atenci\u00f3n al cliente est\u00e1 a tu disposici\u00f3n para cualquier consulta de tu sistema LAGO. Ll\u00e1manos al +49 40 85 33 180.","robots":{"index":"index","follow":"follow","max-snippet":"max-snippet:-1","max-image-preview":"max-image-preview:large","max-video-preview":"max-video-preview:-1"},"canonical":"https:\/\/www.comosoft.eu\/es\/contacto\/atencion-al-cliente\/","og_locale":"es_ES","og_type":"article","og_title":"Atenci\u00f3n al cliente en Comosoft","og_description":"Nuestro centro de atenci\u00f3n al cliente est\u00e1 a tu disposici\u00f3n para cualquier consulta de tu sistema LAGO. Ll\u00e1manos al +49 40 85 33 180.","og_url":"https:\/\/www.comosoft.eu\/es\/contacto\/atencion-al-cliente\/","og_site_name":"Comosoft","article_modified_time":"2025-07-24T09:39:38+00:00","og_image":[{"width":2000,"height":1131,"url":"https:\/\/www.comosoft.eu\/wp-content\/uploads\/2017\/09\/support-como.jpg","type":"image\/jpeg"}],"twitter_card":"summary_large_image","schema":{"@context":"https:\/\/schema.org","@graph":[{"@type":"WebPage","@id":"https:\/\/www.comosoft.eu\/es\/contacto\/atencion-al-cliente\/","url":"https:\/\/www.comosoft.eu\/es\/contacto\/atencion-al-cliente\/","name":"Atenci\u00f3n al cliente en Comosoft","isPartOf":{"@id":"https:\/\/www.comosoft.eu\/es\/#website"},"primaryImageOfPage":{"@id":"https:\/\/www.comosoft.eu\/es\/contacto\/atencion-al-cliente\/#primaryimage"},"image":{"@id":"https:\/\/www.comosoft.eu\/es\/contacto\/atencion-al-cliente\/#primaryimage"},"thumbnailUrl":"https:\/\/www.comosoft.eu\/wp-content\/uploads\/2017\/09\/support-como.jpg","datePublished":"2019-03-29T13:18:34+00:00","dateModified":"2025-07-24T09:39:38+00:00","description":"Nuestro centro de atenci\u00f3n al cliente est\u00e1 a tu disposici\u00f3n para cualquier consulta de tu sistema LAGO. Ll\u00e1manos al +49 40 85 33 180.","breadcrumb":{"@id":"https:\/\/www.comosoft.eu\/es\/contacto\/atencion-al-cliente\/#breadcrumb"},"inLanguage":"es","potentialAction":[{"@type":"ReadAction","target":["https:\/\/www.comosoft.eu\/es\/contacto\/atencion-al-cliente\/"]}]},{"@type":"ImageObject","inLanguage":"es","@id":"https:\/\/www.comosoft.eu\/es\/contacto\/atencion-al-cliente\/#primaryimage","url":"https:\/\/www.comosoft.eu\/wp-content\/uploads\/2017\/09\/support-como.jpg","contentUrl":"https:\/\/www.comosoft.eu\/wp-content\/uploads\/2017\/09\/support-como.jpg","width":2000,"height":1131,"caption":"Unser Support-Team hilft Ihnen bei Fragen"},{"@type":"BreadcrumbList","@id":"https:\/\/www.comosoft.eu\/es\/contacto\/atencion-al-cliente\/#breadcrumb","itemListElement":[{"@type":"ListItem","position":1,"name":"Home","item":"https:\/\/www.comosoft.eu\/es\/"},{"@type":"ListItem","position":2,"name":"Contacto","item":"https:\/\/www.comosoft.eu\/es\/contacto\/"},{"@type":"ListItem","position":3,"name":"Atenci\u00f3n al cliente"}]},{"@type":"WebSite","@id":"https:\/\/www.comosoft.eu\/es\/#website","url":"https:\/\/www.comosoft.eu\/es\/","name":"Comosoft","description":"Multichannel Solutions","publisher":{"@id":"https:\/\/www.comosoft.eu\/es\/#organization"},"potentialAction":[{"@type":"SearchAction","target":{"@type":"EntryPoint","urlTemplate":"https:\/\/www.comosoft.eu\/es\/?s={search_term_string}"},"query-input":{"@type":"PropertyValueSpecification","valueRequired":true,"valueName":"search_term_string"}}],"inLanguage":"es"},{"@type":"Organization","@id":"https:\/\/www.comosoft.eu\/es\/#organization","name":"Comosoft GmbH","alternateName":"Multichannel Solutions","url":"https:\/\/www.comosoft.eu\/es\/","logo":{"@type":"ImageObject","inLanguage":"es","@id":"https:\/\/www.comosoft.eu\/es\/#\/schema\/logo\/image\/","url":"https:\/\/www.comosoft.eu\/wp-content\/uploads\/2021\/01\/Comosoft-Logo463.png","contentUrl":"https:\/\/www.comosoft.eu\/wp-content\/uploads\/2021\/01\/Comosoft-Logo463.png","width":1654,"height":337,"caption":"Comosoft GmbH"},"image":{"@id":"https:\/\/www.comosoft.eu\/es\/#\/schema\/logo\/image\/"},"sameAs":["https:\/\/de.linkedin.com\/company\/comosoft?original_referer=httpswww.google.com"]}]}},"_links":{"self":[{"href":"https:\/\/www.comosoft.eu\/es\/wp-json\/wp\/v2\/pages\/6684","targetHints":{"allow":["GET"]}}],"collection":[{"href":"https:\/\/www.comosoft.eu\/es\/wp-json\/wp\/v2\/pages"}],"about":[{"href":"https:\/\/www.comosoft.eu\/es\/wp-json\/wp\/v2\/types\/page"}],"author":[{"embeddable":true,"href":"https:\/\/www.comosoft.eu\/es\/wp-json\/wp\/v2\/users\/103"}],"replies":[{"embeddable":true,"href":"https:\/\/www.comosoft.eu\/es\/wp-json\/wp\/v2\/comments?post=6684"}],"version-history":[{"count":23,"href":"https:\/\/www.comosoft.eu\/es\/wp-json\/wp\/v2\/pages\/6684\/revisions"}],"predecessor-version":[{"id":49186,"href":"https:\/\/www.comosoft.eu\/es\/wp-json\/wp\/v2\/pages\/6684\/revisions\/49186"}],"up":[{"embeddable":true,"href":"https:\/\/www.comosoft.eu\/es\/wp-json\/wp\/v2\/pages\/6678"}],"wp:featuredmedia":[{"embeddable":true,"href":"https:\/\/www.comosoft.eu\/es\/wp-json\/wp\/v2\/media\/8618"}],"wp:attachment":[{"href":"https:\/\/www.comosoft.eu\/es\/wp-json\/wp\/v2\/media?parent=6684"}],"curies":[{"name":"wp","href":"https:\/\/api.w.org\/{rel}","templated":true}]}}