{"id":6678,"date":"2019-03-26T14:02:31","date_gmt":"2019-03-26T13:02:31","guid":{"rendered":"https:\/\/www.comosoft.com\/?page_id=6678"},"modified":"2024-08-05T11:53:31","modified_gmt":"2024-08-05T09:53:31","slug":"contacto","status":"publish","type":"page","link":"https:\/\/www.comosoft.eu\/es\/contacto\/","title":{"rendered":"Contacto"},"content":{"rendered":"<div class=\"wpb-content-wrapper\"><p>[vc_row][vc_column width=&#8221;1\/1&#8243;][vc_column_text text_lead=&#8221;yes&#8221; uncode_shortcode_id=&#8221;216552&#8243;]<\/p>\n<h2><b>\u00a1Estamos encantados de atenderte! <\/b><\/h2>\n<p>\u00bfTienes preguntas acerca de la empresa y nuestros productos? \u00bfEst\u00e1s trabajando con <strong>un gran volumen de datos<\/strong> de productos en <strong>diferentes canales y busca una soluci\u00f3n de marketing integral<\/strong>\u00a0que satisfaga los <strong>requisitos individuales<\/strong> de tu empresa? \u00a1En tal caso ponte en contacto con nosotros!<\/p>\n<p>Tu mensaje se procesar\u00e1 lo antes posible, en un plazo de 24 horas (s\u00f3lo d\u00edas laborables). Si ya eres cliente o usuario de LAGO y deseas ponerte en contacto con uno de nuestros empleados, tienes a tu disposici\u00f3n nuestro <a href=\"https:\/\/jira.comosoft.com\/\">servicio de asistencia<\/a> (sistema de tickets). All\u00ed podr\u00e1s dirigir tu solicitud al departamento adecuado en cualquier momento. Tambi\u00e9n puedes utilizar el <a href=\"https:\/\/support.comosoft.eu\/\">\u00e1rea del cliente<\/a> para consultar toda la informaci\u00f3n sobre la \u00faltima versi\u00f3n de LAGO, patches y releases.<\/p>\n<p>[\/vc_column_text][\/vc_column][\/vc_row][vc_row][vc_column width=&#8221;1\/1&#8243;]\n<div class=\"wpcf7 no-js\" id=\"wpcf7-f12095-o1\" lang=\"en-US\" dir=\"ltr\" data-wpcf7-id=\"12095\">\n<div class=\"screen-reader-response\"><p role=\"status\" aria-live=\"polite\" aria-atomic=\"true\"><\/p> <ul><\/ul><\/div>\n<form action=\"\/es\/wp-json\/wp\/v2\/pages\/6678#wpcf7-f12095-o1\" method=\"post\" class=\"wpcf7-form init\" aria-label=\"Contact form\" novalidate=\"novalidate\" data-status=\"init\">\n<fieldset class=\"hidden-fields-container\"><input type=\"hidden\" name=\"_wpcf7\" value=\"12095\" \/><input type=\"hidden\" name=\"_wpcf7_version\" value=\"6.1.5\" \/><input type=\"hidden\" name=\"_wpcf7_locale\" value=\"en_US\" \/><input type=\"hidden\" name=\"_wpcf7_unit_tag\" value=\"wpcf7-f12095-o1\" \/><input type=\"hidden\" name=\"_wpcf7_container_post\" value=\"0\" \/><input type=\"hidden\" name=\"_wpcf7_posted_data_hash\" value=\"\" \/>\n<\/fieldset>\n<div class=\"wpcf7-inline-wrapper\">\n\t<p class=\"wpcf7-inline-field\"><span class=\"wpcf7-form-control-wrap\" data-name=\"your-fullname\"><input size=\"40\" maxlength=\"400\" class=\"wpcf7-form-control wpcf7-text wpcf7-validates-as-required\" aria-required=\"true\" aria-invalid=\"false\" placeholder=\"*Nombre\" value=\"\" type=\"text\" name=\"your-fullname\" \/><\/span>\n\t<\/p>\n\t<p class=\"wpcf7-inline-field\"><span class=\"wpcf7-form-control-wrap\" data-name=\"your-company\"><input size=\"40\" maxlength=\"400\" class=\"wpcf7-form-control wpcf7-text wpcf7-validates-as-required form-fluid\" aria-required=\"true\" aria-invalid=\"false\" placeholder=\"*Empresa\" value=\"\" type=\"text\" name=\"your-company\" \/><\/span>\n\t<\/p>\n<\/div>\n<div class=\"wpcf7-inline-wrapper\">\n\t<p class=\"wpcf7-inline-field\"><span class=\"wpcf7-form-control-wrap\" data-name=\"your-email\"><input size=\"40\" maxlength=\"400\" class=\"wpcf7-form-control wpcf7-email wpcf7-validates-as-required wpcf7-text wpcf7-validates-as-email\" aria-required=\"true\" aria-invalid=\"false\" placeholder=\"*Email\" value=\"\" type=\"email\" name=\"your-email\" \/><\/span>\n\t<\/p>\n\t<p class=\"wpcf7-inline-field\"><span class=\"wpcf7-form-control-wrap\" data-name=\"your-telephone\"><input size=\"40\" maxlength=\"400\" class=\"wpcf7-form-control wpcf7-text form-fluid\" aria-invalid=\"false\" placeholder=\"Tel\u00e9fono\" value=\"\" type=\"text\" name=\"your-telephone\" \/><\/span>\n\t<\/p>\n<\/div>\n<p><span class=\"wpcf7-form-control-wrap\" data-name=\"your-message\"><textarea cols=\"40\" rows=\"8\" maxlength=\"2000\" class=\"wpcf7-form-control wpcf7-textarea wpcf7-validates-as-required\" aria-required=\"true\" aria-invalid=\"false\" placeholder=\"Mensaje\" name=\"your-message\"><\/textarea><\/span>\n<\/p>\n<div>\n\t<p>* Obligatorio\n\t<\/p>\n<\/div>\n<div>\n\t<p>Sus datos del formulario de contacto ser\u00e1n recogidos y procesados para responder a su consulta. Encontrar\u00e1 informaci\u00f3n detallada sobre el tratamiento de los datos de los usuarios en nuestro\u00a0<a href=\"https:\/\/www.comosoft.eu\/es\/aviso-legal\/\">aviso legal<\/a>.\n\t<\/p>\n<\/div>\n<p><span id=\"wpcf7-69de1cff56ea3-wrapper\" class=\"wpcf7-form-control-wrap website-162-wrap\" ><label for=\"wpcf7-69de1cff56ea3-field\" class=\"hp-message\">Please leave this field empty.<\/label><input id=\"wpcf7-69de1cff56ea3-field\"  class=\"wpcf7-form-control wpcf7-text\" type=\"text\" name=\"website-162\" value=\"\" size=\"40\" tabindex=\"-1\" autocomplete=\"new-password\" \/><\/span><br \/>\n<span id=\"wpcf7-69de1cff56f3f-wrapper\" class=\"wpcf7-form-control-wrap email-162-wrap\" ><label for=\"wpcf7-69de1cff56f3f-field\" class=\"hp-message\">Please leave this field empty.<\/label><input id=\"wpcf7-69de1cff56f3f-field\"  class=\"wpcf7-form-control wpcf7-text\" type=\"text\" name=\"email-162\" value=\"\" size=\"40\" tabindex=\"-1\" autocomplete=\"new-password\" \/><\/span>\n<\/p>\n<p><input class=\"wpcf7-form-control wpcf7-submit has-spinner btn btn-accent\" type=\"submit\" value=\"Enviar\" \/>\n<\/p>\n<p><script>\ndocument.addEventListener( 'wpcf7mailsent', function(e) {\n\tif ( '12095' == event.detail.contactFormId ) {\n gtag('event', 'submit', {\n 'event_category': 'Kontakt',\n 'event_label': 'Hauptkontakt ES'\n })};\n}, false );\n<\/script>\n<\/p><div class=\"wpcf7-response-output\" aria-hidden=\"true\"><\/div>\n<\/form>\n<\/div>\n[\/vc_column][\/vc_row][vc_row][vc_column width=&#8221;1\/1&#8243;][vc_column_text text_lead=&#8221;yes&#8221; uncode_shortcode_id=&#8221;126395&#8243;]En nuestras sedes en <strong>Hamburgo, Valencia y Dallas<\/strong>, sus sugerencias siempre est\u00e1n en buenas manos con nuestros empleados. Si ya est\u00e1 optimizando sus procesos con LAGO, tambi\u00e9n se beneficiar\u00e1 de la larga experiencia de <strong>nuestro equipo <a href=\"https:\/\/www.comosoft.eu\/es\/contacto\/atencion-al-cliente\/\">Professional Service<\/a><\/strong>, el cual est\u00e1 disponible para usted siempre que tenga cualquier pregunta sobre el producto[\/vc_column_text][\/vc_column][\/vc_row][vc_row row_height_percent=&#8221;40&#8243; override_padding=&#8221;yes&#8221; h_padding=&#8221;2&#8243; top_padding=&#8221;2&#8243; bottom_padding=&#8221;2&#8243; back_image=&#8221;20137&#8243; parallax=&#8221;yes&#8221; overlay_color=&#8221;color-jevc&#8221; overlay_alpha=&#8221;60&#8243; gutter_size=&#8221;3&#8243; column_width_percent=&#8221;100&#8243; shift_y=&#8221;0&#8243; z_index=&#8221;0&#8243; uncode_shortcode_id=&#8221;246429&#8243; overlay_color_type=&#8221;uncode-palette&#8221; shape_dividers=&#8221;&#8221;][vc_column width=&#8221;1\/1&#8243;][vc_empty_space empty_h=&#8221;3&#8243;][vc_row_inner][vc_column_inner column_width_percent=&#8221;100&#8243; position_vertical=&#8221;middle&#8221; gutter_size=&#8221;3&#8243; style=&#8221;dark&#8221; overlay_alpha=&#8221;50&#8243; shift_x=&#8221;0&#8243; shift_y=&#8221;0&#8243; z_index=&#8221;0&#8243; medium_width=&#8221;0&#8243; width=&#8221;1\/2&#8243;][vc_icon icon=&#8221;fa fa-comments&#8221; background_style=&#8221;fa-rounded&#8221; size=&#8221;fa-3x&#8221; outline=&#8221;yes&#8221; heading_semantic=&#8221;h2&#8243; text_font=&#8221;font-590903&#8243; text_size=&#8221;h1&#8243; text_weight=&#8221;500&#8243; title=&#8221;SOPORTE&#8221; uncode_shortcode_id=&#8221;207429&#8243;]Puede comunicarse con nuestro servicio de soporte de lunes a viernes de 9:00 a 18:00 horas en el siguiente n\u00famero de tel\u00e9fono:<\/p>\n<p><strong><span class=\"font-203019 font-112218\">L\u00cdNEA DIRECTA DE SOPORTE +49 40 85 33 18 40<\/span><\/strong>[\/vc_icon][\/vc_column_inner][vc_column_inner column_width_percent=&#8221;100&#8243; position_vertical=&#8221;middle&#8221; gutter_size=&#8221;3&#8243; style=&#8221;dark&#8221; overlay_alpha=&#8221;50&#8243; shift_x=&#8221;0&#8243; shift_y=&#8221;0&#8243; z_index=&#8221;0&#8243; medium_width=&#8221;0&#8243; width=&#8221;1\/2&#8243;][vc_icon icon=&#8221;fa fa-user&#8221; background_style=&#8221;fa-rounded&#8221; size=&#8221;fa-3x&#8221; outline=&#8221;yes&#8221; heading_semantic=&#8221;h2&#8243; text_font=&#8221;font-590903&#8243; text_size=&#8221;h1&#8243; text_weight=&#8221;500&#8243; title=&#8221;ASISTENCIA A NIVEL LOCAL&#8221; link_text=&#8221;CUSTOM AREA&#8221; uncode_shortcode_id=&#8221;577343&#8243;]El equipo de soporte de Comosoft le ayuda en cada paso del proceso de implementaci\u00f3n de LAGO.<\/p>\n<p><strong><span class=\"font-203019 font-112218\">EMAIL: in&#102;&#111;&#x40;&#x63;&#x6f;&#x6d;os&#111;&#102;&#x74;&#x2e;&#x65;&#x75; <\/span><\/strong>[\/vc_icon][\/vc_column_inner][\/vc_row_inner][vc_empty_space empty_h=&#8221;3&#8243;][\/vc_column][\/vc_row]<\/p>\n<\/div>","protected":false},"excerpt":{"rendered":"<p>\u00bfTienes preguntas acerca de la empresa y nuestros productos? \u00bfEst\u00e1s trabajando con un gran volumen de datos de productos en diferentes canales y busca una soluci\u00f3n multicanal que satisfaga los requisitos individuales de tu empresa? \u00a1En tal caso ponte en contacto con nosotros!<\/p>\n","protected":false},"author":103,"featured_media":7553,"parent":0,"menu_order":0,"comment_status":"closed","ping_status":"closed","template":"","meta":{"footnotes":""},"class_list":["post-6678","page","type-page","status-publish","has-post-thumbnail","hentry"],"yoast_head":"<!-- This site is optimized with the Yoast SEO plugin v27.3 - https:\/\/yoast.com\/product\/yoast-seo-wordpress\/ -->\n<title>Contacto \/ Comosoft<\/title>\n<meta name=\"description\" content=\"\u00bfTienes preguntas acerca de la empresa y nuestros productos o buscas una soluci\u00f3n marketing integral? \u00a1Contacta con nosotros!\" \/>\n<meta name=\"robots\" content=\"index, follow, max-snippet:-1, max-image-preview:large, max-video-preview:-1\" \/>\n<link rel=\"canonical\" href=\"https:\/\/www.comosoft.eu\/es\/contacto\/\" \/>\n<meta property=\"og:locale\" content=\"es_ES\" \/>\n<meta property=\"og:type\" content=\"article\" \/>\n<meta property=\"og:title\" content=\"Contacto \/ Comosoft\" \/>\n<meta property=\"og:description\" content=\"\u00bfTienes preguntas acerca de la empresa y nuestros productos o buscas una soluci\u00f3n marketing integral? \u00a1Contacta con nosotros!\" \/>\n<meta property=\"og:url\" content=\"https:\/\/www.comosoft.eu\/es\/contacto\/\" \/>\n<meta property=\"og:site_name\" content=\"Comosoft\" \/>\n<meta property=\"article:modified_time\" content=\"2024-08-05T09:53:31+00:00\" \/>\n<meta property=\"og:image\" content=\"https:\/\/www.comosoft.eu\/wp-content\/uploads\/2016\/08\/contact.jpg\" \/>\n\t<meta property=\"og:image:width\" content=\"1920\" \/>\n\t<meta property=\"og:image:height\" content=\"1272\" \/>\n\t<meta property=\"og:image:type\" content=\"image\/jpeg\" \/>\n<meta name=\"twitter:card\" content=\"summary_large_image\" \/>\n<!-- \/ Yoast SEO plugin. -->","yoast_head_json":{"title":"Contacto \/ Comosoft","description":"\u00bfTienes preguntas acerca de la empresa y nuestros productos o buscas una soluci\u00f3n marketing integral? \u00a1Contacta con nosotros!","robots":{"index":"index","follow":"follow","max-snippet":"max-snippet:-1","max-image-preview":"max-image-preview:large","max-video-preview":"max-video-preview:-1"},"canonical":"https:\/\/www.comosoft.eu\/es\/contacto\/","og_locale":"es_ES","og_type":"article","og_title":"Contacto \/ Comosoft","og_description":"\u00bfTienes preguntas acerca de la empresa y nuestros productos o buscas una soluci\u00f3n marketing integral? \u00a1Contacta con nosotros!","og_url":"https:\/\/www.comosoft.eu\/es\/contacto\/","og_site_name":"Comosoft","article_modified_time":"2024-08-05T09:53:31+00:00","og_image":[{"width":1920,"height":1272,"url":"https:\/\/www.comosoft.eu\/wp-content\/uploads\/2016\/08\/contact.jpg","type":"image\/jpeg"}],"twitter_card":"summary_large_image","schema":{"@context":"https:\/\/schema.org","@graph":[{"@type":"WebPage","@id":"https:\/\/www.comosoft.eu\/es\/contacto\/","url":"https:\/\/www.comosoft.eu\/es\/contacto\/","name":"Contacto \/ Comosoft","isPartOf":{"@id":"https:\/\/www.comosoft.eu\/es\/#website"},"primaryImageOfPage":{"@id":"https:\/\/www.comosoft.eu\/es\/contacto\/#primaryimage"},"image":{"@id":"https:\/\/www.comosoft.eu\/es\/contacto\/#primaryimage"},"thumbnailUrl":"https:\/\/www.comosoft.eu\/wp-content\/uploads\/2016\/08\/contact.jpg","datePublished":"2019-03-26T13:02:31+00:00","dateModified":"2024-08-05T09:53:31+00:00","description":"\u00bfTienes preguntas acerca de la empresa y nuestros productos o buscas una soluci\u00f3n marketing integral? \u00a1Contacta con nosotros!","breadcrumb":{"@id":"https:\/\/www.comosoft.eu\/es\/contacto\/#breadcrumb"},"inLanguage":"es","potentialAction":[{"@type":"ReadAction","target":["https:\/\/www.comosoft.eu\/es\/contacto\/"]}]},{"@type":"ImageObject","inLanguage":"es","@id":"https:\/\/www.comosoft.eu\/es\/contacto\/#primaryimage","url":"https:\/\/www.comosoft.eu\/wp-content\/uploads\/2016\/08\/contact.jpg","contentUrl":"https:\/\/www.comosoft.eu\/wp-content\/uploads\/2016\/08\/contact.jpg","width":1920,"height":1272,"caption":"Contact Comosoft"},{"@type":"BreadcrumbList","@id":"https:\/\/www.comosoft.eu\/es\/contacto\/#breadcrumb","itemListElement":[{"@type":"ListItem","position":1,"name":"Home","item":"https:\/\/www.comosoft.eu\/es\/"},{"@type":"ListItem","position":2,"name":"Contacto"}]},{"@type":"WebSite","@id":"https:\/\/www.comosoft.eu\/es\/#website","url":"https:\/\/www.comosoft.eu\/es\/","name":"Comosoft","description":"Multichannel Solutions","publisher":{"@id":"https:\/\/www.comosoft.eu\/es\/#organization"},"potentialAction":[{"@type":"SearchAction","target":{"@type":"EntryPoint","urlTemplate":"https:\/\/www.comosoft.eu\/es\/?s={search_term_string}"},"query-input":{"@type":"PropertyValueSpecification","valueRequired":true,"valueName":"search_term_string"}}],"inLanguage":"es"},{"@type":"Organization","@id":"https:\/\/www.comosoft.eu\/es\/#organization","name":"Comosoft GmbH","alternateName":"Multichannel Solutions","url":"https:\/\/www.comosoft.eu\/es\/","logo":{"@type":"ImageObject","inLanguage":"es","@id":"https:\/\/www.comosoft.eu\/es\/#\/schema\/logo\/image\/","url":"https:\/\/www.comosoft.eu\/wp-content\/uploads\/2021\/01\/Comosoft-Logo463.png","contentUrl":"https:\/\/www.comosoft.eu\/wp-content\/uploads\/2021\/01\/Comosoft-Logo463.png","width":1654,"height":337,"caption":"Comosoft GmbH"},"image":{"@id":"https:\/\/www.comosoft.eu\/es\/#\/schema\/logo\/image\/"},"sameAs":["https:\/\/de.linkedin.com\/company\/comosoft?original_referer=httpswww.google.com"]}]}},"_links":{"self":[{"href":"https:\/\/www.comosoft.eu\/es\/wp-json\/wp\/v2\/pages\/6678","targetHints":{"allow":["GET"]}}],"collection":[{"href":"https:\/\/www.comosoft.eu\/es\/wp-json\/wp\/v2\/pages"}],"about":[{"href":"https:\/\/www.comosoft.eu\/es\/wp-json\/wp\/v2\/types\/page"}],"author":[{"embeddable":true,"href":"https:\/\/www.comosoft.eu\/es\/wp-json\/wp\/v2\/users\/103"}],"replies":[{"embeddable":true,"href":"https:\/\/www.comosoft.eu\/es\/wp-json\/wp\/v2\/comments?post=6678"}],"version-history":[{"count":14,"href":"https:\/\/www.comosoft.eu\/es\/wp-json\/wp\/v2\/pages\/6678\/revisions"}],"predecessor-version":[{"id":47131,"href":"https:\/\/www.comosoft.eu\/es\/wp-json\/wp\/v2\/pages\/6678\/revisions\/47131"}],"wp:featuredmedia":[{"embeddable":true,"href":"https:\/\/www.comosoft.eu\/es\/wp-json\/wp\/v2\/media\/7553"}],"wp:attachment":[{"href":"https:\/\/www.comosoft.eu\/es\/wp-json\/wp\/v2\/media?parent=6678"}],"curies":[{"name":"wp","href":"https:\/\/api.w.org\/{rel}","templated":true}]}}