{"id":6676,"date":"2019-03-14T15:22:37","date_gmt":"2019-03-14T14:22:37","guid":{"rendered":"https:\/\/www.comosoft.com\/?page_id=6676"},"modified":"2023-10-12T13:59:31","modified_gmt":"2023-10-12T11:59:31","slug":"trabaja-con-nosotros","status":"publish","type":"page","link":"https:\/\/www.comosoft.eu\/es\/trabaja-con-nosotros\/","title":{"rendered":"Trabaja con nosotros"},"content":{"rendered":"<div class=\"wpb-content-wrapper\"><p>[vc_row][vc_column width=&#8221;1\/2&#8243;][vc_custom_heading heading_semantic=&#8221;h3&#8243; text_size=&#8221;h3&#8243;]<\/p>\n<h1>Trabaja con nosotros<\/h1>\n<p>OFERTAS DE EMPLEO[\/vc_custom_heading][vc_column_text text_lead=&#8221;yes&#8221; uncode_shortcode_id=&#8221;153559&#8243;]Comosoft GmbH, con sede en Hamburgo y Valencia, es uno de los principales proveedores mundiales de sistemas PIM, de gesti\u00f3n de contenidos y de publicaci\u00f3n de bases de datos. Con su propio desarrollo de software en Hamburgo y sus innovadores socios, Comosoft establece continuamente nuevos est\u00e1ndares para la producci\u00f3n de material publicitario soportado por bases de datos para el comercio electr\u00f3nico, cat\u00e1logos impresos o suplementos publicitarios, as\u00ed como para el comercio m\u00f3vil y mucho m\u00e1s.<\/p>\n<p><strong>A LO QUE NOS DEDICAMOS EN COMOSOFT<\/strong><\/p>\n<p>Nuestro software LAGO ayuda a las empresas minoristas, de log\u00edstica, de comercio electr\u00f3nico, de fabricaci\u00f3n y de venta de alimentos a crear sus impresos de marketing \u00f3ptimas, lo que conduce a una reducci\u00f3n de la publicidad irrelevante para los consumidores. Nuestro sistema central de gesti\u00f3n de datos (PIM) permite a nuestros clientes organizar y conectar todos sus canales de venta, por ejemplo, la impresi\u00f3n, el comercio electr\u00f3nico, el m\u00f3vil o el punto de venta. Como resultado, utilizando LAGO, las empresas est\u00e1n bien preparadas para la creciente individualizaci\u00f3n del marketing.[\/vc_column_text][\/vc_column][vc_column width=&#8221;1\/2&#8243;][vc_empty_space empty_h=&#8221;2&#8243;][uncode_index el_id=&#8221;index-150297&#8243; isotope_mode=&#8221;vertical&#8221; loop=&#8221;size:10|order_by:date|post_type:post|categories:280|taxonomy_count:10&#8243; screen_lg=&#8221;1000&#8243; screen_md=&#8221;600&#8243; screen_sm=&#8221;480&#8243; gutter_size=&#8221;3&#8243; post_items=&#8221;title,link|default|default_size|Apply Now,sep-one|full&#8221; single_overlay_opacity=&#8221;50&#8243; single_padding=&#8221;2&#8243; uncode_shortcode_id=&#8221;134033&#8243;][vc_column_text uncode_shortcode_id=&#8221;977977&#8243;]<em><strong>En este momento no tenemos vacantes. Vuelve a comprobarlo: en cuanto publiquemos vacantes en Comosoft, las encontrar\u00e1s aqu\u00ed.<\/strong><\/em>[\/vc_column_text][\/vc_column][\/vc_row][vc_row unlock_row_content=&#8221;yes&#8221; row_height_percent=&#8221;50&#8243; override_padding=&#8221;yes&#8221; h_padding=&#8221;0&#8243; top_padding=&#8221;0&#8243; bottom_padding=&#8221;0&#8243; overlay_alpha=&#8221;50&#8243; equal_height=&#8221;yes&#8221; gutter_size=&#8221;0&#8243; shift_y=&#8221;0&#8243;][vc_column column_width_percent=&#8221;75&#8243; position_vertical=&#8221;middle&#8221; align_horizontal=&#8221;align_center&#8221; gutter_size=&#8221;3&#8243; style=&#8221;dark&#8221; font_family=&#8221;font-762333&#8243; back_image=&#8221;6270&#8243; parallax=&#8221;yes&#8221; overlay_color=&#8221;color-jevc&#8221; overlay_alpha=&#8221;50&#8243; shift_x=&#8221;0&#8243; shift_y=&#8221;0&#8243; z_index=&#8221;0&#8243; medium_width=&#8221;0&#8243; width=&#8221;2\/3&#8243;][vc_custom_heading heading_semantic=&#8221;h1&#8243; text_size=&#8221;fontsize-835433&#8243;]ALWAYS LOOKING FOR[\/vc_custom_heading][vc_custom_heading heading_semantic=&#8221;h1&#8243; text_size=&#8221;fontsize-835433&#8243;]<\/p>\n<h3 style=\"text-align: center;\">Siempre estamos buscando nuevas caras para apoyar a nuestro equipo internacional.<\/h3>\n<p>[\/vc_custom_heading][\/vc_column][vc_column column_width_percent=&#8221;100&#8243; position_vertical=&#8221;middle&#8221; align_horizontal=&#8221;align_center&#8221; gutter_size=&#8221;3&#8243; override_padding=&#8221;yes&#8221; column_padding=&#8221;3&#8243; style=&#8221;dark&#8221; font_family=&#8221;font-762333&#8243; back_color=&#8221;color-nhtu&#8221; overlay_alpha=&#8221;50&#8243; shift_x=&#8221;0&#8243; shift_y=&#8221;0&#8243; z_index=&#8221;0&#8243; align_medium=&#8221;align_center_tablet&#8221; medium_width=&#8221;0&#8243; width=&#8221;1\/3&#8243;][vc_icon icon=&#8221;fa fa-paper-plane&#8221; size=&#8221;fa-3x&#8221; title=&#8221;\u00danete ahora!&#8221;]Preferimos recibir las solicitudes en formato PDF por correo electr\u00f3nico a:<\/p>\n<p style=\"text-align: center;\"><span style=\"color: #b6d741;\">&#99;&#x61;&#x72;e&#101;&#x72;&#64;&#99;&#x6f;m&#111;&#x73;o&#102;&#x74;&#x2e;&#99;&#x6f;&#x6d;<\/span><\/p>\n<p>[\/vc_icon][\/vc_column][\/vc_row]<\/p>\n<\/div>","protected":false},"excerpt":{"rendered":"<p>[vc_row][vc_column width=&#8221;1\/2&#8243;][vc_custom_heading heading_semantic=&#8221;h3&#8243; text_size=&#8221;h3&#8243;] Trabaja con nosotros OFERTAS DE EMPLEO[\/vc_custom_heading][vc_column_text text_lead=&#8221;yes&#8221; uncode_shortcode_id=&#8221;153559&#8243;]Comosoft GmbH, con sede en Hamburgo y Valencia, es [&hellip;]<\/p>\n","protected":false},"author":103,"featured_media":0,"parent":0,"menu_order":0,"comment_status":"closed","ping_status":"closed","template":"","meta":{"footnotes":""},"class_list":["post-6676","page","type-page","status-publish","hentry"],"yoast_head":"<!-- This site is optimized with the Yoast SEO plugin v27.3 - https:\/\/yoast.com\/product\/yoast-seo-wordpress\/ -->\n<title>Trabaja con nosotros \/ Comosoft<\/title>\n<meta name=\"description\" content=\"Trabaja con nosotros: Trabaja con nosotros OFERTAS DE EMPLEOComosoft GmbH, con sede en Hamburgo y Valencia, es uno de los principales proveedores mundiales de sistemas PIM, de\" \/>\n<meta name=\"robots\" content=\"index, follow, max-snippet:-1, max-image-preview:large, max-video-preview:-1\" \/>\n<link rel=\"canonical\" href=\"https:\/\/www.comosoft.eu\/es\/trabaja-con-nosotros\/\" \/>\n<meta property=\"og:locale\" content=\"es_ES\" \/>\n<meta property=\"og:type\" content=\"article\" \/>\n<meta property=\"og:title\" content=\"Trabaja con nosotros \/ Comosoft\" \/>\n<meta property=\"og:description\" content=\"Trabaja con nosotros: Trabaja con nosotros OFERTAS DE EMPLEOComosoft GmbH, con sede en Hamburgo y Valencia, es uno de los principales proveedores mundiales de sistemas PIM, de\" \/>\n<meta property=\"og:url\" content=\"https:\/\/www.comosoft.eu\/es\/trabaja-con-nosotros\/\" \/>\n<meta property=\"og:site_name\" content=\"Comosoft\" \/>\n<meta property=\"article:modified_time\" content=\"2023-10-12T11:59:31+00:00\" \/>\n<meta property=\"og:image\" content=\"https:\/\/www.comosoft.eu\/wp-content\/uploads\/2021\/01\/Digital-publishing.jpg\" \/>\n\t<meta property=\"og:image:width\" content=\"2000\" \/>\n\t<meta property=\"og:image:height\" content=\"1334\" \/>\n\t<meta property=\"og:image:type\" content=\"image\/jpeg\" \/>\n<meta name=\"twitter:card\" content=\"summary_large_image\" \/>\n<!-- \/ Yoast SEO plugin. -->","yoast_head_json":{"title":"Trabaja con nosotros \/ Comosoft","description":"Trabaja con nosotros: Trabaja con nosotros OFERTAS DE EMPLEOComosoft GmbH, con sede en Hamburgo y Valencia, es uno de los principales proveedores mundiales de sistemas PIM, de","robots":{"index":"index","follow":"follow","max-snippet":"max-snippet:-1","max-image-preview":"max-image-preview:large","max-video-preview":"max-video-preview:-1"},"canonical":"https:\/\/www.comosoft.eu\/es\/trabaja-con-nosotros\/","og_locale":"es_ES","og_type":"article","og_title":"Trabaja con nosotros \/ Comosoft","og_description":"Trabaja con nosotros: Trabaja con nosotros OFERTAS DE EMPLEOComosoft GmbH, con sede en Hamburgo y Valencia, es uno de los principales proveedores mundiales de sistemas PIM, de","og_url":"https:\/\/www.comosoft.eu\/es\/trabaja-con-nosotros\/","og_site_name":"Comosoft","article_modified_time":"2023-10-12T11:59:31+00:00","og_image":[{"width":2000,"height":1334,"url":"https:\/\/www.comosoft.eu\/wp-content\/uploads\/2021\/01\/Digital-publishing.jpg","type":"image\/jpeg"}],"twitter_card":"summary_large_image","schema":{"@context":"https:\/\/schema.org","@graph":[{"@type":"WebPage","@id":"https:\/\/www.comosoft.eu\/es\/trabaja-con-nosotros\/","url":"https:\/\/www.comosoft.eu\/es\/trabaja-con-nosotros\/","name":"Trabaja con nosotros \/ Comosoft","isPartOf":{"@id":"https:\/\/www.comosoft.eu\/es\/#website"},"datePublished":"2019-03-14T14:22:37+00:00","dateModified":"2023-10-12T11:59:31+00:00","description":"Trabaja con nosotros: Trabaja con nosotros OFERTAS DE EMPLEOComosoft GmbH, con sede en Hamburgo y Valencia, es uno de los principales proveedores mundiales de sistemas PIM, de","breadcrumb":{"@id":"https:\/\/www.comosoft.eu\/es\/trabaja-con-nosotros\/#breadcrumb"},"inLanguage":"es","potentialAction":[{"@type":"ReadAction","target":["https:\/\/www.comosoft.eu\/es\/trabaja-con-nosotros\/"]}]},{"@type":"BreadcrumbList","@id":"https:\/\/www.comosoft.eu\/es\/trabaja-con-nosotros\/#breadcrumb","itemListElement":[{"@type":"ListItem","position":1,"name":"Home","item":"https:\/\/www.comosoft.eu\/es\/"},{"@type":"ListItem","position":2,"name":"Trabaja con nosotros"}]},{"@type":"WebSite","@id":"https:\/\/www.comosoft.eu\/es\/#website","url":"https:\/\/www.comosoft.eu\/es\/","name":"Comosoft","description":"Multichannel Solutions","publisher":{"@id":"https:\/\/www.comosoft.eu\/es\/#organization"},"potentialAction":[{"@type":"SearchAction","target":{"@type":"EntryPoint","urlTemplate":"https:\/\/www.comosoft.eu\/es\/?s={search_term_string}"},"query-input":{"@type":"PropertyValueSpecification","valueRequired":true,"valueName":"search_term_string"}}],"inLanguage":"es"},{"@type":"Organization","@id":"https:\/\/www.comosoft.eu\/es\/#organization","name":"Comosoft GmbH","alternateName":"Multichannel Solutions","url":"https:\/\/www.comosoft.eu\/es\/","logo":{"@type":"ImageObject","inLanguage":"es","@id":"https:\/\/www.comosoft.eu\/es\/#\/schema\/logo\/image\/","url":"https:\/\/www.comosoft.eu\/wp-content\/uploads\/2021\/01\/Comosoft-Logo463.png","contentUrl":"https:\/\/www.comosoft.eu\/wp-content\/uploads\/2021\/01\/Comosoft-Logo463.png","width":1654,"height":337,"caption":"Comosoft GmbH"},"image":{"@id":"https:\/\/www.comosoft.eu\/es\/#\/schema\/logo\/image\/"},"sameAs":["https:\/\/de.linkedin.com\/company\/comosoft?original_referer=httpswww.google.com"]}]}},"_links":{"self":[{"href":"https:\/\/www.comosoft.eu\/es\/wp-json\/wp\/v2\/pages\/6676","targetHints":{"allow":["GET"]}}],"collection":[{"href":"https:\/\/www.comosoft.eu\/es\/wp-json\/wp\/v2\/pages"}],"about":[{"href":"https:\/\/www.comosoft.eu\/es\/wp-json\/wp\/v2\/types\/page"}],"author":[{"embeddable":true,"href":"https:\/\/www.comosoft.eu\/es\/wp-json\/wp\/v2\/users\/103"}],"replies":[{"embeddable":true,"href":"https:\/\/www.comosoft.eu\/es\/wp-json\/wp\/v2\/comments?post=6676"}],"version-history":[{"count":15,"href":"https:\/\/www.comosoft.eu\/es\/wp-json\/wp\/v2\/pages\/6676\/revisions"}],"predecessor-version":[{"id":45499,"href":"https:\/\/www.comosoft.eu\/es\/wp-json\/wp\/v2\/pages\/6676\/revisions\/45499"}],"wp:attachment":[{"href":"https:\/\/www.comosoft.eu\/es\/wp-json\/wp\/v2\/media?parent=6676"}],"curies":[{"name":"wp","href":"https:\/\/api.w.org\/{rel}","templated":true}]}}