{"id":6505,"date":"2019-02-07T13:27:41","date_gmt":"2019-02-07T12:27:41","guid":{"rendered":"https:\/\/www.comosoft.com\/?page_id=6505"},"modified":"2025-08-05T13:59:30","modified_gmt":"2025-08-05T11:59:30","slug":"aviso-legal","status":"publish","type":"page","link":"https:\/\/www.comosoft.eu\/es\/aviso-legal\/","title":{"rendered":"AVISO LEGAL"},"content":{"rendered":"<div class=\"wpb-content-wrapper\"><p>[vc_row][vc_column column_width_percent=&#8221;100&#8243; gutter_size=&#8221;3&#8243; style=&#8221;dark&#8221; overlay_alpha=&#8221;50&#8243; shift_x=&#8221;0&#8243; shift_y=&#8221;0&#8243; shift_y_down=&#8221;0&#8243; z_index=&#8221;0&#8243; medium_width=&#8221;0&#8243; mobile_width=&#8221;0&#8243; width=&#8221;1\/1&#8243;][vc_column_text uncode_shortcode_id=&#8221;500876&#8243;]<\/p>\n<h3>Responsable del contenido:<\/h3>\n<p>Comosoft GmbH | Otto-Wels-Str. 49 | 22297 Hamburgo |\u00a0Alemania<br \/>\nTel.: +49 40 853318-0 |\u00a0Fax: +49 40 853318-99 |\u00a0E-Mail: &#x69;&#x6e;&#102;o&#x40;&#x63;&#111;mo&#x73;&#x6f;&#102;t&#x2e;&#x64;&#101;<\/p>\n<p><strong>Direcci\u00f3n<\/strong> Peter Jozefiak, Daniel Lee, James Tyler O&#8217;Hagan<\/p>\n<p><strong>Tribunal de registro<\/strong> Hamburgo, HRB 96536<\/p>\n<p><strong>C.I.F. <\/strong>DE 164980497<\/p>\n<p><strong>Nota importante sobre todos los enlaces:<\/strong><br \/>\nEn su sentencia de 12 de mayo de 1998 &#8211; 312 O 85\/98 &#8211; Responsabilidad por enlaces, el Tribunal Regional de Hamburgo (LG) dictamin\u00f3 que la inclusi\u00f3n de un enlace puede implicar la corresponsabilidad por el contenido de la p\u00e1gina enlazada. Seg\u00fan el LG, esto s\u00f3lo puede evitarse distanci\u00e1ndose expresamente de estos contenidos. Por la presente nos distanciamos expresamente de todos los contenidos de todas las p\u00e1ginas enlazadas en nuestra p\u00e1gina web y no adoptamos estos contenidos como propios. Esta declaraci\u00f3n se aplica a todos los enlaces de este sitio web.<\/p>\n<p><strong>Exenci\u00f3n de responsabilidad:<\/strong><br \/>\nLa informaci\u00f3n proporcionada en este sitio web se ha comprobado cuidadosamente y se actualiza con regularidad. No obstante, no puede garantizarse que toda la informaci\u00f3n sea completa, correcta y est\u00e9 actualizada en todo momento. Esto se aplica en particular a todos los enlaces a otros sitios web a los que se hace referencia directa o indirecta. Toda la informaci\u00f3n podr\u00e1 ser modificada, suprimida o cambiada sin previo aviso. Todos los nombres de productos, denominaciones de productos y logotipos mencionados en este sitio web son marcas registradas y propiedad de sus respectivos propietarios.<\/p>\n<p><strong>Indicaciones sobre la protecci\u00f3n de datos:<br \/>\n<\/strong>Los operadores de estas p\u00e1ginas se toman muy en serio la protecci\u00f3n de sus datos personales. Tratamos sus datos personales de forma confidencial y de acuerdo con el GDPR legal de la UE y nuestra pol\u00edtica de privacidad. Tambi\u00e9n estamos a su disposici\u00f3n para cualquier consulta o informaci\u00f3n en &#x64;&#x61;&#x74;&#x65;&#x6e;&#x73;&#x63;&#x68;&#x75;&#x74;&#x7a;&#x40;&#x63;&#x6f;&#109;&#111;&#115;&#111;&#102;&#116;&#46;&#100;&#101;.<\/p>\n<p>1994-2025 Comosoft GmbH[\/vc_column_text][\/vc_column][\/vc_row]<\/p>\n<\/div>","protected":false},"excerpt":{"rendered":"<p>[vc_row][vc_column column_width_percent=&#8221;100&#8243; gutter_size=&#8221;3&#8243; style=&#8221;dark&#8221; overlay_alpha=&#8221;50&#8243; shift_x=&#8221;0&#8243; shift_y=&#8221;0&#8243; shift_y_down=&#8221;0&#8243; z_index=&#8221;0&#8243; medium_width=&#8221;0&#8243; mobile_width=&#8221;0&#8243; width=&#8221;1\/1&#8243;][vc_column_text uncode_shortcode_id=&#8221;500876&#8243;] Responsable del contenido: Comosoft GmbH | Otto-Wels-Str. [&hellip;]<\/p>\n","protected":false},"author":103,"featured_media":0,"parent":0,"menu_order":0,"comment_status":"closed","ping_status":"closed","template":"","meta":{"footnotes":""},"class_list":["post-6505","page","type-page","status-publish","hentry"],"yoast_head":"<!-- This site is optimized with the Yoast SEO plugin v27.3 - https:\/\/yoast.com\/product\/yoast-seo-wordpress\/ -->\n<title>AVISO LEGAL \/ Comosoft<\/title>\n<meta name=\"description\" content=\"AVISO LEGAL: Responsable del contenido: Comosoft GmbH | Otto-Wels-Str. 49 | 22297 Hamburgo |\u00a0Alemania Tel.: +49 40 853318-0 |\u00a0Fax: +49 40 853318-99 |\u00a0E-Mail:\" \/>\n<meta name=\"robots\" content=\"index, follow, max-snippet:-1, max-image-preview:large, max-video-preview:-1\" \/>\n<link rel=\"canonical\" href=\"https:\/\/www.comosoft.eu\/es\/aviso-legal\/\" \/>\n<meta property=\"og:locale\" content=\"es_ES\" \/>\n<meta property=\"og:type\" content=\"article\" \/>\n<meta property=\"og:title\" content=\"AVISO LEGAL \/ Comosoft\" \/>\n<meta property=\"og:description\" content=\"AVISO LEGAL: Responsable del contenido: Comosoft GmbH | Otto-Wels-Str. 49 | 22297 Hamburgo |\u00a0Alemania Tel.: +49 40 853318-0 |\u00a0Fax: +49 40 853318-99 |\u00a0E-Mail:\" \/>\n<meta property=\"og:url\" content=\"https:\/\/www.comosoft.eu\/es\/aviso-legal\/\" \/>\n<meta property=\"og:site_name\" content=\"Comosoft\" \/>\n<meta property=\"article:modified_time\" content=\"2025-08-05T11:59:30+00:00\" \/>\n<meta property=\"og:image\" content=\"https:\/\/www.comosoft.eu\/wp-content\/uploads\/2021\/01\/Digital-publishing.jpg\" \/>\n\t<meta property=\"og:image:width\" content=\"2000\" \/>\n\t<meta property=\"og:image:height\" content=\"1334\" \/>\n\t<meta property=\"og:image:type\" content=\"image\/jpeg\" \/>\n<meta name=\"twitter:card\" content=\"summary_large_image\" \/>\n<!-- \/ Yoast SEO plugin. -->","yoast_head_json":{"title":"AVISO LEGAL \/ Comosoft","description":"AVISO LEGAL: Responsable del contenido: Comosoft GmbH | Otto-Wels-Str. 49 | 22297 Hamburgo |\u00a0Alemania Tel.: +49 40 853318-0 |\u00a0Fax: +49 40 853318-99 |\u00a0E-Mail:","robots":{"index":"index","follow":"follow","max-snippet":"max-snippet:-1","max-image-preview":"max-image-preview:large","max-video-preview":"max-video-preview:-1"},"canonical":"https:\/\/www.comosoft.eu\/es\/aviso-legal\/","og_locale":"es_ES","og_type":"article","og_title":"AVISO LEGAL \/ Comosoft","og_description":"AVISO LEGAL: Responsable del contenido: Comosoft GmbH | Otto-Wels-Str. 49 | 22297 Hamburgo |\u00a0Alemania Tel.: +49 40 853318-0 |\u00a0Fax: +49 40 853318-99 |\u00a0E-Mail:","og_url":"https:\/\/www.comosoft.eu\/es\/aviso-legal\/","og_site_name":"Comosoft","article_modified_time":"2025-08-05T11:59:30+00:00","og_image":[{"width":2000,"height":1334,"url":"https:\/\/www.comosoft.eu\/wp-content\/uploads\/2021\/01\/Digital-publishing.jpg","type":"image\/jpeg"}],"twitter_card":"summary_large_image","schema":{"@context":"https:\/\/schema.org","@graph":[{"@type":"WebPage","@id":"https:\/\/www.comosoft.eu\/es\/aviso-legal\/","url":"https:\/\/www.comosoft.eu\/es\/aviso-legal\/","name":"AVISO LEGAL \/ Comosoft","isPartOf":{"@id":"https:\/\/www.comosoft.eu\/es\/#website"},"datePublished":"2019-02-07T12:27:41+00:00","dateModified":"2025-08-05T11:59:30+00:00","description":"AVISO LEGAL: Responsable del contenido: Comosoft GmbH | Otto-Wels-Str. 49 | 22297 Hamburgo |\u00a0Alemania Tel.: +49 40 853318-0 |\u00a0Fax: +49 40 853318-99 |\u00a0E-Mail:","breadcrumb":{"@id":"https:\/\/www.comosoft.eu\/es\/aviso-legal\/#breadcrumb"},"inLanguage":"es","potentialAction":[{"@type":"ReadAction","target":["https:\/\/www.comosoft.eu\/es\/aviso-legal\/"]}]},{"@type":"BreadcrumbList","@id":"https:\/\/www.comosoft.eu\/es\/aviso-legal\/#breadcrumb","itemListElement":[{"@type":"ListItem","position":1,"name":"Home","item":"https:\/\/www.comosoft.eu\/es\/"},{"@type":"ListItem","position":2,"name":"AVISO LEGAL"}]},{"@type":"WebSite","@id":"https:\/\/www.comosoft.eu\/es\/#website","url":"https:\/\/www.comosoft.eu\/es\/","name":"Comosoft","description":"Multichannel Solutions","publisher":{"@id":"https:\/\/www.comosoft.eu\/es\/#organization"},"potentialAction":[{"@type":"SearchAction","target":{"@type":"EntryPoint","urlTemplate":"https:\/\/www.comosoft.eu\/es\/?s={search_term_string}"},"query-input":{"@type":"PropertyValueSpecification","valueRequired":true,"valueName":"search_term_string"}}],"inLanguage":"es"},{"@type":"Organization","@id":"https:\/\/www.comosoft.eu\/es\/#organization","name":"Comosoft GmbH","alternateName":"Multichannel Solutions","url":"https:\/\/www.comosoft.eu\/es\/","logo":{"@type":"ImageObject","inLanguage":"es","@id":"https:\/\/www.comosoft.eu\/es\/#\/schema\/logo\/image\/","url":"https:\/\/www.comosoft.eu\/wp-content\/uploads\/2021\/01\/Comosoft-Logo463.png","contentUrl":"https:\/\/www.comosoft.eu\/wp-content\/uploads\/2021\/01\/Comosoft-Logo463.png","width":1654,"height":337,"caption":"Comosoft GmbH"},"image":{"@id":"https:\/\/www.comosoft.eu\/es\/#\/schema\/logo\/image\/"},"sameAs":["https:\/\/de.linkedin.com\/company\/comosoft?original_referer=httpswww.google.com"]}]}},"_links":{"self":[{"href":"https:\/\/www.comosoft.eu\/es\/wp-json\/wp\/v2\/pages\/6505","targetHints":{"allow":["GET"]}}],"collection":[{"href":"https:\/\/www.comosoft.eu\/es\/wp-json\/wp\/v2\/pages"}],"about":[{"href":"https:\/\/www.comosoft.eu\/es\/wp-json\/wp\/v2\/types\/page"}],"author":[{"embeddable":true,"href":"https:\/\/www.comosoft.eu\/es\/wp-json\/wp\/v2\/users\/103"}],"replies":[{"embeddable":true,"href":"https:\/\/www.comosoft.eu\/es\/wp-json\/wp\/v2\/comments?post=6505"}],"version-history":[{"count":12,"href":"https:\/\/www.comosoft.eu\/es\/wp-json\/wp\/v2\/pages\/6505\/revisions"}],"predecessor-version":[{"id":49320,"href":"https:\/\/www.comosoft.eu\/es\/wp-json\/wp\/v2\/pages\/6505\/revisions\/49320"}],"wp:attachment":[{"href":"https:\/\/www.comosoft.eu\/es\/wp-json\/wp\/v2\/media?parent=6505"}],"curies":[{"name":"wp","href":"https:\/\/api.w.org\/{rel}","templated":true}]}}