{"id":6497,"date":"2019-02-07T13:32:35","date_gmt":"2019-02-07T12:32:35","guid":{"rendered":"https:\/\/www.comosoft.com\/?page_id=6497"},"modified":"2025-09-19T12:00:25","modified_gmt":"2025-09-19T10:00:25","slug":"caso-practico-purered","status":"publish","type":"page","link":"https:\/\/www.comosoft.eu\/es\/caso-practico-purered\/","title":{"rendered":"Caso pr\u00e1ctico PureRED"},"content":{"rendered":"<div class=\"wpb-content-wrapper\"><p>[vc_row][vc_column width=&#8221;1\/1&#8243;][vc_column_text]<\/p>\n<h1>El versionado brinda grandes efectos con PureRED en los Estados Unidos<\/h1>\n<p class=\"p3\">El trasfondo: PureRED (antes GA Communications) ha venido ofreciendo servicios de preimpresi\u00f3n ya desde 1967. Siempre actualizada en cuanto a tecnolog\u00eda se refiere, PureRED ha evolucionado de un puro servicio de preimpresi\u00f3n a un proveedor de servicio completo, integrado, para proyectos en todos los canales de marketing, incluidas las actividades de creaci\u00f3n, producci\u00f3n e incluso marketing. Hoy, PureRED cuenta con una amplia clientela, entre la cual se cuentan algunos de los minoristas y proveedores B2B m\u00e1s grandes de EE. UU.<\/p>\n<p class=\"p4\"><strong>El reto<\/strong><\/p>\n<p class=\"p3\">Con los flujos de trabajo r\u00e1pidos y orientados a los plazos en el sector minorista, PureRED se enfrenta al reto constante de satisfacer a los clientes con la m\u00e1xima eficiencia y ello sin sacrificar la creatividad, la calidad o el control. Esta agencia de marketing, fuertemente integrada en los procesos de los clientes, cumple con esta gigantesca tarea, centr\u00e1ndose en los requisitos del cliente:<\/p>\n<p class=\"p3\"><em>&#8220;Necesit\u00e1bamos encontrar e implementar una soluci\u00f3n rentable y que ahorrara tiempo para la automatizaci\u00f3n de los servicios multicanal&#8221;.<\/em><\/p>\n<p class=\"p4\"><strong>La b\u00fasqueda<\/strong><\/p>\n<p>En un proceso de selecci\u00f3n de aproximadamente seis meses , el &#8220;Equipo de Soluciones&#8221; multifuncional de PureRED se dirigi\u00f3 a un total de 17 proveedores diferentes de sistemas de Gesti\u00f3n de Activos Digitales (DAM), sistemas de marketing y sistemas de flujo de trabajo basados en bases de datos.<\/p>\n<p>Posteriormente, el equipo compil\u00f3 un conjunto de criterios de selecci\u00f3n, que establecieron los requisitos de estructura, tecnolog\u00eda y alcance funcional y, finalmente, redujo la selecci\u00f3n a una lista restringida. A continuaci\u00f3n, cuatro finalistas fueron invitados a una demostraci\u00f3n en l\u00ednea antes de la ronda ampliada, en cuya demostraci\u00f3n estuvieron presentes empleados t\u00e9cnicos y operativos de PureRED Atlanta, GA.<\/p>\n<p class=\"p6\"><em>&#8220;LAGO, de Comosoft ,fue para nosotros la soluci\u00f3n m\u00e1s innovadora y \u00fatil que pudimos encontrar para las necesidades en constante crecimiento de nuestros clientes&#8221;.<\/em><\/p>\n<p class=\"p4\"><strong>La soluci\u00f3n<\/strong><\/p>\n<p class=\"p3\">El buque insignia de Comosoft, LAGO, ahorra tiempo y dinero al combinar el software creativo de producci\u00f3n con herramientas basadas en la web para planificar y controlar proyectos de marketing digital e impreso en un solo sistema. A PureRED le convencieron sobre todo los siguientes puntos de LAGO4: Versionado: a trav\u00e9s de una gesti\u00f3n simple y centralizada de plantillas inteligentes, LAGO permite cambiar autom\u00e1ticamente la apariencia de las promociones (incluidos gr\u00e1ficos de precios, logotipos, im\u00e1genes, etc.) para crear r\u00e1pidamente versiones diferentes de p\u00e1ginas publicitarias. La &#8220;integraci\u00f3n perfecta de las pruebas de software y los flujos de trabajo de producci\u00f3n&#8221;, cuyo list\u00f3n LAGO ha situado &#8220;muy por encima de los otros proveedores&#8221;. La &#8220;excepcional interfaz de usuario, as\u00ed como la estructura y dise\u00f1o del sistema LAGO&#8221;.<\/p>\n<p class=\"p1\"><strong>El impacto<\/strong><\/p>\n<p class=\"p2\">Diferentes versiones dentro de una plantilla. Con el proceso basado en la base de datos de LAGO, los dolores de cabeza en t\u00e9rminos de desaf\u00edos de producci\u00f3n son cosa del pasado. La creaci\u00f3n de plantillas inteligentes en LAGO supone que pr\u00e1cticamente todo el contenido se puede intercambiar sobre la base de reglas, de forma din\u00e1mica y autom\u00e1tica. Esto hace que sea f\u00e1cil y r\u00e1pido crear muchas versiones diferentes sin necesidad de un esfuerzo extra. Esto comienza con im\u00e1genes o logotipos y va hasta formatos de precios y mucho m\u00e1s. Por ejemplo, si un producto se ofrece por $ 1,00, LAGO puede cambiar autom\u00e1ticamente el formato de precio a 99 centavos, o incluso crear y presentar autom\u00e1ticamente sobre la base de reglas definidas, el dise\u00f1o de ciertas promociones como 2 por $ 1 o &#8220;Compre uno y ll\u00e9vese otro gratis&#8221;. Esto permite a PureRED crear una amplia gama de dise\u00f1os y versiones con el m\u00ednimo n\u00famero de plantillas. Problema resuelto.<\/p>\n<p class=\"p1\"><strong>Eliminaci\u00f3n de redundancias<\/strong><\/p>\n<p class=\"p2\">Con el sistema LAGO, solo hay que introducir una vez en el sistema la informaci\u00f3n de productos, con lo que el sistema crea autom\u00e1ticamente p\u00e1ginas comerciales. Por lo tanto, los compradores en PureRED ganan m\u00e1s libertad para dedicarse a otras tareas.<\/p>\n<p class=\"p1\">Los flujos de trabajo integrados brindan m\u00e1s flexibilidad<\/p>\n<p class=\"p2\">Las herramientas de LAGO permiten que el Equipo de Marketing se dedique a su tarea principal, la publicidad, mientras el Equipo de Ventas organiza la informaci\u00f3n y el contenido de los productos , todo en una fuente central. Tencer que contar con diferentes hojas de datos y las soluciones provisionales pasan a la historia. La posibilidad de actualizar los precios justo antes de la impresi\u00f3n y de crear productos en diferentes versiones , &#8220;y todo ello en el \u00faltimo minuto&#8221;, brinda a los clientes de PureRED &#8220;una gran ventaja competitiva&#8221;.<\/p>\n<p class=\"p1\"><strong>PureRED dijo:<\/strong><\/p>\n<p class=\"p3\"><em>&#8220;Confiamos much\u00edsimo en LAGO, de Comosoft, para un proceso de creaci\u00f3n de p\u00e1ginas altamente eficiente. Al integrar de modo perfecto las pruebas de software con el flujo de trabajo de producci\u00f3n, la interfaz de usuario de LAGO simplemente cuenta con ventaja sobre todos los dem\u00e1s proveedores. Valoramos especialmente la capacidad de configuraci\u00f3n, que permite adaptar todo exactamente a nuestras necesidades. Nuestros clientes en el negocio esperan constantemente una mayor eficiencia: con LAGO, podemos ofrec\u00e9rsela&#8221;.<\/em><\/p>\n<p class=\"p5\">Director de Tecnolog\u00edas Publicitarias | PureRED<\/p>\n<hr \/>\n<p class=\"p5\">Hamburg, 2002<\/p>\n<p>[\/vc_column_text][\/vc_column][\/vc_row]<\/p>\n<\/div>","protected":false},"excerpt":{"rendered":"<p>Con los flujos de trabajo r\u00e1pidos y orientados a los plazos en el sector minorista, PureRED se enfrenta al reto constante de satisfacer a los clientes con la m\u00e1xima eficiencia y ello sin sacrificar la creatividad, la calidad o el control. Esta agencia de marketing, fuertemente integrada en los procesos de los clientes, cumple con esta gigantesca tarea, centr\u00e1ndose en los requisitos del cliente.<\/p>\n","protected":false},"author":103,"featured_media":0,"parent":0,"menu_order":0,"comment_status":"closed","ping_status":"closed","template":"","meta":{"footnotes":""},"class_list":["post-6497","page","type-page","status-publish","hentry"],"yoast_head":"<!-- This site is optimized with the Yoast SEO plugin v27.3 - https:\/\/yoast.com\/product\/yoast-seo-wordpress\/ -->\n<title>Caso pr\u00e1ctico PureRED \/ Comosoft<\/title>\n<meta name=\"description\" content=\"PureRED se dedica constantemente a satisfacer a los clientes con workflows r\u00e1pidos y orientados a los plazos en el sector minorista, .\" \/>\n<meta name=\"robots\" content=\"index, follow, max-snippet:-1, max-image-preview:large, max-video-preview:-1\" \/>\n<link rel=\"canonical\" href=\"https:\/\/www.comosoft.eu\/es\/caso-practico-purered\/\" \/>\n<meta property=\"og:locale\" content=\"es_ES\" \/>\n<meta property=\"og:type\" content=\"article\" \/>\n<meta property=\"og:title\" content=\"Caso pr\u00e1ctico PureRED \/ Comosoft\" \/>\n<meta property=\"og:description\" content=\"PureRED se dedica constantemente a satisfacer a los clientes con workflows r\u00e1pidos y orientados a los plazos en el sector minorista, .\" \/>\n<meta property=\"og:url\" content=\"https:\/\/www.comosoft.eu\/es\/caso-practico-purered\/\" \/>\n<meta property=\"og:site_name\" content=\"Comosoft\" \/>\n<meta property=\"article:modified_time\" content=\"2025-09-19T10:00:25+00:00\" \/>\n<meta property=\"og:image\" content=\"https:\/\/www.comosoft.eu\/wp-content\/uploads\/2021\/01\/Digital-publishing.jpg\" \/>\n\t<meta property=\"og:image:width\" content=\"2000\" \/>\n\t<meta property=\"og:image:height\" content=\"1334\" \/>\n\t<meta property=\"og:image:type\" content=\"image\/jpeg\" \/>\n<meta name=\"twitter:card\" content=\"summary_large_image\" \/>\n<!-- \/ Yoast SEO plugin. -->","yoast_head_json":{"title":"Caso pr\u00e1ctico PureRED \/ Comosoft","description":"PureRED se dedica constantemente a satisfacer a los clientes con workflows r\u00e1pidos y orientados a los plazos en el sector minorista, .","robots":{"index":"index","follow":"follow","max-snippet":"max-snippet:-1","max-image-preview":"max-image-preview:large","max-video-preview":"max-video-preview:-1"},"canonical":"https:\/\/www.comosoft.eu\/es\/caso-practico-purered\/","og_locale":"es_ES","og_type":"article","og_title":"Caso pr\u00e1ctico PureRED \/ Comosoft","og_description":"PureRED se dedica constantemente a satisfacer a los clientes con workflows r\u00e1pidos y orientados a los plazos en el sector minorista, .","og_url":"https:\/\/www.comosoft.eu\/es\/caso-practico-purered\/","og_site_name":"Comosoft","article_modified_time":"2025-09-19T10:00:25+00:00","og_image":[{"width":2000,"height":1334,"url":"https:\/\/www.comosoft.eu\/wp-content\/uploads\/2021\/01\/Digital-publishing.jpg","type":"image\/jpeg"}],"twitter_card":"summary_large_image","schema":{"@context":"https:\/\/schema.org","@graph":[{"@type":"WebPage","@id":"https:\/\/www.comosoft.eu\/es\/caso-practico-purered\/","url":"https:\/\/www.comosoft.eu\/es\/caso-practico-purered\/","name":"Caso pr\u00e1ctico PureRED \/ Comosoft","isPartOf":{"@id":"https:\/\/www.comosoft.eu\/es\/#website"},"datePublished":"2019-02-07T12:32:35+00:00","dateModified":"2025-09-19T10:00:25+00:00","description":"PureRED se dedica constantemente a satisfacer a los clientes con workflows r\u00e1pidos y orientados a los plazos en el sector minorista, .","breadcrumb":{"@id":"https:\/\/www.comosoft.eu\/es\/caso-practico-purered\/#breadcrumb"},"inLanguage":"es","potentialAction":[{"@type":"ReadAction","target":["https:\/\/www.comosoft.eu\/es\/caso-practico-purered\/"]}]},{"@type":"BreadcrumbList","@id":"https:\/\/www.comosoft.eu\/es\/caso-practico-purered\/#breadcrumb","itemListElement":[{"@type":"ListItem","position":1,"name":"Home","item":"https:\/\/www.comosoft.eu\/es\/"},{"@type":"ListItem","position":2,"name":"Caso pr\u00e1ctico PureRED"}]},{"@type":"WebSite","@id":"https:\/\/www.comosoft.eu\/es\/#website","url":"https:\/\/www.comosoft.eu\/es\/","name":"Comosoft","description":"Multichannel Solutions","publisher":{"@id":"https:\/\/www.comosoft.eu\/es\/#organization"},"potentialAction":[{"@type":"SearchAction","target":{"@type":"EntryPoint","urlTemplate":"https:\/\/www.comosoft.eu\/es\/?s={search_term_string}"},"query-input":{"@type":"PropertyValueSpecification","valueRequired":true,"valueName":"search_term_string"}}],"inLanguage":"es"},{"@type":"Organization","@id":"https:\/\/www.comosoft.eu\/es\/#organization","name":"Comosoft GmbH","alternateName":"Multichannel Solutions","url":"https:\/\/www.comosoft.eu\/es\/","logo":{"@type":"ImageObject","inLanguage":"es","@id":"https:\/\/www.comosoft.eu\/es\/#\/schema\/logo\/image\/","url":"https:\/\/www.comosoft.eu\/wp-content\/uploads\/2021\/01\/Comosoft-Logo463.png","contentUrl":"https:\/\/www.comosoft.eu\/wp-content\/uploads\/2021\/01\/Comosoft-Logo463.png","width":1654,"height":337,"caption":"Comosoft GmbH"},"image":{"@id":"https:\/\/www.comosoft.eu\/es\/#\/schema\/logo\/image\/"},"sameAs":["https:\/\/de.linkedin.com\/company\/comosoft?original_referer=httpswww.google.com"]}]}},"_links":{"self":[{"href":"https:\/\/www.comosoft.eu\/es\/wp-json\/wp\/v2\/pages\/6497","targetHints":{"allow":["GET"]}}],"collection":[{"href":"https:\/\/www.comosoft.eu\/es\/wp-json\/wp\/v2\/pages"}],"about":[{"href":"https:\/\/www.comosoft.eu\/es\/wp-json\/wp\/v2\/types\/page"}],"author":[{"embeddable":true,"href":"https:\/\/www.comosoft.eu\/es\/wp-json\/wp\/v2\/users\/103"}],"replies":[{"embeddable":true,"href":"https:\/\/www.comosoft.eu\/es\/wp-json\/wp\/v2\/comments?post=6497"}],"version-history":[{"count":3,"href":"https:\/\/www.comosoft.eu\/es\/wp-json\/wp\/v2\/pages\/6497\/revisions"}],"predecessor-version":[{"id":49642,"href":"https:\/\/www.comosoft.eu\/es\/wp-json\/wp\/v2\/pages\/6497\/revisions\/49642"}],"wp:attachment":[{"href":"https:\/\/www.comosoft.eu\/es\/wp-json\/wp\/v2\/media?parent=6497"}],"curies":[{"name":"wp","href":"https:\/\/api.w.org\/{rel}","templated":true}]}}