{"id":6495,"date":"2019-02-07T13:32:25","date_gmt":"2019-02-07T12:32:25","guid":{"rendered":"https:\/\/www.comosoft.com\/?page_id=6495"},"modified":"2025-09-29T11:54:20","modified_gmt":"2025-09-29T09:54:20","slug":"caso-practico-pi-media","status":"publish","type":"page","link":"https:\/\/www.comosoft.eu\/es\/caso-practico-pi-media\/","title":{"rendered":"Caso pr\u00e1ctico Pi Media"},"content":{"rendered":"<div class=\"wpb-content-wrapper\"><p>[vc_row][vc_column width=&#8221;1\/1&#8243;][vc_column_text]<\/p>\n<h1>Pi Media produce con LAGO cat\u00e1logos para el minorista m\u00e1s grande de Canad\u00e1<\/h1>\n<p class=\"p3\">Desde que la empresa de Hamburgo, Comosoft GmbH, tiene sucursales que la representan en el mercado norteamericano, ya ha sido capaz de ganar prestigiosos clientes en los Estados Unidos, entre ellos, JCPenney, Lillian Vernon y Blair Corporation. A fines de 2004, el historial de \u00e9xito continu\u00f3 su expansi\u00f3n, incluido ahora a Canad\u00e1:<\/p>\n<p class=\"p3\">En nombre del gigante comercial Sears Canada Inc., la canadiense Pi Media producir\u00e1 en el futuro con LAGO de Comosoft. Con el sistema de gesti\u00f3n y producci\u00f3n de contenido de los especialistas en software de Hamburgo, en el futuro se crear\u00e1n y gestionar\u00e1n cat\u00e1logos impresos y de Internet, pantallas electr\u00f3nicas y inserciones publicitarias para Sears Canada.<\/p>\n<p class=\"p3\">Pi Media, uno de los mayores servicios de medios y de producci\u00f3n para marketing estrat\u00e9gico, dise\u00f1o gr\u00e1fico, fotograf\u00eda, pre-medios y gesti\u00f3n de impresi\u00f3n en Canad\u00e1, opt\u00f3 por LAGO debido a que el sistema permite un procesamiento simult\u00e1neo de contenidos impresos y de Internet y, en consecuencia, un considerable ahorro de tiempo y costes.<\/p>\n<p class=\"p3\">Todas las secuencias de trabajo pueden volverse m\u00e1s eficientes con LAGO. Por ejemplo, el sistema permite el intercambio r\u00e1pido y seguro de informaci\u00f3n digital de productos e inventario entre diferentes departamentos y sistemas, reduciendo los tiempos de producci\u00f3n de las publicaciones producidas para Sears Canada.<\/p>\n<p class=\"p3\">Con LAGO, los datos de productos de un gran n\u00famero de fuentes de inventario con los contenidos de imagen correspondientes tambi\u00e9n se pueden fusionar en el \u00faltimo minuto en la p\u00e1gina a imprimir, en Internet o en una pantalla digital.<\/p>\n<p class=\"p3\">En el calendario de implementaci\u00f3n de Lago en Pi Media estaba previsto producir las primeras publicaciones de prueba en la primavera de 2005 con la nueva soluci\u00f3n. A m\u00e1s tardar, en el verano de 2005 se llevar\u00eda a cabo con el nuevo sistema toda la producci\u00f3n para Sears, incluidas 10.000 p\u00e1ginas de cat\u00e1logo anuales de alrededor de 20.000 ofertas de productos y volante semanal con un total de 3.500 p\u00e1ginas por a\u00f1o. Al mismo tiempo, Pi Media equipar\u00eda las sucursales de Sears con carteles de campa\u00f1a, logotipos y pantallas con una circulaci\u00f3n anual de 26 millones.<\/p>\n<hr \/>\n<p class=\"p3\">Hamburg, 2004<\/p>\n<p>[\/vc_column_text][\/vc_column][\/vc_row]<\/p>\n<\/div>","protected":false},"excerpt":{"rendered":"<p>[vc_row][vc_column width=&#8221;1\/1&#8243;][vc_column_text] Pi Media produce con LAGO cat\u00e1logos para el minorista m\u00e1s grande de Canad\u00e1 Desde que la empresa de [&hellip;]<\/p>\n","protected":false},"author":103,"featured_media":0,"parent":0,"menu_order":0,"comment_status":"closed","ping_status":"closed","template":"","meta":{"footnotes":""},"class_list":["post-6495","page","type-page","status-publish","hentry"],"yoast_head":"<!-- This site is optimized with the Yoast SEO plugin v27.3 - https:\/\/yoast.com\/product\/yoast-seo-wordpress\/ -->\n<title>Caso pr\u00e1ctico Pi Media \/ Comosoft<\/title>\n<meta name=\"description\" content=\"En nombre del gigante comercial Sears Canada Inc., la canadiense Pi Media producir\u00e1 en el futuro con LAGO de Comosoft.\" \/>\n<meta name=\"robots\" content=\"index, follow, max-snippet:-1, max-image-preview:large, max-video-preview:-1\" \/>\n<link rel=\"canonical\" href=\"https:\/\/www.comosoft.eu\/es\/caso-practico-pi-media\/\" \/>\n<meta property=\"og:locale\" content=\"es_ES\" \/>\n<meta property=\"og:type\" content=\"article\" \/>\n<meta property=\"og:title\" content=\"Caso pr\u00e1ctico Pi Media \/ Comosoft\" \/>\n<meta property=\"og:description\" content=\"En nombre del gigante comercial Sears Canada Inc., la canadiense Pi Media producir\u00e1 en el futuro con LAGO de Comosoft.\" \/>\n<meta property=\"og:url\" content=\"https:\/\/www.comosoft.eu\/es\/caso-practico-pi-media\/\" \/>\n<meta property=\"og:site_name\" content=\"Comosoft\" \/>\n<meta property=\"article:modified_time\" content=\"2025-09-29T09:54:20+00:00\" \/>\n<meta property=\"og:image\" content=\"https:\/\/www.comosoft.eu\/wp-content\/uploads\/2021\/01\/Digital-publishing.jpg\" \/>\n\t<meta property=\"og:image:width\" content=\"2000\" \/>\n\t<meta property=\"og:image:height\" content=\"1334\" \/>\n\t<meta property=\"og:image:type\" content=\"image\/jpeg\" \/>\n<meta name=\"twitter:card\" content=\"summary_large_image\" \/>\n<!-- \/ Yoast SEO plugin. -->","yoast_head_json":{"title":"Caso pr\u00e1ctico Pi Media \/ Comosoft","description":"En nombre del gigante comercial Sears Canada Inc., la canadiense Pi Media producir\u00e1 en el futuro con LAGO de Comosoft.","robots":{"index":"index","follow":"follow","max-snippet":"max-snippet:-1","max-image-preview":"max-image-preview:large","max-video-preview":"max-video-preview:-1"},"canonical":"https:\/\/www.comosoft.eu\/es\/caso-practico-pi-media\/","og_locale":"es_ES","og_type":"article","og_title":"Caso pr\u00e1ctico Pi Media \/ Comosoft","og_description":"En nombre del gigante comercial Sears Canada Inc., la canadiense Pi Media producir\u00e1 en el futuro con LAGO de Comosoft.","og_url":"https:\/\/www.comosoft.eu\/es\/caso-practico-pi-media\/","og_site_name":"Comosoft","article_modified_time":"2025-09-29T09:54:20+00:00","og_image":[{"width":2000,"height":1334,"url":"https:\/\/www.comosoft.eu\/wp-content\/uploads\/2021\/01\/Digital-publishing.jpg","type":"image\/jpeg"}],"twitter_card":"summary_large_image","schema":{"@context":"https:\/\/schema.org","@graph":[{"@type":"WebPage","@id":"https:\/\/www.comosoft.eu\/es\/caso-practico-pi-media\/","url":"https:\/\/www.comosoft.eu\/es\/caso-practico-pi-media\/","name":"Caso pr\u00e1ctico Pi Media \/ Comosoft","isPartOf":{"@id":"https:\/\/www.comosoft.eu\/es\/#website"},"datePublished":"2019-02-07T12:32:25+00:00","dateModified":"2025-09-29T09:54:20+00:00","description":"En nombre del gigante comercial Sears Canada Inc., la canadiense Pi Media producir\u00e1 en el futuro con LAGO de Comosoft.","breadcrumb":{"@id":"https:\/\/www.comosoft.eu\/es\/caso-practico-pi-media\/#breadcrumb"},"inLanguage":"es","potentialAction":[{"@type":"ReadAction","target":["https:\/\/www.comosoft.eu\/es\/caso-practico-pi-media\/"]}]},{"@type":"BreadcrumbList","@id":"https:\/\/www.comosoft.eu\/es\/caso-practico-pi-media\/#breadcrumb","itemListElement":[{"@type":"ListItem","position":1,"name":"Home","item":"https:\/\/www.comosoft.eu\/es\/"},{"@type":"ListItem","position":2,"name":"Caso pr\u00e1ctico Pi Media"}]},{"@type":"WebSite","@id":"https:\/\/www.comosoft.eu\/es\/#website","url":"https:\/\/www.comosoft.eu\/es\/","name":"Comosoft","description":"Multichannel Solutions","publisher":{"@id":"https:\/\/www.comosoft.eu\/es\/#organization"},"potentialAction":[{"@type":"SearchAction","target":{"@type":"EntryPoint","urlTemplate":"https:\/\/www.comosoft.eu\/es\/?s={search_term_string}"},"query-input":{"@type":"PropertyValueSpecification","valueRequired":true,"valueName":"search_term_string"}}],"inLanguage":"es"},{"@type":"Organization","@id":"https:\/\/www.comosoft.eu\/es\/#organization","name":"Comosoft GmbH","alternateName":"Multichannel Solutions","url":"https:\/\/www.comosoft.eu\/es\/","logo":{"@type":"ImageObject","inLanguage":"es","@id":"https:\/\/www.comosoft.eu\/es\/#\/schema\/logo\/image\/","url":"https:\/\/www.comosoft.eu\/wp-content\/uploads\/2021\/01\/Comosoft-Logo463.png","contentUrl":"https:\/\/www.comosoft.eu\/wp-content\/uploads\/2021\/01\/Comosoft-Logo463.png","width":1654,"height":337,"caption":"Comosoft GmbH"},"image":{"@id":"https:\/\/www.comosoft.eu\/es\/#\/schema\/logo\/image\/"},"sameAs":["https:\/\/de.linkedin.com\/company\/comosoft?original_referer=httpswww.google.com"]}]}},"_links":{"self":[{"href":"https:\/\/www.comosoft.eu\/es\/wp-json\/wp\/v2\/pages\/6495","targetHints":{"allow":["GET"]}}],"collection":[{"href":"https:\/\/www.comosoft.eu\/es\/wp-json\/wp\/v2\/pages"}],"about":[{"href":"https:\/\/www.comosoft.eu\/es\/wp-json\/wp\/v2\/types\/page"}],"author":[{"embeddable":true,"href":"https:\/\/www.comosoft.eu\/es\/wp-json\/wp\/v2\/users\/103"}],"replies":[{"embeddable":true,"href":"https:\/\/www.comosoft.eu\/es\/wp-json\/wp\/v2\/comments?post=6495"}],"version-history":[{"count":1,"href":"https:\/\/www.comosoft.eu\/es\/wp-json\/wp\/v2\/pages\/6495\/revisions"}],"predecessor-version":[{"id":6496,"href":"https:\/\/www.comosoft.eu\/es\/wp-json\/wp\/v2\/pages\/6495\/revisions\/6496"}],"wp:attachment":[{"href":"https:\/\/www.comosoft.eu\/es\/wp-json\/wp\/v2\/media?parent=6495"}],"curies":[{"name":"wp","href":"https:\/\/api.w.org\/{rel}","templated":true}]}}