{"id":6492,"date":"2019-02-07T13:32:15","date_gmt":"2019-02-07T12:32:15","guid":{"rendered":"https:\/\/www.comosoft.com\/?page_id=6492"},"modified":"2019-04-24T11:23:15","modified_gmt":"2019-04-24T09:23:15","slug":"caso-practico-nordmann-gruppe","status":"publish","type":"page","link":"https:\/\/www.comosoft.eu\/es\/caso-practico-nordmann-gruppe\/","title":{"rendered":"Caso pr\u00e1ctico Nordmann Gruppe"},"content":{"rendered":"<div class=\"wpb-content-wrapper\"><p>[vc_row][vc_column width=&#8221;1\/1&#8243;][vc_column_text]<\/p>\n<h1>Cuando todo fluye: Nordmann Group estructura los procesos de producci\u00f3n de medios y establece el marco para el marketing multicanal<\/h1>\n<p class=\"p3\"><strong>Expertos de la venta al por mayor y al por menor de bebidas implantan LAGO4 y definen nuevamente la gesti\u00f3n de categor\u00edas.<\/strong><\/p>\n<p class=\"p4\">Con alrededor de 1.000 empleados en diez ubicaciones, el grupo de empresas Nordmann (www.nordmann.de), que fue fundado ya en 1908 como Bierverlag Fritz Nordmann, pertenece a una de las empresas l\u00edderes en la venta al por mayor y al por menor de bebidas. Norman lleva aplicando LAGO4 (sistema de PIM de multicanal) de Comosoft desde 2013. Fiel al credo de Nordmann &#8220;Todo fluye&#8221;, la adopci\u00f3n del sistema de producci\u00f3n de medios debe optimizar los procesos, reduciendo los costes y aumentando las ventas.<\/p>\n<p class=\"p3\"><strong>Todos los departamentos conectados, porque eso ayuda.<\/strong><\/p>\n<p class=\"p4\">A fin de optimizar los procesos, todos los departamentos participantes en el proceso de producci\u00f3n de medios, incluido el Departamento de Gesti\u00f3n de Categor\u00edas, han sido conectados entre s\u00ed con LAGO4. La centralizaci\u00f3n de los datos de los productos y el acceso desde las distintas \u00e1reas aportaron una flexibilidad completamente nueva, p.ej., poder actualizar la informaci\u00f3n de los productos o los datos de los precios poco antes de la impresi\u00f3n. En la actualidad, los Departamentos de TI, Marketing, Gr\u00e1ficos, Gesti\u00f3n de Categor\u00edas y Ventas colaboran mano a mano diariamente en flujos de trabajo eficientes y eficaces en LAGO4.<\/p>\n<p class=\"p5\"><em>&#8220;Para nosotros ten\u00eda particular importancia tener en cuenta en la planificaci\u00f3n diferentes grupos de mercanc\u00edas y conectar los departamentos entre s\u00ed. La colaboraci\u00f3n entre el Departamento de Gesti\u00f3n de Categor\u00edas y el de Gr\u00e1ficos nunca ha sido tan f\u00e1cil como actualmente porque ganar calidad en el proceso (de producci\u00f3n) es el requisito previo para operar un verdadero multicanal&#8221;.<\/em><\/p>\n<p class=\"p7\">Lars K\u00fchne | Gerente de Marketing y Relaciones P\u00fablicas de Nordmann Group<\/p>\n<p class=\"p3\"><strong>Los procesos de producci\u00f3n eficientes brindan flexibilidad para continuar siendo competitivos.<\/strong><\/p>\n<p class=\"p4\">En la producci\u00f3n impresa, por ejemplo, esto comienza ya desde la planificaci\u00f3n de la publicidad. Los datos de los productos disponibles en el PIM de LAGO4 se colocan directamente en las p\u00e1ginas publicitarias mediante una vista digital de planificaci\u00f3n (garabato digital).<br \/>\nEn este caso, los grupos de productos individuales ya est\u00e1n divididos en diferentes \u00e1reas publicitarias (categor\u00edas), de modo que cada Gerente de Categor\u00eda encuentra el espacio corrrespondiente para su gama de productos.<\/p>\n<p>El resultado de la planificaci\u00f3n de p\u00e1ginas son documentos Adobe\u00ae InDesign\u00ae precargados, que ya contienen toda la informaci\u00f3n de los productos sin haber tocado previamente el documento de DTP. El documento de DTP, la planificaci\u00f3n de los medios publicitarios y el sistema de PIM est\u00e1n conectados entre s\u00ed de forma bidireccional. As\u00ed por ejemplo, tambi\u00e9n se puede actualizar informaci\u00f3n sensible de los productos poco antes de la impresi\u00f3n sin poner en peligro la calidad de los datos.<\/p>\n<p class=\"p1\"><strong>\u00bf.. .y qu\u00e9 pasa despu\u00e9s?<\/strong><\/p>\n<p class=\"p2\">Una vez que el sistema haya sido implantando con \u00e9xito y se haya comprobado el flujo de trabajo de impresi\u00f3n, los objetivos siguientes son claros. &#8220;El Departamento de Comercio Electr\u00f3nico tambi\u00e9n se beneficiar\u00e1 de LAGO. Tambi\u00e9n queremos trasladar a este aqu\u00e9llo de lo que se benefician los otros departamentos&#8221;, dice Lars K\u00fchne.<\/p>\n<hr \/>\n<p class=\"p2\">Hamburg, 2012<\/p>\n<p>[\/vc_column_text][\/vc_column][\/vc_row]<\/p>\n<\/div>","protected":false},"excerpt":{"rendered":"<p>[vc_row][vc_column width=&#8221;1\/1&#8243;][vc_column_text] Cuando todo fluye: Nordmann Group estructura los procesos de producci\u00f3n de medios y establece el marco para el [&hellip;]<\/p>\n","protected":false},"author":103,"featured_media":0,"parent":0,"menu_order":0,"comment_status":"closed","ping_status":"closed","template":"","meta":{"footnotes":""},"class_list":["post-6492","page","type-page","status-publish","hentry"],"yoast_head":"<!-- This site is optimized with the Yoast SEO plugin v27.3 - https:\/\/yoast.com\/product\/yoast-seo-wordpress\/ -->\n<title>Caso pr\u00e1ctico Nordmann Gruppe \/ Comosoft<\/title>\n<meta name=\"description\" content=\"Caso pr\u00e1ctico Nordmann Gruppe: Cuando todo fluye: Nordmann Group estructura los procesos de producci\u00f3n de medios y establece el marco para el marketing multicanal Expertos de la venta\" \/>\n<meta name=\"robots\" content=\"index, follow, max-snippet:-1, max-image-preview:large, max-video-preview:-1\" \/>\n<link rel=\"canonical\" href=\"https:\/\/www.comosoft.eu\/es\/caso-practico-nordmann-gruppe\/\" \/>\n<meta property=\"og:locale\" content=\"es_ES\" \/>\n<meta property=\"og:type\" content=\"article\" \/>\n<meta property=\"og:title\" content=\"Caso pr\u00e1ctico Nordmann Gruppe \/ Comosoft\" \/>\n<meta property=\"og:description\" content=\"Caso pr\u00e1ctico Nordmann Gruppe: Cuando todo fluye: Nordmann Group estructura los procesos de producci\u00f3n de medios y establece el marco para el marketing multicanal Expertos de la venta\" \/>\n<meta property=\"og:url\" content=\"https:\/\/www.comosoft.eu\/es\/caso-practico-nordmann-gruppe\/\" \/>\n<meta property=\"og:site_name\" content=\"Comosoft\" \/>\n<meta property=\"article:modified_time\" content=\"2019-04-24T09:23:15+00:00\" \/>\n<meta property=\"og:image\" content=\"https:\/\/www.comosoft.eu\/wp-content\/uploads\/2021\/01\/Digital-publishing.jpg\" \/>\n\t<meta property=\"og:image:width\" content=\"2000\" \/>\n\t<meta property=\"og:image:height\" content=\"1334\" \/>\n\t<meta property=\"og:image:type\" content=\"image\/jpeg\" \/>\n<meta name=\"twitter:card\" content=\"summary_large_image\" \/>\n<!-- \/ Yoast SEO plugin. -->","yoast_head_json":{"title":"Caso pr\u00e1ctico Nordmann Gruppe \/ Comosoft","description":"Caso pr\u00e1ctico Nordmann Gruppe: Cuando todo fluye: Nordmann Group estructura los procesos de producci\u00f3n de medios y establece el marco para el marketing multicanal Expertos de la venta","robots":{"index":"index","follow":"follow","max-snippet":"max-snippet:-1","max-image-preview":"max-image-preview:large","max-video-preview":"max-video-preview:-1"},"canonical":"https:\/\/www.comosoft.eu\/es\/caso-practico-nordmann-gruppe\/","og_locale":"es_ES","og_type":"article","og_title":"Caso pr\u00e1ctico Nordmann Gruppe \/ Comosoft","og_description":"Caso pr\u00e1ctico Nordmann Gruppe: Cuando todo fluye: Nordmann Group estructura los procesos de producci\u00f3n de medios y establece el marco para el marketing multicanal Expertos de la venta","og_url":"https:\/\/www.comosoft.eu\/es\/caso-practico-nordmann-gruppe\/","og_site_name":"Comosoft","article_modified_time":"2019-04-24T09:23:15+00:00","og_image":[{"width":2000,"height":1334,"url":"https:\/\/www.comosoft.eu\/wp-content\/uploads\/2021\/01\/Digital-publishing.jpg","type":"image\/jpeg"}],"twitter_card":"summary_large_image","schema":{"@context":"https:\/\/schema.org","@graph":[{"@type":"WebPage","@id":"https:\/\/www.comosoft.eu\/es\/caso-practico-nordmann-gruppe\/","url":"https:\/\/www.comosoft.eu\/es\/caso-practico-nordmann-gruppe\/","name":"Caso pr\u00e1ctico Nordmann Gruppe \/ Comosoft","isPartOf":{"@id":"https:\/\/www.comosoft.eu\/es\/#website"},"datePublished":"2019-02-07T12:32:15+00:00","dateModified":"2019-04-24T09:23:15+00:00","description":"Caso pr\u00e1ctico Nordmann Gruppe: Cuando todo fluye: Nordmann Group estructura los procesos de producci\u00f3n de medios y establece el marco para el marketing multicanal Expertos de la venta","breadcrumb":{"@id":"https:\/\/www.comosoft.eu\/es\/caso-practico-nordmann-gruppe\/#breadcrumb"},"inLanguage":"es","potentialAction":[{"@type":"ReadAction","target":["https:\/\/www.comosoft.eu\/es\/caso-practico-nordmann-gruppe\/"]}]},{"@type":"BreadcrumbList","@id":"https:\/\/www.comosoft.eu\/es\/caso-practico-nordmann-gruppe\/#breadcrumb","itemListElement":[{"@type":"ListItem","position":1,"name":"Home","item":"https:\/\/www.comosoft.eu\/es\/"},{"@type":"ListItem","position":2,"name":"Caso pr\u00e1ctico Nordmann Gruppe"}]},{"@type":"WebSite","@id":"https:\/\/www.comosoft.eu\/es\/#website","url":"https:\/\/www.comosoft.eu\/es\/","name":"Comosoft","description":"Multichannel Solutions","publisher":{"@id":"https:\/\/www.comosoft.eu\/es\/#organization"},"potentialAction":[{"@type":"SearchAction","target":{"@type":"EntryPoint","urlTemplate":"https:\/\/www.comosoft.eu\/es\/?s={search_term_string}"},"query-input":{"@type":"PropertyValueSpecification","valueRequired":true,"valueName":"search_term_string"}}],"inLanguage":"es"},{"@type":"Organization","@id":"https:\/\/www.comosoft.eu\/es\/#organization","name":"Comosoft GmbH","alternateName":"Multichannel Solutions","url":"https:\/\/www.comosoft.eu\/es\/","logo":{"@type":"ImageObject","inLanguage":"es","@id":"https:\/\/www.comosoft.eu\/es\/#\/schema\/logo\/image\/","url":"https:\/\/www.comosoft.eu\/wp-content\/uploads\/2021\/01\/Comosoft-Logo463.png","contentUrl":"https:\/\/www.comosoft.eu\/wp-content\/uploads\/2021\/01\/Comosoft-Logo463.png","width":1654,"height":337,"caption":"Comosoft GmbH"},"image":{"@id":"https:\/\/www.comosoft.eu\/es\/#\/schema\/logo\/image\/"},"sameAs":["https:\/\/de.linkedin.com\/company\/comosoft?original_referer=httpswww.google.com"]}]}},"_links":{"self":[{"href":"https:\/\/www.comosoft.eu\/es\/wp-json\/wp\/v2\/pages\/6492","targetHints":{"allow":["GET"]}}],"collection":[{"href":"https:\/\/www.comosoft.eu\/es\/wp-json\/wp\/v2\/pages"}],"about":[{"href":"https:\/\/www.comosoft.eu\/es\/wp-json\/wp\/v2\/types\/page"}],"author":[{"embeddable":true,"href":"https:\/\/www.comosoft.eu\/es\/wp-json\/wp\/v2\/users\/103"}],"replies":[{"embeddable":true,"href":"https:\/\/www.comosoft.eu\/es\/wp-json\/wp\/v2\/comments?post=6492"}],"version-history":[{"count":1,"href":"https:\/\/www.comosoft.eu\/es\/wp-json\/wp\/v2\/pages\/6492\/revisions"}],"predecessor-version":[{"id":6494,"href":"https:\/\/www.comosoft.eu\/es\/wp-json\/wp\/v2\/pages\/6492\/revisions\/6494"}],"wp:attachment":[{"href":"https:\/\/www.comosoft.eu\/es\/wp-json\/wp\/v2\/media?parent=6492"}],"curies":[{"name":"wp","href":"https:\/\/api.w.org\/{rel}","templated":true}]}}