{"id":6487,"date":"2019-02-07T11:38:35","date_gmt":"2019-02-07T10:38:35","guid":{"rendered":"https:\/\/www.comosoft.com\/?page_id=6487"},"modified":"2023-01-27T11:21:23","modified_gmt":"2023-01-27T10:21:23","slug":"caso-practico-klingel","status":"publish","type":"page","link":"https:\/\/www.comosoft.eu\/es\/caso-practico-klingel\/","title":{"rendered":"Caso pr\u00e1ctico Klingel"},"content":{"rendered":"<div class=\"wpb-content-wrapper\"><p>[vc_row][vc_column width=&#8221;1\/1&#8243;][vc_column_text]<\/p>\n<h1 class=\"p2\">Klingel implementa LAGO &#8211; amortizaci\u00f3n en solo tres a\u00f1os<\/h1>\n<p class=\"p3\">Al cambiar su producci\u00f3n de cat\u00e1logos al sistema LAGO de Comosoft, esta empresa de venta por correspondencia Klingel ha establecido est\u00e1ndares:<\/p>\n<p class=\"p3\">Dentro de su propio grupo de venta por correo (incluidos los expeditores especializado Wenz, Mona, Beyeler, Meyer, Diemer, Wellsana y Amara) s\u00f3lo hay una \u00fanica plataforma de producci\u00f3n para elaborar todos los cat\u00e1logos (volumen aproximado de 30.000 p\u00e1ginas por a\u00f1o). (&#8230;) El factor decisivo para adoptar un nuevo software fue el hecho de que los productos impresos se produc\u00edan hasta el momento de las m\u00e1s diversas maneras y, predominantemente, de modo convencional (no compatible con las bases de datos).<\/p>\n<p class=\"p3\">Esto no solo generaba inmensas fuentes de errores y el consecuente enorme esfuerzo de correcci\u00f3n, sino que, lo que es m\u00e1s, las capacidades personales de los empleados participantes en el proceso de producci\u00f3n no pod\u00edan utilizarse de modo \u00f3ptimo.<\/p>\n<p class=\"p3\"><em>&#8220;Gracias a la estructura clara y uniforme del software LAGO , ahora los artistas gr\u00e1ficos de todas las divisiones del grupo, por ejemplo, pueden intervenir cuando y donde sea necesario&#8221;<\/em>, afirma Nils Wilcken, Gerente de Cuentas de Comosoft, destacando la flexibilidad, de nueva creaci\u00f3n, para el cliente. Y: Los procedimientos de correcci\u00f3n, los cuales llevan mucho tiempo y costes, se reducen significativamente.<\/p>\n<p class=\"p3\">Las versiones de idiomas para varios mercados de ventas, las cuales LAGO 3.0 cubre en t\u00e9rminos de programaci\u00f3n, son tambi\u00e9n muy bienvenidas en Klingel: Al mismo tiempo, debe atenderse a cinco mercados (Alemania, Austria, Suiza, Pa\u00edses Bajos y B\u00e9lgica), utilizando tres idiomas diferentes.<\/p>\n<p class=\"p4\">El coste de instalaci\u00f3n debe quedar amortizado ya en solo tres a\u00f1os.<\/p>\n<hr \/>\n<p class=\"p4\">Hamburg, 2002<\/p>\n<p>[\/vc_column_text][\/vc_column][\/vc_row]<\/p>\n<\/div>","protected":false},"excerpt":{"rendered":"<p>[vc_row][vc_column width=&#8221;1\/1&#8243;][vc_column_text] Klingel implementa LAGO &#8211; amortizaci\u00f3n en solo tres a\u00f1os Al cambiar su producci\u00f3n de cat\u00e1logos al sistema LAGO [&hellip;]<\/p>\n","protected":false},"author":103,"featured_media":0,"parent":0,"menu_order":0,"comment_status":"closed","ping_status":"closed","template":"","meta":{"footnotes":""},"class_list":["post-6487","page","type-page","status-publish","hentry"],"yoast_head":"<!-- This site is optimized with the Yoast SEO plugin v27.3 - https:\/\/yoast.com\/product\/yoast-seo-wordpress\/ -->\n<title>Caso pr\u00e1ctico Klingel \/ Comosoft<\/title>\n<meta name=\"description\" content=\"Caso pr\u00e1ctico Klingel: Klingel implementa LAGO - amortizaci\u00f3n en solo tres a\u00f1os Al cambiar su producci\u00f3n de cat\u00e1logos al sistema LAGO de Comosoft, esta empresa de venta por\" \/>\n<meta name=\"robots\" content=\"index, follow, max-snippet:-1, max-image-preview:large, max-video-preview:-1\" \/>\n<link rel=\"canonical\" href=\"https:\/\/www.comosoft.eu\/es\/caso-practico-klingel\/\" \/>\n<meta property=\"og:locale\" content=\"es_ES\" \/>\n<meta property=\"og:type\" content=\"article\" \/>\n<meta property=\"og:title\" content=\"Caso pr\u00e1ctico Klingel \/ Comosoft\" \/>\n<meta property=\"og:description\" content=\"Caso pr\u00e1ctico Klingel: Klingel implementa LAGO - amortizaci\u00f3n en solo tres a\u00f1os Al cambiar su producci\u00f3n de cat\u00e1logos al sistema LAGO de Comosoft, esta empresa de venta por\" \/>\n<meta property=\"og:url\" content=\"https:\/\/www.comosoft.eu\/es\/caso-practico-klingel\/\" \/>\n<meta property=\"og:site_name\" content=\"Comosoft\" \/>\n<meta property=\"article:modified_time\" content=\"2023-01-27T10:21:23+00:00\" \/>\n<meta property=\"og:image\" content=\"https:\/\/www.comosoft.eu\/wp-content\/uploads\/2021\/01\/Digital-publishing.jpg\" \/>\n\t<meta property=\"og:image:width\" content=\"2000\" \/>\n\t<meta property=\"og:image:height\" content=\"1334\" \/>\n\t<meta property=\"og:image:type\" content=\"image\/jpeg\" \/>\n<meta name=\"twitter:card\" content=\"summary_large_image\" \/>\n<!-- \/ Yoast SEO plugin. -->","yoast_head_json":{"title":"Caso pr\u00e1ctico Klingel \/ Comosoft","description":"Caso pr\u00e1ctico Klingel: Klingel implementa LAGO - amortizaci\u00f3n en solo tres a\u00f1os Al cambiar su producci\u00f3n de cat\u00e1logos al sistema LAGO de Comosoft, esta empresa de venta por","robots":{"index":"index","follow":"follow","max-snippet":"max-snippet:-1","max-image-preview":"max-image-preview:large","max-video-preview":"max-video-preview:-1"},"canonical":"https:\/\/www.comosoft.eu\/es\/caso-practico-klingel\/","og_locale":"es_ES","og_type":"article","og_title":"Caso pr\u00e1ctico Klingel \/ Comosoft","og_description":"Caso pr\u00e1ctico Klingel: Klingel implementa LAGO - amortizaci\u00f3n en solo tres a\u00f1os Al cambiar su producci\u00f3n de cat\u00e1logos al sistema LAGO de Comosoft, esta empresa de venta por","og_url":"https:\/\/www.comosoft.eu\/es\/caso-practico-klingel\/","og_site_name":"Comosoft","article_modified_time":"2023-01-27T10:21:23+00:00","og_image":[{"width":2000,"height":1334,"url":"https:\/\/www.comosoft.eu\/wp-content\/uploads\/2021\/01\/Digital-publishing.jpg","type":"image\/jpeg"}],"twitter_card":"summary_large_image","schema":{"@context":"https:\/\/schema.org","@graph":[{"@type":"WebPage","@id":"https:\/\/www.comosoft.eu\/es\/caso-practico-klingel\/","url":"https:\/\/www.comosoft.eu\/es\/caso-practico-klingel\/","name":"Caso pr\u00e1ctico Klingel \/ Comosoft","isPartOf":{"@id":"https:\/\/www.comosoft.eu\/es\/#website"},"datePublished":"2019-02-07T10:38:35+00:00","dateModified":"2023-01-27T10:21:23+00:00","description":"Caso pr\u00e1ctico Klingel: Klingel implementa LAGO - amortizaci\u00f3n en solo tres a\u00f1os Al cambiar su producci\u00f3n de cat\u00e1logos al sistema LAGO de Comosoft, esta empresa de venta por","breadcrumb":{"@id":"https:\/\/www.comosoft.eu\/es\/caso-practico-klingel\/#breadcrumb"},"inLanguage":"es","potentialAction":[{"@type":"ReadAction","target":["https:\/\/www.comosoft.eu\/es\/caso-practico-klingel\/"]}]},{"@type":"BreadcrumbList","@id":"https:\/\/www.comosoft.eu\/es\/caso-practico-klingel\/#breadcrumb","itemListElement":[{"@type":"ListItem","position":1,"name":"Home","item":"https:\/\/www.comosoft.eu\/es\/"},{"@type":"ListItem","position":2,"name":"Caso pr\u00e1ctico Klingel"}]},{"@type":"WebSite","@id":"https:\/\/www.comosoft.eu\/es\/#website","url":"https:\/\/www.comosoft.eu\/es\/","name":"Comosoft","description":"Multichannel Solutions","publisher":{"@id":"https:\/\/www.comosoft.eu\/es\/#organization"},"potentialAction":[{"@type":"SearchAction","target":{"@type":"EntryPoint","urlTemplate":"https:\/\/www.comosoft.eu\/es\/?s={search_term_string}"},"query-input":{"@type":"PropertyValueSpecification","valueRequired":true,"valueName":"search_term_string"}}],"inLanguage":"es"},{"@type":"Organization","@id":"https:\/\/www.comosoft.eu\/es\/#organization","name":"Comosoft GmbH","alternateName":"Multichannel Solutions","url":"https:\/\/www.comosoft.eu\/es\/","logo":{"@type":"ImageObject","inLanguage":"es","@id":"https:\/\/www.comosoft.eu\/es\/#\/schema\/logo\/image\/","url":"https:\/\/www.comosoft.eu\/wp-content\/uploads\/2021\/01\/Comosoft-Logo463.png","contentUrl":"https:\/\/www.comosoft.eu\/wp-content\/uploads\/2021\/01\/Comosoft-Logo463.png","width":1654,"height":337,"caption":"Comosoft GmbH"},"image":{"@id":"https:\/\/www.comosoft.eu\/es\/#\/schema\/logo\/image\/"},"sameAs":["https:\/\/de.linkedin.com\/company\/comosoft?original_referer=httpswww.google.com"]}]}},"_links":{"self":[{"href":"https:\/\/www.comosoft.eu\/es\/wp-json\/wp\/v2\/pages\/6487","targetHints":{"allow":["GET"]}}],"collection":[{"href":"https:\/\/www.comosoft.eu\/es\/wp-json\/wp\/v2\/pages"}],"about":[{"href":"https:\/\/www.comosoft.eu\/es\/wp-json\/wp\/v2\/types\/page"}],"author":[{"embeddable":true,"href":"https:\/\/www.comosoft.eu\/es\/wp-json\/wp\/v2\/users\/103"}],"replies":[{"embeddable":true,"href":"https:\/\/www.comosoft.eu\/es\/wp-json\/wp\/v2\/comments?post=6487"}],"version-history":[{"count":2,"href":"https:\/\/www.comosoft.eu\/es\/wp-json\/wp\/v2\/pages\/6487\/revisions"}],"predecessor-version":[{"id":11785,"href":"https:\/\/www.comosoft.eu\/es\/wp-json\/wp\/v2\/pages\/6487\/revisions\/11785"}],"wp:attachment":[{"href":"https:\/\/www.comosoft.eu\/es\/wp-json\/wp\/v2\/media?parent=6487"}],"curies":[{"name":"wp","href":"https:\/\/api.w.org\/{rel}","templated":true}]}}