{"id":6485,"date":"2019-02-07T13:30:49","date_gmt":"2019-02-07T12:30:49","guid":{"rendered":"https:\/\/www.comosoft.com\/?page_id=6485"},"modified":"2019-04-24T11:22:37","modified_gmt":"2019-04-24T09:22:37","slug":"caso-practico-kaiser-kraft","status":"publish","type":"page","link":"https:\/\/www.comosoft.eu\/es\/caso-practico-kaiser-kraft\/","title":{"rendered":"Caso pr\u00e1ctico KAISER + KRAFT"},"content":{"rendered":"<div class=\"wpb-content-wrapper\"><p>[vc_row][vc_column width=&#8221;1\/1&#8243;][vc_column_text]<\/p>\n<h1 class=\"p2\">KAISER + KRAFT: un comienzo de \u00e9xito en el negocio del cat\u00e1logo B2B<\/h1>\n<p class=\"p3\">Con m\u00e1s de 100.000 productos y una facturaci\u00f3n de alrededor de 824 millones de euros, el Grupo TAKKT, con sede en Stuttgart, es la empresa l\u00edder de venta por correo, empresa a empresa, de equipos de oficina y empresarial en Europa y Norteam\u00e9rica. La divisi\u00f3n m\u00e1s grande, el Grupo KAISER + KRAFT Europa, con una facturaci\u00f3n de 383,3 millones de euros, opt\u00f3 en marzo de 2002 por el amplio y multiling\u00fce software de producci\u00f3n de cat\u00e1logos LAGO de Comosoft.<\/p>\n<p class=\"p3\">Como resultado, Comosoft ha logrado convencer una vez m\u00e1s a una compa\u00f1\u00eda internacional de venta por correo de su software personalizado y de especial alto rendimiento para la gesti\u00f3n de datos, dise\u00f1o y producci\u00f3n de cat\u00e1logos.<\/p>\n<p class=\"p3\">Vale la pena se\u00f1alar que la oferta de KAISER + KRAFT no se centra en los usuarios finales, sino que se centra en el puro negocio de empresa a empresa. Es as\u00ed como Comosoft ahora tambi\u00e9n se ha abierto camino en la producci\u00f3n de cat\u00e1logos industriales. Alrededor de 50 usuarios de K + K trabajan con el nuevo software. Un reto especial: El Grupo KAISER + KRAFT tiene representaci\u00f3n en 18 pa\u00edses de Europa y produce cat\u00e1logos varias veces al a\u00f1o y mailing en 15 idiomas.<\/p>\n<hr \/>\n<p class=\"p3\">Hamburg, 2002<\/p>\n<p>[\/vc_column_text][\/vc_column][\/vc_row]<\/p>\n<\/div>","protected":false},"excerpt":{"rendered":"<p>[vc_row][vc_column width=&#8221;1\/1&#8243;][vc_column_text] KAISER + KRAFT: un comienzo de \u00e9xito en el negocio del cat\u00e1logo B2B Con m\u00e1s de 100.000 productos [&hellip;]<\/p>\n","protected":false},"author":103,"featured_media":0,"parent":0,"menu_order":0,"comment_status":"closed","ping_status":"closed","template":"","meta":{"footnotes":""},"class_list":["post-6485","page","type-page","status-publish","hentry"],"yoast_head":"<!-- This site is optimized with the Yoast SEO plugin v27.3 - https:\/\/yoast.com\/product\/yoast-seo-wordpress\/ -->\n<title>Caso pr\u00e1ctico KAISER + KRAFT \/ Comosoft<\/title>\n<meta name=\"description\" content=\"Caso pr\u00e1ctico KAISER + KRAFT: KAISER + KRAFT: un comienzo de \u00e9xito en el negocio del cat\u00e1logo B2B Con m\u00e1s de 100.000 productos y una facturaci\u00f3n de alrededor de 824 millones de euros,\" \/>\n<meta name=\"robots\" content=\"index, follow, max-snippet:-1, max-image-preview:large, max-video-preview:-1\" \/>\n<link rel=\"canonical\" href=\"https:\/\/www.comosoft.eu\/es\/caso-practico-kaiser-kraft\/\" \/>\n<meta property=\"og:locale\" content=\"es_ES\" \/>\n<meta property=\"og:type\" content=\"article\" \/>\n<meta property=\"og:title\" content=\"Caso pr\u00e1ctico KAISER + KRAFT \/ Comosoft\" \/>\n<meta property=\"og:description\" content=\"Caso pr\u00e1ctico KAISER + KRAFT: KAISER + KRAFT: un comienzo de \u00e9xito en el negocio del cat\u00e1logo B2B Con m\u00e1s de 100.000 productos y una facturaci\u00f3n de alrededor de 824 millones de euros,\" \/>\n<meta property=\"og:url\" content=\"https:\/\/www.comosoft.eu\/es\/caso-practico-kaiser-kraft\/\" \/>\n<meta property=\"og:site_name\" content=\"Comosoft\" \/>\n<meta property=\"article:modified_time\" content=\"2019-04-24T09:22:37+00:00\" \/>\n<meta property=\"og:image\" content=\"https:\/\/www.comosoft.eu\/wp-content\/uploads\/2021\/01\/Digital-publishing.jpg\" \/>\n\t<meta property=\"og:image:width\" content=\"2000\" \/>\n\t<meta property=\"og:image:height\" content=\"1334\" \/>\n\t<meta property=\"og:image:type\" content=\"image\/jpeg\" \/>\n<meta name=\"twitter:card\" content=\"summary_large_image\" \/>\n<!-- \/ Yoast SEO plugin. -->","yoast_head_json":{"title":"Caso pr\u00e1ctico KAISER + KRAFT \/ Comosoft","description":"Caso pr\u00e1ctico KAISER + KRAFT: KAISER + KRAFT: un comienzo de \u00e9xito en el negocio del cat\u00e1logo B2B Con m\u00e1s de 100.000 productos y una facturaci\u00f3n de alrededor de 824 millones de euros,","robots":{"index":"index","follow":"follow","max-snippet":"max-snippet:-1","max-image-preview":"max-image-preview:large","max-video-preview":"max-video-preview:-1"},"canonical":"https:\/\/www.comosoft.eu\/es\/caso-practico-kaiser-kraft\/","og_locale":"es_ES","og_type":"article","og_title":"Caso pr\u00e1ctico KAISER + KRAFT \/ Comosoft","og_description":"Caso pr\u00e1ctico KAISER + KRAFT: KAISER + KRAFT: un comienzo de \u00e9xito en el negocio del cat\u00e1logo B2B Con m\u00e1s de 100.000 productos y una facturaci\u00f3n de alrededor de 824 millones de euros,","og_url":"https:\/\/www.comosoft.eu\/es\/caso-practico-kaiser-kraft\/","og_site_name":"Comosoft","article_modified_time":"2019-04-24T09:22:37+00:00","og_image":[{"width":2000,"height":1334,"url":"https:\/\/www.comosoft.eu\/wp-content\/uploads\/2021\/01\/Digital-publishing.jpg","type":"image\/jpeg"}],"twitter_card":"summary_large_image","schema":{"@context":"https:\/\/schema.org","@graph":[{"@type":"WebPage","@id":"https:\/\/www.comosoft.eu\/es\/caso-practico-kaiser-kraft\/","url":"https:\/\/www.comosoft.eu\/es\/caso-practico-kaiser-kraft\/","name":"Caso pr\u00e1ctico KAISER + KRAFT \/ Comosoft","isPartOf":{"@id":"https:\/\/www.comosoft.eu\/es\/#website"},"datePublished":"2019-02-07T12:30:49+00:00","dateModified":"2019-04-24T09:22:37+00:00","description":"Caso pr\u00e1ctico KAISER + KRAFT: KAISER + KRAFT: un comienzo de \u00e9xito en el negocio del cat\u00e1logo B2B Con m\u00e1s de 100.000 productos y una facturaci\u00f3n de alrededor de 824 millones de euros,","breadcrumb":{"@id":"https:\/\/www.comosoft.eu\/es\/caso-practico-kaiser-kraft\/#breadcrumb"},"inLanguage":"es","potentialAction":[{"@type":"ReadAction","target":["https:\/\/www.comosoft.eu\/es\/caso-practico-kaiser-kraft\/"]}]},{"@type":"BreadcrumbList","@id":"https:\/\/www.comosoft.eu\/es\/caso-practico-kaiser-kraft\/#breadcrumb","itemListElement":[{"@type":"ListItem","position":1,"name":"Home","item":"https:\/\/www.comosoft.eu\/es\/"},{"@type":"ListItem","position":2,"name":"Caso pr\u00e1ctico KAISER + KRAFT"}]},{"@type":"WebSite","@id":"https:\/\/www.comosoft.eu\/es\/#website","url":"https:\/\/www.comosoft.eu\/es\/","name":"Comosoft","description":"Multichannel Solutions","publisher":{"@id":"https:\/\/www.comosoft.eu\/es\/#organization"},"potentialAction":[{"@type":"SearchAction","target":{"@type":"EntryPoint","urlTemplate":"https:\/\/www.comosoft.eu\/es\/?s={search_term_string}"},"query-input":{"@type":"PropertyValueSpecification","valueRequired":true,"valueName":"search_term_string"}}],"inLanguage":"es"},{"@type":"Organization","@id":"https:\/\/www.comosoft.eu\/es\/#organization","name":"Comosoft GmbH","alternateName":"Multichannel Solutions","url":"https:\/\/www.comosoft.eu\/es\/","logo":{"@type":"ImageObject","inLanguage":"es","@id":"https:\/\/www.comosoft.eu\/es\/#\/schema\/logo\/image\/","url":"https:\/\/www.comosoft.eu\/wp-content\/uploads\/2021\/01\/Comosoft-Logo463.png","contentUrl":"https:\/\/www.comosoft.eu\/wp-content\/uploads\/2021\/01\/Comosoft-Logo463.png","width":1654,"height":337,"caption":"Comosoft GmbH"},"image":{"@id":"https:\/\/www.comosoft.eu\/es\/#\/schema\/logo\/image\/"},"sameAs":["https:\/\/de.linkedin.com\/company\/comosoft?original_referer=httpswww.google.com"]}]}},"_links":{"self":[{"href":"https:\/\/www.comosoft.eu\/es\/wp-json\/wp\/v2\/pages\/6485","targetHints":{"allow":["GET"]}}],"collection":[{"href":"https:\/\/www.comosoft.eu\/es\/wp-json\/wp\/v2\/pages"}],"about":[{"href":"https:\/\/www.comosoft.eu\/es\/wp-json\/wp\/v2\/types\/page"}],"author":[{"embeddable":true,"href":"https:\/\/www.comosoft.eu\/es\/wp-json\/wp\/v2\/users\/103"}],"replies":[{"embeddable":true,"href":"https:\/\/www.comosoft.eu\/es\/wp-json\/wp\/v2\/comments?post=6485"}],"version-history":[{"count":1,"href":"https:\/\/www.comosoft.eu\/es\/wp-json\/wp\/v2\/pages\/6485\/revisions"}],"predecessor-version":[{"id":6486,"href":"https:\/\/www.comosoft.eu\/es\/wp-json\/wp\/v2\/pages\/6485\/revisions\/6486"}],"wp:attachment":[{"href":"https:\/\/www.comosoft.eu\/es\/wp-json\/wp\/v2\/media?parent=6485"}],"curies":[{"name":"wp","href":"https:\/\/api.w.org\/{rel}","templated":true}]}}