{"id":6483,"date":"2019-02-07T13:30:30","date_gmt":"2019-02-07T12:30:30","guid":{"rendered":"https:\/\/www.comosoft.com\/?page_id=6483"},"modified":"2026-03-26T12:53:18","modified_gmt":"2026-03-26T11:53:18","slug":"caso-practico-gebruder-gotz","status":"publish","type":"page","link":"https:\/\/www.comosoft.eu\/es\/caso-practico-gebruder-gotz\/","title":{"rendered":"Caso pr\u00e1ctico Gebr\u00fcder G\u00f6tz"},"content":{"rendered":"<div class=\"wpb-content-wrapper\"><p>[vc_row][vc_column width=&#8221;1\/1&#8243;][vc_column_text uncode_shortcode_id=&#8221;139103&#8243;]<\/p>\n<h1>Gebr\u00fcder G\u00f6tz: m\u00e1s que &#8220;solo&#8221; un programa<\/h1>\n<p class=\"p2\"><strong>La empresa con sede en W\u00fcrzburg, Gebr\u00fcder G\u00f6tz, lleva utilizando el software LAGO desde 1999 para producir su publicidad. The Catalyst (la revista para clientes de Comosoft) habl\u00f3 con Karl-Heinz Lassotta, Gerente Publicitario de Procesamiento T\u00e9cnico de Cat\u00e1logos, sobre sus experiencias con el sistema.<\/strong><\/p>\n<p class=\"p2\"><b>The Catalyst: \u00bfEn qu\u00e9 sector act\u00faa Gebr\u00fcder G\u00f6tz?<br \/>\n<\/b>Karl-Heinz Lassotta: Gebr\u00fcder G\u00f6tz es una empresa de venta por correo con aproximadamente 350 empleados. Estamos especializados en la distribuci\u00f3n de calzado, textiles, art\u00edculos deportivos y art\u00edculos para el hogar.<\/p>\n<p class=\"p2\"><b>\u00bfCu\u00e1ntos cat\u00e1logos o p\u00e1ginas de cat\u00e1logo produce usted cada a\u00f1o?<br \/>\n<\/b>Publicamos un cat\u00e1logo de primavera\/verano y uno de oto\u00f1o\/invierno, as\u00ed como varios folletos que se distribuyen a lo largo del a\u00f1o. En general, llegamos a unas 2000 p\u00e1ginas por a\u00f1o y la tendencia es creciente.<\/p>\n<p class=\"p2\"><b>\u00bfCu\u00e1ndo se pas\u00f3 usted a LAGO?<br \/>\n<\/b>En mayo de 1999. Aunque ya antes hab\u00edamos estado buscando un sistema adecuado para producir cat\u00e1logos, pero no hab\u00edanmos conseguido encontrar ninguna soluci\u00f3n a nuestros requisitos en el mercado.<\/p>\n<p class=\"p2\"><b>\u00bfQu\u00e9 le hizo decidirse por LAGO?<br \/>\n<\/b>Antes de pasarnos a LAGO, la producci\u00f3n de nuestra publicidad era manual en gran parte. A pesar del acceso a una base de datos de im\u00e1genes Cumulus, el proceso era confuso, tedioso y lento. Adem\u00e1s, no ten\u00edamos la posibilidad de tomar &#8220;datos dif\u00edciles de art\u00edculos&#8221; de un sistema de gesti\u00f3n de mercanc\u00edas: esta importante informaci\u00f3n para los cat\u00e1logos ten\u00eda que ser recapturada para cada publicidad por medio de listas de art\u00edculos, lo que era un proceso muy lento y propenso a errores. Por eso quer\u00edamos un sistema que permitiera un manejo integrado de imagen, texto y gr\u00e1ficos, con toma de datos dif\u00edciles de art\u00edculos, as\u00ed como que nos permitiera una actualizaci\u00f3n del sistema de gesti\u00f3n de mercanc\u00edas.<\/p>\n<p class=\"p2\"><b>\u00bfY encontr\u00f3 estas funciones en LAGO?<br \/>\n<\/b>\u00a1Sin duda alguna! La producci\u00f3n de nuestra publicidad se ha vuelto m\u00e1s r\u00e1pida, m\u00e1s eficiente y m\u00e1s clara con LAGO. Sin embargo, debo a\u00f1adir una cosa: el sistema LAGO por s\u00ed solo no garantiza una mejora repentina. Cuando se utiliza LAGO, la estrategia del o de la responsable de producci\u00f3n por parte del cliente juega un papel decisivo en el \u00e9xito o el fracaso. Si una empresa antes de usar LAGO ya no cuenta con una &#8220;estrategia de producci\u00f3n manual&#8221; que funcione, los efectos de sinergia deseados ser\u00e1n muy endebles. Yo suelo compararlo con una receta de reposter\u00eda: Los ingredientes son los datos tales como im\u00e1genes, textos, logotipos, etc. Lago representa los utensilios necesarios, es decir, la batidora o la bandeja de hornear. El administrador\/responsable de producci\u00f3n es el pastelero, que trae la buena receta y asegura que el flujo de trabajo de producci\u00f3n funcione y se optimice, de modo que la receta tenga \u00e9xito.<\/p>\n<p class=\"p1\"><b>\u00bfVale la pena LAGO? \u00bfEn qu\u00e9 sector se podr\u00eda conseguir ahorrar?<br \/>\n<\/b>El coste del software LAGO se amortiza r\u00e1pidamente. Una ventaja es que ahora podemos hacer pr\u00e1cticamente todo en nuestra ubicaci\u00f3n, hasta la transferencia al litio. As\u00ed es como tenemos un ahorro de costes de hasta el 60% para inserciones m\u00e1s peque\u00f1as con art\u00edculos antiguos. Con todo ello, a LAGO a\u00fan le queda un largo camino por hacer: el sistema tiene un enorme potencial para ahorrar m\u00e1s tiempo y costes.<\/p>\n<p class=\"p1\"><b>\u00bfEl cambio a LAGO ha tenido otros efectos?<br \/>\n<\/b>LAGO ha demostrado ser m\u00e1s que &#8220;simplemente&#8221; un programa. La comunicaci\u00f3n interna entre las \u00e1reas de las empresas se ha definido parcialmente de modo nuevo y m\u00e1s claro. Por ejemplo, LAGO ha regulado claramente las responsabilidades de compra y publicidad. Incluso dir\u00eda que con LAGO los procesos de pensamiento en la empresa han recibido un nuevo impulso.<\/p>\n<p class=\"p1\"><b>\u00bfEn qu\u00e9 medida es importante el comercio electr\u00f3nico para Gebr\u00fcder G\u00f6tz?<br \/>\n<\/b>Tenemos una tienda en l\u00ednea, pero nuestro sistema hasta ahora ha sido poco din\u00e1mico en t\u00e9rminos de representaci\u00f3n de datos de imagen y logotipos. Una vez que hayamos instalado la \u00faltima versi\u00f3n de LAGO, tambi\u00e9n pasaremos nuestra tienda en l\u00ednea a LAGO.<\/p>\n<p class=\"p1\"><b>\u00bfCu\u00e1les son los servicios de Comosoft que utiliza usted?<br \/>\n<\/b>Por supuesto, tenemos un contrato de soporte. Pero nuestra relaci\u00f3n con Comosoft va m\u00e1s all\u00e1 de solo pura asesor\u00eda. Predomina una estrecha comunicaci\u00f3n entre nosotros, y ambas empresas aprenden la una de la otra. Me complace especialmente que las sugerencias que hacemos a Comosoft como usuarios son integradas en gran medida en las nuevas versiones.<\/p>\n<hr \/>\n<p class=\"p1\">Hamburg, 1999<\/p>\n<p>[\/vc_column_text][\/vc_column][\/vc_row]<\/p>\n<\/div>","protected":false},"excerpt":{"rendered":"<p>La empresa con sede en W\u00fcrzburg, Gebr\u00fcder G\u00f6tz, lleva utilizando el software LAGO desde 1999 para producir su publicidad.<\/p>\n","protected":false},"author":103,"featured_media":0,"parent":0,"menu_order":0,"comment_status":"closed","ping_status":"closed","template":"","meta":{"footnotes":""},"class_list":["post-6483","page","type-page","status-publish","hentry"],"yoast_head":"<!-- This site is optimized with the Yoast SEO plugin v27.3 - https:\/\/yoast.com\/product\/yoast-seo-wordpress\/ -->\n<title>Caso pr\u00e1ctico Gebr\u00fcder G\u00f6tz \/ Comosoft<\/title>\n<meta name=\"description\" content=\"La empresa con sede en W\u00fcrzburg, Gebr\u00fcder G\u00f6tz, lleva utilizando el software LAGO desde 1999 para producir su publicidad.\" \/>\n<meta name=\"robots\" content=\"index, follow, max-snippet:-1, max-image-preview:large, max-video-preview:-1\" \/>\n<link rel=\"canonical\" href=\"https:\/\/www.comosoft.eu\/es\/caso-practico-gebruder-gotz\/\" \/>\n<meta property=\"og:locale\" content=\"es_ES\" \/>\n<meta property=\"og:type\" content=\"article\" \/>\n<meta property=\"og:title\" content=\"Caso pr\u00e1ctico Gebr\u00fcder G\u00f6tz \/ Comosoft\" \/>\n<meta property=\"og:description\" content=\"La empresa con sede en W\u00fcrzburg, Gebr\u00fcder G\u00f6tz, lleva utilizando el software LAGO desde 1999 para producir su publicidad.\" \/>\n<meta property=\"og:url\" content=\"https:\/\/www.comosoft.eu\/es\/caso-practico-gebruder-gotz\/\" \/>\n<meta property=\"og:site_name\" content=\"Comosoft\" \/>\n<meta property=\"article:modified_time\" content=\"2026-03-26T11:53:18+00:00\" \/>\n<meta property=\"og:image\" content=\"https:\/\/www.comosoft.eu\/wp-content\/uploads\/2021\/01\/Digital-publishing.jpg\" \/>\n\t<meta property=\"og:image:width\" content=\"2000\" \/>\n\t<meta property=\"og:image:height\" content=\"1334\" \/>\n\t<meta property=\"og:image:type\" content=\"image\/jpeg\" \/>\n<meta name=\"twitter:card\" content=\"summary_large_image\" \/>\n<!-- \/ Yoast SEO plugin. -->","yoast_head_json":{"title":"Caso pr\u00e1ctico Gebr\u00fcder G\u00f6tz \/ Comosoft","description":"La empresa con sede en W\u00fcrzburg, Gebr\u00fcder G\u00f6tz, lleva utilizando el software LAGO desde 1999 para producir su publicidad.","robots":{"index":"index","follow":"follow","max-snippet":"max-snippet:-1","max-image-preview":"max-image-preview:large","max-video-preview":"max-video-preview:-1"},"canonical":"https:\/\/www.comosoft.eu\/es\/caso-practico-gebruder-gotz\/","og_locale":"es_ES","og_type":"article","og_title":"Caso pr\u00e1ctico Gebr\u00fcder G\u00f6tz \/ Comosoft","og_description":"La empresa con sede en W\u00fcrzburg, Gebr\u00fcder G\u00f6tz, lleva utilizando el software LAGO desde 1999 para producir su publicidad.","og_url":"https:\/\/www.comosoft.eu\/es\/caso-practico-gebruder-gotz\/","og_site_name":"Comosoft","article_modified_time":"2026-03-26T11:53:18+00:00","og_image":[{"width":2000,"height":1334,"url":"https:\/\/www.comosoft.eu\/wp-content\/uploads\/2021\/01\/Digital-publishing.jpg","type":"image\/jpeg"}],"twitter_card":"summary_large_image","schema":{"@context":"https:\/\/schema.org","@graph":[{"@type":"WebPage","@id":"https:\/\/www.comosoft.eu\/es\/caso-practico-gebruder-gotz\/","url":"https:\/\/www.comosoft.eu\/es\/caso-practico-gebruder-gotz\/","name":"Caso pr\u00e1ctico Gebr\u00fcder G\u00f6tz \/ Comosoft","isPartOf":{"@id":"https:\/\/www.comosoft.eu\/es\/#website"},"datePublished":"2019-02-07T12:30:30+00:00","dateModified":"2026-03-26T11:53:18+00:00","description":"La empresa con sede en W\u00fcrzburg, Gebr\u00fcder G\u00f6tz, lleva utilizando el software LAGO desde 1999 para producir su publicidad.","breadcrumb":{"@id":"https:\/\/www.comosoft.eu\/es\/caso-practico-gebruder-gotz\/#breadcrumb"},"inLanguage":"es","potentialAction":[{"@type":"ReadAction","target":["https:\/\/www.comosoft.eu\/es\/caso-practico-gebruder-gotz\/"]}]},{"@type":"BreadcrumbList","@id":"https:\/\/www.comosoft.eu\/es\/caso-practico-gebruder-gotz\/#breadcrumb","itemListElement":[{"@type":"ListItem","position":1,"name":"Home","item":"https:\/\/www.comosoft.eu\/es\/"},{"@type":"ListItem","position":2,"name":"Caso pr\u00e1ctico Gebr\u00fcder G\u00f6tz"}]},{"@type":"WebSite","@id":"https:\/\/www.comosoft.eu\/es\/#website","url":"https:\/\/www.comosoft.eu\/es\/","name":"Comosoft","description":"Multichannel Solutions","publisher":{"@id":"https:\/\/www.comosoft.eu\/es\/#organization"},"potentialAction":[{"@type":"SearchAction","target":{"@type":"EntryPoint","urlTemplate":"https:\/\/www.comosoft.eu\/es\/?s={search_term_string}"},"query-input":{"@type":"PropertyValueSpecification","valueRequired":true,"valueName":"search_term_string"}}],"inLanguage":"es"},{"@type":"Organization","@id":"https:\/\/www.comosoft.eu\/es\/#organization","name":"Comosoft GmbH","alternateName":"Multichannel Solutions","url":"https:\/\/www.comosoft.eu\/es\/","logo":{"@type":"ImageObject","inLanguage":"es","@id":"https:\/\/www.comosoft.eu\/es\/#\/schema\/logo\/image\/","url":"https:\/\/www.comosoft.eu\/wp-content\/uploads\/2021\/01\/Comosoft-Logo463.png","contentUrl":"https:\/\/www.comosoft.eu\/wp-content\/uploads\/2021\/01\/Comosoft-Logo463.png","width":1654,"height":337,"caption":"Comosoft GmbH"},"image":{"@id":"https:\/\/www.comosoft.eu\/es\/#\/schema\/logo\/image\/"},"sameAs":["https:\/\/de.linkedin.com\/company\/comosoft?original_referer=httpswww.google.com"]}]}},"_links":{"self":[{"href":"https:\/\/www.comosoft.eu\/es\/wp-json\/wp\/v2\/pages\/6483","targetHints":{"allow":["GET"]}}],"collection":[{"href":"https:\/\/www.comosoft.eu\/es\/wp-json\/wp\/v2\/pages"}],"about":[{"href":"https:\/\/www.comosoft.eu\/es\/wp-json\/wp\/v2\/types\/page"}],"author":[{"embeddable":true,"href":"https:\/\/www.comosoft.eu\/es\/wp-json\/wp\/v2\/users\/103"}],"replies":[{"embeddable":true,"href":"https:\/\/www.comosoft.eu\/es\/wp-json\/wp\/v2\/comments?post=6483"}],"version-history":[{"count":4,"href":"https:\/\/www.comosoft.eu\/es\/wp-json\/wp\/v2\/pages\/6483\/revisions"}],"predecessor-version":[{"id":50739,"href":"https:\/\/www.comosoft.eu\/es\/wp-json\/wp\/v2\/pages\/6483\/revisions\/50739"}],"wp:attachment":[{"href":"https:\/\/www.comosoft.eu\/es\/wp-json\/wp\/v2\/media?parent=6483"}],"curies":[{"name":"wp","href":"https:\/\/api.w.org\/{rel}","templated":true}]}}