{"id":6481,"date":"2019-02-07T13:29:34","date_gmt":"2019-02-07T12:29:34","guid":{"rendered":"https:\/\/www.comosoft.com\/?page_id=6481"},"modified":"2025-09-19T12:03:41","modified_gmt":"2025-09-19T10:03:41","slug":"caso-practico-emporium-merkator","status":"publish","type":"page","link":"https:\/\/www.comosoft.eu\/es\/caso-practico-emporium-merkator\/","title":{"rendered":"Caso pr\u00e1ctico Emporium Merkator"},"content":{"rendered":"<div class=\"wpb-content-wrapper\"><p>[vc_row][vc_column width=&#8221;1\/1&#8243;][vc_column_text]<\/p>\n<h1 class=\"p2\">Ahorro significativo de tiempo: Emporium Merkator implementa LAGO4 con \u00e9xito<\/h1>\n<p class=\"p2\">250.000 art\u00edculos, 160 atributos por art\u00edculo, dos variantes, 80.000,000 atributos en total, para tiendas electr\u00f3nicas, m\u00e1s de 300 mailing por a\u00f1o, muchos otros proyectos impresos y servicio al cliente. Eso es Emporium Merkator. Durante m\u00e1s de 40 a\u00f1os, esta empresa tradicional ha gozado de la confianza de los comerciantes y coleccionistas de monedas, as\u00ed como de los inversores de todo el mundo, debido en gran parte a su amplia y actual cartera de productos. &#8220;Tenemos de todo, desde novedades hasta originales raros. Nuestro surtido es extremadamente m\u00f3vil. Hay varias fuentes que cambian con frecuencia los niveles de inventario y tambi\u00e9n puede suceder que los mismos art\u00edculos se deban mantener bajo diferentes n\u00fameros de art\u00edculo, por ejemplo, debido a su estado&#8221;, dijo Dieter Harms, gerente de TI en Emporium, durante una charla en la &#8220;original &#8221; St\u00f6rtebeker-Haus de Hamburgo.<\/p>\n<p class=\"p2\"><em>&#8220;La complejidad de nuestros datos, su alcance y movilidad, simplemente han requerido siempre un sistema que consolidara y centralizara los datos y que conectase entre s\u00ed de forma inteligente nuestros sistemas existentes&#8221;, recuerda Harms, a lo que a\u00f1adi\u00f3: &#8220;Nuestros gerentes de productos, sobre todo al incorporarse nuevos colegas, se pasaban hasta el 60% de su jornada laboral solo realizando b\u00fasquedas&#8221;.<\/em><\/p>\n<p class=\"p3\"><em>&#8220;Aunque LAGO viene con muchas posibilidades, sus tornillos de ajuste se pueden encontrar como siempre en su lugar: se han resuelto bien la gesti\u00f3n del flujo de trabajo y la gesti\u00f3n de derechos y estructuras en ubicaci\u00f3n central.&#8221;<\/em><\/p>\n<p class=\"p4\">Dieter Harms | Gerente de TI de Emporium Merkator<\/p>\n<p class=\"p2\">Por todo lo anteriormente descrito, hace ya algunos a\u00f1os que comenzamos a buscar una soluci\u00f3n adecuada. Emporium necesitaba m\u00e1s espacio para la informaci\u00f3n. Los datos de los art\u00edculos ten\u00edan que consolidarse de varias fuentes, ten\u00edan que poder utilizarse de modo m\u00e1s flexible y, al mismo tiempo, estar disponibles para los diversos canales de venta. LAGO4 de Comosoft nos result\u00f3 convincente por todos estos aspectos. El sistema, que actualmente conecta los sistemas anteriores y posteriores, tales como la gesti\u00f3n de mercanc\u00edas o las tiendas virtuales de Emporium, pudo integrarse gracias al hecho de que las secuencias de los procesos est\u00e1n integrados y mapeados desde la A hasta la Z. &#8220;Aunque LAGO viene con muchas posibilidades, sus tornillos de ajuste se pueden encontrar como siempre en su lugar: se han resuelto bien la gesti\u00f3n del flujo de trabajo y la gesti\u00f3n de derechos y estructuras en ubicaci\u00f3n central. La capacidad de gestionar nuestros datos, as\u00ed como de crear toda la publicidad en un solo sistema, fueron cruciales para nosotros &#8220;.<\/p>\n<p class=\"p5\"><em>&#8220;Con LAGO, la tienda funciona sin problemas. Lo que antes nos llevaba dos semanas de arduo trabajo, actualmente lo logramos en dos d\u00edas &#8220;.<\/em><\/p>\n<p class=\"p6\">Dieter Harms | Gerente de TI de Emporium Merkator<\/p>\n<p class=\"p2\">Tras la implementaci\u00f3n, migraci\u00f3n y capacitaci\u00f3n del usuario, se pas\u00f3 al mantenimiento de los datos. Adem\u00e1s de las aproximadamente 60 caracter\u00edsticas ya presentes en la gesti\u00f3n de mercanc\u00edas, se a\u00f1adieron m\u00e1s de 100 nuevos campos a LAGO y se ofreci\u00f3 espacio para informaci\u00f3n adicional. El sistema simplifica la planificaci\u00f3n y todos los procesos de gesti\u00f3n, y proporciona una vista general perfecta con muchas funciones de b\u00fasqueda y la centralizaci\u00f3n de todos los medios publicitarios. Finalmente, con LAGO se implementaron el control y la gesti\u00f3n de datos de la tienda en l\u00ednea (www.muenzkurier.de), logr\u00e1ndose un ahorro de tiempo significativo del 80%. &#8220;Con LAGO, la tienda funciona sin problemas. Lo que antes nos llevaba dos semanas de arduo trabajo, actualmente lo logramos en dos d\u00edas &#8220;, dijo Dieter Harms, a lo que a\u00f1adi\u00f3: &#8220;Tambi\u00e9n estoy satisfecho con la implementaci\u00f3n, y si bien nunca se puede decir que todo es cien por cien perfecto, s\u00ed que es cierto que siempre que ha habido alg\u00fan problema, estos han sido resueltos de modo r\u00e1pido y competente&#8221;.<\/p>\n<p class=\"p1\">Adem\u00e1s del Departamento de Gesti\u00f3n de Productos y del Equipo de Comercio Electr\u00f3nico, tambi\u00e9n el Departamento de Gr\u00e1ficos interno de Emporium trabaja con LAGO.<\/p>\n<p class=\"p1\">La integraci\u00f3n directa en Adobe\u00ae InDesign\u00ae y el flujo de trabajo de correcci\u00f3n digital fueron aceptados de buena gana por todas las partes involucradas. Esto significa que los expertos en monedas ahorran tiempo con cada publicidad, as\u00ed como se ahorran llevar a cabo elaborados procesos de correcci\u00f3n con impresiones, archivos PDF e innumerables versiones circulantes. En St\u00f6rtebeker-Haus estamos convencidos de que hemos tomado la decisi\u00f3n correcta al implantar LAGO. Tras la exitosa vinculaci\u00f3n de la tienda y los medios publicitarios impresos, el Gerente de Proyectos y de TI, Harms, a\u00fan tiene un largo camino ante s\u00ed por hacer: &#8220;Por supuesto, expandiremos LAGO a otros sectores. Actualmente, estamos integrando el comercio al por mayor y seguir\u00e1n m\u00e1s tiendas. Tambi\u00e9n el servicio al cliente debe participar en el sistema. Aqu\u00ed a\u00fan hay bastante trabajo por hacer. En dicho sentido, continuaremos colaborando con Comosoft.&#8221;<\/p>\n<hr \/>\n<p class=\"p1\">Hamburg, 2011<\/p>\n<p>[\/vc_column_text][\/vc_column][\/vc_row]<\/p>\n<\/div>","protected":false},"excerpt":{"rendered":"<p>250.000 art\u00edculos, 160 atributos por art\u00edculo, dos variantes, 80.000,000 atributos en total, para tiendas electr\u00f3nicas, m\u00e1s de 300 mailing por a\u00f1o, muchos otros proyectos impresos y servicio al cliente. Eso es Emporium Merkator.<\/p>\n","protected":false},"author":103,"featured_media":0,"parent":0,"menu_order":0,"comment_status":"closed","ping_status":"closed","template":"","meta":{"footnotes":""},"class_list":["post-6481","page","type-page","status-publish","hentry"],"yoast_head":"<!-- This site is optimized with the Yoast SEO plugin v27.3 - https:\/\/yoast.com\/product\/yoast-seo-wordpress\/ -->\n<title>Caso pr\u00e1ctico Emporium Merkator \/ Comosoft<\/title>\n<meta name=\"description\" content=\"Esto es Emporium Merkator: 250.000 art\u00edculos para tiendas electr\u00f3nicas, m\u00e1s de 300 mailings por a\u00f1o y servicio al cliente excepcional.\" \/>\n<meta name=\"robots\" content=\"index, follow, max-snippet:-1, max-image-preview:large, max-video-preview:-1\" \/>\n<link rel=\"canonical\" href=\"https:\/\/www.comosoft.eu\/es\/caso-practico-emporium-merkator\/\" \/>\n<meta property=\"og:locale\" content=\"es_ES\" \/>\n<meta property=\"og:type\" content=\"article\" \/>\n<meta property=\"og:title\" content=\"Caso pr\u00e1ctico Emporium Merkator \/ Comosoft\" \/>\n<meta property=\"og:description\" content=\"Esto es Emporium Merkator: 250.000 art\u00edculos para tiendas electr\u00f3nicas, m\u00e1s de 300 mailings por a\u00f1o y servicio al cliente excepcional.\" \/>\n<meta property=\"og:url\" content=\"https:\/\/www.comosoft.eu\/es\/caso-practico-emporium-merkator\/\" \/>\n<meta property=\"og:site_name\" content=\"Comosoft\" \/>\n<meta property=\"article:modified_time\" content=\"2025-09-19T10:03:41+00:00\" \/>\n<meta property=\"og:image\" content=\"https:\/\/www.comosoft.eu\/wp-content\/uploads\/2021\/01\/Digital-publishing.jpg\" \/>\n\t<meta property=\"og:image:width\" content=\"2000\" \/>\n\t<meta property=\"og:image:height\" content=\"1334\" \/>\n\t<meta property=\"og:image:type\" content=\"image\/jpeg\" \/>\n<meta name=\"twitter:card\" content=\"summary_large_image\" \/>\n<!-- \/ Yoast SEO plugin. -->","yoast_head_json":{"title":"Caso pr\u00e1ctico Emporium Merkator \/ Comosoft","description":"Esto es Emporium Merkator: 250.000 art\u00edculos para tiendas electr\u00f3nicas, m\u00e1s de 300 mailings por a\u00f1o y servicio al cliente excepcional.","robots":{"index":"index","follow":"follow","max-snippet":"max-snippet:-1","max-image-preview":"max-image-preview:large","max-video-preview":"max-video-preview:-1"},"canonical":"https:\/\/www.comosoft.eu\/es\/caso-practico-emporium-merkator\/","og_locale":"es_ES","og_type":"article","og_title":"Caso pr\u00e1ctico Emporium Merkator \/ Comosoft","og_description":"Esto es Emporium Merkator: 250.000 art\u00edculos para tiendas electr\u00f3nicas, m\u00e1s de 300 mailings por a\u00f1o y servicio al cliente excepcional.","og_url":"https:\/\/www.comosoft.eu\/es\/caso-practico-emporium-merkator\/","og_site_name":"Comosoft","article_modified_time":"2025-09-19T10:03:41+00:00","og_image":[{"width":2000,"height":1334,"url":"https:\/\/www.comosoft.eu\/wp-content\/uploads\/2021\/01\/Digital-publishing.jpg","type":"image\/jpeg"}],"twitter_card":"summary_large_image","schema":{"@context":"https:\/\/schema.org","@graph":[{"@type":"WebPage","@id":"https:\/\/www.comosoft.eu\/es\/caso-practico-emporium-merkator\/","url":"https:\/\/www.comosoft.eu\/es\/caso-practico-emporium-merkator\/","name":"Caso pr\u00e1ctico Emporium Merkator \/ Comosoft","isPartOf":{"@id":"https:\/\/www.comosoft.eu\/es\/#website"},"datePublished":"2019-02-07T12:29:34+00:00","dateModified":"2025-09-19T10:03:41+00:00","description":"Esto es Emporium Merkator: 250.000 art\u00edculos para tiendas electr\u00f3nicas, m\u00e1s de 300 mailings por a\u00f1o y servicio al cliente excepcional.","breadcrumb":{"@id":"https:\/\/www.comosoft.eu\/es\/caso-practico-emporium-merkator\/#breadcrumb"},"inLanguage":"es","potentialAction":[{"@type":"ReadAction","target":["https:\/\/www.comosoft.eu\/es\/caso-practico-emporium-merkator\/"]}]},{"@type":"BreadcrumbList","@id":"https:\/\/www.comosoft.eu\/es\/caso-practico-emporium-merkator\/#breadcrumb","itemListElement":[{"@type":"ListItem","position":1,"name":"Home","item":"https:\/\/www.comosoft.eu\/es\/"},{"@type":"ListItem","position":2,"name":"Caso pr\u00e1ctico Emporium Merkator"}]},{"@type":"WebSite","@id":"https:\/\/www.comosoft.eu\/es\/#website","url":"https:\/\/www.comosoft.eu\/es\/","name":"Comosoft","description":"Multichannel Solutions","publisher":{"@id":"https:\/\/www.comosoft.eu\/es\/#organization"},"potentialAction":[{"@type":"SearchAction","target":{"@type":"EntryPoint","urlTemplate":"https:\/\/www.comosoft.eu\/es\/?s={search_term_string}"},"query-input":{"@type":"PropertyValueSpecification","valueRequired":true,"valueName":"search_term_string"}}],"inLanguage":"es"},{"@type":"Organization","@id":"https:\/\/www.comosoft.eu\/es\/#organization","name":"Comosoft GmbH","alternateName":"Multichannel Solutions","url":"https:\/\/www.comosoft.eu\/es\/","logo":{"@type":"ImageObject","inLanguage":"es","@id":"https:\/\/www.comosoft.eu\/es\/#\/schema\/logo\/image\/","url":"https:\/\/www.comosoft.eu\/wp-content\/uploads\/2021\/01\/Comosoft-Logo463.png","contentUrl":"https:\/\/www.comosoft.eu\/wp-content\/uploads\/2021\/01\/Comosoft-Logo463.png","width":1654,"height":337,"caption":"Comosoft GmbH"},"image":{"@id":"https:\/\/www.comosoft.eu\/es\/#\/schema\/logo\/image\/"},"sameAs":["https:\/\/de.linkedin.com\/company\/comosoft?original_referer=httpswww.google.com"]}]}},"_links":{"self":[{"href":"https:\/\/www.comosoft.eu\/es\/wp-json\/wp\/v2\/pages\/6481","targetHints":{"allow":["GET"]}}],"collection":[{"href":"https:\/\/www.comosoft.eu\/es\/wp-json\/wp\/v2\/pages"}],"about":[{"href":"https:\/\/www.comosoft.eu\/es\/wp-json\/wp\/v2\/types\/page"}],"author":[{"embeddable":true,"href":"https:\/\/www.comosoft.eu\/es\/wp-json\/wp\/v2\/users\/103"}],"replies":[{"embeddable":true,"href":"https:\/\/www.comosoft.eu\/es\/wp-json\/wp\/v2\/comments?post=6481"}],"version-history":[{"count":3,"href":"https:\/\/www.comosoft.eu\/es\/wp-json\/wp\/v2\/pages\/6481\/revisions"}],"predecessor-version":[{"id":49644,"href":"https:\/\/www.comosoft.eu\/es\/wp-json\/wp\/v2\/pages\/6481\/revisions\/49644"}],"wp:attachment":[{"href":"https:\/\/www.comosoft.eu\/es\/wp-json\/wp\/v2\/media?parent=6481"}],"curies":[{"name":"wp","href":"https:\/\/api.w.org\/{rel}","templated":true}]}}