{"id":6479,"date":"2019-02-07T13:28:28","date_gmt":"2019-02-07T12:28:28","guid":{"rendered":"https:\/\/www.comosoft.com\/?page_id=6479"},"modified":"2025-09-29T10:49:49","modified_gmt":"2025-09-29T08:49:49","slug":"caso-practico-atelier-goldener-schnitt","status":"publish","type":"page","link":"https:\/\/www.comosoft.eu\/es\/caso-practico-atelier-goldener-schnitt\/","title":{"rendered":"Caso pr\u00e1ctico Atelier Goldener Schnitt"},"content":{"rendered":"<div class=\"wpb-content-wrapper\"><p>[vc_row][vc_column width=&#8221;1\/1&#8243;][vc_column_text]<\/p>\n<h1 class=\"p2\">Atelier Goldener Schnitt: Empresa tradicional con visi\u00f3n de futuro<\/h1>\n<p class=\"p3\">Cuando se llega a M\u00fcnchberg, cerca de la antigua frontera entre zonas en Hof, todo es tranquilo y contemplativo. Tan pronto como se entra en el local de Atelier Goldner Schnitt, se deja atr\u00e1s ese paisaje id\u00edlico y uno se ve rodeado del ambiente de trabajo de un expedidor especializado, altamente profesional. Multicanal con un grupo objetivo claramente definido de 50+, uno se pregunta si tiene sentido. &#8220;Y tanto&#8221;, es la respuesta clara de Doris Pauli (Representante y Miembro de la Junta Ejecutiva de Ventas). &#8220;Estamos a punto de relanzar nuestra presencia en la web y estamos buscando una clara estrategia en las redes sociales, con cuya estrategia queremos abordar claramente a nuestro grupo objetivo y crear un v\u00ednculo a\u00fan mayor&#8221;.<\/p>\n<p class=\"p4\"><em>&#8220;De esta forma, hemos aumentado la aceptaci\u00f3n en todos los niveles de la empresa y hemos involucrado a los grupos de inter\u00e9s &#8220;.<\/em><\/p>\n<p class=\"p6\">Doris Pauli | Projektverantwortliche en AGS<\/p>\n<p class=\"p3\">En esta corriente de modernizaci\u00f3n se incluye tambi\u00e9n la actualizaci\u00f3n del entorno de producci\u00f3n en el sector de la publicidad. Adem\u00e1s de la renovaci\u00f3n de una gran parte del hardware del usuario y del cambio de la plataforma DTP (de Quark 6.5 a InDesign CS5), tambi\u00e9n estaba en la agenda cambiar a la versi\u00f3n principal de LAGO4. El hecho de que AGS, con el sistema de LAGO, junto con los empleados en la central, conecte todas las sucursales extranjeras, el proveedor de servicios Meyle+M\u00fcller y otras agencias externas, supone una complejidad extra. &#8220;Tal proyecto requiere una planificaci\u00f3n a largo plazo, responsabilidades claramente definidas y una disciplina de hierro&#8221;, dice Krisitin Neidhardt, Gerente General de Proyectos. Pero en este sentido tambi\u00e9n se puede planear el \u00e9xito. Y por eso, Doris Pauli, a modo de pre\u00e1mbulo, ha realizado para el proyecto una gran cantidad de &#8220;marketing de proyectos&#8221;, p.ej., en conferencias sobre gesti\u00f3n o reuniones internacionales. De este modo, hemos aumentado la aceptaci\u00f3n en todos los niveles de la empresa y hemos involucrado a los grupos de inter\u00e9s&#8221;, comenta la representante volviendo atr\u00e1s en el tiempo con sus pensamientos.<\/p>\n<p class=\"p7\">\u00a1Y el esfuerzo obviamente ha valido la pena! Tras un a\u00f1o despu\u00e9s del inicio del proyecto, todos los participantes pueden constatar un cambio exitoso. La actualizaci\u00f3n se complet\u00f3 sin problemas y la publicidad va generando gradualmente con LAGO4. &#8220;El hecho de que hoy estemos en este punto tambi\u00e9n tiene que ver con la excelente cooperaci\u00f3n de nuestros proveedores de servicios con el equipo del proyectos de AGS&#8221;, dice Kristin Neidhardt. &#8220;Los colegas de Meyle + M\u00fcller, as\u00ed como los se\u00f1ores y las se\u00f1oras de Comosoft, han colaborado muy bien con nosotros y han puesto todos los puntos cr\u00edticos sobre la mesa en reuniones peri\u00f3dicas o conferencias telef\u00f3nicas&#8221;.<\/p>\n<hr \/>\n<p class=\"p2\"><strong>Retrato AGS<\/strong><\/p>\n<p class=\"p2\">Atelier Goldner Schnitt GmbH and Co. KG, AGS en su forma abreviada, es una empresa especializada en venta por correo de moda femenina en el segmento de precios medio-alto, con sede en el distrito de M\u00fcnchberg, en la Alta Franconia. Fundada en 1926, la empresa ahora tiene empleadas a unas 700 personas a nivel internacional y tiene representaci\u00f3n en Alemania, Suiza, Austria, Francia, Pa\u00edses Bajos, B\u00e9lgica, Finlandia, Suecia y Noruega. La empresa pertenece a Tristyle Holding, cuya mitad pertenece a Primondo. El grupo empresarial incluye otros cuatro expedidores especializados: Emilia Lay,<\/p>\n<p class=\"p3\">Madeleine, Peter Hahn und Louis Sayn. Heinrich Wirth fund\u00f3 la empresa en 1926. Esta pas\u00f3 a u hijo Klaus Wirth en 1976, el cual la vendi\u00f3 en 1999 en su mayor parte a Quelle, reteniendo para s\u00ed el 49 por ciento restante. Mientras tanto, Wirth es, junto con Primondo, uno de los dos socios de Tristyle. Su moda est\u00e1 dirigida principalmente a mujeres maduras en el segmento de edad de m\u00e1s de 50 a\u00f1os. Para facilitar la selecci\u00f3n y la compra de las clientes o para poder evaluar bien la calidad de los productos, los cat\u00e1logos llevan muestras de tela originales de los modelos.<\/p>\n<hr \/>\n<p>Hamburg, 2002[\/vc_column_text][\/vc_column][\/vc_row]<\/p>\n<\/div>","protected":false},"excerpt":{"rendered":"<p>En esta corriente de modernizaci\u00f3n se incluye tambi\u00e9n la actualizaci\u00f3n del entorno de producci\u00f3n en el sector de la publicidad. Adem\u00e1s de la renovaci\u00f3n de una gran parte del hardware del usuario y del cambio de la plataforma DTP (de Quark 6.5 a InDesign CS5), tambi\u00e9n estaba en la agenda cambiar a la versi\u00f3n principal de LAGO4.<\/p>\n","protected":false},"author":103,"featured_media":0,"parent":0,"menu_order":0,"comment_status":"closed","ping_status":"closed","template":"","meta":{"footnotes":""},"class_list":["post-6479","page","type-page","status-publish","hentry"],"yoast_head":"<!-- This site is optimized with the Yoast SEO plugin v27.3 - https:\/\/yoast.com\/product\/yoast-seo-wordpress\/ -->\n<title>Caso pr\u00e1ctico Atelier Goldener Schnitt \/ Comosoft<\/title>\n<meta name=\"description\" content=\"En esta corriente de modernizaci\u00f3n se incluye tambi\u00e9n la actualizaci\u00f3n del entorno de producci\u00f3n en el sector de la publicidad.\" \/>\n<meta name=\"robots\" content=\"index, follow, max-snippet:-1, max-image-preview:large, max-video-preview:-1\" \/>\n<link rel=\"canonical\" href=\"https:\/\/www.comosoft.eu\/es\/caso-practico-atelier-goldener-schnitt\/\" \/>\n<meta property=\"og:locale\" content=\"es_ES\" \/>\n<meta property=\"og:type\" content=\"article\" \/>\n<meta property=\"og:title\" content=\"Caso pr\u00e1ctico Atelier Goldener Schnitt \/ Comosoft\" \/>\n<meta property=\"og:description\" content=\"En esta corriente de modernizaci\u00f3n se incluye tambi\u00e9n la actualizaci\u00f3n del entorno de producci\u00f3n en el sector de la publicidad.\" \/>\n<meta property=\"og:url\" content=\"https:\/\/www.comosoft.eu\/es\/caso-practico-atelier-goldener-schnitt\/\" \/>\n<meta property=\"og:site_name\" content=\"Comosoft\" \/>\n<meta property=\"article:modified_time\" content=\"2025-09-29T08:49:49+00:00\" \/>\n<meta property=\"og:image\" content=\"https:\/\/www.comosoft.eu\/wp-content\/uploads\/2021\/01\/Digital-publishing.jpg\" \/>\n\t<meta property=\"og:image:width\" content=\"2000\" \/>\n\t<meta property=\"og:image:height\" content=\"1334\" \/>\n\t<meta property=\"og:image:type\" content=\"image\/jpeg\" \/>\n<meta name=\"twitter:card\" content=\"summary_large_image\" \/>\n<!-- \/ Yoast SEO plugin. -->","yoast_head_json":{"title":"Caso pr\u00e1ctico Atelier Goldener Schnitt \/ Comosoft","description":"En esta corriente de modernizaci\u00f3n se incluye tambi\u00e9n la actualizaci\u00f3n del entorno de producci\u00f3n en el sector de la publicidad.","robots":{"index":"index","follow":"follow","max-snippet":"max-snippet:-1","max-image-preview":"max-image-preview:large","max-video-preview":"max-video-preview:-1"},"canonical":"https:\/\/www.comosoft.eu\/es\/caso-practico-atelier-goldener-schnitt\/","og_locale":"es_ES","og_type":"article","og_title":"Caso pr\u00e1ctico Atelier Goldener Schnitt \/ Comosoft","og_description":"En esta corriente de modernizaci\u00f3n se incluye tambi\u00e9n la actualizaci\u00f3n del entorno de producci\u00f3n en el sector de la publicidad.","og_url":"https:\/\/www.comosoft.eu\/es\/caso-practico-atelier-goldener-schnitt\/","og_site_name":"Comosoft","article_modified_time":"2025-09-29T08:49:49+00:00","og_image":[{"width":2000,"height":1334,"url":"https:\/\/www.comosoft.eu\/wp-content\/uploads\/2021\/01\/Digital-publishing.jpg","type":"image\/jpeg"}],"twitter_card":"summary_large_image","schema":{"@context":"https:\/\/schema.org","@graph":[{"@type":"WebPage","@id":"https:\/\/www.comosoft.eu\/es\/caso-practico-atelier-goldener-schnitt\/","url":"https:\/\/www.comosoft.eu\/es\/caso-practico-atelier-goldener-schnitt\/","name":"Caso pr\u00e1ctico Atelier Goldener Schnitt \/ Comosoft","isPartOf":{"@id":"https:\/\/www.comosoft.eu\/es\/#website"},"datePublished":"2019-02-07T12:28:28+00:00","dateModified":"2025-09-29T08:49:49+00:00","description":"En esta corriente de modernizaci\u00f3n se incluye tambi\u00e9n la actualizaci\u00f3n del entorno de producci\u00f3n en el sector de la publicidad.","breadcrumb":{"@id":"https:\/\/www.comosoft.eu\/es\/caso-practico-atelier-goldener-schnitt\/#breadcrumb"},"inLanguage":"es","potentialAction":[{"@type":"ReadAction","target":["https:\/\/www.comosoft.eu\/es\/caso-practico-atelier-goldener-schnitt\/"]}]},{"@type":"BreadcrumbList","@id":"https:\/\/www.comosoft.eu\/es\/caso-practico-atelier-goldener-schnitt\/#breadcrumb","itemListElement":[{"@type":"ListItem","position":1,"name":"Home","item":"https:\/\/www.comosoft.eu\/es\/"},{"@type":"ListItem","position":2,"name":"Caso pr\u00e1ctico Atelier Goldener Schnitt"}]},{"@type":"WebSite","@id":"https:\/\/www.comosoft.eu\/es\/#website","url":"https:\/\/www.comosoft.eu\/es\/","name":"Comosoft","description":"Multichannel Solutions","publisher":{"@id":"https:\/\/www.comosoft.eu\/es\/#organization"},"potentialAction":[{"@type":"SearchAction","target":{"@type":"EntryPoint","urlTemplate":"https:\/\/www.comosoft.eu\/es\/?s={search_term_string}"},"query-input":{"@type":"PropertyValueSpecification","valueRequired":true,"valueName":"search_term_string"}}],"inLanguage":"es"},{"@type":"Organization","@id":"https:\/\/www.comosoft.eu\/es\/#organization","name":"Comosoft GmbH","alternateName":"Multichannel Solutions","url":"https:\/\/www.comosoft.eu\/es\/","logo":{"@type":"ImageObject","inLanguage":"es","@id":"https:\/\/www.comosoft.eu\/es\/#\/schema\/logo\/image\/","url":"https:\/\/www.comosoft.eu\/wp-content\/uploads\/2021\/01\/Comosoft-Logo463.png","contentUrl":"https:\/\/www.comosoft.eu\/wp-content\/uploads\/2021\/01\/Comosoft-Logo463.png","width":1654,"height":337,"caption":"Comosoft GmbH"},"image":{"@id":"https:\/\/www.comosoft.eu\/es\/#\/schema\/logo\/image\/"},"sameAs":["https:\/\/de.linkedin.com\/company\/comosoft?original_referer=httpswww.google.com"]}]}},"_links":{"self":[{"href":"https:\/\/www.comosoft.eu\/es\/wp-json\/wp\/v2\/pages\/6479","targetHints":{"allow":["GET"]}}],"collection":[{"href":"https:\/\/www.comosoft.eu\/es\/wp-json\/wp\/v2\/pages"}],"about":[{"href":"https:\/\/www.comosoft.eu\/es\/wp-json\/wp\/v2\/types\/page"}],"author":[{"embeddable":true,"href":"https:\/\/www.comosoft.eu\/es\/wp-json\/wp\/v2\/users\/103"}],"replies":[{"embeddable":true,"href":"https:\/\/www.comosoft.eu\/es\/wp-json\/wp\/v2\/comments?post=6479"}],"version-history":[{"count":3,"href":"https:\/\/www.comosoft.eu\/es\/wp-json\/wp\/v2\/pages\/6479\/revisions"}],"predecessor-version":[{"id":49747,"href":"https:\/\/www.comosoft.eu\/es\/wp-json\/wp\/v2\/pages\/6479\/revisions\/49747"}],"wp:attachment":[{"href":"https:\/\/www.comosoft.eu\/es\/wp-json\/wp\/v2\/media?parent=6479"}],"curies":[{"name":"wp","href":"https:\/\/api.w.org\/{rel}","templated":true}]}}