{"id":6471,"date":"2019-03-14T14:29:56","date_gmt":"2019-03-14T13:29:56","guid":{"rendered":"https:\/\/www.comosoft.com\/?page_id=6471"},"modified":"2025-11-12T12:53:37","modified_gmt":"2025-11-12T11:53:37","slug":"venta-por-catalogo","status":"publish","type":"page","link":"https:\/\/www.comosoft.eu\/es\/sectores\/venta-por-catalogo\/","title":{"rendered":"Venta por cat\u00e1logo"},"content":{"rendered":"<div class=\"wpb-content-wrapper\"><p>[vc_row][vc_column width=&#8221;1\/1&#8243;][vc_column_text text_lead=&#8221;yes&#8221; uncode_shortcode_id=&#8221;132398&#8243;]<\/p>\n<h2>La venta por cat\u00e1logo se sirve de LAGO para conectar todos los datos de los productos<\/h2>\n<p>El enfoque espec\u00edfico de clientes en todos los canales de venta es el futuro del negocio de la venta por correo y la garant\u00eda de fidelidad duradera de los clientes. Solo aquel capaz de <strong>captar a sus clientes de forma permanente<\/strong> tiene \u00e9xito y aumenta sus ventas. Ofrecer simplemente una &#8220;buena&#8221; experiencia de compra es insuficiente hoy en d\u00eda.<\/p>\n<p>Durante m\u00e1s de 30 a\u00f1os, hemos estado desarrollando LAGO en el hermoso Hamburgo junto con nuestros clientes de <strong>venta por cat\u00e1logo a nivel mundial<\/strong>. A trav\u00e9s de un desarrollo innovador, con <strong>LAGO<\/strong> hemos creado el est\u00e1ndar de la industria para la producci\u00f3n empresarial de medios publicitarios.[\/vc_column_text][vc_row_inner][vc_column_inner width=&#8221;1\/2&#8243;][vc_column_text text_lead=&#8221;yes&#8221; uncode_shortcode_id=&#8221;115322&#8243;]<\/p>\n<h2>Con LAGO como campe\u00f3n multicanal<\/h2>\n<p>Como minorista, usted probablemente tenga un ERP, DAM, MAM, una herramienta para encontrar precios, un PIM y TMS, y un largo etc\u00e9tera. Toda la informaci\u00f3n de productos que necesita est\u00e1 disponible para que usted se dirija a sus clientes venciendo a los competidores. Sin embargo, esta informaci\u00f3n de alto valor tambi\u00e9n se distribuye a trav\u00e9s de diferentes silos de datos en la empresa. Lo que le confunde a usted realmente es el hecho de que la informaci\u00f3n a\u00fan no confluye entre s\u00ed. Gracias a LAGO, este potencial sin explotar ahora puede finalmente usarse para aumentar las ventas.<\/p>\n<h2>El Control inteligente del Flujo de Trabajo en LAGO como exclusiva PUV<\/h2>\n<p>[\/vc_column_text][\/vc_column_inner][vc_column_inner width=&#8221;1\/2&#8243;][vc_single_image media=&#8221;44543&#8243; media_width_percent=&#8221;100&#8243; uncode_shortcode_id=&#8221;103406&#8243;][\/vc_column_inner][\/vc_row_inner][vc_row_inner][vc_column_inner width=&#8221;1\/2&#8243;][vc_single_image media=&#8221;14629&#8243; media_width_percent=&#8221;100&#8243;][\/vc_column_inner][vc_column_inner width=&#8221;1\/2&#8243;][vc_column_text text_lead=&#8221;yes&#8221;]<\/p>\n<ul>\n<li>Tener una <strong>visi\u00f3n general del estado de producci\u00f3n<\/strong> de todos los mailing en ejecuci\u00f3n. No importa si se produce en el mundo en l\u00ednea o en el mundo fuera de l\u00ednea.<\/li>\n<li>Con LAGO, sus procesos y tareas se <strong>sincronizan<\/strong> a lo largo de <strong>todo el proceso de creaci\u00f3n<\/strong> de sus medios publicitarios.<\/li>\n<li>LAGO le ofrece una <strong>evaluaci\u00f3n flexible basada en la nube<\/strong>, con solo presionar un bot\u00f3n.<\/li>\n<li>El flujo de trabajo de correcci\u00f3n ejecutado estrictamente de modo digital en <strong>LAGO minimiza en gran medida el n\u00famero de ciclos de correcci\u00f3n<\/strong>.<\/li>\n<\/ul>\n<p>[\/vc_column_text][\/vc_column_inner][\/vc_row_inner][\/vc_column][\/vc_row][vc_row row_height_percent=&#8221;0&#8243; overlay_alpha=&#8221;50&#8243; equal_height=&#8221;yes&#8221; gutter_size=&#8221;3&#8243; shift_y=&#8221;0&#8243;][vc_column column_width_percent=&#8221;100&#8243; align_horizontal=&#8221;align_center&#8221; gutter_size=&#8221;3&#8243; overlay_alpha=&#8221;50&#8243; shift_x=&#8221;0&#8243; shift_y=&#8221;0&#8243; z_index=&#8221;0&#8243; medium_width=&#8221;0&#8243; width=&#8221;1\/2&#8243; el_class=&#8221;.text-lead.text-top-reduced { margin: -50px 0px 0px 0px; margin-top: -50px; margin-right: 0px; margin-bottom: 0px; margin-left: 0px; }&#8221;][vc_icon display=&#8221;inline&#8221; icon=&#8221;fa fa-map5&#8243; icon_color=&#8221;accent&#8221; size=&#8221;fa-3x&#8221; heading_semantic=&#8221;h2&#8243; text_size=&#8221;fontsize-199810&#8243; text_height=&#8221;fontheight-129552&#8243; text_lead=&#8221;yes&#8221; text_reduced=&#8221;yes&#8221;]<\/p>\n<h2>IMPRESI\u00d3N<br \/>\n<span style=\"font-size: 85%;\">InDesign-Plugin<\/span><\/h2>\n<p><span class=\"font-762333\">El complemento de impresi\u00f3n directa en Adobe InDesign\u00ae es compatible de modo \u00f3ptimo con la producci\u00f3n basada en bases de datos de publicidad impresa.<\/span>[\/vc_icon][\/vc_column][vc_column column_width_percent=&#8221;100&#8243; align_horizontal=&#8221;align_center&#8221; gutter_size=&#8221;3&#8243; overlay_alpha=&#8221;50&#8243; shift_x=&#8221;0&#8243; shift_y=&#8221;0&#8243; z_index=&#8221;0&#8243; medium_width=&#8221;0&#8243; width=&#8221;1\/2&#8243;][vc_icon icon=&#8221;fa fa-arrow-shuffle&#8221; icon_color=&#8221;accent&#8221; size=&#8221;fa-3x&#8221; heading_semantic=&#8221;h2&#8243; text_size=&#8221;fontsize-199810&#8243; text_height=&#8221;fontheight-129552&#8243; text_lead=&#8221;yes&#8221; text_reduced=&#8221;yes&#8221;]<\/p>\n<h2>E-COMMERCE<br \/>\nInterfaz<\/h2>\n<p><span class=\"font-762333\">Transferencia de sus datos a la tienda virtual, simplemente asignando los productos a las categor\u00edas correspondientes.<\/span>[\/vc_icon][\/vc_column][\/vc_row][vc_row row_height_percent=&#8221;0&#8243; overlay_alpha=&#8221;50&#8243; equal_height=&#8221;yes&#8221; gutter_size=&#8221;3&#8243; shift_y=&#8221;0&#8243;][vc_column column_width_percent=&#8221;100&#8243; align_horizontal=&#8221;align_center&#8221; gutter_size=&#8221;3&#8243; overlay_alpha=&#8221;50&#8243; shift_x=&#8221;0&#8243; shift_y=&#8221;0&#8243; z_index=&#8221;0&#8243; medium_width=&#8221;0&#8243; width=&#8221;1\/3&#8243;][vc_icon icon=&#8221;fa fa-paper&#8221; icon_color=&#8221;accent&#8221; size=&#8221;fa-3x&#8221; heading_semantic=&#8221;h2&#8243; text_size=&#8221;fontsize-199810&#8243; text_height=&#8221;fontheight-681807&#8243; text_lead=&#8221;yes&#8221; text_reduced=&#8221;yes&#8221;]<\/p>\n<h2>E-PAPER<br \/>\nMercados<\/h2>\n<p><span class=\"font-762333\">Use tambi\u00e9n la versi\u00f3n en l\u00ednea de su cat\u00e1logo y permita a sus clientes navegar por el cat\u00e1logo en l\u00ednea en el sitio web o en la tienda web.<\/span>[\/vc_icon][\/vc_column][vc_column column_width_percent=&#8221;100&#8243; align_horizontal=&#8221;align_center&#8221; gutter_size=&#8221;3&#8243; overlay_alpha=&#8221;50&#8243; shift_x=&#8221;0&#8243; shift_y=&#8221;0&#8243; z_index=&#8221;0&#8243; medium_width=&#8221;0&#8243; width=&#8221;1\/3&#8243;][vc_icon icon=&#8221;fa fa-connectdevelop&#8221; icon_color=&#8221;accent&#8221; size=&#8221;fa-3x&#8221; heading_semantic=&#8221;h2&#8243; text_size=&#8221;fontsize-199810&#8243; text_height=&#8221;fontheight-129552&#8243; text_lead=&#8221;yes&#8221; text_reduced=&#8221;yes&#8221;]<\/p>\n<h2>LAGO DIM<br \/>\n<span style=\"font-size: 85%;\">One-to-One <\/span><span style=\"font-size: 85%;\">Connector<\/span><\/h2>\n<p><span class=\"font-762333\">Nuestro <em>plugin<\/em> LAGO DIM (Direct Individual Marketing) ofrece adem\u00e1s de un enfoque de impresi\u00f3n desde la web, la comunicaci\u00f3n one-to-one en canales impresos y en l\u00ednea.<\/span>[\/vc_icon][\/vc_column][vc_column column_width_percent=&#8221;100&#8243; align_horizontal=&#8221;align_center&#8221; gutter_size=&#8221;3&#8243; overlay_alpha=&#8221;50&#8243; shift_x=&#8221;0&#8243; shift_y=&#8221;0&#8243; z_index=&#8221;0&#8243; medium_width=&#8221;0&#8243; width=&#8221;1\/3&#8243;][vc_icon icon=&#8221;fa fa-document&#8221; icon_color=&#8221;accent&#8221; size=&#8221;fa-3x&#8221; heading_semantic=&#8221;h2&#8243; text_size=&#8221;fontsize-199810&#8243; text_height=&#8221;fontheight-129552&#8243; text_lead=&#8221;yes&#8221; text_reduced=&#8221;yes&#8221; uncode_shortcode_id=&#8221;250476&#8243; icon_color_type=&#8221;uncode-palette&#8221;]<\/p>\n<h2>E-CATALOG<br \/>\n<span style=\"font-size: 20.4px;\">Digital<\/span><\/h2>\n<p><span class=\"font-762333\">El m\u00f3dulo E-Catalog permite proporcionar datos de productos en diferentes formatos y clasificaciones est\u00e1ndar.<\/span>[\/vc_icon][\/vc_column][\/vc_row][vc_row][vc_column column_width_percent=&#8221;100&#8243; gutter_size=&#8221;3&#8243; override_padding=&#8221;yes&#8221; column_padding=&#8221;3&#8243; back_color=&#8221;color-lxmt&#8221; overlay_alpha=&#8221;50&#8243; shift_x=&#8221;0&#8243; shift_y=&#8221;0&#8243; z_index=&#8221;0&#8243; medium_width=&#8221;0&#8243; width=&#8221;1\/1&#8243;][vc_row_inner row_inner_height_percent=&#8221;0&#8243; overlay_alpha=&#8221;50&#8243; equal_height=&#8221;yes&#8221; gutter_size=&#8221;3&#8243; shift_y=&#8221;0&#8243;][vc_column_inner column_width_percent=&#8221;100&#8243; position_vertical=&#8221;middle&#8221; gutter_size=&#8221;3&#8243; overlay_alpha=&#8221;50&#8243; shift_x=&#8221;0&#8243; shift_y=&#8221;0&#8243; z_index=&#8221;0&#8243; medium_width=&#8221;0&#8243; width=&#8221;2\/3&#8243;][vc_column_text uncode_shortcode_id=&#8221;130179&#8243;]<\/p>\n<blockquote><p>Confiamos plenamente en LAGO de Comosoft para conseguir un proceso de creaci\u00f3n de p\u00e1ginas extremadamente eficaz. Gracias a la perfecta integraci\u00f3n entre la revisi\u00f3n en pantalla y el workflow de producci\u00f3n, la interfaz de usuario de LAGO supone una ventaja sobre todos los dem\u00e1s proveedores. Apreciamos especialmente la capacidad de configuraci\u00f3n, que nos permite adaptar todo a nuestras necesidades. Nuestros clientes del sector minorista esperan cada vez m\u00e1s eficacia, y con LAGO podemos conseguirlo.<\/p>\n<p><strong>Director of Advertising Technologies<\/strong>, PureRed<\/p><\/blockquote>\n<p>[\/vc_column_text][vc_button outline=&#8221;yes&#8221; text_skin=&#8221;yes&#8221; border_width=&#8221;0&#8243; link=&#8221;url:https%3A%2F%2Fwww.comosoft.eu%2Fes%2Fcaso-practico-purered%2F&#8221; uncode_shortcode_id=&#8221;906529&#8243;]CASO PR\u00c1CTICO: PureRED[\/vc_button][\/vc_column_inner][vc_column_inner column_width_percent=&#8221;100&#8243; position_vertical=&#8221;middle&#8221; gutter_size=&#8221;3&#8243; overlay_alpha=&#8221;50&#8243; shift_x=&#8221;0&#8243; shift_y=&#8221;0&#8243; z_index=&#8221;0&#8243; medium_width=&#8221;0&#8243; width=&#8221;1\/3&#8243;][vc_single_image media=&#8221;7680&#8243; media_width_percent=&#8221;100&#8243; uncode_shortcode_id=&#8221;309064&#8243;][\/vc_column_inner][\/vc_row_inner][\/vc_column][\/vc_row][vc_row row_height_percent=&#8221;0&#8243; overlay_alpha=&#8221;50&#8243; gutter_size=&#8221;3&#8243; shift_y=&#8221;0&#8243;][vc_column width=&#8221;1\/1&#8243;][uncode_block id=&#8221;16642&#8243;][\/vc_column][\/vc_row][vc_row row_height_percent=&#8221;0&#8243; override_padding=&#8221;yes&#8221; h_padding=&#8221;3&#8243; top_padding=&#8221;3&#8243; bottom_padding=&#8221;3&#8243; back_image=&#8221;163&#8243; parallax=&#8221;yes&#8221; overlay_color=&#8221;accent&#8221; overlay_alpha=&#8221;85&#8243; gutter_size=&#8221;0&#8243; shift_y=&#8221;0&#8243;][vc_column column_width_percent=&#8221;100&#8243; position_vertical=&#8221;middle&#8221; gutter_size=&#8221;3&#8243; style=&#8221;dark&#8221; overlay_alpha=&#8221;50&#8243; shift_x=&#8221;0&#8243; shift_y=&#8221;0&#8243; z_index=&#8221;0&#8243; medium_width=&#8221;0&#8243; width=&#8221;1\/1&#8243;][vc_column_text]<\/p>\n<h2><span class=\"font-762333\"><span class=\"font-762333, fontsize-148062\">Concierte una demostraci\u00f3n en vivo<\/span><\/span><\/h2>\n<p><strong>\u00bfSiente curiosidad? De ser as\u00ed, concierte ahora una demostraci\u00f3n en vivo de LAGO.<\/strong>[\/vc_column_text][\/vc_column][\/vc_row][vc_row row_height_percent=&#8221;0&#8243; back_image=&#8221;2751&#8243; parallax=&#8221;yes&#8221; overlay_color=&#8221;color-lxmt&#8221; overlay_alpha=&#8221;76&#8243; gutter_size=&#8221;3&#8243; shift_y=&#8221;0&#8243;][vc_column column_width_percent=&#8221;100&#8243; gutter_size=&#8221;3&#8243; style=&#8221;light&#8221; overlay_alpha=&#8221;50&#8243; shift_x=&#8221;0&#8243; shift_y=&#8221;0&#8243; z_index=&#8221;0&#8243; medium_width=&#8221;0&#8243; width=&#8221;1\/1&#8243;][vc_row_inner row_inner_height_percent=&#8221;0&#8243; overlay_alpha=&#8221;50&#8243; equal_height=&#8221;yes&#8221; gutter_size=&#8221;3&#8243; shift_y=&#8221;0&#8243;][vc_column_inner column_width_percent=&#8221;100&#8243; gutter_size=&#8221;3&#8243; style=&#8221;light&#8221; overlay_alpha=&#8221;50&#8243; shift_x=&#8221;0&#8243; shift_y=&#8221;0&#8243; z_index=&#8221;0&#8243; medium_width=&#8221;0&#8243; width=&#8221;1\/1&#8243;]\n<div class=\"wpcf7 no-js\" id=\"wpcf7-f11827-o1\" lang=\"en-US\" dir=\"ltr\" data-wpcf7-id=\"11827\">\n<div class=\"screen-reader-response\"><p role=\"status\" aria-live=\"polite\" aria-atomic=\"true\"><\/p> <ul><\/ul><\/div>\n<form action=\"\/es\/wp-json\/wp\/v2\/pages\/6471#wpcf7-f11827-o1\" method=\"post\" class=\"wpcf7-form init\" aria-label=\"Contact form\" novalidate=\"novalidate\" data-status=\"init\">\n<fieldset class=\"hidden-fields-container\"><input type=\"hidden\" name=\"_wpcf7\" value=\"11827\" \/><input type=\"hidden\" name=\"_wpcf7_version\" value=\"6.1.5\" \/><input type=\"hidden\" name=\"_wpcf7_locale\" value=\"en_US\" \/><input type=\"hidden\" name=\"_wpcf7_unit_tag\" value=\"wpcf7-f11827-o1\" \/><input type=\"hidden\" name=\"_wpcf7_container_post\" value=\"0\" \/><input type=\"hidden\" name=\"_wpcf7_posted_data_hash\" value=\"\" \/>\n<\/fieldset>\n<style>\n.style-light input[type=\"text\"],\n.style-light input[type=\"email\"],\n.style-light textarea {\n border-color: #b2b2b2;\n}\nlabel {\n font-weight: bold;\n}\n<\/style>\n<div class=\"row\">\n\t<div class=\"row-inner\">\n\t\t<div class=\"col-lg-6\">\n\t\t\t<p><label> *Nombre<br \/>\n<span class=\"wpcf7-form-control-wrap\" data-name=\"your-firstname\"><input size=\"40\" maxlength=\"400\" class=\"wpcf7-form-control wpcf7-text wpcf7-validates-as-required\" aria-required=\"true\" aria-invalid=\"false\" value=\"\" type=\"text\" name=\"your-firstname\" \/><\/span> <\/label>\n\t\t\t<\/p>\n\t\t<\/div>\n\t\t<div class=\"col-lg-6\" style=\"padding-top: 0;\">\n\t\t\t<p><label> *Apellidos<br \/>\n<span class=\"wpcf7-form-control-wrap\" data-name=\"your-name\"><input size=\"40\" maxlength=\"400\" class=\"wpcf7-form-control wpcf7-text wpcf7-validates-as-required\" aria-required=\"true\" aria-invalid=\"false\" value=\"\" type=\"text\" name=\"your-name\" \/><\/span> <\/label>\n\t\t\t<\/p>\n\t\t<\/div>\n\t<\/div>\n<\/div>\n<div class=\"row\">\n\t<div class=\"row-inner\">\n\t\t<div class=\"col-lg-6\">\n\t\t\t<p><label> *Empresa<br \/>\n<span class=\"wpcf7-form-control-wrap\" data-name=\"your-company\"><input size=\"40\" maxlength=\"400\" class=\"wpcf7-form-control wpcf7-text wpcf7-validates-as-required\" aria-required=\"true\" aria-invalid=\"false\" value=\"\" type=\"text\" name=\"your-company\" \/><\/span> <\/label>\n\t\t\t<\/p>\n\t\t<\/div>\n\t\t<div class=\"col-lg-6\" style=\"padding-top: 0;\">\n\t\t\t<p><label> *Email<br \/>\n<span class=\"wpcf7-form-control-wrap\" data-name=\"your-email\"><input size=\"40\" maxlength=\"400\" class=\"wpcf7-form-control wpcf7-email wpcf7-validates-as-required wpcf7-text wpcf7-validates-as-email\" aria-required=\"true\" aria-invalid=\"false\" value=\"\" type=\"email\" name=\"your-email\" \/><\/span> <\/label>\n\t\t\t<\/p>\n\t\t<\/div>\n\t<\/div>\n<\/div>\n<div class=\"row\">\n\t<div class=\"row-inner\">\n\t\t<div class=\"col-lg-12\">\n\t\t\t<p><label> Mensaje<br \/>\n<span class=\"wpcf7-form-control-wrap\" data-name=\"your-message\"><textarea cols=\"40\" rows=\"10\" maxlength=\"2000\" class=\"wpcf7-form-control wpcf7-textarea\" aria-invalid=\"false\" name=\"your-message\"><\/textarea><\/span> <\/label><br \/>\n<span id=\"wpcf7-69de1ca827990-wrapper\" class=\"wpcf7-form-control-wrap website-162-wrap\" ><label for=\"wpcf7-69de1ca827990-field\" class=\"hp-message\">Please leave this field empty.<\/label><input id=\"wpcf7-69de1ca827990-field\"  class=\"wpcf7-form-control wpcf7-text\" type=\"text\" name=\"website-162\" value=\"\" size=\"40\" tabindex=\"-1\" autocomplete=\"new-password\" \/><\/span><br \/>\n<span id=\"wpcf7-69de1ca827a31-wrapper\" class=\"wpcf7-form-control-wrap email-162-wrap\" ><label for=\"wpcf7-69de1ca827a31-field\" class=\"hp-message\">Please leave this field empty.<\/label><input id=\"wpcf7-69de1ca827a31-field\"  class=\"wpcf7-form-control wpcf7-text\" type=\"text\" name=\"email-162\" value=\"\" size=\"40\" tabindex=\"-1\" autocomplete=\"new-password\" \/><\/span>\n\t\t\t<\/p>\n\t\t\t<div>\n\t\t\t\t<p>* Obligatorio\n\t\t\t\t<\/p>\n\t\t\t<\/div>\n\t\t\t<div>\n\t\t\t\t<p>Sus datos del formulario de contacto ser\u00e1n recogidos y procesados para responder a su consulta. Encontrar\u00e1 informaci\u00f3n detallada sobre el tratamiento de los datos de los usuarios en nuestro\u00a0<a href=\"https:\/\/www.comosoft.eu\/es\/aviso-legal\/\">aviso legal<\/a>.\n\t\t\t\t<\/p>\n\t\t\t<\/div>\n\t\t<\/div>\n\t<\/div>\n<\/div>\n<div class=\"row\">\n\t<div class=\"row-inner\">\n\t\t<div class=\"col-lg-12\">\n\t\t\t<p><input class=\"wpcf7-form-control wpcf7-submit has-spinner btn btn-accent\" type=\"submit\" value=\"Enviar\" \/>\n\t\t\t<\/p>\n\t\t<\/div>\n\t<\/div>\n<\/div>\n<p><script>\ndocument.addEventListener( 'wpcf7mailsent', function(e) {\n\tif ( '11827' == event.detail.contactFormId ) {\n gtag('event', 'submit', {\n 'event_category': 'Kontakt',\n 'event_label': 'Kontakt ES'\n })};\n}, false );\n<\/script>\n<\/p><div class=\"wpcf7-response-output\" aria-hidden=\"true\"><\/div>\n<\/form>\n<\/div>\n[\/vc_column_inner][\/vc_row_inner][\/vc_column][\/vc_row]<\/p>\n<\/div>","protected":false},"excerpt":{"rendered":"<p>[vc_row][vc_column width=&#8221;1\/1&#8243;][vc_column_text text_lead=&#8221;yes&#8221; uncode_shortcode_id=&#8221;132398&#8243;] La venta por cat\u00e1logo se sirve de LAGO para conectar todos los datos de los productos [&hellip;]<\/p>\n","protected":false},"author":103,"featured_media":13985,"parent":6389,"menu_order":0,"comment_status":"closed","ping_status":"closed","template":"","meta":{"footnotes":""},"class_list":["post-6471","page","type-page","status-publish","has-post-thumbnail","hentry"],"yoast_head":"<!-- This site is optimized with the Yoast SEO plugin v27.3 - https:\/\/yoast.com\/product\/yoast-seo-wordpress\/ -->\n<title>Venta por cat\u00e1logo \/ Comosoft<\/title>\n<meta name=\"description\" content=\"Con LAGO puede conectar todos los datos de los productos para crear sus cat\u00e1logos y garantizar la fidelidad duradera de los clientes\" \/>\n<meta name=\"robots\" content=\"index, follow, max-snippet:-1, max-image-preview:large, max-video-preview:-1\" \/>\n<link rel=\"canonical\" href=\"https:\/\/www.comosoft.eu\/es\/sectores\/venta-por-catalogo\/\" \/>\n<meta property=\"og:locale\" content=\"es_ES\" \/>\n<meta property=\"og:type\" content=\"article\" \/>\n<meta property=\"og:title\" content=\"Venta por cat\u00e1logo \/ Comosoft\" \/>\n<meta property=\"og:description\" content=\"Con LAGO puede conectar todos los datos de los productos para crear sus cat\u00e1logos y garantizar la fidelidad duradera de los clientes\" \/>\n<meta property=\"og:url\" content=\"https:\/\/www.comosoft.eu\/es\/sectores\/venta-por-catalogo\/\" \/>\n<meta property=\"og:site_name\" content=\"Comosoft\" \/>\n<meta property=\"article:modified_time\" content=\"2025-11-12T11:53:37+00:00\" \/>\n<meta property=\"og:image\" content=\"https:\/\/www.comosoft.eu\/wp-content\/uploads\/2019\/11\/Fashion_Comosoft_header.jpg\" \/>\n\t<meta property=\"og:image:width\" content=\"1920\" \/>\n\t<meta property=\"og:image:height\" content=\"500\" \/>\n\t<meta property=\"og:image:type\" content=\"image\/jpeg\" \/>\n<meta name=\"twitter:card\" content=\"summary_large_image\" \/>\n<!-- \/ Yoast SEO plugin. -->","yoast_head_json":{"title":"Venta por cat\u00e1logo \/ Comosoft","description":"Con LAGO puede conectar todos los datos de los productos para crear sus cat\u00e1logos y garantizar la fidelidad duradera de los clientes","robots":{"index":"index","follow":"follow","max-snippet":"max-snippet:-1","max-image-preview":"max-image-preview:large","max-video-preview":"max-video-preview:-1"},"canonical":"https:\/\/www.comosoft.eu\/es\/sectores\/venta-por-catalogo\/","og_locale":"es_ES","og_type":"article","og_title":"Venta por cat\u00e1logo \/ Comosoft","og_description":"Con LAGO puede conectar todos los datos de los productos para crear sus cat\u00e1logos y garantizar la fidelidad duradera de los clientes","og_url":"https:\/\/www.comosoft.eu\/es\/sectores\/venta-por-catalogo\/","og_site_name":"Comosoft","article_modified_time":"2025-11-12T11:53:37+00:00","og_image":[{"width":1920,"height":500,"url":"https:\/\/www.comosoft.eu\/wp-content\/uploads\/2019\/11\/Fashion_Comosoft_header.jpg","type":"image\/jpeg"}],"twitter_card":"summary_large_image","schema":{"@context":"https:\/\/schema.org","@graph":[{"@type":"WebPage","@id":"https:\/\/www.comosoft.eu\/es\/sectores\/venta-por-catalogo\/","url":"https:\/\/www.comosoft.eu\/es\/sectores\/venta-por-catalogo\/","name":"Venta por cat\u00e1logo \/ Comosoft","isPartOf":{"@id":"https:\/\/www.comosoft.eu\/es\/#website"},"primaryImageOfPage":{"@id":"https:\/\/www.comosoft.eu\/es\/sectores\/venta-por-catalogo\/#primaryimage"},"image":{"@id":"https:\/\/www.comosoft.eu\/es\/sectores\/venta-por-catalogo\/#primaryimage"},"thumbnailUrl":"https:\/\/www.comosoft.eu\/wp-content\/uploads\/2019\/11\/Fashion_Comosoft_header.jpg","datePublished":"2019-03-14T13:29:56+00:00","dateModified":"2025-11-12T11:53:37+00:00","description":"Con LAGO puede conectar todos los datos de los productos para crear sus cat\u00e1logos y garantizar la fidelidad duradera de los clientes","breadcrumb":{"@id":"https:\/\/www.comosoft.eu\/es\/sectores\/venta-por-catalogo\/#breadcrumb"},"inLanguage":"es","potentialAction":[{"@type":"ReadAction","target":["https:\/\/www.comosoft.eu\/es\/sectores\/venta-por-catalogo\/"]}]},{"@type":"ImageObject","inLanguage":"es","@id":"https:\/\/www.comosoft.eu\/es\/sectores\/venta-por-catalogo\/#primaryimage","url":"https:\/\/www.comosoft.eu\/wp-content\/uploads\/2019\/11\/Fashion_Comosoft_header.jpg","contentUrl":"https:\/\/www.comosoft.eu\/wp-content\/uploads\/2019\/11\/Fashion_Comosoft_header.jpg","width":1920,"height":500,"caption":"PRODUCCI\u00d3NPUBLICIDAD"},{"@type":"BreadcrumbList","@id":"https:\/\/www.comosoft.eu\/es\/sectores\/venta-por-catalogo\/#breadcrumb","itemListElement":[{"@type":"ListItem","position":1,"name":"Home","item":"https:\/\/www.comosoft.eu\/es\/"},{"@type":"ListItem","position":2,"name":"SECTORES","item":"https:\/\/www.comosoft.eu\/es\/sectores\/"},{"@type":"ListItem","position":3,"name":"Venta por cat\u00e1logo"}]},{"@type":"WebSite","@id":"https:\/\/www.comosoft.eu\/es\/#website","url":"https:\/\/www.comosoft.eu\/es\/","name":"Comosoft","description":"Multichannel Solutions","publisher":{"@id":"https:\/\/www.comosoft.eu\/es\/#organization"},"potentialAction":[{"@type":"SearchAction","target":{"@type":"EntryPoint","urlTemplate":"https:\/\/www.comosoft.eu\/es\/?s={search_term_string}"},"query-input":{"@type":"PropertyValueSpecification","valueRequired":true,"valueName":"search_term_string"}}],"inLanguage":"es"},{"@type":"Organization","@id":"https:\/\/www.comosoft.eu\/es\/#organization","name":"Comosoft GmbH","alternateName":"Multichannel Solutions","url":"https:\/\/www.comosoft.eu\/es\/","logo":{"@type":"ImageObject","inLanguage":"es","@id":"https:\/\/www.comosoft.eu\/es\/#\/schema\/logo\/image\/","url":"https:\/\/www.comosoft.eu\/wp-content\/uploads\/2021\/01\/Comosoft-Logo463.png","contentUrl":"https:\/\/www.comosoft.eu\/wp-content\/uploads\/2021\/01\/Comosoft-Logo463.png","width":1654,"height":337,"caption":"Comosoft GmbH"},"image":{"@id":"https:\/\/www.comosoft.eu\/es\/#\/schema\/logo\/image\/"},"sameAs":["https:\/\/de.linkedin.com\/company\/comosoft?original_referer=httpswww.google.com"]}]}},"_links":{"self":[{"href":"https:\/\/www.comosoft.eu\/es\/wp-json\/wp\/v2\/pages\/6471","targetHints":{"allow":["GET"]}}],"collection":[{"href":"https:\/\/www.comosoft.eu\/es\/wp-json\/wp\/v2\/pages"}],"about":[{"href":"https:\/\/www.comosoft.eu\/es\/wp-json\/wp\/v2\/types\/page"}],"author":[{"embeddable":true,"href":"https:\/\/www.comosoft.eu\/es\/wp-json\/wp\/v2\/users\/103"}],"replies":[{"embeddable":true,"href":"https:\/\/www.comosoft.eu\/es\/wp-json\/wp\/v2\/comments?post=6471"}],"version-history":[{"count":20,"href":"https:\/\/www.comosoft.eu\/es\/wp-json\/wp\/v2\/pages\/6471\/revisions"}],"predecessor-version":[{"id":50059,"href":"https:\/\/www.comosoft.eu\/es\/wp-json\/wp\/v2\/pages\/6471\/revisions\/50059"}],"up":[{"embeddable":true,"href":"https:\/\/www.comosoft.eu\/es\/wp-json\/wp\/v2\/pages\/6389"}],"wp:featuredmedia":[{"embeddable":true,"href":"https:\/\/www.comosoft.eu\/es\/wp-json\/wp\/v2\/media\/13985"}],"wp:attachment":[{"href":"https:\/\/www.comosoft.eu\/es\/wp-json\/wp\/v2\/media?parent=6471"}],"curies":[{"name":"wp","href":"https:\/\/api.w.org\/{rel}","templated":true}]}}