{"id":6394,"date":"2019-03-14T14:54:01","date_gmt":"2019-03-14T13:54:01","guid":{"rendered":"https:\/\/www.comosoft.com\/?page_id=6394"},"modified":"2025-11-12T12:42:23","modified_gmt":"2025-11-12T11:42:23","slug":"b2b-mayoristas","status":"publish","type":"page","link":"https:\/\/www.comosoft.eu\/es\/sectores\/b2b-mayoristas\/","title":{"rendered":"B2B MAYORISTAS"},"content":{"rendered":"<div class=\"wpb-content-wrapper\"><p>[vc_row][vc_column width=&#8221;1\/1&#8243;][vc_column_text text_lead=&#8221;yes&#8221; uncode_shortcode_id=&#8221;119083&#8243;]<\/p>\n<h2>LAGO optimiza sus actividades de comercio electr\u00f3nico<\/h2>\n<p>Con LAGO en la retaguardia de sus canales, usted siempre tiene el contenido correcto en el lugar correcto. LAGO combina su comercio electr\u00f3nico y su informaci\u00f3n de productos en un sistema de software. Por lo tanto, usted organiza sus art\u00edculos de modo centralizado y elimina la fuente de errores m\u00e1s com\u00fan en el marketing multicanal: los datos redundantes. Como resultado, usted pone en l\u00ednea m\u00e1s r\u00e1pidamente sus ofertas de productos y garantiza la m\u00e1xima calidad de los datos. Basta con adaptar sus textos en lugar de reescribirlos para cada canal de salida, y ejecute, por ejemplo, actualizaciones de precios en todos los canales.<\/p>\n<p>Su marketing en l\u00ednea tiene su base en la Cabina de Mando: Llenado de p\u00e1ginas altamente eficiente con el contenido m\u00e1s reciente, controlado por su proceso de flujo de trabajo. De este modo, usted consigue el m\u00e1ximo de facturaci\u00f3n de su contenido con los costes de proceso m\u00e1s bajos.[\/vc_column_text][vc_row_inner][vc_column_inner width=&#8221;1\/2&#8243;][vc_single_image media=&#8221;44533&#8243; media_width_percent=&#8221;100&#8243; uncode_shortcode_id=&#8221;717692&#8243;][\/vc_column_inner][vc_column_inner width=&#8221;1\/2&#8243;][vc_column_text text_lead=&#8221;yes&#8221;]<\/p>\n<ul>\n<li>Acelere los procesos en el comercio electr\u00f3nico<\/li>\n<li>Haga que la informaci\u00f3n de los productos sea accesible a sus equipos y trabaje con una fuente de datos central<\/li>\n<li>Actualice autom\u00e1ticamente sus art\u00edculos y precios con tan solo presionar un bot\u00f3n<\/li>\n<li>Estructuras de tiendas con periodos de validez<\/li>\n<li>Vista Previa de la Web para echar un r\u00e1pido vistazo previo al contenido de los productos<\/li>\n<li>Organice con LAGO la cantidad de tiendas web que desee<\/li>\n<li>Cubra mercados como Amazon, eBay y similares<\/li>\n<li>Conecte sus canales de venta<\/li>\n<li>Evite las tareas de trabajo redundantes y mantenga el control sobre sus datos<\/li>\n<\/ul>\n<p>[\/vc_column_text][\/vc_column_inner][\/vc_row_inner][\/vc_column][\/vc_row][vc_row][vc_column width=&#8221;1\/1&#8243;][vc_row_inner row_inner_height_percent=&#8221;0&#8243; overlay_alpha=&#8221;50&#8243; equal_height=&#8221;yes&#8221; gutter_size=&#8221;3&#8243; shift_y=&#8221;0&#8243;][vc_column_inner column_width_percent=&#8221;100&#8243; position_vertical=&#8221;middle&#8221; gutter_size=&#8221;3&#8243; overlay_alpha=&#8221;50&#8243; shift_x=&#8221;0&#8243; shift_y=&#8221;0&#8243; z_index=&#8221;0&#8243; medium_width=&#8221;0&#8243; width=&#8221;1\/1&#8243;][vc_column_text uncode_shortcode_id=&#8221;163807&#8243;]<\/p>\n<blockquote>\n<div>\n<p><span lang=\"ES\">\u201cDamos importancia a un dise\u00f1o fresco y atractivo, a pesar y sobre todo debido a las extensas tablas. As\u00ed nuestros clientes pueden ver directamente en la p\u00e1gina, cu\u00e1nto cuesta qu\u00e9 oferta \u201c, dice<\/span><\/p>\n<\/div>\n<div>\n<p><b><span lang=\"EN-US\">Jos\u00e9 Baltes, LuxairTours<\/span><\/b><\/p>\n<\/div>\n<\/blockquote>\n<p>[\/vc_column_text][\/vc_column_inner][\/vc_row_inner][\/vc_column][\/vc_row][vc_row][vc_column column_width_percent=&#8221;100&#8243; gutter_size=&#8221;3&#8243; override_padding=&#8221;yes&#8221; column_padding=&#8221;3&#8243; back_color=&#8221;color-lxmt&#8221; overlay_alpha=&#8221;50&#8243; shift_x=&#8221;0&#8243; shift_y=&#8221;0&#8243; z_index=&#8221;0&#8243; medium_width=&#8221;0&#8243; width=&#8221;1\/1&#8243;][vc_row_inner row_inner_height_percent=&#8221;0&#8243; overlay_alpha=&#8221;50&#8243; equal_height=&#8221;yes&#8221; gutter_size=&#8221;3&#8243; shift_y=&#8221;0&#8243;][vc_column_inner column_width_percent=&#8221;100&#8243; position_vertical=&#8221;middle&#8221; gutter_size=&#8221;3&#8243; overlay_alpha=&#8221;50&#8243; shift_x=&#8221;0&#8243; shift_y=&#8221;0&#8243; z_index=&#8221;0&#8243; medium_width=&#8221;0&#8243; width=&#8221;2\/3&#8243;][vc_column_text uncode_shortcode_id=&#8221;107657&#8243;]<\/p>\n<p style=\"font-weight: 400;\"><strong>LuxairTours y LAGO: \u00e9xito conjunto durante m\u00e1s de diez a\u00f1os<\/strong><\/p>\n<p style=\"font-weight: 400;\">Como consecuencia, el sistema de producci\u00f3n de publicidad LAGO ya fue adoptado en 2001 y ahora lleva\u00a0 m\u00e1s de 13 a\u00f1os aplicando la soluci\u00f3n de Comosoft GmbH de Hamburgo.. (\u2026)\u00a0LAGO es \u201cla\u201d herramienta de LuxairTours, sobre todo como interfaz para la planificaci\u00f3n, para los dise\u00f1os basados \u200b\u200ben bases de datos y\u00a0para la gesti\u00f3n del numeroso material. Por lo tanto, los muchos gerentes de producto elaboran sus ofertas de viaje con los proveedores, creando las denominadas pre-hojas, que luego se transfieren al sistema LAGO.<\/p>\n<p>[\/vc_column_text][vc_button outline=&#8221;yes&#8221; text_skin=&#8221;yes&#8221; border_width=&#8221;0&#8243; link=&#8221;url:https%3A%2F%2Fwww.comosoft.eu%2Fes%2Fcaso-practico-luxairtours%2F&#8221; uncode_shortcode_id=&#8221;889438&#8243;]LEER M\u00c1S[\/vc_button][\/vc_column_inner][vc_column_inner column_width_percent=&#8221;100&#8243; position_vertical=&#8221;middle&#8221; gutter_size=&#8221;3&#8243; overlay_alpha=&#8221;50&#8243; shift_x=&#8221;0&#8243; shift_y=&#8221;0&#8243; z_index=&#8221;0&#8243; medium_width=&#8221;0&#8243; width=&#8221;1\/3&#8243;][vc_single_image media=&#8221;8313&#8243; media_width_percent=&#8221;100&#8243; uncode_shortcode_id=&#8221;884172&#8243;][\/vc_column_inner][\/vc_row_inner][\/vc_column][\/vc_row][vc_row row_height_percent=&#8221;0&#8243; overlay_alpha=&#8221;50&#8243; equal_height=&#8221;yes&#8221; gutter_size=&#8221;3&#8243; shift_y=&#8221;0&#8243;][vc_column column_width_percent=&#8221;100&#8243; align_horizontal=&#8221;align_center&#8221; gutter_size=&#8221;3&#8243; overlay_alpha=&#8221;50&#8243; shift_x=&#8221;0&#8243; shift_y=&#8221;0&#8243; z_index=&#8221;0&#8243; medium_width=&#8221;0&#8243; width=&#8221;1\/2&#8243; el_class=&#8221;.text-lead.text-top-reduced { margin: -50px 0px 0px 0px; margin-top: -50px; margin-right: 0px; margin-bottom: 0px; margin-left: 0px; }&#8221;][vc_icon display=&#8221;inline&#8221; icon=&#8221;fa fa-map5&#8243; icon_color=&#8221;accent&#8221; size=&#8221;fa-3x&#8221; heading_semantic=&#8221;h2&#8243; text_size=&#8221;fontsize-199810&#8243; text_height=&#8221;fontheight-129552&#8243; text_lead=&#8221;yes&#8221; text_reduced=&#8221;yes&#8221;]<\/p>\n<h2>IMPRESI\u00d3N<br \/>\n<span style=\"font-size: 85%;\">InDesign-Plugin<\/span><\/h2>\n<p><span class=\"font-762333\">El complemento de impresi\u00f3n directa en Adobe InDesign\u00ae es compatible de modo \u00f3ptimo con la producci\u00f3n basada en bases de datos de publicidad impresa.<\/span>[\/vc_icon][\/vc_column][vc_column column_width_percent=&#8221;100&#8243; align_horizontal=&#8221;align_center&#8221; gutter_size=&#8221;3&#8243; overlay_alpha=&#8221;50&#8243; shift_x=&#8221;0&#8243; shift_y=&#8221;0&#8243; z_index=&#8221;0&#8243; medium_width=&#8221;0&#8243; width=&#8221;1\/2&#8243;][vc_icon icon=&#8221;fa fa-arrow-shuffle&#8221; icon_color=&#8221;accent&#8221; size=&#8221;fa-3x&#8221; heading_semantic=&#8221;h2&#8243; text_size=&#8221;fontsize-199810&#8243; text_height=&#8221;fontheight-129552&#8243; text_lead=&#8221;yes&#8221; text_reduced=&#8221;yes&#8221;]<\/p>\n<h2>E-COMMERCE<br \/>\nInterfaz<\/h2>\n<p><span class=\"font-762333\">Transferencia de sus datos a la tienda virtual, simplemente asignando los productos a las categor\u00edas correspondientes.<\/span>[\/vc_icon][\/vc_column][\/vc_row][vc_row row_height_percent=&#8221;0&#8243; overlay_alpha=&#8221;50&#8243; equal_height=&#8221;yes&#8221; gutter_size=&#8221;3&#8243; shift_y=&#8221;0&#8243;][vc_column column_width_percent=&#8221;100&#8243; align_horizontal=&#8221;align_center&#8221; gutter_size=&#8221;3&#8243; overlay_alpha=&#8221;50&#8243; shift_x=&#8221;0&#8243; shift_y=&#8221;0&#8243; z_index=&#8221;0&#8243; medium_width=&#8221;0&#8243; width=&#8221;1\/3&#8243;][vc_icon icon=&#8221;fa fa-paper&#8221; icon_color=&#8221;accent&#8221; size=&#8221;fa-3x&#8221; heading_semantic=&#8221;h2&#8243; text_size=&#8221;fontsize-199810&#8243; text_height=&#8221;fontheight-681807&#8243; text_lead=&#8221;yes&#8221; text_reduced=&#8221;yes&#8221;]<\/p>\n<h2>E-PAPER<br \/>\nMercados<\/h2>\n<p><span class=\"font-762333\">Use tambi\u00e9n la versi\u00f3n en l\u00ednea de su cat\u00e1logo y permita a sus clientes navegar por el cat\u00e1logo en l\u00ednea en el sitio web o en la tienda web.<\/span>[\/vc_icon][\/vc_column][vc_column column_width_percent=&#8221;100&#8243; align_horizontal=&#8221;align_center&#8221; gutter_size=&#8221;3&#8243; overlay_alpha=&#8221;50&#8243; shift_x=&#8221;0&#8243; shift_y=&#8221;0&#8243; z_index=&#8221;0&#8243; medium_width=&#8221;0&#8243; width=&#8221;1\/3&#8243;][vc_icon icon=&#8221;fa fa-connectdevelop&#8221; icon_color=&#8221;accent&#8221; size=&#8221;fa-3x&#8221; heading_semantic=&#8221;h2&#8243; text_size=&#8221;fontsize-199810&#8243; text_height=&#8221;fontheight-129552&#8243; text_lead=&#8221;yes&#8221; text_reduced=&#8221;yes&#8221;]<\/p>\n<h2>LAGO DIM<br \/>\n<span style=\"font-size: 85%;\">One-to-One <\/span><span style=\"font-size: 85%;\">Connector<\/span><\/h2>\n<p><span class=\"font-762333\">Nuestro <em>plugin<\/em> LAGO DIM (Direct Individual Marketing) ofrece adem\u00e1s de un enfoque de impresi\u00f3n desde la web, la comunicaci\u00f3n one-to-one en canales impresos y en l\u00ednea.<\/span>[\/vc_icon][\/vc_column][vc_column column_width_percent=&#8221;100&#8243; align_horizontal=&#8221;align_center&#8221; gutter_size=&#8221;3&#8243; overlay_alpha=&#8221;50&#8243; shift_x=&#8221;0&#8243; shift_y=&#8221;0&#8243; z_index=&#8221;0&#8243; medium_width=&#8221;0&#8243; width=&#8221;1\/3&#8243;][vc_icon icon=&#8221;fa fa-document&#8221; icon_color=&#8221;accent&#8221; size=&#8221;fa-3x&#8221; heading_semantic=&#8221;h2&#8243; text_size=&#8221;fontsize-199810&#8243; text_height=&#8221;fontheight-129552&#8243; text_lead=&#8221;yes&#8221; text_reduced=&#8221;yes&#8221; uncode_shortcode_id=&#8221;144058&#8243; icon_color_type=&#8221;uncode-palette&#8221;]<\/p>\n<h2>E-CATALOG<br \/>\n<span style=\"font-size: 20.4px;\">Digital<\/span><\/h2>\n<p><span class=\"font-762333\">El m\u00f3dulo E-Catalog permite proporcionar datos de productos en diferentes formatos y clasificaciones est\u00e1ndar.<\/span>[\/vc_icon][\/vc_column][\/vc_row][vc_row row_height_percent=&#8221;0&#8243; overlay_alpha=&#8221;50&#8243; gutter_size=&#8221;3&#8243; shift_y=&#8221;0&#8243;][vc_column width=&#8221;1\/1&#8243;][uncode_block id=&#8221;16642&#8243;][\/vc_column][\/vc_row][vc_row row_height_percent=&#8221;0&#8243; override_padding=&#8221;yes&#8221; h_padding=&#8221;3&#8243; top_padding=&#8221;3&#8243; bottom_padding=&#8221;3&#8243; back_image=&#8221;163&#8243; parallax=&#8221;yes&#8221; overlay_color=&#8221;accent&#8221; overlay_alpha=&#8221;85&#8243; gutter_size=&#8221;0&#8243; shift_y=&#8221;0&#8243;][vc_column column_width_percent=&#8221;100&#8243; position_vertical=&#8221;middle&#8221; gutter_size=&#8221;3&#8243; style=&#8221;dark&#8221; overlay_alpha=&#8221;50&#8243; shift_x=&#8221;0&#8243; shift_y=&#8221;0&#8243; z_index=&#8221;0&#8243; medium_width=&#8221;0&#8243; width=&#8221;1\/1&#8243;][vc_column_text]<\/p>\n<h2><span class=\"font-762333\"><span class=\"font-762333, fontsize-148062\">Concierte una demostraci\u00f3n en vivo<\/span><\/span><\/h2>\n<p><strong>\u00bfSiente curiosidad? De ser as\u00ed, concierte ahora una demostraci\u00f3n en vivo de LAGO.<\/strong>[\/vc_column_text][\/vc_column][\/vc_row][vc_row row_height_percent=&#8221;0&#8243; back_image=&#8221;2751&#8243; parallax=&#8221;yes&#8221; overlay_color=&#8221;color-lxmt&#8221; overlay_alpha=&#8221;76&#8243; gutter_size=&#8221;3&#8243; shift_y=&#8221;0&#8243;][vc_column column_width_percent=&#8221;100&#8243; gutter_size=&#8221;3&#8243; style=&#8221;light&#8221; overlay_alpha=&#8221;50&#8243; shift_x=&#8221;0&#8243; shift_y=&#8221;0&#8243; z_index=&#8221;0&#8243; medium_width=&#8221;0&#8243; width=&#8221;1\/1&#8243;][vc_row_inner row_inner_height_percent=&#8221;0&#8243; overlay_alpha=&#8221;50&#8243; equal_height=&#8221;yes&#8221; gutter_size=&#8221;3&#8243; shift_y=&#8221;0&#8243;][vc_column_inner column_width_percent=&#8221;100&#8243; gutter_size=&#8221;3&#8243; style=&#8221;light&#8221; overlay_alpha=&#8221;50&#8243; shift_x=&#8221;0&#8243; shift_y=&#8221;0&#8243; z_index=&#8221;0&#8243; medium_width=&#8221;0&#8243; width=&#8221;1\/1&#8243;]\n<div class=\"wpcf7 no-js\" id=\"wpcf7-f11827-o1\" lang=\"en-US\" dir=\"ltr\" data-wpcf7-id=\"11827\">\n<div class=\"screen-reader-response\"><p role=\"status\" aria-live=\"polite\" aria-atomic=\"true\"><\/p> <ul><\/ul><\/div>\n<form action=\"\/es\/wp-json\/wp\/v2\/pages\/6394#wpcf7-f11827-o1\" method=\"post\" class=\"wpcf7-form init\" aria-label=\"Contact form\" novalidate=\"novalidate\" data-status=\"init\">\n<fieldset class=\"hidden-fields-container\"><input type=\"hidden\" name=\"_wpcf7\" value=\"11827\" \/><input type=\"hidden\" name=\"_wpcf7_version\" value=\"6.1.5\" \/><input type=\"hidden\" name=\"_wpcf7_locale\" value=\"en_US\" \/><input type=\"hidden\" name=\"_wpcf7_unit_tag\" value=\"wpcf7-f11827-o1\" \/><input type=\"hidden\" name=\"_wpcf7_container_post\" value=\"0\" \/><input type=\"hidden\" name=\"_wpcf7_posted_data_hash\" value=\"\" \/>\n<\/fieldset>\n<style>\n.style-light input[type=\"text\"],\n.style-light input[type=\"email\"],\n.style-light textarea {\n border-color: #b2b2b2;\n}\nlabel {\n font-weight: bold;\n}\n<\/style>\n<div class=\"row\">\n\t<div class=\"row-inner\">\n\t\t<div class=\"col-lg-6\">\n\t\t\t<p><label> *Nombre<br \/>\n<span class=\"wpcf7-form-control-wrap\" data-name=\"your-firstname\"><input size=\"40\" maxlength=\"400\" class=\"wpcf7-form-control wpcf7-text wpcf7-validates-as-required\" aria-required=\"true\" aria-invalid=\"false\" value=\"\" type=\"text\" name=\"your-firstname\" \/><\/span> <\/label>\n\t\t\t<\/p>\n\t\t<\/div>\n\t\t<div class=\"col-lg-6\" style=\"padding-top: 0;\">\n\t\t\t<p><label> *Apellidos<br \/>\n<span class=\"wpcf7-form-control-wrap\" data-name=\"your-name\"><input size=\"40\" maxlength=\"400\" class=\"wpcf7-form-control wpcf7-text wpcf7-validates-as-required\" aria-required=\"true\" aria-invalid=\"false\" value=\"\" type=\"text\" name=\"your-name\" \/><\/span> <\/label>\n\t\t\t<\/p>\n\t\t<\/div>\n\t<\/div>\n<\/div>\n<div class=\"row\">\n\t<div class=\"row-inner\">\n\t\t<div class=\"col-lg-6\">\n\t\t\t<p><label> *Empresa<br \/>\n<span class=\"wpcf7-form-control-wrap\" data-name=\"your-company\"><input size=\"40\" maxlength=\"400\" class=\"wpcf7-form-control wpcf7-text wpcf7-validates-as-required\" aria-required=\"true\" aria-invalid=\"false\" value=\"\" type=\"text\" name=\"your-company\" \/><\/span> <\/label>\n\t\t\t<\/p>\n\t\t<\/div>\n\t\t<div class=\"col-lg-6\" style=\"padding-top: 0;\">\n\t\t\t<p><label> *Email<br \/>\n<span class=\"wpcf7-form-control-wrap\" data-name=\"your-email\"><input size=\"40\" maxlength=\"400\" class=\"wpcf7-form-control wpcf7-email wpcf7-validates-as-required wpcf7-text wpcf7-validates-as-email\" aria-required=\"true\" aria-invalid=\"false\" value=\"\" type=\"email\" name=\"your-email\" \/><\/span> <\/label>\n\t\t\t<\/p>\n\t\t<\/div>\n\t<\/div>\n<\/div>\n<div class=\"row\">\n\t<div class=\"row-inner\">\n\t\t<div class=\"col-lg-12\">\n\t\t\t<p><label> Mensaje<br \/>\n<span class=\"wpcf7-form-control-wrap\" data-name=\"your-message\"><textarea cols=\"40\" rows=\"10\" maxlength=\"2000\" class=\"wpcf7-form-control wpcf7-textarea\" aria-invalid=\"false\" name=\"your-message\"><\/textarea><\/span> <\/label><br \/>\n<span id=\"wpcf7-69de1ce9ec1b1-wrapper\" class=\"wpcf7-form-control-wrap website-162-wrap\" ><label for=\"wpcf7-69de1ce9ec1b1-field\" class=\"hp-message\">Please leave this field empty.<\/label><input id=\"wpcf7-69de1ce9ec1b1-field\"  class=\"wpcf7-form-control wpcf7-text\" type=\"text\" name=\"website-162\" value=\"\" size=\"40\" tabindex=\"-1\" autocomplete=\"new-password\" \/><\/span><br \/>\n<span id=\"wpcf7-69de1ce9ec24d-wrapper\" class=\"wpcf7-form-control-wrap email-162-wrap\" ><label for=\"wpcf7-69de1ce9ec24d-field\" class=\"hp-message\">Please leave this field empty.<\/label><input id=\"wpcf7-69de1ce9ec24d-field\"  class=\"wpcf7-form-control wpcf7-text\" type=\"text\" name=\"email-162\" value=\"\" size=\"40\" tabindex=\"-1\" autocomplete=\"new-password\" \/><\/span>\n\t\t\t<\/p>\n\t\t\t<div>\n\t\t\t\t<p>* Obligatorio\n\t\t\t\t<\/p>\n\t\t\t<\/div>\n\t\t\t<div>\n\t\t\t\t<p>Sus datos del formulario de contacto ser\u00e1n recogidos y procesados para responder a su consulta. Encontrar\u00e1 informaci\u00f3n detallada sobre el tratamiento de los datos de los usuarios en nuestro\u00a0<a href=\"https:\/\/www.comosoft.eu\/es\/aviso-legal\/\">aviso legal<\/a>.\n\t\t\t\t<\/p>\n\t\t\t<\/div>\n\t\t<\/div>\n\t<\/div>\n<\/div>\n<div class=\"row\">\n\t<div class=\"row-inner\">\n\t\t<div class=\"col-lg-12\">\n\t\t\t<p><input class=\"wpcf7-form-control wpcf7-submit has-spinner btn btn-accent\" type=\"submit\" value=\"Enviar\" \/>\n\t\t\t<\/p>\n\t\t<\/div>\n\t<\/div>\n<\/div>\n<p><script>\ndocument.addEventListener( 'wpcf7mailsent', function(e) {\n\tif ( '11827' == event.detail.contactFormId ) {\n gtag('event', 'submit', {\n 'event_category': 'Kontakt',\n 'event_label': 'Kontakt ES'\n })};\n}, false );\n<\/script>\n<\/p><div class=\"wpcf7-response-output\" aria-hidden=\"true\"><\/div>\n<\/form>\n<\/div>\n[\/vc_column_inner][\/vc_row_inner][\/vc_column][\/vc_row]<\/p>\n<\/div>","protected":false},"excerpt":{"rendered":"<p>[vc_row][vc_column width=&#8221;1\/1&#8243;][vc_column_text text_lead=&#8221;yes&#8221; uncode_shortcode_id=&#8221;119083&#8243;] LAGO optimiza sus actividades de comercio electr\u00f3nico Con LAGO en la retaguardia de sus canales, usted [&hellip;]<\/p>\n","protected":false},"author":103,"featured_media":14357,"parent":6389,"menu_order":0,"comment_status":"closed","ping_status":"closed","template":"","meta":{"footnotes":""},"class_list":["post-6394","page","type-page","status-publish","has-post-thumbnail","hentry"],"yoast_head":"<!-- This site is optimized with the Yoast SEO plugin v27.3 - https:\/\/yoast.com\/product\/yoast-seo-wordpress\/ -->\n<title>B2B MAYORISTAS \/ Comosoft<\/title>\n<meta name=\"description\" content=\"B2B MAYORISTAS: LAGO optimiza sus actividades de comercio electr\u00f3nico Con LAGO en la retaguardia de sus canales, usted siempre tiene el contenido correcto en el lugar\" \/>\n<meta name=\"robots\" content=\"index, follow, max-snippet:-1, max-image-preview:large, max-video-preview:-1\" \/>\n<link rel=\"canonical\" href=\"https:\/\/www.comosoft.eu\/es\/sectores\/b2b-mayoristas\/\" \/>\n<meta property=\"og:locale\" content=\"es_ES\" \/>\n<meta property=\"og:type\" content=\"article\" \/>\n<meta property=\"og:title\" content=\"B2B MAYORISTAS \/ Comosoft\" \/>\n<meta property=\"og:description\" content=\"B2B MAYORISTAS: LAGO optimiza sus actividades de comercio electr\u00f3nico Con LAGO en la retaguardia de sus canales, usted siempre tiene el contenido correcto en el lugar\" \/>\n<meta property=\"og:url\" content=\"https:\/\/www.comosoft.eu\/es\/sectores\/b2b-mayoristas\/\" \/>\n<meta property=\"og:site_name\" content=\"Comosoft\" \/>\n<meta property=\"article:modified_time\" content=\"2025-11-12T11:42:23+00:00\" \/>\n<meta property=\"og:image\" content=\"https:\/\/www.comosoft.eu\/wp-content\/uploads\/2020\/01\/B2B_Comosoft_header.jpg\" \/>\n\t<meta property=\"og:image:width\" content=\"1920\" \/>\n\t<meta property=\"og:image:height\" content=\"500\" \/>\n\t<meta property=\"og:image:type\" content=\"image\/jpeg\" \/>\n<meta name=\"twitter:card\" content=\"summary_large_image\" \/>\n<!-- \/ Yoast SEO plugin. -->","yoast_head_json":{"title":"B2B MAYORISTAS \/ Comosoft","description":"B2B MAYORISTAS: LAGO optimiza sus actividades de comercio electr\u00f3nico Con LAGO en la retaguardia de sus canales, usted siempre tiene el contenido correcto en el lugar","robots":{"index":"index","follow":"follow","max-snippet":"max-snippet:-1","max-image-preview":"max-image-preview:large","max-video-preview":"max-video-preview:-1"},"canonical":"https:\/\/www.comosoft.eu\/es\/sectores\/b2b-mayoristas\/","og_locale":"es_ES","og_type":"article","og_title":"B2B MAYORISTAS \/ Comosoft","og_description":"B2B MAYORISTAS: LAGO optimiza sus actividades de comercio electr\u00f3nico Con LAGO en la retaguardia de sus canales, usted siempre tiene el contenido correcto en el lugar","og_url":"https:\/\/www.comosoft.eu\/es\/sectores\/b2b-mayoristas\/","og_site_name":"Comosoft","article_modified_time":"2025-11-12T11:42:23+00:00","og_image":[{"width":1920,"height":500,"url":"https:\/\/www.comosoft.eu\/wp-content\/uploads\/2020\/01\/B2B_Comosoft_header.jpg","type":"image\/jpeg"}],"twitter_card":"summary_large_image","schema":{"@context":"https:\/\/schema.org","@graph":[{"@type":"WebPage","@id":"https:\/\/www.comosoft.eu\/es\/sectores\/b2b-mayoristas\/","url":"https:\/\/www.comosoft.eu\/es\/sectores\/b2b-mayoristas\/","name":"B2B MAYORISTAS \/ Comosoft","isPartOf":{"@id":"https:\/\/www.comosoft.eu\/es\/#website"},"primaryImageOfPage":{"@id":"https:\/\/www.comosoft.eu\/es\/sectores\/b2b-mayoristas\/#primaryimage"},"image":{"@id":"https:\/\/www.comosoft.eu\/es\/sectores\/b2b-mayoristas\/#primaryimage"},"thumbnailUrl":"https:\/\/www.comosoft.eu\/wp-content\/uploads\/2020\/01\/B2B_Comosoft_header.jpg","datePublished":"2019-03-14T13:54:01+00:00","dateModified":"2025-11-12T11:42:23+00:00","description":"B2B MAYORISTAS: LAGO optimiza sus actividades de comercio electr\u00f3nico Con LAGO en la retaguardia de sus canales, usted siempre tiene el contenido correcto en el lugar","breadcrumb":{"@id":"https:\/\/www.comosoft.eu\/es\/sectores\/b2b-mayoristas\/#breadcrumb"},"inLanguage":"es","potentialAction":[{"@type":"ReadAction","target":["https:\/\/www.comosoft.eu\/es\/sectores\/b2b-mayoristas\/"]}]},{"@type":"ImageObject","inLanguage":"es","@id":"https:\/\/www.comosoft.eu\/es\/sectores\/b2b-mayoristas\/#primaryimage","url":"https:\/\/www.comosoft.eu\/wp-content\/uploads\/2020\/01\/B2B_Comosoft_header.jpg","contentUrl":"https:\/\/www.comosoft.eu\/wp-content\/uploads\/2020\/01\/B2B_Comosoft_header.jpg","width":1920,"height":500,"caption":"Publicidad a alta escala"},{"@type":"BreadcrumbList","@id":"https:\/\/www.comosoft.eu\/es\/sectores\/b2b-mayoristas\/#breadcrumb","itemListElement":[{"@type":"ListItem","position":1,"name":"Home","item":"https:\/\/www.comosoft.eu\/es\/"},{"@type":"ListItem","position":2,"name":"SECTORES","item":"https:\/\/www.comosoft.eu\/es\/sectores\/"},{"@type":"ListItem","position":3,"name":"B2B MAYORISTAS"}]},{"@type":"WebSite","@id":"https:\/\/www.comosoft.eu\/es\/#website","url":"https:\/\/www.comosoft.eu\/es\/","name":"Comosoft","description":"Multichannel Solutions","publisher":{"@id":"https:\/\/www.comosoft.eu\/es\/#organization"},"potentialAction":[{"@type":"SearchAction","target":{"@type":"EntryPoint","urlTemplate":"https:\/\/www.comosoft.eu\/es\/?s={search_term_string}"},"query-input":{"@type":"PropertyValueSpecification","valueRequired":true,"valueName":"search_term_string"}}],"inLanguage":"es"},{"@type":"Organization","@id":"https:\/\/www.comosoft.eu\/es\/#organization","name":"Comosoft GmbH","alternateName":"Multichannel Solutions","url":"https:\/\/www.comosoft.eu\/es\/","logo":{"@type":"ImageObject","inLanguage":"es","@id":"https:\/\/www.comosoft.eu\/es\/#\/schema\/logo\/image\/","url":"https:\/\/www.comosoft.eu\/wp-content\/uploads\/2021\/01\/Comosoft-Logo463.png","contentUrl":"https:\/\/www.comosoft.eu\/wp-content\/uploads\/2021\/01\/Comosoft-Logo463.png","width":1654,"height":337,"caption":"Comosoft GmbH"},"image":{"@id":"https:\/\/www.comosoft.eu\/es\/#\/schema\/logo\/image\/"},"sameAs":["https:\/\/de.linkedin.com\/company\/comosoft?original_referer=httpswww.google.com"]}]}},"_links":{"self":[{"href":"https:\/\/www.comosoft.eu\/es\/wp-json\/wp\/v2\/pages\/6394","targetHints":{"allow":["GET"]}}],"collection":[{"href":"https:\/\/www.comosoft.eu\/es\/wp-json\/wp\/v2\/pages"}],"about":[{"href":"https:\/\/www.comosoft.eu\/es\/wp-json\/wp\/v2\/types\/page"}],"author":[{"embeddable":true,"href":"https:\/\/www.comosoft.eu\/es\/wp-json\/wp\/v2\/users\/103"}],"replies":[{"embeddable":true,"href":"https:\/\/www.comosoft.eu\/es\/wp-json\/wp\/v2\/comments?post=6394"}],"version-history":[{"count":16,"href":"https:\/\/www.comosoft.eu\/es\/wp-json\/wp\/v2\/pages\/6394\/revisions"}],"predecessor-version":[{"id":50049,"href":"https:\/\/www.comosoft.eu\/es\/wp-json\/wp\/v2\/pages\/6394\/revisions\/50049"}],"up":[{"embeddable":true,"href":"https:\/\/www.comosoft.eu\/es\/wp-json\/wp\/v2\/pages\/6389"}],"wp:featuredmedia":[{"embeddable":true,"href":"https:\/\/www.comosoft.eu\/es\/wp-json\/wp\/v2\/media\/14357"}],"wp:attachment":[{"href":"https:\/\/www.comosoft.eu\/es\/wp-json\/wp\/v2\/media?parent=6394"}],"curies":[{"name":"wp","href":"https:\/\/api.w.org\/{rel}","templated":true}]}}