{"id":18320,"date":"2021-10-12T11:40:04","date_gmt":"2021-10-12T09:40:04","guid":{"rendered":"https:\/\/www.comosoft.eu\/sectores\/diy-bricolage-2\/"},"modified":"2025-11-12T12:57:54","modified_gmt":"2025-11-12T11:57:54","slug":"diy-bricolaje","status":"publish","type":"page","link":"https:\/\/www.comosoft.eu\/es\/sectores\/diy-bricolaje\/","title":{"rendered":"DIY &#038; BRICOLAJE"},"content":{"rendered":"<div class=\"wpb-content-wrapper\"><p>[vc_row][vc_column width=&#8221;1\/1&#8243;][vc_column_text text_lead=&#8221;yes&#8221; uncode_shortcode_id=&#8221;188399&#8243;]<\/p>\n<h2>La industria de las mejoras para el hogar tambi\u00e9n depende de LAGO<\/h2>\n<p>Con <a href=\"https:\/\/www.comosoft.eu\/es\/multichannel-software-lago\/\">LAGO<\/a>, los fabricantes y distribuidores gestionan sus <strong>datos de productos pluriling\u00fces desde un solo sistema<\/strong>, y por lo tanto pueden utilizarlos f\u00e1cilmente para la <a href=\"https:\/\/www.comosoft.eu\/es\/software-y-soluciones\/automatizacion-del-marketing\/\">comunicaci\u00f3n de marketing<\/a> en m\u00faltiples canales de venta.<br \/>\nCon nuestro <a href=\"https:\/\/www.comosoft.eu\/es\/adobe-indesign-lago-layout\/\">plugin de Adobe InDesign<\/a>, puede lograr un <strong>alto<\/strong>\u00a0<strong>grado de automatizaci\u00f3n\u00a0<\/strong>en la producci\u00f3n de su <strong>cat\u00e1logo<\/strong> o de sus <strong>folletos semanales<\/strong>. Al final, el flujo de trabajo de producci\u00f3n se corona con la <strong>generaci\u00f3n autom\u00e1tica de PDF<\/strong>, listo para ser impreso si es necesario, incluso para un cat\u00e1logo de m\u00e1s de 1.000 p\u00e1ginas.[\/vc_column_text][vc_row_inner][vc_column_inner width=&#8221;1\/2&#8243;][vc_single_image media=&#8221;44541&#8243; media_width_percent=&#8221;100&#8243; uncode_shortcode_id=&#8221;413863&#8243;][\/vc_column_inner][vc_column_inner width=&#8221;1\/2&#8243;][vc_column_text text_lead=&#8221;yes&#8221; uncode_shortcode_id=&#8221;144141&#8243;]<\/p>\n<div>\n<p>Con las <strong>interfaces<\/strong> adecuadas para su <strong>sistema ERP o PIM<\/strong>, el <a href=\"https:\/\/www.comosoft.eu\/es\/adobe-indesign-lago-layout\/\">plugin de InDesign<\/a> hace uso de cualquier dato que se publique en su cat\u00e1logo.<br \/>\n<strong>Automatice<\/strong> su <strong>producci\u00f3n de cat\u00e1logos<\/strong> y haga una cita de demostraci\u00f3n hoy mismo! Estaremos encantados de asesorarle en la gesti\u00f3n multicanal para encontrar la mejor soluci\u00f3n posible para sus procesos. Nuestros consultores de la industria est\u00e1n siempre disponibles para responder a sus preguntas.<\/p>\n<\/div>\n<p>[\/vc_column_text][\/vc_column_inner][\/vc_row_inner][\/vc_column][\/vc_row][vc_row row_height_percent=&#8221;0&#8243; back_color=&#8221;color-lxmt&#8221; overlay_alpha=&#8221;50&#8243; gutter_size=&#8221;3&#8243; column_width_percent=&#8221;100&#8243; shift_y=&#8221;0&#8243; z_index=&#8221;0&#8243; uncode_shortcode_id=&#8221;313521&#8243; back_color_type=&#8221;uncode-palette&#8221;][vc_column column_width_percent=&#8221;100&#8243; position_vertical=&#8221;middle&#8221; gutter_size=&#8221;3&#8243; overlay_alpha=&#8221;50&#8243; shift_x=&#8221;0&#8243; shift_y=&#8221;0&#8243; shift_y_down=&#8221;0&#8243; z_index=&#8221;0&#8243; medium_width=&#8221;0&#8243; mobile_width=&#8221;0&#8243; width=&#8221;1\/2&#8243; uncode_shortcode_id=&#8221;209890&#8243;][vc_custom_heading uncode_shortcode_id=&#8221;183264&#8243;]<\/p>\n<h1>M\u00e1s informaci\u00f3n sobre nuestro plugin directo para Adobe InDesign en LAGO<\/h1>\n<p>[\/vc_custom_heading][vc_button button_color=&#8221;accent&#8221; border_width=&#8221;0&#8243; button_color_type=&#8221;uncode-palette&#8221; uncode_shortcode_id=&#8221;972606&#8243; link=&#8221;url:https%3A%2F%2Fwww.comosoft.eu%2Fes%2Fadobe-indesign-lago-layout%2F|title:Adobe%20InDesign%20%2B%20LAGO%20Layout|target:_blank&#8221;]Adobe InDesign Plugin[\/vc_button][\/vc_column][vc_column column_width_percent=&#8221;100&#8243; position_vertical=&#8221;middle&#8221; gutter_size=&#8221;3&#8243; overlay_alpha=&#8221;50&#8243; shift_x=&#8221;0&#8243; shift_y=&#8221;0&#8243; shift_y_down=&#8221;0&#8243; z_index=&#8221;0&#8243; medium_width=&#8221;0&#8243; mobile_width=&#8221;0&#8243; width=&#8221;1\/2&#8243; uncode_shortcode_id=&#8221;166875&#8243;][vc_column_text uncode_shortcode_id=&#8221;122983&#8243;]Con nuestro exclusivo\u00a0<strong>plugin de\u00a0<a href=\"https:\/\/www.adobe.com\/products\/indesign.html\">InDesign<\/a><\/strong>, Comosoft LAGO permite la visibilidad de los activos (DAM) y los datos (PIM), as\u00ed como los m\u00f3dulos de proofing y workflow, todo ello sin salir de InDesign. Las plantillas avanzadas y l\u00f3gicas de LAGO tambi\u00e9n ayudan a automatizar la creaci\u00f3n de p\u00e1ginas y a garantizar la coherencia de la marca. LAGO ayuda al personal de dise\u00f1o y producci\u00f3n a centrarse en el dise\u00f1o y la producci\u00f3n, en lugar de en la b\u00fasqueda y recopilaci\u00f3n de activos y datos.[\/vc_column_text][\/vc_column][\/vc_row][vc_row][vc_column width=&#8221;1\/1&#8243;][uncode_block id=&#8221;16642&#8243;][\/vc_column][\/vc_row][vc_row row_height_percent=&#8221;0&#8243; overlay_alpha=&#8221;50&#8243; equal_height=&#8221;yes&#8221; gutter_size=&#8221;3&#8243; shift_y=&#8221;0&#8243;][vc_column column_width_percent=&#8221;100&#8243; align_horizontal=&#8221;align_center&#8221; gutter_size=&#8221;3&#8243; overlay_alpha=&#8221;50&#8243; shift_x=&#8221;0&#8243; shift_y=&#8221;0&#8243; z_index=&#8221;0&#8243; medium_width=&#8221;0&#8243; width=&#8221;1\/2&#8243; el_class=&#8221;.text-lead.text-top-reduced { margin: -50px 0px 0px 0px; margin-top: -50px; margin-right: 0px; margin-bottom: 0px; margin-left: 0px; }&#8221;][vc_icon display=&#8221;inline&#8221; icon=&#8221;fa fa-map5&#8243; icon_color=&#8221;accent&#8221; size=&#8221;fa-3x&#8221; heading_semantic=&#8221;h2&#8243; text_size=&#8221;fontsize-199810&#8243; text_height=&#8221;fontheight-129552&#8243; text_lead=&#8221;yes&#8221; text_reduced=&#8221;yes&#8221;]<\/p>\n<h2>IMPRESI\u00d3N<br \/>\n<span style=\"font-size: 85%;\">InDesign-Plugin<\/span><\/h2>\n<p><span class=\"font-762333\">El complemento de impresi\u00f3n directa en Adobe InDesign\u00ae es compatible de modo \u00f3ptimo con la producci\u00f3n basada en bases de datos de publicidad impresa.<\/span>[\/vc_icon][\/vc_column][vc_column column_width_percent=&#8221;100&#8243; align_horizontal=&#8221;align_center&#8221; gutter_size=&#8221;3&#8243; overlay_alpha=&#8221;50&#8243; shift_x=&#8221;0&#8243; shift_y=&#8221;0&#8243; z_index=&#8221;0&#8243; medium_width=&#8221;0&#8243; width=&#8221;1\/2&#8243;][vc_icon icon=&#8221;fa fa-arrow-shuffle&#8221; icon_color=&#8221;accent&#8221; size=&#8221;fa-3x&#8221; heading_semantic=&#8221;h2&#8243; text_size=&#8221;fontsize-199810&#8243; text_height=&#8221;fontheight-129552&#8243; text_lead=&#8221;yes&#8221; text_reduced=&#8221;yes&#8221;]<\/p>\n<h2>E-COMMERCE<br \/>\nInterfaz<\/h2>\n<p><span class=\"font-762333\">Transferencia de sus datos a la tienda virtual, simplemente asignando los productos a las categor\u00edas correspondientes.<\/span>[\/vc_icon][\/vc_column][\/vc_row][vc_row row_height_percent=&#8221;0&#8243; overlay_alpha=&#8221;50&#8243; equal_height=&#8221;yes&#8221; gutter_size=&#8221;3&#8243; shift_y=&#8221;0&#8243;][vc_column column_width_percent=&#8221;100&#8243; align_horizontal=&#8221;align_center&#8221; gutter_size=&#8221;3&#8243; overlay_alpha=&#8221;50&#8243; shift_x=&#8221;0&#8243; shift_y=&#8221;0&#8243; z_index=&#8221;0&#8243; medium_width=&#8221;0&#8243; width=&#8221;1\/3&#8243;][vc_icon icon=&#8221;fa fa-store&#8221; icon_color=&#8221;accent&#8221; size=&#8221;fa-3x&#8221; heading_semantic=&#8221;h2&#8243; text_size=&#8221;fontsize-199810&#8243; text_height=&#8221;fontheight-681807&#8243; text_lead=&#8221;yes&#8221; text_reduced=&#8221;yes&#8221;]<\/p>\n<h2>E-PAPER<br \/>\nMercados<\/h2>\n<p><span class=\"font-762333\">Use tambi\u00e9n la versi\u00f3n en l\u00ednea de su cat\u00e1logo y permita a sus clientes navegar por el cat\u00e1logo en l\u00ednea en el sitio web o en la tienda web.<\/span>[\/vc_icon][\/vc_column][vc_column column_width_percent=&#8221;100&#8243; align_horizontal=&#8221;align_center&#8221; gutter_size=&#8221;3&#8243; overlay_alpha=&#8221;50&#8243; shift_x=&#8221;0&#8243; shift_y=&#8221;0&#8243; z_index=&#8221;0&#8243; medium_width=&#8221;0&#8243; width=&#8221;1\/3&#8243;][vc_icon icon=&#8221;fa fa-connectdevelop&#8221; icon_color=&#8221;accent&#8221; size=&#8221;fa-3x&#8221; heading_semantic=&#8221;h2&#8243; text_size=&#8221;fontsize-199810&#8243; text_height=&#8221;fontheight-129552&#8243; text_lead=&#8221;yes&#8221; text_reduced=&#8221;yes&#8221;]<\/p>\n<h2>LAGO DIM<br \/>\n<span style=\"font-size: 85%;\">One-to-One <\/span><span style=\"font-size: 85%;\">Connector<\/span><\/h2>\n<p><span class=\"font-762333\">Nuestro <em>plugin<\/em> LAGO DIM (Direct Individual Marketing) ofrece adem\u00e1s de un enfoque de impresi\u00f3n desde la web, la comunicaci\u00f3n one-to-one en canales impresos y en l\u00ednea.<\/span>[\/vc_icon][\/vc_column][vc_column column_width_percent=&#8221;100&#8243; align_horizontal=&#8221;align_center&#8221; gutter_size=&#8221;3&#8243; overlay_alpha=&#8221;50&#8243; shift_x=&#8221;0&#8243; shift_y=&#8221;0&#8243; z_index=&#8221;0&#8243; medium_width=&#8221;0&#8243; width=&#8221;1\/3&#8243;][vc_icon icon=&#8221;fa fa-document&#8221; icon_color=&#8221;accent&#8221; size=&#8221;fa-3x&#8221; heading_semantic=&#8221;h2&#8243; text_size=&#8221;fontsize-199810&#8243; text_height=&#8221;fontheight-129552&#8243; text_lead=&#8221;yes&#8221; text_reduced=&#8221;yes&#8221; uncode_shortcode_id=&#8221;155936&#8243; icon_color_type=&#8221;uncode-palette&#8221;]<\/p>\n<h2>E-CATALOG<br \/>\n<span style=\"font-size: 20.4px;\">Digital<\/span><\/h2>\n<p><span class=\"font-762333\">El m\u00f3dulo E-Catalog permite proporcionar datos de productos en diferentes formatos y clasificaciones est\u00e1ndar.<\/span>[\/vc_icon][\/vc_column][\/vc_row][vc_row row_height_percent=&#8221;0&#8243; overlay_alpha=&#8221;50&#8243; gutter_size=&#8221;3&#8243; shift_y=&#8221;0&#8243;][vc_column width=&#8221;1\/1&#8243;][vc_row_inner][vc_column_inner width=&#8221;1\/1&#8243;][vc_gallery el_id=&#8221;gallery-103784&#8243; type=&#8221;carousel&#8221; medias=&#8221;8907,8913,7671,14472,8916,8910&#8243; carousel_lg=&#8221;4&#8243; carousel_md=&#8221;4&#8243; carousel_sm=&#8221;1&#8243; gutter_size=&#8221;0&#8243; media_items=&#8221;media|nolink|original&#8221; carousel_v_align=&#8221;middle&#8221; carousel_interval=&#8221;3000&#8243; carousel_navspeed=&#8221;400&#8243; carousel_loop=&#8221;yes&#8221; stage_padding=&#8221;0&#8243; single_overlay_opacity=&#8221;50&#8243; single_padding=&#8221;2&#8243; single_border=&#8221;yes&#8221; items=&#8221;eyIzMzA3X2kiOnsic2luZ2xlX2ljb24iOiIifSwiMTQ4MV9pIjp7InNpbmdsZV9pY29uIjoiIiwic2luZ2xlX2xpbmsiOiJ1cmw6aHR0cHMlM0ElMkYlMkZ3d3cucG9zY2guY29tJTJGfHx0YXJnZXQ6JTIwX2JsYW5rfCIsInNpbmdsZV9iYWNrX2NvbG9yIjoiIn19&#8243; uncode_shortcode_id=&#8221;798744&#8243;][\/vc_column_inner][\/vc_row_inner][\/vc_column][\/vc_row][vc_row row_height_percent=&#8221;0&#8243; override_padding=&#8221;yes&#8221; h_padding=&#8221;3&#8243; top_padding=&#8221;3&#8243; bottom_padding=&#8221;3&#8243; back_image=&#8221;163&#8243; parallax=&#8221;yes&#8221; overlay_color=&#8221;accent&#8221; overlay_alpha=&#8221;85&#8243; gutter_size=&#8221;0&#8243; shift_y=&#8221;0&#8243;][vc_column column_width_percent=&#8221;100&#8243; position_vertical=&#8221;middle&#8221; gutter_size=&#8221;3&#8243; style=&#8221;dark&#8221; overlay_alpha=&#8221;50&#8243; shift_x=&#8221;0&#8243; shift_y=&#8221;0&#8243; z_index=&#8221;0&#8243; medium_width=&#8221;0&#8243; width=&#8221;1\/1&#8243;][vc_column_text]<\/p>\n<h2><span class=\"font-762333\"><span class=\"font-762333, fontsize-148062\">Concierte una demostraci\u00f3n en vivo<\/span><\/span><\/h2>\n<p><strong>\u00bfSiente curiosidad? De ser as\u00ed, concierte ahora una demostraci\u00f3n en vivo de LAGO.<\/strong>[\/vc_column_text][\/vc_column][\/vc_row][vc_row row_height_percent=&#8221;0&#8243; back_image=&#8221;2751&#8243; parallax=&#8221;yes&#8221; overlay_color=&#8221;color-lxmt&#8221; overlay_alpha=&#8221;76&#8243; gutter_size=&#8221;3&#8243; shift_y=&#8221;0&#8243;][vc_column column_width_percent=&#8221;100&#8243; gutter_size=&#8221;3&#8243; style=&#8221;light&#8221; overlay_alpha=&#8221;50&#8243; shift_x=&#8221;0&#8243; shift_y=&#8221;0&#8243; z_index=&#8221;0&#8243; medium_width=&#8221;0&#8243; width=&#8221;1\/1&#8243;][vc_row_inner row_inner_height_percent=&#8221;0&#8243; overlay_alpha=&#8221;50&#8243; equal_height=&#8221;yes&#8221; gutter_size=&#8221;3&#8243; shift_y=&#8221;0&#8243;][vc_column_inner column_width_percent=&#8221;100&#8243; gutter_size=&#8221;3&#8243; style=&#8221;light&#8221; overlay_alpha=&#8221;50&#8243; shift_x=&#8221;0&#8243; shift_y=&#8221;0&#8243; z_index=&#8221;0&#8243; medium_width=&#8221;0&#8243; width=&#8221;1\/1&#8243;]\n<div class=\"wpcf7 no-js\" id=\"wpcf7-f11827-o1\" lang=\"en-US\" dir=\"ltr\" data-wpcf7-id=\"11827\">\n<div class=\"screen-reader-response\"><p role=\"status\" aria-live=\"polite\" aria-atomic=\"true\"><\/p> <ul><\/ul><\/div>\n<form action=\"\/es\/wp-json\/wp\/v2\/pages\/18320#wpcf7-f11827-o1\" method=\"post\" class=\"wpcf7-form init\" aria-label=\"Contact form\" novalidate=\"novalidate\" data-status=\"init\">\n<fieldset class=\"hidden-fields-container\"><input type=\"hidden\" name=\"_wpcf7\" value=\"11827\" \/><input type=\"hidden\" name=\"_wpcf7_version\" value=\"6.1.5\" \/><input type=\"hidden\" name=\"_wpcf7_locale\" value=\"en_US\" \/><input type=\"hidden\" name=\"_wpcf7_unit_tag\" value=\"wpcf7-f11827-o1\" \/><input type=\"hidden\" name=\"_wpcf7_container_post\" value=\"0\" \/><input type=\"hidden\" name=\"_wpcf7_posted_data_hash\" value=\"\" \/>\n<\/fieldset>\n<style>\n.style-light input[type=\"text\"],\n.style-light input[type=\"email\"],\n.style-light textarea {\n border-color: #b2b2b2;\n}\nlabel {\n font-weight: bold;\n}\n<\/style>\n<div class=\"row\">\n\t<div class=\"row-inner\">\n\t\t<div class=\"col-lg-6\">\n\t\t\t<p><label> *Nombre<br \/>\n<span class=\"wpcf7-form-control-wrap\" data-name=\"your-firstname\"><input size=\"40\" maxlength=\"400\" class=\"wpcf7-form-control wpcf7-text wpcf7-validates-as-required\" aria-required=\"true\" aria-invalid=\"false\" value=\"\" type=\"text\" name=\"your-firstname\" \/><\/span> <\/label>\n\t\t\t<\/p>\n\t\t<\/div>\n\t\t<div class=\"col-lg-6\" style=\"padding-top: 0;\">\n\t\t\t<p><label> *Apellidos<br \/>\n<span class=\"wpcf7-form-control-wrap\" data-name=\"your-name\"><input size=\"40\" maxlength=\"400\" class=\"wpcf7-form-control wpcf7-text wpcf7-validates-as-required\" aria-required=\"true\" aria-invalid=\"false\" value=\"\" type=\"text\" name=\"your-name\" \/><\/span> <\/label>\n\t\t\t<\/p>\n\t\t<\/div>\n\t<\/div>\n<\/div>\n<div class=\"row\">\n\t<div class=\"row-inner\">\n\t\t<div class=\"col-lg-6\">\n\t\t\t<p><label> *Empresa<br \/>\n<span class=\"wpcf7-form-control-wrap\" data-name=\"your-company\"><input size=\"40\" maxlength=\"400\" class=\"wpcf7-form-control wpcf7-text wpcf7-validates-as-required\" aria-required=\"true\" aria-invalid=\"false\" value=\"\" type=\"text\" name=\"your-company\" \/><\/span> <\/label>\n\t\t\t<\/p>\n\t\t<\/div>\n\t\t<div class=\"col-lg-6\" style=\"padding-top: 0;\">\n\t\t\t<p><label> *Email<br \/>\n<span class=\"wpcf7-form-control-wrap\" data-name=\"your-email\"><input size=\"40\" maxlength=\"400\" class=\"wpcf7-form-control wpcf7-email wpcf7-validates-as-required wpcf7-text wpcf7-validates-as-email\" aria-required=\"true\" aria-invalid=\"false\" value=\"\" type=\"email\" name=\"your-email\" \/><\/span> <\/label>\n\t\t\t<\/p>\n\t\t<\/div>\n\t<\/div>\n<\/div>\n<div class=\"row\">\n\t<div class=\"row-inner\">\n\t\t<div class=\"col-lg-12\">\n\t\t\t<p><label> Mensaje<br \/>\n<span class=\"wpcf7-form-control-wrap\" data-name=\"your-message\"><textarea cols=\"40\" rows=\"10\" maxlength=\"2000\" class=\"wpcf7-form-control wpcf7-textarea\" aria-invalid=\"false\" name=\"your-message\"><\/textarea><\/span> <\/label><br \/>\n<span id=\"wpcf7-69de1cef8310d-wrapper\" class=\"wpcf7-form-control-wrap website-162-wrap\" ><label for=\"wpcf7-69de1cef8310d-field\" class=\"hp-message\">Please leave this field empty.<\/label><input id=\"wpcf7-69de1cef8310d-field\"  class=\"wpcf7-form-control wpcf7-text\" type=\"text\" name=\"website-162\" value=\"\" size=\"40\" tabindex=\"-1\" autocomplete=\"new-password\" \/><\/span><br \/>\n<span id=\"wpcf7-69de1cef8318e-wrapper\" class=\"wpcf7-form-control-wrap email-162-wrap\" ><label for=\"wpcf7-69de1cef8318e-field\" class=\"hp-message\">Please leave this field empty.<\/label><input id=\"wpcf7-69de1cef8318e-field\"  class=\"wpcf7-form-control wpcf7-text\" type=\"text\" name=\"email-162\" value=\"\" size=\"40\" tabindex=\"-1\" autocomplete=\"new-password\" \/><\/span>\n\t\t\t<\/p>\n\t\t\t<div>\n\t\t\t\t<p>* Obligatorio\n\t\t\t\t<\/p>\n\t\t\t<\/div>\n\t\t\t<div>\n\t\t\t\t<p>Sus datos del formulario de contacto ser\u00e1n recogidos y procesados para responder a su consulta. Encontrar\u00e1 informaci\u00f3n detallada sobre el tratamiento de los datos de los usuarios en nuestro\u00a0<a href=\"https:\/\/www.comosoft.eu\/es\/aviso-legal\/\">aviso legal<\/a>.\n\t\t\t\t<\/p>\n\t\t\t<\/div>\n\t\t<\/div>\n\t<\/div>\n<\/div>\n<div class=\"row\">\n\t<div class=\"row-inner\">\n\t\t<div class=\"col-lg-12\">\n\t\t\t<p><input class=\"wpcf7-form-control wpcf7-submit has-spinner btn btn-accent\" type=\"submit\" value=\"Enviar\" \/>\n\t\t\t<\/p>\n\t\t<\/div>\n\t<\/div>\n<\/div>\n<p><script>\ndocument.addEventListener( 'wpcf7mailsent', function(e) {\n\tif ( '11827' == event.detail.contactFormId ) {\n gtag('event', 'submit', {\n 'event_category': 'Kontakt',\n 'event_label': 'Kontakt ES'\n })};\n}, false );\n<\/script>\n<\/p><div class=\"wpcf7-response-output\" aria-hidden=\"true\"><\/div>\n<\/form>\n<\/div>\n[\/vc_column_inner][\/vc_row_inner][\/vc_column][\/vc_row][vc_row][vc_column width=&#8221;1\/1&#8243;][vc_custom_heading uncode_shortcode_id=&#8221;185926&#8243;]Optimizar el uso de todos los canales con LAGO: Lea desde la automatizaci\u00f3n eficiente de la impresi\u00f3n con LAGO hasta la gesti\u00f3n multicanal[\/vc_custom_heading][uncode_index el_id=&#8221;index-173005&#8243; loop=&#8221;size:3|order_by:date|post_type:post|categories:730|taxonomy_count:10&#8243; screen_lg=&#8221;1000&#8243; screen_md=&#8221;600&#8243; screen_sm=&#8221;480&#8243; gutter_size=&#8221;3&#8243; post_items=&#8221;media|featured|onpost|original,title,date,text|excerpt,link|default|default_size|Leer m\u00e1s|default_width|default_outline&#8221; single_overlay_opacity=&#8221;50&#8243; single_padding=&#8221;2&#8243; uncode_shortcode_id=&#8221;171829&#8243;][\/vc_column][\/vc_row]<\/p>\n<\/div>","protected":false},"excerpt":{"rendered":"<p>[vc_row][vc_column width=&#8221;1\/1&#8243;][vc_column_text text_lead=&#8221;yes&#8221; uncode_shortcode_id=&#8221;188399&#8243;] La industria de las mejoras para el hogar tambi\u00e9n depende de LAGO Con LAGO, los fabricantes [&hellip;]<\/p>\n","protected":false},"author":122,"featured_media":14369,"parent":6389,"menu_order":0,"comment_status":"closed","ping_status":"closed","template":"","meta":{"footnotes":""},"class_list":["post-18320","page","type-page","status-publish","has-post-thumbnail","hentry"],"yoast_head":"<!-- This site is optimized with the Yoast SEO plugin v27.3 - https:\/\/yoast.com\/product\/yoast-seo-wordpress\/ -->\n<title>DIY &amp; BRICOLAJE \/ Comosoft<\/title>\n<meta name=\"description\" content=\"Con LAGO, la industria del bricolaje gestionan sus datos de productos y pueden utilizarlos para su marketing en m\u00faltiples canales de venta.\" \/>\n<meta name=\"robots\" content=\"index, follow, max-snippet:-1, max-image-preview:large, max-video-preview:-1\" \/>\n<link rel=\"canonical\" href=\"https:\/\/www.comosoft.eu\/es\/sectores\/diy-bricolaje\/\" \/>\n<meta property=\"og:locale\" content=\"es_ES\" \/>\n<meta property=\"og:type\" content=\"article\" \/>\n<meta property=\"og:title\" content=\"DIY &amp; BRICOLAJE \/ Comosoft\" \/>\n<meta property=\"og:description\" content=\"Con LAGO, la industria del bricolaje gestionan sus datos de productos y pueden utilizarlos para su marketing en m\u00faltiples canales de venta.\" \/>\n<meta property=\"og:url\" content=\"https:\/\/www.comosoft.eu\/es\/sectores\/diy-bricolaje\/\" \/>\n<meta property=\"og:site_name\" content=\"Comosoft\" \/>\n<meta property=\"article:modified_time\" content=\"2025-11-12T11:57:54+00:00\" \/>\n<meta property=\"og:image\" content=\"https:\/\/www.comosoft.eu\/wp-content\/uploads\/2020\/01\/Manufacturing_Comosoft_header.jpg\" \/>\n\t<meta property=\"og:image:width\" content=\"1920\" \/>\n\t<meta property=\"og:image:height\" content=\"500\" \/>\n\t<meta property=\"og:image:type\" content=\"image\/jpeg\" \/>\n<meta name=\"twitter:card\" content=\"summary_large_image\" \/>\n<!-- \/ Yoast SEO plugin. -->","yoast_head_json":{"title":"DIY & BRICOLAJE \/ Comosoft","description":"Con LAGO, la industria del bricolaje gestionan sus datos de productos y pueden utilizarlos para su marketing en m\u00faltiples canales de venta.","robots":{"index":"index","follow":"follow","max-snippet":"max-snippet:-1","max-image-preview":"max-image-preview:large","max-video-preview":"max-video-preview:-1"},"canonical":"https:\/\/www.comosoft.eu\/es\/sectores\/diy-bricolaje\/","og_locale":"es_ES","og_type":"article","og_title":"DIY & BRICOLAJE \/ Comosoft","og_description":"Con LAGO, la industria del bricolaje gestionan sus datos de productos y pueden utilizarlos para su marketing en m\u00faltiples canales de venta.","og_url":"https:\/\/www.comosoft.eu\/es\/sectores\/diy-bricolaje\/","og_site_name":"Comosoft","article_modified_time":"2025-11-12T11:57:54+00:00","og_image":[{"width":1920,"height":500,"url":"https:\/\/www.comosoft.eu\/wp-content\/uploads\/2020\/01\/Manufacturing_Comosoft_header.jpg","type":"image\/jpeg"}],"twitter_card":"summary_large_image","schema":{"@context":"https:\/\/schema.org","@graph":[{"@type":"WebPage","@id":"https:\/\/www.comosoft.eu\/es\/sectores\/diy-bricolaje\/","url":"https:\/\/www.comosoft.eu\/es\/sectores\/diy-bricolaje\/","name":"DIY & BRICOLAJE \/ Comosoft","isPartOf":{"@id":"https:\/\/www.comosoft.eu\/es\/#website"},"primaryImageOfPage":{"@id":"https:\/\/www.comosoft.eu\/es\/sectores\/diy-bricolaje\/#primaryimage"},"image":{"@id":"https:\/\/www.comosoft.eu\/es\/sectores\/diy-bricolaje\/#primaryimage"},"thumbnailUrl":"https:\/\/www.comosoft.eu\/wp-content\/uploads\/2020\/01\/Manufacturing_Comosoft_header.jpg","datePublished":"2021-10-12T09:40:04+00:00","dateModified":"2025-11-12T11:57:54+00:00","description":"Con LAGO, la industria del bricolaje gestionan sus datos de productos y pueden utilizarlos para su marketing en m\u00faltiples canales de venta.","breadcrumb":{"@id":"https:\/\/www.comosoft.eu\/es\/sectores\/diy-bricolaje\/#breadcrumb"},"inLanguage":"es","potentialAction":[{"@type":"ReadAction","target":["https:\/\/www.comosoft.eu\/es\/sectores\/diy-bricolaje\/"]}]},{"@type":"ImageObject","inLanguage":"es","@id":"https:\/\/www.comosoft.eu\/es\/sectores\/diy-bricolaje\/#primaryimage","url":"https:\/\/www.comosoft.eu\/wp-content\/uploads\/2020\/01\/Manufacturing_Comosoft_header.jpg","contentUrl":"https:\/\/www.comosoft.eu\/wp-content\/uploads\/2020\/01\/Manufacturing_Comosoft_header.jpg","width":1920,"height":500,"caption":"Werkzeug Regal in einem Baumarkt"},{"@type":"BreadcrumbList","@id":"https:\/\/www.comosoft.eu\/es\/sectores\/diy-bricolaje\/#breadcrumb","itemListElement":[{"@type":"ListItem","position":1,"name":"Home","item":"https:\/\/www.comosoft.eu\/es\/"},{"@type":"ListItem","position":2,"name":"SECTORES","item":"https:\/\/www.comosoft.eu\/es\/sectores\/"},{"@type":"ListItem","position":3,"name":"DIY &#038; BRICOLAJE"}]},{"@type":"WebSite","@id":"https:\/\/www.comosoft.eu\/es\/#website","url":"https:\/\/www.comosoft.eu\/es\/","name":"Comosoft","description":"Multichannel Solutions","publisher":{"@id":"https:\/\/www.comosoft.eu\/es\/#organization"},"potentialAction":[{"@type":"SearchAction","target":{"@type":"EntryPoint","urlTemplate":"https:\/\/www.comosoft.eu\/es\/?s={search_term_string}"},"query-input":{"@type":"PropertyValueSpecification","valueRequired":true,"valueName":"search_term_string"}}],"inLanguage":"es"},{"@type":"Organization","@id":"https:\/\/www.comosoft.eu\/es\/#organization","name":"Comosoft GmbH","alternateName":"Multichannel Solutions","url":"https:\/\/www.comosoft.eu\/es\/","logo":{"@type":"ImageObject","inLanguage":"es","@id":"https:\/\/www.comosoft.eu\/es\/#\/schema\/logo\/image\/","url":"https:\/\/www.comosoft.eu\/wp-content\/uploads\/2021\/01\/Comosoft-Logo463.png","contentUrl":"https:\/\/www.comosoft.eu\/wp-content\/uploads\/2021\/01\/Comosoft-Logo463.png","width":1654,"height":337,"caption":"Comosoft GmbH"},"image":{"@id":"https:\/\/www.comosoft.eu\/es\/#\/schema\/logo\/image\/"},"sameAs":["https:\/\/de.linkedin.com\/company\/comosoft?original_referer=httpswww.google.com"]}]}},"_links":{"self":[{"href":"https:\/\/www.comosoft.eu\/es\/wp-json\/wp\/v2\/pages\/18320","targetHints":{"allow":["GET"]}}],"collection":[{"href":"https:\/\/www.comosoft.eu\/es\/wp-json\/wp\/v2\/pages"}],"about":[{"href":"https:\/\/www.comosoft.eu\/es\/wp-json\/wp\/v2\/types\/page"}],"author":[{"embeddable":true,"href":"https:\/\/www.comosoft.eu\/es\/wp-json\/wp\/v2\/users\/122"}],"replies":[{"embeddable":true,"href":"https:\/\/www.comosoft.eu\/es\/wp-json\/wp\/v2\/comments?post=18320"}],"version-history":[{"count":19,"href":"https:\/\/www.comosoft.eu\/es\/wp-json\/wp\/v2\/pages\/18320\/revisions"}],"predecessor-version":[{"id":50066,"href":"https:\/\/www.comosoft.eu\/es\/wp-json\/wp\/v2\/pages\/18320\/revisions\/50066"}],"up":[{"embeddable":true,"href":"https:\/\/www.comosoft.eu\/es\/wp-json\/wp\/v2\/pages\/6389"}],"wp:featuredmedia":[{"embeddable":true,"href":"https:\/\/www.comosoft.eu\/es\/wp-json\/wp\/v2\/media\/14369"}],"wp:attachment":[{"href":"https:\/\/www.comosoft.eu\/es\/wp-json\/wp\/v2\/media?parent=18320"}],"curies":[{"name":"wp","href":"https:\/\/api.w.org\/{rel}","templated":true}]}}