{"id":16757,"date":"2020-12-01T12:31:16","date_gmt":"2020-12-01T11:31:16","guid":{"rendered":"https:\/\/www.comosoft.eu\/software-y-soluciones\/automatizacion-del-marketing\/"},"modified":"2025-07-24T10:09:22","modified_gmt":"2025-07-24T08:09:22","slug":"automatizacion-del-marketing","status":"publish","type":"page","link":"https:\/\/www.comosoft.eu\/es\/software-y-soluciones\/automatizacion-del-marketing\/","title":{"rendered":"Automatizaci\u00f3n del Marketing"},"content":{"rendered":"<div class=\"wpb-content-wrapper\"><p>[vc_row][vc_column width=&#8221;1\/1&#8243;][vc_column_text uncode_shortcode_id=&#8221;168748&#8243;]<\/p>\n<h1 data-pm-slice=\"1 1 []\"><strong>LAGO lleva el rendimiento a su equipo de marketing a trav\u00e9s de la automatizaci\u00f3n del marketing<\/strong><\/h1>\n<p>En general, se habla de automatizaci\u00f3n del marketing en la automatizaci\u00f3n de los procesos de comercializaci\u00f3n con apoyo de software, un pilar importante de la transformaci\u00f3n digital en las empresas. Un marketing relevante y bueno impulsa la demanda &#8211; en eso todos est\u00e1n de acuerdo.<\/p>\n<p>Sin embargo, el esfuerzo y los costes son inmensos. Muchos canales de venta distintos quieren que se les proporcione informaci\u00f3n y, por supuesto, deben mantenerse actualizados. Pero no s\u00f3lo eso, la publicidad tiene que ser relevante para el cliente. Para poder operar la automatizaci\u00f3n del marketing como una empresa, que finalmente tambi\u00e9n debe ahorrar recursos, los datos de los clientes deben ser recopilados y estar disponibles. Estos datos ayudan a su empresa a dirigirse a sus clientes de la manera directa y a ofrecerles productos relevantes, que muy probablemente acaben en el carrito de la compra. Este proceso de recopilaci\u00f3n de datos requiere a su vez una estructura s\u00f3lida de flujos de trabajo internos en la empresa, apoyada por un software como LAGO. Los sistemas de software con <a href=\"https:\/\/www.comosoft.eu\/es\/software-y-soluciones\/pim\/\">sistema PIM<\/a>, un <a href=\"https:\/\/www.comosoft.eu\/es\/software-y-soluciones\/dam\/\">sistema DAM<\/a> y un <a href=\"https:\/\/www.comosoft.eu\/es\/2020\/11\/13\/customer-relationship-management-crm\/\">sistema CRM<\/a> deben trabajar juntos sin problemas.[\/vc_column_text][\/vc_column][\/vc_row][vc_row row_height_percent=&#8221;0&#8243; override_padding=&#8221;yes&#8221; h_padding=&#8221;2&#8243; top_padding=&#8221;2&#8243; bottom_padding=&#8221;2&#8243; back_color=&#8221;color-lxmt&#8221; overlay_alpha=&#8221;50&#8243; equal_height=&#8221;yes&#8221; gutter_size=&#8221;3&#8243; column_width_percent=&#8221;100&#8243; shift_y=&#8221;0&#8243; z_index=&#8221;0&#8243; uncode_shortcode_id=&#8221;820232&#8243; back_color_type=&#8221;uncode-palette&#8221;][vc_column width=&#8221;1\/1&#8243;][vc_column_text uncode_shortcode_id=&#8221;108786&#8243;]<\/p>\n<h2>La gesti\u00f3n de los workflows apoya la ejecuci\u00f3n eficiente de sus procesos y tareas estructuradas<\/h2>\n<p>\u00bfPor qu\u00e9 merece la pena establecer una <strong>gesti\u00f3n integral del workflow<\/strong>?<\/p>\n<p>Algunos procesos de una empresa pueden automatizarse para ahorrar tiempo y garantizar una calidad constante. A menudo, estos procesos que deben optimizarse y automatizarse s\u00f3lo se ponen de manifiesto cuando se aborda el tema de la gesti\u00f3n del proceso.<\/p>\n<p>Muchas empresas tienen que sacar sus productos al mercado r\u00e1pidamente y <strong>una implementaci\u00f3n de procesos bien estructurada les ayuda a acortar considerablemente el tiempo de comercializaci\u00f3n<\/strong>. Pero, \u00bfpor qu\u00e9 no hay que apoyarse en una buena gesti\u00f3n de los workflows, especialmente en el <a href=\"https:\/\/www.comosoft.eu\/es\/sectores\/comercio-minorista-alimentacion\/\">comercio minorista<\/a>?<\/p>\n<p>Los equipos de marketing suelen necesitar demasiado tiempo para recopilar informaci\u00f3n sobre los productos a partir de diferentes fuentes de datos, organizar el material de imagen y preparar sus productos para los respectivos canales de venta. Sin un <strong>sistema central que conecte a su personal de marketing y a la gesti\u00f3n de productos<\/strong>, siempre va con retraso. Deje sus islas de informaci\u00f3n y cree un proceso eficiente y seguro. <strong>Con <a href=\"https:\/\/www.comosoft.eu\/es\/multichannel-software-lago\/\">LAGO<\/a> Workflow, conectar\u00e1 todos sus departamentos<\/strong>, desde las compras hasta la gesti\u00f3n de productos y el marketing. Funciones como la planificaci\u00f3n de la p\u00e1gina gr\u00e1fica y de la tienda, las herramientas de correcci\u00f3n digital y las evaluaciones le proporcionan seguridad en la planificaci\u00f3n y una visi\u00f3n general de toda la producci\u00f3n de medios.[\/vc_column_text][\/vc_column][\/vc_row][vc_row row_height_percent=&#8221;0&#8243; overlay_alpha=&#8221;50&#8243; gutter_size=&#8221;3&#8243; column_width_percent=&#8221;100&#8243; shift_y=&#8221;0&#8243; z_index=&#8221;0&#8243; uncode_shortcode_id=&#8221;206523&#8243; row_name=&#8221;workflow&#8221;][vc_column width=&#8221;1\/1&#8243;][vc_row_inner][vc_column_inner column_width_percent=&#8221;100&#8243; position_vertical=&#8221;middle&#8221; gutter_size=&#8221;3&#8243; overlay_alpha=&#8221;50&#8243; shift_x=&#8221;0&#8243; shift_y=&#8221;0&#8243; shift_y_down=&#8221;0&#8243; z_index=&#8221;0&#8243; medium_width=&#8221;0&#8243; mobile_width=&#8221;0&#8243; width=&#8221;1\/2&#8243; uncode_shortcode_id=&#8221;857913&#8243;][vc_column_text uncode_shortcode_id=&#8221;120813&#8243;]<strong>LAGO Workflow<\/strong> permite la creaci\u00f3n de varios procesos de trabajo individuales. La creaci\u00f3n en s\u00ed se realiza a trav\u00e9s de una interfaz gr\u00e1fica de usuario f\u00e1cil de entender en LAGO Admin. Cada workflow puede tener un n\u00famero ilimitado de estados que representan etapas e hitos dentro de su proceso de producci\u00f3n. Para garantizar que las tareas de un workflow se procesen de forma \u00f3ptima, se pueden asignar uno o m\u00e1s roles a cada estado del proceso, de forma que los usuarios que tengan ese(os) rol(es) puedan realizar acciones. Con LAGO Workflow, usted <strong>automatiza sus procesos de marketing<\/strong> para llegar a los clientes, ya sean <strong>B2B o B2C<\/strong>, m\u00e1s r\u00e1pidamente y de forma m\u00e1s espec\u00edfica.<br \/>\n<a href=\"https:\/\/www.comosoft.eu\/es\/2022\/04\/29\/concepto-de-autorizacion\/\"><span style=\"color: #99cc00;\">&gt; Puede obtener m\u00e1s informaci\u00f3n sobre las funciones y los permisos aqu\u00ed.<\/span><\/a>[\/vc_column_text][vc_column_text uncode_shortcode_id=&#8221;198449&#8243;]<\/p>\n<p data-pm-slice=\"1 1 []\"><strong>Solicite ahora nuestro whitepaper de\u00a0LAGO Workflow!<\/strong><\/p>\n<p>[\/vc_column_text][vc_button size=&#8221;btn-sm&#8221; border_width=&#8221;0&#8243; link=&#8221;url:https%3A%2F%2Fwww.comosoft.eu%2Fes%2Fsoftware-y-soluciones%2Fdownloads%2F|title:Downloads|target:_blank&#8221; uncode_shortcode_id=&#8221;910846&#8243;]WHITEPAPER[\/vc_button][\/vc_column_inner][vc_column_inner width=&#8221;1\/2&#8243;][vc_single_image media=&#8221;3240&#8243; media_width_percent=&#8221;100&#8243; uncode_shortcode_id=&#8221;121617&#8243;][\/vc_column_inner][\/vc_row_inner][\/vc_column][\/vc_row][vc_row row_height_percent=&#8221;0&#8243; override_padding=&#8221;yes&#8221; h_padding=&#8221;2&#8243; top_padding=&#8221;2&#8243; bottom_padding=&#8221;0&#8243; back_color=&#8221;color-lxmt&#8221; overlay_alpha=&#8221;50&#8243; gutter_size=&#8221;3&#8243; shift_y=&#8221;0&#8243;][vc_column column_width_percent=&#8221;100&#8243; position_vertical=&#8221;middle&#8221; gutter_size=&#8221;3&#8243; override_padding=&#8221;yes&#8221; column_padding=&#8221;0&#8243; overlay_alpha=&#8221;50&#8243; shift_x=&#8221;0&#8243; shift_y=&#8221;0&#8243; z_index=&#8221;0&#8243; medium_width=&#8221;0&#8243; width=&#8221;2\/3&#8243;][uncode_list icon=&#8221;fa fa-check2&#8243; icon_color=&#8221;accent&#8221; uncode_shortcode_id=&#8221;113555&#8243; icon_color_type=&#8221;uncode-palette&#8221;]<\/p>\n<h2>La gesti\u00f3n del workflow de LAGO:<\/h2>\n<ul>\n<li>Permite un control preciso de las autorizaciones y del acceso a los datos por usuario<\/li>\n<li>Conecta a sus equipos mediante la <strong>distribuci\u00f3n autom\u00e1tica de tareas<\/strong><\/li>\n<li>Ofrece permisos en funci\u00f3n del estado de los datos de sus productos, documentos o activos de su material publicitario<\/li>\n<li><strong>Notifica autom\u00e1ticamente<\/strong> las <strong>tareas nuevas o atrasadas<\/strong> en la producci\u00f3n<\/li>\n<li>Permite la <strong>evaluaci\u00f3n y el seguimiento<\/strong> de sus procesos y la planificaci\u00f3n de la producci\u00f3n<\/li>\n<li>Simplifica la redistribuci\u00f3n de las tareas para equilibrar r\u00e1pidamente la carga de trabajo<\/li>\n<li>Admite flujos de trabajo paralelos de web e impresi\u00f3n<\/li>\n<li><strong>le avisa<\/strong> de <strong>posibles cuellos<\/strong> de botella en su producci\u00f3n<\/li>\n<\/ul>\n<p>[\/uncode_list][vc_column_text text_lead=&#8221;yes&#8221;]<\/p>\n<h2>Nuestros asesores le ayudan a encontrar la soluci\u00f3n adecuada<\/h2>\n<p>Ya sea que est\u00e9 buscando procesos automatizados o una transferencia multicanal de su producci\u00f3n de medios publicitarios, nuestros expertos estar\u00e1n a su disposici\u00f3n para ayudarle con cualquier pregunta que tenga. A pesar del software est\u00e1ndar, brindamos a nuestros clientes la flexibilidad necesaria para adaptar LAGO de forma \u00f3ptima e individual a los procesos y la organizaci\u00f3n correspondientes.[\/vc_column_text][vc_button border_width=&#8221;0&#8243; display=&#8221;inline&#8221; top_margin=&#8221;yes&#8221; link=&#8221;url:https%3A%2F%2Fwww.comosoft.eu%2Fes%2Fcontacto%2F|title:Contacte%20con%20nosotros&#8221; uncode_shortcode_id=&#8221;844040&#8243;]Contacte con nosotros[\/vc_button][vc_empty_space empty_h=&#8221;2&#8243;][\/vc_column][vc_column column_width_percent=&#8221;100&#8243; position_vertical=&#8221;bottom&#8221; gutter_size=&#8221;3&#8243; override_padding=&#8221;yes&#8221; column_padding=&#8221;0&#8243; overlay_alpha=&#8221;50&#8243; shift_x=&#8221;0&#8243; shift_y=&#8221;0&#8243; z_index=&#8221;0&#8243; medium_width=&#8221;0&#8243; css_animation=&#8221;bottom-t-top&#8221; animation_delay=&#8221;400&#8243; width=&#8221;1\/3&#8243;][vc_single_image media=&#8221;3177&#8243; media_width_percent=&#8221;100&#8243;][\/vc_column][\/vc_row][vc_row][vc_column width=&#8221;1\/1&#8243;][vc_column_text]<\/p>\n<h2>Preguntas frequentes sobre la automatizaci\u00f3n del marketing<\/h2>\n<p>[\/vc_column_text][vc_accordion][vc_accordion_tab gutter_size=&#8221;2&#8243; column_padding=&#8221;2&#8243; title=&#8221;\u00bfQu\u00e9 es la transformaci\u00f3n digital?&#8221; tab_id=&#8221;537a8343-d111-615891901794231593074205331159670801523216051068526351605173591905&#8243;][vc_column_text]<\/p>\n<p data-pm-slice=\"1 1 []\">Cuando se habla de transformaci\u00f3n digital, se est\u00e1 hablando de un proceso de cambio, lo que significa principalmente el aumento del uso de las tecnolog\u00edas digitales.<\/p>\n<p>Este proceso suele iniciarse e impulsarse por las crecientes expectativas de los clientes de utilizar las tecnolog\u00edas digitales para los procesos comerciales. As\u00ed, la transformaci\u00f3n digital s\u00f3lo es posible gracias a las tecnolog\u00edas digitales.[\/vc_column_text][\/vc_accordion_tab][vc_accordion_tab gutter_size=&#8221;2&#8243; column_padding=&#8221;2&#8243; title=&#8221;\u00bfQu\u00e9 son las tecnolog\u00edas digitales?&#8221; tab_id=&#8221;1594634141213-2-1159670801523216051068526351605173591905&#8243;][vc_column_text]<\/p>\n<p data-pm-slice=\"1 1 []\">Las tecnolog\u00edas digitales se basan, en t\u00e9rminos generales, en el hardware, el software y las redes. La caracter\u00edstica m\u00e1s llamativa de las tecnolog\u00edas digitales es que han revolucionado las tecnolog\u00edas existentes en muchos \u00e1mbitos. Este proceso puede compararse con la revoluci\u00f3n industrial que comenz\u00f3 en el siglo XVIII.<\/p>\n<p>[\/vc_column_text][\/vc_accordion_tab][\/vc_accordion][\/vc_column][\/vc_row]<\/p>\n<\/div>","protected":false},"excerpt":{"rendered":"<p>[vc_row][vc_column width=&#8221;1\/1&#8243;][vc_column_text uncode_shortcode_id=&#8221;168748&#8243;] LAGO lleva el rendimiento a su equipo de marketing a trav\u00e9s de la automatizaci\u00f3n del marketing En [&hellip;]<\/p>\n","protected":false},"author":103,"featured_media":20661,"parent":11656,"menu_order":0,"comment_status":"closed","ping_status":"closed","template":"","meta":{"footnotes":""},"class_list":["post-16757","page","type-page","status-publish","has-post-thumbnail","hentry"],"yoast_head":"<!-- This site is optimized with the Yoast SEO plugin v27.3 - https:\/\/yoast.com\/product\/yoast-seo-wordpress\/ -->\n<title>Automatizaci\u00f3n del marketing - m\u00e1s rendimiento y eficiencia<\/title>\n<meta name=\"description\" content=\"Con LAGO puede conectar todos sus departamentos de la gesti\u00f3n de productos y marketing, y acortar el tiempo de comercializaci\u00f3n hasta un 30%.\" \/>\n<meta name=\"robots\" content=\"index, follow, max-snippet:-1, max-image-preview:large, max-video-preview:-1\" \/>\n<link rel=\"canonical\" href=\"https:\/\/www.comosoft.eu\/es\/software-y-soluciones\/automatizacion-del-marketing\/\" \/>\n<meta property=\"og:locale\" content=\"es_ES\" \/>\n<meta property=\"og:type\" content=\"article\" \/>\n<meta property=\"og:title\" content=\"Automatizaci\u00f3n del marketing - m\u00e1s rendimiento y eficiencia\" \/>\n<meta property=\"og:description\" content=\"Con LAGO puede conectar todos sus departamentos de la gesti\u00f3n de productos y marketing, y acortar el tiempo de comercializaci\u00f3n hasta un 30%.\" \/>\n<meta property=\"og:url\" content=\"https:\/\/www.comosoft.eu\/es\/software-y-soluciones\/automatizacion-del-marketing\/\" \/>\n<meta property=\"og:site_name\" content=\"Comosoft\" \/>\n<meta property=\"article:modified_time\" content=\"2025-07-24T08:09:22+00:00\" \/>\n<meta property=\"og:image\" content=\"https:\/\/www.comosoft.eu\/wp-content\/uploads\/2021\/01\/Workflow-Management.jpg\" \/>\n\t<meta property=\"og:image:width\" content=\"2000\" \/>\n\t<meta property=\"og:image:height\" content=\"1333\" \/>\n\t<meta property=\"og:image:type\" content=\"image\/jpeg\" \/>\n<meta name=\"twitter:card\" content=\"summary_large_image\" \/>\n<!-- \/ Yoast SEO plugin. -->","yoast_head_json":{"title":"Automatizaci\u00f3n del marketing - m\u00e1s rendimiento y eficiencia","description":"Con LAGO puede conectar todos sus departamentos de la gesti\u00f3n de productos y marketing, y acortar el tiempo de comercializaci\u00f3n hasta un 30%.","robots":{"index":"index","follow":"follow","max-snippet":"max-snippet:-1","max-image-preview":"max-image-preview:large","max-video-preview":"max-video-preview:-1"},"canonical":"https:\/\/www.comosoft.eu\/es\/software-y-soluciones\/automatizacion-del-marketing\/","og_locale":"es_ES","og_type":"article","og_title":"Automatizaci\u00f3n del marketing - m\u00e1s rendimiento y eficiencia","og_description":"Con LAGO puede conectar todos sus departamentos de la gesti\u00f3n de productos y marketing, y acortar el tiempo de comercializaci\u00f3n hasta un 30%.","og_url":"https:\/\/www.comosoft.eu\/es\/software-y-soluciones\/automatizacion-del-marketing\/","og_site_name":"Comosoft","article_modified_time":"2025-07-24T08:09:22+00:00","og_image":[{"width":2000,"height":1333,"url":"https:\/\/www.comosoft.eu\/wp-content\/uploads\/2021\/01\/Workflow-Management.jpg","type":"image\/jpeg"}],"twitter_card":"summary_large_image","schema":{"@context":"https:\/\/schema.org","@graph":[{"@type":"WebPage","@id":"https:\/\/www.comosoft.eu\/es\/software-y-soluciones\/automatizacion-del-marketing\/","url":"https:\/\/www.comosoft.eu\/es\/software-y-soluciones\/automatizacion-del-marketing\/","name":"Automatizaci\u00f3n del marketing - m\u00e1s rendimiento y eficiencia","isPartOf":{"@id":"https:\/\/www.comosoft.eu\/es\/#website"},"primaryImageOfPage":{"@id":"https:\/\/www.comosoft.eu\/es\/software-y-soluciones\/automatizacion-del-marketing\/#primaryimage"},"image":{"@id":"https:\/\/www.comosoft.eu\/es\/software-y-soluciones\/automatizacion-del-marketing\/#primaryimage"},"thumbnailUrl":"https:\/\/www.comosoft.eu\/wp-content\/uploads\/2021\/01\/Workflow-Management.jpg","datePublished":"2020-12-01T11:31:16+00:00","dateModified":"2025-07-24T08:09:22+00:00","description":"Con LAGO puede conectar todos sus departamentos de la gesti\u00f3n de productos y marketing, y acortar el tiempo de comercializaci\u00f3n hasta un 30%.","breadcrumb":{"@id":"https:\/\/www.comosoft.eu\/es\/software-y-soluciones\/automatizacion-del-marketing\/#breadcrumb"},"inLanguage":"es","potentialAction":[{"@type":"ReadAction","target":["https:\/\/www.comosoft.eu\/es\/software-y-soluciones\/automatizacion-del-marketing\/"]}]},{"@type":"ImageObject","inLanguage":"es","@id":"https:\/\/www.comosoft.eu\/es\/software-y-soluciones\/automatizacion-del-marketing\/#primaryimage","url":"https:\/\/www.comosoft.eu\/wp-content\/uploads\/2021\/01\/Workflow-Management.jpg","contentUrl":"https:\/\/www.comosoft.eu\/wp-content\/uploads\/2021\/01\/Workflow-Management.jpg","width":2000,"height":1333,"caption":"Personen in einem Rudelboot"},{"@type":"BreadcrumbList","@id":"https:\/\/www.comosoft.eu\/es\/software-y-soluciones\/automatizacion-del-marketing\/#breadcrumb","itemListElement":[{"@type":"ListItem","position":1,"name":"Home","item":"https:\/\/www.comosoft.eu\/es\/"},{"@type":"ListItem","position":2,"name":"Software y soluciones","item":"https:\/\/www.comosoft.eu\/es\/software-y-soluciones\/"},{"@type":"ListItem","position":3,"name":"Automatizaci\u00f3n del Marketing"}]},{"@type":"WebSite","@id":"https:\/\/www.comosoft.eu\/es\/#website","url":"https:\/\/www.comosoft.eu\/es\/","name":"Comosoft","description":"Multichannel Solutions","publisher":{"@id":"https:\/\/www.comosoft.eu\/es\/#organization"},"potentialAction":[{"@type":"SearchAction","target":{"@type":"EntryPoint","urlTemplate":"https:\/\/www.comosoft.eu\/es\/?s={search_term_string}"},"query-input":{"@type":"PropertyValueSpecification","valueRequired":true,"valueName":"search_term_string"}}],"inLanguage":"es"},{"@type":"Organization","@id":"https:\/\/www.comosoft.eu\/es\/#organization","name":"Comosoft GmbH","alternateName":"Multichannel Solutions","url":"https:\/\/www.comosoft.eu\/es\/","logo":{"@type":"ImageObject","inLanguage":"es","@id":"https:\/\/www.comosoft.eu\/es\/#\/schema\/logo\/image\/","url":"https:\/\/www.comosoft.eu\/wp-content\/uploads\/2021\/01\/Comosoft-Logo463.png","contentUrl":"https:\/\/www.comosoft.eu\/wp-content\/uploads\/2021\/01\/Comosoft-Logo463.png","width":1654,"height":337,"caption":"Comosoft GmbH"},"image":{"@id":"https:\/\/www.comosoft.eu\/es\/#\/schema\/logo\/image\/"},"sameAs":["https:\/\/de.linkedin.com\/company\/comosoft?original_referer=httpswww.google.com"]}]}},"_links":{"self":[{"href":"https:\/\/www.comosoft.eu\/es\/wp-json\/wp\/v2\/pages\/16757","targetHints":{"allow":["GET"]}}],"collection":[{"href":"https:\/\/www.comosoft.eu\/es\/wp-json\/wp\/v2\/pages"}],"about":[{"href":"https:\/\/www.comosoft.eu\/es\/wp-json\/wp\/v2\/types\/page"}],"author":[{"embeddable":true,"href":"https:\/\/www.comosoft.eu\/es\/wp-json\/wp\/v2\/users\/103"}],"replies":[{"embeddable":true,"href":"https:\/\/www.comosoft.eu\/es\/wp-json\/wp\/v2\/comments?post=16757"}],"version-history":[{"count":15,"href":"https:\/\/www.comosoft.eu\/es\/wp-json\/wp\/v2\/pages\/16757\/revisions"}],"predecessor-version":[{"id":49176,"href":"https:\/\/www.comosoft.eu\/es\/wp-json\/wp\/v2\/pages\/16757\/revisions\/49176"}],"up":[{"embeddable":true,"href":"https:\/\/www.comosoft.eu\/es\/wp-json\/wp\/v2\/pages\/11656"}],"wp:featuredmedia":[{"embeddable":true,"href":"https:\/\/www.comosoft.eu\/es\/wp-json\/wp\/v2\/media\/20661"}],"wp:attachment":[{"href":"https:\/\/www.comosoft.eu\/es\/wp-json\/wp\/v2\/media?parent=16757"}],"curies":[{"name":"wp","href":"https:\/\/api.w.org\/{rel}","templated":true}]}}