{"id":11812,"date":"2019-02-07T12:34:23","date_gmt":"2019-02-07T11:34:23","guid":{"rendered":"https:\/\/www.comosoft.com\/?page_id=11812"},"modified":"2019-04-25T08:17:14","modified_gmt":"2019-04-25T06:17:14","slug":"comunicado-de-prensa-zitra","status":"publish","type":"page","link":"https:\/\/www.comosoft.eu\/es\/comunicado-de-prensa-zitra\/","title":{"rendered":"Comunicado de prensa  Zitra"},"content":{"rendered":"<div class=\"wpb-content-wrapper\"><p>[vc_row][vc_column width=&#8221;1\/1&#8243;][vc_column_text]<\/p>\n<h1>Zitra apuesta por portlight<\/h1>\n<p><strong>Comosoft, proveedor especializado en sistemas PIM para el comercio y la industria, vuelve a sus ra\u00edces y gana una empresa del grupo Otto, Zitra GmbH.<\/strong><\/p>\n<p>Zitra integra un centro de gesti\u00f3n de datos de productos con el completo sistema PIM &#8220;portlight&#8221; y, por lo tanto, aumenta la eficiencia y eficacia del flujo de datos de productos en su propio ecosistema (paisaje de sistemas).<\/p>\n<p><strong>Hamburgo, marzo de 2016<\/strong> &#8211; Zitra forma parte del Grupo Otto y de JD.com y persigue la misi\u00f3n de conectar las marcas con todos los canales de venta relevantes. Como proveedor de servicios independiente, Zitra permite que las marcas se vendan directamente en los mercados internacionales en l\u00ednea y en las zonas de concesi\u00f3n. Zitra ofrece la infraestructura de TI, gesti\u00f3n y cumplimiento como una soluci\u00f3n integral. Zitra buscaba un sistema PIM para poder alinear su propio paisaje de sistemas (ecosistema) con el futuro. La evaluaci\u00f3n se centr\u00f3 en la optimizaci\u00f3n de las \u00e1reas de &#8220;Product Onboarding&#8221; y &#8220;Media &amp; Data Management&#8221; y en la estabilizaci\u00f3n del entorno de sistemas con software est\u00e1ndar.<\/p>\n<p>Zitra encontr\u00f3 la respuesta correcta con el software est\u00e1ndar PIM portlight de Comosoft &#8211; el proyecto ya est\u00e1 funcionando activamente bajo el nombre &#8220;Product Data Management Hub&#8221;. Caracter\u00edsticas que fueron decisivas para la decisi\u00f3n de Zitra:<\/p>\n<p>Software est\u00e1ndar probado con \u00e9xito con m\u00e1s de 20 a\u00f1os de experiencia<br \/>\nAplicaci\u00f3n completamente basada en la web para el acceso desde cualquier lugar<br \/>\nModerna interfaz de usuario<br \/>\nInterfaz de usuario simple y f\u00e1cil de usar<br \/>\nPIM (Product Information Management) completo con MAM (Media Asset Management) integrado<br \/>\nAlineaci\u00f3n multicanal mediante control central de comunicaci\u00f3n<br \/>\n&#8220;Con &#8220;portlight&#8221; estamos muy contentos de haber encontrado un software est\u00e1ndar que satisface nuestras exigencias de progresividad y modernidad. Adem\u00e1s, nos dimos cuenta r\u00e1pidamente de que hab\u00edamos encontrado un socio competente y con visi\u00f3n de futuro en comosoft &#8211; una cooperaci\u00f3n estrecha y cooperativa es el n\u00facleo del \u00e9xito de una implementaci\u00f3n de PIM&#8221;, afirma Grit Marlow-Buchholz, Jefe de Proyecto de PIM en Zitra.<\/p>\n<p>&#8220;Estamos &#8220;de vuelta a las ra\u00edces&#8221; y estamos encantados de tener a Zitra como uno de nuestros clientes, una empresa moderna e innovadora. Ya en la fase de venta nos dimos cuenta de que esto encaja, y que lo que debe encajar tambi\u00e9n debe encajar&#8221;, dice Benjamin Ferreau, Director General de Comosoft GmbH.<\/p>\n<p>El proyecto se program\u00f3 con un plazo de ejecuci\u00f3n ajustado de casi ocho semanas: La puesta en marcha prevista para finales de febrero se llev\u00f3 a cabo con \u00e9xito. Para el futuro, se prev\u00e9 una estrecha colaboraci\u00f3n en forma de transferencia conjunta de conocimientos t\u00e9cnicos para un mayor desarrollo.<\/p>\n<h1><span style=\"font-size: 15px;\">[\/vc_column_text][\/vc_column][\/vc_row]<\/span><\/h1>\n<\/div>","protected":false},"excerpt":{"rendered":"<p>[vc_row][vc_column width=&#8221;1\/1&#8243;][vc_column_text] Zitra apuesta por portlight Comosoft, proveedor especializado en sistemas PIM para el comercio y la industria, vuelve a [&hellip;]<\/p>\n","protected":false},"author":103,"featured_media":0,"parent":0,"menu_order":0,"comment_status":"closed","ping_status":"closed","template":"","meta":{"footnotes":""},"class_list":["post-11812","page","type-page","status-publish","hentry"],"yoast_head":"<!-- This site is optimized with the Yoast SEO plugin v27.3 - https:\/\/yoast.com\/product\/yoast-seo-wordpress\/ -->\n<title>Comunicado de prensa Zitra \/ Comosoft<\/title>\n<meta name=\"description\" content=\"Comunicado de prensa Zitra: Zitra apuesta por portlight Comosoft, proveedor especializado en sistemas PIM para el comercio y la industria, vuelve a sus ra\u00edces y gana una empresa del\" \/>\n<meta name=\"robots\" content=\"index, follow, max-snippet:-1, max-image-preview:large, max-video-preview:-1\" \/>\n<link rel=\"canonical\" href=\"https:\/\/www.comosoft.eu\/es\/comunicado-de-prensa-zitra\/\" \/>\n<meta property=\"og:locale\" content=\"es_ES\" \/>\n<meta property=\"og:type\" content=\"article\" \/>\n<meta property=\"og:title\" content=\"Comunicado de prensa Zitra \/ Comosoft\" \/>\n<meta property=\"og:description\" content=\"Comunicado de prensa Zitra: Zitra apuesta por portlight Comosoft, proveedor especializado en sistemas PIM para el comercio y la industria, vuelve a sus ra\u00edces y gana una empresa del\" \/>\n<meta property=\"og:url\" content=\"https:\/\/www.comosoft.eu\/es\/comunicado-de-prensa-zitra\/\" \/>\n<meta property=\"og:site_name\" content=\"Comosoft\" \/>\n<meta property=\"article:modified_time\" content=\"2019-04-25T06:17:14+00:00\" \/>\n<meta property=\"og:image\" content=\"https:\/\/www.comosoft.eu\/wp-content\/uploads\/2021\/01\/Digital-publishing.jpg\" \/>\n\t<meta property=\"og:image:width\" content=\"2000\" \/>\n\t<meta property=\"og:image:height\" content=\"1334\" \/>\n\t<meta property=\"og:image:type\" content=\"image\/jpeg\" \/>\n<meta name=\"twitter:card\" content=\"summary_large_image\" \/>\n<!-- \/ Yoast SEO plugin. -->","yoast_head_json":{"title":"Comunicado de prensa Zitra \/ Comosoft","description":"Comunicado de prensa Zitra: Zitra apuesta por portlight Comosoft, proveedor especializado en sistemas PIM para el comercio y la industria, vuelve a sus ra\u00edces y gana una empresa del","robots":{"index":"index","follow":"follow","max-snippet":"max-snippet:-1","max-image-preview":"max-image-preview:large","max-video-preview":"max-video-preview:-1"},"canonical":"https:\/\/www.comosoft.eu\/es\/comunicado-de-prensa-zitra\/","og_locale":"es_ES","og_type":"article","og_title":"Comunicado de prensa Zitra \/ Comosoft","og_description":"Comunicado de prensa Zitra: Zitra apuesta por portlight Comosoft, proveedor especializado en sistemas PIM para el comercio y la industria, vuelve a sus ra\u00edces y gana una empresa del","og_url":"https:\/\/www.comosoft.eu\/es\/comunicado-de-prensa-zitra\/","og_site_name":"Comosoft","article_modified_time":"2019-04-25T06:17:14+00:00","og_image":[{"width":2000,"height":1334,"url":"https:\/\/www.comosoft.eu\/wp-content\/uploads\/2021\/01\/Digital-publishing.jpg","type":"image\/jpeg"}],"twitter_card":"summary_large_image","schema":{"@context":"https:\/\/schema.org","@graph":[{"@type":"WebPage","@id":"https:\/\/www.comosoft.eu\/es\/comunicado-de-prensa-zitra\/","url":"https:\/\/www.comosoft.eu\/es\/comunicado-de-prensa-zitra\/","name":"Comunicado de prensa Zitra \/ Comosoft","isPartOf":{"@id":"https:\/\/www.comosoft.eu\/es\/#website"},"datePublished":"2019-02-07T11:34:23+00:00","dateModified":"2019-04-25T06:17:14+00:00","description":"Comunicado de prensa Zitra: Zitra apuesta por portlight Comosoft, proveedor especializado en sistemas PIM para el comercio y la industria, vuelve a sus ra\u00edces y gana una empresa del","breadcrumb":{"@id":"https:\/\/www.comosoft.eu\/es\/comunicado-de-prensa-zitra\/#breadcrumb"},"inLanguage":"es","potentialAction":[{"@type":"ReadAction","target":["https:\/\/www.comosoft.eu\/es\/comunicado-de-prensa-zitra\/"]}]},{"@type":"BreadcrumbList","@id":"https:\/\/www.comosoft.eu\/es\/comunicado-de-prensa-zitra\/#breadcrumb","itemListElement":[{"@type":"ListItem","position":1,"name":"Home","item":"https:\/\/www.comosoft.eu\/es\/"},{"@type":"ListItem","position":2,"name":"Comunicado de prensa Zitra"}]},{"@type":"WebSite","@id":"https:\/\/www.comosoft.eu\/es\/#website","url":"https:\/\/www.comosoft.eu\/es\/","name":"Comosoft","description":"Multichannel Solutions","publisher":{"@id":"https:\/\/www.comosoft.eu\/es\/#organization"},"potentialAction":[{"@type":"SearchAction","target":{"@type":"EntryPoint","urlTemplate":"https:\/\/www.comosoft.eu\/es\/?s={search_term_string}"},"query-input":{"@type":"PropertyValueSpecification","valueRequired":true,"valueName":"search_term_string"}}],"inLanguage":"es"},{"@type":"Organization","@id":"https:\/\/www.comosoft.eu\/es\/#organization","name":"Comosoft GmbH","alternateName":"Multichannel Solutions","url":"https:\/\/www.comosoft.eu\/es\/","logo":{"@type":"ImageObject","inLanguage":"es","@id":"https:\/\/www.comosoft.eu\/es\/#\/schema\/logo\/image\/","url":"https:\/\/www.comosoft.eu\/wp-content\/uploads\/2021\/01\/Comosoft-Logo463.png","contentUrl":"https:\/\/www.comosoft.eu\/wp-content\/uploads\/2021\/01\/Comosoft-Logo463.png","width":1654,"height":337,"caption":"Comosoft GmbH"},"image":{"@id":"https:\/\/www.comosoft.eu\/es\/#\/schema\/logo\/image\/"},"sameAs":["https:\/\/de.linkedin.com\/company\/comosoft?original_referer=httpswww.google.com"]}]}},"_links":{"self":[{"href":"https:\/\/www.comosoft.eu\/es\/wp-json\/wp\/v2\/pages\/11812","targetHints":{"allow":["GET"]}}],"collection":[{"href":"https:\/\/www.comosoft.eu\/es\/wp-json\/wp\/v2\/pages"}],"about":[{"href":"https:\/\/www.comosoft.eu\/es\/wp-json\/wp\/v2\/types\/page"}],"author":[{"embeddable":true,"href":"https:\/\/www.comosoft.eu\/es\/wp-json\/wp\/v2\/users\/103"}],"replies":[{"embeddable":true,"href":"https:\/\/www.comosoft.eu\/es\/wp-json\/wp\/v2\/comments?post=11812"}],"version-history":[{"count":2,"href":"https:\/\/www.comosoft.eu\/es\/wp-json\/wp\/v2\/pages\/11812\/revisions"}],"predecessor-version":[{"id":11814,"href":"https:\/\/www.comosoft.eu\/es\/wp-json\/wp\/v2\/pages\/11812\/revisions\/11814"}],"wp:attachment":[{"href":"https:\/\/www.comosoft.eu\/es\/wp-json\/wp\/v2\/media?parent=11812"}],"curies":[{"name":"wp","href":"https:\/\/api.w.org\/{rel}","templated":true}]}}