{"id":11809,"date":"2019-03-14T11:28:23","date_gmt":"2019-03-14T10:28:23","guid":{"rendered":"https:\/\/www.comosoft.com\/?page_id=11809"},"modified":"2019-04-24T11:24:53","modified_gmt":"2019-04-24T09:24:53","slug":"comunicado-de-prensa-raja","status":"publish","type":"page","link":"https:\/\/www.comosoft.eu\/es\/comunicado-de-prensa-raja\/","title":{"rendered":"Comunicado de prensa  RAJA"},"content":{"rendered":"<div class=\"wpb-content-wrapper\"><p>[vc_row][vc_column width=&#8221;1\/1&#8243;][vc_column_text]<\/p>\n<h1>Comosoft, proveedor l\u00edder de software de producci\u00f3n de medios PIM y multicanal, gana el primer puesto en Europa como proveedor de embalaje, Grupo RAJA.<\/h1>\n<p><strong>Con el proyecto estrat\u00e9gico &#8220;RAJAMEDIA Vision&#8221;, RAJA sienta las bases para seguir ampliando su enfoque multicanal hacia el cliente. Comosoft suministra la soluci\u00f3n de software (PIM) junto con IBM (MDM).<\/strong><\/p>\n<p><strong>Hamburgo\/Par\u00eds, octubre de 2016<\/strong> &#8211; El grupo franc\u00e9s RAJA, experto en envases de todo tipo, se ha convertido en los \u00faltimos a\u00f1os en un reproductor multicanal. El cat\u00e1logo, las tiendas web, el tel\u00e9fono y 19 empresas nacionales de ventas han sido hasta ahora los principales canales con los que vender &#8220;una amplia gama de productos de alta calidad&#8221;. Para poder seguir expandi\u00e9ndose en este \u00e1mbito, la empresa lanz\u00f3 su proyecto &#8220;RAJAMEDIA Vision&#8221; en 2015 y, por lo tanto, inici\u00f3 una b\u00fasqueda muy amplia de la(s) soluci\u00f3n(es) de sistema adecuada(s). El resultado del proceso de selecci\u00f3n en cuatro etapas: LAGO4 de Comosoft.<\/p>\n<p>He aqu\u00ed algunas caracter\u00edsticas que fueron decisivas para la decisi\u00f3n del Grupo RAJA:<\/p>\n<ul>\n<li>La combinaci\u00f3n de un sistema PIM y MAM completo en el n\u00facleo, incluyendo la exportaci\u00f3n totalmente integrada al programa de autoedici\u00f3n InDesign.<\/li>\n<li>La potente &#8220;pizarra&#8221; para planificar productos de forma r\u00e1pida y eficaz mediante arrastrar y soltar en las p\u00e1ginas del cat\u00e1logo.<\/li>\n<li>Con la planificaci\u00f3n de medios, el departamento de comercio electr\u00f3nico es capaz de estructurar y organizar todas sus tiendas web y finalizarlas en forma de feeds de productos en las categor\u00edas deseadas.<\/li>\n<li>Adem\u00e1s, LAGO4 fue el \u00fanico sistema de la lista restringida que ofreci\u00f3 un cliente gordo y un cliente web congruente.<\/li>\n<\/ul>\n<p>Esto significa que cada departamento puede trabajar en la forma deseada y el acceso tambi\u00e9n es ilimitado cuando est\u00e1 en movimiento.<\/p>\n<p>&#8220;<em>Tenemos un proceso de selecci\u00f3n muy largo e intensivo a nuestras espaldas y estamos 100% seguros de haber encontrado un socio enormemente innovador y a largo plazo en Comosoft. Con Comosoft, podemos optimizar nuestros procesos internos y ampliar a\u00fan m\u00e1s nuestra competitividad<\/em>&#8220;, afirma H\u00e9l\u00e8ne Gariba, directora de RAJA MEDIA.<\/p>\n<p>&#8220;<em>Esta combinaci\u00f3n de previsi\u00f3n tecnol\u00f3gica, disponibilidad funcional y una buena base para la comunicaci\u00f3n entre nosotros fue importante para nosotros cuando hicimos nuestra selecci\u00f3n<\/em>&#8220;, a\u00f1ade Lionel Moraux, Director de TI. Para el futuro se han previsto otros proyectos conjuntos, como la individualizaci\u00f3n automatizada (enfoque uno a uno) y el Online Marketing Suite (contenido en l\u00ednea simplemente creado, publicado y distribuido).<\/p>\n<p>&#8220;<em>Estamos muy contentos de haber ganado el Grupo RAJA despu\u00e9s de este largo e intenso proceso de selecci\u00f3n. No s\u00f3lo la empresa encaja perfectamente en nuestro portafolio, sino que el equipo tambi\u00e9n trabaja perfectamente en conjunto &#8211; y este es conocido como uno de los factores de \u00e9xito para las implementaciones de software. Adem\u00e1s, con RAJA hemos creado una buena base para un mayor crecimiento en el mercado franc\u00e9s; en 2016, la fundaci\u00f3n de una filial correspondiente est\u00e1 pendiente<\/em>&#8220;, dice Benjamin Ferreau, Director General de Comosoft GmbH.<\/p>\n<p>[\/vc_column_text][\/vc_column][\/vc_row]<\/p>\n<\/div>","protected":false},"excerpt":{"rendered":"<p>[vc_row][vc_column width=&#8221;1\/1&#8243;][vc_column_text] Comosoft, proveedor l\u00edder de software de producci\u00f3n de medios PIM y multicanal, gana el primer puesto en Europa [&hellip;]<\/p>\n","protected":false},"author":103,"featured_media":0,"parent":0,"menu_order":0,"comment_status":"closed","ping_status":"closed","template":"","meta":{"footnotes":""},"class_list":["post-11809","page","type-page","status-publish","hentry"],"yoast_head":"<!-- This site is optimized with the Yoast SEO plugin v27.3 - https:\/\/yoast.com\/product\/yoast-seo-wordpress\/ -->\n<title>Comunicado de prensa RAJA \/ Comosoft<\/title>\n<meta name=\"description\" content=\"Comunicado de prensa RAJA: Comosoft, proveedor l\u00edder de software de producci\u00f3n de medios PIM y multicanal, gana el primer puesto en Europa como proveedor de embalaje, Grupo RAJA.\" \/>\n<meta name=\"robots\" content=\"index, follow, max-snippet:-1, max-image-preview:large, max-video-preview:-1\" \/>\n<link rel=\"canonical\" href=\"https:\/\/www.comosoft.eu\/es\/comunicado-de-prensa-raja\/\" \/>\n<meta property=\"og:locale\" content=\"es_ES\" \/>\n<meta property=\"og:type\" content=\"article\" \/>\n<meta property=\"og:title\" content=\"Comunicado de prensa RAJA \/ Comosoft\" \/>\n<meta property=\"og:description\" content=\"Comunicado de prensa RAJA: Comosoft, proveedor l\u00edder de software de producci\u00f3n de medios PIM y multicanal, gana el primer puesto en Europa como proveedor de embalaje, Grupo RAJA.\" \/>\n<meta property=\"og:url\" content=\"https:\/\/www.comosoft.eu\/es\/comunicado-de-prensa-raja\/\" \/>\n<meta property=\"og:site_name\" content=\"Comosoft\" \/>\n<meta property=\"article:modified_time\" content=\"2019-04-24T09:24:53+00:00\" \/>\n<meta property=\"og:image\" content=\"https:\/\/www.comosoft.eu\/wp-content\/uploads\/2021\/01\/Digital-publishing.jpg\" \/>\n\t<meta property=\"og:image:width\" content=\"2000\" \/>\n\t<meta property=\"og:image:height\" content=\"1334\" \/>\n\t<meta property=\"og:image:type\" content=\"image\/jpeg\" \/>\n<meta name=\"twitter:card\" content=\"summary_large_image\" \/>\n<!-- \/ Yoast SEO plugin. -->","yoast_head_json":{"title":"Comunicado de prensa RAJA \/ Comosoft","description":"Comunicado de prensa RAJA: Comosoft, proveedor l\u00edder de software de producci\u00f3n de medios PIM y multicanal, gana el primer puesto en Europa como proveedor de embalaje, Grupo RAJA.","robots":{"index":"index","follow":"follow","max-snippet":"max-snippet:-1","max-image-preview":"max-image-preview:large","max-video-preview":"max-video-preview:-1"},"canonical":"https:\/\/www.comosoft.eu\/es\/comunicado-de-prensa-raja\/","og_locale":"es_ES","og_type":"article","og_title":"Comunicado de prensa RAJA \/ Comosoft","og_description":"Comunicado de prensa RAJA: Comosoft, proveedor l\u00edder de software de producci\u00f3n de medios PIM y multicanal, gana el primer puesto en Europa como proveedor de embalaje, Grupo RAJA.","og_url":"https:\/\/www.comosoft.eu\/es\/comunicado-de-prensa-raja\/","og_site_name":"Comosoft","article_modified_time":"2019-04-24T09:24:53+00:00","og_image":[{"width":2000,"height":1334,"url":"https:\/\/www.comosoft.eu\/wp-content\/uploads\/2021\/01\/Digital-publishing.jpg","type":"image\/jpeg"}],"twitter_card":"summary_large_image","schema":{"@context":"https:\/\/schema.org","@graph":[{"@type":"WebPage","@id":"https:\/\/www.comosoft.eu\/es\/comunicado-de-prensa-raja\/","url":"https:\/\/www.comosoft.eu\/es\/comunicado-de-prensa-raja\/","name":"Comunicado de prensa RAJA \/ Comosoft","isPartOf":{"@id":"https:\/\/www.comosoft.eu\/es\/#website"},"datePublished":"2019-03-14T10:28:23+00:00","dateModified":"2019-04-24T09:24:53+00:00","description":"Comunicado de prensa RAJA: Comosoft, proveedor l\u00edder de software de producci\u00f3n de medios PIM y multicanal, gana el primer puesto en Europa como proveedor de embalaje, Grupo RAJA.","breadcrumb":{"@id":"https:\/\/www.comosoft.eu\/es\/comunicado-de-prensa-raja\/#breadcrumb"},"inLanguage":"es","potentialAction":[{"@type":"ReadAction","target":["https:\/\/www.comosoft.eu\/es\/comunicado-de-prensa-raja\/"]}]},{"@type":"BreadcrumbList","@id":"https:\/\/www.comosoft.eu\/es\/comunicado-de-prensa-raja\/#breadcrumb","itemListElement":[{"@type":"ListItem","position":1,"name":"Home","item":"https:\/\/www.comosoft.eu\/es\/"},{"@type":"ListItem","position":2,"name":"Comunicado de prensa RAJA"}]},{"@type":"WebSite","@id":"https:\/\/www.comosoft.eu\/es\/#website","url":"https:\/\/www.comosoft.eu\/es\/","name":"Comosoft","description":"Multichannel Solutions","publisher":{"@id":"https:\/\/www.comosoft.eu\/es\/#organization"},"potentialAction":[{"@type":"SearchAction","target":{"@type":"EntryPoint","urlTemplate":"https:\/\/www.comosoft.eu\/es\/?s={search_term_string}"},"query-input":{"@type":"PropertyValueSpecification","valueRequired":true,"valueName":"search_term_string"}}],"inLanguage":"es"},{"@type":"Organization","@id":"https:\/\/www.comosoft.eu\/es\/#organization","name":"Comosoft GmbH","alternateName":"Multichannel Solutions","url":"https:\/\/www.comosoft.eu\/es\/","logo":{"@type":"ImageObject","inLanguage":"es","@id":"https:\/\/www.comosoft.eu\/es\/#\/schema\/logo\/image\/","url":"https:\/\/www.comosoft.eu\/wp-content\/uploads\/2021\/01\/Comosoft-Logo463.png","contentUrl":"https:\/\/www.comosoft.eu\/wp-content\/uploads\/2021\/01\/Comosoft-Logo463.png","width":1654,"height":337,"caption":"Comosoft GmbH"},"image":{"@id":"https:\/\/www.comosoft.eu\/es\/#\/schema\/logo\/image\/"},"sameAs":["https:\/\/de.linkedin.com\/company\/comosoft?original_referer=httpswww.google.com"]}]}},"_links":{"self":[{"href":"https:\/\/www.comosoft.eu\/es\/wp-json\/wp\/v2\/pages\/11809","targetHints":{"allow":["GET"]}}],"collection":[{"href":"https:\/\/www.comosoft.eu\/es\/wp-json\/wp\/v2\/pages"}],"about":[{"href":"https:\/\/www.comosoft.eu\/es\/wp-json\/wp\/v2\/types\/page"}],"author":[{"embeddable":true,"href":"https:\/\/www.comosoft.eu\/es\/wp-json\/wp\/v2\/users\/103"}],"replies":[{"embeddable":true,"href":"https:\/\/www.comosoft.eu\/es\/wp-json\/wp\/v2\/comments?post=11809"}],"version-history":[{"count":2,"href":"https:\/\/www.comosoft.eu\/es\/wp-json\/wp\/v2\/pages\/11809\/revisions"}],"predecessor-version":[{"id":11811,"href":"https:\/\/www.comosoft.eu\/es\/wp-json\/wp\/v2\/pages\/11809\/revisions\/11811"}],"wp:attachment":[{"href":"https:\/\/www.comosoft.eu\/es\/wp-json\/wp\/v2\/media?parent=11809"}],"curies":[{"name":"wp","href":"https:\/\/api.w.org\/{rel}","templated":true}]}}