{"id":11801,"date":"2019-02-07T12:24:17","date_gmt":"2019-02-07T11:24:17","guid":{"rendered":"https:\/\/www.comosoft.com\/?page_id=11801"},"modified":"2019-04-25T08:48:06","modified_gmt":"2019-04-25T06:48:06","slug":"comunicado-de-prensa-magalog","status":"publish","type":"page","link":"https:\/\/www.comosoft.eu\/es\/comunicado-de-prensa-magalog\/","title":{"rendered":"Comunicado de prensa  Magalog"},"content":{"rendered":"<div class=\"wpb-content-wrapper\"><p>[vc_row][vc_column width=&#8221;1\/1&#8243;][vc_column_text]<\/p>\n<h1>La impresi\u00f3n est\u00e1 lejos de estar muerta, \u00a1pero est\u00e1 cambiando! C\u00f3mo la revista y el cat\u00e1logo se convierten en el &#8220;Magalog&#8221;<\/h1>\n<p><strong>ShipIt Days 2015: Comosoft GmbH y ppi Media utilizan 24 horas para convertir dos carteras de productos en una sola visi\u00f3n y vincular sistemas editoriales y PIM. Creatividad en acci\u00f3n: Comosoft GmbH y ppi Media desarrollan &#8220;Magalog-Prototyp&#8221; (prototipo Magalog)<\/strong><\/p>\n<p><strong>Hamburgo, 01.06.2015<\/strong> &#8211; 24 horas, 60 participantes, 16 equipos y muchos buenos conceptos. &#8220;Small &#8211; Sharp &#8211; Smart&#8221; fue el lema del segundo ShipIt Day en ppi Media los d\u00edas 7 y 8 de mayo. Concretamente, esto significaba poner en pr\u00e1ctica las propias ideas del proyecto, en tan s\u00f3lo 24 horas, con una presentaci\u00f3n final en una presentaci\u00f3n de 4 minutos. El resultado es, entre otras cosas, la exitosa conexi\u00f3n de sistemas editoriales para la producci\u00f3n de revistas (ppi Media) y para PIM &amp; Multichannel Publishing Systems para la producci\u00f3n de cat\u00e1logos (Comosoft GmbH) con el &#8220;Magalog&#8221;. Gracias a la combinaci\u00f3n de los conocimientos de la industria en los sectores editorial y minorista y los a\u00f1os de experiencia en el desarrollo de software, ppi Media y Comosoft han logrado combinar sus productos conceptual y tecnol\u00f3gicamente en 24 horas. Al final de los ShipIt Days, el prototipo &#8220;Magalog&#8221; ya habr\u00e1 hecho posible que los editores accedan a los componentes PIM de Comosoft GmbH al crear p\u00e1ginas editoriales y que los minoristas tengan acceso a las ventajas editoriales de los productos ppi Media al crear cat\u00e1logos. Una mirada al mercado y a los grupos objetivo de la cl\u00e1sica venta por correo confirma esta fusi\u00f3n. La combinaci\u00f3n de contenido editorial con informaci\u00f3n relacionada con el producto refleja una tendencia que se adapta a las necesidades de los consumidores y a sus decisiones de compra. As\u00ed es posible influir positivamente en la compra de un producto a trav\u00e9s del uso del &#8220;Magalog&#8221;, para fortalecer al cliente y aumentar las cifras de ventas.<\/p>\n<p>[\/vc_column_text][\/vc_column][\/vc_row]<\/p>\n<\/div>","protected":false},"excerpt":{"rendered":"<p>[vc_row][vc_column width=&#8221;1\/1&#8243;][vc_column_text] La impresi\u00f3n est\u00e1 lejos de estar muerta, \u00a1pero est\u00e1 cambiando! C\u00f3mo la revista y el cat\u00e1logo se convierten [&hellip;]<\/p>\n","protected":false},"author":103,"featured_media":0,"parent":0,"menu_order":0,"comment_status":"closed","ping_status":"closed","template":"","meta":{"footnotes":""},"class_list":["post-11801","page","type-page","status-publish","hentry"],"yoast_head":"<!-- This site is optimized with the Yoast SEO plugin v27.3 - https:\/\/yoast.com\/product\/yoast-seo-wordpress\/ -->\n<title>Comunicado de prensa Magalog \/ Comosoft<\/title>\n<meta name=\"description\" content=\"Comunicado de prensa Magalog: La impresi\u00f3n est\u00e1 lejos de estar muerta, \u00a1pero est\u00e1 cambiando! C\u00f3mo la revista y el cat\u00e1logo se convierten en el &quot;Magalog&quot; ShipIt Days 2015: Comosoft GmbH\" \/>\n<meta name=\"robots\" content=\"index, follow, max-snippet:-1, max-image-preview:large, max-video-preview:-1\" \/>\n<link rel=\"canonical\" href=\"https:\/\/www.comosoft.eu\/es\/comunicado-de-prensa-magalog\/\" \/>\n<meta property=\"og:locale\" content=\"es_ES\" \/>\n<meta property=\"og:type\" content=\"article\" \/>\n<meta property=\"og:title\" content=\"Comunicado de prensa Magalog \/ Comosoft\" \/>\n<meta property=\"og:description\" content=\"Comunicado de prensa Magalog: La impresi\u00f3n est\u00e1 lejos de estar muerta, \u00a1pero est\u00e1 cambiando! C\u00f3mo la revista y el cat\u00e1logo se convierten en el &quot;Magalog&quot; ShipIt Days 2015: Comosoft GmbH\" \/>\n<meta property=\"og:url\" content=\"https:\/\/www.comosoft.eu\/es\/comunicado-de-prensa-magalog\/\" \/>\n<meta property=\"og:site_name\" content=\"Comosoft\" \/>\n<meta property=\"article:modified_time\" content=\"2019-04-25T06:48:06+00:00\" \/>\n<meta property=\"og:image\" content=\"https:\/\/www.comosoft.eu\/wp-content\/uploads\/2021\/01\/Digital-publishing.jpg\" \/>\n\t<meta property=\"og:image:width\" content=\"2000\" \/>\n\t<meta property=\"og:image:height\" content=\"1334\" \/>\n\t<meta property=\"og:image:type\" content=\"image\/jpeg\" \/>\n<meta name=\"twitter:card\" content=\"summary_large_image\" \/>\n<!-- \/ Yoast SEO plugin. -->","yoast_head_json":{"title":"Comunicado de prensa Magalog \/ Comosoft","description":"Comunicado de prensa Magalog: La impresi\u00f3n est\u00e1 lejos de estar muerta, \u00a1pero est\u00e1 cambiando! C\u00f3mo la revista y el cat\u00e1logo se convierten en el \"Magalog\" ShipIt Days 2015: Comosoft GmbH","robots":{"index":"index","follow":"follow","max-snippet":"max-snippet:-1","max-image-preview":"max-image-preview:large","max-video-preview":"max-video-preview:-1"},"canonical":"https:\/\/www.comosoft.eu\/es\/comunicado-de-prensa-magalog\/","og_locale":"es_ES","og_type":"article","og_title":"Comunicado de prensa Magalog \/ Comosoft","og_description":"Comunicado de prensa Magalog: La impresi\u00f3n est\u00e1 lejos de estar muerta, \u00a1pero est\u00e1 cambiando! C\u00f3mo la revista y el cat\u00e1logo se convierten en el \"Magalog\" ShipIt Days 2015: Comosoft GmbH","og_url":"https:\/\/www.comosoft.eu\/es\/comunicado-de-prensa-magalog\/","og_site_name":"Comosoft","article_modified_time":"2019-04-25T06:48:06+00:00","og_image":[{"width":2000,"height":1334,"url":"https:\/\/www.comosoft.eu\/wp-content\/uploads\/2021\/01\/Digital-publishing.jpg","type":"image\/jpeg"}],"twitter_card":"summary_large_image","schema":{"@context":"https:\/\/schema.org","@graph":[{"@type":"WebPage","@id":"https:\/\/www.comosoft.eu\/es\/comunicado-de-prensa-magalog\/","url":"https:\/\/www.comosoft.eu\/es\/comunicado-de-prensa-magalog\/","name":"Comunicado de prensa Magalog \/ Comosoft","isPartOf":{"@id":"https:\/\/www.comosoft.eu\/es\/#website"},"datePublished":"2019-02-07T11:24:17+00:00","dateModified":"2019-04-25T06:48:06+00:00","description":"Comunicado de prensa Magalog: La impresi\u00f3n est\u00e1 lejos de estar muerta, \u00a1pero est\u00e1 cambiando! C\u00f3mo la revista y el cat\u00e1logo se convierten en el \"Magalog\" ShipIt Days 2015: Comosoft GmbH","breadcrumb":{"@id":"https:\/\/www.comosoft.eu\/es\/comunicado-de-prensa-magalog\/#breadcrumb"},"inLanguage":"es","potentialAction":[{"@type":"ReadAction","target":["https:\/\/www.comosoft.eu\/es\/comunicado-de-prensa-magalog\/"]}]},{"@type":"BreadcrumbList","@id":"https:\/\/www.comosoft.eu\/es\/comunicado-de-prensa-magalog\/#breadcrumb","itemListElement":[{"@type":"ListItem","position":1,"name":"Home","item":"https:\/\/www.comosoft.eu\/es\/"},{"@type":"ListItem","position":2,"name":"Comunicado de prensa Magalog"}]},{"@type":"WebSite","@id":"https:\/\/www.comosoft.eu\/es\/#website","url":"https:\/\/www.comosoft.eu\/es\/","name":"Comosoft","description":"Multichannel Solutions","publisher":{"@id":"https:\/\/www.comosoft.eu\/es\/#organization"},"potentialAction":[{"@type":"SearchAction","target":{"@type":"EntryPoint","urlTemplate":"https:\/\/www.comosoft.eu\/es\/?s={search_term_string}"},"query-input":{"@type":"PropertyValueSpecification","valueRequired":true,"valueName":"search_term_string"}}],"inLanguage":"es"},{"@type":"Organization","@id":"https:\/\/www.comosoft.eu\/es\/#organization","name":"Comosoft GmbH","alternateName":"Multichannel Solutions","url":"https:\/\/www.comosoft.eu\/es\/","logo":{"@type":"ImageObject","inLanguage":"es","@id":"https:\/\/www.comosoft.eu\/es\/#\/schema\/logo\/image\/","url":"https:\/\/www.comosoft.eu\/wp-content\/uploads\/2021\/01\/Comosoft-Logo463.png","contentUrl":"https:\/\/www.comosoft.eu\/wp-content\/uploads\/2021\/01\/Comosoft-Logo463.png","width":1654,"height":337,"caption":"Comosoft GmbH"},"image":{"@id":"https:\/\/www.comosoft.eu\/es\/#\/schema\/logo\/image\/"},"sameAs":["https:\/\/de.linkedin.com\/company\/comosoft?original_referer=httpswww.google.com"]}]}},"_links":{"self":[{"href":"https:\/\/www.comosoft.eu\/es\/wp-json\/wp\/v2\/pages\/11801","targetHints":{"allow":["GET"]}}],"collection":[{"href":"https:\/\/www.comosoft.eu\/es\/wp-json\/wp\/v2\/pages"}],"about":[{"href":"https:\/\/www.comosoft.eu\/es\/wp-json\/wp\/v2\/types\/page"}],"author":[{"embeddable":true,"href":"https:\/\/www.comosoft.eu\/es\/wp-json\/wp\/v2\/users\/103"}],"replies":[{"embeddable":true,"href":"https:\/\/www.comosoft.eu\/es\/wp-json\/wp\/v2\/comments?post=11801"}],"version-history":[{"count":3,"href":"https:\/\/www.comosoft.eu\/es\/wp-json\/wp\/v2\/pages\/11801\/revisions"}],"predecessor-version":[{"id":11805,"href":"https:\/\/www.comosoft.eu\/es\/wp-json\/wp\/v2\/pages\/11801\/revisions\/11805"}],"wp:attachment":[{"href":"https:\/\/www.comosoft.eu\/es\/wp-json\/wp\/v2\/media?parent=11801"}],"curies":[{"name":"wp","href":"https:\/\/api.w.org\/{rel}","templated":true}]}}