{"id":11798,"date":"2019-03-14T12:35:42","date_gmt":"2019-03-14T11:35:42","guid":{"rendered":"https:\/\/www.comosoft.com\/?page_id=11798"},"modified":"2019-04-24T11:24:25","modified_gmt":"2019-04-24T09:24:25","slug":"comunicado-de-prensa-hawesko","status":"publish","type":"page","link":"https:\/\/www.comosoft.eu\/es\/comunicado-de-prensa-hawesko\/","title":{"rendered":"Comunicado de prensa  Hawesko"},"content":{"rendered":"<div class=\"wpb-content-wrapper\"><p>[vc_row][vc_column width=&#8221;1\/1&#8243;][vc_column_text]<\/p>\n<h1>Comosoft&#8217;encanta&#8217; a HAWESKO en la producci\u00f3n de medios &#8211; HAWESKO apuesta por LAGO4<\/h1>\n<p><strong>El principal proveedor alem\u00e1n de vinos y champagnes de alta calidad confiar\u00e1 en el futuro en Comosoft GmbH en el \u00e1rea de PIM y sistemas de producci\u00f3n de medios multicanal. Estructurado, r\u00e1pido, flexible y multicanal &#8211; Hawesko conf\u00eda en el software LAGO4 de Comosoft en las disciplinas de PIM (Product Information Management), MAM (Media Asset Management) y salida multicanal para asegurar un flujo continuo de informaci\u00f3n a trav\u00e9s de todos los canales de venta.<\/strong><\/p>\n<p><strong>Hamburgo\/Tornesch, marzo de 2016<\/strong> &#8211; Con la soluci\u00f3n de software LAGO4 de Comosoft, Hawesko GmbH ha elegido uno de los sistemas de producci\u00f3n de medios multicanal y PIM l\u00edderes en el mundo. Hawesko conf\u00eda en la tecnolog\u00eda multicanal: impresa, en l\u00ednea, m\u00f3vil y en los medios sociales. Para ampliar a\u00fan m\u00e1s este enfoque y las actividades multicanal asociadas, Hawesko se ha puesto en marcha en busca de un proveedor adecuado en el entorno PIM\/MAM y multicanal.<br \/>\nLa atenci\u00f3n se centr\u00f3 en un software que cumple tres objetivos estrat\u00e9gicos clave:<\/p>\n<ul>\n<li>Tiempo 2 Mercado<\/li>\n<li>Individualizaci\u00f3n de toda la producci\u00f3n medi\u00e1tica<\/li>\n<li>Desarrollo de nuevos canales<\/li>\n<\/ul>\n<p>LAGO4 ofrece una combinaci\u00f3n de un sistema PIM y MAM completo en el n\u00facleo, as\u00ed como una exportaci\u00f3n totalmente integrada al programa de autoedici\u00f3n InDesign y, por lo tanto, cumple exactamente las expectativas de Hawesko. Con la potente &#8220;pizarra&#8221;, Comosoft ofrece a los jefes de producto una herramienta para planificar los productos de forma r\u00e1pida y eficaz a trav\u00e9s de la funci\u00f3n de arrastrar y soltar, no s\u00f3lo en las p\u00e1ginas del cat\u00e1logo, sino tambi\u00e9n para controlar todas las actividades multicanal. El departamento de comercio electr\u00f3nico utilizar\u00e1 la planificaci\u00f3n de medios para estructurar y organizar todas sus tiendas web y, en \u00faltima instancia, finalizarlas en las categor\u00edas deseadas en forma de alimentaci\u00f3n de productos. LAGO4 tambi\u00e9n ofrece un cliente gordo y un cliente web 100% id\u00e9ntico. Esto significa que cada departamento puede trabajar en la forma deseada y el acceso tambi\u00e9n es ilimitado cuando est\u00e1 en movimiento. &#8220;Despu\u00e9s de una b\u00fasqueda intensiva, elegimos Comosoft y esperamos trabajar con un socio innovador que sea capaz de impulsarnos en t\u00e9rminos de optimizaci\u00f3n de procesos y competitividad&#8221;, dice Ina Dittmann, Gerente de Proyectos de Hawesko.<br \/>\nSiempre hemos cre\u00eddo en ofrecer a Hawesko los ingredientes adecuados en forma de m\u00f3dulos de software &#8211; llamamos al proyecto &#8220;La poci\u00f3n m\u00e1gica de la producci\u00f3n de medios&#8221;. Con mayor raz\u00f3n nos alegramos con Hawesko despu\u00e9s de este intenso proceso de selecci\u00f3n&#8221;, explica Benjamin Ferreau, Director General de Comosoft GmbH.<br \/>\nHawesko y Comosoft tambi\u00e9n est\u00e1n planificando otros proyectos conjuntos en el futuro, que abordar\u00e1n los temas de la individualizaci\u00f3n automatizada (enfoque One2One) y el despliegue de otros conceptos sobre la base de los conocimientos adquiridos.<\/p>\n<p>[\/vc_column_text][\/vc_column][\/vc_row]<\/p>\n<\/div>","protected":false},"excerpt":{"rendered":"<p>[vc_row][vc_column width=&#8221;1\/1&#8243;][vc_column_text] Comosoft&#8217;encanta&#8217; a HAWESKO en la producci\u00f3n de medios &#8211; HAWESKO apuesta por LAGO4 El principal proveedor alem\u00e1n de [&hellip;]<\/p>\n","protected":false},"author":103,"featured_media":0,"parent":0,"menu_order":0,"comment_status":"closed","ping_status":"closed","template":"","meta":{"footnotes":""},"class_list":["post-11798","page","type-page","status-publish","hentry"],"yoast_head":"<!-- This site is optimized with the Yoast SEO plugin v27.3 - https:\/\/yoast.com\/product\/yoast-seo-wordpress\/ -->\n<title>Comunicado de prensa Hawesko \/ Comosoft<\/title>\n<meta name=\"description\" content=\"Comunicado de prensa Hawesko: Comosoft&#039;encanta&#039; a HAWESKO en la producci\u00f3n de medios - HAWESKO apuesta por LAGO4 El principal proveedor alem\u00e1n de vinos y champagnes de alta calidad\" \/>\n<meta name=\"robots\" content=\"index, follow, max-snippet:-1, max-image-preview:large, max-video-preview:-1\" \/>\n<link rel=\"canonical\" href=\"https:\/\/www.comosoft.eu\/es\/comunicado-de-prensa-hawesko\/\" \/>\n<meta property=\"og:locale\" content=\"es_ES\" \/>\n<meta property=\"og:type\" content=\"article\" \/>\n<meta property=\"og:title\" content=\"Comunicado de prensa Hawesko \/ Comosoft\" \/>\n<meta property=\"og:description\" content=\"Comunicado de prensa Hawesko: Comosoft&#039;encanta&#039; a HAWESKO en la producci\u00f3n de medios - HAWESKO apuesta por LAGO4 El principal proveedor alem\u00e1n de vinos y champagnes de alta calidad\" \/>\n<meta property=\"og:url\" content=\"https:\/\/www.comosoft.eu\/es\/comunicado-de-prensa-hawesko\/\" \/>\n<meta property=\"og:site_name\" content=\"Comosoft\" \/>\n<meta property=\"article:modified_time\" content=\"2019-04-24T09:24:25+00:00\" \/>\n<meta property=\"og:image\" content=\"https:\/\/www.comosoft.eu\/wp-content\/uploads\/2021\/01\/Digital-publishing.jpg\" \/>\n\t<meta property=\"og:image:width\" content=\"2000\" \/>\n\t<meta property=\"og:image:height\" content=\"1334\" \/>\n\t<meta property=\"og:image:type\" content=\"image\/jpeg\" \/>\n<meta name=\"twitter:card\" content=\"summary_large_image\" \/>\n<!-- \/ Yoast SEO plugin. -->","yoast_head_json":{"title":"Comunicado de prensa Hawesko \/ Comosoft","description":"Comunicado de prensa Hawesko: Comosoft'encanta' a HAWESKO en la producci\u00f3n de medios - HAWESKO apuesta por LAGO4 El principal proveedor alem\u00e1n de vinos y champagnes de alta calidad","robots":{"index":"index","follow":"follow","max-snippet":"max-snippet:-1","max-image-preview":"max-image-preview:large","max-video-preview":"max-video-preview:-1"},"canonical":"https:\/\/www.comosoft.eu\/es\/comunicado-de-prensa-hawesko\/","og_locale":"es_ES","og_type":"article","og_title":"Comunicado de prensa Hawesko \/ Comosoft","og_description":"Comunicado de prensa Hawesko: Comosoft'encanta' a HAWESKO en la producci\u00f3n de medios - HAWESKO apuesta por LAGO4 El principal proveedor alem\u00e1n de vinos y champagnes de alta calidad","og_url":"https:\/\/www.comosoft.eu\/es\/comunicado-de-prensa-hawesko\/","og_site_name":"Comosoft","article_modified_time":"2019-04-24T09:24:25+00:00","og_image":[{"width":2000,"height":1334,"url":"https:\/\/www.comosoft.eu\/wp-content\/uploads\/2021\/01\/Digital-publishing.jpg","type":"image\/jpeg"}],"twitter_card":"summary_large_image","schema":{"@context":"https:\/\/schema.org","@graph":[{"@type":"WebPage","@id":"https:\/\/www.comosoft.eu\/es\/comunicado-de-prensa-hawesko\/","url":"https:\/\/www.comosoft.eu\/es\/comunicado-de-prensa-hawesko\/","name":"Comunicado de prensa Hawesko \/ Comosoft","isPartOf":{"@id":"https:\/\/www.comosoft.eu\/es\/#website"},"datePublished":"2019-03-14T11:35:42+00:00","dateModified":"2019-04-24T09:24:25+00:00","description":"Comunicado de prensa Hawesko: Comosoft'encanta' a HAWESKO en la producci\u00f3n de medios - HAWESKO apuesta por LAGO4 El principal proveedor alem\u00e1n de vinos y champagnes de alta calidad","breadcrumb":{"@id":"https:\/\/www.comosoft.eu\/es\/comunicado-de-prensa-hawesko\/#breadcrumb"},"inLanguage":"es","potentialAction":[{"@type":"ReadAction","target":["https:\/\/www.comosoft.eu\/es\/comunicado-de-prensa-hawesko\/"]}]},{"@type":"BreadcrumbList","@id":"https:\/\/www.comosoft.eu\/es\/comunicado-de-prensa-hawesko\/#breadcrumb","itemListElement":[{"@type":"ListItem","position":1,"name":"Home","item":"https:\/\/www.comosoft.eu\/es\/"},{"@type":"ListItem","position":2,"name":"Comunicado de prensa Hawesko"}]},{"@type":"WebSite","@id":"https:\/\/www.comosoft.eu\/es\/#website","url":"https:\/\/www.comosoft.eu\/es\/","name":"Comosoft","description":"Multichannel Solutions","publisher":{"@id":"https:\/\/www.comosoft.eu\/es\/#organization"},"potentialAction":[{"@type":"SearchAction","target":{"@type":"EntryPoint","urlTemplate":"https:\/\/www.comosoft.eu\/es\/?s={search_term_string}"},"query-input":{"@type":"PropertyValueSpecification","valueRequired":true,"valueName":"search_term_string"}}],"inLanguage":"es"},{"@type":"Organization","@id":"https:\/\/www.comosoft.eu\/es\/#organization","name":"Comosoft GmbH","alternateName":"Multichannel Solutions","url":"https:\/\/www.comosoft.eu\/es\/","logo":{"@type":"ImageObject","inLanguage":"es","@id":"https:\/\/www.comosoft.eu\/es\/#\/schema\/logo\/image\/","url":"https:\/\/www.comosoft.eu\/wp-content\/uploads\/2021\/01\/Comosoft-Logo463.png","contentUrl":"https:\/\/www.comosoft.eu\/wp-content\/uploads\/2021\/01\/Comosoft-Logo463.png","width":1654,"height":337,"caption":"Comosoft GmbH"},"image":{"@id":"https:\/\/www.comosoft.eu\/es\/#\/schema\/logo\/image\/"},"sameAs":["https:\/\/de.linkedin.com\/company\/comosoft?original_referer=httpswww.google.com"]}]}},"_links":{"self":[{"href":"https:\/\/www.comosoft.eu\/es\/wp-json\/wp\/v2\/pages\/11798","targetHints":{"allow":["GET"]}}],"collection":[{"href":"https:\/\/www.comosoft.eu\/es\/wp-json\/wp\/v2\/pages"}],"about":[{"href":"https:\/\/www.comosoft.eu\/es\/wp-json\/wp\/v2\/types\/page"}],"author":[{"embeddable":true,"href":"https:\/\/www.comosoft.eu\/es\/wp-json\/wp\/v2\/users\/103"}],"replies":[{"embeddable":true,"href":"https:\/\/www.comosoft.eu\/es\/wp-json\/wp\/v2\/comments?post=11798"}],"version-history":[{"count":2,"href":"https:\/\/www.comosoft.eu\/es\/wp-json\/wp\/v2\/pages\/11798\/revisions"}],"predecessor-version":[{"id":11800,"href":"https:\/\/www.comosoft.eu\/es\/wp-json\/wp\/v2\/pages\/11798\/revisions\/11800"}],"wp:attachment":[{"href":"https:\/\/www.comosoft.eu\/es\/wp-json\/wp\/v2\/media?parent=11798"}],"curies":[{"name":"wp","href":"https:\/\/api.w.org\/{rel}","templated":true}]}}