{"id":11794,"date":"2019-02-07T12:12:04","date_gmt":"2019-02-07T11:12:04","guid":{"rendered":"https:\/\/www.comosoft.com\/?page_id=11794"},"modified":"2019-04-25T08:47:32","modified_gmt":"2019-04-25T06:47:32","slug":"comunicado-de-prensa-brandlabel","status":"publish","type":"page","link":"https:\/\/www.comosoft.eu\/es\/comunicado-de-prensa-brandlabel\/","title":{"rendered":"Comunicado de prensa  Brand&#038;Label"},"content":{"rendered":"<div class=\"wpb-content-wrapper\"><p>[vc_row][vc_column width=&#8221;1\/1&#8243;][vc_column_text]<\/p>\n<h1>Comosoft se expande en Sudam\u00e9rica<\/h1>\n<p>Comosoft contin\u00faa con \u00e9xito su internacionalizaci\u00f3n y encuentra a Brand&amp;Label como un socio adecuado para expandir el mercado latinoamericano.<br \/>\nLa agencia sudamericana de transformaci\u00f3n digital Brand&amp;Label SPA y Comosoft forman una fuerte cooperaci\u00f3n en Sudam\u00e9rica (mercado LATAM).<\/p>\n<p><strong>Hamburgo\/Chile, febrero de 2017:<\/strong> Comosoft, uno de los proveedores l\u00edderes de soluciones multicanal para los segmentos &#8220;Consumer Goods &amp; Retail&#8221;, &#8220;Mail Order &amp; E-Commerce&#8221; e &#8220;Industry&#8221;, contin\u00faa la internacionalizaci\u00f3n iniciada con \u00e9xito hace m\u00e1s de 16 a\u00f1os y encuentra el socio perfecto en Brand&amp;Label. El objetivo es apoyar activamente a las empresas del mercado latinoamericano tanto en la transformaci\u00f3n digital como en el comercio omnicanal.<\/p>\n<p>La entrada en el mercado norteamericano, que comenz\u00f3 hace m\u00e1s de 16 a\u00f1os, constituye una buena base para ello: las principales agencias estadounidenses, as\u00ed como los mayores minoristas del mundo (como Sears, Lowe&#8217;s, Walgreens, BassPro) de una amplia variedad de segmentos, conf\u00edan en la competencia tecnol\u00f3gica de Comosoft GmbH. En el curso de su entrada en el mercado norteamericano, una importante y exitosa empresa comercializadora ya ha sido ganada para Cosm\u00e9ticos en Sudam\u00e9rica (Per\u00fa).<\/p>\n<p>La cooperaci\u00f3n con Brand&amp;Label es un paso l\u00f3gico e importante para ampliar a\u00fan m\u00e1s este futuro mercado. Brand&amp;Label juega un papel decisivo: s\u00f3lo as\u00ed se pueden cubrir de la mejor manera posible los deseos y necesidades locales de los clientes.<\/p>\n<p><strong>M\u00e1s que s\u00f3lo el idioma &#8211; know-how por excelencia<\/strong><\/p>\n<p>Un factor importante para tener \u00e9xito en el mercado LATAM como proveedor alem\u00e1n es superar la barrera del idioma &#8211; ning\u00fan software puede ser utilizado con \u00e9xito si no se implementa profesionalmente y con el conocimiento de la industria. Con Brand&amp;Label, Comosoft GmbH ha encontrado un equipo joven y din\u00e1mico que es capaz de hacer mucho m\u00e1s que s\u00f3lo idiomas nacionales. El equipo de Brand&amp;Label es experto en estrategias de digitalizaci\u00f3n. Saben exactamente c\u00f3mo ayudar a las empresas a ahorrar mucho tiempo y dinero en sus procesos de marketing &#8211; ahora tambi\u00e9n tienen las herramientas de software adecuadas en su cartera.<\/p>\n<p><strong>Pensar globalmente, actuar localmente<\/strong><\/p>\n<p>Comosoft quiere ahora llevar con \u00e9xito sus muchos a\u00f1os de experiencia en proyectos internacionales al mercado latinoamericano y, junto con su socio Brand&amp;Label SPA, explotar a\u00fan m\u00e1s el potencial de este mercado. Ambas compa\u00f1\u00edas comparten la pasi\u00f3n por la Transformaci\u00f3n Digital\/Comercio de Omnichannel, una mentalidad global y una ra\u00edz local para una implementaci\u00f3n exitosa.<\/p>\n<p>Benjamin Ferreau, Director General de Comosoft GmbH y responsable de Ventas y Marketing Global: &#8220;Estamos muy contentos de haber encontrado un socio en Brand&amp;Label para apoyar conjuntamente a las empresas en la transformaci\u00f3n digital. Reunimos lo mejor de ambos mundos, no s\u00f3lo tem\u00e1ticamente, sino tambi\u00e9n humanamente.<\/p>\n<p>Sebastian Hercovich, fundador y CEO de Brand&amp;Label: &#8220;Somos un equipo joven y din\u00e1mico que quiere ofrecer soluciones a las empresas para satisfacer las crecientes necesidades, para ello buscamos soluciones de expertos. Con Comosoft y el software LAGO, hemos encontrado el socio perfecto, experto en soluciones multicanal y gesti\u00f3n de informaci\u00f3n de productos. Estamos deseando trabajar con usted&#8221;.<\/p>\n<p>Traducci\u00f3n realizada con el traductor www.DeepL.com\/Translator<\/p>\n<p>[\/vc_column_text][\/vc_column][\/vc_row]<\/p>\n<\/div>","protected":false},"excerpt":{"rendered":"<p>[vc_row][vc_column width=&#8221;1\/1&#8243;][vc_column_text] Comosoft se expande en Sudam\u00e9rica Comosoft contin\u00faa con \u00e9xito su internacionalizaci\u00f3n y encuentra a Brand&amp;Label como un socio [&hellip;]<\/p>\n","protected":false},"author":103,"featured_media":0,"parent":0,"menu_order":0,"comment_status":"closed","ping_status":"closed","template":"","meta":{"footnotes":""},"class_list":["post-11794","page","type-page","status-publish","hentry"],"yoast_head":"<!-- This site is optimized with the Yoast SEO plugin v27.3 - https:\/\/yoast.com\/product\/yoast-seo-wordpress\/ -->\n<title>Comunicado de prensa Brand&amp;Label \/ Comosoft<\/title>\n<meta name=\"description\" content=\"Comunicado de prensa Brand&amp;Label: Comosoft se expande en Sudam\u00e9rica Comosoft contin\u00faa con \u00e9xito su internacionalizaci\u00f3n y encuentra a Brand&amp;Label como un socio adecuado para expandir\" \/>\n<meta name=\"robots\" content=\"index, follow, max-snippet:-1, max-image-preview:large, max-video-preview:-1\" \/>\n<link rel=\"canonical\" href=\"https:\/\/www.comosoft.eu\/es\/comunicado-de-prensa-brandlabel\/\" \/>\n<meta property=\"og:locale\" content=\"es_ES\" \/>\n<meta property=\"og:type\" content=\"article\" \/>\n<meta property=\"og:title\" content=\"Comunicado de prensa Brand&amp;Label \/ Comosoft\" \/>\n<meta property=\"og:description\" content=\"Comunicado de prensa Brand&amp;Label: Comosoft se expande en Sudam\u00e9rica Comosoft contin\u00faa con \u00e9xito su internacionalizaci\u00f3n y encuentra a Brand&amp;Label como un socio adecuado para expandir\" \/>\n<meta property=\"og:url\" content=\"https:\/\/www.comosoft.eu\/es\/comunicado-de-prensa-brandlabel\/\" \/>\n<meta property=\"og:site_name\" content=\"Comosoft\" \/>\n<meta property=\"article:modified_time\" content=\"2019-04-25T06:47:32+00:00\" \/>\n<meta property=\"og:image\" content=\"https:\/\/www.comosoft.eu\/wp-content\/uploads\/2021\/01\/Digital-publishing.jpg\" \/>\n\t<meta property=\"og:image:width\" content=\"2000\" \/>\n\t<meta property=\"og:image:height\" content=\"1334\" \/>\n\t<meta property=\"og:image:type\" content=\"image\/jpeg\" \/>\n<meta name=\"twitter:card\" content=\"summary_large_image\" \/>\n<!-- \/ Yoast SEO plugin. -->","yoast_head_json":{"title":"Comunicado de prensa Brand&Label \/ Comosoft","description":"Comunicado de prensa Brand&Label: Comosoft se expande en Sudam\u00e9rica Comosoft contin\u00faa con \u00e9xito su internacionalizaci\u00f3n y encuentra a Brand&amp;Label como un socio adecuado para expandir","robots":{"index":"index","follow":"follow","max-snippet":"max-snippet:-1","max-image-preview":"max-image-preview:large","max-video-preview":"max-video-preview:-1"},"canonical":"https:\/\/www.comosoft.eu\/es\/comunicado-de-prensa-brandlabel\/","og_locale":"es_ES","og_type":"article","og_title":"Comunicado de prensa Brand&Label \/ Comosoft","og_description":"Comunicado de prensa Brand&Label: Comosoft se expande en Sudam\u00e9rica Comosoft contin\u00faa con \u00e9xito su internacionalizaci\u00f3n y encuentra a Brand&amp;Label como un socio adecuado para expandir","og_url":"https:\/\/www.comosoft.eu\/es\/comunicado-de-prensa-brandlabel\/","og_site_name":"Comosoft","article_modified_time":"2019-04-25T06:47:32+00:00","og_image":[{"width":2000,"height":1334,"url":"https:\/\/www.comosoft.eu\/wp-content\/uploads\/2021\/01\/Digital-publishing.jpg","type":"image\/jpeg"}],"twitter_card":"summary_large_image","schema":{"@context":"https:\/\/schema.org","@graph":[{"@type":"WebPage","@id":"https:\/\/www.comosoft.eu\/es\/comunicado-de-prensa-brandlabel\/","url":"https:\/\/www.comosoft.eu\/es\/comunicado-de-prensa-brandlabel\/","name":"Comunicado de prensa Brand&Label \/ Comosoft","isPartOf":{"@id":"https:\/\/www.comosoft.eu\/es\/#website"},"datePublished":"2019-02-07T11:12:04+00:00","dateModified":"2019-04-25T06:47:32+00:00","description":"Comunicado de prensa Brand&Label: Comosoft se expande en Sudam\u00e9rica Comosoft contin\u00faa con \u00e9xito su internacionalizaci\u00f3n y encuentra a Brand&amp;Label como un socio adecuado para expandir","breadcrumb":{"@id":"https:\/\/www.comosoft.eu\/es\/comunicado-de-prensa-brandlabel\/#breadcrumb"},"inLanguage":"es","potentialAction":[{"@type":"ReadAction","target":["https:\/\/www.comosoft.eu\/es\/comunicado-de-prensa-brandlabel\/"]}]},{"@type":"BreadcrumbList","@id":"https:\/\/www.comosoft.eu\/es\/comunicado-de-prensa-brandlabel\/#breadcrumb","itemListElement":[{"@type":"ListItem","position":1,"name":"Home","item":"https:\/\/www.comosoft.eu\/es\/"},{"@type":"ListItem","position":2,"name":"Comunicado de prensa Brand&#038;Label"}]},{"@type":"WebSite","@id":"https:\/\/www.comosoft.eu\/es\/#website","url":"https:\/\/www.comosoft.eu\/es\/","name":"Comosoft","description":"Multichannel Solutions","publisher":{"@id":"https:\/\/www.comosoft.eu\/es\/#organization"},"potentialAction":[{"@type":"SearchAction","target":{"@type":"EntryPoint","urlTemplate":"https:\/\/www.comosoft.eu\/es\/?s={search_term_string}"},"query-input":{"@type":"PropertyValueSpecification","valueRequired":true,"valueName":"search_term_string"}}],"inLanguage":"es"},{"@type":"Organization","@id":"https:\/\/www.comosoft.eu\/es\/#organization","name":"Comosoft GmbH","alternateName":"Multichannel Solutions","url":"https:\/\/www.comosoft.eu\/es\/","logo":{"@type":"ImageObject","inLanguage":"es","@id":"https:\/\/www.comosoft.eu\/es\/#\/schema\/logo\/image\/","url":"https:\/\/www.comosoft.eu\/wp-content\/uploads\/2021\/01\/Comosoft-Logo463.png","contentUrl":"https:\/\/www.comosoft.eu\/wp-content\/uploads\/2021\/01\/Comosoft-Logo463.png","width":1654,"height":337,"caption":"Comosoft GmbH"},"image":{"@id":"https:\/\/www.comosoft.eu\/es\/#\/schema\/logo\/image\/"},"sameAs":["https:\/\/de.linkedin.com\/company\/comosoft?original_referer=httpswww.google.com"]}]}},"_links":{"self":[{"href":"https:\/\/www.comosoft.eu\/es\/wp-json\/wp\/v2\/pages\/11794","targetHints":{"allow":["GET"]}}],"collection":[{"href":"https:\/\/www.comosoft.eu\/es\/wp-json\/wp\/v2\/pages"}],"about":[{"href":"https:\/\/www.comosoft.eu\/es\/wp-json\/wp\/v2\/types\/page"}],"author":[{"embeddable":true,"href":"https:\/\/www.comosoft.eu\/es\/wp-json\/wp\/v2\/users\/103"}],"replies":[{"embeddable":true,"href":"https:\/\/www.comosoft.eu\/es\/wp-json\/wp\/v2\/comments?post=11794"}],"version-history":[{"count":3,"href":"https:\/\/www.comosoft.eu\/es\/wp-json\/wp\/v2\/pages\/11794\/revisions"}],"predecessor-version":[{"id":11797,"href":"https:\/\/www.comosoft.eu\/es\/wp-json\/wp\/v2\/pages\/11794\/revisions\/11797"}],"wp:attachment":[{"href":"https:\/\/www.comosoft.eu\/es\/wp-json\/wp\/v2\/media?parent=11794"}],"curies":[{"name":"wp","href":"https:\/\/api.w.org\/{rel}","templated":true}]}}